{"id":11409,"date":"2025-04-08T10:31:42","date_gmt":"2025-04-08T08:31:42","guid":{"rendered":"https:\/\/voltride.com\/kupsistepoliitika\/"},"modified":"2026-02-12T11:28:17","modified_gmt":"2026-02-12T09:28:17","slug":"kupsistepoliitika","status":"publish","type":"page","link":"https:\/\/voltride.com\/et\/kupsistepoliitika\/","title":{"rendered":"K\u00fcpsistepoliitika"},"content":{"rendered":"<div class=\"wpb-content-wrapper\"><p>[vc_row el_class=&#8221;shop-hero&#8221; woodmart_css_id=&#8221;67d72e16c91d9&#8243; responsive_spacing=&#8221;eyJwYXJhbV90eXBlIjoid29vZG1hcnRfcmVzcG9uc2l2ZV9zcGFjaW5nIiwic2VsZWN0b3JfaWQiOiI2N2Q3MmUxNmM5MWQ5Iiwic2hvcnRjb2RlIjoidmNfcm93IiwiZGF0YSI6eyJ0YWJsZXQiOnt9LCJtb2JpbGUiOnt9fX0=&#8221; mobile_bg_img_hidden=&#8221;no&#8221; tablet_bg_img_hidden=&#8221;no&#8221; woodmart_parallax=&#8221;0&#8243; woodmart_gradient_switch=&#8221;no&#8221; woodmart_box_shadow=&#8221;no&#8221; wd_z_index=&#8221;no&#8221; woodmart_disable_overflow=&#8221;0&#8243; row_reverse_mobile=&#8221;0&#8243; row_reverse_tablet=&#8221;0&#8243;][vc_column][vc_raw_html css=&#8221;&#8221;]W2hlcm9fc2ltcGxlX2xpZ2h0XQ==[\/vc_raw_html][\/vc_column][\/vc_row][vc_row row_title=&#8221;terms-content&#8221; el_class=&#8221;terms-content&#8221; woodmart_css_id=&#8221;67ecb8043a324&#8243; responsive_spacing=&#8221;eyJwYXJhbV90eXBlIjoid29vZG1hcnRfcmVzcG9uc2l2ZV9zcGFjaW5nIiwic2VsZWN0b3JfaWQiOiI2N2VjYjgwNDNhMzI0Iiwic2hvcnRjb2RlIjoidmNfcm93IiwiZGF0YSI6eyJ0YWJsZXQiOnt9LCJtb2JpbGUiOnt9fX0=&#8221; mobile_bg_img_hidden=&#8221;no&#8221; tablet_bg_img_hidden=&#8221;no&#8221; woodmart_parallax=&#8221;0&#8243; woodmart_gradient_switch=&#8221;no&#8221; woodmart_box_shadow=&#8221;no&#8221; wd_z_index=&#8221;no&#8221; woodmart_disable_overflow=&#8221;0&#8243; row_reverse_mobile=&#8221;0&#8243; row_reverse_tablet=&#8221;0&#8243;][vc_column][vc_column_text css=&#8221;&#8221; woodmart_inline=&#8221;no&#8221; text_larger=&#8221;no&#8221;]<\/p>\n<h2>Voltride&#8217;i K\u00fcpsistepoliitika<\/h2>\n<p>[\/vc_column_text][vc_column_text css=&#8221;&#8221; woodmart_inline=&#8221;no&#8221; text_larger=&#8221;no&#8221;]K\u00e4esolev k\u00fcpsistepoliitika selgitab, kuidas <strong>Voltride O\u00dc<\/strong> (\u201eVoltride\u201c, \u201emeie\u201c) kasutab oma veebilehel k\u00fcpsiseid ja sarnaseid tehnoloogiaid.<\/p>\n<p>K\u00e4esolevat k\u00fcpsistepoliitikat tuleb lugeda koos meie privaatsuspoliitikaga, mis selgitab \u00fcldisemalt, kuidas me isikuandmeid t\u00f6\u00f6tleme, sealhulgas k\u00fcpsiste kaudu kogutud isikuandmeid.<br \/>________________________________________<br \/><strong>1. Mis on k\u00fcpsised?<\/strong><\/p>\n<p>K\u00e4esolevas k\u00fcpsistepoliitikas h\u00f5lmab m\u00f5iste <strong>\u201ek\u00fcpsised\u201c<\/strong> ka sarnaseid tehnoloogiaid, nagu:<br \/>\u2022 pikslid<br \/>\u2022 kohalik salvestus<br \/>\u2022 seansip\u00f5hine salvestus<br \/>\u2022 t\u00e4gid<br \/>\u2022 identifikaatorid<br \/>\u2022 seadme s\u00f5rmej\u00e4lje tehnoloogiad<\/p>\n<p>Need tehnoloogiad v\u00f5imaldavad teavet salvestada sinu seadmesse v\u00f5i sealt juurde p\u00e4\u00e4seda ning m\u00f5nel juhul edastada andmeid kolmandatele isikutele.<\/p>\n<p>K\u00fcpsiseid kasutatakse n\u00e4iteks selleks, et:<br \/>\u2022 v\u00f5imaldada veebilehe p\u00f5hifunktsionaalsust<br \/>\u2022 meeles pidada teie eelistusi<br \/>\u2022 s\u00e4ilitada ostukorvi lisatud tooteid<br \/>\u2022 anal\u00fc\u00fcsida veebilehe kasutust<br \/>\u2022 toetada turundus- ja reklaamitegevust<br \/>________________________________________<br \/><strong>2. K\u00fcpsiste liigid<\/strong><\/p>\n<p>K\u00fcpsiseid saab liigitada nende s\u00e4ilitamise kestuse alusel:<\/p>\n<p><strong>Seansik\u00fcpsised<\/strong><\/p>\n<p>Seansik\u00fcpsised salvestatakse ajutiselt sinu veebilehitsemise seansi ajaks ning kustutatakse brauseri sulgemisel.<\/p>\n<p><strong>P\u00fcsik\u00fcpsised<\/strong><\/p>\n<p>P\u00fcsik\u00fcpsised salvestatakse teie seadmesse kindlaksm\u00e4\u00e4ratud ajaks v\u00f5i kuni sa need k\u00e4sitsi kustutad. Need v\u00f5imaldavad eelistusi v\u00f5i tehtud valikuid meeles pidada ka j\u00e4rgmiste k\u00fclastuste ajal.<\/p>\n<p><strong>Ajalise piiranguga k\u00fcpsised<\/strong><\/p>\n<p>Ajalise piiranguga k\u00fcpsised aeguvad automaatselt p\u00e4rast eelnevalt m\u00e4\u00e4ratud kehtivusperioodi l\u00f5ppu.<\/p>\n<p>Sul on v\u00f5imalik k\u00fcpsiseid igal ajal kustutada oma brauseri seadete kaudu.<br \/>________________________________________<br \/><strong>3. Esimese ja kolmanda osapoole k\u00fcpsised<\/strong><\/p>\n<p><strong>Esimese osapoole k\u00fcpsised<\/strong><\/p>\n<p>Esimese osapoole k\u00fcpsised paigaldab Voltride otse ning neid kasutatakse meie veebilehe n\u00f5uetekohase toimimise tagamiseks.<\/p>\n<p><strong>Kolmanda osapoole k\u00fcpsised<\/strong><\/p>\n<p>Kolmanda osapoole k\u00fcpsised paigaldavad v\u00e4lised teenusepakkujad, kelle t\u00f6\u00f6riistad v\u00f5i sisu on integreeritud meie veebilehele, n\u00e4iteks anal\u00fc\u00fctika-, reklaami- v\u00f5i sotsiaalmeedia funktsioonid.<\/p>\n<p>Voltride kasutab kolmandate osapoolte teenuseid, mis v\u00f5ivad paigaldada k\u00fcpsiseid teie seadmesse ning koguda teavet teie veebik\u00e4itumise kohta erinevatel veebilehtedel.<\/p>\n<p>Kolmandate osapoolte k\u00fcpsistele kohaldatakse vastavate teenusepakkujate privaatsuspoliitikaid.<br \/>________________________________________<br \/><strong>4. Meie veebilehel kasutatavate k\u00fcpsiste kategooriad<\/strong><\/p>\n<p>Liigitame k\u00fcpsised nende eesm\u00e4rgi alusel, et anda sulle parem kontroll selle \u00fcle, kuidas k\u00fcpsiseid kasutatakse.<\/p>\n<p><strong>K\u00f5ik kategooriad v\u00f5ivad h\u00f5lmata isikuandmete t\u00f6\u00f6tlemist ning andmete edastamist kolmandatele teenusepakkujatele.<\/strong><br \/>________________________________________<br \/><strong>4.1 Vajalikud k\u00fcpsised<\/strong><\/p>\n<p>Vajalikud k\u00fcpsised on h\u00e4davajalikud meie veebilehe turvaliseks ja korrektseks toimimiseks.<\/p>\n<p>Need v\u00f5imaldavad p\u00f5hifunktsionaalsust, n\u00e4iteks:<br \/>\u2022 kasutaja autentimine<br \/>\u2022 kontole sisselogimine<br \/>\u2022 ostukorvi toimimine<br \/>\u2022 tellimuste t\u00f6\u00f6tlemine<br \/>\u2022 turvalisus ja pettuste ennetamine<br \/>\u2022 koormuse tasakaalustamine<\/p>\n<p>Neid k\u00fcpsiseid ei ole v\u00f5imalik k\u00fcpsiste seadete kaudu keelata.<br \/>________________________________________<br \/><strong>4.2 Statistika- ja anal\u00fc\u00fctikak\u00fcpsised<\/strong><\/p>\n<p>Statistika- ja anal\u00fc\u00fctikak\u00fcpsised aitavad meil m\u00f5ista, kuidas k\u00fclastajad meie veebilehte kasutavad, ning v\u00f5imaldavad parandada funktsionaalsust, j\u00f5udlust ja kasutajakogemust.<\/p>\n<p>Need k\u00fcpsised koguvad teavet n\u00e4iteks:<br \/>\u2022 k\u00fclastatud lehtede kohta<br \/>\u2022 liikluse allikate kohta<br \/>\u2022 kasutus- ja suhtlusmustrite kohta<\/p>\n<p>Kasutame anal\u00fc\u00fctikat\u00f6\u00f6riistu, nagu <strong>Google Analytics.<\/strong><\/p>\n<p>Neid k\u00fcpsiseid kasutatakse \u00fcksnes juhul, kui oled andnud vastava n\u00f5usoleku.<br \/>________________________________________<br \/><strong>4.3 Turundusk\u00fcpsised<\/strong><\/p>\n<p>Turundusk\u00fcpsiseid kasutatakse selleks, et:<br \/>\u2022 kuvada personaalseid ja asjakohaseid reklaame<br \/>\u2022 m\u00f5\u00f5ta reklaamikampaaniate t\u00f5husust<br \/>\u2022 luua turundussihtgruppe<br \/>\u2022 toetada turunduslikku profileerimist<\/p>\n<p>Need k\u00fcpsised v\u00f5ivad j\u00e4lgida sinu veebik\u00e4itumist erinevatel veebilehtedel ja seadmetes.<\/p>\n<p>Voltride kasutab turundus- ja reklaamiplatvorme, nagu:<br \/>\u2022 Meta (Facebook, Instagram)<br \/>\u2022 Google Ads<br \/>\u2022 uudiskirja- ja turundusautomaatika platvormid<\/p>\n<p>Turundusk\u00fcpsiste kaudu kogutud teavet v\u00f5idakse \u00fchendada kliendiandmetega \u00fcksnes juhul, kui oled selleks andnud n\u00f5usoleku.<br \/>________________________________________<br \/><strong>5. Rahvusvahelised andmeedastused<\/strong><\/p>\n<p>M\u00f5ned meie veebilehel kasutatavad kolmandate osapoolte k\u00fcpsistepakkujad v\u00f5ivad t\u00f6\u00f6delda isikuandmeid v\u00e4ljaspool Euroopa Liitu v\u00f5i Euroopa Majanduspiirkonda, sealhulgas Ameerika \u00dchendriikides.<\/p>\n<p>Isikuandmete edastamisel v\u00e4ljapoole EL-i\/EMP-d rakendab Voltride asjakohaseid kaitsemeetmeid koosk\u00f5las kohaldatavate andmekaitsen\u00f5uetega, nagu on kirjeldatud meie Privaatsuspoliitikas.<br \/>________________________________________<br \/><strong>6. K\u00fcpsisten\u00f5usoleku haldamine ja tagasiv\u00f5tmine<\/strong><\/p>\n<p>Teil on v\u00f5imalik oma k\u00fcpsisten\u00f5usolekut igal ajal hallata v\u00f5i tagasi v\u00f5tta.<\/p>\n<p><strong>K\u00fcpsiste seaded<\/strong><\/p>\n<p>Saad muuta oma k\u00fcpsiste eelistusi, kl\u00f5psates veebilehe jaluses oleval lingil \u201eK\u00fcpsiste seaded\u201c.<\/p>\n<p>Sul on v\u00f5imalik:<br \/>\u2022 n\u00f5ustuda k\u00f5igi k\u00fcpsistega<br \/>\u2022 keelduda mittevajalikest k\u00fcpsistest<br \/>\u2022 valida \u00fcksikuid k\u00fcpsiste kategooriaid<\/p>\n<p>Sinu valikud salvestatakse 12 kuuks, v\u00e4lja arvatud juhul, kui v\u00f5tad oma n\u00f5usoleku varem tagasi.<br \/>________________________________________<br \/><strong>Brauseri seaded<\/strong><\/p>\n<p>M\u00f5ned k\u00fcpsised v\u00f5ivad j\u00e4\u00e4da sinu seadmesse ka kauemaks kui 12 kuud, s\u00f5ltuvalt nende kehtivusajast.<\/p>\n<p>Samuti saad k\u00fcpsiseid k\u00e4sitsi kustutada oma brauseri seadete kaudu.<\/p>\n<p>Teavet k\u00fcpsiste haldamise kohta leiad levinumate brauserite juhenditest:<br \/>\u2022 Google Chrome<br \/>\u2022 Microsoft Edge<br \/>\u2022 Mozilla Firefox<br \/>\u2022 Apple Safari<br \/>\u2022 Opera<br \/>________________________________________<br \/><strong>7. Do Not Track signaalid<\/strong><\/p>\n<p>Kui sinu brauser saadab \u201eDo Not Track\u201c signaali, ei paigalda me automaatselt turundusk\u00fcpsiseid sinu seadmesse.<\/p>\n<p>K\u00fcpsiste eelistusi saad siiski hallata k\u00fcpsiste seadete kaudu.<br \/>________________________________________<br \/><strong>8. K\u00fcpsiste blokeerimise tagaj\u00e4rjed<\/strong><\/p>\n<p>Kui blokeerid v\u00f5i keelad k\u00fcpsised:<br \/>\u2022 v\u00f5ivad m\u00f5ned veebilehe funktsioonid mitte toimida korrektselt<br \/>\u2022 ostu- ja kontofunktsionaalsus v\u00f5ib olla piiratud<br \/>\u2022 veebilehe j\u00f5udlus ja kasutusmugavus v\u00f5ivad v\u00e4heneda<\/p>\n<p>Vajalikud k\u00fcpsised on veebilehe toimimiseks h\u00e4davajalikud.<br \/>________________________________________<br \/><strong>9. Seos Privaatsuspoliitikaga<\/strong><\/p>\n<p>K\u00fcpsiste kasutamine v\u00f5ib h\u00f5lmata isikuandmete t\u00f6\u00f6tlemist.<\/p>\n<p>Lisateavet selle kohta:<br \/>\u2022 kuidas isikuandmeid t\u00f6\u00f6deldakse<br \/>\u2022 millised on teie \u00f5igused andmesubjektina<br \/>\u2022 kuidas toimub rahvusvaheline andmeedastus<\/p>\n<p>leiad meie Privaatsuspoliitikast.<br \/>________________________________________<br \/><strong>10. Kontaktandmed<\/strong><\/p>\n<p>Kui sul on k\u00fcsimusi k\u00fcpsiste v\u00f5i andmekaitse kohta, v\u00f5ta meiega \u00fchendust:<\/p>\n<p><strong>E-post<\/strong>: info@voltride.com<\/p>\n<p>K\u00e4esolevat K\u00fcpsistepoliitikat v\u00f5idakse aeg-ajalt ajakohastada. Kehtivaim versioon on alati k\u00e4ttesaadav meie veebilehel.<\/p>\n<p><strong>Viimati ajakohastatud<\/strong>: 21.01.2026[\/vc_column_text][\/vc_column][\/vc_row][vc_row woodmart_css_id=&#8221;637cf9b5d71a4&#8243; responsive_spacing=&#8221;eyJwYXJhbV90eXBlIjoid29vZG1hcnRfcmVzcG9uc2l2ZV9zcGFjaW5nIiwic2VsZWN0b3JfaWQiOiI2MzdjZjliNWQ3MWE0Iiwic2hvcnRjb2RlIjoidmNfcm93IiwiZGF0YSI6eyJ0YWJsZXQiOnt9LCJtb2JpbGUiOnt9fX0=&#8221; mobile_bg_img_hidden=&#8221;no&#8221; tablet_bg_img_hidden=&#8221;no&#8221; woodmart_parallax=&#8221;0&#8243; woodmart_gradient_switch=&#8221;no&#8221; woodmart_box_shadow=&#8221;no&#8221; wd_z_index=&#8221;no&#8221; woodmart_disable_overflow=&#8221;0&#8243; row_reverse_mobile=&#8221;0&#8243; row_reverse_tablet=&#8221;0&#8243;][vc_column]\t\t\t\n\t\t\t<div id=\"carousel-584\" class=\"wd-carousel-container  wd-wpb with-title wd-rs-679bd7419272f  wd-products-element wd-products products wd-hide wd-loop-builder-off wd-products-with-bg title-line-two\">\n\t\t\t\t\n\t\t\t\t\t\t\t\t\t<h4 class=\"wd-el-title title slider-title element-title\"><span>Hiljuti vaadatud<\/span><\/h4>\t\t\t\t\t\t\t\n\t\t\t\t<div class=\"wd-carousel-inner\">\n\t\t\t\t\t<div class=\" wd-carousel wd-grid scroll-init\"  data-atts='{&quot;slides_per_view&quot;:&quot;5&quot;,&quot;slides_per_view_mobile&quot;:&quot;2&quot;,&quot;wrap&quot;:&quot;no&quot;,&quot;hide_pagination_control&quot;:&quot;yes&quot;,&quot;hide_prev_next_buttons&quot;:&quot;no&quot;,&quot;custom_sizes&quot;:{&quot;desktop&quot;:&quot;5&quot;,&quot;tablet&quot;:&quot;auto&quot;,&quot;mobile&quot;:&quot;2&quot;},&quot;post_type&quot;:&quot;recently_viewed&quot;,&quot;spacing&quot;:&quot;20&quot;,&quot;sync_parent_id&quot;:&quot;wd_6734aba634886&quot;,&quot;scroll_carousel_init&quot;:&quot;yes&quot;,&quot;wrapper_classes&quot;:&quot; wd-wpb&quot;,&quot;highlighted_products&quot;:&quot;0&quot;,&quot;products_divider&quot;:&quot;0&quot;,&quot;products_bordered_grid&quot;:&quot;0&quot;,&quot;products_with_background&quot;:&quot;1&quot;,&quot;products_shadow&quot;:&quot;0&quot;,&quot;product_hover&quot;:&quot;small&quot;,&quot;img_size&quot;:&quot;64x64&quot;,&quot;element_title&quot;:&quot;Hiljuti vaadatud&quot;,&quot;ajax_recently_viewed&quot;:&quot;yes&quot;,&quot;layout&quot;:&quot;carousel&quot;,&quot;woodmart_css_id&quot;:&quot;679bd7419272f&quot;,&quot;grid_gallery&quot;:&quot;no&quot;}' data-scroll_per_page=\"yes\" style=\"--wd-col-lg:5;--wd-col-md:4;--wd-col-sm:2;--wd-gap-lg:20px;--wd-gap-sm:10px;\">\n\t\t\t\t\t\t<div class=\"wd-carousel-wrap\">\n\t\t\t\t\t\t\t\t\t\t\t\t\t<\/div>\n\t\t\t\t\t<\/div>\n\n\t\t\t\t\t\t\t<div class=\"wd-nav-arrows wd-pos-sep wd-hover-1 wd-icon-1\">\n\t\t\t<div class=\"wd-btn-arrow wd-prev wd-disabled\">\n\t\t\t\t<div class=\"wd-arrow-inner\"><\/div>\n\t\t\t<\/div>\n\t\t\t<div class=\"wd-btn-arrow wd-next\">\n\t\t\t\t<div class=\"wd-arrow-inner\"><\/div>\n\t\t\t<\/div>\n\t\t<\/div>\n\t\t\t\t\t\t<\/div>\n\n\t\t\t\t\t\t\t\t\t\t\t\t\t\t<\/div>\n\t\t\t\t\t\t[\/vc_column][\/vc_row]<\/p>\n<\/div>","protected":false},"excerpt":{"rendered":"<p>[vc_row el_class=&#8221;shop-hero&#8221; woodmart_css_id=&#8221;67d72e16c91d9&#8243; responsive_spacing=&#8221;eyJwYXJhbV90eXBlIjoid29vZG1hcnRfcmVzcG9uc2l2ZV9zcGFjaW5nIiwic2VsZWN0b3JfaWQiOiI2N2Q3MmUxNmM5MWQ5Iiwic2hvcnRjb2RlIjoidmNfcm93IiwiZGF0YSI6eyJ0YWJsZXQiOnt9LCJtb2JpbGUiOnt9fX0=&#8221; mobile_bg_img_hidden=&#8221;no&#8221; tablet_bg_img_hidden=&#8221;no&#8221; woodmart_parallax=&#8221;0&#8243; woodmart_gradient_switch=&#8221;no&#8221; woodmart_box_shadow=&#8221;no&#8221; wd_z_index=&#8221;no&#8221; woodmart_disable_overflow=&#8221;0&#8243; row_reverse_mobile=&#8221;0&#8243; row_reverse_tablet=&#8221;0&#8243;][vc_column][vc_raw_html css=&#8221;&#8221;]W2hlcm9fc2ltcGxlX2xpZ2h0XQ==[\/vc_raw_html][\/vc_column][\/vc_row][vc_row row_title=&#8221;terms-content&#8221; el_class=&#8221;terms-content&#8221; woodmart_css_id=&#8221;67ecb8043a324&#8243; responsive_spacing=&#8221;eyJwYXJhbV90eXBlIjoid29vZG1hcnRfcmVzcG9uc2l2ZV9zcGFjaW5nIiwic2VsZWN0b3JfaWQiOiI2N2VjYjgwNDNhMzI0Iiwic2hvcnRjb2RlIjoidmNfcm93IiwiZGF0YSI6eyJ0YWJsZXQiOnt9LCJtb2JpbGUiOnt9fX0=&#8221; mobile_bg_img_hidden=&#8221;no&#8221; tablet_bg_img_hidden=&#8221;no&#8221;<\/p>\n","protected":false},"author":2,"featured_media":0,"parent":0,"menu_order":0,"comment_status":"closed","ping_status":"closed","template":"","meta":{"footnotes":""},"class_list":["post-11409","page","type-page","status-publish","hentry"],"yoast_head":"<!-- This site is optimized with the Yoast SEO Premium plugin v27.3 (Yoast SEO v27.4) - https:\/\/yoast.com\/product\/yoast-seo-premium-wordpress\/ -->\n<title>K\u00fcpsistepoliitika | Voltride<\/title>\n<meta name=\"description\" content=\"Avasta, kuidas k\u00fcpsised aitavad Voltridel pakkuda kiiremat ja personaalsemat ostukogemust kogu meie veebilehel.\" \/>\n<meta name=\"robots\" content=\"index, follow, max-snippet:-1, max-image-preview:large, max-video-preview:-1\" \/>\n<link rel=\"canonical\" href=\"https:\/\/voltride.com\/et\/kupsistepoliitika\/\" \/>\n<meta property=\"og:locale\" content=\"et_EE\" \/>\n<meta property=\"og:type\" content=\"article\" \/>\n<meta property=\"og:title\" content=\"K\u00fcpsistepoliitika | Voltride\" \/>\n<meta property=\"og:description\" content=\"See on Voltride O\u00dc k\u00fcpsistepoliitika leht. Sinu privaatsus on meile oluline ning soovime, et tunneksid end selle veebilehe kasutamisel turvaliselt.\" \/>\n<meta property=\"og:url\" content=\"https:\/\/voltride.com\/et\/kupsistepoliitika\/\" \/>\n<meta property=\"og:site_name\" content=\"Voltride\" \/>\n<meta property=\"article:publisher\" content=\"https:\/\/www.facebook.com\/voltridecom\/\" \/>\n<meta property=\"article:modified_time\" content=\"2026-02-12T09:28:17+00:00\" \/>\n<meta property=\"og:image\" content=\"https:\/\/voltride.com\/wp-content\/uploads\/2025\/08\/voltride-share-image-general.jpg\" \/>\n\t<meta property=\"og:image:width\" content=\"1201\" \/>\n\t<meta property=\"og:image:height\" content=\"631\" \/>\n\t<meta property=\"og:image:type\" content=\"image\/jpeg\" \/>\n<meta name=\"twitter:card\" content=\"summary_large_image\" \/>\n<script type=\"application\/ld+json\" class=\"yoast-schema-graph\">{\"@context\":\"https:\\\/\\\/schema.org\",\"@graph\":[{\"@type\":\"WebPage\",\"@id\":\"https:\\\/\\\/voltride.com\\\/et\\\/kupsistepoliitika\\\/\",\"url\":\"https:\\\/\\\/voltride.com\\\/et\\\/kupsistepoliitika\\\/\",\"name\":\"K\u00fcpsistepoliitika | Voltride\",\"isPartOf\":{\"@id\":\"https:\\\/\\\/voltride.com\\\/et\\\/#website\"},\"datePublished\":\"2025-04-08T08:31:42+00:00\",\"dateModified\":\"2026-02-12T09:28:17+00:00\",\"description\":\"Avasta, kuidas k\u00fcpsised aitavad Voltridel pakkuda kiiremat ja personaalsemat ostukogemust kogu meie veebilehel.\",\"breadcrumb\":{\"@id\":\"https:\\\/\\\/voltride.com\\\/et\\\/kupsistepoliitika\\\/#breadcrumb\"},\"inLanguage\":\"et\",\"potentialAction\":[{\"@type\":\"ReadAction\",\"target\":[\"https:\\\/\\\/voltride.com\\\/et\\\/kupsistepoliitika\\\/\"]}]},{\"@type\":\"BreadcrumbList\",\"@id\":\"https:\\\/\\\/voltride.com\\\/et\\\/kupsistepoliitika\\\/#breadcrumb\",\"itemListElement\":[{\"@type\":\"ListItem\",\"position\":1,\"name\":\"Kodu\",\"item\":\"https:\\\/\\\/voltride.com\\\/et\\\/\"},{\"@type\":\"ListItem\",\"position\":2,\"name\":\"K\u00fcpsistepoliitika\"}]},{\"@type\":\"WebSite\",\"@id\":\"https:\\\/\\\/voltride.com\\\/et\\\/#website\",\"url\":\"https:\\\/\\\/voltride.com\\\/et\\\/\",\"name\":\"Voltride\",\"description\":\"Parim elektrirataste elektrit\u00f5ukside ja \u00fcksrataste pood ja remont\",\"publisher\":{\"@id\":\"https:\\\/\\\/voltride.com\\\/et\\\/#organization\"},\"alternateName\":\"Vr\",\"potentialAction\":[{\"@type\":\"SearchAction\",\"target\":{\"@type\":\"EntryPoint\",\"urlTemplate\":\"https:\\\/\\\/voltride.com\\\/et\\\/?s={search_term_string}\"},\"query-input\":{\"@type\":\"PropertyValueSpecification\",\"valueRequired\":true,\"valueName\":\"search_term_string\"}}],\"inLanguage\":\"et\"},{\"@type\":[\"Organization\",\"Place\"],\"@id\":\"https:\\\/\\\/voltride.com\\\/et\\\/#organization\",\"name\":\"Voltride\",\"alternateName\":\"VR\",\"url\":\"https:\\\/\\\/voltride.com\\\/et\\\/\",\"logo\":{\"@id\":\"https:\\\/\\\/voltride.com\\\/et\\\/kupsistepoliitika\\\/#local-main-organization-logo\"},\"image\":{\"@id\":\"https:\\\/\\\/voltride.com\\\/et\\\/kupsistepoliitika\\\/#local-main-organization-logo\"},\"sameAs\":[\"https:\\\/\\\/www.facebook.com\\\/voltridecom\\\/\"],\"legalName\":\"Voltride O\u00dc\",\"numberOfEmployees\":{\"@type\":\"QuantitativeValue\",\"minValue\":\"1\",\"maxValue\":\"10\"},\"ownershipFundingInfo\":\"https:\\\/\\\/voltride.com\\\/about-us\\\/\",\"hasMerchantReturnPolicy\":{\"@type\":\"MerchantReturnPolicy\",\"merchantReturnLink\":\"https:\\\/\\\/voltride.com\\\/shipping-and-returns\\\/\"},\"address\":{\"@id\":\"https:\\\/\\\/voltride.com\\\/et\\\/kupsistepoliitika\\\/#local-main-place-address\"},\"geo\":{\"@type\":\"GeoCoordinates\",\"latitude\":\"59.439554\",\"longitude\":\"24.726644\"},\"telephone\":[\"+372 600 40 99\"],\"contactPoint\":{\"@type\":\"ContactPoint\",\"telephone\":\"+372 600 40 99\",\"email\":\"info@voltride.com\"},\"openingHoursSpecification\":[{\"@type\":\"OpeningHoursSpecification\",\"dayOfWeek\":[\"Monday\",\"Tuesday\",\"Wednesday\",\"Thursday\",\"Friday\"],\"opens\":\"10:00\",\"closes\":\"18:00\"},{\"@type\":\"OpeningHoursSpecification\",\"dayOfWeek\":[\"Saturday\",\"Sunday\"],\"opens\":\"00:00\",\"closes\":\"00:00\"}],\"email\":\"info@voltride.com\",\"taxID\":\"14871968\"},{\"@type\":\"PostalAddress\",\"@id\":\"https:\\\/\\\/voltride.com\\\/et\\\/kupsistepoliitika\\\/#local-main-place-address\",\"streetAddress\":\"Voltride Telliskivi 57D\",\"addressLocality\":\"Tallinn\",\"postalCode\":\"10412\",\"addressRegion\":\"Tallinn\",\"addressCountry\":\"EE\"},{\"@type\":\"ImageObject\",\"inLanguage\":\"et\",\"@id\":\"https:\\\/\\\/voltride.com\\\/et\\\/kupsistepoliitika\\\/#local-main-organization-logo\",\"url\":\"https:\\\/\\\/voltride.com\\\/wp-content\\\/uploads\\\/voltride-logo.png\",\"contentUrl\":\"https:\\\/\\\/voltride.com\\\/wp-content\\\/uploads\\\/voltride-logo.png\",\"width\":2481,\"height\":620,\"caption\":\"Voltride\"}]}<\/script>\n<meta name=\"geo.placename\" content=\"Tallinn\" \/>\n<meta name=\"geo.position\" content=\"59.439554;24.726644\" \/>\n<meta name=\"geo.region\" content=\"Estonia\" \/>\n<!-- \/ Yoast SEO Premium plugin. -->","yoast_head_json":{"title":"K\u00fcpsistepoliitika | Voltride","description":"Avasta, kuidas k\u00fcpsised aitavad Voltridel pakkuda kiiremat ja personaalsemat ostukogemust kogu meie veebilehel.","robots":{"index":"index","follow":"follow","max-snippet":"max-snippet:-1","max-image-preview":"max-image-preview:large","max-video-preview":"max-video-preview:-1"},"canonical":"https:\/\/voltride.com\/et\/kupsistepoliitika\/","og_locale":"et_EE","og_type":"article","og_title":"K\u00fcpsistepoliitika | Voltride","og_description":"See on Voltride O\u00dc k\u00fcpsistepoliitika leht. Sinu privaatsus on meile oluline ning soovime, et tunneksid end selle veebilehe kasutamisel turvaliselt.","og_url":"https:\/\/voltride.com\/et\/kupsistepoliitika\/","og_site_name":"Voltride","article_publisher":"https:\/\/www.facebook.com\/voltridecom\/","article_modified_time":"2026-02-12T09:28:17+00:00","og_image":[{"width":1201,"height":631,"url":"https:\/\/voltride.com\/wp-content\/uploads\/2025\/08\/voltride-share-image-general.jpg","type":"image\/jpeg"}],"twitter_card":"summary_large_image","schema":{"@context":"https:\/\/schema.org","@graph":[{"@type":"WebPage","@id":"https:\/\/voltride.com\/et\/kupsistepoliitika\/","url":"https:\/\/voltride.com\/et\/kupsistepoliitika\/","name":"K\u00fcpsistepoliitika | Voltride","isPartOf":{"@id":"https:\/\/voltride.com\/et\/#website"},"datePublished":"2025-04-08T08:31:42+00:00","dateModified":"2026-02-12T09:28:17+00:00","description":"Avasta, kuidas k\u00fcpsised aitavad Voltridel pakkuda kiiremat ja personaalsemat ostukogemust kogu meie veebilehel.","breadcrumb":{"@id":"https:\/\/voltride.com\/et\/kupsistepoliitika\/#breadcrumb"},"inLanguage":"et","potentialAction":[{"@type":"ReadAction","target":["https:\/\/voltride.com\/et\/kupsistepoliitika\/"]}]},{"@type":"BreadcrumbList","@id":"https:\/\/voltride.com\/et\/kupsistepoliitika\/#breadcrumb","itemListElement":[{"@type":"ListItem","position":1,"name":"Kodu","item":"https:\/\/voltride.com\/et\/"},{"@type":"ListItem","position":2,"name":"K\u00fcpsistepoliitika"}]},{"@type":"WebSite","@id":"https:\/\/voltride.com\/et\/#website","url":"https:\/\/voltride.com\/et\/","name":"Voltride","description":"Parim elektrirataste elektrit\u00f5ukside ja \u00fcksrataste pood ja remont","publisher":{"@id":"https:\/\/voltride.com\/et\/#organization"},"alternateName":"Vr","potentialAction":[{"@type":"SearchAction","target":{"@type":"EntryPoint","urlTemplate":"https:\/\/voltride.com\/et\/?s={search_term_string}"},"query-input":{"@type":"PropertyValueSpecification","valueRequired":true,"valueName":"search_term_string"}}],"inLanguage":"et"},{"@type":["Organization","Place"],"@id":"https:\/\/voltride.com\/et\/#organization","name":"Voltride","alternateName":"VR","url":"https:\/\/voltride.com\/et\/","logo":{"@id":"https:\/\/voltride.com\/et\/kupsistepoliitika\/#local-main-organization-logo"},"image":{"@id":"https:\/\/voltride.com\/et\/kupsistepoliitika\/#local-main-organization-logo"},"sameAs":["https:\/\/www.facebook.com\/voltridecom\/"],"legalName":"Voltride O\u00dc","numberOfEmployees":{"@type":"QuantitativeValue","minValue":"1","maxValue":"10"},"ownershipFundingInfo":"https:\/\/voltride.com\/about-us\/","hasMerchantReturnPolicy":{"@type":"MerchantReturnPolicy","merchantReturnLink":"https:\/\/voltride.com\/shipping-and-returns\/"},"address":{"@id":"https:\/\/voltride.com\/et\/kupsistepoliitika\/#local-main-place-address"},"geo":{"@type":"GeoCoordinates","latitude":"59.439554","longitude":"24.726644"},"telephone":["+372 600 40 99"],"contactPoint":{"@type":"ContactPoint","telephone":"+372 600 40 99","email":"info@voltride.com"},"openingHoursSpecification":[{"@type":"OpeningHoursSpecification","dayOfWeek":["Monday","Tuesday","Wednesday","Thursday","Friday"],"opens":"10:00","closes":"18:00"},{"@type":"OpeningHoursSpecification","dayOfWeek":["Saturday","Sunday"],"opens":"00:00","closes":"00:00"}],"email":"info@voltride.com","taxID":"14871968"},{"@type":"PostalAddress","@id":"https:\/\/voltride.com\/et\/kupsistepoliitika\/#local-main-place-address","streetAddress":"Voltride Telliskivi 57D","addressLocality":"Tallinn","postalCode":"10412","addressRegion":"Tallinn","addressCountry":"EE"},{"@type":"ImageObject","inLanguage":"et","@id":"https:\/\/voltride.com\/et\/kupsistepoliitika\/#local-main-organization-logo","url":"https:\/\/voltride.com\/wp-content\/uploads\/voltride-logo.png","contentUrl":"https:\/\/voltride.com\/wp-content\/uploads\/voltride-logo.png","width":2481,"height":620,"caption":"Voltride"}]},"geo.placename":"Tallinn","geo.position":{"lat":"59.439554","long":"24.726644"},"geo.region":"Estonia"},"_links":{"self":[{"href":"https:\/\/voltride.com\/et\/wp-json\/wp\/v2\/pages\/11409","targetHints":{"allow":["GET"]}}],"collection":[{"href":"https:\/\/voltride.com\/et\/wp-json\/wp\/v2\/pages"}],"about":[{"href":"https:\/\/voltride.com\/et\/wp-json\/wp\/v2\/types\/page"}],"author":[{"embeddable":true,"href":"https:\/\/voltride.com\/et\/wp-json\/wp\/v2\/users\/2"}],"replies":[{"embeddable":true,"href":"https:\/\/voltride.com\/et\/wp-json\/wp\/v2\/comments?post=11409"}],"version-history":[{"count":0,"href":"https:\/\/voltride.com\/et\/wp-json\/wp\/v2\/pages\/11409\/revisions"}],"wp:attachment":[{"href":"https:\/\/voltride.com\/et\/wp-json\/wp\/v2\/media?parent=11409"}],"curies":[{"name":"wp","href":"https:\/\/api.w.org\/{rel}","templated":true}]}}