{"id":11427,"date":"2026-01-30T12:00:54","date_gmt":"2026-01-30T10:00:54","guid":{"rendered":"https:\/\/voltride.com\/maksevoimalused\/"},"modified":"2026-02-12T12:43:07","modified_gmt":"2026-02-12T10:43:07","slug":"maksevoimalused","status":"publish","type":"page","link":"https:\/\/voltride.com\/et\/maksevoimalused\/","title":{"rendered":"Maksev\u00f5imalused"},"content":{"rendered":"<div class=\"wpb-content-wrapper\"><p>[vc_row el_class=&#8221;shop-hero&#8221; woodmart_css_id=&#8221;67d72e16c91d9&#8243; responsive_spacing=&#8221;eyJwYXJhbV90eXBlIjoid29vZG1hcnRfcmVzcG9uc2l2ZV9zcGFjaW5nIiwic2VsZWN0b3JfaWQiOiI2N2Q3MmUxNmM5MWQ5Iiwic2hvcnRjb2RlIjoidmNfcm93IiwiZGF0YSI6eyJ0YWJsZXQiOnt9LCJtb2JpbGUiOnt9fX0=&#8221; mobile_bg_img_hidden=&#8221;no&#8221; tablet_bg_img_hidden=&#8221;no&#8221; woodmart_parallax=&#8221;0&#8243; woodmart_gradient_switch=&#8221;no&#8221; woodmart_box_shadow=&#8221;no&#8221; wd_z_index=&#8221;no&#8221; woodmart_disable_overflow=&#8221;0&#8243; row_reverse_mobile=&#8221;0&#8243; row_reverse_tablet=&#8221;0&#8243;][vc_column][vc_raw_html css=&#8221;&#8221;]W2hlcm9fc2ltcGxlX2xpZ2h0XQ==[\/vc_raw_html][\/vc_column][\/vc_row][vc_row row_title=&#8221;terms-content&#8221; el_class=&#8221;terms-content&#8221; woodmart_css_id=&#8221;67ecb8043a324&#8243; responsive_spacing=&#8221;eyJwYXJhbV90eXBlIjoid29vZG1hcnRfcmVzcG9uc2l2ZV9zcGFjaW5nIiwic2VsZWN0b3JfaWQiOiI2N2VjYjgwNDNhMzI0Iiwic2hvcnRjb2RlIjoidmNfcm93IiwiZGF0YSI6eyJ0YWJsZXQiOnt9LCJtb2JpbGUiOnt9fX0=&#8221; mobile_bg_img_hidden=&#8221;no&#8221; tablet_bg_img_hidden=&#8221;no&#8221; woodmart_parallax=&#8221;0&#8243; woodmart_gradient_switch=&#8221;no&#8221; woodmart_box_shadow=&#8221;no&#8221; wd_z_index=&#8221;no&#8221; woodmart_disable_overflow=&#8221;0&#8243; row_reverse_mobile=&#8221;0&#8243; row_reverse_tablet=&#8221;0&#8243;][vc_column][vc_column_text css=&#8221;&#8221; woodmart_inline=&#8221;no&#8221; text_larger=&#8221;no&#8221;]<\/p>\n<h2>Voltride&#8217;i E-pood &#8211; Maksev\u00f5imalused<\/h2>\n<p>[\/vc_column_text][vc_column_text css=&#8221;&#8221; woodmart_inline=&#8221;no&#8221; text_larger=&#8221;no&#8221;]<strong>1. Maksete turvalisus<\/strong><\/p>\n<p>K\u00f5ik Voltride\u2019i veebipoes tehtavad maksed t\u00f6\u00f6deldakse turvaliste ja kr\u00fcpteeritud makses\u00fcsteemide kaudu. Voltride ei s\u00e4ilita ega oma juurdep\u00e4\u00e4su kliendi t\u00e4ielikele maksekaardiandmetele, pangatunnustele ega muule tundlikule makseteabele.<\/p>\n<p>Maksed on kaitstud valdkonnas tavap\u00e4raste turvameetmetega, sealhulgas SSL-kr\u00fcpteeringu ning vajaduse korral tugeva kliendi autentimisega (SCA), koosk\u00f5las kohaldatavate makseteenuste regulatsioonidega.<\/p>\n<p>M\u00fc\u00fcgileping loetakse s\u00f5lmituks vastavalt \u00dcldtingimustele p\u00e4rast makse edukat sooritamist v\u00f5i finantseerimis- v\u00f5i j\u00e4relmaksulahenduse korral p\u00e4rast seda, kui finantseerija on tehingu heaks kiitnud ja kinnitanud makse laekumise M\u00fc\u00fcjale.<br \/>________________________________________<br \/><strong>2. Vastutus maksete t\u00f6\u00f6tlemise ees<\/strong><\/p>\n<p>Maksete t\u00f6\u00f6tlemist teostavad s\u00f5ltumatud makseteenuse pakkujad. Voltride ei vastuta makseteenuse pakkujate p\u00f5hjustatud viivituste, t\u00f5rgete v\u00f5i vigade eest, kui need ei ole m\u00f5istlikult Voltride\u2019i kontrolli all. See ei m\u00f5juta kliendi seadusest tulenevaid \u00f5igusi.<\/p>\n<p>________________________________________<br \/><strong>3. Maksev\u00f5imalused (\u00fclevaade)<\/strong><\/p>\n<p>Tellimuse vormistamisel saab klient valida j\u00e4rgmiste makseviiside vahel, s\u00f5ltuvalt asukohast, tellimuse v\u00e4\u00e4rtusest, tehnilisest k\u00e4ttesaadavusest ning makseteenuse pakkuja tingimustest:<br \/>\u2022 pangalingid<br \/>\u2022 makse arve alusel (panga\u00fclekanne)<br \/>\u2022 deebet- ja krediitkaardid<br \/>\u2022 PayPal<br \/>\u2022 Apple Pay ja Google Pay<br \/>\u2022 Revolut<\/p>\n<p>V\u00f5imalikud makseviisid kuvatakse kassas. Voltride j\u00e4tab endale \u00f5iguse makseviise igal ajal ilma ette teatamata lisada, eemaldada v\u00f5i piirata.<br \/>________________________________________<br \/><strong>3.1. Kaardimaksed ja digitaalsed rahakotid<\/strong><\/p>\n<p>Voltride aktsepteerib levinumaid deebet- ja krediitkaarte. Kaardimakseid saab teostada ka toetatud digitaalsete rahakottide kaudu, sealhulgas Apple Pay ja Google Pay, kui need on saadaval.<\/p>\n<p>Kaardi- ja rahakotimaksed t\u00f6\u00f6deldakse s\u00f5ltumatute makseteenuse pakkujate kaudu. Voltride ei saa ega s\u00e4ilita kaardiandmeid.<br \/>________________________________________<br \/><strong>3.2. Pangalingid<\/strong><\/p>\n<p>Kliendid v\u00f5ivad tasuda toetatud pankade pangalinkide kaudu. Selle makseviisi valimisel suunatakse klient oma panga turvalisse veebikeskkonda makse l\u00f5puleviimiseks.<br \/>________________________________________<br \/><strong>3.3. Makse arve alusel (panga\u00fclekanne)<\/strong><\/p>\n<p>Kui klient valib makse arve alusel, v\u00e4ljastab Voltride arve ning klient tasub selle panga\u00fclekandega arvel m\u00e4rgitud t\u00e4htaja jooksul.<\/p>\n<p>Kui ei ole selges\u00f5naliselt kokku lepitud teisiti, j\u00f5ustub M\u00fc\u00fcgileping ning toode saadetakse teele alles p\u00e4rast seda, kui M\u00fc\u00fcja on kogu makse k\u00e4tte saanud.<br \/>________________________________________<br \/><strong>3.4. PayPal<\/strong><\/p>\n<p>Kliendid v\u00f5ivad valida makseviisiks PayPali, s\u00f5ltuvalt PayPali k\u00e4ttesaadavusest ja tingimustest. PayPali maksed t\u00f6\u00f6deldakse otse PayPali poolt ning neile kohaldatakse PayPali tingimusi ja privaatsuspoliitikat.<br \/>________________________________________<br \/><strong>3.5. Revolut<\/strong><\/p>\n<p>V\u00f5imaluse korral saavad kliendid tasuda Revoluti kaudu. Revoluti maksed t\u00f6\u00f6deldakse Revoluti poolt vastavalt selle kehtivatele tingimustele.<br \/>________________________________________<br \/><strong>4. Finantseerimis- ja \u201eMaksa hiljem\u201c lahendused<\/strong><\/p>\n<p><strong>4.1. \u00dcldp\u00f5him\u00f5tted<\/strong><\/p>\n<p>Edasil\u00fckatud makse, j\u00e4relmaksu ja muud krediidip\u00f5hised makselahendused pakuvad s\u00f5ltumatud kolmandatest isikutest finantseerijad. Voltride ei tegutse krediidivahendajana.<\/p>\n<p>Sellise makseviisi valimisel:<br \/>\u2022 s\u00f5lmitakse eraldi krediidi- v\u00f5i finantseerimisleping otse kliendi ja finantseerija vahel;<br \/>\u2022 Voltride ei ole laenuandja ega krediidilepingu osapool;<br \/>\u2022 krediidiotsused, krediidilimiidid ja tagasimaksetingimused m\u00e4\u00e4rab \u00fcksnes finantseerija<\/p>\n<p>Kui finantseerimis- v\u00f5i edasil\u00fckatud makse taotlus l\u00fckatakse tagasi v\u00f5i t\u00fchistatakse, v\u00f5ib klient sooritada ostu muu saadaoleva makseviisiga. M\u00fc\u00fcgileping ei j\u00f5ustu enne, kui makse on edukalt l\u00f5pule viidud.<br \/>________________________________________<br \/><strong>4.2. Finantseerimisv\u00f5imalused tarbijatele Eestis<\/strong><\/p>\n<p>S\u00f5ltuvalt sobivusest ja tellimuse v\u00e4\u00e4rtusest v\u00f5ivad Eesti tarbijatele kassas olla k\u00e4ttesaadavad j\u00e4rgmised finantseerijad:<br \/>\u2022 LHV Finance<br \/>\u2022 ESTO AS (sh \u201eVoltride j\u00e4relmaks\u201c nime all pakutavad valge sildi lahendused)<br \/>\u2022 Inbank<br \/>\u2022 Liisi<\/p>\n<p>Intressim\u00e4\u00e4rad, tasud, maksegraafik ja muud tingimused m\u00e4\u00e4rab finantseerija ning need kuvatakse kliendile kassas enne krediidilepingu s\u00f5lmimist.<\/p>\n<p>Nende makseviiside v\u00f5imaldamiseks v\u00f5ib Voltride edastada finantseerijale vajalikud tellimuse- ja kontaktandmed krediidiv\u00f5imekuse hindamiseks vastavalt finantseerija privaatsuspoliitikale.<br \/>________________________________________<br \/><strong>4.3. Finantseerimis- ja \u201eMaksa hiljem\u201c lahendused teistes Euroopa riikides<\/strong><\/p>\n<p>Teatud Euroopa riikides asuvatele klientidele v\u00f5ivad kassas olla k\u00e4ttesaadavad edasil\u00fckatud makse ja j\u00e4relmaksu lahendused s\u00f5ltumatute kolmandate isikute finantseerijate kaudu, n\u00e4iteks Klarna, vastavalt finantseerija tingimustele ja heakskiidule.<\/p>\n<p>Saadaolevad makseviisid (nt \u201eMaksa kohe\u201c, \u201eMaksa hiljem\u201c, \u201eMaksa 3 osas\u201c v\u00f5i finantseerimine) erinevad riigiti ning kuvatakse kassas. Sobivuse ja krediidiotsuse teeb \u00fcksnes finantseerija.<\/p>\n<p>Nende makseviiside v\u00f5imaldamiseks v\u00f5ib Voltride edastada finantseerijale vajalikud tellimuse- ja kontaktandmed krediidihindamise eesm\u00e4rgil vastavalt finantseerija privaatsuspoliitikale.<br \/>________________________________________<br \/><strong>4.4. Oluline teave finantseerimise kohta<\/strong><br \/>\u2022 Finantseerimistooted on finantskohustused.<br \/>\u2022 Enne krediidilepingu s\u00f5lmimist tuleb hoolikalt tutvuda finantseerija tingimustega.<br \/>\u2022 Voltride ei m\u00f5juta finantseerimisotsuseid, krediidilimiite ega tagasimaksetingimusi.<br \/>\u2022 \u00dcksikasjalikud finantseerimistingimused, sealhulgas intressim\u00e4\u00e4rad, tasud, finantseerimise kogukulu, ennet\u00e4htaegse tagasimakse \u00f5igused ja tagasimaksetingimused, esitab finantseerija kassas ja oma lepingueelses teabes. Kliendil soovitatakse need enne krediidilepingu s\u00f5lmimist hoolikalt l\u00e4bi vaadata.<\/p>\n<p><strong>4.5. Lisateave finantseerijate kohta:<\/strong><br \/>\u2022 Klarna \u2013 <a href=\"https:\/\/www.klarna.com\">https:\/\/www.klarna.com<\/a><br \/>\u2022 ESTO \u2013 <a href=\"https:\/\/www.esto.ee\">https:\/\/www.esto.ee<\/a><br \/>\u2022 LHV Finance \u2013 <a href=\"https:\/\/www.lhv.ee\/jarelmaks\">https:\/\/www.lhv.ee\/jarelmaks<\/a><br \/>\u2022 Inbank \u2013 <a href=\"https:\/\/www.inbank.ee\">https:\/\/www.inbank.ee<\/a><br \/>\u2022 Liisi \u2013 <a href=\"https:\/\/www.liisi.ee\">https:\/\/www.liisi.ee<\/a>[\/vc_column_text][\/vc_column][\/vc_row][vc_row woodmart_css_id=&#8221;637cf9b5d71a4&#8243; responsive_spacing=&#8221;eyJwYXJhbV90eXBlIjoid29vZG1hcnRfcmVzcG9uc2l2ZV9zcGFjaW5nIiwic2VsZWN0b3JfaWQiOiI2MzdjZjliNWQ3MWE0Iiwic2hvcnRjb2RlIjoidmNfcm93IiwiZGF0YSI6eyJ0YWJsZXQiOnt9LCJtb2JpbGUiOnt9fX0=&#8221; mobile_bg_img_hidden=&#8221;no&#8221; tablet_bg_img_hidden=&#8221;no&#8221; woodmart_parallax=&#8221;0&#8243; woodmart_gradient_switch=&#8221;no&#8221; woodmart_box_shadow=&#8221;no&#8221; wd_z_index=&#8221;no&#8221; woodmart_disable_overflow=&#8221;0&#8243; row_reverse_mobile=&#8221;0&#8243; row_reverse_tablet=&#8221;0&#8243;][vc_column]\t\t\t\n\t\t\t<div id=\"carousel-267\" class=\"wd-carousel-container  wd-wpb with-title wd-rs-679bd7419272f  wd-products-element wd-products products wd-hide wd-loop-builder-off wd-products-with-bg title-line-two\">\n\t\t\t\t\n\t\t\t\t\t\t\t\t\t<h4 class=\"wd-el-title title slider-title element-title\"><span>Hiljuti vaadatud<\/span><\/h4>\t\t\t\t\t\t\t\n\t\t\t\t<div class=\"wd-carousel-inner\">\n\t\t\t\t\t<div class=\" wd-carousel wd-grid scroll-init\"  data-atts='{&quot;slides_per_view&quot;:&quot;5&quot;,&quot;slides_per_view_mobile&quot;:&quot;2&quot;,&quot;wrap&quot;:&quot;no&quot;,&quot;hide_pagination_control&quot;:&quot;yes&quot;,&quot;hide_prev_next_buttons&quot;:&quot;no&quot;,&quot;custom_sizes&quot;:{&quot;desktop&quot;:&quot;5&quot;,&quot;tablet&quot;:&quot;auto&quot;,&quot;mobile&quot;:&quot;2&quot;},&quot;post_type&quot;:&quot;recently_viewed&quot;,&quot;spacing&quot;:&quot;20&quot;,&quot;sync_parent_id&quot;:&quot;wd_6734aba634886&quot;,&quot;scroll_carousel_init&quot;:&quot;yes&quot;,&quot;wrapper_classes&quot;:&quot; wd-wpb&quot;,&quot;highlighted_products&quot;:&quot;0&quot;,&quot;products_divider&quot;:&quot;0&quot;,&quot;products_bordered_grid&quot;:&quot;0&quot;,&quot;products_with_background&quot;:&quot;1&quot;,&quot;products_shadow&quot;:&quot;0&quot;,&quot;product_hover&quot;:&quot;small&quot;,&quot;img_size&quot;:&quot;64x64&quot;,&quot;element_title&quot;:&quot;Hiljuti vaadatud&quot;,&quot;ajax_recently_viewed&quot;:&quot;yes&quot;,&quot;layout&quot;:&quot;carousel&quot;,&quot;woodmart_css_id&quot;:&quot;679bd7419272f&quot;,&quot;grid_gallery&quot;:&quot;no&quot;}' data-scroll_per_page=\"yes\" style=\"--wd-col-lg:5;--wd-col-md:4;--wd-col-sm:2;--wd-gap-lg:20px;--wd-gap-sm:10px;\">\n\t\t\t\t\t\t<div class=\"wd-carousel-wrap\">\n\t\t\t\t\t\t\t\t\t\t\t\t\t<\/div>\n\t\t\t\t\t<\/div>\n\n\t\t\t\t\t\t\t<div class=\"wd-nav-arrows wd-pos-sep wd-hover-1 wd-icon-1\">\n\t\t\t<div class=\"wd-btn-arrow wd-prev wd-disabled\">\n\t\t\t\t<div class=\"wd-arrow-inner\"><\/div>\n\t\t\t<\/div>\n\t\t\t<div class=\"wd-btn-arrow wd-next\">\n\t\t\t\t<div class=\"wd-arrow-inner\"><\/div>\n\t\t\t<\/div>\n\t\t<\/div>\n\t\t\t\t\t\t<\/div>\n\n\t\t\t\t\t\t\t\t\t\t\t\t\t\t<\/div>\n\t\t\t\t\t\t[\/vc_column][\/vc_row]<\/p>\n<\/div>","protected":false},"excerpt":{"rendered":"<p>[vc_row el_class=&#8221;shop-hero&#8221; woodmart_css_id=&#8221;67d72e16c91d9&#8243; responsive_spacing=&#8221;eyJwYXJhbV90eXBlIjoid29vZG1hcnRfcmVzcG9uc2l2ZV9zcGFjaW5nIiwic2VsZWN0b3JfaWQiOiI2N2Q3MmUxNmM5MWQ5Iiwic2hvcnRjb2RlIjoidmNfcm93IiwiZGF0YSI6eyJ0YWJsZXQiOnt9LCJtb2JpbGUiOnt9fX0=&#8221; mobile_bg_img_hidden=&#8221;no&#8221; tablet_bg_img_hidden=&#8221;no&#8221; woodmart_parallax=&#8221;0&#8243; woodmart_gradient_switch=&#8221;no&#8221; woodmart_box_shadow=&#8221;no&#8221; wd_z_index=&#8221;no&#8221; woodmart_disable_overflow=&#8221;0&#8243; row_reverse_mobile=&#8221;0&#8243; row_reverse_tablet=&#8221;0&#8243;][vc_column][vc_raw_html css=&#8221;&#8221;]W2hlcm9fc2ltcGxlX2xpZ2h0XQ==[\/vc_raw_html][\/vc_column][\/vc_row][vc_row row_title=&#8221;terms-content&#8221; el_class=&#8221;terms-content&#8221; woodmart_css_id=&#8221;67ecb8043a324&#8243; responsive_spacing=&#8221;eyJwYXJhbV90eXBlIjoid29vZG1hcnRfcmVzcG9uc2l2ZV9zcGFjaW5nIiwic2VsZWN0b3JfaWQiOiI2N2VjYjgwNDNhMzI0Iiwic2hvcnRjb2RlIjoidmNfcm93IiwiZGF0YSI6eyJ0YWJsZXQiOnt9LCJtb2JpbGUiOnt9fX0=&#8221; mobile_bg_img_hidden=&#8221;no&#8221; tablet_bg_img_hidden=&#8221;no&#8221;<\/p>\n","protected":false},"author":4,"featured_media":0,"parent":0,"menu_order":0,"comment_status":"closed","ping_status":"closed","template":"","meta":{"footnotes":""},"class_list":["post-11427","page","type-page","status-publish","hentry"],"yoast_head":"<!-- This site is optimized with the Yoast SEO Premium plugin v27.3 (Yoast SEO v27.4) - https:\/\/yoast.com\/product\/yoast-seo-premium-wordpress\/ -->\n<title>Maksev\u00f5imalused | Voltride<\/title>\n<meta name=\"description\" content=\"Tutvu Voltride\u2019i turvaliste ja paindlike maksev\u00f5imalustega, mis muudavad ostuprotsessi lihtsaks, kiireks ja usaldusv\u00e4\u00e4rseks.\" \/>\n<meta name=\"robots\" content=\"index, follow, max-snippet:-1, max-image-preview:large, max-video-preview:-1\" \/>\n<link rel=\"canonical\" href=\"https:\/\/voltride.com\/et\/maksevoimalused\/\" \/>\n<meta property=\"og:locale\" content=\"et_EE\" \/>\n<meta property=\"og:type\" content=\"article\" \/>\n<meta property=\"og:title\" content=\"Maksev\u00f5imalused | Voltride\" \/>\n<meta property=\"og:description\" content=\"Tutvu Voltride\u2019i turvaliste ja paindlike maksev\u00f5imalustega, mis muudavad ostuprotsessi lihtsaks, kiireks ja usaldusv\u00e4\u00e4rseks.\" \/>\n<meta property=\"og:url\" content=\"https:\/\/voltride.com\/et\/maksevoimalused\/\" \/>\n<meta property=\"og:site_name\" content=\"Voltride\" \/>\n<meta property=\"article:publisher\" content=\"https:\/\/www.facebook.com\/voltridecom\/\" \/>\n<meta property=\"article:modified_time\" content=\"2026-02-12T10:43:07+00:00\" \/>\n<meta property=\"og:image\" content=\"https:\/\/voltride.com\/wp-content\/uploads\/2025\/08\/voltride-share-image-general.jpg\" \/>\n\t<meta property=\"og:image:width\" content=\"1201\" \/>\n\t<meta property=\"og:image:height\" content=\"631\" \/>\n\t<meta property=\"og:image:type\" content=\"image\/jpeg\" \/>\n<meta name=\"twitter:card\" content=\"summary_large_image\" \/>\n<script type=\"application\/ld+json\" class=\"yoast-schema-graph\">{\"@context\":\"https:\\\/\\\/schema.org\",\"@graph\":[{\"@type\":\"WebPage\",\"@id\":\"https:\\\/\\\/voltride.com\\\/et\\\/maksevoimalused\\\/\",\"url\":\"https:\\\/\\\/voltride.com\\\/et\\\/maksevoimalused\\\/\",\"name\":\"Maksev\u00f5imalused | Voltride\",\"isPartOf\":{\"@id\":\"https:\\\/\\\/voltride.com\\\/et\\\/#website\"},\"datePublished\":\"2026-01-30T10:00:54+00:00\",\"dateModified\":\"2026-02-12T10:43:07+00:00\",\"description\":\"Tutvu Voltride\u2019i turvaliste ja paindlike maksev\u00f5imalustega, mis muudavad ostuprotsessi lihtsaks, kiireks ja usaldusv\u00e4\u00e4rseks.\",\"breadcrumb\":{\"@id\":\"https:\\\/\\\/voltride.com\\\/et\\\/maksevoimalused\\\/#breadcrumb\"},\"inLanguage\":\"et\",\"potentialAction\":[{\"@type\":\"ReadAction\",\"target\":[\"https:\\\/\\\/voltride.com\\\/et\\\/maksevoimalused\\\/\"]}]},{\"@type\":\"BreadcrumbList\",\"@id\":\"https:\\\/\\\/voltride.com\\\/et\\\/maksevoimalused\\\/#breadcrumb\",\"itemListElement\":[{\"@type\":\"ListItem\",\"position\":1,\"name\":\"Kodu\",\"item\":\"https:\\\/\\\/voltride.com\\\/et\\\/\"},{\"@type\":\"ListItem\",\"position\":2,\"name\":\"Maksev\u00f5imalused\"}]},{\"@type\":\"WebSite\",\"@id\":\"https:\\\/\\\/voltride.com\\\/et\\\/#website\",\"url\":\"https:\\\/\\\/voltride.com\\\/et\\\/\",\"name\":\"Voltride\",\"description\":\"Parim elektrirataste elektrit\u00f5ukside ja \u00fcksrataste pood ja remont\",\"publisher\":{\"@id\":\"https:\\\/\\\/voltride.com\\\/et\\\/#organization\"},\"alternateName\":\"Vr\",\"potentialAction\":[{\"@type\":\"SearchAction\",\"target\":{\"@type\":\"EntryPoint\",\"urlTemplate\":\"https:\\\/\\\/voltride.com\\\/et\\\/?s={search_term_string}\"},\"query-input\":{\"@type\":\"PropertyValueSpecification\",\"valueRequired\":true,\"valueName\":\"search_term_string\"}}],\"inLanguage\":\"et\"},{\"@type\":[\"Organization\",\"Place\"],\"@id\":\"https:\\\/\\\/voltride.com\\\/et\\\/#organization\",\"name\":\"Voltride\",\"alternateName\":\"VR\",\"url\":\"https:\\\/\\\/voltride.com\\\/et\\\/\",\"logo\":{\"@id\":\"https:\\\/\\\/voltride.com\\\/et\\\/maksevoimalused\\\/#local-main-organization-logo\"},\"image\":{\"@id\":\"https:\\\/\\\/voltride.com\\\/et\\\/maksevoimalused\\\/#local-main-organization-logo\"},\"sameAs\":[\"https:\\\/\\\/www.facebook.com\\\/voltridecom\\\/\"],\"legalName\":\"Voltride O\u00dc\",\"numberOfEmployees\":{\"@type\":\"QuantitativeValue\",\"minValue\":\"1\",\"maxValue\":\"10\"},\"ownershipFundingInfo\":\"https:\\\/\\\/voltride.com\\\/about-us\\\/\",\"hasMerchantReturnPolicy\":{\"@type\":\"MerchantReturnPolicy\",\"merchantReturnLink\":\"https:\\\/\\\/voltride.com\\\/shipping-and-returns\\\/\"},\"address\":{\"@id\":\"https:\\\/\\\/voltride.com\\\/et\\\/maksevoimalused\\\/#local-main-place-address\"},\"geo\":{\"@type\":\"GeoCoordinates\",\"latitude\":\"59.439554\",\"longitude\":\"24.726644\"},\"telephone\":[\"+372 600 40 99\"],\"contactPoint\":{\"@type\":\"ContactPoint\",\"telephone\":\"+372 600 40 99\",\"email\":\"info@voltride.com\"},\"openingHoursSpecification\":[{\"@type\":\"OpeningHoursSpecification\",\"dayOfWeek\":[\"Monday\",\"Tuesday\",\"Wednesday\",\"Thursday\",\"Friday\"],\"opens\":\"10:00\",\"closes\":\"18:00\"},{\"@type\":\"OpeningHoursSpecification\",\"dayOfWeek\":[\"Saturday\",\"Sunday\"],\"opens\":\"00:00\",\"closes\":\"00:00\"}],\"email\":\"info@voltride.com\",\"taxID\":\"14871968\"},{\"@type\":\"PostalAddress\",\"@id\":\"https:\\\/\\\/voltride.com\\\/et\\\/maksevoimalused\\\/#local-main-place-address\",\"streetAddress\":\"Voltride Telliskivi 57D\",\"addressLocality\":\"Tallinn\",\"postalCode\":\"10412\",\"addressRegion\":\"Tallinn\",\"addressCountry\":\"EE\"},{\"@type\":\"ImageObject\",\"inLanguage\":\"et\",\"@id\":\"https:\\\/\\\/voltride.com\\\/et\\\/maksevoimalused\\\/#local-main-organization-logo\",\"url\":\"https:\\\/\\\/voltride.com\\\/wp-content\\\/uploads\\\/voltride-logo.png\",\"contentUrl\":\"https:\\\/\\\/voltride.com\\\/wp-content\\\/uploads\\\/voltride-logo.png\",\"width\":2481,\"height\":620,\"caption\":\"Voltride\"}]}<\/script>\n<meta name=\"geo.placename\" content=\"Tallinn\" \/>\n<meta name=\"geo.position\" content=\"59.439554;24.726644\" \/>\n<meta name=\"geo.region\" content=\"Estonia\" \/>\n<!-- \/ Yoast SEO Premium plugin. -->","yoast_head_json":{"title":"Maksev\u00f5imalused | Voltride","description":"Tutvu Voltride\u2019i turvaliste ja paindlike maksev\u00f5imalustega, mis muudavad ostuprotsessi lihtsaks, kiireks ja usaldusv\u00e4\u00e4rseks.","robots":{"index":"index","follow":"follow","max-snippet":"max-snippet:-1","max-image-preview":"max-image-preview:large","max-video-preview":"max-video-preview:-1"},"canonical":"https:\/\/voltride.com\/et\/maksevoimalused\/","og_locale":"et_EE","og_type":"article","og_title":"Maksev\u00f5imalused | Voltride","og_description":"Tutvu Voltride\u2019i turvaliste ja paindlike maksev\u00f5imalustega, mis muudavad ostuprotsessi lihtsaks, kiireks ja usaldusv\u00e4\u00e4rseks.","og_url":"https:\/\/voltride.com\/et\/maksevoimalused\/","og_site_name":"Voltride","article_publisher":"https:\/\/www.facebook.com\/voltridecom\/","article_modified_time":"2026-02-12T10:43:07+00:00","og_image":[{"width":1201,"height":631,"url":"https:\/\/voltride.com\/wp-content\/uploads\/2025\/08\/voltride-share-image-general.jpg","type":"image\/jpeg"}],"twitter_card":"summary_large_image","schema":{"@context":"https:\/\/schema.org","@graph":[{"@type":"WebPage","@id":"https:\/\/voltride.com\/et\/maksevoimalused\/","url":"https:\/\/voltride.com\/et\/maksevoimalused\/","name":"Maksev\u00f5imalused | Voltride","isPartOf":{"@id":"https:\/\/voltride.com\/et\/#website"},"datePublished":"2026-01-30T10:00:54+00:00","dateModified":"2026-02-12T10:43:07+00:00","description":"Tutvu Voltride\u2019i turvaliste ja paindlike maksev\u00f5imalustega, mis muudavad ostuprotsessi lihtsaks, kiireks ja usaldusv\u00e4\u00e4rseks.","breadcrumb":{"@id":"https:\/\/voltride.com\/et\/maksevoimalused\/#breadcrumb"},"inLanguage":"et","potentialAction":[{"@type":"ReadAction","target":["https:\/\/voltride.com\/et\/maksevoimalused\/"]}]},{"@type":"BreadcrumbList","@id":"https:\/\/voltride.com\/et\/maksevoimalused\/#breadcrumb","itemListElement":[{"@type":"ListItem","position":1,"name":"Kodu","item":"https:\/\/voltride.com\/et\/"},{"@type":"ListItem","position":2,"name":"Maksev\u00f5imalused"}]},{"@type":"WebSite","@id":"https:\/\/voltride.com\/et\/#website","url":"https:\/\/voltride.com\/et\/","name":"Voltride","description":"Parim elektrirataste elektrit\u00f5ukside ja \u00fcksrataste pood ja remont","publisher":{"@id":"https:\/\/voltride.com\/et\/#organization"},"alternateName":"Vr","potentialAction":[{"@type":"SearchAction","target":{"@type":"EntryPoint","urlTemplate":"https:\/\/voltride.com\/et\/?s={search_term_string}"},"query-input":{"@type":"PropertyValueSpecification","valueRequired":true,"valueName":"search_term_string"}}],"inLanguage":"et"},{"@type":["Organization","Place"],"@id":"https:\/\/voltride.com\/et\/#organization","name":"Voltride","alternateName":"VR","url":"https:\/\/voltride.com\/et\/","logo":{"@id":"https:\/\/voltride.com\/et\/maksevoimalused\/#local-main-organization-logo"},"image":{"@id":"https:\/\/voltride.com\/et\/maksevoimalused\/#local-main-organization-logo"},"sameAs":["https:\/\/www.facebook.com\/voltridecom\/"],"legalName":"Voltride O\u00dc","numberOfEmployees":{"@type":"QuantitativeValue","minValue":"1","maxValue":"10"},"ownershipFundingInfo":"https:\/\/voltride.com\/about-us\/","hasMerchantReturnPolicy":{"@type":"MerchantReturnPolicy","merchantReturnLink":"https:\/\/voltride.com\/shipping-and-returns\/"},"address":{"@id":"https:\/\/voltride.com\/et\/maksevoimalused\/#local-main-place-address"},"geo":{"@type":"GeoCoordinates","latitude":"59.439554","longitude":"24.726644"},"telephone":["+372 600 40 99"],"contactPoint":{"@type":"ContactPoint","telephone":"+372 600 40 99","email":"info@voltride.com"},"openingHoursSpecification":[{"@type":"OpeningHoursSpecification","dayOfWeek":["Monday","Tuesday","Wednesday","Thursday","Friday"],"opens":"10:00","closes":"18:00"},{"@type":"OpeningHoursSpecification","dayOfWeek":["Saturday","Sunday"],"opens":"00:00","closes":"00:00"}],"email":"info@voltride.com","taxID":"14871968"},{"@type":"PostalAddress","@id":"https:\/\/voltride.com\/et\/maksevoimalused\/#local-main-place-address","streetAddress":"Voltride Telliskivi 57D","addressLocality":"Tallinn","postalCode":"10412","addressRegion":"Tallinn","addressCountry":"EE"},{"@type":"ImageObject","inLanguage":"et","@id":"https:\/\/voltride.com\/et\/maksevoimalused\/#local-main-organization-logo","url":"https:\/\/voltride.com\/wp-content\/uploads\/voltride-logo.png","contentUrl":"https:\/\/voltride.com\/wp-content\/uploads\/voltride-logo.png","width":2481,"height":620,"caption":"Voltride"}]},"geo.placename":"Tallinn","geo.position":{"lat":"59.439554","long":"24.726644"},"geo.region":"Estonia"},"_links":{"self":[{"href":"https:\/\/voltride.com\/et\/wp-json\/wp\/v2\/pages\/11427","targetHints":{"allow":["GET"]}}],"collection":[{"href":"https:\/\/voltride.com\/et\/wp-json\/wp\/v2\/pages"}],"about":[{"href":"https:\/\/voltride.com\/et\/wp-json\/wp\/v2\/types\/page"}],"author":[{"embeddable":true,"href":"https:\/\/voltride.com\/et\/wp-json\/wp\/v2\/users\/4"}],"replies":[{"embeddable":true,"href":"https:\/\/voltride.com\/et\/wp-json\/wp\/v2\/comments?post=11427"}],"version-history":[{"count":0,"href":"https:\/\/voltride.com\/et\/wp-json\/wp\/v2\/pages\/11427\/revisions"}],"wp:attachment":[{"href":"https:\/\/voltride.com\/et\/wp-json\/wp\/v2\/media?parent=11427"}],"curies":[{"name":"wp","href":"https:\/\/api.w.org\/{rel}","templated":true}]}}