{"id":12776,"date":"2025-11-05T13:48:27","date_gmt":"2025-11-05T11:48:27","guid":{"rendered":"https:\/\/voltride.com\/veteran-patton-s-50s\/"},"modified":"2026-03-29T21:32:37","modified_gmt":"2026-03-29T19:32:37","slug":"veteran-patton-s-50s","status":"publish","type":"product","link":"https:\/\/voltride.com\/et\/veteran-patton-s-50s\/","title":{"rendered":"Veteran Patton S 50s"},"content":{"rendered":"<div class=\"wpb-content-wrapper\"><p>[vc_row css=&#8221;.vc_custom_1738843193265{background-color: #0F3F36 !important;}&#8221; woodmart_css_id=&#8221;67a4a4339c25a&#8221; responsive_spacing=&#8221;eyJwYXJhbV90eXBlIjoid29vZG1hcnRfcmVzcG9uc2l2ZV9zcGFjaW5nIiwic2VsZWN0b3JfaWQiOiI2N2E0YTQzMzljMjVhIiwic2hvcnRjb2RlIjoidmNfcm93IiwiZGF0YSI6eyJ0YWJsZXQiOnt9LCJtb2JpbGUiOnt9fX0=&#8221; mobile_bg_img_hidden=&#8221;no&#8221; tablet_bg_img_hidden=&#8221;no&#8221; woodmart_parallax=&#8221;0&#8243; woodmart_gradient_switch=&#8221;no&#8221; woodmart_box_shadow=&#8221;no&#8221; wd_z_index=&#8221;no&#8221; woodmart_disable_overflow=&#8221;0&#8243; row_reverse_mobile=&#8221;0&#8243; row_reverse_tablet=&#8221;0&#8243; el_id=&#8221;p-description&#8221; el_class=&#8221;product-description&#8221;][vc_column][vc_row_inner equal_height=&#8221;yes&#8221; content_placement=&#8221;top&#8221; gap=&#8221;30&#8243; woodmart_css_id=&#8221;67ad1e7334786&#8243; responsive_spacing=&#8221;eyJwYXJhbV90eXBlIjoid29vZG1hcnRfcmVzcG9uc2l2ZV9zcGFjaW5nIiwic2VsZWN0b3JfaWQiOiI2N2FkMWU3MzM0Nzg2Iiwic2hvcnRjb2RlIjoidmNfcm93X2lubmVyIiwiZGF0YSI6eyJ0YWJsZXQiOnt9LCJtb2JpbGUiOnt9fX0=&#8221; mobile_bg_img_hidden=&#8221;no&#8221; tablet_bg_img_hidden=&#8221;no&#8221; woodmart_parallax=&#8221;0&#8243; woodmart_gradient_switch=&#8221;no&#8221; woodmart_box_shadow=&#8221;no&#8221; wd_z_index=&#8221;no&#8221; woodmart_disable_overflow=&#8221;0&#8243; row_reverse_mobile=&#8221;0&#8243; row_reverse_tablet=&#8221;0&#8243; el_class=&#8221;inside-dec-row&#8221;][vc_column_inner width=&#8221;1\/2&#8243;][vc_column_text css=&#8221;&#8221; woodmart_inline=&#8221;no&#8221; text_larger=&#8221;no&#8221;]<\/p>\n<h3 style=\"text-align: left;\">Suure J\u00f5udlusega J\u00f5u\u00fclekanne<\/h3>\n<p>[\/vc_column_text][vc_column_text css=&#8221;&#8221; woodmart_inline=&#8221;no&#8221; text_larger=&#8221;no&#8221; el_class=&#8221;features-list&#8221;]Patton S 50S-il on 3000 W p\u00f6\u00f6rdemomendiga mootor, mis v\u00f5ib tipphetkel saavutada kuni 7000 W. See annab kiire kiirenduse ning v\u00f5imaldab h\u00f5lpsalt v\u00f5tta kuni 31\u00b0 t\u00f5use. Kahekihiline juhtimiss\u00fcsteem aitab v\u00f5imsust t\u00e4pselt juhtida ja hoiab koormuse korral temperatuuri paremini kontrolli all. T\u00e4nu sellele p\u00fcsib s\u00f5it stabiilne ka j\u00e4rskudel t\u00f5usudel ja sportlikuma s\u00f5idustiili juures.[\/vc_column_text][\/vc_column_inner][vc_column_inner width=&#8221;1\/2&#8243;][vc_column_text css=&#8221;&#8221; woodmart_inline=&#8221;no&#8221; text_larger=&#8221;no&#8221;]<\/p>\n<h3 id=\"h-long-range-battery-system\" class=\"wp-block-heading\">Suure Mahutavusega Aku S\u00fcsteem<\/h3>\n<p>[\/vc_column_text][vc_column_text css=&#8221;&#8221; woodmart_inline=&#8221;no&#8221; text_larger=&#8221;no&#8221; el_class=&#8221;features-list&#8221;]Patton S on varustatud k\u00f5rgepinge 126 V ja 2220 Wh akuga, mis kasutab kvaliteetseid Samsung 50S elemente. Heades tingimustes v\u00f5imaldab see s\u00f5ita umbes 100 km \u00fche laadimisega. Aku t\u00f6\u00f6d juhib nutikas akuhalduss\u00fcsteem (BMS), mis hoiab s\u00fcsteemi stabiilsena ja turvalisena. See tasakaalustab elemente, kaitseb liigvoolu ja l\u00fchise eest ning j\u00e4lgib aku temperatuuri, et energia kasutamine oleks v\u00f5imalikult t\u00f5hus ja t\u00f6\u00f6kindel.[\/vc_column_text][\/vc_column_inner][\/vc_row_inner][vc_row_inner equal_height=&#8221;yes&#8221; content_placement=&#8221;top&#8221; gap=&#8221;30&#8243; woodmart_css_id=&#8221;67ad1e7334786&#8243; responsive_spacing=&#8221;eyJwYXJhbV90eXBlIjoid29vZG1hcnRfcmVzcG9uc2l2ZV9zcGFjaW5nIiwic2VsZWN0b3JfaWQiOiI2N2FkMWU3MzM0Nzg2Iiwic2hvcnRjb2RlIjoidmNfcm93X2lubmVyIiwiZGF0YSI6eyJ0YWJsZXQiOnt9LCJtb2JpbGUiOnt9fX0=&#8221; mobile_bg_img_hidden=&#8221;no&#8221; tablet_bg_img_hidden=&#8221;no&#8221; woodmart_parallax=&#8221;0&#8243; woodmart_gradient_switch=&#8221;no&#8221; woodmart_box_shadow=&#8221;no&#8221; wd_z_index=&#8221;no&#8221; woodmart_disable_overflow=&#8221;0&#8243; row_reverse_mobile=&#8221;0&#8243; row_reverse_tablet=&#8221;0&#8243; el_class=&#8221;inside-dec-row&#8221;][vc_column_inner width=&#8221;1\/2&#8243;][vc_column_text css=&#8221;&#8221; woodmart_inline=&#8221;no&#8221; text_larger=&#8221;no&#8221;]<\/p>\n<h3 id=\"h-precision-suspension-system\" class=\"wp-block-heading\">T\u00e4pne Vedrustuss\u00fcsteem<\/h3>\n<p>[\/vc_column_text][vc_column_text css=&#8221;&#8221; woodmart_inline=&#8221;no&#8221; text_larger=&#8221;no&#8221; el_class=&#8221;features-list&#8221;]Keskele paigutatud h\u00fcdrauliline vedrustus pakub 80 mm vedruk\u00e4iku ning seda saab \u00fcsna t\u00e4pselt enda s\u00f5idustiili j\u00e4rgi seadistada. Eelpinget saab reguleerida 12 astmes ja tagasip\u00f5rget 18 astmes, nii et saad vedrustuse tunnetuse just enda jaoks paika s\u00e4ttida. Olgu ees linnat\u00e4nava augud v\u00f5i kivine metsarada \u2013 Fastace vedrustus aitab l\u00f6\u00f6ke paremini summutada ning hoiab s\u00f5idu mugava ja ratta kindlalt kontrolli all.[\/vc_column_text][\/vc_column_inner][vc_column_inner width=&#8221;1\/2&#8243;][vc_column_text css=&#8221;&#8221; woodmart_inline=&#8221;no&#8221; text_larger=&#8221;no&#8221;]<\/p>\n<h3 id=\"h-built-for-durability-and-control\" class=\"wp-block-heading\">Loodud Vastupidavuseks ja Kindlaks Juhitavuseks<\/h3>\n<p>[\/vc_column_text][vc_column_text css=&#8221;&#8221; woodmart_inline=&#8221;no&#8221; text_larger=&#8221;no&#8221; el_class=&#8221;features-list&#8221;]Magneesiumsulamist akukorpus ja tugevdatud raam aitavad hoida ratta kaalu v\u00e4iksemana, samas kui konstruktsioon p\u00fcsib tugev ja vastupidav. 18-tolline rehv nelja integreeritud tugevdusega tagab hea haarduvuse ja stabiilsuse nii kruusal, metsaradadel kui ka linnat\u00e4navatel. Kaaludes vaid 36 kg on Patton S varasematest mudelitest kergem, kuid tugevuses ei ole j\u00e4releandmisi tehtud.[\/vc_column_text][vc_column_text css=&#8221;&#8221; woodmart_inline=&#8221;no&#8221; text_larger=&#8221;no&#8221; el_class=&#8221;featured-list&#8221;][\/vc_column_text][\/vc_column_inner][\/vc_row_inner]\t\t<div id=\"wd-690b50fa89fec\" class=\"wd-text-block wd-wpb reset-last-child wd-rs-690b50fa89fec text-left \">\n\t\t\t<h3 id=\"h-advanced-rider-interface\" class=\"wp-block-heading\" style=\"text-align: center;\">T\u00e4iustatud Juhtimisliides<\/h3>\n\t\t<\/div>\n\t\t[vc_column_text css=&#8221;&#8221; woodmart_inline=&#8221;no&#8221; text_larger=&#8221;no&#8221; el_class=&#8221;features-list&#8221;]<\/p>\n<p style=\"text-align: center;\"><strong>Valgustus<\/strong>: : 20 W kahe l\u00e4\u00e4tsega esituli (2500 lm) ning tagumised piduri- ja suunatuled<\/p>\n<p style=\"text-align: center;\"><strong>Ekraan<\/strong>: n\u00e4itab reaalajas kiirust, pinget, s\u00f5idure\u017eiimi ja aku taset<\/p>\n<p style=\"text-align: center;\"><strong>Juhtimine<\/strong>: integreeritud transpordik\u00e4epide, ogadega magneesiumist pedaalid ja v\u00f5imalus lisada tugijalg<\/p>\n<p style=\"text-align: center;\"><strong>Ohutus<\/strong>: t\u00e4ielikult integreeritud akuhalduss\u00fcsteem (BMS), kuuma- ja veekindel ehitus ning h\u00e4irekindel elektroonika<\/p>\n<p>[\/vc_column_text]\t\t<div class=\"wd-el-video wd-wpb wd-rs-690b4bdcc46ed wd-action-without wd-video-youtube\">\n\t\t\t\t\t\t\t<iframe src=\"https:\/\/www.youtube.com\/embed\/8_Lf_pbfuBs?feature=oembed&loop=0&mute=0&controls=1&autoplay=0\" allowfullscreen allow=\"accelerometer; autoplay; encrypted-media; gyroscope; picture-in-picture\" width=\"100%\" height=\"100%\" loading=\"lazy\" aria-label=\"Videopleier\"><\/iframe>\t\t\t\n\t\t\t\n\t\t\t\n\t\t\t\t\t<\/div>\n\t\t[vc_empty_space height=&#8221;2vw&#8221; woodmart_hide_large=&#8221;0&#8243; woodmart_hide_medium=&#8221;0&#8243; woodmart_hide_small=&#8221;0&#8243;][vc_row_inner el_class=&#8221;product-cta&#8221; woodmart_css_id=&#8221;67ad831e70f64&#8243; responsive_spacing=&#8221;eyJwYXJhbV90eXBlIjoid29vZG1hcnRfcmVzcG9uc2l2ZV9zcGFjaW5nIiwic2VsZWN0b3JfaWQiOiI2N2FkODMxZTcwZjY0Iiwic2hvcnRjb2RlIjoidmNfcm93X2lubmVyIiwiZGF0YSI6eyJ0YWJsZXQiOnt9LCJtb2JpbGUiOnt9fX0=&#8221; mobile_bg_img_hidden=&#8221;no&#8221; tablet_bg_img_hidden=&#8221;no&#8221; woodmart_parallax=&#8221;0&#8243; woodmart_gradient_switch=&#8221;no&#8221; woodmart_box_shadow=&#8221;no&#8221; wd_z_index=&#8221;no&#8221; woodmart_disable_overflow=&#8221;0&#8243; row_reverse_mobile=&#8221;0&#8243; row_reverse_tablet=&#8221;0&#8243;][vc_column_inner][vc_column_text css=&#8221;&#8221; el_class=&#8221;bigger-cta-heading&#8221; woodmart_inline=&#8221;no&#8221; text_larger=&#8221;no&#8221;]<\/p>\n<h4>Telli oma elektriline \u00fcksratas Veteran Patton S juba t\u00e4na!<\/h4>\n<p>[\/vc_column_text][\/vc_column_inner][\/vc_row_inner][\/vc_column][vc_column][\/vc_column][\/vc_row]<\/p>\n<\/div>","protected":false},"excerpt":{"rendered":"<p>Leaperkim <strong>Veteran Patton S 50S<\/strong> on suure j\u00f5udlusega elektriline \u00fcksratas, millel on 3000 W mootor, 126 V ja 2220 Wh aku Samsungi 50S elementidega ning t\u00e4ielikult reguleeritav keskele paigaldatud vedrustus. See on loodud nii igap\u00e4evaseks linnas\u00f5iduks kui ka maastikul liikumiseks. Patton S \u00fchendab v\u00f5imsuse, hea juhitavuse ja turvalisuse vastupidavas, kuid suhteliselt kerges raamistikus.<\/p>\n","protected":false},"featured_media":12772,"comment_status":"closed","ping_status":"closed","template":"","meta":[],"product_brand":[654],"product_cat":[723],"product_tag":[],"class_list":{"0":"post-12776","1":"product","2":"type-product","3":"status-publish","4":"has-post-thumbnail","6":"product_brand-veteran","7":"product_cat-elektrilised-uksrattad","9":"first","10":"instock","11":"sale","12":"taxable","13":"shipping-taxable","14":"purchasable","15":"product-type-variable"},"yoast_head":"<!-- This site is optimized with the Yoast SEO Premium plugin v27.3 (Yoast SEO v27.4) - https:\/\/yoast.com\/product\/yoast-seo-premium-wordpress\/ -->\n<title>Leaperkim Veteran Patton S 50S \u2013 suure j\u00f5udlusega elektriline \u00fcksratas | Voltride<\/title>\n<meta name=\"description\" content=\"Veteran Patton S 50S on suure j\u00f5udlusega 126 V elektriline \u00fcksratas, millel on reguleeritav vedrustus ja v\u00f5imas mootor nii linnas kui ka maastikul s\u00f5itmiseks.\" \/>\n<meta name=\"robots\" content=\"index, follow, max-snippet:-1, max-image-preview:large, max-video-preview:-1\" \/>\n<link rel=\"canonical\" href=\"https:\/\/voltride.com\/et\/veteran-patton-s-50s\/\" \/>\n<meta property=\"og:locale\" content=\"et_EE\" \/>\n<meta property=\"og:type\" content=\"article\" \/>\n<meta property=\"og:title\" content=\"Veteran Patton S 50s | Voltride\" \/>\n<meta property=\"og:description\" content=\"Veteran Patton S 50S on suure j\u00f5udlusega 126 V elektriline \u00fcksratas, millel on reguleeritav vedrustus ja v\u00f5imas mootor nii linnas kui ka maastikul s\u00f5itmiseks.\" \/>\n<meta property=\"og:url\" content=\"https:\/\/voltride.com\/et\/veteran-patton-s-50s\/\" \/>\n<meta property=\"og:site_name\" content=\"Voltride\" \/>\n<meta property=\"article:publisher\" content=\"https:\/\/www.facebook.com\/voltridecom\/\" \/>\n<meta property=\"article:modified_time\" content=\"2026-03-29T19:32:37+00:00\" \/>\n<meta property=\"og:image\" content=\"https:\/\/voltride.com\/wp-content\/uploads\/2025\/11\/veteran-patton-s-left-side-angled.jpg\" \/>\n\t<meta property=\"og:image:width\" content=\"1200\" \/>\n\t<meta property=\"og:image:height\" content=\"1200\" \/>\n\t<meta property=\"og:image:type\" content=\"image\/jpeg\" \/>\n<meta name=\"twitter:card\" content=\"summary_large_image\" \/>\n<script type=\"application\/ld+json\" class=\"yoast-schema-graph\">{\"@context\":\"https:\\\/\\\/schema.org\",\"@graph\":[{\"@type\":\"WebPage\",\"@id\":\"https:\\\/\\\/voltride.com\\\/et\\\/veteran-patton-s-50s\\\/\",\"url\":\"https:\\\/\\\/voltride.com\\\/et\\\/veteran-patton-s-50s\\\/\",\"name\":\"Leaperkim Veteran Patton S 50S \u2013 suure j\u00f5udlusega elektriline \u00fcksratas | Voltride\",\"isPartOf\":{\"@id\":\"https:\\\/\\\/voltride.com\\\/et\\\/#website\"},\"primaryImageOfPage\":{\"@id\":\"https:\\\/\\\/voltride.com\\\/et\\\/veteran-patton-s-50s\\\/#primaryimage\"},\"image\":{\"@id\":\"https:\\\/\\\/voltride.com\\\/et\\\/veteran-patton-s-50s\\\/#primaryimage\"},\"thumbnailUrl\":\"https:\\\/\\\/voltride.com\\\/wp-content\\\/uploads\\\/2025\\\/11\\\/veteran-patton-s-left-side-angled.jpg\",\"datePublished\":\"2025-11-05T11:48:27+00:00\",\"dateModified\":\"2026-03-29T19:32:37+00:00\",\"description\":\"Veteran Patton S 50S on suure j\u00f5udlusega 126 V elektriline \u00fcksratas, millel on reguleeritav vedrustus ja v\u00f5imas mootor nii linnas kui ka maastikul s\u00f5itmiseks.\",\"breadcrumb\":{\"@id\":\"https:\\\/\\\/voltride.com\\\/et\\\/veteran-patton-s-50s\\\/#breadcrumb\"},\"inLanguage\":\"et\",\"potentialAction\":[{\"@type\":\"ReadAction\",\"target\":[\"https:\\\/\\\/voltride.com\\\/et\\\/veteran-patton-s-50s\\\/\"]}]},{\"@type\":\"ImageObject\",\"inLanguage\":\"et\",\"@id\":\"https:\\\/\\\/voltride.com\\\/et\\\/veteran-patton-s-50s\\\/#primaryimage\",\"url\":\"https:\\\/\\\/voltride.com\\\/wp-content\\\/uploads\\\/2025\\\/11\\\/veteran-patton-s-left-side-angled.jpg\",\"contentUrl\":\"https:\\\/\\\/voltride.com\\\/wp-content\\\/uploads\\\/2025\\\/11\\\/veteran-patton-s-left-side-angled.jpg\",\"width\":1200,\"height\":1200,\"caption\":\"Veteran Patton S elektrilise \u00fcksratta vasakpoolne nurga alt vaade, k\u00e4epide v\u00e4lja t\u00f5mmatud.\"},{\"@type\":\"BreadcrumbList\",\"@id\":\"https:\\\/\\\/voltride.com\\\/et\\\/veteran-patton-s-50s\\\/#breadcrumb\",\"itemListElement\":[{\"@type\":\"ListItem\",\"position\":1,\"name\":\"Kodu\",\"item\":\"https:\\\/\\\/voltride.com\\\/et\\\/\"},{\"@type\":\"ListItem\",\"position\":2,\"name\":\"Pood\",\"item\":\"https:\\\/\\\/voltride.com\\\/et\\\/e-pood\\\/\"},{\"@type\":\"ListItem\",\"position\":3,\"name\":\"Elektrilised \u00dcksrattad\",\"item\":\"https:\\\/\\\/voltride.com\\\/et\\\/elektrilised-uksrattad\\\/\"},{\"@type\":\"ListItem\",\"position\":4,\"name\":\"Veteran Patton S 50s\"}]},{\"@type\":\"WebSite\",\"@id\":\"https:\\\/\\\/voltride.com\\\/et\\\/#website\",\"url\":\"https:\\\/\\\/voltride.com\\\/et\\\/\",\"name\":\"Voltride\",\"description\":\"Parim elektrirataste elektrit\u00f5ukside ja \u00fcksrataste pood ja remont\",\"publisher\":{\"@id\":\"https:\\\/\\\/voltride.com\\\/et\\\/#organization\"},\"alternateName\":\"Vr\",\"potentialAction\":[{\"@type\":\"SearchAction\",\"target\":{\"@type\":\"EntryPoint\",\"urlTemplate\":\"https:\\\/\\\/voltride.com\\\/et\\\/?s={search_term_string}\"},\"query-input\":{\"@type\":\"PropertyValueSpecification\",\"valueRequired\":true,\"valueName\":\"search_term_string\"}}],\"inLanguage\":\"et\"},{\"@type\":[\"Organization\",\"Place\"],\"@id\":\"https:\\\/\\\/voltride.com\\\/et\\\/#organization\",\"name\":\"Voltride\",\"alternateName\":\"VR\",\"url\":\"https:\\\/\\\/voltride.com\\\/et\\\/\",\"logo\":{\"@id\":\"https:\\\/\\\/voltride.com\\\/et\\\/veteran-patton-s-50s\\\/#local-main-organization-logo\"},\"image\":{\"@id\":\"https:\\\/\\\/voltride.com\\\/et\\\/veteran-patton-s-50s\\\/#local-main-organization-logo\"},\"sameAs\":[\"https:\\\/\\\/www.facebook.com\\\/voltridecom\\\/\"],\"legalName\":\"Voltride O\u00dc\",\"numberOfEmployees\":{\"@type\":\"QuantitativeValue\",\"minValue\":\"1\",\"maxValue\":\"10\"},\"ownershipFundingInfo\":\"https:\\\/\\\/voltride.com\\\/about-us\\\/\",\"hasMerchantReturnPolicy\":{\"@type\":\"MerchantReturnPolicy\",\"merchantReturnLink\":\"https:\\\/\\\/voltride.com\\\/shipping-and-returns\\\/\"},\"address\":{\"@id\":\"https:\\\/\\\/voltride.com\\\/et\\\/veteran-patton-s-50s\\\/#local-main-place-address\"},\"geo\":{\"@type\":\"GeoCoordinates\",\"latitude\":\"59.439554\",\"longitude\":\"24.726644\"},\"telephone\":[\"+372 600 40 99\"],\"contactPoint\":{\"@type\":\"ContactPoint\",\"telephone\":\"+372 600 40 99\",\"email\":\"info@voltride.com\"},\"openingHoursSpecification\":[{\"@type\":\"OpeningHoursSpecification\",\"dayOfWeek\":[\"Monday\",\"Tuesday\",\"Wednesday\",\"Thursday\",\"Friday\"],\"opens\":\"10:00\",\"closes\":\"18:00\"},{\"@type\":\"OpeningHoursSpecification\",\"dayOfWeek\":[\"Saturday\",\"Sunday\"],\"opens\":\"00:00\",\"closes\":\"00:00\"}],\"email\":\"info@voltride.com\",\"taxID\":\"14871968\"},{\"@type\":\"PostalAddress\",\"@id\":\"https:\\\/\\\/voltride.com\\\/et\\\/veteran-patton-s-50s\\\/#local-main-place-address\",\"streetAddress\":\"Voltride Telliskivi 57D\",\"addressLocality\":\"Tallinn\",\"postalCode\":\"10412\",\"addressRegion\":\"Tallinn\",\"addressCountry\":\"EE\"},{\"@type\":\"ImageObject\",\"inLanguage\":\"et\",\"@id\":\"https:\\\/\\\/voltride.com\\\/et\\\/veteran-patton-s-50s\\\/#local-main-organization-logo\",\"url\":\"https:\\\/\\\/voltride.com\\\/wp-content\\\/uploads\\\/voltride-logo.png\",\"contentUrl\":\"https:\\\/\\\/voltride.com\\\/wp-content\\\/uploads\\\/voltride-logo.png\",\"width\":2481,\"height\":620,\"caption\":\"Voltride\"}]}<\/script>\n<meta property=\"product:brand\" content=\"LeaperKim (Veteran)\" \/>\n<meta property=\"og:availability\" content=\"instock\" \/>\n<meta property=\"product:availability\" content=\"instock\" \/>\n<meta property=\"product:retailer_item_id\" content=\"OWVT104\" \/>\n<meta property=\"product:condition\" content=\"new\" \/>\n<meta name=\"geo.placename\" content=\"Tallinn\" \/>\n<meta name=\"geo.position\" content=\"59.439554;24.726644\" \/>\n<meta name=\"geo.region\" content=\"Estonia\" \/>\n<!-- \/ Yoast SEO Premium plugin. -->","yoast_head_json":{"title":"Leaperkim Veteran Patton S 50S \u2013 suure j\u00f5udlusega elektriline \u00fcksratas | Voltride","description":"Veteran Patton S 50S on suure j\u00f5udlusega 126 V elektriline \u00fcksratas, millel on reguleeritav vedrustus ja v\u00f5imas mootor nii linnas kui ka maastikul s\u00f5itmiseks.","robots":{"index":"index","follow":"follow","max-snippet":"max-snippet:-1","max-image-preview":"max-image-preview:large","max-video-preview":"max-video-preview:-1"},"canonical":"https:\/\/voltride.com\/et\/veteran-patton-s-50s\/","og_locale":"et_EE","og_type":"article","og_title":"Veteran Patton S 50s | Voltride","og_description":"Veteran Patton S 50S on suure j\u00f5udlusega 126 V elektriline \u00fcksratas, millel on reguleeritav vedrustus ja v\u00f5imas mootor nii linnas kui ka maastikul s\u00f5itmiseks.","og_url":"https:\/\/voltride.com\/et\/veteran-patton-s-50s\/","og_site_name":"Voltride","article_publisher":"https:\/\/www.facebook.com\/voltridecom\/","article_modified_time":"2026-03-29T19:32:37+00:00","og_image":[{"width":1200,"height":1200,"url":"https:\/\/voltride.com\/wp-content\/uploads\/2025\/11\/veteran-patton-s-left-side-angled.jpg","type":"image\/jpeg"}],"twitter_card":"summary_large_image","schema":{"@context":"https:\/\/schema.org","@graph":[{"@type":"WebPage","@id":"https:\/\/voltride.com\/et\/veteran-patton-s-50s\/","url":"https:\/\/voltride.com\/et\/veteran-patton-s-50s\/","name":"Leaperkim Veteran Patton S 50S \u2013 suure j\u00f5udlusega elektriline \u00fcksratas | Voltride","isPartOf":{"@id":"https:\/\/voltride.com\/et\/#website"},"primaryImageOfPage":{"@id":"https:\/\/voltride.com\/et\/veteran-patton-s-50s\/#primaryimage"},"image":{"@id":"https:\/\/voltride.com\/et\/veteran-patton-s-50s\/#primaryimage"},"thumbnailUrl":"https:\/\/voltride.com\/wp-content\/uploads\/2025\/11\/veteran-patton-s-left-side-angled.jpg","datePublished":"2025-11-05T11:48:27+00:00","dateModified":"2026-03-29T19:32:37+00:00","description":"Veteran Patton S 50S on suure j\u00f5udlusega 126 V elektriline \u00fcksratas, millel on reguleeritav vedrustus ja v\u00f5imas mootor nii linnas kui ka maastikul s\u00f5itmiseks.","breadcrumb":{"@id":"https:\/\/voltride.com\/et\/veteran-patton-s-50s\/#breadcrumb"},"inLanguage":"et","potentialAction":[{"@type":"ReadAction","target":["https:\/\/voltride.com\/et\/veteran-patton-s-50s\/"]}]},{"@type":"ImageObject","inLanguage":"et","@id":"https:\/\/voltride.com\/et\/veteran-patton-s-50s\/#primaryimage","url":"https:\/\/voltride.com\/wp-content\/uploads\/2025\/11\/veteran-patton-s-left-side-angled.jpg","contentUrl":"https:\/\/voltride.com\/wp-content\/uploads\/2025\/11\/veteran-patton-s-left-side-angled.jpg","width":1200,"height":1200,"caption":"Veteran Patton S elektrilise \u00fcksratta vasakpoolne nurga alt vaade, k\u00e4epide v\u00e4lja t\u00f5mmatud."},{"@type":"BreadcrumbList","@id":"https:\/\/voltride.com\/et\/veteran-patton-s-50s\/#breadcrumb","itemListElement":[{"@type":"ListItem","position":1,"name":"Kodu","item":"https:\/\/voltride.com\/et\/"},{"@type":"ListItem","position":2,"name":"Pood","item":"https:\/\/voltride.com\/et\/e-pood\/"},{"@type":"ListItem","position":3,"name":"Elektrilised \u00dcksrattad","item":"https:\/\/voltride.com\/et\/elektrilised-uksrattad\/"},{"@type":"ListItem","position":4,"name":"Veteran Patton S 50s"}]},{"@type":"WebSite","@id":"https:\/\/voltride.com\/et\/#website","url":"https:\/\/voltride.com\/et\/","name":"Voltride","description":"Parim elektrirataste elektrit\u00f5ukside ja \u00fcksrataste pood ja remont","publisher":{"@id":"https:\/\/voltride.com\/et\/#organization"},"alternateName":"Vr","potentialAction":[{"@type":"SearchAction","target":{"@type":"EntryPoint","urlTemplate":"https:\/\/voltride.com\/et\/?s={search_term_string}"},"query-input":{"@type":"PropertyValueSpecification","valueRequired":true,"valueName":"search_term_string"}}],"inLanguage":"et"},{"@type":["Organization","Place"],"@id":"https:\/\/voltride.com\/et\/#organization","name":"Voltride","alternateName":"VR","url":"https:\/\/voltride.com\/et\/","logo":{"@id":"https:\/\/voltride.com\/et\/veteran-patton-s-50s\/#local-main-organization-logo"},"image":{"@id":"https:\/\/voltride.com\/et\/veteran-patton-s-50s\/#local-main-organization-logo"},"sameAs":["https:\/\/www.facebook.com\/voltridecom\/"],"legalName":"Voltride O\u00dc","numberOfEmployees":{"@type":"QuantitativeValue","minValue":"1","maxValue":"10"},"ownershipFundingInfo":"https:\/\/voltride.com\/about-us\/","hasMerchantReturnPolicy":{"@type":"MerchantReturnPolicy","merchantReturnLink":"https:\/\/voltride.com\/shipping-and-returns\/"},"address":{"@id":"https:\/\/voltride.com\/et\/veteran-patton-s-50s\/#local-main-place-address"},"geo":{"@type":"GeoCoordinates","latitude":"59.439554","longitude":"24.726644"},"telephone":["+372 600 40 99"],"contactPoint":{"@type":"ContactPoint","telephone":"+372 600 40 99","email":"info@voltride.com"},"openingHoursSpecification":[{"@type":"OpeningHoursSpecification","dayOfWeek":["Monday","Tuesday","Wednesday","Thursday","Friday"],"opens":"10:00","closes":"18:00"},{"@type":"OpeningHoursSpecification","dayOfWeek":["Saturday","Sunday"],"opens":"00:00","closes":"00:00"}],"email":"info@voltride.com","taxID":"14871968"},{"@type":"PostalAddress","@id":"https:\/\/voltride.com\/et\/veteran-patton-s-50s\/#local-main-place-address","streetAddress":"Voltride Telliskivi 57D","addressLocality":"Tallinn","postalCode":"10412","addressRegion":"Tallinn","addressCountry":"EE"},{"@type":"ImageObject","inLanguage":"et","@id":"https:\/\/voltride.com\/et\/veteran-patton-s-50s\/#local-main-organization-logo","url":"https:\/\/voltride.com\/wp-content\/uploads\/voltride-logo.png","contentUrl":"https:\/\/voltride.com\/wp-content\/uploads\/voltride-logo.png","width":2481,"height":620,"caption":"Voltride"}]},"product_brand":"LeaperKim (Veteran)","og_availability":"instock","product_availability":"instock","product_retailer_item_id":"OWVT104","product_condition":"new","geo.placename":"Tallinn","geo.position":{"lat":"59.439554","long":"24.726644"},"geo.region":"Estonia"},"_links":{"self":[{"href":"https:\/\/voltride.com\/et\/wp-json\/wp\/v2\/product\/12776","targetHints":{"allow":["GET"]}}],"collection":[{"href":"https:\/\/voltride.com\/et\/wp-json\/wp\/v2\/product"}],"about":[{"href":"https:\/\/voltride.com\/et\/wp-json\/wp\/v2\/types\/product"}],"replies":[{"embeddable":true,"href":"https:\/\/voltride.com\/et\/wp-json\/wp\/v2\/comments?post=12776"}],"wp:featuredmedia":[{"embeddable":true,"href":"https:\/\/voltride.com\/et\/wp-json\/wp\/v2\/media\/12772"}],"wp:attachment":[{"href":"https:\/\/voltride.com\/et\/wp-json\/wp\/v2\/media?parent=12776"}],"wp:term":[{"taxonomy":"product_brand","embeddable":true,"href":"https:\/\/voltride.com\/et\/wp-json\/wp\/v2\/product_brand?post=12776"},{"taxonomy":"product_cat","embeddable":true,"href":"https:\/\/voltride.com\/et\/wp-json\/wp\/v2\/product_cat?post=12776"},{"taxonomy":"product_tag","embeddable":true,"href":"https:\/\/voltride.com\/et\/wp-json\/wp\/v2\/product_tag?post=12776"}],"curies":[{"name":"wp","href":"https:\/\/api.w.org\/{rel}","templated":true}]}}