{"id":13290,"date":"2025-03-21T09:55:11","date_gmt":"2025-03-21T07:55:11","guid":{"rendered":"https:\/\/voltride.com\/gpad-joyride-eco\/"},"modified":"2026-04-14T22:24:32","modified_gmt":"2026-04-14T20:24:32","slug":"elektriline-toukeratas-gpad-joyride-eco","status":"publish","type":"product","link":"https:\/\/voltride.com\/et\/elektriline-toukeratas-gpad-joyride-eco\/","title":{"rendered":"GPad Joyride Eco"},"content":{"rendered":"","protected":false},"excerpt":{"rendered":"<p>Sama mitmek\u00fclgse disainiga, kuid veidi v\u00e4iksema aku ja s\u00f5iduulatusega GPad Joyride Eco on GPad Joyride\u2019i v\u00e4iksem vend. Sellest hoolimata on see suurep\u00e4rane linnakaaslane mugavaks igap\u00e4evaseks liikumiseks ja l\u00f5busateks s\u00f5itudeks \u2013 pakkudes sarnast kasutajas\u00f5bralikkust nagu v\u00f5imsama mootoriga Joyride.<\/p>\n","protected":false},"featured_media":13283,"comment_status":"closed","ping_status":"closed","template":"","meta":[],"product_brand":[668],"product_cat":[735],"product_tag":[],"class_list":{"0":"post-13290","1":"product","2":"type-product","3":"status-publish","4":"has-post-thumbnail","6":"product_brand-gpad","7":"product_cat-elektrilised-toukerattad","9":"first","10":"instock","11":"sale","12":"taxable","13":"shipping-taxable","14":"purchasable","15":"product-type-variable"},"yoast_head":"<!-- This site is optimized with the Yoast SEO Premium plugin v27.3 (Yoast SEO v27.4) - https:\/\/yoast.com\/product\/yoast-seo-premium-wordpress\/ -->\n<title>GPad Joyride Eco \u2013 kerge linnas\u00f5iduks m\u00f5eldud elektrit\u00f5ukeratas sujuva s\u00f5iduga | Voltride<\/title>\n<meta name=\"description\" content=\"Elektrit\u00f5ukeratas GPad Joyride Eco \u2013 kerge, kokkupandav ja varustatud ohutusfunktsioonidega nagu tagumine ketaspidur ja LED-tuled. Ideaalne linnas\u00f5itjatele.\" \/>\n<meta name=\"robots\" content=\"index, follow, max-snippet:-1, max-image-preview:large, max-video-preview:-1\" \/>\n<link rel=\"canonical\" href=\"https:\/\/voltride.com\/et\/elektriline-toukeratas-gpad-joyride-eco\/\" \/>\n<meta property=\"og:locale\" content=\"et_EE\" \/>\n<meta property=\"og:type\" content=\"article\" \/>\n<meta property=\"og:title\" content=\"Elektrit\u00f5ukeratas GPad Joyride Eco | Voltride\" \/>\n<meta property=\"og:description\" content=\"Elektrit\u00f5ukeratas GPad Joyride Eco \u2013 kerge, kokkupandav ja varustatud ohutusfunktsioonidega nagu tagumine ketaspidur ja LED-tuled. Ideaalne linnas\u00f5itjatele.\" \/>\n<meta property=\"og:url\" content=\"https:\/\/voltride.com\/et\/elektriline-toukeratas-gpad-joyride-eco\/\" \/>\n<meta property=\"og:site_name\" content=\"Voltride\" \/>\n<meta property=\"article:publisher\" content=\"https:\/\/www.facebook.com\/voltridecom\/\" \/>\n<meta property=\"article:modified_time\" content=\"2026-04-14T20:24:32+00:00\" \/>\n<meta property=\"og:image\" content=\"https:\/\/voltride.com\/wp-content\/uploads\/2025\/03\/electric-scooter-gpad-joyride-eco-main-product-image.jpg\" \/>\n\t<meta property=\"og:image:width\" content=\"1200\" \/>\n\t<meta property=\"og:image:height\" content=\"1200\" \/>\n\t<meta property=\"og:image:type\" content=\"image\/jpeg\" \/>\n<meta name=\"twitter:card\" content=\"summary_large_image\" \/>\n<meta name=\"twitter:title\" content=\"GPad Joyride Eco | Voltride\" \/>\n<script type=\"application\/ld+json\" class=\"yoast-schema-graph\">{\"@context\":\"https:\\\/\\\/schema.org\",\"@graph\":[{\"@type\":\"WebPage\",\"@id\":\"https:\\\/\\\/voltride.com\\\/et\\\/elektriline-toukeratas-gpad-joyride-eco\\\/\",\"url\":\"https:\\\/\\\/voltride.com\\\/et\\\/elektriline-toukeratas-gpad-joyride-eco\\\/\",\"name\":\"GPad Joyride Eco \u2013 kerge linnas\u00f5iduks m\u00f5eldud elektrit\u00f5ukeratas sujuva s\u00f5iduga | Voltride\",\"isPartOf\":{\"@id\":\"https:\\\/\\\/voltride.com\\\/et\\\/#website\"},\"primaryImageOfPage\":{\"@id\":\"https:\\\/\\\/voltride.com\\\/et\\\/elektriline-toukeratas-gpad-joyride-eco\\\/#primaryimage\"},\"image\":{\"@id\":\"https:\\\/\\\/voltride.com\\\/et\\\/elektriline-toukeratas-gpad-joyride-eco\\\/#primaryimage\"},\"thumbnailUrl\":\"https:\\\/\\\/voltride.com\\\/wp-content\\\/uploads\\\/2025\\\/03\\\/electric-scooter-gpad-joyride-eco-main-product-image.jpg\",\"datePublished\":\"2025-03-21T07:55:11+00:00\",\"dateModified\":\"2026-04-14T20:24:32+00:00\",\"description\":\"Elektrit\u00f5ukeratas GPad Joyride Eco \u2013 kerge, kokkupandav ja varustatud ohutusfunktsioonidega nagu tagumine ketaspidur ja LED-tuled. Ideaalne linnas\u00f5itjatele.\",\"breadcrumb\":{\"@id\":\"https:\\\/\\\/voltride.com\\\/et\\\/elektriline-toukeratas-gpad-joyride-eco\\\/#breadcrumb\"},\"inLanguage\":\"et\",\"potentialAction\":[{\"@type\":\"ReadAction\",\"target\":[\"https:\\\/\\\/voltride.com\\\/et\\\/elektriline-toukeratas-gpad-joyride-eco\\\/\"]}]},{\"@type\":\"ImageObject\",\"inLanguage\":\"et\",\"@id\":\"https:\\\/\\\/voltride.com\\\/et\\\/elektriline-toukeratas-gpad-joyride-eco\\\/#primaryimage\",\"url\":\"https:\\\/\\\/voltride.com\\\/wp-content\\\/uploads\\\/2025\\\/03\\\/electric-scooter-gpad-joyride-eco-main-product-image.jpg\",\"contentUrl\":\"https:\\\/\\\/voltride.com\\\/wp-content\\\/uploads\\\/2025\\\/03\\\/electric-scooter-gpad-joyride-eco-main-product-image.jpg\",\"width\":1200,\"height\":1200,\"caption\":\"Pilt mustast GPad Joyride Eco elektrit\u00f5ukerattast valgel taustal, vaates vasakult eest.\"},{\"@type\":\"BreadcrumbList\",\"@id\":\"https:\\\/\\\/voltride.com\\\/et\\\/elektriline-toukeratas-gpad-joyride-eco\\\/#breadcrumb\",\"itemListElement\":[{\"@type\":\"ListItem\",\"position\":1,\"name\":\"Kodu\",\"item\":\"https:\\\/\\\/voltride.com\\\/et\\\/\"},{\"@type\":\"ListItem\",\"position\":2,\"name\":\"Pood\",\"item\":\"https:\\\/\\\/voltride.com\\\/et\\\/e-pood\\\/\"},{\"@type\":\"ListItem\",\"position\":3,\"name\":\"Elektrit\u00f5ukerattad\",\"item\":\"https:\\\/\\\/voltride.com\\\/et\\\/elektrilised-toukerattad\\\/\"},{\"@type\":\"ListItem\",\"position\":4,\"name\":\"GPad Joyride Eco\"}]},{\"@type\":\"WebSite\",\"@id\":\"https:\\\/\\\/voltride.com\\\/et\\\/#website\",\"url\":\"https:\\\/\\\/voltride.com\\\/et\\\/\",\"name\":\"Voltride\",\"description\":\"Parim elektrirataste elektrit\u00f5ukside ja \u00fcksrataste pood ja remont\",\"publisher\":{\"@id\":\"https:\\\/\\\/voltride.com\\\/et\\\/#organization\"},\"alternateName\":\"Vr\",\"potentialAction\":[{\"@type\":\"SearchAction\",\"target\":{\"@type\":\"EntryPoint\",\"urlTemplate\":\"https:\\\/\\\/voltride.com\\\/et\\\/?s={search_term_string}\"},\"query-input\":{\"@type\":\"PropertyValueSpecification\",\"valueRequired\":true,\"valueName\":\"search_term_string\"}}],\"inLanguage\":\"et\"},{\"@type\":[\"Organization\",\"Place\"],\"@id\":\"https:\\\/\\\/voltride.com\\\/et\\\/#organization\",\"name\":\"Voltride\",\"alternateName\":\"VR\",\"url\":\"https:\\\/\\\/voltride.com\\\/et\\\/\",\"logo\":{\"@id\":\"https:\\\/\\\/voltride.com\\\/et\\\/elektriline-toukeratas-gpad-joyride-eco\\\/#local-main-organization-logo\"},\"image\":{\"@id\":\"https:\\\/\\\/voltride.com\\\/et\\\/elektriline-toukeratas-gpad-joyride-eco\\\/#local-main-organization-logo\"},\"sameAs\":[\"https:\\\/\\\/www.facebook.com\\\/voltridecom\\\/\"],\"legalName\":\"Voltride O\u00dc\",\"numberOfEmployees\":{\"@type\":\"QuantitativeValue\",\"minValue\":\"1\",\"maxValue\":\"10\"},\"ownershipFundingInfo\":\"https:\\\/\\\/voltride.com\\\/about-us\\\/\",\"hasMerchantReturnPolicy\":{\"@type\":\"MerchantReturnPolicy\",\"merchantReturnLink\":\"https:\\\/\\\/voltride.com\\\/shipping-and-returns\\\/\"},\"address\":{\"@id\":\"https:\\\/\\\/voltride.com\\\/et\\\/elektriline-toukeratas-gpad-joyride-eco\\\/#local-main-place-address\"},\"geo\":{\"@type\":\"GeoCoordinates\",\"latitude\":\"59.439554\",\"longitude\":\"24.726644\"},\"telephone\":[\"+372 600 40 99\"],\"contactPoint\":{\"@type\":\"ContactPoint\",\"telephone\":\"+372 600 40 99\",\"email\":\"info@voltride.com\"},\"openingHoursSpecification\":[{\"@type\":\"OpeningHoursSpecification\",\"dayOfWeek\":[\"Monday\",\"Tuesday\",\"Wednesday\",\"Thursday\",\"Friday\"],\"opens\":\"10:00\",\"closes\":\"18:00\"},{\"@type\":\"OpeningHoursSpecification\",\"dayOfWeek\":[\"Saturday\",\"Sunday\"],\"opens\":\"00:00\",\"closes\":\"00:00\"}],\"email\":\"info@voltride.com\",\"taxID\":\"14871968\"},{\"@type\":\"PostalAddress\",\"@id\":\"https:\\\/\\\/voltride.com\\\/et\\\/elektriline-toukeratas-gpad-joyride-eco\\\/#local-main-place-address\",\"streetAddress\":\"Voltride Telliskivi 57D\",\"addressLocality\":\"Tallinn\",\"postalCode\":\"10412\",\"addressRegion\":\"Tallinn\",\"addressCountry\":\"EE\"},{\"@type\":\"ImageObject\",\"inLanguage\":\"et\",\"@id\":\"https:\\\/\\\/voltride.com\\\/et\\\/elektriline-toukeratas-gpad-joyride-eco\\\/#local-main-organization-logo\",\"url\":\"https:\\\/\\\/voltride.com\\\/wp-content\\\/uploads\\\/voltride-logo.png\",\"contentUrl\":\"https:\\\/\\\/voltride.com\\\/wp-content\\\/uploads\\\/voltride-logo.png\",\"width\":2481,\"height\":620,\"caption\":\"Voltride\"}]}<\/script>\n<meta property=\"product:brand\" content=\"GPad\" \/>\n<meta property=\"og:availability\" content=\"instock\" \/>\n<meta property=\"product:availability\" content=\"instock\" \/>\n<meta property=\"product:retailer_item_id\" content=\"KSJY320\" \/>\n<meta property=\"product:condition\" content=\"new\" \/>\n<meta name=\"geo.placename\" content=\"Tallinn\" \/>\n<meta name=\"geo.position\" content=\"59.439554;24.726644\" \/>\n<meta name=\"geo.region\" content=\"Estonia\" \/>\n<!-- \/ Yoast SEO Premium plugin. -->","yoast_head_json":{"title":"GPad Joyride Eco \u2013 kerge linnas\u00f5iduks m\u00f5eldud elektrit\u00f5ukeratas sujuva s\u00f5iduga | Voltride","description":"Elektrit\u00f5ukeratas GPad Joyride Eco \u2013 kerge, kokkupandav ja varustatud ohutusfunktsioonidega nagu tagumine ketaspidur ja LED-tuled. Ideaalne linnas\u00f5itjatele.","robots":{"index":"index","follow":"follow","max-snippet":"max-snippet:-1","max-image-preview":"max-image-preview:large","max-video-preview":"max-video-preview:-1"},"canonical":"https:\/\/voltride.com\/et\/elektriline-toukeratas-gpad-joyride-eco\/","og_locale":"et_EE","og_type":"article","og_title":"Elektrit\u00f5ukeratas GPad Joyride Eco | Voltride","og_description":"Elektrit\u00f5ukeratas GPad Joyride Eco \u2013 kerge, kokkupandav ja varustatud ohutusfunktsioonidega nagu tagumine ketaspidur ja LED-tuled. Ideaalne linnas\u00f5itjatele.","og_url":"https:\/\/voltride.com\/et\/elektriline-toukeratas-gpad-joyride-eco\/","og_site_name":"Voltride","article_publisher":"https:\/\/www.facebook.com\/voltridecom\/","article_modified_time":"2026-04-14T20:24:32+00:00","og_image":[{"width":1200,"height":1200,"url":"https:\/\/voltride.com\/wp-content\/uploads\/2025\/03\/electric-scooter-gpad-joyride-eco-main-product-image.jpg","type":"image\/jpeg"}],"twitter_card":"summary_large_image","twitter_title":"GPad Joyride Eco | Voltride","schema":{"@context":"https:\/\/schema.org","@graph":[{"@type":"WebPage","@id":"https:\/\/voltride.com\/et\/elektriline-toukeratas-gpad-joyride-eco\/","url":"https:\/\/voltride.com\/et\/elektriline-toukeratas-gpad-joyride-eco\/","name":"GPad Joyride Eco \u2013 kerge linnas\u00f5iduks m\u00f5eldud elektrit\u00f5ukeratas sujuva s\u00f5iduga | Voltride","isPartOf":{"@id":"https:\/\/voltride.com\/et\/#website"},"primaryImageOfPage":{"@id":"https:\/\/voltride.com\/et\/elektriline-toukeratas-gpad-joyride-eco\/#primaryimage"},"image":{"@id":"https:\/\/voltride.com\/et\/elektriline-toukeratas-gpad-joyride-eco\/#primaryimage"},"thumbnailUrl":"https:\/\/voltride.com\/wp-content\/uploads\/2025\/03\/electric-scooter-gpad-joyride-eco-main-product-image.jpg","datePublished":"2025-03-21T07:55:11+00:00","dateModified":"2026-04-14T20:24:32+00:00","description":"Elektrit\u00f5ukeratas GPad Joyride Eco \u2013 kerge, kokkupandav ja varustatud ohutusfunktsioonidega nagu tagumine ketaspidur ja LED-tuled. Ideaalne linnas\u00f5itjatele.","breadcrumb":{"@id":"https:\/\/voltride.com\/et\/elektriline-toukeratas-gpad-joyride-eco\/#breadcrumb"},"inLanguage":"et","potentialAction":[{"@type":"ReadAction","target":["https:\/\/voltride.com\/et\/elektriline-toukeratas-gpad-joyride-eco\/"]}]},{"@type":"ImageObject","inLanguage":"et","@id":"https:\/\/voltride.com\/et\/elektriline-toukeratas-gpad-joyride-eco\/#primaryimage","url":"https:\/\/voltride.com\/wp-content\/uploads\/2025\/03\/electric-scooter-gpad-joyride-eco-main-product-image.jpg","contentUrl":"https:\/\/voltride.com\/wp-content\/uploads\/2025\/03\/electric-scooter-gpad-joyride-eco-main-product-image.jpg","width":1200,"height":1200,"caption":"Pilt mustast GPad Joyride Eco elektrit\u00f5ukerattast valgel taustal, vaates vasakult eest."},{"@type":"BreadcrumbList","@id":"https:\/\/voltride.com\/et\/elektriline-toukeratas-gpad-joyride-eco\/#breadcrumb","itemListElement":[{"@type":"ListItem","position":1,"name":"Kodu","item":"https:\/\/voltride.com\/et\/"},{"@type":"ListItem","position":2,"name":"Pood","item":"https:\/\/voltride.com\/et\/e-pood\/"},{"@type":"ListItem","position":3,"name":"Elektrit\u00f5ukerattad","item":"https:\/\/voltride.com\/et\/elektrilised-toukerattad\/"},{"@type":"ListItem","position":4,"name":"GPad Joyride Eco"}]},{"@type":"WebSite","@id":"https:\/\/voltride.com\/et\/#website","url":"https:\/\/voltride.com\/et\/","name":"Voltride","description":"Parim elektrirataste elektrit\u00f5ukside ja \u00fcksrataste pood ja remont","publisher":{"@id":"https:\/\/voltride.com\/et\/#organization"},"alternateName":"Vr","potentialAction":[{"@type":"SearchAction","target":{"@type":"EntryPoint","urlTemplate":"https:\/\/voltride.com\/et\/?s={search_term_string}"},"query-input":{"@type":"PropertyValueSpecification","valueRequired":true,"valueName":"search_term_string"}}],"inLanguage":"et"},{"@type":["Organization","Place"],"@id":"https:\/\/voltride.com\/et\/#organization","name":"Voltride","alternateName":"VR","url":"https:\/\/voltride.com\/et\/","logo":{"@id":"https:\/\/voltride.com\/et\/elektriline-toukeratas-gpad-joyride-eco\/#local-main-organization-logo"},"image":{"@id":"https:\/\/voltride.com\/et\/elektriline-toukeratas-gpad-joyride-eco\/#local-main-organization-logo"},"sameAs":["https:\/\/www.facebook.com\/voltridecom\/"],"legalName":"Voltride O\u00dc","numberOfEmployees":{"@type":"QuantitativeValue","minValue":"1","maxValue":"10"},"ownershipFundingInfo":"https:\/\/voltride.com\/about-us\/","hasMerchantReturnPolicy":{"@type":"MerchantReturnPolicy","merchantReturnLink":"https:\/\/voltride.com\/shipping-and-returns\/"},"address":{"@id":"https:\/\/voltride.com\/et\/elektriline-toukeratas-gpad-joyride-eco\/#local-main-place-address"},"geo":{"@type":"GeoCoordinates","latitude":"59.439554","longitude":"24.726644"},"telephone":["+372 600 40 99"],"contactPoint":{"@type":"ContactPoint","telephone":"+372 600 40 99","email":"info@voltride.com"},"openingHoursSpecification":[{"@type":"OpeningHoursSpecification","dayOfWeek":["Monday","Tuesday","Wednesday","Thursday","Friday"],"opens":"10:00","closes":"18:00"},{"@type":"OpeningHoursSpecification","dayOfWeek":["Saturday","Sunday"],"opens":"00:00","closes":"00:00"}],"email":"info@voltride.com","taxID":"14871968"},{"@type":"PostalAddress","@id":"https:\/\/voltride.com\/et\/elektriline-toukeratas-gpad-joyride-eco\/#local-main-place-address","streetAddress":"Voltride Telliskivi 57D","addressLocality":"Tallinn","postalCode":"10412","addressRegion":"Tallinn","addressCountry":"EE"},{"@type":"ImageObject","inLanguage":"et","@id":"https:\/\/voltride.com\/et\/elektriline-toukeratas-gpad-joyride-eco\/#local-main-organization-logo","url":"https:\/\/voltride.com\/wp-content\/uploads\/voltride-logo.png","contentUrl":"https:\/\/voltride.com\/wp-content\/uploads\/voltride-logo.png","width":2481,"height":620,"caption":"Voltride"}]},"product_brand":"GPad","og_availability":"instock","product_availability":"instock","product_retailer_item_id":"KSJY320","product_condition":"new","geo.placename":"Tallinn","geo.position":{"lat":"59.439554","long":"24.726644"},"geo.region":"Estonia"},"_links":{"self":[{"href":"https:\/\/voltride.com\/et\/wp-json\/wp\/v2\/product\/13290","targetHints":{"allow":["GET"]}}],"collection":[{"href":"https:\/\/voltride.com\/et\/wp-json\/wp\/v2\/product"}],"about":[{"href":"https:\/\/voltride.com\/et\/wp-json\/wp\/v2\/types\/product"}],"replies":[{"embeddable":true,"href":"https:\/\/voltride.com\/et\/wp-json\/wp\/v2\/comments?post=13290"}],"wp:featuredmedia":[{"embeddable":true,"href":"https:\/\/voltride.com\/et\/wp-json\/wp\/v2\/media\/13283"}],"wp:attachment":[{"href":"https:\/\/voltride.com\/et\/wp-json\/wp\/v2\/media?parent=13290"}],"wp:term":[{"taxonomy":"product_brand","embeddable":true,"href":"https:\/\/voltride.com\/et\/wp-json\/wp\/v2\/product_brand?post=13290"},{"taxonomy":"product_cat","embeddable":true,"href":"https:\/\/voltride.com\/et\/wp-json\/wp\/v2\/product_cat?post=13290"},{"taxonomy":"product_tag","embeddable":true,"href":"https:\/\/voltride.com\/et\/wp-json\/wp\/v2\/product_tag?post=13290"}],"curies":[{"name":"wp","href":"https:\/\/api.w.org\/{rel}","templated":true}]}}