{"id":13635,"date":"2025-09-09T09:47:28","date_gmt":"2025-09-09T07:47:28","guid":{"rendered":"https:\/\/voltride.com\/dualtron-victor-luxury\/"},"modified":"2026-03-29T21:32:45","modified_gmt":"2026-03-29T19:32:45","slug":"dualtron-victor-luxury","status":"publish","type":"product","link":"https:\/\/voltride.com\/et\/dualtron-victor-luxury\/","title":{"rendered":"Dualtron Victor Luxury"},"content":{"rendered":"<div class=\"wpb-content-wrapper\"><p>[vc_row css=&#8221;.vc_custom_1738843193265{background-color: #0F3F36 !important;}&#8221; woodmart_css_id=&#8221;67a4a4339c25a&#8221; responsive_spacing=&#8221;eyJwYXJhbV90eXBlIjoid29vZG1hcnRfcmVzcG9uc2l2ZV9zcGFjaW5nIiwic2VsZWN0b3JfaWQiOiI2N2E0YTQzMzljMjVhIiwic2hvcnRjb2RlIjoidmNfcm93IiwiZGF0YSI6eyJ0YWJsZXQiOnt9LCJtb2JpbGUiOnt9fX0=&#8221; mobile_bg_img_hidden=&#8221;no&#8221; tablet_bg_img_hidden=&#8221;no&#8221; woodmart_parallax=&#8221;0&#8243; woodmart_gradient_switch=&#8221;no&#8221; woodmart_box_shadow=&#8221;no&#8221; wd_z_index=&#8221;no&#8221; woodmart_disable_overflow=&#8221;0&#8243; row_reverse_mobile=&#8221;0&#8243; row_reverse_tablet=&#8221;0&#8243; el_id=&#8221;p-description&#8221; el_class=&#8221;product-description&#8221;][vc_column][vc_row_inner equal_height=&#8221;yes&#8221; content_placement=&#8221;middle&#8221; gap=&#8221;30&#8243; woodmart_css_id=&#8221;67ad1bf7ca313&#8243; responsive_spacing=&#8221;eyJwYXJhbV90eXBlIjoid29vZG1hcnRfcmVzcG9uc2l2ZV9zcGFjaW5nIiwic2VsZWN0b3JfaWQiOiI2N2FkMWJmN2NhMzEzIiwic2hvcnRjb2RlIjoidmNfcm93X2lubmVyIiwiZGF0YSI6eyJ0YWJsZXQiOnt9LCJtb2JpbGUiOnt9fX0=&#8221; mobile_bg_img_hidden=&#8221;no&#8221; tablet_bg_img_hidden=&#8221;no&#8221; woodmart_parallax=&#8221;0&#8243; woodmart_gradient_switch=&#8221;no&#8221; woodmart_box_shadow=&#8221;no&#8221; wd_z_index=&#8221;no&#8221; woodmart_disable_overflow=&#8221;0&#8243; row_reverse_mobile=&#8221;1&#8243; row_reverse_tablet=&#8221;0&#8243; el_class=&#8221;first-row inside-dec-row&#8221;][vc_column_inner el_class=&#8221;left-text-product&#8221; width=&#8221;1\/2&#8243; woodmart_css_id=&#8221;67bb19bd24fe5&#8243; parallax_scroll=&#8221;no&#8221; woodmart_sticky_column=&#8221;false&#8221; wd_collapsible_content_switcher=&#8221;no&#8221; wd_column_role_offcanvas_desktop=&#8221;no&#8221; wd_column_role_offcanvas_tablet=&#8221;no&#8221; wd_column_role_offcanvas_mobile=&#8221;no&#8221; wd_column_role_content_desktop=&#8221;no&#8221; wd_column_role_content_tablet=&#8221;no&#8221; wd_column_role_content_mobile=&#8221;no&#8221; mobile_bg_img_hidden=&#8221;no&#8221; tablet_bg_img_hidden=&#8221;no&#8221; woodmart_parallax=&#8221;0&#8243; woodmart_box_shadow=&#8221;no&#8221; responsive_spacing=&#8221;eyJwYXJhbV90eXBlIjoid29vZG1hcnRfcmVzcG9uc2l2ZV9zcGFjaW5nIiwic2VsZWN0b3JfaWQiOiI2N2JiMTliZDI0ZmU1Iiwic2hvcnRjb2RlIjoidmNfY29sdW1uX2lubmVyIiwiZGF0YSI6eyJ0YWJsZXQiOnt9LCJtb2JpbGUiOnt9fX0=&#8221; wd_z_index=&#8221;no&#8221;][vc_column_text css=&#8221;&#8221; woodmart_inline=&#8221;no&#8221; text_larger=&#8221;no&#8221;]<\/p>\n<h3 style=\"text-align: left;\">K\u00f5rgem j\u00f5udlus ja mugavus<\/h3>\n<p>[\/vc_column_text][vc_column_text css=&#8221;&#8221; woodmart_inline=&#8221;no&#8221; text_larger=&#8221;no&#8221; el_class=&#8221;features-list&#8221;]<strong>Dualtron Victor Luxury<\/strong> on Victor mudeli premium-versioon, mis pakub suuremat mugavust, paremat j\u00f5udlust ja t\u00f6\u00f6kindlust, s\u00e4ilitades samal ajal seeria tuntud v\u00f5imsuse ja hea hinna-kvaliteedi suhte. Linnas\u00f5iduks loodud t\u00f5uks on saadaval kahe akuvariandiga \u2013 60V 24Ah (kuni 75 km s\u00f5iduulatus) ja 60V 30Ah (kuni 100 km s\u00f5iduulatus). M\u00f5lemad on varustatud t\u00e4iustatud akujuhtimiss\u00fcsteemiga (BMS), mis tagab aku ohutuse, stabiilse t\u00f6\u00f6 ja pikema kasutusea.[\/vc_column_text][\/vc_column_inner][vc_column_inner width=&#8221;1\/2&#8243;][vc_column_text css=&#8221;&#8221; woodmart_inline=&#8221;no&#8221; text_larger=&#8221;no&#8221;]<\/p>\n<h3>Parem pidurdus ja j\u00f5udlus<\/h3>\n<p>[\/vc_column_text][vc_column_text css=&#8221;&#8221; woodmart_inline=&#8221;no&#8221; text_larger=&#8221;no&#8221; el_class=&#8221;features-list&#8221;]Minimotorsi elektrit\u00f5ukerattad paistavad silma erakordse koostekvaliteedi, silmapaistva disaini ja tipptasemel insenerilahenduste poolest. Minimotors <strong>Dualtron Victor Luxury<\/strong> mudelid esindavad br\u00e4ndi premium-tasemel meisterlikkust parimal kujul. T\u00f5uks on varustatud k\u00f5rge j\u00f5udlusega ZOOM h\u00fcdrauliliste ketaspiduritega ja laiade 10&#215;3-tolliste \u00f5hkrehvidega, mis tagavad kindla juhitavuse ja sujuva s\u00f5idutunde. Koos t\u00e4iustatud kummist vedrustuss\u00fcsteemiga pakub Victor Luxury turvalist, stabiilset ja m\u00e4rkimisv\u00e4\u00e4rselt mugavat s\u00f5itu.[\/vc_column_text][\/vc_column_inner][\/vc_row_inner][vc_row_inner equal_height=&#8221;yes&#8221; content_placement=&#8221;top&#8221; gap=&#8221;30&#8243; responsive_tabs_advanced=&#8221;mobile&#8221; woodmart_css_id=&#8221;67f38bd8cf23e&#8221; responsive_spacing=&#8221;eyJwYXJhbV90eXBlIjoid29vZG1hcnRfcmVzcG9uc2l2ZV9zcGFjaW5nIiwic2VsZWN0b3JfaWQiOiI2N2YzOGJkOGNmMjNlIiwic2hvcnRjb2RlIjoidmNfcm93X2lubmVyIiwiZGF0YSI6eyJ0YWJsZXQiOnt9LCJtb2JpbGUiOnt9fX0=&#8221; mobile_bg_img_hidden=&#8221;no&#8221; tablet_bg_img_hidden=&#8221;no&#8221; woodmart_parallax=&#8221;0&#8243; woodmart_gradient_switch=&#8221;no&#8221; woodmart_box_shadow=&#8221;no&#8221; wd_z_index=&#8221;no&#8221; woodmart_disable_overflow=&#8221;0&#8243; row_reverse_mobile=&#8221;1&#8243; row_reverse_tablet=&#8221;0&#8243; el_class=&#8221;inside-dec-row&#8221;][vc_column_inner width=&#8221;1\/2&#8243;][vc_column_text css=&#8221;&#8221; woodmart_inline=&#8221;no&#8221; text_larger=&#8221;no&#8221;]<\/p>\n<h3>Vastupidav ja mugav s\u00f5it premium-funktsioonidega<\/h3>\n<p>[\/vc_column_text][vc_column_text css=&#8221;&#8221; woodmart_inline=&#8221;no&#8221; text_larger=&#8221;no&#8221; el_class=&#8221;features-list&#8221;]Minimotorsi Dualtroni elektrit\u00f5ukerataste uusim p\u00f5lvkond \u2013 sealhulgas Victor Luxury \u2013 on varustatud lenksutorni alumisse ossa integreeritud amortisaatoriga, mis v\u00e4hendab juhini j\u00f5udvaid vibratsioone ja tagab mugavama ning paremini kontrollitava s\u00f5idu. See mudel on varustatud ka kokkuklapitava lenksuga, mis teeb t\u00f5uksi transportimise ja hoiustamise mugavamaks. Aastatepikkuse arendust\u00f6\u00f6 k\u00e4igus on Minimotors leidnud, et kokkuklapitava lenksuga t\u00f5ukerattad v\u00f5ivad aeg-ajalt vajada v\u00e4ikseid reguleerimisi, et s\u00e4ilitada optimaalne t\u00f6\u00f6kindlus. Selle lahendamiseks on Victor Luxury varustatud \u00fche k\u00f5ige arenenuma kokkuklapitava lenksus\u00fcsteemiga, mis v\u00f5imaldab kiiret ja t\u00f6\u00f6riistadeta reguleerimist.[\/vc_column_text][\/vc_column_inner][vc_column_inner width=&#8221;1\/2&#8243;][vc_column_text css=&#8221;&#8221; woodmart_inline=&#8221;no&#8221; text_larger=&#8221;no&#8221;]<\/p>\n<h3>Mugavus kohtub praktilisusega<\/h3>\n<p>[\/vc_column_text][vc_column_text css=&#8221;&#8221; woodmart_inline=&#8221;no&#8221; text_larger=&#8221;no&#8221; el_class=&#8221;features-list&#8221;]Dualtron Victor Luxury on loodud lihtsaks hoiustamiseks ja transportimiseks ning sellel on kokkuklapitav mehhanism, mis h\u00f5lmab ka lenksu, v\u00f5imaldades t\u00f5uksi kompaktset hoiustamist v\u00e4ikestes ruumides. Kaaludes 33 kg, pakub see mudel head tasakaalu portatiivsuse ja tugeva konstruktsiooni vahel, muutes selle sobivaks s\u00f5itjatele, kes otsivad mitmek\u00fclgset ja usaldusv\u00e4\u00e4rset t\u00f5uksi. Maksimaalse kandev\u00f5imega 120 kg sobib Victor Luxury v\u00e4ga erinevatele kasutajatele, s\u00e4ilitades samal ajal oma tugevuse ja vastupidavuse nii igap\u00e4evas\u00f5itudel kui ka pikematel teekondadel.[\/vc_column_text][\/vc_column_inner][\/vc_row_inner]\t\t<div class=\"wd-el-video wd-wpb wd-rs-690c8dde2ac41 wd-action-without wd-video-youtube\">\n\t\t\t\t\t\t\t<iframe src=\"https:\/\/www.youtube.com\/embed\/vca7ltU6zHY?feature=oembed&loop=0&mute=0&controls=1&autoplay=0\" allowfullscreen allow=\"accelerometer; autoplay; encrypted-media; gyroscope; picture-in-picture\" width=\"100%\" height=\"100%\" loading=\"lazy\" aria-label=\"Videopleier\"><\/iframe>\t\t\t\n\t\t\t\n\t\t\t\n\t\t\t\t\t<\/div>\n\t\t\t\t<div id=\"wd-690c8e34c8578\" class=\"wd-text-block wd-wpb reset-last-child wd-rs-690c8e34c8578 text-left \">\n\t\t\t<p style=\"text-align: right;\"><strong>M\u00e4rkus: <\/strong><em>Dualtron Victor Luxury elektrit\u00f5ukeratas on vastavalt Eesti liiklusseadusele t\u00e4navaliikluses lubatud, kuna tootja m\u00e4rgitud nimiv\u00f5imsus on 1000 W ja valmistajakiirus 25 km\/h..<\/em><\/p>\n\t\t<\/div>\n\t\t[vc_empty_space height=&#8221;2vw&#8221; woodmart_hide_large=&#8221;0&#8243; woodmart_hide_medium=&#8221;0&#8243; woodmart_hide_small=&#8221;0&#8243;][vc_row_inner el_class=&#8221;product-cta&#8221; woodmart_css_id=&#8221;67ad831e70f64&#8243; responsive_spacing=&#8221;eyJwYXJhbV90eXBlIjoid29vZG1hcnRfcmVzcG9uc2l2ZV9zcGFjaW5nIiwic2VsZWN0b3JfaWQiOiI2N2FkODMxZTcwZjY0Iiwic2hvcnRjb2RlIjoidmNfcm93X2lubmVyIiwiZGF0YSI6eyJ0YWJsZXQiOnt9LCJtb2JpbGUiOnt9fX0=&#8221; mobile_bg_img_hidden=&#8221;no&#8221; tablet_bg_img_hidden=&#8221;no&#8221; woodmart_parallax=&#8221;0&#8243; woodmart_gradient_switch=&#8221;no&#8221; woodmart_box_shadow=&#8221;no&#8221; wd_z_index=&#8221;no&#8221; woodmart_disable_overflow=&#8221;0&#8243; row_reverse_mobile=&#8221;0&#8243; row_reverse_tablet=&#8221;0&#8243;][vc_column_inner][vc_column_text css=&#8221;&#8221; el_class=&#8221;bigger-cta-heading&#8221; woodmart_inline=&#8221;no&#8221; text_larger=&#8221;no&#8221;]<\/p>\n<h4>Telli oma Dualtron Victor Luxury elektrit\u00f5ukeratas juba t\u00e4na!<\/h4>\n<p>[\/vc_column_text][\/vc_column_inner][\/vc_row_inner][\/vc_column][\/vc_row]<\/p>\n<\/div>","protected":false},"excerpt":{"rendered":"<p>Dualtron Victor Luxury \u00fchendab j\u00f5udluse, suure s\u00f5iduulatuse ja s\u00f5idumugavuse tipptasemel kahe mootoriga elektrit\u00f5ukerattas. Kahe 1000W mootoriga, ZOOM h\u00fcdrauliliste piduritega, laiade 10&#215;33\u2033 rehvidega ja reguleeritava kummivedrustusega suudab see pakkuda kuni 100 km s\u00f5iduulatust ning v\u00f5tta kergusega kuni 30% t\u00f5use. Valida saab 60V \/ 24Ah v\u00f5i 60V \/ 30Ah LG akupaki vahel ning nautida RGB-valgustust, kokkuklapitavat lenksu ja t\u00e4iustatud s\u00f5idukontrolli \u2013 k\u00f5ik see 33 kg kaalus paketis, mis on loodud t\u00f5sistele s\u00f5itjatele.<\/p>\n","protected":false},"featured_media":13632,"comment_status":"closed","ping_status":"closed","template":"","meta":[],"product_brand":[658],"product_cat":[735],"product_tag":[],"class_list":{"0":"post-13635","1":"product","2":"type-product","3":"status-publish","4":"has-post-thumbnail","6":"product_brand-dualtron","7":"product_cat-elektrilised-toukerattad","9":"first","10":"instock","11":"sale","12":"taxable","13":"shipping-taxable","14":"purchasable","15":"product-type-simple"},"yoast_head":"<!-- This site is optimized with the Yoast SEO Premium plugin v27.3 (Yoast SEO v27.4) - https:\/\/yoast.com\/product\/yoast-seo-premium-wordpress\/ -->\n<title>Dualtron Victor Luxury \u2013 kahe mootoriga v\u00f5imsus ja pikk s\u00f5iduulatus | Voltride<\/title>\n<meta name=\"description\" content=\"Dualtron Victor Luxury on tipptasemel kahe mootoriga elektrit\u00f5ukeratas, mille s\u00f5iduulatus on kuni 100 km, varustatud h\u00fcdrauliliste pidurite, reguleeritava vedrustuse ja premium-klassi s\u00f5idumugavusega.\" \/>\n<meta name=\"robots\" content=\"index, follow, max-snippet:-1, max-image-preview:large, max-video-preview:-1\" \/>\n<link rel=\"canonical\" href=\"https:\/\/voltride.com\/et\/dualtron-victor-luxury\/\" \/>\n<meta property=\"og:locale\" content=\"et_EE\" \/>\n<meta property=\"og:type\" content=\"article\" \/>\n<meta property=\"og:title\" content=\"Dualtron Victor Luxury | Voltride\" \/>\n<meta property=\"og:description\" content=\"Dualtron Victor Luxury on tipptasemel kahe mootoriga elektrit\u00f5ukeratas, mille s\u00f5iduulatus on kuni 100 km, varustatud h\u00fcdrauliliste pidurite, reguleeritava vedrustuse ja premium-klassi s\u00f5idumugavusega.\" \/>\n<meta property=\"og:url\" content=\"https:\/\/voltride.com\/et\/dualtron-victor-luxury\/\" \/>\n<meta property=\"og:site_name\" content=\"Voltride\" \/>\n<meta property=\"article:publisher\" content=\"https:\/\/www.facebook.com\/voltridecom\/\" \/>\n<meta property=\"article:modified_time\" content=\"2026-03-29T19:32:45+00:00\" \/>\n<meta property=\"og:image\" content=\"https:\/\/voltride.com\/wp-content\/uploads\/2025\/09\/dualtron-victor-luxury-electric-scooter-front.png\" \/>\n\t<meta property=\"og:image:width\" content=\"2000\" \/>\n\t<meta property=\"og:image:height\" content=\"2000\" \/>\n\t<meta property=\"og:image:type\" content=\"image\/png\" \/>\n<meta name=\"twitter:card\" content=\"summary_large_image\" \/>\n<script type=\"application\/ld+json\" class=\"yoast-schema-graph\">{\"@context\":\"https:\\\/\\\/schema.org\",\"@graph\":[{\"@type\":\"WebPage\",\"@id\":\"https:\\\/\\\/voltride.com\\\/et\\\/dualtron-victor-luxury\\\/\",\"url\":\"https:\\\/\\\/voltride.com\\\/et\\\/dualtron-victor-luxury\\\/\",\"name\":\"Dualtron Victor Luxury \u2013 kahe mootoriga v\u00f5imsus ja pikk s\u00f5iduulatus | Voltride\",\"isPartOf\":{\"@id\":\"https:\\\/\\\/voltride.com\\\/et\\\/#website\"},\"primaryImageOfPage\":{\"@id\":\"https:\\\/\\\/voltride.com\\\/et\\\/dualtron-victor-luxury\\\/#primaryimage\"},\"image\":{\"@id\":\"https:\\\/\\\/voltride.com\\\/et\\\/dualtron-victor-luxury\\\/#primaryimage\"},\"thumbnailUrl\":\"https:\\\/\\\/voltride.com\\\/wp-content\\\/uploads\\\/2025\\\/09\\\/dualtron-victor-luxury-electric-scooter-front.png\",\"datePublished\":\"2025-09-09T07:47:28+00:00\",\"dateModified\":\"2026-03-29T19:32:45+00:00\",\"description\":\"Dualtron Victor Luxury on tipptasemel kahe mootoriga elektrit\u00f5ukeratas, mille s\u00f5iduulatus on kuni 100 km, varustatud h\u00fcdrauliliste pidurite, reguleeritava vedrustuse ja premium-klassi s\u00f5idumugavusega.\",\"breadcrumb\":{\"@id\":\"https:\\\/\\\/voltride.com\\\/et\\\/dualtron-victor-luxury\\\/#breadcrumb\"},\"inLanguage\":\"et\",\"potentialAction\":[{\"@type\":\"ReadAction\",\"target\":[\"https:\\\/\\\/voltride.com\\\/et\\\/dualtron-victor-luxury\\\/\"]}]},{\"@type\":\"ImageObject\",\"inLanguage\":\"et\",\"@id\":\"https:\\\/\\\/voltride.com\\\/et\\\/dualtron-victor-luxury\\\/#primaryimage\",\"url\":\"https:\\\/\\\/voltride.com\\\/wp-content\\\/uploads\\\/2025\\\/09\\\/dualtron-victor-luxury-electric-scooter-front.png\",\"contentUrl\":\"https:\\\/\\\/voltride.com\\\/wp-content\\\/uploads\\\/2025\\\/09\\\/dualtron-victor-luxury-electric-scooter-front.png\",\"width\":2000,\"height\":2000,\"caption\":\"Dualtron Victor Luxury elektrit\u00f5ukeratas eest nurga alt vaadatuna\"},{\"@type\":\"BreadcrumbList\",\"@id\":\"https:\\\/\\\/voltride.com\\\/et\\\/dualtron-victor-luxury\\\/#breadcrumb\",\"itemListElement\":[{\"@type\":\"ListItem\",\"position\":1,\"name\":\"Kodu\",\"item\":\"https:\\\/\\\/voltride.com\\\/et\\\/\"},{\"@type\":\"ListItem\",\"position\":2,\"name\":\"Pood\",\"item\":\"https:\\\/\\\/voltride.com\\\/et\\\/e-pood\\\/\"},{\"@type\":\"ListItem\",\"position\":3,\"name\":\"Elektrit\u00f5ukerattad\",\"item\":\"https:\\\/\\\/voltride.com\\\/et\\\/elektrilised-toukerattad\\\/\"},{\"@type\":\"ListItem\",\"position\":4,\"name\":\"Dualtron Victor Luxury\"}]},{\"@type\":\"WebSite\",\"@id\":\"https:\\\/\\\/voltride.com\\\/et\\\/#website\",\"url\":\"https:\\\/\\\/voltride.com\\\/et\\\/\",\"name\":\"Voltride\",\"description\":\"Parim elektrirataste elektrit\u00f5ukside ja \u00fcksrataste pood ja remont\",\"publisher\":{\"@id\":\"https:\\\/\\\/voltride.com\\\/et\\\/#organization\"},\"alternateName\":\"Vr\",\"potentialAction\":[{\"@type\":\"SearchAction\",\"target\":{\"@type\":\"EntryPoint\",\"urlTemplate\":\"https:\\\/\\\/voltride.com\\\/et\\\/?s={search_term_string}\"},\"query-input\":{\"@type\":\"PropertyValueSpecification\",\"valueRequired\":true,\"valueName\":\"search_term_string\"}}],\"inLanguage\":\"et\"},{\"@type\":[\"Organization\",\"Place\"],\"@id\":\"https:\\\/\\\/voltride.com\\\/et\\\/#organization\",\"name\":\"Voltride\",\"alternateName\":\"VR\",\"url\":\"https:\\\/\\\/voltride.com\\\/et\\\/\",\"logo\":{\"@id\":\"https:\\\/\\\/voltride.com\\\/et\\\/dualtron-victor-luxury\\\/#local-main-organization-logo\"},\"image\":{\"@id\":\"https:\\\/\\\/voltride.com\\\/et\\\/dualtron-victor-luxury\\\/#local-main-organization-logo\"},\"sameAs\":[\"https:\\\/\\\/www.facebook.com\\\/voltridecom\\\/\"],\"legalName\":\"Voltride O\u00dc\",\"numberOfEmployees\":{\"@type\":\"QuantitativeValue\",\"minValue\":\"1\",\"maxValue\":\"10\"},\"ownershipFundingInfo\":\"https:\\\/\\\/voltride.com\\\/about-us\\\/\",\"hasMerchantReturnPolicy\":{\"@type\":\"MerchantReturnPolicy\",\"merchantReturnLink\":\"https:\\\/\\\/voltride.com\\\/shipping-and-returns\\\/\"},\"address\":{\"@id\":\"https:\\\/\\\/voltride.com\\\/et\\\/dualtron-victor-luxury\\\/#local-main-place-address\"},\"geo\":{\"@type\":\"GeoCoordinates\",\"latitude\":\"59.439554\",\"longitude\":\"24.726644\"},\"telephone\":[\"+372 600 40 99\"],\"contactPoint\":{\"@type\":\"ContactPoint\",\"telephone\":\"+372 600 40 99\",\"email\":\"info@voltride.com\"},\"openingHoursSpecification\":[{\"@type\":\"OpeningHoursSpecification\",\"dayOfWeek\":[\"Monday\",\"Tuesday\",\"Wednesday\",\"Thursday\",\"Friday\"],\"opens\":\"10:00\",\"closes\":\"18:00\"},{\"@type\":\"OpeningHoursSpecification\",\"dayOfWeek\":[\"Saturday\",\"Sunday\"],\"opens\":\"00:00\",\"closes\":\"00:00\"}],\"email\":\"info@voltride.com\",\"taxID\":\"14871968\"},{\"@type\":\"PostalAddress\",\"@id\":\"https:\\\/\\\/voltride.com\\\/et\\\/dualtron-victor-luxury\\\/#local-main-place-address\",\"streetAddress\":\"Voltride Telliskivi 57D\",\"addressLocality\":\"Tallinn\",\"postalCode\":\"10412\",\"addressRegion\":\"Tallinn\",\"addressCountry\":\"EE\"},{\"@type\":\"ImageObject\",\"inLanguage\":\"et\",\"@id\":\"https:\\\/\\\/voltride.com\\\/et\\\/dualtron-victor-luxury\\\/#local-main-organization-logo\",\"url\":\"https:\\\/\\\/voltride.com\\\/wp-content\\\/uploads\\\/voltride-logo.png\",\"contentUrl\":\"https:\\\/\\\/voltride.com\\\/wp-content\\\/uploads\\\/voltride-logo.png\",\"width\":2481,\"height\":620,\"caption\":\"Voltride\"}]}<\/script>\n<meta property=\"product:brand\" content=\"Dualtron\" \/>\n<meta property=\"product:price:amount\" content=\"2099.99\" \/>\n<meta property=\"product:price:currency\" content=\"EUR\" \/>\n<meta property=\"og:availability\" content=\"instock\" \/>\n<meta property=\"product:availability\" content=\"instock\" \/>\n<meta property=\"product:retailer_item_id\" content=\"KSMM404\" \/>\n<meta property=\"product:condition\" content=\"new\" \/>\n<meta name=\"geo.placename\" content=\"Tallinn\" \/>\n<meta name=\"geo.position\" content=\"59.439554;24.726644\" \/>\n<meta name=\"geo.region\" content=\"Estonia\" \/>\n<!-- \/ Yoast SEO Premium plugin. -->","yoast_head_json":{"title":"Dualtron Victor Luxury \u2013 kahe mootoriga v\u00f5imsus ja pikk s\u00f5iduulatus | Voltride","description":"Dualtron Victor Luxury on tipptasemel kahe mootoriga elektrit\u00f5ukeratas, mille s\u00f5iduulatus on kuni 100 km, varustatud h\u00fcdrauliliste pidurite, reguleeritava vedrustuse ja premium-klassi s\u00f5idumugavusega.","robots":{"index":"index","follow":"follow","max-snippet":"max-snippet:-1","max-image-preview":"max-image-preview:large","max-video-preview":"max-video-preview:-1"},"canonical":"https:\/\/voltride.com\/et\/dualtron-victor-luxury\/","og_locale":"et_EE","og_type":"article","og_title":"Dualtron Victor Luxury | Voltride","og_description":"Dualtron Victor Luxury on tipptasemel kahe mootoriga elektrit\u00f5ukeratas, mille s\u00f5iduulatus on kuni 100 km, varustatud h\u00fcdrauliliste pidurite, reguleeritava vedrustuse ja premium-klassi s\u00f5idumugavusega.","og_url":"https:\/\/voltride.com\/et\/dualtron-victor-luxury\/","og_site_name":"Voltride","article_publisher":"https:\/\/www.facebook.com\/voltridecom\/","article_modified_time":"2026-03-29T19:32:45+00:00","og_image":[{"width":2000,"height":2000,"url":"https:\/\/voltride.com\/wp-content\/uploads\/2025\/09\/dualtron-victor-luxury-electric-scooter-front.png","type":"image\/png"}],"twitter_card":"summary_large_image","schema":{"@context":"https:\/\/schema.org","@graph":[{"@type":"WebPage","@id":"https:\/\/voltride.com\/et\/dualtron-victor-luxury\/","url":"https:\/\/voltride.com\/et\/dualtron-victor-luxury\/","name":"Dualtron Victor Luxury \u2013 kahe mootoriga v\u00f5imsus ja pikk s\u00f5iduulatus | Voltride","isPartOf":{"@id":"https:\/\/voltride.com\/et\/#website"},"primaryImageOfPage":{"@id":"https:\/\/voltride.com\/et\/dualtron-victor-luxury\/#primaryimage"},"image":{"@id":"https:\/\/voltride.com\/et\/dualtron-victor-luxury\/#primaryimage"},"thumbnailUrl":"https:\/\/voltride.com\/wp-content\/uploads\/2025\/09\/dualtron-victor-luxury-electric-scooter-front.png","datePublished":"2025-09-09T07:47:28+00:00","dateModified":"2026-03-29T19:32:45+00:00","description":"Dualtron Victor Luxury on tipptasemel kahe mootoriga elektrit\u00f5ukeratas, mille s\u00f5iduulatus on kuni 100 km, varustatud h\u00fcdrauliliste pidurite, reguleeritava vedrustuse ja premium-klassi s\u00f5idumugavusega.","breadcrumb":{"@id":"https:\/\/voltride.com\/et\/dualtron-victor-luxury\/#breadcrumb"},"inLanguage":"et","potentialAction":[{"@type":"ReadAction","target":["https:\/\/voltride.com\/et\/dualtron-victor-luxury\/"]}]},{"@type":"ImageObject","inLanguage":"et","@id":"https:\/\/voltride.com\/et\/dualtron-victor-luxury\/#primaryimage","url":"https:\/\/voltride.com\/wp-content\/uploads\/2025\/09\/dualtron-victor-luxury-electric-scooter-front.png","contentUrl":"https:\/\/voltride.com\/wp-content\/uploads\/2025\/09\/dualtron-victor-luxury-electric-scooter-front.png","width":2000,"height":2000,"caption":"Dualtron Victor Luxury elektrit\u00f5ukeratas eest nurga alt vaadatuna"},{"@type":"BreadcrumbList","@id":"https:\/\/voltride.com\/et\/dualtron-victor-luxury\/#breadcrumb","itemListElement":[{"@type":"ListItem","position":1,"name":"Kodu","item":"https:\/\/voltride.com\/et\/"},{"@type":"ListItem","position":2,"name":"Pood","item":"https:\/\/voltride.com\/et\/e-pood\/"},{"@type":"ListItem","position":3,"name":"Elektrit\u00f5ukerattad","item":"https:\/\/voltride.com\/et\/elektrilised-toukerattad\/"},{"@type":"ListItem","position":4,"name":"Dualtron Victor Luxury"}]},{"@type":"WebSite","@id":"https:\/\/voltride.com\/et\/#website","url":"https:\/\/voltride.com\/et\/","name":"Voltride","description":"Parim elektrirataste elektrit\u00f5ukside ja \u00fcksrataste pood ja remont","publisher":{"@id":"https:\/\/voltride.com\/et\/#organization"},"alternateName":"Vr","potentialAction":[{"@type":"SearchAction","target":{"@type":"EntryPoint","urlTemplate":"https:\/\/voltride.com\/et\/?s={search_term_string}"},"query-input":{"@type":"PropertyValueSpecification","valueRequired":true,"valueName":"search_term_string"}}],"inLanguage":"et"},{"@type":["Organization","Place"],"@id":"https:\/\/voltride.com\/et\/#organization","name":"Voltride","alternateName":"VR","url":"https:\/\/voltride.com\/et\/","logo":{"@id":"https:\/\/voltride.com\/et\/dualtron-victor-luxury\/#local-main-organization-logo"},"image":{"@id":"https:\/\/voltride.com\/et\/dualtron-victor-luxury\/#local-main-organization-logo"},"sameAs":["https:\/\/www.facebook.com\/voltridecom\/"],"legalName":"Voltride O\u00dc","numberOfEmployees":{"@type":"QuantitativeValue","minValue":"1","maxValue":"10"},"ownershipFundingInfo":"https:\/\/voltride.com\/about-us\/","hasMerchantReturnPolicy":{"@type":"MerchantReturnPolicy","merchantReturnLink":"https:\/\/voltride.com\/shipping-and-returns\/"},"address":{"@id":"https:\/\/voltride.com\/et\/dualtron-victor-luxury\/#local-main-place-address"},"geo":{"@type":"GeoCoordinates","latitude":"59.439554","longitude":"24.726644"},"telephone":["+372 600 40 99"],"contactPoint":{"@type":"ContactPoint","telephone":"+372 600 40 99","email":"info@voltride.com"},"openingHoursSpecification":[{"@type":"OpeningHoursSpecification","dayOfWeek":["Monday","Tuesday","Wednesday","Thursday","Friday"],"opens":"10:00","closes":"18:00"},{"@type":"OpeningHoursSpecification","dayOfWeek":["Saturday","Sunday"],"opens":"00:00","closes":"00:00"}],"email":"info@voltride.com","taxID":"14871968"},{"@type":"PostalAddress","@id":"https:\/\/voltride.com\/et\/dualtron-victor-luxury\/#local-main-place-address","streetAddress":"Voltride Telliskivi 57D","addressLocality":"Tallinn","postalCode":"10412","addressRegion":"Tallinn","addressCountry":"EE"},{"@type":"ImageObject","inLanguage":"et","@id":"https:\/\/voltride.com\/et\/dualtron-victor-luxury\/#local-main-organization-logo","url":"https:\/\/voltride.com\/wp-content\/uploads\/voltride-logo.png","contentUrl":"https:\/\/voltride.com\/wp-content\/uploads\/voltride-logo.png","width":2481,"height":620,"caption":"Voltride"}]},"product_brand":"Dualtron","product_price_amount":"2099.99","product_price_currency":"EUR","og_availability":"instock","product_availability":"instock","product_retailer_item_id":"KSMM404","product_condition":"new","geo.placename":"Tallinn","geo.position":{"lat":"59.439554","long":"24.726644"},"geo.region":"Estonia"},"_links":{"self":[{"href":"https:\/\/voltride.com\/et\/wp-json\/wp\/v2\/product\/13635","targetHints":{"allow":["GET"]}}],"collection":[{"href":"https:\/\/voltride.com\/et\/wp-json\/wp\/v2\/product"}],"about":[{"href":"https:\/\/voltride.com\/et\/wp-json\/wp\/v2\/types\/product"}],"replies":[{"embeddable":true,"href":"https:\/\/voltride.com\/et\/wp-json\/wp\/v2\/comments?post=13635"}],"wp:featuredmedia":[{"embeddable":true,"href":"https:\/\/voltride.com\/et\/wp-json\/wp\/v2\/media\/13632"}],"wp:attachment":[{"href":"https:\/\/voltride.com\/et\/wp-json\/wp\/v2\/media?parent=13635"}],"wp:term":[{"taxonomy":"product_brand","embeddable":true,"href":"https:\/\/voltride.com\/et\/wp-json\/wp\/v2\/product_brand?post=13635"},{"taxonomy":"product_cat","embeddable":true,"href":"https:\/\/voltride.com\/et\/wp-json\/wp\/v2\/product_cat?post=13635"},{"taxonomy":"product_tag","embeddable":true,"href":"https:\/\/voltride.com\/et\/wp-json\/wp\/v2\/product_tag?post=13635"}],"curies":[{"name":"wp","href":"https:\/\/api.w.org\/{rel}","templated":true}]}}