{"id":13649,"date":"2025-04-23T07:58:55","date_gmt":"2025-04-23T05:58:55","guid":{"rendered":"https:\/\/voltride.com\/dualtron-ultra-2-upgrade\/"},"modified":"2026-05-06T09:02:45","modified_gmt":"2026-05-06T07:02:45","slug":"dualtron-ultra-2-upgrade","status":"publish","type":"product","link":"https:\/\/voltride.com\/et\/dualtron-ultra-2-upgrade\/","title":{"rendered":"Dualtron Ultra 2 Upgrade"},"content":{"rendered":"<div class=\"wpb-content-wrapper\"><p>[vc_row css=&#8221;.vc_custom_1738843193265{background-color: #0F3F36 !important;}&#8221; woodmart_css_id=&#8221;67a4a4339c25a&#8221; responsive_spacing=&#8221;eyJwYXJhbV90eXBlIjoid29vZG1hcnRfcmVzcG9uc2l2ZV9zcGFjaW5nIiwic2VsZWN0b3JfaWQiOiI2N2E0YTQzMzljMjVhIiwic2hvcnRjb2RlIjoidmNfcm93IiwiZGF0YSI6eyJ0YWJsZXQiOnt9LCJtb2JpbGUiOnt9fX0=&#8221; mobile_bg_img_hidden=&#8221;no&#8221; tablet_bg_img_hidden=&#8221;no&#8221; woodmart_parallax=&#8221;0&#8243; woodmart_gradient_switch=&#8221;no&#8221; woodmart_box_shadow=&#8221;no&#8221; wd_z_index=&#8221;no&#8221; woodmart_disable_overflow=&#8221;0&#8243; row_reverse_mobile=&#8221;0&#8243; row_reverse_tablet=&#8221;0&#8243; el_id=&#8221;p-description&#8221; el_class=&#8221;product-description&#8221;][vc_column][vc_row_inner equal_height=&#8221;yes&#8221; content_placement=&#8221;middle&#8221; gap=&#8221;30&#8243; woodmart_css_id=&#8221;67ad1bf7ca313&#8243; responsive_spacing=&#8221;eyJwYXJhbV90eXBlIjoid29vZG1hcnRfcmVzcG9uc2l2ZV9zcGFjaW5nIiwic2VsZWN0b3JfaWQiOiI2N2FkMWJmN2NhMzEzIiwic2hvcnRjb2RlIjoidmNfcm93X2lubmVyIiwiZGF0YSI6eyJ0YWJsZXQiOnt9LCJtb2JpbGUiOnt9fX0=&#8221; mobile_bg_img_hidden=&#8221;no&#8221; tablet_bg_img_hidden=&#8221;no&#8221; woodmart_parallax=&#8221;0&#8243; woodmart_gradient_switch=&#8221;no&#8221; woodmart_box_shadow=&#8221;no&#8221; wd_z_index=&#8221;no&#8221; woodmart_disable_overflow=&#8221;0&#8243; row_reverse_mobile=&#8221;1&#8243; row_reverse_tablet=&#8221;0&#8243; el_class=&#8221;first-row inside-dec-row&#8221;][vc_column_inner el_class=&#8221;left-text-product&#8221; width=&#8221;1\/2&#8243; woodmart_css_id=&#8221;67bb19bd24fe5&#8243; parallax_scroll=&#8221;no&#8221; woodmart_sticky_column=&#8221;false&#8221; wd_collapsible_content_switcher=&#8221;no&#8221; wd_column_role_offcanvas_desktop=&#8221;no&#8221; wd_column_role_offcanvas_tablet=&#8221;no&#8221; wd_column_role_offcanvas_mobile=&#8221;no&#8221; wd_column_role_content_desktop=&#8221;no&#8221; wd_column_role_content_tablet=&#8221;no&#8221; wd_column_role_content_mobile=&#8221;no&#8221; mobile_bg_img_hidden=&#8221;no&#8221; tablet_bg_img_hidden=&#8221;no&#8221; woodmart_parallax=&#8221;0&#8243; woodmart_box_shadow=&#8221;no&#8221; responsive_spacing=&#8221;eyJwYXJhbV90eXBlIjoid29vZG1hcnRfcmVzcG9uc2l2ZV9zcGFjaW5nIiwic2VsZWN0b3JfaWQiOiI2N2JiMTliZDI0ZmU1Iiwic2hvcnRjb2RlIjoidmNfY29sdW1uX2lubmVyIiwiZGF0YSI6eyJ0YWJsZXQiOnt9LCJtb2JpbGUiOnt9fX0=&#8221; wd_z_index=&#8221;no&#8221;][vc_column_text css=&#8221;&#8221; woodmart_inline=&#8221;no&#8221; text_larger=&#8221;no&#8221;]<\/p>\n<h3>V\u00f5imsus, mis vallutab m\u00e4gesid<\/h3>\n<p>[\/vc_column_text][vc_column_text css=&#8221;&#8221; woodmart_inline=&#8221;no&#8221; text_larger=&#8221;no&#8221; el_class=&#8221;features-list&#8221;]Varustatud 72V 32Ah LG akuga, pakub Dualtron Ultra 2 Upgrade pikka s\u00f5iduulatust ja plahvatuslikku v\u00f5imsust, muutes selle ideaalseks j\u00e4rskude t\u00f5usude ja maastikus\u00f5itude jaoks.<\/p>\n<ul>\n<li>Uus tagumine jalatugi, mis parandab tasakaalu ja kontrolli t\u00f5usudel<\/li>\n<li>Kokkuklapitav lenks, mis v\u00f5imaldab kompaktset hoiustamist ja mugavat transporti<\/li>\n<li>T\u00e4ielik LED-valgustuss\u00fcsteem, mis tagab turvalisema s\u00f5idu pimedas<\/li>\n<li>Tugevdatud lenksutorn ja raam, mis on loodud taluma agressiivset maastikus\u00f5itu<\/li>\n<\/ul>\n<p>[\/vc_column_text][\/vc_column_inner][vc_column_inner width=&#8221;1\/2&#8243;][vc_single_image image=&#8221;13640&#8243; img_size=&#8221;full&#8221; alignment=&#8221;center&#8221; css=&#8221;&#8221; parallax_scroll=&#8221;no&#8221; woodmart_inline=&#8221;no&#8221; el_class=&#8221;dec-image&#8221;][\/vc_column_inner][\/vc_row_inner][vc_row_inner equal_height=&#8221;yes&#8221; content_placement=&#8221;top&#8221; gap=&#8221;30&#8243; woodmart_css_id=&#8221;67ad1e7334786&#8243; responsive_spacing=&#8221;eyJwYXJhbV90eXBlIjoid29vZG1hcnRfcmVzcG9uc2l2ZV9zcGFjaW5nIiwic2VsZWN0b3JfaWQiOiI2N2FkMWU3MzM0Nzg2Iiwic2hvcnRjb2RlIjoidmNfcm93X2lubmVyIiwiZGF0YSI6eyJ0YWJsZXQiOnt9LCJtb2JpbGUiOnt9fX0=&#8221; mobile_bg_img_hidden=&#8221;no&#8221; tablet_bg_img_hidden=&#8221;no&#8221; woodmart_parallax=&#8221;0&#8243; woodmart_gradient_switch=&#8221;no&#8221; woodmart_box_shadow=&#8221;no&#8221; wd_z_index=&#8221;no&#8221; woodmart_disable_overflow=&#8221;0&#8243; row_reverse_mobile=&#8221;0&#8243; row_reverse_tablet=&#8221;0&#8243; el_class=&#8221;inside-dec-row&#8221;][vc_column_inner width=&#8221;1\/2&#8243;][vc_single_image image=&#8221;13641&#8243; img_size=&#8221;full&#8221; alignment=&#8221;center&#8221; css=&#8221;&#8221; parallax_scroll=&#8221;no&#8221; woodmart_inline=&#8221;no&#8221;][\/vc_column_inner][vc_column_inner width=&#8221;1\/2&#8243;][vc_column_text css=&#8221;&#8221; woodmart_inline=&#8221;no&#8221; text_larger=&#8221;no&#8221;]<\/p>\n<h3>Nutikas juhtimine sinu k\u00e4eulatuses<\/h3>\n<p>[\/vc_column_text][vc_column_text css=&#8221;&#8221; woodmart_inline=&#8221;no&#8221; text_larger=&#8221;no&#8221; el_class=&#8221;features-list&#8221;]<\/p>\n<ul>\n<li>Uuendatud 685mm laiune lenks pakub paremat kontrolli ja man\u00f6\u00f6verdusv\u00f5imet<\/li>\n<li>T\u00e4iustatud MINIMOTORS EY4 ekraan kuvab reaalajas olulist infot: kiirus, s\u00f5idure\u017eiim, l\u00e4bis\u00f5it ja aku protsent<\/li>\n<li>Erinupud valgustuse, signaali ja s\u00f5idure\u017eiimide jaoks asuvad mugavalt p\u00f6idla ulatuses<\/li>\n<\/ul>\n<p>[\/vc_column_text][\/vc_column_inner][\/vc_row_inner][vc_row_inner equal_height=&#8221;yes&#8221; content_placement=&#8221;top&#8221; gap=&#8221;30&#8243; responsive_tabs_advanced=&#8221;mobile&#8221; woodmart_css_id=&#8221;67f38bd8cf23e&#8221; responsive_spacing=&#8221;eyJwYXJhbV90eXBlIjoid29vZG1hcnRfcmVzcG9uc2l2ZV9zcGFjaW5nIiwic2VsZWN0b3JfaWQiOiI2N2YzOGJkOGNmMjNlIiwic2hvcnRjb2RlIjoidmNfcm93X2lubmVyIiwiZGF0YSI6eyJ0YWJsZXQiOnt9LCJtb2JpbGUiOnt9fX0=&#8221; mobile_bg_img_hidden=&#8221;no&#8221; tablet_bg_img_hidden=&#8221;no&#8221; woodmart_parallax=&#8221;0&#8243; woodmart_gradient_switch=&#8221;no&#8221; woodmart_box_shadow=&#8221;no&#8221; wd_z_index=&#8221;no&#8221; woodmart_disable_overflow=&#8221;0&#8243; row_reverse_mobile=&#8221;1&#8243; row_reverse_tablet=&#8221;0&#8243; el_class=&#8221;inside-dec-row&#8221;][vc_column_inner width=&#8221;1\/2&#8243;][vc_column_text css=&#8221;&#8221; woodmart_inline=&#8221;no&#8221; text_larger=&#8221;no&#8221;]<\/p>\n<h3>Selge ja detailne LCD-ekraan<\/h3>\n<p>[\/vc_column_text][vc_column_text css=&#8221;&#8221; woodmart_inline=&#8221;no&#8221; text_larger=&#8221;no&#8221; el_class=&#8221;features-list&#8221;]Uus keskele paigutatud Minimotors EY4 LCD-ekraan pakub:<\/p>\n<ul>\n<li>Reaalajas statistikat: kiirus, aku tase, hinnanguline s\u00f5iduulatus ja mootori temperatuur<\/li>\n<li>Paremat n\u00e4htavust nii eredas p\u00e4ikesevalguses kui ka pimedas<\/li>\n<li>Lihtsat ja intuitiivset kasutajaliidest, mis v\u00f5imaldab mugavat seadistamist ka s\u00f5idu ajal<\/li>\n<\/ul>\n<p>[\/vc_column_text][\/vc_column_inner][vc_column_inner width=&#8221;1\/2&#8243;][vc_single_image image=&#8221;13642&#8243; img_size=&#8221;full&#8221; alignment=&#8221;center&#8221; css=&#8221;&#8221; parallax_scroll=&#8221;no&#8221; woodmart_inline=&#8221;no&#8221;][\/vc_column_inner][\/vc_row_inner][vc_row_inner equal_height=&#8221;yes&#8221; content_placement=&#8221;top&#8221; gap=&#8221;30&#8243; woodmart_css_id=&#8221;67ad1e7334786&#8243; responsive_spacing=&#8221;eyJwYXJhbV90eXBlIjoid29vZG1hcnRfcmVzcG9uc2l2ZV9zcGFjaW5nIiwic2VsZWN0b3JfaWQiOiI2N2FkMWU3MzM0Nzg2Iiwic2hvcnRjb2RlIjoidmNfcm93X2lubmVyIiwiZGF0YSI6eyJ0YWJsZXQiOnt9LCJtb2JpbGUiOnt9fX0=&#8221; mobile_bg_img_hidden=&#8221;no&#8221; tablet_bg_img_hidden=&#8221;no&#8221; woodmart_parallax=&#8221;0&#8243; woodmart_gradient_switch=&#8221;no&#8221; woodmart_box_shadow=&#8221;no&#8221; wd_z_index=&#8221;no&#8221; woodmart_disable_overflow=&#8221;0&#8243; row_reverse_mobile=&#8221;0&#8243; row_reverse_tablet=&#8221;0&#8243; el_class=&#8221;inside-dec-row&#8221;][vc_column_inner width=&#8221;1\/2&#8243;][vc_column_text css=&#8221;&#8221; woodmart_inline=&#8221;no&#8221; text_larger=&#8221;no&#8221;]<\/p>\n<h3>Miks valida Dualtron Ultra 2 Upgrade?<\/h3>\n<p>[\/vc_column_text][vc_column_text css=&#8221;&#8221; woodmart_inline=&#8221;no&#8221; text_larger=&#8221;no&#8221; el_class=&#8221;features-list&#8221;]Olgu tegemist kruusateedel s\u00f5itmise, metsaradadel kihutamise v\u00f5i linnat\u00e4navatel kulgemisega \u2013 Dualtron Ultra 2 Upgrade tuleb iga olukorraga suurep\u00e4raselt toime. 11-tolliste maastikurehvide, kahe mootori ja reguleeritava vedrustusega on see enamat kui lihtsalt linnas\u00f5iduks m\u00f5eldud t\u00f5uks \u2013 see on sinu t\u00f5eline maastikus\u00f5idu kaaslane.[\/vc_column_text][\/vc_column_inner][vc_column_inner width=&#8221;1\/2&#8243;][vc_column_text css=&#8221;&#8221; woodmart_inline=&#8221;no&#8221; text_larger=&#8221;no&#8221; el_class=&#8221;features-list&#8221;]<\/p>\n<ul>\n<li>Loodud ekstreemsetele maastikus\u00f5itjatele<\/li>\n<li>\u00dchendab toore v\u00f5imsuse ja nutika s\u00f5idutehnoloogia<\/li>\n<li>Klapib kompaktseks, s\u00f5idab agressiivselt<\/li>\n<li>Uusima p\u00f5lvkonna ekraanitehnoloogia (EY4, s\u00f5iduulatuse prognoos jms)<\/li>\n<\/ul>\n<p>[\/vc_column_text][\/vc_column_inner][\/vc_row_inner][vc_empty_space height=&#8221;2vw&#8221; woodmart_hide_large=&#8221;0&#8243; woodmart_hide_medium=&#8221;0&#8243; woodmart_hide_small=&#8221;0&#8243;][vc_row_inner el_class=&#8221;product-cta&#8221; woodmart_css_id=&#8221;67ad831e70f64&#8243; responsive_spacing=&#8221;eyJwYXJhbV90eXBlIjoid29vZG1hcnRfcmVzcG9uc2l2ZV9zcGFjaW5nIiwic2VsZWN0b3JfaWQiOiI2N2FkODMxZTcwZjY0Iiwic2hvcnRjb2RlIjoidmNfcm93X2lubmVyIiwiZGF0YSI6eyJ0YWJsZXQiOnt9LCJtb2JpbGUiOnt9fX0=&#8221; mobile_bg_img_hidden=&#8221;no&#8221; tablet_bg_img_hidden=&#8221;no&#8221; woodmart_parallax=&#8221;0&#8243; woodmart_gradient_switch=&#8221;no&#8221; woodmart_box_shadow=&#8221;no&#8221; wd_z_index=&#8221;no&#8221; woodmart_disable_overflow=&#8221;0&#8243; row_reverse_mobile=&#8221;0&#8243; row_reverse_tablet=&#8221;0&#8243;][vc_column_inner][vc_column_text css=&#8221;&#8221; el_class=&#8221;bigger-cta-heading&#8221; woodmart_inline=&#8221;no&#8221; text_larger=&#8221;no&#8221;]<\/p>\n<h4>Telli oma Dualtron Ultra 2 Upgrade elektrit\u00f5ukeratas juba t\u00e4na!<\/h4>\n<p>[\/vc_column_text][\/vc_column_inner][\/vc_row_inner][\/vc_column][\/vc_row]<\/p>\n<\/div>","protected":false},"excerpt":{"rendered":"<p><strong>Dualtron Ultra 2 Upgrade<\/strong> on v\u00f5imas 72V maastikuelektrit\u00f5ukeratas, millel on vastupidav konstruktsioon, t\u00e4iustatud valgustus ja futuristlik EY4 ekraan. Loodud adrenaliiniotsijatele ja rajavallutajatele \u2013 see t\u00f5eline j\u00f5umasin pakub silmapaistvat p\u00f6\u00f6rdemomenti, suurep\u00e4rast n\u00e4htavust ja t\u00e4pset kontrolli, olles valmis vallutama iga t\u00f5usu ja pinnase.<\/p>\n","protected":false},"featured_media":13643,"comment_status":"closed","ping_status":"closed","template":"","meta":[],"product_brand":[658],"product_cat":[735],"product_tag":[],"class_list":{"0":"post-13649","1":"product","2":"type-product","3":"status-publish","4":"has-post-thumbnail","6":"product_brand-dualtron","7":"product_cat-elektrilised-toukerattad","9":"first","10":"instock","11":"sale","12":"taxable","13":"shipping-taxable","14":"purchasable","15":"product-type-simple"},"yoast_head":"<!-- This site is optimized with the Yoast SEO Premium plugin v27.3 (Yoast SEO v27.5) - https:\/\/yoast.com\/product\/yoast-seo-premium-wordpress\/ -->\n<title>Dualtron Ultra 2 Upgrade \u2013 maastikuv\u00f5imsus igale rajale | Voltride<\/title>\n<meta name=\"description\" content=\"72V Dualtron Ultra 2 Upgrade elektrit\u00f5ukeratas, mis on loodud ekstreemseks maastikus\u00f5iduks \u2013 massiivne p\u00f6\u00f6rdemoment, vastupidav disain ja t\u00e4ielik kontroll igal pinnasel.\" \/>\n<meta name=\"robots\" content=\"index, follow, max-snippet:-1, max-image-preview:large, max-video-preview:-1\" \/>\n<link rel=\"canonical\" href=\"https:\/\/voltride.com\/et\/dualtron-ultra-2-upgrade\/\" \/>\n<meta property=\"og:locale\" content=\"et_EE\" \/>\n<meta property=\"og:type\" content=\"article\" \/>\n<meta property=\"og:title\" content=\"Elektrit\u00f5ukeratas Dualtron Ultra 2 Upgrade | Voltride\" \/>\n<meta property=\"og:description\" content=\"Dualtron Ultra 2 Upgrade elektrit\u00f5ukeratas \u2013 kui v\u00f5tad j\u00f5udlust, seiklusi ja tipptasemel kontrolli t\u00f5siselt, siis see on sinu s\u00f5iduvahend.\" \/>\n<meta property=\"og:url\" content=\"https:\/\/voltride.com\/et\/dualtron-ultra-2-upgrade\/\" \/>\n<meta property=\"og:site_name\" content=\"Voltride\" \/>\n<meta property=\"article:publisher\" content=\"https:\/\/www.facebook.com\/voltridecom\/\" \/>\n<meta property=\"article:modified_time\" content=\"2026-05-06T07:02:45+00:00\" \/>\n<meta property=\"og:image\" content=\"https:\/\/voltride.com\/wp-content\/uploads\/2025\/04\/electric-scooter-dualtron-ultra-2-upgrade-front.jpg\" \/>\n\t<meta property=\"og:image:width\" content=\"1200\" \/>\n\t<meta property=\"og:image:height\" content=\"1200\" \/>\n\t<meta property=\"og:image:type\" content=\"image\/jpeg\" \/>\n<meta name=\"twitter:card\" content=\"summary_large_image\" \/>\n<meta name=\"twitter:title\" content=\"Dualtron Ultra 2 Upgrade | Voltride\" \/>\n<script type=\"application\/ld+json\" class=\"yoast-schema-graph\">{\"@context\":\"https:\\\/\\\/schema.org\",\"@graph\":[{\"@type\":\"WebPage\",\"@id\":\"https:\\\/\\\/voltride.com\\\/et\\\/dualtron-ultra-2-upgrade\\\/\",\"url\":\"https:\\\/\\\/voltride.com\\\/et\\\/dualtron-ultra-2-upgrade\\\/\",\"name\":\"Dualtron Ultra 2 Upgrade \u2013 maastikuv\u00f5imsus igale rajale | Voltride\",\"isPartOf\":{\"@id\":\"https:\\\/\\\/voltride.com\\\/et\\\/#website\"},\"primaryImageOfPage\":{\"@id\":\"https:\\\/\\\/voltride.com\\\/et\\\/dualtron-ultra-2-upgrade\\\/#primaryimage\"},\"image\":{\"@id\":\"https:\\\/\\\/voltride.com\\\/et\\\/dualtron-ultra-2-upgrade\\\/#primaryimage\"},\"thumbnailUrl\":\"https:\\\/\\\/voltride.com\\\/wp-content\\\/uploads\\\/2025\\\/04\\\/electric-scooter-dualtron-ultra-2-upgrade-front.jpg\",\"datePublished\":\"2025-04-23T05:58:55+00:00\",\"dateModified\":\"2026-05-06T07:02:45+00:00\",\"description\":\"72V Dualtron Ultra 2 Upgrade elektrit\u00f5ukeratas, mis on loodud ekstreemseks maastikus\u00f5iduks \u2013 massiivne p\u00f6\u00f6rdemoment, vastupidav disain ja t\u00e4ielik kontroll igal pinnasel.\",\"breadcrumb\":{\"@id\":\"https:\\\/\\\/voltride.com\\\/et\\\/dualtron-ultra-2-upgrade\\\/#breadcrumb\"},\"inLanguage\":\"et\",\"potentialAction\":[{\"@type\":\"ReadAction\",\"target\":[\"https:\\\/\\\/voltride.com\\\/et\\\/dualtron-ultra-2-upgrade\\\/\"]}]},{\"@type\":\"ImageObject\",\"inLanguage\":\"et\",\"@id\":\"https:\\\/\\\/voltride.com\\\/et\\\/dualtron-ultra-2-upgrade\\\/#primaryimage\",\"url\":\"https:\\\/\\\/voltride.com\\\/wp-content\\\/uploads\\\/2025\\\/04\\\/electric-scooter-dualtron-ultra-2-upgrade-front.jpg\",\"contentUrl\":\"https:\\\/\\\/voltride.com\\\/wp-content\\\/uploads\\\/2025\\\/04\\\/electric-scooter-dualtron-ultra-2-upgrade-front.jpg\",\"width\":1200,\"height\":1200,\"caption\":\"Dualtron Ultra 2 Upgrade elektrit\u00f5ukeratas eest nurga alt \u2013 varustatud robustsete rehvide ja kahekordse vedrustusega esihargiga, mis on loodud maastikus\u00f5iduks.\"},{\"@type\":\"BreadcrumbList\",\"@id\":\"https:\\\/\\\/voltride.com\\\/et\\\/dualtron-ultra-2-upgrade\\\/#breadcrumb\",\"itemListElement\":[{\"@type\":\"ListItem\",\"position\":1,\"name\":\"Kodu\",\"item\":\"https:\\\/\\\/voltride.com\\\/et\\\/\"},{\"@type\":\"ListItem\",\"position\":2,\"name\":\"Pood\",\"item\":\"https:\\\/\\\/voltride.com\\\/et\\\/e-pood\\\/\"},{\"@type\":\"ListItem\",\"position\":3,\"name\":\"Elektrit\u00f5ukerattad\",\"item\":\"https:\\\/\\\/voltride.com\\\/et\\\/elektrilised-toukerattad\\\/\"},{\"@type\":\"ListItem\",\"position\":4,\"name\":\"Dualtron Ultra 2 Upgrade\"}]},{\"@type\":\"WebSite\",\"@id\":\"https:\\\/\\\/voltride.com\\\/et\\\/#website\",\"url\":\"https:\\\/\\\/voltride.com\\\/et\\\/\",\"name\":\"Voltride\",\"description\":\"Parim elektrirataste elektrit\u00f5ukside ja \u00fcksrataste pood ja remont\",\"publisher\":{\"@id\":\"https:\\\/\\\/voltride.com\\\/et\\\/#organization\"},\"alternateName\":\"Vr\",\"potentialAction\":[{\"@type\":\"SearchAction\",\"target\":{\"@type\":\"EntryPoint\",\"urlTemplate\":\"https:\\\/\\\/voltride.com\\\/et\\\/?s={search_term_string}\"},\"query-input\":{\"@type\":\"PropertyValueSpecification\",\"valueRequired\":true,\"valueName\":\"search_term_string\"}}],\"inLanguage\":\"et\"},{\"@type\":[\"Organization\",\"Place\"],\"@id\":\"https:\\\/\\\/voltride.com\\\/et\\\/#organization\",\"name\":\"Voltride\",\"alternateName\":\"VR\",\"url\":\"https:\\\/\\\/voltride.com\\\/et\\\/\",\"logo\":{\"@id\":\"https:\\\/\\\/voltride.com\\\/et\\\/dualtron-ultra-2-upgrade\\\/#local-main-organization-logo\"},\"image\":{\"@id\":\"https:\\\/\\\/voltride.com\\\/et\\\/dualtron-ultra-2-upgrade\\\/#local-main-organization-logo\"},\"sameAs\":[\"https:\\\/\\\/www.facebook.com\\\/voltridecom\\\/\"],\"legalName\":\"Voltride O\u00dc\",\"numberOfEmployees\":{\"@type\":\"QuantitativeValue\",\"minValue\":\"1\",\"maxValue\":\"10\"},\"ownershipFundingInfo\":\"https:\\\/\\\/voltride.com\\\/about-us\\\/\",\"hasMerchantReturnPolicy\":{\"@type\":\"MerchantReturnPolicy\",\"merchantReturnLink\":\"https:\\\/\\\/voltride.com\\\/shipping-and-returns\\\/\"},\"address\":{\"@id\":\"https:\\\/\\\/voltride.com\\\/et\\\/dualtron-ultra-2-upgrade\\\/#local-main-place-address\"},\"geo\":{\"@type\":\"GeoCoordinates\",\"latitude\":\"59.439554\",\"longitude\":\"24.726644\"},\"telephone\":[\"+372 600 40 99\"],\"contactPoint\":{\"@type\":\"ContactPoint\",\"telephone\":\"+372 600 40 99\",\"email\":\"info@voltride.com\"},\"openingHoursSpecification\":[{\"@type\":\"OpeningHoursSpecification\",\"dayOfWeek\":[\"Monday\",\"Tuesday\",\"Wednesday\",\"Thursday\",\"Friday\"],\"opens\":\"10:00\",\"closes\":\"18:00\"},{\"@type\":\"OpeningHoursSpecification\",\"dayOfWeek\":[\"Saturday\",\"Sunday\"],\"opens\":\"00:00\",\"closes\":\"00:00\"}],\"email\":\"info@voltride.com\",\"taxID\":\"14871968\"},{\"@type\":\"PostalAddress\",\"@id\":\"https:\\\/\\\/voltride.com\\\/et\\\/dualtron-ultra-2-upgrade\\\/#local-main-place-address\",\"streetAddress\":\"Voltride Telliskivi 57D\",\"addressLocality\":\"Tallinn\",\"postalCode\":\"10412\",\"addressRegion\":\"Tallinn\",\"addressCountry\":\"EE\"},{\"@type\":\"ImageObject\",\"inLanguage\":\"et\",\"@id\":\"https:\\\/\\\/voltride.com\\\/et\\\/dualtron-ultra-2-upgrade\\\/#local-main-organization-logo\",\"url\":\"https:\\\/\\\/voltride.com\\\/wp-content\\\/uploads\\\/voltride-logo.png\",\"contentUrl\":\"https:\\\/\\\/voltride.com\\\/wp-content\\\/uploads\\\/voltride-logo.png\",\"width\":2481,\"height\":620,\"caption\":\"Voltride\"}]}<\/script>\n<meta property=\"product:brand\" content=\"Dualtron\" \/>\n<meta property=\"product:price:amount\" content=\"2899.99\" \/>\n<meta property=\"product:price:currency\" content=\"EUR\" \/>\n<meta property=\"og:availability\" content=\"instock\" \/>\n<meta property=\"product:availability\" content=\"instock\" \/>\n<meta property=\"product:retailer_item_id\" content=\"KSMM302\" \/>\n<meta property=\"product:condition\" content=\"new\" \/>\n<meta name=\"geo.placename\" content=\"Tallinn\" \/>\n<meta name=\"geo.position\" content=\"59.439554;24.726644\" \/>\n<meta name=\"geo.region\" content=\"Estonia\" \/>\n<!-- \/ Yoast SEO Premium plugin. -->","yoast_head_json":{"title":"Dualtron Ultra 2 Upgrade \u2013 maastikuv\u00f5imsus igale rajale | Voltride","description":"72V Dualtron Ultra 2 Upgrade elektrit\u00f5ukeratas, mis on loodud ekstreemseks maastikus\u00f5iduks \u2013 massiivne p\u00f6\u00f6rdemoment, vastupidav disain ja t\u00e4ielik kontroll igal pinnasel.","robots":{"index":"index","follow":"follow","max-snippet":"max-snippet:-1","max-image-preview":"max-image-preview:large","max-video-preview":"max-video-preview:-1"},"canonical":"https:\/\/voltride.com\/et\/dualtron-ultra-2-upgrade\/","og_locale":"et_EE","og_type":"article","og_title":"Elektrit\u00f5ukeratas Dualtron Ultra 2 Upgrade | Voltride","og_description":"Dualtron Ultra 2 Upgrade elektrit\u00f5ukeratas \u2013 kui v\u00f5tad j\u00f5udlust, seiklusi ja tipptasemel kontrolli t\u00f5siselt, siis see on sinu s\u00f5iduvahend.","og_url":"https:\/\/voltride.com\/et\/dualtron-ultra-2-upgrade\/","og_site_name":"Voltride","article_publisher":"https:\/\/www.facebook.com\/voltridecom\/","article_modified_time":"2026-05-06T07:02:45+00:00","og_image":[{"width":1200,"height":1200,"url":"https:\/\/voltride.com\/wp-content\/uploads\/2025\/04\/electric-scooter-dualtron-ultra-2-upgrade-front.jpg","type":"image\/jpeg"}],"twitter_card":"summary_large_image","twitter_title":"Dualtron Ultra 2 Upgrade | Voltride","schema":{"@context":"https:\/\/schema.org","@graph":[{"@type":"WebPage","@id":"https:\/\/voltride.com\/et\/dualtron-ultra-2-upgrade\/","url":"https:\/\/voltride.com\/et\/dualtron-ultra-2-upgrade\/","name":"Dualtron Ultra 2 Upgrade \u2013 maastikuv\u00f5imsus igale rajale | Voltride","isPartOf":{"@id":"https:\/\/voltride.com\/et\/#website"},"primaryImageOfPage":{"@id":"https:\/\/voltride.com\/et\/dualtron-ultra-2-upgrade\/#primaryimage"},"image":{"@id":"https:\/\/voltride.com\/et\/dualtron-ultra-2-upgrade\/#primaryimage"},"thumbnailUrl":"https:\/\/voltride.com\/wp-content\/uploads\/2025\/04\/electric-scooter-dualtron-ultra-2-upgrade-front.jpg","datePublished":"2025-04-23T05:58:55+00:00","dateModified":"2026-05-06T07:02:45+00:00","description":"72V Dualtron Ultra 2 Upgrade elektrit\u00f5ukeratas, mis on loodud ekstreemseks maastikus\u00f5iduks \u2013 massiivne p\u00f6\u00f6rdemoment, vastupidav disain ja t\u00e4ielik kontroll igal pinnasel.","breadcrumb":{"@id":"https:\/\/voltride.com\/et\/dualtron-ultra-2-upgrade\/#breadcrumb"},"inLanguage":"et","potentialAction":[{"@type":"ReadAction","target":["https:\/\/voltride.com\/et\/dualtron-ultra-2-upgrade\/"]}]},{"@type":"ImageObject","inLanguage":"et","@id":"https:\/\/voltride.com\/et\/dualtron-ultra-2-upgrade\/#primaryimage","url":"https:\/\/voltride.com\/wp-content\/uploads\/2025\/04\/electric-scooter-dualtron-ultra-2-upgrade-front.jpg","contentUrl":"https:\/\/voltride.com\/wp-content\/uploads\/2025\/04\/electric-scooter-dualtron-ultra-2-upgrade-front.jpg","width":1200,"height":1200,"caption":"Dualtron Ultra 2 Upgrade elektrit\u00f5ukeratas eest nurga alt \u2013 varustatud robustsete rehvide ja kahekordse vedrustusega esihargiga, mis on loodud maastikus\u00f5iduks."},{"@type":"BreadcrumbList","@id":"https:\/\/voltride.com\/et\/dualtron-ultra-2-upgrade\/#breadcrumb","itemListElement":[{"@type":"ListItem","position":1,"name":"Kodu","item":"https:\/\/voltride.com\/et\/"},{"@type":"ListItem","position":2,"name":"Pood","item":"https:\/\/voltride.com\/et\/e-pood\/"},{"@type":"ListItem","position":3,"name":"Elektrit\u00f5ukerattad","item":"https:\/\/voltride.com\/et\/elektrilised-toukerattad\/"},{"@type":"ListItem","position":4,"name":"Dualtron Ultra 2 Upgrade"}]},{"@type":"WebSite","@id":"https:\/\/voltride.com\/et\/#website","url":"https:\/\/voltride.com\/et\/","name":"Voltride","description":"Parim elektrirataste elektrit\u00f5ukside ja \u00fcksrataste pood ja remont","publisher":{"@id":"https:\/\/voltride.com\/et\/#organization"},"alternateName":"Vr","potentialAction":[{"@type":"SearchAction","target":{"@type":"EntryPoint","urlTemplate":"https:\/\/voltride.com\/et\/?s={search_term_string}"},"query-input":{"@type":"PropertyValueSpecification","valueRequired":true,"valueName":"search_term_string"}}],"inLanguage":"et"},{"@type":["Organization","Place"],"@id":"https:\/\/voltride.com\/et\/#organization","name":"Voltride","alternateName":"VR","url":"https:\/\/voltride.com\/et\/","logo":{"@id":"https:\/\/voltride.com\/et\/dualtron-ultra-2-upgrade\/#local-main-organization-logo"},"image":{"@id":"https:\/\/voltride.com\/et\/dualtron-ultra-2-upgrade\/#local-main-organization-logo"},"sameAs":["https:\/\/www.facebook.com\/voltridecom\/"],"legalName":"Voltride O\u00dc","numberOfEmployees":{"@type":"QuantitativeValue","minValue":"1","maxValue":"10"},"ownershipFundingInfo":"https:\/\/voltride.com\/about-us\/","hasMerchantReturnPolicy":{"@type":"MerchantReturnPolicy","merchantReturnLink":"https:\/\/voltride.com\/shipping-and-returns\/"},"address":{"@id":"https:\/\/voltride.com\/et\/dualtron-ultra-2-upgrade\/#local-main-place-address"},"geo":{"@type":"GeoCoordinates","latitude":"59.439554","longitude":"24.726644"},"telephone":["+372 600 40 99"],"contactPoint":{"@type":"ContactPoint","telephone":"+372 600 40 99","email":"info@voltride.com"},"openingHoursSpecification":[{"@type":"OpeningHoursSpecification","dayOfWeek":["Monday","Tuesday","Wednesday","Thursday","Friday"],"opens":"10:00","closes":"18:00"},{"@type":"OpeningHoursSpecification","dayOfWeek":["Saturday","Sunday"],"opens":"00:00","closes":"00:00"}],"email":"info@voltride.com","taxID":"14871968"},{"@type":"PostalAddress","@id":"https:\/\/voltride.com\/et\/dualtron-ultra-2-upgrade\/#local-main-place-address","streetAddress":"Voltride Telliskivi 57D","addressLocality":"Tallinn","postalCode":"10412","addressRegion":"Tallinn","addressCountry":"EE"},{"@type":"ImageObject","inLanguage":"et","@id":"https:\/\/voltride.com\/et\/dualtron-ultra-2-upgrade\/#local-main-organization-logo","url":"https:\/\/voltride.com\/wp-content\/uploads\/voltride-logo.png","contentUrl":"https:\/\/voltride.com\/wp-content\/uploads\/voltride-logo.png","width":2481,"height":620,"caption":"Voltride"}]},"product_brand":"Dualtron","product_price_amount":"2899.99","product_price_currency":"EUR","og_availability":"instock","product_availability":"instock","product_retailer_item_id":"KSMM302","product_condition":"new","geo.placename":"Tallinn","geo.position":{"lat":"59.439554","long":"24.726644"},"geo.region":"Estonia"},"_links":{"self":[{"href":"https:\/\/voltride.com\/et\/wp-json\/wp\/v2\/product\/13649","targetHints":{"allow":["GET"]}}],"collection":[{"href":"https:\/\/voltride.com\/et\/wp-json\/wp\/v2\/product"}],"about":[{"href":"https:\/\/voltride.com\/et\/wp-json\/wp\/v2\/types\/product"}],"replies":[{"embeddable":true,"href":"https:\/\/voltride.com\/et\/wp-json\/wp\/v2\/comments?post=13649"}],"wp:featuredmedia":[{"embeddable":true,"href":"https:\/\/voltride.com\/et\/wp-json\/wp\/v2\/media\/13643"}],"wp:attachment":[{"href":"https:\/\/voltride.com\/et\/wp-json\/wp\/v2\/media?parent=13649"}],"wp:term":[{"taxonomy":"product_brand","embeddable":true,"href":"https:\/\/voltride.com\/et\/wp-json\/wp\/v2\/product_brand?post=13649"},{"taxonomy":"product_cat","embeddable":true,"href":"https:\/\/voltride.com\/et\/wp-json\/wp\/v2\/product_cat?post=13649"},{"taxonomy":"product_tag","embeddable":true,"href":"https:\/\/voltride.com\/et\/wp-json\/wp\/v2\/product_tag?post=13649"}],"curies":[{"name":"wp","href":"https:\/\/api.w.org\/{rel}","templated":true}]}}