{"id":13819,"date":"2025-02-23T22:08:03","date_gmt":"2025-02-23T20:08:03","guid":{"rendered":"https:\/\/voltride.com\/dualtron-mini-special-lb-dual-motor\/"},"modified":"2026-03-29T21:32:47","modified_gmt":"2026-03-29T19:32:47","slug":"dualtron-mini-special-lb-dual-motor","status":"publish","type":"product","link":"https:\/\/voltride.com\/et\/dualtron-mini-special-lb-dual-motor\/","title":{"rendered":"Dualtron Mini Special LB Dual Motor"},"content":{"rendered":"<div class=\"wpb-content-wrapper\"><p>[vc_row css=&#8221;.vc_custom_1738843193265{background-color: #0F3F36 !important;}&#8221; woodmart_css_id=&#8221;67a4a4339c25a&#8221; responsive_spacing=&#8221;eyJwYXJhbV90eXBlIjoid29vZG1hcnRfcmVzcG9uc2l2ZV9zcGFjaW5nIiwic2VsZWN0b3JfaWQiOiI2N2E0YTQzMzljMjVhIiwic2hvcnRjb2RlIjoidmNfcm93IiwiZGF0YSI6eyJ0YWJsZXQiOnt9LCJtb2JpbGUiOnt9fX0=&#8221; mobile_bg_img_hidden=&#8221;no&#8221; tablet_bg_img_hidden=&#8221;no&#8221; woodmart_parallax=&#8221;0&#8243; woodmart_gradient_switch=&#8221;no&#8221; woodmart_box_shadow=&#8221;no&#8221; wd_z_index=&#8221;no&#8221; woodmart_disable_overflow=&#8221;0&#8243; row_reverse_mobile=&#8221;0&#8243; row_reverse_tablet=&#8221;0&#8243; el_id=&#8221;p-description&#8221; el_class=&#8221;product-description&#8221;][vc_column][vc_row_inner equal_height=&#8221;yes&#8221; content_placement=&#8221;middle&#8221; gap=&#8221;30&#8243; woodmart_css_id=&#8221;67ad1bf7ca313&#8243; responsive_spacing=&#8221;eyJwYXJhbV90eXBlIjoid29vZG1hcnRfcmVzcG9uc2l2ZV9zcGFjaW5nIiwic2VsZWN0b3JfaWQiOiI2N2FkMWJmN2NhMzEzIiwic2hvcnRjb2RlIjoidmNfcm93X2lubmVyIiwiZGF0YSI6eyJ0YWJsZXQiOnt9LCJtb2JpbGUiOnt9fX0=&#8221; mobile_bg_img_hidden=&#8221;no&#8221; tablet_bg_img_hidden=&#8221;no&#8221; woodmart_parallax=&#8221;0&#8243; woodmart_gradient_switch=&#8221;no&#8221; woodmart_box_shadow=&#8221;no&#8221; wd_z_index=&#8221;no&#8221; woodmart_disable_overflow=&#8221;0&#8243; row_reverse_mobile=&#8221;1&#8243; row_reverse_tablet=&#8221;0&#8243; el_class=&#8221;first-row inside-dec-row&#8221;][vc_column_inner el_class=&#8221;left-text-product&#8221; width=&#8221;1\/2&#8243; woodmart_css_id=&#8221;67ad4841a2dd4&#8243; parallax_scroll=&#8221;no&#8221; woodmart_sticky_column=&#8221;false&#8221; wd_collapsible_content_switcher=&#8221;no&#8221; wd_column_role_offcanvas_desktop=&#8221;no&#8221; wd_column_role_offcanvas_tablet=&#8221;no&#8221; wd_column_role_offcanvas_mobile=&#8221;no&#8221; wd_column_role_content_desktop=&#8221;no&#8221; wd_column_role_content_tablet=&#8221;no&#8221; wd_column_role_content_mobile=&#8221;no&#8221; mobile_bg_img_hidden=&#8221;no&#8221; tablet_bg_img_hidden=&#8221;no&#8221; woodmart_parallax=&#8221;0&#8243; woodmart_box_shadow=&#8221;no&#8221; responsive_spacing=&#8221;eyJwYXJhbV90eXBlIjoid29vZG1hcnRfcmVzcG9uc2l2ZV9zcGFjaW5nIiwic2VsZWN0b3JfaWQiOiI2N2FkNDg0MWEyZGQ0Iiwic2hvcnRjb2RlIjoidmNfY29sdW1uX2lubmVyIiwiZGF0YSI6eyJ0YWJsZXQiOnt9LCJtb2JpbGUiOnt9fX0=&#8221; wd_z_index=&#8221;no&#8221;][vc_column_text css=&#8221;&#8221; woodmart_inline=&#8221;no&#8221; text_larger=&#8221;no&#8221;]<\/p>\n<h3>Kahemootoriline, originaalne stiil<\/h3>\n<p>[\/vc_column_text][vc_column_text css=&#8221;&#8221; woodmart_inline=&#8221;no&#8221; text_larger=&#8221;no&#8221;]T\u00f5ukeratas, mis p\u00fc\u00fcab pilke. Dualtron Mini Special Long Body ei ole pelgalt praktiline \u2013 see on loodud \u00fcheks turu silmapaistvaimaks mudeliks, \u00fchendades puhtad jooned pikema platvormi ja laiemate rehvidega, mis tagavad parema stabiilsuse ning s\u00f5idumugavuse.[\/vc_column_text][\/vc_column_inner][vc_column_inner width=&#8221;1\/2&#8243;][vc_single_image image=&#8221;13803&#8243; img_size=&#8221;full&#8221; alignment=&#8221;center&#8221; css=&#8221;&#8221; parallax_scroll=&#8221;no&#8221; woodmart_inline=&#8221;no&#8221; el_class=&#8221;dec-image&#8221;][\/vc_column_inner][\/vc_row_inner][vc_row_inner equal_height=&#8221;yes&#8221; content_placement=&#8221;top&#8221; gap=&#8221;30&#8243; woodmart_css_id=&#8221;67ad1e7334786&#8243; responsive_spacing=&#8221;eyJwYXJhbV90eXBlIjoid29vZG1hcnRfcmVzcG9uc2l2ZV9zcGFjaW5nIiwic2VsZWN0b3JfaWQiOiI2N2FkMWU3MzM0Nzg2Iiwic2hvcnRjb2RlIjoidmNfcm93X2lubmVyIiwiZGF0YSI6eyJ0YWJsZXQiOnt9LCJtb2JpbGUiOnt9fX0=&#8221; mobile_bg_img_hidden=&#8221;no&#8221; tablet_bg_img_hidden=&#8221;no&#8221; woodmart_parallax=&#8221;0&#8243; woodmart_gradient_switch=&#8221;no&#8221; woodmart_box_shadow=&#8221;no&#8221; wd_z_index=&#8221;no&#8221; woodmart_disable_overflow=&#8221;0&#8243; row_reverse_mobile=&#8221;0&#8243; row_reverse_tablet=&#8221;0&#8243; el_class=&#8221;inside-dec-row&#8221;][vc_column_inner width=&#8221;1\/2&#8243;][vc_column_text css=&#8221;&#8221; woodmart_inline=&#8221;no&#8221; text_larger=&#8221;no&#8221;]<\/p>\n<h3>Kaks mootorit, s\u00f5ida kaugemale<\/h3>\n<p>[\/vc_column_text][vc_column_text css=&#8221;&#8221; woodmart_inline=&#8221;no&#8221; text_larger=&#8221;no&#8221; el_class=&#8221;features-list&#8221;]S\u00f5ida m\u00e4gedest \u00fcles ja kulge kergusega. Erinevalt oma eelk\u00e4ijast on Dualtron Mini Special n\u00fc\u00fcd varustatud kahe mootoriga, mis tagavad parema kiirenduse ja m\u00e4kket\u00f5usuv\u00f5ime. See on ideaalne valik s\u00f5itjatele, kes vajavad j\u00f5udlust ilma kaasaskantavuses j\u00e4releandmisi tegemata.<\/p>\n<p>Suurem aku pikemateks s\u00f5itudeks. T\u00e4nu suuremale aku mahutavusele viib see t\u00f5ukeratas sind \u00fche laadimisega kaugemale, olles usaldusv\u00e4\u00e4rne kaaslane nii igap\u00e4evastel s\u00f5itudel kui ka spontaansetel n\u00e4dalavahetuse seiklustel.[\/vc_column_text][\/vc_column_inner][vc_column_inner width=&#8221;1\/2&#8243;][vc_column_text css=&#8221;&#8221; woodmart_inline=&#8221;no&#8221; text_larger=&#8221;no&#8221;]<\/p>\n<h3>Uuendatud ekraan ja turvalisus<\/h3>\n<p>[\/vc_column_text][vc_column_text css=&#8221;&#8221; woodmart_inline=&#8221;no&#8221; text_larger=&#8221;no&#8221; el_class=&#8221;features-list&#8221;]IPX7 veekindel ekraan ja parem n\u00e4htavus. Uus IPX7-kaitseastmega veekindel ekraan hoiab s\u00f5iduandmed selgelt n\u00e4htavana igas olukorras. Eraldi esiltuli ja signaal parandavad ohutust tiheda liiklusega t\u00e4navatel ning h\u00e4maras s\u00f5ites.<\/p>\n<p>See on igati t\u00e4iustatud mudel, mis muudab sinu igap\u00e4evase liikumise sujuvamaks, kiiremaks ja m\u00e4rksa nauditavamaks.[\/vc_column_text][\/vc_column_inner][\/vc_row_inner][vc_row_inner equal_height=&#8221;yes&#8221; content_placement=&#8221;top&#8221; gap=&#8221;30&#8243; woodmart_css_id=&#8221;67ad1e7334786&#8243; responsive_spacing=&#8221;eyJwYXJhbV90eXBlIjoid29vZG1hcnRfcmVzcG9uc2l2ZV9zcGFjaW5nIiwic2VsZWN0b3JfaWQiOiI2N2FkMWU3MzM0Nzg2Iiwic2hvcnRjb2RlIjoidmNfcm93X2lubmVyIiwiZGF0YSI6eyJ0YWJsZXQiOnt9LCJtb2JpbGUiOnt9fX0=&#8221; mobile_bg_img_hidden=&#8221;no&#8221; tablet_bg_img_hidden=&#8221;no&#8221; woodmart_parallax=&#8221;0&#8243; woodmart_gradient_switch=&#8221;no&#8221; woodmart_box_shadow=&#8221;no&#8221; wd_z_index=&#8221;no&#8221; woodmart_disable_overflow=&#8221;0&#8243; row_reverse_mobile=&#8221;0&#8243; row_reverse_tablet=&#8221;0&#8243; el_class=&#8221;inside-dec-row&#8221;][vc_column_inner width=&#8221;1\/2&#8243;]\t\t<div class=\"wd-el-video wd-wpb wd-rs-685cd8f2d85fc wd-action-overlay wd-video-youtube wd-with-aspect-ratio wd-lightbox\">\n\t\t\t\n\t\t\t\n\t\t\t\n\t\t\t\t\t\t\t<div class=\"wd-el-video-overlay wd-fill\">\n\t\t\t\t\t<img loading=\"lazy\" decoding=\"async\" width=\"856\" height=\"565\" src=\"https:\/\/voltride.com\/wp-content\/uploads\/2025\/02\/electric-scooter-dualtron-mini-special-lb-dual-motor-video-thumbnail.png\" class=\"attachment- size-\" alt=\"Electric scooter Dualtron Mini Special LB Dual Motor video thumbnail where a man is standing behind the scooter.\" srcset=\"https:\/\/voltride.com\/wp-content\/uploads\/2025\/02\/electric-scooter-dualtron-mini-special-lb-dual-motor-video-thumbnail.png 856w, https:\/\/voltride.com\/wp-content\/uploads\/2025\/02\/electric-scooter-dualtron-mini-special-lb-dual-motor-video-thumbnail-150x99.png 150w, https:\/\/voltride.com\/wp-content\/uploads\/2025\/02\/electric-scooter-dualtron-mini-special-lb-dual-motor-video-thumbnail-600x396.png 600w, https:\/\/voltride.com\/wp-content\/uploads\/2025\/02\/electric-scooter-dualtron-mini-special-lb-dual-motor-video-thumbnail-300x198.png 300w, https:\/\/voltride.com\/wp-content\/uploads\/2025\/02\/electric-scooter-dualtron-mini-special-lb-dual-motor-video-thumbnail-768x507.png 768w\" sizes=\"auto, (max-width: 856px) 100vw, 856px\" \/>\t\t\t\t<\/div>\n\t\t\t\t<div class=\"wd-el-video-control color-scheme-light wd-fill\">\n\t\t\t\t\t<span class=\"wd-el-video-play-btn\"><\/span>\n\t\t\t\t\t\t\t\t\t<\/div>\n\n\t\t\t\t<a class=\"wd-el-video-link wd-el-video-btn-overlay wd-fill wd-el-video-lightbox\" href=\"http:\/\/www.youtube.com\/watch?v=uOvbtBED8bA\" aria-label=\"Esita video\"><\/a>\n\t\t\t\t\t<\/div>\n\t\t[\/vc_column_inner][vc_column_inner width=&#8221;1\/2&#8243;][vc_column_text css=&#8221;&#8221; woodmart_inline=&#8221;no&#8221; text_larger=&#8221;no&#8221;]<\/p>\n<h3>Koge t\u00e4iuslikku tasakaalu<\/h3>\n<p>[\/vc_column_text][vc_column_text css=&#8221;&#8221; woodmart_inline=&#8221;no&#8221; text_larger=&#8221;no&#8221; el_class=&#8221;two-text-block&#8221;]Koge t\u00e4iuslikku tasakaalu v\u00f5imsuse ja praktilisuse vahel Dualtron Mini Special LB Dual Motoriga. See kerge raam koos kahe mootori j\u00f5udlusega pakub iga kord sujuvat, reageerivat ja v\u00f5imsat s\u00f5idukogemust. See on loodud s\u00f5itjatele, kes ootavad oma elektrit\u00f5ukerattalt enamat.[\/vc_column_text][\/vc_column_inner][\/vc_row_inner][vc_row_inner el_class=&#8221;product-cta&#8221; woodmart_css_id=&#8221;67ad831e70f64&#8243; responsive_spacing=&#8221;eyJwYXJhbV90eXBlIjoid29vZG1hcnRfcmVzcG9uc2l2ZV9zcGFjaW5nIiwic2VsZWN0b3JfaWQiOiI2N2FkODMxZTcwZjY0Iiwic2hvcnRjb2RlIjoidmNfcm93X2lubmVyIiwiZGF0YSI6eyJ0YWJsZXQiOnt9LCJtb2JpbGUiOnt9fX0=&#8221; mobile_bg_img_hidden=&#8221;no&#8221; tablet_bg_img_hidden=&#8221;no&#8221; woodmart_parallax=&#8221;0&#8243; woodmart_gradient_switch=&#8221;no&#8221; woodmart_box_shadow=&#8221;no&#8221; wd_z_index=&#8221;no&#8221; woodmart_disable_overflow=&#8221;0&#8243; row_reverse_mobile=&#8221;0&#8243; row_reverse_tablet=&#8221;0&#8243;][vc_column_inner][vc_column_text css=&#8221;&#8221; el_class=&#8221;bigger-cta-heading&#8221; woodmart_inline=&#8221;no&#8221; text_larger=&#8221;no&#8221;]<\/p>\n<h4>Telli oma elektrit\u00f5ukeratas Dualtron Mini Special LB Dual Motor juba t\u00e4na!<\/h4>\n<p>[\/vc_column_text][\/vc_column_inner][\/vc_row_inner][\/vc_column][\/vc_row]<\/p>\n<\/div>","protected":false},"excerpt":{"rendered":"<p>Tutvu modernse klassiku arenguga. Kui sulle meeldis originaalne Dualtron Mini, siis selle v\u00f5imsam edasiarendus avaldab kindlasti muljet. Mugavuse, vastupidavuse ja stiilse disaini p\u00e4randile ehitatud uuendatud versioon pakub n\u00fc\u00fcd veelgi rohkem v\u00f5imsust, s\u00f5iduulatust ja kontrolli nii igap\u00e4evasteks s\u00f5itudeks kui ka n\u00e4dalavahetuse seiklusteks.<\/p>\n","protected":false},"featured_media":13804,"comment_status":"closed","ping_status":"closed","template":"","meta":[],"product_brand":[658],"product_cat":[735],"product_tag":[],"class_list":{"0":"post-13819","1":"product","2":"type-product","3":"status-publish","4":"has-post-thumbnail","6":"product_brand-dualtron","7":"product_cat-elektrilised-toukerattad","9":"first","10":"outofstock","11":"taxable","12":"shipping-taxable","13":"purchasable","14":"product-type-simple"},"yoast_head":"<!-- This site is optimized with the Yoast SEO Premium plugin v27.3 (Yoast SEO v27.4) - https:\/\/yoast.com\/product\/yoast-seo-premium-wordpress\/ -->\n<title>Dualtron Mini Special LB Dual Motor \u2013 kompaktne linnas\u00f5idu t\u00f5ukeratas | Voltride<\/title>\n<meta name=\"description\" content=\"Dualtron Mini on kompaktne elektrit\u00f5ukeratas, mis pakub paremat v\u00f5imsust, s\u00f5iduulatust ja kontrolli ning on loodud mugavaks igap\u00e4evaseks liikumiseks ja n\u00e4dalavahetuse s\u00f5itudeks.\" \/>\n<meta name=\"robots\" content=\"index, follow, max-snippet:-1, max-image-preview:large, max-video-preview:-1\" \/>\n<link rel=\"canonical\" href=\"https:\/\/voltride.com\/et\/dualtron-mini-special-lb-dual-motor\/\" \/>\n<meta property=\"og:locale\" content=\"et_EE\" \/>\n<meta property=\"og:type\" content=\"article\" \/>\n<meta property=\"og:title\" content=\"Dualtron Mini Special LB Dual Motor - Voltride\" \/>\n<meta property=\"og:description\" content=\"Uus Dualtron Mini Special LB Dual Motor pakub oma suuruse kohta t\u00f5eliselt muljetavaldavat v\u00f5imsust. 52-voldine s\u00fcsteem ja 21 Ah LG elementidega aku on m\u00e4rgatav samm edasi v\u00f5rreldes varasema Dualtron Mini, Speedway Legeri v\u00f5i isegi Mini 4 Proga ning suurep\u00e4rane viis astuda Dualtroni kvaliteetse s\u00f5iduelamuse maailma\" \/>\n<meta property=\"og:url\" content=\"https:\/\/voltride.com\/et\/dualtron-mini-special-lb-dual-motor\/\" \/>\n<meta property=\"og:site_name\" content=\"Voltride\" \/>\n<meta property=\"article:publisher\" content=\"https:\/\/www.facebook.com\/voltridecom\/\" \/>\n<meta property=\"article:modified_time\" content=\"2026-03-29T19:32:47+00:00\" \/>\n<meta property=\"og:image\" content=\"https:\/\/voltride.com\/wp-content\/uploads\/2025\/02\/dualtron-mini-special-lb-dual-motor-front-angle.jpg\" \/>\n\t<meta property=\"og:image:width\" content=\"1600\" \/>\n\t<meta property=\"og:image:height\" content=\"1600\" \/>\n\t<meta property=\"og:image:type\" content=\"image\/jpeg\" \/>\n<meta name=\"twitter:card\" content=\"summary_large_image\" \/>\n<meta name=\"twitter:title\" content=\"Dualtron Mini Special LB Dual Motor | Voltride\" \/>\n<script type=\"application\/ld+json\" class=\"yoast-schema-graph\">{\"@context\":\"https:\\\/\\\/schema.org\",\"@graph\":[{\"@type\":\"WebPage\",\"@id\":\"https:\\\/\\\/voltride.com\\\/et\\\/dualtron-mini-special-lb-dual-motor\\\/\",\"url\":\"https:\\\/\\\/voltride.com\\\/et\\\/dualtron-mini-special-lb-dual-motor\\\/\",\"name\":\"Dualtron Mini Special LB Dual Motor \u2013 kompaktne linnas\u00f5idu t\u00f5ukeratas | Voltride\",\"isPartOf\":{\"@id\":\"https:\\\/\\\/voltride.com\\\/et\\\/#website\"},\"primaryImageOfPage\":{\"@id\":\"https:\\\/\\\/voltride.com\\\/et\\\/dualtron-mini-special-lb-dual-motor\\\/#primaryimage\"},\"image\":{\"@id\":\"https:\\\/\\\/voltride.com\\\/et\\\/dualtron-mini-special-lb-dual-motor\\\/#primaryimage\"},\"thumbnailUrl\":\"https:\\\/\\\/voltride.com\\\/wp-content\\\/uploads\\\/2025\\\/02\\\/dualtron-mini-special-lb-dual-motor-front-angle.jpg\",\"datePublished\":\"2025-02-23T20:08:03+00:00\",\"dateModified\":\"2026-03-29T19:32:47+00:00\",\"description\":\"Dualtron Mini on kompaktne elektrit\u00f5ukeratas, mis pakub paremat v\u00f5imsust, s\u00f5iduulatust ja kontrolli ning on loodud mugavaks igap\u00e4evaseks liikumiseks ja n\u00e4dalavahetuse s\u00f5itudeks.\",\"breadcrumb\":{\"@id\":\"https:\\\/\\\/voltride.com\\\/et\\\/dualtron-mini-special-lb-dual-motor\\\/#breadcrumb\"},\"inLanguage\":\"et\",\"potentialAction\":[{\"@type\":\"ReadAction\",\"target\":[\"https:\\\/\\\/voltride.com\\\/et\\\/dualtron-mini-special-lb-dual-motor\\\/\"]}]},{\"@type\":\"ImageObject\",\"inLanguage\":\"et\",\"@id\":\"https:\\\/\\\/voltride.com\\\/et\\\/dualtron-mini-special-lb-dual-motor\\\/#primaryimage\",\"url\":\"https:\\\/\\\/voltride.com\\\/wp-content\\\/uploads\\\/2025\\\/02\\\/dualtron-mini-special-lb-dual-motor-front-angle.jpg\",\"contentUrl\":\"https:\\\/\\\/voltride.com\\\/wp-content\\\/uploads\\\/2025\\\/02\\\/dualtron-mini-special-lb-dual-motor-front-angle.jpg\",\"width\":1600,\"height\":1600,\"caption\":\"Dualtron Mini Special LB Dual Motor elektrit\u00f5ukeratas eestvaates nurga alt, esile toodud vedrustus ja valgustus\"},{\"@type\":\"BreadcrumbList\",\"@id\":\"https:\\\/\\\/voltride.com\\\/et\\\/dualtron-mini-special-lb-dual-motor\\\/#breadcrumb\",\"itemListElement\":[{\"@type\":\"ListItem\",\"position\":1,\"name\":\"Kodu\",\"item\":\"https:\\\/\\\/voltride.com\\\/et\\\/\"},{\"@type\":\"ListItem\",\"position\":2,\"name\":\"Pood\",\"item\":\"https:\\\/\\\/voltride.com\\\/et\\\/e-pood\\\/\"},{\"@type\":\"ListItem\",\"position\":3,\"name\":\"Elektrit\u00f5ukerattad\",\"item\":\"https:\\\/\\\/voltride.com\\\/et\\\/elektrilised-toukerattad\\\/\"},{\"@type\":\"ListItem\",\"position\":4,\"name\":\"Dualtron Mini Special LB Dual Motor\"}]},{\"@type\":\"WebSite\",\"@id\":\"https:\\\/\\\/voltride.com\\\/et\\\/#website\",\"url\":\"https:\\\/\\\/voltride.com\\\/et\\\/\",\"name\":\"Voltride\",\"description\":\"Parim elektrirataste elektrit\u00f5ukside ja \u00fcksrataste pood ja remont\",\"publisher\":{\"@id\":\"https:\\\/\\\/voltride.com\\\/et\\\/#organization\"},\"alternateName\":\"Vr\",\"potentialAction\":[{\"@type\":\"SearchAction\",\"target\":{\"@type\":\"EntryPoint\",\"urlTemplate\":\"https:\\\/\\\/voltride.com\\\/et\\\/?s={search_term_string}\"},\"query-input\":{\"@type\":\"PropertyValueSpecification\",\"valueRequired\":true,\"valueName\":\"search_term_string\"}}],\"inLanguage\":\"et\"},{\"@type\":[\"Organization\",\"Place\"],\"@id\":\"https:\\\/\\\/voltride.com\\\/et\\\/#organization\",\"name\":\"Voltride\",\"alternateName\":\"VR\",\"url\":\"https:\\\/\\\/voltride.com\\\/et\\\/\",\"logo\":{\"@id\":\"https:\\\/\\\/voltride.com\\\/et\\\/dualtron-mini-special-lb-dual-motor\\\/#local-main-organization-logo\"},\"image\":{\"@id\":\"https:\\\/\\\/voltride.com\\\/et\\\/dualtron-mini-special-lb-dual-motor\\\/#local-main-organization-logo\"},\"sameAs\":[\"https:\\\/\\\/www.facebook.com\\\/voltridecom\\\/\"],\"legalName\":\"Voltride O\u00dc\",\"numberOfEmployees\":{\"@type\":\"QuantitativeValue\",\"minValue\":\"1\",\"maxValue\":\"10\"},\"ownershipFundingInfo\":\"https:\\\/\\\/voltride.com\\\/about-us\\\/\",\"hasMerchantReturnPolicy\":{\"@type\":\"MerchantReturnPolicy\",\"merchantReturnLink\":\"https:\\\/\\\/voltride.com\\\/shipping-and-returns\\\/\"},\"address\":{\"@id\":\"https:\\\/\\\/voltride.com\\\/et\\\/dualtron-mini-special-lb-dual-motor\\\/#local-main-place-address\"},\"geo\":{\"@type\":\"GeoCoordinates\",\"latitude\":\"59.439554\",\"longitude\":\"24.726644\"},\"telephone\":[\"+372 600 40 99\"],\"contactPoint\":{\"@type\":\"ContactPoint\",\"telephone\":\"+372 600 40 99\",\"email\":\"info@voltride.com\"},\"openingHoursSpecification\":[{\"@type\":\"OpeningHoursSpecification\",\"dayOfWeek\":[\"Monday\",\"Tuesday\",\"Wednesday\",\"Thursday\",\"Friday\"],\"opens\":\"10:00\",\"closes\":\"18:00\"},{\"@type\":\"OpeningHoursSpecification\",\"dayOfWeek\":[\"Saturday\",\"Sunday\"],\"opens\":\"00:00\",\"closes\":\"00:00\"}],\"email\":\"info@voltride.com\",\"taxID\":\"14871968\"},{\"@type\":\"PostalAddress\",\"@id\":\"https:\\\/\\\/voltride.com\\\/et\\\/dualtron-mini-special-lb-dual-motor\\\/#local-main-place-address\",\"streetAddress\":\"Voltride Telliskivi 57D\",\"addressLocality\":\"Tallinn\",\"postalCode\":\"10412\",\"addressRegion\":\"Tallinn\",\"addressCountry\":\"EE\"},{\"@type\":\"ImageObject\",\"inLanguage\":\"et\",\"@id\":\"https:\\\/\\\/voltride.com\\\/et\\\/dualtron-mini-special-lb-dual-motor\\\/#local-main-organization-logo\",\"url\":\"https:\\\/\\\/voltride.com\\\/wp-content\\\/uploads\\\/voltride-logo.png\",\"contentUrl\":\"https:\\\/\\\/voltride.com\\\/wp-content\\\/uploads\\\/voltride-logo.png\",\"width\":2481,\"height\":620,\"caption\":\"Voltride\"}]}<\/script>\n<meta property=\"product:brand\" content=\"Dualtron\" \/>\n<meta property=\"product:price:amount\" content=\"1599.99\" \/>\n<meta property=\"product:price:currency\" content=\"EUR\" \/>\n<meta property=\"og:availability\" content=\"out of stock\" \/>\n<meta property=\"product:availability\" content=\"out of stock\" \/>\n<meta property=\"product:retailer_item_id\" content=\"KSMM406\" \/>\n<meta property=\"product:condition\" content=\"new\" \/>\n<meta name=\"geo.placename\" content=\"Tallinn\" \/>\n<meta name=\"geo.position\" content=\"59.439554;24.726644\" \/>\n<meta name=\"geo.region\" content=\"Estonia\" \/>\n<!-- \/ Yoast SEO Premium plugin. -->","yoast_head_json":{"title":"Dualtron Mini Special LB Dual Motor \u2013 kompaktne linnas\u00f5idu t\u00f5ukeratas | Voltride","description":"Dualtron Mini on kompaktne elektrit\u00f5ukeratas, mis pakub paremat v\u00f5imsust, s\u00f5iduulatust ja kontrolli ning on loodud mugavaks igap\u00e4evaseks liikumiseks ja n\u00e4dalavahetuse s\u00f5itudeks.","robots":{"index":"index","follow":"follow","max-snippet":"max-snippet:-1","max-image-preview":"max-image-preview:large","max-video-preview":"max-video-preview:-1"},"canonical":"https:\/\/voltride.com\/et\/dualtron-mini-special-lb-dual-motor\/","og_locale":"et_EE","og_type":"article","og_title":"Dualtron Mini Special LB Dual Motor - Voltride","og_description":"Uus Dualtron Mini Special LB Dual Motor pakub oma suuruse kohta t\u00f5eliselt muljetavaldavat v\u00f5imsust. 52-voldine s\u00fcsteem ja 21 Ah LG elementidega aku on m\u00e4rgatav samm edasi v\u00f5rreldes varasema Dualtron Mini, Speedway Legeri v\u00f5i isegi Mini 4 Proga ning suurep\u00e4rane viis astuda Dualtroni kvaliteetse s\u00f5iduelamuse maailma","og_url":"https:\/\/voltride.com\/et\/dualtron-mini-special-lb-dual-motor\/","og_site_name":"Voltride","article_publisher":"https:\/\/www.facebook.com\/voltridecom\/","article_modified_time":"2026-03-29T19:32:47+00:00","og_image":[{"width":1600,"height":1600,"url":"https:\/\/voltride.com\/wp-content\/uploads\/2025\/02\/dualtron-mini-special-lb-dual-motor-front-angle.jpg","type":"image\/jpeg"}],"twitter_card":"summary_large_image","twitter_title":"Dualtron Mini Special LB Dual Motor | Voltride","schema":{"@context":"https:\/\/schema.org","@graph":[{"@type":"WebPage","@id":"https:\/\/voltride.com\/et\/dualtron-mini-special-lb-dual-motor\/","url":"https:\/\/voltride.com\/et\/dualtron-mini-special-lb-dual-motor\/","name":"Dualtron Mini Special LB Dual Motor \u2013 kompaktne linnas\u00f5idu t\u00f5ukeratas | Voltride","isPartOf":{"@id":"https:\/\/voltride.com\/et\/#website"},"primaryImageOfPage":{"@id":"https:\/\/voltride.com\/et\/dualtron-mini-special-lb-dual-motor\/#primaryimage"},"image":{"@id":"https:\/\/voltride.com\/et\/dualtron-mini-special-lb-dual-motor\/#primaryimage"},"thumbnailUrl":"https:\/\/voltride.com\/wp-content\/uploads\/2025\/02\/dualtron-mini-special-lb-dual-motor-front-angle.jpg","datePublished":"2025-02-23T20:08:03+00:00","dateModified":"2026-03-29T19:32:47+00:00","description":"Dualtron Mini on kompaktne elektrit\u00f5ukeratas, mis pakub paremat v\u00f5imsust, s\u00f5iduulatust ja kontrolli ning on loodud mugavaks igap\u00e4evaseks liikumiseks ja n\u00e4dalavahetuse s\u00f5itudeks.","breadcrumb":{"@id":"https:\/\/voltride.com\/et\/dualtron-mini-special-lb-dual-motor\/#breadcrumb"},"inLanguage":"et","potentialAction":[{"@type":"ReadAction","target":["https:\/\/voltride.com\/et\/dualtron-mini-special-lb-dual-motor\/"]}]},{"@type":"ImageObject","inLanguage":"et","@id":"https:\/\/voltride.com\/et\/dualtron-mini-special-lb-dual-motor\/#primaryimage","url":"https:\/\/voltride.com\/wp-content\/uploads\/2025\/02\/dualtron-mini-special-lb-dual-motor-front-angle.jpg","contentUrl":"https:\/\/voltride.com\/wp-content\/uploads\/2025\/02\/dualtron-mini-special-lb-dual-motor-front-angle.jpg","width":1600,"height":1600,"caption":"Dualtron Mini Special LB Dual Motor elektrit\u00f5ukeratas eestvaates nurga alt, esile toodud vedrustus ja valgustus"},{"@type":"BreadcrumbList","@id":"https:\/\/voltride.com\/et\/dualtron-mini-special-lb-dual-motor\/#breadcrumb","itemListElement":[{"@type":"ListItem","position":1,"name":"Kodu","item":"https:\/\/voltride.com\/et\/"},{"@type":"ListItem","position":2,"name":"Pood","item":"https:\/\/voltride.com\/et\/e-pood\/"},{"@type":"ListItem","position":3,"name":"Elektrit\u00f5ukerattad","item":"https:\/\/voltride.com\/et\/elektrilised-toukerattad\/"},{"@type":"ListItem","position":4,"name":"Dualtron Mini Special LB Dual Motor"}]},{"@type":"WebSite","@id":"https:\/\/voltride.com\/et\/#website","url":"https:\/\/voltride.com\/et\/","name":"Voltride","description":"Parim elektrirataste elektrit\u00f5ukside ja \u00fcksrataste pood ja remont","publisher":{"@id":"https:\/\/voltride.com\/et\/#organization"},"alternateName":"Vr","potentialAction":[{"@type":"SearchAction","target":{"@type":"EntryPoint","urlTemplate":"https:\/\/voltride.com\/et\/?s={search_term_string}"},"query-input":{"@type":"PropertyValueSpecification","valueRequired":true,"valueName":"search_term_string"}}],"inLanguage":"et"},{"@type":["Organization","Place"],"@id":"https:\/\/voltride.com\/et\/#organization","name":"Voltride","alternateName":"VR","url":"https:\/\/voltride.com\/et\/","logo":{"@id":"https:\/\/voltride.com\/et\/dualtron-mini-special-lb-dual-motor\/#local-main-organization-logo"},"image":{"@id":"https:\/\/voltride.com\/et\/dualtron-mini-special-lb-dual-motor\/#local-main-organization-logo"},"sameAs":["https:\/\/www.facebook.com\/voltridecom\/"],"legalName":"Voltride O\u00dc","numberOfEmployees":{"@type":"QuantitativeValue","minValue":"1","maxValue":"10"},"ownershipFundingInfo":"https:\/\/voltride.com\/about-us\/","hasMerchantReturnPolicy":{"@type":"MerchantReturnPolicy","merchantReturnLink":"https:\/\/voltride.com\/shipping-and-returns\/"},"address":{"@id":"https:\/\/voltride.com\/et\/dualtron-mini-special-lb-dual-motor\/#local-main-place-address"},"geo":{"@type":"GeoCoordinates","latitude":"59.439554","longitude":"24.726644"},"telephone":["+372 600 40 99"],"contactPoint":{"@type":"ContactPoint","telephone":"+372 600 40 99","email":"info@voltride.com"},"openingHoursSpecification":[{"@type":"OpeningHoursSpecification","dayOfWeek":["Monday","Tuesday","Wednesday","Thursday","Friday"],"opens":"10:00","closes":"18:00"},{"@type":"OpeningHoursSpecification","dayOfWeek":["Saturday","Sunday"],"opens":"00:00","closes":"00:00"}],"email":"info@voltride.com","taxID":"14871968"},{"@type":"PostalAddress","@id":"https:\/\/voltride.com\/et\/dualtron-mini-special-lb-dual-motor\/#local-main-place-address","streetAddress":"Voltride Telliskivi 57D","addressLocality":"Tallinn","postalCode":"10412","addressRegion":"Tallinn","addressCountry":"EE"},{"@type":"ImageObject","inLanguage":"et","@id":"https:\/\/voltride.com\/et\/dualtron-mini-special-lb-dual-motor\/#local-main-organization-logo","url":"https:\/\/voltride.com\/wp-content\/uploads\/voltride-logo.png","contentUrl":"https:\/\/voltride.com\/wp-content\/uploads\/voltride-logo.png","width":2481,"height":620,"caption":"Voltride"}]},"product_brand":"Dualtron","product_price_amount":"1599.99","product_price_currency":"EUR","og_availability":"out of stock","product_availability":"out of stock","product_retailer_item_id":"KSMM406","product_condition":"new","geo.placename":"Tallinn","geo.position":{"lat":"59.439554","long":"24.726644"},"geo.region":"Estonia"},"_links":{"self":[{"href":"https:\/\/voltride.com\/et\/wp-json\/wp\/v2\/product\/13819","targetHints":{"allow":["GET"]}}],"collection":[{"href":"https:\/\/voltride.com\/et\/wp-json\/wp\/v2\/product"}],"about":[{"href":"https:\/\/voltride.com\/et\/wp-json\/wp\/v2\/types\/product"}],"replies":[{"embeddable":true,"href":"https:\/\/voltride.com\/et\/wp-json\/wp\/v2\/comments?post=13819"}],"wp:featuredmedia":[{"embeddable":true,"href":"https:\/\/voltride.com\/et\/wp-json\/wp\/v2\/media\/13804"}],"wp:attachment":[{"href":"https:\/\/voltride.com\/et\/wp-json\/wp\/v2\/media?parent=13819"}],"wp:term":[{"taxonomy":"product_brand","embeddable":true,"href":"https:\/\/voltride.com\/et\/wp-json\/wp\/v2\/product_brand?post=13819"},{"taxonomy":"product_cat","embeddable":true,"href":"https:\/\/voltride.com\/et\/wp-json\/wp\/v2\/product_cat?post=13819"},{"taxonomy":"product_tag","embeddable":true,"href":"https:\/\/voltride.com\/et\/wp-json\/wp\/v2\/product_tag?post=13819"}],"curies":[{"name":"wp","href":"https:\/\/api.w.org\/{rel}","templated":true}]}}