{"id":13837,"date":"2025-02-23T22:05:56","date_gmt":"2025-02-23T20:05:56","guid":{"rendered":"https:\/\/voltride.com\/dualtron-compact\/"},"modified":"2026-03-29T21:32:47","modified_gmt":"2026-03-29T19:32:47","slug":"dualtron-compact","status":"publish","type":"product","link":"https:\/\/voltride.com\/et\/dualtron-compact\/","title":{"rendered":"Dualtron Compact"},"content":{"rendered":"<div class=\"wpb-content-wrapper\"><p>[vc_row css=&#8221;.vc_custom_1738843193265{background-color: #0F3F36 !important;}&#8221; woodmart_css_id=&#8221;67a4a4339c25a&#8221; responsive_spacing=&#8221;eyJwYXJhbV90eXBlIjoid29vZG1hcnRfcmVzcG9uc2l2ZV9zcGFjaW5nIiwic2VsZWN0b3JfaWQiOiI2N2E0YTQzMzljMjVhIiwic2hvcnRjb2RlIjoidmNfcm93IiwiZGF0YSI6eyJ0YWJsZXQiOnt9LCJtb2JpbGUiOnt9fX0=&#8221; mobile_bg_img_hidden=&#8221;no&#8221; tablet_bg_img_hidden=&#8221;no&#8221; woodmart_parallax=&#8221;0&#8243; woodmart_gradient_switch=&#8221;no&#8221; woodmart_box_shadow=&#8221;no&#8221; wd_z_index=&#8221;no&#8221; woodmart_disable_overflow=&#8221;0&#8243; row_reverse_mobile=&#8221;0&#8243; row_reverse_tablet=&#8221;0&#8243; el_id=&#8221;p-description&#8221; el_class=&#8221;product-description&#8221;][vc_column][vc_row_inner equal_height=&#8221;yes&#8221; content_placement=&#8221;middle&#8221; gap=&#8221;30&#8243; woodmart_css_id=&#8221;67ad1bf7ca313&#8243; responsive_spacing=&#8221;eyJwYXJhbV90eXBlIjoid29vZG1hcnRfcmVzcG9uc2l2ZV9zcGFjaW5nIiwic2VsZWN0b3JfaWQiOiI2N2FkMWJmN2NhMzEzIiwic2hvcnRjb2RlIjoidmNfcm93X2lubmVyIiwiZGF0YSI6eyJ0YWJsZXQiOnt9LCJtb2JpbGUiOnt9fX0=&#8221; mobile_bg_img_hidden=&#8221;no&#8221; tablet_bg_img_hidden=&#8221;no&#8221; woodmart_parallax=&#8221;0&#8243; woodmart_gradient_switch=&#8221;no&#8221; woodmart_box_shadow=&#8221;no&#8221; wd_z_index=&#8221;no&#8221; woodmart_disable_overflow=&#8221;0&#8243; row_reverse_mobile=&#8221;1&#8243; row_reverse_tablet=&#8221;0&#8243; el_class=&#8221;first-row inside-dec-row&#8221;][vc_column_inner el_class=&#8221;left-text-product&#8221; width=&#8221;1\/2&#8243; woodmart_css_id=&#8221;67ad4841a2dd4&#8243; parallax_scroll=&#8221;no&#8221; woodmart_sticky_column=&#8221;false&#8221; wd_collapsible_content_switcher=&#8221;no&#8221; wd_column_role_offcanvas_desktop=&#8221;no&#8221; wd_column_role_offcanvas_tablet=&#8221;no&#8221; wd_column_role_offcanvas_mobile=&#8221;no&#8221; wd_column_role_content_desktop=&#8221;no&#8221; wd_column_role_content_tablet=&#8221;no&#8221; wd_column_role_content_mobile=&#8221;no&#8221; mobile_bg_img_hidden=&#8221;no&#8221; tablet_bg_img_hidden=&#8221;no&#8221; woodmart_parallax=&#8221;0&#8243; woodmart_box_shadow=&#8221;no&#8221; responsive_spacing=&#8221;eyJwYXJhbV90eXBlIjoid29vZG1hcnRfcmVzcG9uc2l2ZV9zcGFjaW5nIiwic2VsZWN0b3JfaWQiOiI2N2FkNDg0MWEyZGQ0Iiwic2hvcnRjb2RlIjoidmNfY29sdW1uX2lubmVyIiwiZGF0YSI6eyJ0YWJsZXQiOnt9LCJtb2JpbGUiOnt9fX0=&#8221; wd_z_index=&#8221;no&#8221;][vc_column_text css=&#8221;&#8221; woodmart_inline=&#8221;no&#8221; text_larger=&#8221;no&#8221;]<\/p>\n<h3>Linnas\u00f5it, t\u00e4iustatud<\/h3>\n<p>[\/vc_column_text][vc_column_text css=&#8221;&#8221; woodmart_inline=&#8221;no&#8221; text_larger=&#8221;no&#8221;]Kaks mootorit annavad Compactile muljetavaldava m\u00e4kket\u00f5usuv\u00f5ime, v\u00f5imaldades enesekindlalt toime tulla ka j\u00e4rskude t\u00f5usudega.<\/p>\n<p>Unusta katkised rehvid. 8-tollised \u00fclilaiad t\u00e4isrehvid v\u00e4listavad purunemise riski ning pakuvad samal ajal v\u00e4ga head haarduvust. Eemaldatav rattas\u00f5lm muudab hoolduse ja remondi lihtsamaks.<\/p>\n<p>Topelt trummelpidurid koos ABS-iga tagavad usaldusv\u00e4\u00e4rse pidurdusj\u00f5u ja kindlustunde ka suurematel kiirustel.<\/p>\n<p>See on v\u00f5imas, efektiivne ja loodud v\u00e4hest hooldust vajavaks kasutamiseks.[\/vc_column_text][\/vc_column_inner][vc_column_inner width=&#8221;1\/2&#8243;][vc_column_text css=&#8221;&#8221; woodmart_inline=&#8221;no&#8221; text_larger=&#8221;no&#8221;]<\/p>\n<h3>Kokkupandav ja sujuv<\/h3>\n<p>[\/vc_column_text][vc_column_text css=&#8221;&#8221; woodmart_inline=&#8221;no&#8221; text_larger=&#8221;no&#8221;]T\u00e4ielikult kokkupandav lenks ja lukustatav lenksupost teevad Compactist \u00fche oma klassi k\u00f5ige transpordis\u00f5bralikuma t\u00f5ukeratta. Sa saad selle h\u00f5lpsasti kokku panna ning paigutada auto pagasiruumi v\u00f5i laua alla.<\/p>\n<p>Naudi mugavat s\u00f5itu igal teel t\u00e4nu kahekordsele kummivedrustusele. See on reguleeritav kolmes astmes ja toetab viit erinevat vedrustuskassetti, v\u00f5imaldades seadistada j\u00e4ikust vastavalt maastikule v\u00f5i s\u00f5itja kaalule. See nutikas lahendus sobib nii linnas\u00f5iduks kui ka maastikul kasutamiseks.[\/vc_column_text][\/vc_column_inner][\/vc_row_inner][vc_row_inner equal_height=&#8221;yes&#8221; content_placement=&#8221;top&#8221; gap=&#8221;30&#8243; responsive_tabs_advanced=&#8221;mobile&#8221; woodmart_css_id=&#8221;67f3a5c2c0e81&#8243; responsive_spacing=&#8221;eyJwYXJhbV90eXBlIjoid29vZG1hcnRfcmVzcG9uc2l2ZV9zcGFjaW5nIiwic2VsZWN0b3JfaWQiOiI2N2YzYTVjMmMwZTgxIiwic2hvcnRjb2RlIjoidmNfcm93X2lubmVyIiwiZGF0YSI6eyJ0YWJsZXQiOnt9LCJtb2JpbGUiOnt9fX0=&#8221; mobile_bg_img_hidden=&#8221;no&#8221; tablet_bg_img_hidden=&#8221;no&#8221; woodmart_parallax=&#8221;0&#8243; woodmart_gradient_switch=&#8221;no&#8221; woodmart_box_shadow=&#8221;no&#8221; wd_z_index=&#8221;no&#8221; woodmart_disable_overflow=&#8221;0&#8243; row_reverse_mobile=&#8221;1&#8243; row_reverse_tablet=&#8221;0&#8243; el_class=&#8221;inside-dec-row&#8221;][vc_column_inner width=&#8221;1\/2&#8243;][vc_column_text css=&#8221;&#8221; woodmart_inline=&#8221;no&#8221; text_larger=&#8221;no&#8221;]<\/p>\n<h3>Loodud silma paistma<\/h3>\n<p>[\/vc_column_text][vc_column_text css=&#8221;&#8221; woodmart_inline=&#8221;no&#8221; text_larger=&#8221;no&#8221; el_class=&#8221;two-text-block&#8221;]T\u00e4iustatud valgustuss\u00fcsteem suurendab turvalisust h\u00e4maras. Oled teistele alati h\u00e4sti n\u00e4htav \u2013 ja n\u00e4ed samal ajal ka stiilne v\u00e4lja \u2013 t\u00e4nu kahekordsele LED-esitulele, p\u00f5hjaalusele meeleoluvalgustusele, tagumistele suunatuledele ja pidurituledele.[\/vc_column_text][\/vc_column_inner][vc_column_inner width=&#8221;1\/2&#8243;]\t\t<div class=\"wd-el-video wd-wpb wd-rs-67f4efbb48988 wd-action-overlay wd-video-youtube wd-with-aspect-ratio wd-lightbox\">\n\t\t\t\n\t\t\t\n\t\t\t\n\t\t\t\t\t\t\t<div class=\"wd-el-video-overlay wd-fill\">\n\t\t\t\t\t<img loading=\"lazy\" decoding=\"async\" width=\"910\" height=\"493\" src=\"https:\/\/voltride.com\/wp-content\/uploads\/2025\/02\/electric-scooter-dualtron-compact-video-thumbnail.png\" class=\"attachment- size-\" alt=\"\" srcset=\"https:\/\/voltride.com\/wp-content\/uploads\/2025\/02\/electric-scooter-dualtron-compact-video-thumbnail.png 910w, https:\/\/voltride.com\/wp-content\/uploads\/2025\/02\/electric-scooter-dualtron-compact-video-thumbnail-150x81.png 150w, https:\/\/voltride.com\/wp-content\/uploads\/2025\/02\/electric-scooter-dualtron-compact-video-thumbnail-600x325.png 600w, https:\/\/voltride.com\/wp-content\/uploads\/2025\/02\/electric-scooter-dualtron-compact-video-thumbnail-300x163.png 300w, https:\/\/voltride.com\/wp-content\/uploads\/2025\/02\/electric-scooter-dualtron-compact-video-thumbnail-768x416.png 768w\" sizes=\"auto, (max-width: 910px) 100vw, 910px\" \/>\t\t\t\t<\/div>\n\t\t\t\t<div class=\"wd-el-video-control color-scheme-light wd-fill\">\n\t\t\t\t\t<span class=\"wd-el-video-play-btn\"><\/span>\n\t\t\t\t\t\t\t\t\t<\/div>\n\n\t\t\t\t<a class=\"wd-el-video-link wd-el-video-btn-overlay wd-fill wd-el-video-lightbox\" href=\"http:\/\/www.youtube.com\/watch?v=d85Cu9Ry7qc\" aria-label=\"Esita video\"><\/a>\n\t\t\t\t\t<\/div>\n\t\t[\/vc_column_inner][\/vc_row_inner][vc_row_inner el_class=&#8221;product-cta&#8221; woodmart_css_id=&#8221;67ad831e70f64&#8243; responsive_spacing=&#8221;eyJwYXJhbV90eXBlIjoid29vZG1hcnRfcmVzcG9uc2l2ZV9zcGFjaW5nIiwic2VsZWN0b3JfaWQiOiI2N2FkODMxZTcwZjY0Iiwic2hvcnRjb2RlIjoidmNfcm93X2lubmVyIiwiZGF0YSI6eyJ0YWJsZXQiOnt9LCJtb2JpbGUiOnt9fX0=&#8221; mobile_bg_img_hidden=&#8221;no&#8221; tablet_bg_img_hidden=&#8221;no&#8221; woodmart_parallax=&#8221;0&#8243; woodmart_gradient_switch=&#8221;no&#8221; woodmart_box_shadow=&#8221;no&#8221; wd_z_index=&#8221;no&#8221; woodmart_disable_overflow=&#8221;0&#8243; row_reverse_mobile=&#8221;0&#8243; row_reverse_tablet=&#8221;0&#8243;][vc_column_inner][vc_column_text css=&#8221;&#8221; el_class=&#8221;bigger-cta-heading&#8221; woodmart_inline=&#8221;no&#8221; text_larger=&#8221;no&#8221;]<\/p>\n<h4>Telli oma elektrit\u00f5ukeratas Dualtron Compact juba t\u00e4na!<\/h4>\n<p>[\/vc_column_text][\/vc_column_inner][\/vc_row_inner][\/vc_column][\/vc_row]<\/p>\n<\/div>","protected":false},"excerpt":{"rendered":"<p><strong>Dualtron Compact<\/strong> pakub v\u00f5imsat j\u00f5udlust stiilses ja kokkupandavas raamis \u2013 ideaalne kaaslane kiire tempoga linnas\u00f5iduks v\u00f5i m\u00e4giste teede h\u00f5lpsaks vallutamiseks. See on loodud s\u00f5itjatele, kes hindavad v\u00f5imsust, vastupidavust ja lihtsat hooldust.<\/p>\n","protected":false},"featured_media":13831,"comment_status":"closed","ping_status":"closed","template":"","meta":[],"product_brand":[658],"product_cat":[735],"product_tag":[],"class_list":{"0":"post-13837","1":"product","2":"type-product","3":"status-publish","4":"has-post-thumbnail","6":"product_brand-dualtron","7":"product_cat-elektrilised-toukerattad","9":"first","10":"instock","11":"sale","12":"taxable","13":"shipping-taxable","14":"purchasable","15":"product-type-simple"},"yoast_head":"<!-- This site is optimized with the Yoast SEO Premium plugin v27.3 (Yoast SEO v27.5) - https:\/\/yoast.com\/product\/yoast-seo-premium-wordpress\/ -->\n<title>Dualtron Compact \u2013 v\u00f5imas kokkupandav j\u00f5udlus linnas\u00f5iduks | Voltride<\/title>\n<meta name=\"description\" content=\"Elektrit\u00f5ukeratas Dualtron Compact \u2013 suure j\u00f5udlusega kokkupandav t\u00f5ukeratas kahe mootoriga, ABS-trummelpidurite, t\u00e4isrehvide ja reguleeritava kummivedrustusega.\" \/>\n<meta name=\"robots\" content=\"index, follow, max-snippet:-1, max-image-preview:large, max-video-preview:-1\" \/>\n<link rel=\"canonical\" href=\"https:\/\/voltride.com\/et\/dualtron-compact\/\" \/>\n<meta property=\"og:locale\" content=\"et_EE\" \/>\n<meta property=\"og:type\" content=\"article\" \/>\n<meta property=\"og:title\" content=\"Elektrit\u00f5ukeratas Dualtron Compact | Voltride\" \/>\n<meta property=\"og:description\" content=\"Dualtron Compact on oma suuruse kohta t\u00f5eline j\u00f5ujaam. T\u00e4isrehvid ja 21Ah aku tagavad muretu s\u00f5idu igal maastikul!\" \/>\n<meta property=\"og:url\" content=\"https:\/\/voltride.com\/et\/dualtron-compact\/\" \/>\n<meta property=\"og:site_name\" content=\"Voltride\" \/>\n<meta property=\"article:publisher\" content=\"https:\/\/www.facebook.com\/voltridecom\/\" \/>\n<meta property=\"article:modified_time\" content=\"2026-03-29T19:32:47+00:00\" \/>\n<meta property=\"og:image\" content=\"https:\/\/voltride.com\/wp-content\/uploads\/2025\/02\/electric-scooter-dualtron-compact-main-product-image.jpg\" \/>\n\t<meta property=\"og:image:width\" content=\"1200\" \/>\n\t<meta property=\"og:image:height\" content=\"1200\" \/>\n\t<meta property=\"og:image:type\" content=\"image\/jpeg\" \/>\n<meta name=\"twitter:card\" content=\"summary_large_image\" \/>\n<meta name=\"twitter:title\" content=\"Dualtron Compact | Voltride\" \/>\n<script type=\"application\/ld+json\" class=\"yoast-schema-graph\">{\"@context\":\"https:\\\/\\\/schema.org\",\"@graph\":[{\"@type\":\"WebPage\",\"@id\":\"https:\\\/\\\/voltride.com\\\/et\\\/dualtron-compact\\\/\",\"url\":\"https:\\\/\\\/voltride.com\\\/et\\\/dualtron-compact\\\/\",\"name\":\"Dualtron Compact \u2013 v\u00f5imas kokkupandav j\u00f5udlus linnas\u00f5iduks | Voltride\",\"isPartOf\":{\"@id\":\"https:\\\/\\\/voltride.com\\\/et\\\/#website\"},\"primaryImageOfPage\":{\"@id\":\"https:\\\/\\\/voltride.com\\\/et\\\/dualtron-compact\\\/#primaryimage\"},\"image\":{\"@id\":\"https:\\\/\\\/voltride.com\\\/et\\\/dualtron-compact\\\/#primaryimage\"},\"thumbnailUrl\":\"https:\\\/\\\/voltride.com\\\/wp-content\\\/uploads\\\/2025\\\/02\\\/electric-scooter-dualtron-compact-main-product-image.jpg\",\"datePublished\":\"2025-02-23T20:05:56+00:00\",\"dateModified\":\"2026-03-29T19:32:47+00:00\",\"description\":\"Elektrit\u00f5ukeratas Dualtron Compact \u2013 suure j\u00f5udlusega kokkupandav t\u00f5ukeratas kahe mootoriga, ABS-trummelpidurite, t\u00e4isrehvide ja reguleeritava kummivedrustusega.\",\"breadcrumb\":{\"@id\":\"https:\\\/\\\/voltride.com\\\/et\\\/dualtron-compact\\\/#breadcrumb\"},\"inLanguage\":\"et\",\"potentialAction\":[{\"@type\":\"ReadAction\",\"target\":[\"https:\\\/\\\/voltride.com\\\/et\\\/dualtron-compact\\\/\"]}]},{\"@type\":\"ImageObject\",\"inLanguage\":\"et\",\"@id\":\"https:\\\/\\\/voltride.com\\\/et\\\/dualtron-compact\\\/#primaryimage\",\"url\":\"https:\\\/\\\/voltride.com\\\/wp-content\\\/uploads\\\/2025\\\/02\\\/electric-scooter-dualtron-compact-main-product-image.jpg\",\"contentUrl\":\"https:\\\/\\\/voltride.com\\\/wp-content\\\/uploads\\\/2025\\\/02\\\/electric-scooter-dualtron-compact-main-product-image.jpg\",\"width\":1200,\"height\":1200,\"caption\":\"Elektrit\u00f5ukeratas Dualtron Compact \u2013 suure j\u00f5udlusega linnat\u00f5ukeratas kahe mootoriga ja tugeva raamiga, k\u00fclgvaade valgel taustal\"},{\"@type\":\"BreadcrumbList\",\"@id\":\"https:\\\/\\\/voltride.com\\\/et\\\/dualtron-compact\\\/#breadcrumb\",\"itemListElement\":[{\"@type\":\"ListItem\",\"position\":1,\"name\":\"Kodu\",\"item\":\"https:\\\/\\\/voltride.com\\\/et\\\/\"},{\"@type\":\"ListItem\",\"position\":2,\"name\":\"Pood\",\"item\":\"https:\\\/\\\/voltride.com\\\/et\\\/e-pood\\\/\"},{\"@type\":\"ListItem\",\"position\":3,\"name\":\"Elektrit\u00f5ukerattad\",\"item\":\"https:\\\/\\\/voltride.com\\\/et\\\/elektrilised-toukerattad\\\/\"},{\"@type\":\"ListItem\",\"position\":4,\"name\":\"Dualtron Compact\"}]},{\"@type\":\"WebSite\",\"@id\":\"https:\\\/\\\/voltride.com\\\/et\\\/#website\",\"url\":\"https:\\\/\\\/voltride.com\\\/et\\\/\",\"name\":\"Voltride\",\"description\":\"Parim elektrirataste elektrit\u00f5ukside ja \u00fcksrataste pood ja remont\",\"publisher\":{\"@id\":\"https:\\\/\\\/voltride.com\\\/et\\\/#organization\"},\"alternateName\":\"Vr\",\"potentialAction\":[{\"@type\":\"SearchAction\",\"target\":{\"@type\":\"EntryPoint\",\"urlTemplate\":\"https:\\\/\\\/voltride.com\\\/et\\\/?s={search_term_string}\"},\"query-input\":{\"@type\":\"PropertyValueSpecification\",\"valueRequired\":true,\"valueName\":\"search_term_string\"}}],\"inLanguage\":\"et\"},{\"@type\":[\"Organization\",\"Place\"],\"@id\":\"https:\\\/\\\/voltride.com\\\/et\\\/#organization\",\"name\":\"Voltride\",\"alternateName\":\"VR\",\"url\":\"https:\\\/\\\/voltride.com\\\/et\\\/\",\"logo\":{\"@id\":\"https:\\\/\\\/voltride.com\\\/et\\\/dualtron-compact\\\/#local-main-organization-logo\"},\"image\":{\"@id\":\"https:\\\/\\\/voltride.com\\\/et\\\/dualtron-compact\\\/#local-main-organization-logo\"},\"sameAs\":[\"https:\\\/\\\/www.facebook.com\\\/voltridecom\\\/\"],\"legalName\":\"Voltride O\u00dc\",\"numberOfEmployees\":{\"@type\":\"QuantitativeValue\",\"minValue\":\"1\",\"maxValue\":\"10\"},\"ownershipFundingInfo\":\"https:\\\/\\\/voltride.com\\\/about-us\\\/\",\"hasMerchantReturnPolicy\":{\"@type\":\"MerchantReturnPolicy\",\"merchantReturnLink\":\"https:\\\/\\\/voltride.com\\\/shipping-and-returns\\\/\"},\"address\":{\"@id\":\"https:\\\/\\\/voltride.com\\\/et\\\/dualtron-compact\\\/#local-main-place-address\"},\"geo\":{\"@type\":\"GeoCoordinates\",\"latitude\":\"59.439554\",\"longitude\":\"24.726644\"},\"telephone\":[\"+372 600 40 99\"],\"contactPoint\":{\"@type\":\"ContactPoint\",\"telephone\":\"+372 600 40 99\",\"email\":\"info@voltride.com\"},\"openingHoursSpecification\":[{\"@type\":\"OpeningHoursSpecification\",\"dayOfWeek\":[\"Monday\",\"Tuesday\",\"Wednesday\",\"Thursday\",\"Friday\"],\"opens\":\"10:00\",\"closes\":\"18:00\"},{\"@type\":\"OpeningHoursSpecification\",\"dayOfWeek\":[\"Saturday\",\"Sunday\"],\"opens\":\"00:00\",\"closes\":\"00:00\"}],\"email\":\"info@voltride.com\",\"taxID\":\"14871968\"},{\"@type\":\"PostalAddress\",\"@id\":\"https:\\\/\\\/voltride.com\\\/et\\\/dualtron-compact\\\/#local-main-place-address\",\"streetAddress\":\"Voltride Telliskivi 57D\",\"addressLocality\":\"Tallinn\",\"postalCode\":\"10412\",\"addressRegion\":\"Tallinn\",\"addressCountry\":\"EE\"},{\"@type\":\"ImageObject\",\"inLanguage\":\"et\",\"@id\":\"https:\\\/\\\/voltride.com\\\/et\\\/dualtron-compact\\\/#local-main-organization-logo\",\"url\":\"https:\\\/\\\/voltride.com\\\/wp-content\\\/uploads\\\/voltride-logo.png\",\"contentUrl\":\"https:\\\/\\\/voltride.com\\\/wp-content\\\/uploads\\\/voltride-logo.png\",\"width\":2481,\"height\":620,\"caption\":\"Voltride\"}]}<\/script>\n<meta property=\"product:brand\" content=\"Dualtron\" \/>\n<meta property=\"product:price:amount\" content=\"1999.99\" \/>\n<meta property=\"product:price:currency\" content=\"EUR\" \/>\n<meta property=\"og:availability\" content=\"instock\" \/>\n<meta property=\"product:availability\" content=\"instock\" \/>\n<meta property=\"product:retailer_item_id\" content=\"KSMM311\" \/>\n<meta property=\"product:condition\" content=\"new\" \/>\n<meta name=\"geo.placename\" content=\"Tallinn\" \/>\n<meta name=\"geo.position\" content=\"59.439554;24.726644\" \/>\n<meta name=\"geo.region\" content=\"Estonia\" \/>\n<!-- \/ Yoast SEO Premium plugin. -->","yoast_head_json":{"title":"Dualtron Compact \u2013 v\u00f5imas kokkupandav j\u00f5udlus linnas\u00f5iduks | Voltride","description":"Elektrit\u00f5ukeratas Dualtron Compact \u2013 suure j\u00f5udlusega kokkupandav t\u00f5ukeratas kahe mootoriga, ABS-trummelpidurite, t\u00e4isrehvide ja reguleeritava kummivedrustusega.","robots":{"index":"index","follow":"follow","max-snippet":"max-snippet:-1","max-image-preview":"max-image-preview:large","max-video-preview":"max-video-preview:-1"},"canonical":"https:\/\/voltride.com\/et\/dualtron-compact\/","og_locale":"et_EE","og_type":"article","og_title":"Elektrit\u00f5ukeratas Dualtron Compact | Voltride","og_description":"Dualtron Compact on oma suuruse kohta t\u00f5eline j\u00f5ujaam. T\u00e4isrehvid ja 21Ah aku tagavad muretu s\u00f5idu igal maastikul!","og_url":"https:\/\/voltride.com\/et\/dualtron-compact\/","og_site_name":"Voltride","article_publisher":"https:\/\/www.facebook.com\/voltridecom\/","article_modified_time":"2026-03-29T19:32:47+00:00","og_image":[{"width":1200,"height":1200,"url":"https:\/\/voltride.com\/wp-content\/uploads\/2025\/02\/electric-scooter-dualtron-compact-main-product-image.jpg","type":"image\/jpeg"}],"twitter_card":"summary_large_image","twitter_title":"Dualtron Compact | Voltride","schema":{"@context":"https:\/\/schema.org","@graph":[{"@type":"WebPage","@id":"https:\/\/voltride.com\/et\/dualtron-compact\/","url":"https:\/\/voltride.com\/et\/dualtron-compact\/","name":"Dualtron Compact \u2013 v\u00f5imas kokkupandav j\u00f5udlus linnas\u00f5iduks | Voltride","isPartOf":{"@id":"https:\/\/voltride.com\/et\/#website"},"primaryImageOfPage":{"@id":"https:\/\/voltride.com\/et\/dualtron-compact\/#primaryimage"},"image":{"@id":"https:\/\/voltride.com\/et\/dualtron-compact\/#primaryimage"},"thumbnailUrl":"https:\/\/voltride.com\/wp-content\/uploads\/2025\/02\/electric-scooter-dualtron-compact-main-product-image.jpg","datePublished":"2025-02-23T20:05:56+00:00","dateModified":"2026-03-29T19:32:47+00:00","description":"Elektrit\u00f5ukeratas Dualtron Compact \u2013 suure j\u00f5udlusega kokkupandav t\u00f5ukeratas kahe mootoriga, ABS-trummelpidurite, t\u00e4isrehvide ja reguleeritava kummivedrustusega.","breadcrumb":{"@id":"https:\/\/voltride.com\/et\/dualtron-compact\/#breadcrumb"},"inLanguage":"et","potentialAction":[{"@type":"ReadAction","target":["https:\/\/voltride.com\/et\/dualtron-compact\/"]}]},{"@type":"ImageObject","inLanguage":"et","@id":"https:\/\/voltride.com\/et\/dualtron-compact\/#primaryimage","url":"https:\/\/voltride.com\/wp-content\/uploads\/2025\/02\/electric-scooter-dualtron-compact-main-product-image.jpg","contentUrl":"https:\/\/voltride.com\/wp-content\/uploads\/2025\/02\/electric-scooter-dualtron-compact-main-product-image.jpg","width":1200,"height":1200,"caption":"Elektrit\u00f5ukeratas Dualtron Compact \u2013 suure j\u00f5udlusega linnat\u00f5ukeratas kahe mootoriga ja tugeva raamiga, k\u00fclgvaade valgel taustal"},{"@type":"BreadcrumbList","@id":"https:\/\/voltride.com\/et\/dualtron-compact\/#breadcrumb","itemListElement":[{"@type":"ListItem","position":1,"name":"Kodu","item":"https:\/\/voltride.com\/et\/"},{"@type":"ListItem","position":2,"name":"Pood","item":"https:\/\/voltride.com\/et\/e-pood\/"},{"@type":"ListItem","position":3,"name":"Elektrit\u00f5ukerattad","item":"https:\/\/voltride.com\/et\/elektrilised-toukerattad\/"},{"@type":"ListItem","position":4,"name":"Dualtron Compact"}]},{"@type":"WebSite","@id":"https:\/\/voltride.com\/et\/#website","url":"https:\/\/voltride.com\/et\/","name":"Voltride","description":"Parim elektrirataste elektrit\u00f5ukside ja \u00fcksrataste pood ja remont","publisher":{"@id":"https:\/\/voltride.com\/et\/#organization"},"alternateName":"Vr","potentialAction":[{"@type":"SearchAction","target":{"@type":"EntryPoint","urlTemplate":"https:\/\/voltride.com\/et\/?s={search_term_string}"},"query-input":{"@type":"PropertyValueSpecification","valueRequired":true,"valueName":"search_term_string"}}],"inLanguage":"et"},{"@type":["Organization","Place"],"@id":"https:\/\/voltride.com\/et\/#organization","name":"Voltride","alternateName":"VR","url":"https:\/\/voltride.com\/et\/","logo":{"@id":"https:\/\/voltride.com\/et\/dualtron-compact\/#local-main-organization-logo"},"image":{"@id":"https:\/\/voltride.com\/et\/dualtron-compact\/#local-main-organization-logo"},"sameAs":["https:\/\/www.facebook.com\/voltridecom\/"],"legalName":"Voltride O\u00dc","numberOfEmployees":{"@type":"QuantitativeValue","minValue":"1","maxValue":"10"},"ownershipFundingInfo":"https:\/\/voltride.com\/about-us\/","hasMerchantReturnPolicy":{"@type":"MerchantReturnPolicy","merchantReturnLink":"https:\/\/voltride.com\/shipping-and-returns\/"},"address":{"@id":"https:\/\/voltride.com\/et\/dualtron-compact\/#local-main-place-address"},"geo":{"@type":"GeoCoordinates","latitude":"59.439554","longitude":"24.726644"},"telephone":["+372 600 40 99"],"contactPoint":{"@type":"ContactPoint","telephone":"+372 600 40 99","email":"info@voltride.com"},"openingHoursSpecification":[{"@type":"OpeningHoursSpecification","dayOfWeek":["Monday","Tuesday","Wednesday","Thursday","Friday"],"opens":"10:00","closes":"18:00"},{"@type":"OpeningHoursSpecification","dayOfWeek":["Saturday","Sunday"],"opens":"00:00","closes":"00:00"}],"email":"info@voltride.com","taxID":"14871968"},{"@type":"PostalAddress","@id":"https:\/\/voltride.com\/et\/dualtron-compact\/#local-main-place-address","streetAddress":"Voltride Telliskivi 57D","addressLocality":"Tallinn","postalCode":"10412","addressRegion":"Tallinn","addressCountry":"EE"},{"@type":"ImageObject","inLanguage":"et","@id":"https:\/\/voltride.com\/et\/dualtron-compact\/#local-main-organization-logo","url":"https:\/\/voltride.com\/wp-content\/uploads\/voltride-logo.png","contentUrl":"https:\/\/voltride.com\/wp-content\/uploads\/voltride-logo.png","width":2481,"height":620,"caption":"Voltride"}]},"product_brand":"Dualtron","product_price_amount":"1999.99","product_price_currency":"EUR","og_availability":"instock","product_availability":"instock","product_retailer_item_id":"KSMM311","product_condition":"new","geo.placename":"Tallinn","geo.position":{"lat":"59.439554","long":"24.726644"},"geo.region":"Estonia"},"_links":{"self":[{"href":"https:\/\/voltride.com\/et\/wp-json\/wp\/v2\/product\/13837","targetHints":{"allow":["GET"]}}],"collection":[{"href":"https:\/\/voltride.com\/et\/wp-json\/wp\/v2\/product"}],"about":[{"href":"https:\/\/voltride.com\/et\/wp-json\/wp\/v2\/types\/product"}],"replies":[{"embeddable":true,"href":"https:\/\/voltride.com\/et\/wp-json\/wp\/v2\/comments?post=13837"}],"wp:featuredmedia":[{"embeddable":true,"href":"https:\/\/voltride.com\/et\/wp-json\/wp\/v2\/media\/13831"}],"wp:attachment":[{"href":"https:\/\/voltride.com\/et\/wp-json\/wp\/v2\/media?parent=13837"}],"wp:term":[{"taxonomy":"product_brand","embeddable":true,"href":"https:\/\/voltride.com\/et\/wp-json\/wp\/v2\/product_brand?post=13837"},{"taxonomy":"product_cat","embeddable":true,"href":"https:\/\/voltride.com\/et\/wp-json\/wp\/v2\/product_cat?post=13837"},{"taxonomy":"product_tag","embeddable":true,"href":"https:\/\/voltride.com\/et\/wp-json\/wp\/v2\/product_tag?post=13837"}],"curies":[{"name":"wp","href":"https:\/\/api.w.org\/{rel}","templated":true}]}}