{"id":19676,"date":"2026-03-26T01:57:10","date_gmt":"2026-03-25T23:57:10","guid":{"rendered":"https:\/\/voltride.com\/amoq-asteroid-paikeseprillid-black-clear\/"},"modified":"2026-04-14T21:21:44","modified_gmt":"2026-04-14T19:21:44","slug":"amoq-asteroid-paikeseprillid-black-clear","status":"publish","type":"product","link":"https:\/\/voltride.com\/et\/amoq-asteroid-paikeseprillid-black-clear\/","title":{"rendered":"AMOQ Asteroid p\u00e4ikeseprillid Black &#8211; Clear"},"content":{"rendered":"<h2>AMOQ Asteroid p\u00e4ikeseprillid on h\u00e4davajalikud kergliikuriga liigeldes<\/h2>\n<p>Nad kaitsevad su silmi tuule, tolmu, p\u00e4ikese ja putukate eest. Nende prillidega v\u00f5id olla kindel, et k\u00f5ige \u00e4gedam tegija nii asfaldil kui metsarajal! Polariseeritud klaas blokeerib t\u00f5husalt p\u00e4iksekiirgust ja pindmist peegeldust. Julge disain paneb sind paistma veelgi osavama s\u00f5itjana, mille tulemuseks on suurem respekt s\u00f5pruskonnas ja suurem enesekindlus. Fakt, et hind on samuti hea, muudab tehingu lausa suurep\u00e4raseks!<\/p>\n<p><span style=\"color: #333333; font-family: sans-serif, Arial, Verdana, 'Trebuchet MS'; font-size: 13px; background-color: #ffffff;\">&#8211; Polariseeritud klaasid<\/span><br style=\"color: #333333; font-family: sans-serif, Arial, Verdana, 'Trebuchet MS'; font-size: 13px;\" \/><span style=\"color: #333333; font-family: sans-serif, Arial, Verdana, 'Trebuchet MS'; font-size: 13px; background-color: #ffffff;\">&#8211; Reguleeritavad sangad<\/span><br style=\"color: #333333; font-family: sans-serif, Arial, Verdana, 'Trebuchet MS'; font-size: 13px;\" \/><span style=\"color: #333333; font-family: sans-serif, Arial, Verdana, 'Trebuchet MS'; font-size: 13px; background-color: #ffffff;\">&#8211; Kaasas mikrokiust hoiukott<\/span><br style=\"color: #333333; font-family: sans-serif, Arial, Verdana, 'Trebuchet MS'; font-size: 13px;\" \/><span style=\"color: #333333; font-family: sans-serif, Arial, Verdana, 'Trebuchet MS'; font-size: 13px; background-color: #ffffff;\">&#8211; Kriimustus- ja uduvastane l\u00e4\u00e4ts<\/span><br style=\"color: #333333; font-family: sans-serif, Arial, Verdana, 'Trebuchet MS'; font-size: 13px;\" \/><span style=\"color: #333333; font-family: sans-serif, Arial, Verdana, 'Trebuchet MS'; font-size: 13px; background-color: #ffffff;\">&#8211; 100% kaitse UV-kiirguse eest (UV400)<\/span><\/p>\n","protected":false},"excerpt":{"rendered":"<p>AMOQ Asteroid p\u00e4ikeseprillid on h\u00e4davajalikud kergliikuriga liigeldes Nad kaitsevad su silmi tuule, tolmu, p\u00e4ikese ja putukate eest. Nende prillidega v\u00f5id<\/p>\n","protected":false},"featured_media":23969,"comment_status":"open","ping_status":"closed","template":"","meta":[],"product_brand":[],"product_cat":[716],"product_tag":[],"class_list":{"0":"post-19676","1":"product","2":"type-product","3":"status-publish","4":"has-post-thumbnail","6":"product_cat-prillid","8":"first","9":"instock","10":"taxable","11":"shipping-taxable","12":"purchasable","13":"product-type-simple"},"yoast_head":"<!-- This site is optimized with the Yoast SEO Premium plugin v27.3 (Yoast SEO v27.4) - https:\/\/yoast.com\/product\/yoast-seo-premium-wordpress\/ -->\n<title>AMOQ Asteroid p\u00e4ikeseprillid Black - Clear | Voltride<\/title>\n<meta name=\"robots\" content=\"index, follow, max-snippet:-1, max-image-preview:large, max-video-preview:-1\" \/>\n<link rel=\"canonical\" href=\"https:\/\/voltride.com\/et\/amoq-asteroid-paikeseprillid-black-clear\/\" \/>\n<meta property=\"og:locale\" content=\"et_EE\" \/>\n<meta property=\"og:type\" content=\"article\" \/>\n<meta property=\"og:title\" content=\"AMOQ Asteroid p\u00e4ikeseprillid Black - Clear | Voltride\" \/>\n<meta property=\"og:description\" content=\"AMOQ Asteroid p\u00e4ikeseprillid on h\u00e4davajalikud kergliikuriga liigeldes Nad kaitsevad su silmi tuule, tolmu, p\u00e4ikese ja putukate eest. Nende prillidega v\u00f5id\" \/>\n<meta property=\"og:url\" content=\"https:\/\/voltride.com\/et\/amoq-asteroid-paikeseprillid-black-clear\/\" \/>\n<meta property=\"og:site_name\" content=\"Voltride\" \/>\n<meta property=\"article:publisher\" content=\"https:\/\/www.facebook.com\/voltridecom\/\" \/>\n<meta property=\"article:modified_time\" content=\"2026-04-14T19:21:44+00:00\" \/>\n<meta property=\"og:image\" content=\"https:\/\/voltride.com\/wp-content\/uploads\/2026\/03\/amoq-asteroid-black-clear-1.jpg\" \/>\n\t<meta property=\"og:image:width\" content=\"1600\" \/>\n\t<meta property=\"og:image:height\" content=\"1600\" \/>\n\t<meta property=\"og:image:type\" content=\"image\/jpeg\" \/>\n<meta name=\"twitter:card\" content=\"summary_large_image\" \/>\n<script type=\"application\/ld+json\" class=\"yoast-schema-graph\">{\"@context\":\"https:\\\/\\\/schema.org\",\"@graph\":[{\"@type\":\"WebPage\",\"@id\":\"https:\\\/\\\/voltride.com\\\/et\\\/amoq-asteroid-paikeseprillid-black-clear\\\/\",\"url\":\"https:\\\/\\\/voltride.com\\\/et\\\/amoq-asteroid-paikeseprillid-black-clear\\\/\",\"name\":\"AMOQ Asteroid p\u00e4ikeseprillid Black - Clear | Voltride\",\"isPartOf\":{\"@id\":\"https:\\\/\\\/voltride.com\\\/et\\\/#website\"},\"primaryImageOfPage\":{\"@id\":\"https:\\\/\\\/voltride.com\\\/et\\\/amoq-asteroid-paikeseprillid-black-clear\\\/#primaryimage\"},\"image\":{\"@id\":\"https:\\\/\\\/voltride.com\\\/et\\\/amoq-asteroid-paikeseprillid-black-clear\\\/#primaryimage\"},\"thumbnailUrl\":\"https:\\\/\\\/voltride.com\\\/wp-content\\\/uploads\\\/2026\\\/03\\\/amoq-asteroid-black-clear-1.jpg\",\"datePublished\":\"2026-03-25T23:57:10+00:00\",\"dateModified\":\"2026-04-14T19:21:44+00:00\",\"breadcrumb\":{\"@id\":\"https:\\\/\\\/voltride.com\\\/et\\\/amoq-asteroid-paikeseprillid-black-clear\\\/#breadcrumb\"},\"inLanguage\":\"et\",\"potentialAction\":[{\"@type\":\"ReadAction\",\"target\":[\"https:\\\/\\\/voltride.com\\\/et\\\/amoq-asteroid-paikeseprillid-black-clear\\\/\"]}]},{\"@type\":\"ImageObject\",\"inLanguage\":\"et\",\"@id\":\"https:\\\/\\\/voltride.com\\\/et\\\/amoq-asteroid-paikeseprillid-black-clear\\\/#primaryimage\",\"url\":\"https:\\\/\\\/voltride.com\\\/wp-content\\\/uploads\\\/2026\\\/03\\\/amoq-asteroid-black-clear-1.jpg\",\"contentUrl\":\"https:\\\/\\\/voltride.com\\\/wp-content\\\/uploads\\\/2026\\\/03\\\/amoq-asteroid-black-clear-1.jpg\",\"width\":1600,\"height\":1600},{\"@type\":\"BreadcrumbList\",\"@id\":\"https:\\\/\\\/voltride.com\\\/et\\\/amoq-asteroid-paikeseprillid-black-clear\\\/#breadcrumb\",\"itemListElement\":[{\"@type\":\"ListItem\",\"position\":1,\"name\":\"Kodu\",\"item\":\"https:\\\/\\\/voltride.com\\\/et\\\/\"},{\"@type\":\"ListItem\",\"position\":2,\"name\":\"Pood\",\"item\":\"https:\\\/\\\/voltride.com\\\/et\\\/e-pood\\\/\"},{\"@type\":\"ListItem\",\"position\":3,\"name\":\"Lisavarustus\",\"item\":\"https:\\\/\\\/voltride.com\\\/et\\\/lisavarustus\\\/\"},{\"@type\":\"ListItem\",\"position\":4,\"name\":\"Prillid\",\"item\":\"https:\\\/\\\/voltride.com\\\/et\\\/prillid\\\/\"},{\"@type\":\"ListItem\",\"position\":5,\"name\":\"AMOQ Asteroid p\u00e4ikeseprillid Black &#8211; Clear\"}]},{\"@type\":\"WebSite\",\"@id\":\"https:\\\/\\\/voltride.com\\\/et\\\/#website\",\"url\":\"https:\\\/\\\/voltride.com\\\/et\\\/\",\"name\":\"Voltride\",\"description\":\"Parim elektrirataste elektrit\u00f5ukside ja \u00fcksrataste pood ja remont\",\"publisher\":{\"@id\":\"https:\\\/\\\/voltride.com\\\/et\\\/#organization\"},\"alternateName\":\"Vr\",\"potentialAction\":[{\"@type\":\"SearchAction\",\"target\":{\"@type\":\"EntryPoint\",\"urlTemplate\":\"https:\\\/\\\/voltride.com\\\/et\\\/?s={search_term_string}\"},\"query-input\":{\"@type\":\"PropertyValueSpecification\",\"valueRequired\":true,\"valueName\":\"search_term_string\"}}],\"inLanguage\":\"et\"},{\"@type\":[\"Organization\",\"Place\"],\"@id\":\"https:\\\/\\\/voltride.com\\\/et\\\/#organization\",\"name\":\"Voltride\",\"alternateName\":\"VR\",\"url\":\"https:\\\/\\\/voltride.com\\\/et\\\/\",\"logo\":{\"@id\":\"https:\\\/\\\/voltride.com\\\/et\\\/amoq-asteroid-paikeseprillid-black-clear\\\/#local-main-organization-logo\"},\"image\":{\"@id\":\"https:\\\/\\\/voltride.com\\\/et\\\/amoq-asteroid-paikeseprillid-black-clear\\\/#local-main-organization-logo\"},\"sameAs\":[\"https:\\\/\\\/www.facebook.com\\\/voltridecom\\\/\"],\"legalName\":\"Voltride O\u00dc\",\"numberOfEmployees\":{\"@type\":\"QuantitativeValue\",\"minValue\":\"1\",\"maxValue\":\"10\"},\"ownershipFundingInfo\":\"https:\\\/\\\/voltride.com\\\/about-us\\\/\",\"hasMerchantReturnPolicy\":{\"@type\":\"MerchantReturnPolicy\",\"merchantReturnLink\":\"https:\\\/\\\/voltride.com\\\/shipping-and-returns\\\/\"},\"address\":{\"@id\":\"https:\\\/\\\/voltride.com\\\/et\\\/amoq-asteroid-paikeseprillid-black-clear\\\/#local-main-place-address\"},\"geo\":{\"@type\":\"GeoCoordinates\",\"latitude\":\"59.439554\",\"longitude\":\"24.726644\"},\"telephone\":[\"+372 600 40 99\"],\"contactPoint\":{\"@type\":\"ContactPoint\",\"telephone\":\"+372 600 40 99\",\"email\":\"info@voltride.com\"},\"openingHoursSpecification\":[{\"@type\":\"OpeningHoursSpecification\",\"dayOfWeek\":[\"Monday\",\"Tuesday\",\"Wednesday\",\"Thursday\",\"Friday\"],\"opens\":\"10:00\",\"closes\":\"18:00\"},{\"@type\":\"OpeningHoursSpecification\",\"dayOfWeek\":[\"Saturday\",\"Sunday\"],\"opens\":\"00:00\",\"closes\":\"00:00\"}],\"email\":\"info@voltride.com\",\"taxID\":\"14871968\"},{\"@type\":\"PostalAddress\",\"@id\":\"https:\\\/\\\/voltride.com\\\/et\\\/amoq-asteroid-paikeseprillid-black-clear\\\/#local-main-place-address\",\"streetAddress\":\"Voltride Telliskivi 57D\",\"addressLocality\":\"Tallinn\",\"postalCode\":\"10412\",\"addressRegion\":\"Tallinn\",\"addressCountry\":\"EE\"},{\"@type\":\"ImageObject\",\"inLanguage\":\"et\",\"@id\":\"https:\\\/\\\/voltride.com\\\/et\\\/amoq-asteroid-paikeseprillid-black-clear\\\/#local-main-organization-logo\",\"url\":\"https:\\\/\\\/voltride.com\\\/wp-content\\\/uploads\\\/voltride-logo.png\",\"contentUrl\":\"https:\\\/\\\/voltride.com\\\/wp-content\\\/uploads\\\/voltride-logo.png\",\"width\":2481,\"height\":620,\"caption\":\"Voltride\"}]}<\/script>\n<meta property=\"product:price:amount\" content=\"45.00\" \/>\n<meta property=\"product:price:currency\" content=\"EUR\" \/>\n<meta property=\"og:availability\" content=\"instock\" \/>\n<meta property=\"product:availability\" content=\"instock\" \/>\n<meta property=\"product:retailer_item_id\" content=\"AMGL003-BLACK\/CLEAR\" \/>\n<meta property=\"product:condition\" content=\"new\" \/>\n<meta name=\"geo.placename\" content=\"Tallinn\" \/>\n<meta name=\"geo.position\" content=\"59.439554;24.726644\" \/>\n<meta name=\"geo.region\" content=\"Estonia\" \/>\n<!-- \/ Yoast SEO Premium plugin. -->","yoast_head_json":{"title":"AMOQ Asteroid p\u00e4ikeseprillid Black - Clear | Voltride","robots":{"index":"index","follow":"follow","max-snippet":"max-snippet:-1","max-image-preview":"max-image-preview:large","max-video-preview":"max-video-preview:-1"},"canonical":"https:\/\/voltride.com\/et\/amoq-asteroid-paikeseprillid-black-clear\/","og_locale":"et_EE","og_type":"article","og_title":"AMOQ Asteroid p\u00e4ikeseprillid Black - Clear | Voltride","og_description":"AMOQ Asteroid p\u00e4ikeseprillid on h\u00e4davajalikud kergliikuriga liigeldes Nad kaitsevad su silmi tuule, tolmu, p\u00e4ikese ja putukate eest. Nende prillidega v\u00f5id","og_url":"https:\/\/voltride.com\/et\/amoq-asteroid-paikeseprillid-black-clear\/","og_site_name":"Voltride","article_publisher":"https:\/\/www.facebook.com\/voltridecom\/","article_modified_time":"2026-04-14T19:21:44+00:00","og_image":[{"width":1600,"height":1600,"url":"https:\/\/voltride.com\/wp-content\/uploads\/2026\/03\/amoq-asteroid-black-clear-1.jpg","type":"image\/jpeg"}],"twitter_card":"summary_large_image","schema":{"@context":"https:\/\/schema.org","@graph":[{"@type":"WebPage","@id":"https:\/\/voltride.com\/et\/amoq-asteroid-paikeseprillid-black-clear\/","url":"https:\/\/voltride.com\/et\/amoq-asteroid-paikeseprillid-black-clear\/","name":"AMOQ Asteroid p\u00e4ikeseprillid Black - Clear | Voltride","isPartOf":{"@id":"https:\/\/voltride.com\/et\/#website"},"primaryImageOfPage":{"@id":"https:\/\/voltride.com\/et\/amoq-asteroid-paikeseprillid-black-clear\/#primaryimage"},"image":{"@id":"https:\/\/voltride.com\/et\/amoq-asteroid-paikeseprillid-black-clear\/#primaryimage"},"thumbnailUrl":"https:\/\/voltride.com\/wp-content\/uploads\/2026\/03\/amoq-asteroid-black-clear-1.jpg","datePublished":"2026-03-25T23:57:10+00:00","dateModified":"2026-04-14T19:21:44+00:00","breadcrumb":{"@id":"https:\/\/voltride.com\/et\/amoq-asteroid-paikeseprillid-black-clear\/#breadcrumb"},"inLanguage":"et","potentialAction":[{"@type":"ReadAction","target":["https:\/\/voltride.com\/et\/amoq-asteroid-paikeseprillid-black-clear\/"]}]},{"@type":"ImageObject","inLanguage":"et","@id":"https:\/\/voltride.com\/et\/amoq-asteroid-paikeseprillid-black-clear\/#primaryimage","url":"https:\/\/voltride.com\/wp-content\/uploads\/2026\/03\/amoq-asteroid-black-clear-1.jpg","contentUrl":"https:\/\/voltride.com\/wp-content\/uploads\/2026\/03\/amoq-asteroid-black-clear-1.jpg","width":1600,"height":1600},{"@type":"BreadcrumbList","@id":"https:\/\/voltride.com\/et\/amoq-asteroid-paikeseprillid-black-clear\/#breadcrumb","itemListElement":[{"@type":"ListItem","position":1,"name":"Kodu","item":"https:\/\/voltride.com\/et\/"},{"@type":"ListItem","position":2,"name":"Pood","item":"https:\/\/voltride.com\/et\/e-pood\/"},{"@type":"ListItem","position":3,"name":"Lisavarustus","item":"https:\/\/voltride.com\/et\/lisavarustus\/"},{"@type":"ListItem","position":4,"name":"Prillid","item":"https:\/\/voltride.com\/et\/prillid\/"},{"@type":"ListItem","position":5,"name":"AMOQ Asteroid p\u00e4ikeseprillid Black &#8211; Clear"}]},{"@type":"WebSite","@id":"https:\/\/voltride.com\/et\/#website","url":"https:\/\/voltride.com\/et\/","name":"Voltride","description":"Parim elektrirataste elektrit\u00f5ukside ja \u00fcksrataste pood ja remont","publisher":{"@id":"https:\/\/voltride.com\/et\/#organization"},"alternateName":"Vr","potentialAction":[{"@type":"SearchAction","target":{"@type":"EntryPoint","urlTemplate":"https:\/\/voltride.com\/et\/?s={search_term_string}"},"query-input":{"@type":"PropertyValueSpecification","valueRequired":true,"valueName":"search_term_string"}}],"inLanguage":"et"},{"@type":["Organization","Place"],"@id":"https:\/\/voltride.com\/et\/#organization","name":"Voltride","alternateName":"VR","url":"https:\/\/voltride.com\/et\/","logo":{"@id":"https:\/\/voltride.com\/et\/amoq-asteroid-paikeseprillid-black-clear\/#local-main-organization-logo"},"image":{"@id":"https:\/\/voltride.com\/et\/amoq-asteroid-paikeseprillid-black-clear\/#local-main-organization-logo"},"sameAs":["https:\/\/www.facebook.com\/voltridecom\/"],"legalName":"Voltride O\u00dc","numberOfEmployees":{"@type":"QuantitativeValue","minValue":"1","maxValue":"10"},"ownershipFundingInfo":"https:\/\/voltride.com\/about-us\/","hasMerchantReturnPolicy":{"@type":"MerchantReturnPolicy","merchantReturnLink":"https:\/\/voltride.com\/shipping-and-returns\/"},"address":{"@id":"https:\/\/voltride.com\/et\/amoq-asteroid-paikeseprillid-black-clear\/#local-main-place-address"},"geo":{"@type":"GeoCoordinates","latitude":"59.439554","longitude":"24.726644"},"telephone":["+372 600 40 99"],"contactPoint":{"@type":"ContactPoint","telephone":"+372 600 40 99","email":"info@voltride.com"},"openingHoursSpecification":[{"@type":"OpeningHoursSpecification","dayOfWeek":["Monday","Tuesday","Wednesday","Thursday","Friday"],"opens":"10:00","closes":"18:00"},{"@type":"OpeningHoursSpecification","dayOfWeek":["Saturday","Sunday"],"opens":"00:00","closes":"00:00"}],"email":"info@voltride.com","taxID":"14871968"},{"@type":"PostalAddress","@id":"https:\/\/voltride.com\/et\/amoq-asteroid-paikeseprillid-black-clear\/#local-main-place-address","streetAddress":"Voltride Telliskivi 57D","addressLocality":"Tallinn","postalCode":"10412","addressRegion":"Tallinn","addressCountry":"EE"},{"@type":"ImageObject","inLanguage":"et","@id":"https:\/\/voltride.com\/et\/amoq-asteroid-paikeseprillid-black-clear\/#local-main-organization-logo","url":"https:\/\/voltride.com\/wp-content\/uploads\/voltride-logo.png","contentUrl":"https:\/\/voltride.com\/wp-content\/uploads\/voltride-logo.png","width":2481,"height":620,"caption":"Voltride"}]},"product_price_amount":"45.00","product_price_currency":"EUR","og_availability":"instock","product_availability":"instock","product_retailer_item_id":"AMGL003-BLACK\/CLEAR","product_condition":"new","geo.placename":"Tallinn","geo.position":{"lat":"59.439554","long":"24.726644"},"geo.region":"Estonia"},"_links":{"self":[{"href":"https:\/\/voltride.com\/et\/wp-json\/wp\/v2\/product\/19676","targetHints":{"allow":["GET"]}}],"collection":[{"href":"https:\/\/voltride.com\/et\/wp-json\/wp\/v2\/product"}],"about":[{"href":"https:\/\/voltride.com\/et\/wp-json\/wp\/v2\/types\/product"}],"replies":[{"embeddable":true,"href":"https:\/\/voltride.com\/et\/wp-json\/wp\/v2\/comments?post=19676"}],"wp:featuredmedia":[{"embeddable":true,"href":"https:\/\/voltride.com\/et\/wp-json\/wp\/v2\/media\/23969"}],"wp:attachment":[{"href":"https:\/\/voltride.com\/et\/wp-json\/wp\/v2\/media?parent=19676"}],"wp:term":[{"taxonomy":"product_brand","embeddable":true,"href":"https:\/\/voltride.com\/et\/wp-json\/wp\/v2\/product_brand?post=19676"},{"taxonomy":"product_cat","embeddable":true,"href":"https:\/\/voltride.com\/et\/wp-json\/wp\/v2\/product_cat?post=19676"},{"taxonomy":"product_tag","embeddable":true,"href":"https:\/\/voltride.com\/et\/wp-json\/wp\/v2\/product_tag?post=19676"}],"curies":[{"name":"wp","href":"https:\/\/api.w.org\/{rel}","templated":true}]}}