{"id":19677,"date":"2026-03-26T01:57:11","date_gmt":"2026-03-25T23:57:11","guid":{"rendered":"https:\/\/voltride.com\/lastetool-bellelli-pepe-pakiraamile-hall\/"},"modified":"2026-03-29T21:34:43","modified_gmt":"2026-03-29T19:34:43","slug":"lastetool-bellelli-pepe-pakiraamile-hall","status":"publish","type":"product","link":"https:\/\/voltride.com\/et\/lastetool-bellelli-pepe-pakiraamile-hall\/","title":{"rendered":"Lastetool Bellelli Pepe pakiraamile hall"},"content":{"rendered":"<p data-end=\"450\" data-start=\"115\" style=\"caret-color: rgb(0, 0, 0); color: rgb(0, 0, 0);\"><strong data-end=\"149\" data-start=\"127\">Bellelli Pepe Gray<\/strong>&nbsp;on kerge, vastupidav ja turvaline tagumine jalgrattaiste, mis on m\u00f5eldud kuni 22 kg kaaluvatele lastele. Valmistatud Itaalias sertifitseeritud mittetoksilisest ja pestavast plastist, \u00fchendab see iste arenenud turvafunktsioonid mugavusega, et pakkuda meeldivat s\u00f5iduelamust nii lapsele kui vanemale.<\/p>\n<p data-end=\"671\" data-start=\"452\" style=\"caret-color: rgb(0, 0, 0); color: rgb(0, 0, 0);\">See pakiraamile kinnitatav versioon on lihtne paigaldada ja eemaldada, v\u00f5imaldades kiiret vahetust rataste vahel. Selja- ja \u00f5laosa ventilatsiooniavad lasevad \u00f5hul ringi k\u00e4ia, samas kui pehme pestav padi lisab mugavust.<\/p>\n<p data-end=\"996\" data-start=\"673\" style=\"caret-color: rgb(0, 0, 0); color: rgb(0, 0, 0);\">Turvalisus on peamine: istmel on kolme-punkti reguleeritav turvarihm, lapsekindel, kuid vanemale mugav \u00fche k\u00e4ega avatav turvalukk, k\u00f5rged k\u00fcljed parema toe jaoks ning laiad jala- ja jalakaitsmed, mis v\u00e4ldivad kokkupuudet kodaratega. Jalatoed on reguleeritavad 13 erinevas k\u00f5rguses (15 cm ulatuses), kasvades koos lapsega.<\/p>\n<h4 data-end=\"1017\" data-start=\"998\" style=\"caret-color: rgb(0, 0, 0); color: rgb(0, 0, 0);\"><strong data-end=\"1015\" data-start=\"998\">P\u00f5hiomadused:<\/strong><\/h4>\n<ul data-end=\"1535\" data-start=\"1018\" style=\"caret-color: rgb(0, 0, 0); color: rgb(0, 0, 0);\">\n<li data-end=\"1062\" data-start=\"1018\">\n<h4 data-end=\"1062\" data-start=\"1020\">Vastab Euroopa turvastandardile EN 14344<\/h4>\n<\/li>\n<li data-end=\"1103\" data-start=\"1063\">\n<p data-end=\"1103\" data-start=\"1065\">Sobib kuni 22 kg kaaluvatele lastele<\/p>\n<\/li>\n<li data-end=\"1161\" data-start=\"1104\">\n<p data-end=\"1161\" data-start=\"1106\">Paigaldus tagumisele pakiraamile (Pepe Clamp s\u00fcsteem)<\/p>\n<\/li>\n<li data-end=\"1198\" data-start=\"1162\">\n<p data-end=\"1198\" data-start=\"1164\">Kerge, vastupidav ja pestav raam<\/p>\n<\/li>\n<li data-end=\"1235\" data-start=\"1199\">\n<p data-end=\"1235\" data-start=\"1201\">Pehme eemaldatav padi mugavuseks<\/p>\n<\/li>\n<li data-end=\"1282\" data-start=\"1236\">\n<p data-end=\"1282\" data-start=\"1238\">Ergonoomiline seljatugi kaela ja \u00f5la toega<\/p>\n<\/li>\n<li data-end=\"1323\" data-start=\"1283\">\n<p data-end=\"1323\" data-start=\"1285\">Ventilatsiooniavad seljal ja \u00f5lgadel<\/p>\n<\/li>\n<li data-end=\"1381\" data-start=\"1324\">\n<p data-end=\"1381\" data-start=\"1326\">Kolmepunkti turvarihm k\u00f5rguse\/pikkuse reguleerimisega<\/p>\n<\/li>\n<li data-end=\"1439\" data-start=\"1382\">\n<p data-end=\"1439\" data-start=\"1384\">\u00dche k\u00e4ega avatav turvalukk kahe s\u00fcgavuse seadistusega<\/p>\n<\/li>\n<li data-end=\"1495\" data-start=\"1440\">\n<p data-end=\"1495\" data-start=\"1442\">Jalatoed reguleeritavad 13 asendis (15 cm ulatuses)<\/p>\n<\/li>\n<li data-end=\"1535\" data-start=\"1496\">\n<p data-end=\"1535\" data-start=\"1498\">K\u00f5rged k\u00fcljed ja laiad jalakaitsmed<\/p>\n<\/li>\n<\/ul>\n<p data-end=\"1688\" data-start=\"1537\" style=\"caret-color: rgb(0, 0, 0); color: rgb(0, 0, 0);\"><strong data-end=\"1559\" data-start=\"1537\">Bellelli Pepe Gray<\/strong>&nbsp;on turvaline, praktiline ja mugav lasteiste, ideaalne peredele, kes hindavad meelerahu ja Itaalia kvaliteeti igal rattas\u00f5idul.<\/p>\n","protected":false},"excerpt":{"rendered":"<p>Bellelli Pepe Gray&nbsp;on kerge, vastupidav ja turvaline tagumine jalgrattaiste, mis on m\u00f5eldud kuni 22 kg kaaluvatele lastele. Valmistatud Itaalias sertifitseeritud<\/p>\n","protected":false},"featured_media":23523,"comment_status":"open","ping_status":"closed","template":"","meta":[],"product_brand":[],"product_cat":[702],"product_tag":[],"class_list":{"0":"post-19677","1":"product","2":"type-product","3":"status-publish","4":"has-post-thumbnail","6":"product_cat-lastetoolid-ja-treilerid","8":"first","9":"instock","10":"taxable","11":"shipping-taxable","12":"purchasable","13":"product-type-simple"},"yoast_head":"<!-- This site is optimized with the Yoast SEO Premium plugin v27.3 (Yoast SEO v27.4) - https:\/\/yoast.com\/product\/yoast-seo-premium-wordpress\/ -->\n<title>Lastetool Bellelli Pepe pakiraamile hall | Voltride<\/title>\n<meta name=\"robots\" content=\"index, follow, max-snippet:-1, max-image-preview:large, max-video-preview:-1\" \/>\n<link rel=\"canonical\" href=\"https:\/\/voltride.com\/et\/lastetool-bellelli-pepe-pakiraamile-hall\/\" \/>\n<meta property=\"og:locale\" content=\"et_EE\" \/>\n<meta property=\"og:type\" content=\"article\" \/>\n<meta property=\"og:title\" content=\"Lastetool Bellelli Pepe pakiraamile hall | Voltride\" \/>\n<meta property=\"og:description\" content=\"Bellelli Pepe Gray&nbsp;on kerge, vastupidav ja turvaline tagumine jalgrattaiste, mis on m\u00f5eldud kuni 22 kg kaaluvatele lastele. Valmistatud Itaalias sertifitseeritud\" \/>\n<meta property=\"og:url\" content=\"https:\/\/voltride.com\/et\/lastetool-bellelli-pepe-pakiraamile-hall\/\" \/>\n<meta property=\"og:site_name\" content=\"Voltride\" \/>\n<meta property=\"article:publisher\" content=\"https:\/\/www.facebook.com\/voltridecom\/\" \/>\n<meta property=\"article:modified_time\" content=\"2026-03-29T19:34:43+00:00\" \/>\n<meta property=\"og:image\" content=\"https:\/\/voltride.com\/wp-content\/uploads\/2026\/03\/5268-689b2ce7a1990877726722-oip-1.jpg\" \/>\n\t<meta property=\"og:image:width\" content=\"1000\" \/>\n\t<meta property=\"og:image:height\" content=\"1000\" \/>\n\t<meta property=\"og:image:type\" content=\"image\/jpeg\" \/>\n<meta name=\"twitter:card\" content=\"summary_large_image\" \/>\n<script type=\"application\/ld+json\" class=\"yoast-schema-graph\">{\"@context\":\"https:\\\/\\\/schema.org\",\"@graph\":[{\"@type\":\"WebPage\",\"@id\":\"https:\\\/\\\/voltride.com\\\/et\\\/lastetool-bellelli-pepe-pakiraamile-hall\\\/\",\"url\":\"https:\\\/\\\/voltride.com\\\/et\\\/lastetool-bellelli-pepe-pakiraamile-hall\\\/\",\"name\":\"Lastetool Bellelli Pepe pakiraamile hall | Voltride\",\"isPartOf\":{\"@id\":\"https:\\\/\\\/voltride.com\\\/et\\\/#website\"},\"primaryImageOfPage\":{\"@id\":\"https:\\\/\\\/voltride.com\\\/et\\\/lastetool-bellelli-pepe-pakiraamile-hall\\\/#primaryimage\"},\"image\":{\"@id\":\"https:\\\/\\\/voltride.com\\\/et\\\/lastetool-bellelli-pepe-pakiraamile-hall\\\/#primaryimage\"},\"thumbnailUrl\":\"https:\\\/\\\/voltride.com\\\/wp-content\\\/uploads\\\/2026\\\/03\\\/5268-689b2ce7a1990877726722-oip-1.jpg\",\"datePublished\":\"2026-03-25T23:57:11+00:00\",\"dateModified\":\"2026-03-29T19:34:43+00:00\",\"breadcrumb\":{\"@id\":\"https:\\\/\\\/voltride.com\\\/et\\\/lastetool-bellelli-pepe-pakiraamile-hall\\\/#breadcrumb\"},\"inLanguage\":\"et\",\"potentialAction\":[{\"@type\":\"ReadAction\",\"target\":[\"https:\\\/\\\/voltride.com\\\/et\\\/lastetool-bellelli-pepe-pakiraamile-hall\\\/\"]}]},{\"@type\":\"ImageObject\",\"inLanguage\":\"et\",\"@id\":\"https:\\\/\\\/voltride.com\\\/et\\\/lastetool-bellelli-pepe-pakiraamile-hall\\\/#primaryimage\",\"url\":\"https:\\\/\\\/voltride.com\\\/wp-content\\\/uploads\\\/2026\\\/03\\\/5268-689b2ce7a1990877726722-oip-1.jpg\",\"contentUrl\":\"https:\\\/\\\/voltride.com\\\/wp-content\\\/uploads\\\/2026\\\/03\\\/5268-689b2ce7a1990877726722-oip-1.jpg\",\"width\":1000,\"height\":1000},{\"@type\":\"BreadcrumbList\",\"@id\":\"https:\\\/\\\/voltride.com\\\/et\\\/lastetool-bellelli-pepe-pakiraamile-hall\\\/#breadcrumb\",\"itemListElement\":[{\"@type\":\"ListItem\",\"position\":1,\"name\":\"Kodu\",\"item\":\"https:\\\/\\\/voltride.com\\\/et\\\/\"},{\"@type\":\"ListItem\",\"position\":2,\"name\":\"Pood\",\"item\":\"https:\\\/\\\/voltride.com\\\/et\\\/e-pood\\\/\"},{\"@type\":\"ListItem\",\"position\":3,\"name\":\"Lisavarustus\",\"item\":\"https:\\\/\\\/voltride.com\\\/et\\\/lisavarustus\\\/\"},{\"@type\":\"ListItem\",\"position\":4,\"name\":\"Lastetoolid ja Treilerid\",\"item\":\"https:\\\/\\\/voltride.com\\\/et\\\/lastetoolid-ja-treilerid\\\/\"},{\"@type\":\"ListItem\",\"position\":5,\"name\":\"Lastetool Bellelli Pepe pakiraamile hall\"}]},{\"@type\":\"WebSite\",\"@id\":\"https:\\\/\\\/voltride.com\\\/et\\\/#website\",\"url\":\"https:\\\/\\\/voltride.com\\\/et\\\/\",\"name\":\"Voltride\",\"description\":\"Parim elektrirataste elektrit\u00f5ukside ja \u00fcksrataste pood ja remont\",\"publisher\":{\"@id\":\"https:\\\/\\\/voltride.com\\\/et\\\/#organization\"},\"alternateName\":\"Vr\",\"potentialAction\":[{\"@type\":\"SearchAction\",\"target\":{\"@type\":\"EntryPoint\",\"urlTemplate\":\"https:\\\/\\\/voltride.com\\\/et\\\/?s={search_term_string}\"},\"query-input\":{\"@type\":\"PropertyValueSpecification\",\"valueRequired\":true,\"valueName\":\"search_term_string\"}}],\"inLanguage\":\"et\"},{\"@type\":[\"Organization\",\"Place\"],\"@id\":\"https:\\\/\\\/voltride.com\\\/et\\\/#organization\",\"name\":\"Voltride\",\"alternateName\":\"VR\",\"url\":\"https:\\\/\\\/voltride.com\\\/et\\\/\",\"logo\":{\"@id\":\"https:\\\/\\\/voltride.com\\\/et\\\/lastetool-bellelli-pepe-pakiraamile-hall\\\/#local-main-organization-logo\"},\"image\":{\"@id\":\"https:\\\/\\\/voltride.com\\\/et\\\/lastetool-bellelli-pepe-pakiraamile-hall\\\/#local-main-organization-logo\"},\"sameAs\":[\"https:\\\/\\\/www.facebook.com\\\/voltridecom\\\/\"],\"legalName\":\"Voltride O\u00dc\",\"numberOfEmployees\":{\"@type\":\"QuantitativeValue\",\"minValue\":\"1\",\"maxValue\":\"10\"},\"ownershipFundingInfo\":\"https:\\\/\\\/voltride.com\\\/about-us\\\/\",\"hasMerchantReturnPolicy\":{\"@type\":\"MerchantReturnPolicy\",\"merchantReturnLink\":\"https:\\\/\\\/voltride.com\\\/shipping-and-returns\\\/\"},\"address\":{\"@id\":\"https:\\\/\\\/voltride.com\\\/et\\\/lastetool-bellelli-pepe-pakiraamile-hall\\\/#local-main-place-address\"},\"geo\":{\"@type\":\"GeoCoordinates\",\"latitude\":\"59.439554\",\"longitude\":\"24.726644\"},\"telephone\":[\"+372 600 40 99\"],\"contactPoint\":{\"@type\":\"ContactPoint\",\"telephone\":\"+372 600 40 99\",\"email\":\"info@voltride.com\"},\"openingHoursSpecification\":[{\"@type\":\"OpeningHoursSpecification\",\"dayOfWeek\":[\"Monday\",\"Tuesday\",\"Wednesday\",\"Thursday\",\"Friday\"],\"opens\":\"10:00\",\"closes\":\"18:00\"},{\"@type\":\"OpeningHoursSpecification\",\"dayOfWeek\":[\"Saturday\",\"Sunday\"],\"opens\":\"00:00\",\"closes\":\"00:00\"}],\"email\":\"info@voltride.com\",\"taxID\":\"14871968\"},{\"@type\":\"PostalAddress\",\"@id\":\"https:\\\/\\\/voltride.com\\\/et\\\/lastetool-bellelli-pepe-pakiraamile-hall\\\/#local-main-place-address\",\"streetAddress\":\"Voltride Telliskivi 57D\",\"addressLocality\":\"Tallinn\",\"postalCode\":\"10412\",\"addressRegion\":\"Tallinn\",\"addressCountry\":\"EE\"},{\"@type\":\"ImageObject\",\"inLanguage\":\"et\",\"@id\":\"https:\\\/\\\/voltride.com\\\/et\\\/lastetool-bellelli-pepe-pakiraamile-hall\\\/#local-main-organization-logo\",\"url\":\"https:\\\/\\\/voltride.com\\\/wp-content\\\/uploads\\\/voltride-logo.png\",\"contentUrl\":\"https:\\\/\\\/voltride.com\\\/wp-content\\\/uploads\\\/voltride-logo.png\",\"width\":2481,\"height\":620,\"caption\":\"Voltride\"}]}<\/script>\n<meta property=\"product:price:amount\" content=\"52.99\" \/>\n<meta property=\"product:price:currency\" content=\"EUR\" \/>\n<meta property=\"og:availability\" content=\"instock\" \/>\n<meta property=\"product:availability\" content=\"instock\" \/>\n<meta property=\"product:retailer_item_id\" content=\"BLSE002\" \/>\n<meta property=\"product:condition\" content=\"new\" \/>\n<meta name=\"geo.placename\" content=\"Tallinn\" \/>\n<meta name=\"geo.position\" content=\"59.439554;24.726644\" \/>\n<meta name=\"geo.region\" content=\"Estonia\" \/>\n<!-- \/ Yoast SEO Premium plugin. -->","yoast_head_json":{"title":"Lastetool Bellelli Pepe pakiraamile hall | Voltride","robots":{"index":"index","follow":"follow","max-snippet":"max-snippet:-1","max-image-preview":"max-image-preview:large","max-video-preview":"max-video-preview:-1"},"canonical":"https:\/\/voltride.com\/et\/lastetool-bellelli-pepe-pakiraamile-hall\/","og_locale":"et_EE","og_type":"article","og_title":"Lastetool Bellelli Pepe pakiraamile hall | Voltride","og_description":"Bellelli Pepe Gray&nbsp;on kerge, vastupidav ja turvaline tagumine jalgrattaiste, mis on m\u00f5eldud kuni 22 kg kaaluvatele lastele. Valmistatud Itaalias sertifitseeritud","og_url":"https:\/\/voltride.com\/et\/lastetool-bellelli-pepe-pakiraamile-hall\/","og_site_name":"Voltride","article_publisher":"https:\/\/www.facebook.com\/voltridecom\/","article_modified_time":"2026-03-29T19:34:43+00:00","og_image":[{"width":1000,"height":1000,"url":"https:\/\/voltride.com\/wp-content\/uploads\/2026\/03\/5268-689b2ce7a1990877726722-oip-1.jpg","type":"image\/jpeg"}],"twitter_card":"summary_large_image","schema":{"@context":"https:\/\/schema.org","@graph":[{"@type":"WebPage","@id":"https:\/\/voltride.com\/et\/lastetool-bellelli-pepe-pakiraamile-hall\/","url":"https:\/\/voltride.com\/et\/lastetool-bellelli-pepe-pakiraamile-hall\/","name":"Lastetool Bellelli Pepe pakiraamile hall | Voltride","isPartOf":{"@id":"https:\/\/voltride.com\/et\/#website"},"primaryImageOfPage":{"@id":"https:\/\/voltride.com\/et\/lastetool-bellelli-pepe-pakiraamile-hall\/#primaryimage"},"image":{"@id":"https:\/\/voltride.com\/et\/lastetool-bellelli-pepe-pakiraamile-hall\/#primaryimage"},"thumbnailUrl":"https:\/\/voltride.com\/wp-content\/uploads\/2026\/03\/5268-689b2ce7a1990877726722-oip-1.jpg","datePublished":"2026-03-25T23:57:11+00:00","dateModified":"2026-03-29T19:34:43+00:00","breadcrumb":{"@id":"https:\/\/voltride.com\/et\/lastetool-bellelli-pepe-pakiraamile-hall\/#breadcrumb"},"inLanguage":"et","potentialAction":[{"@type":"ReadAction","target":["https:\/\/voltride.com\/et\/lastetool-bellelli-pepe-pakiraamile-hall\/"]}]},{"@type":"ImageObject","inLanguage":"et","@id":"https:\/\/voltride.com\/et\/lastetool-bellelli-pepe-pakiraamile-hall\/#primaryimage","url":"https:\/\/voltride.com\/wp-content\/uploads\/2026\/03\/5268-689b2ce7a1990877726722-oip-1.jpg","contentUrl":"https:\/\/voltride.com\/wp-content\/uploads\/2026\/03\/5268-689b2ce7a1990877726722-oip-1.jpg","width":1000,"height":1000},{"@type":"BreadcrumbList","@id":"https:\/\/voltride.com\/et\/lastetool-bellelli-pepe-pakiraamile-hall\/#breadcrumb","itemListElement":[{"@type":"ListItem","position":1,"name":"Kodu","item":"https:\/\/voltride.com\/et\/"},{"@type":"ListItem","position":2,"name":"Pood","item":"https:\/\/voltride.com\/et\/e-pood\/"},{"@type":"ListItem","position":3,"name":"Lisavarustus","item":"https:\/\/voltride.com\/et\/lisavarustus\/"},{"@type":"ListItem","position":4,"name":"Lastetoolid ja Treilerid","item":"https:\/\/voltride.com\/et\/lastetoolid-ja-treilerid\/"},{"@type":"ListItem","position":5,"name":"Lastetool Bellelli Pepe pakiraamile hall"}]},{"@type":"WebSite","@id":"https:\/\/voltride.com\/et\/#website","url":"https:\/\/voltride.com\/et\/","name":"Voltride","description":"Parim elektrirataste elektrit\u00f5ukside ja \u00fcksrataste pood ja remont","publisher":{"@id":"https:\/\/voltride.com\/et\/#organization"},"alternateName":"Vr","potentialAction":[{"@type":"SearchAction","target":{"@type":"EntryPoint","urlTemplate":"https:\/\/voltride.com\/et\/?s={search_term_string}"},"query-input":{"@type":"PropertyValueSpecification","valueRequired":true,"valueName":"search_term_string"}}],"inLanguage":"et"},{"@type":["Organization","Place"],"@id":"https:\/\/voltride.com\/et\/#organization","name":"Voltride","alternateName":"VR","url":"https:\/\/voltride.com\/et\/","logo":{"@id":"https:\/\/voltride.com\/et\/lastetool-bellelli-pepe-pakiraamile-hall\/#local-main-organization-logo"},"image":{"@id":"https:\/\/voltride.com\/et\/lastetool-bellelli-pepe-pakiraamile-hall\/#local-main-organization-logo"},"sameAs":["https:\/\/www.facebook.com\/voltridecom\/"],"legalName":"Voltride O\u00dc","numberOfEmployees":{"@type":"QuantitativeValue","minValue":"1","maxValue":"10"},"ownershipFundingInfo":"https:\/\/voltride.com\/about-us\/","hasMerchantReturnPolicy":{"@type":"MerchantReturnPolicy","merchantReturnLink":"https:\/\/voltride.com\/shipping-and-returns\/"},"address":{"@id":"https:\/\/voltride.com\/et\/lastetool-bellelli-pepe-pakiraamile-hall\/#local-main-place-address"},"geo":{"@type":"GeoCoordinates","latitude":"59.439554","longitude":"24.726644"},"telephone":["+372 600 40 99"],"contactPoint":{"@type":"ContactPoint","telephone":"+372 600 40 99","email":"info@voltride.com"},"openingHoursSpecification":[{"@type":"OpeningHoursSpecification","dayOfWeek":["Monday","Tuesday","Wednesday","Thursday","Friday"],"opens":"10:00","closes":"18:00"},{"@type":"OpeningHoursSpecification","dayOfWeek":["Saturday","Sunday"],"opens":"00:00","closes":"00:00"}],"email":"info@voltride.com","taxID":"14871968"},{"@type":"PostalAddress","@id":"https:\/\/voltride.com\/et\/lastetool-bellelli-pepe-pakiraamile-hall\/#local-main-place-address","streetAddress":"Voltride Telliskivi 57D","addressLocality":"Tallinn","postalCode":"10412","addressRegion":"Tallinn","addressCountry":"EE"},{"@type":"ImageObject","inLanguage":"et","@id":"https:\/\/voltride.com\/et\/lastetool-bellelli-pepe-pakiraamile-hall\/#local-main-organization-logo","url":"https:\/\/voltride.com\/wp-content\/uploads\/voltride-logo.png","contentUrl":"https:\/\/voltride.com\/wp-content\/uploads\/voltride-logo.png","width":2481,"height":620,"caption":"Voltride"}]},"product_price_amount":"52.99","product_price_currency":"EUR","og_availability":"instock","product_availability":"instock","product_retailer_item_id":"BLSE002","product_condition":"new","geo.placename":"Tallinn","geo.position":{"lat":"59.439554","long":"24.726644"},"geo.region":"Estonia"},"_links":{"self":[{"href":"https:\/\/voltride.com\/et\/wp-json\/wp\/v2\/product\/19677","targetHints":{"allow":["GET"]}}],"collection":[{"href":"https:\/\/voltride.com\/et\/wp-json\/wp\/v2\/product"}],"about":[{"href":"https:\/\/voltride.com\/et\/wp-json\/wp\/v2\/types\/product"}],"replies":[{"embeddable":true,"href":"https:\/\/voltride.com\/et\/wp-json\/wp\/v2\/comments?post=19677"}],"wp:featuredmedia":[{"embeddable":true,"href":"https:\/\/voltride.com\/et\/wp-json\/wp\/v2\/media\/23523"}],"wp:attachment":[{"href":"https:\/\/voltride.com\/et\/wp-json\/wp\/v2\/media?parent=19677"}],"wp:term":[{"taxonomy":"product_brand","embeddable":true,"href":"https:\/\/voltride.com\/et\/wp-json\/wp\/v2\/product_brand?post=19677"},{"taxonomy":"product_cat","embeddable":true,"href":"https:\/\/voltride.com\/et\/wp-json\/wp\/v2\/product_cat?post=19677"},{"taxonomy":"product_tag","embeddable":true,"href":"https:\/\/voltride.com\/et\/wp-json\/wp\/v2\/product_tag?post=19677"}],"curies":[{"name":"wp","href":"https:\/\/api.w.org\/{rel}","templated":true}]}}