{"id":19709,"date":"2026-03-26T02:01:14","date_gmt":"2026-03-26T00:01:14","guid":{"rendered":"https:\/\/voltride.com\/axa-liigendlukk-fold-pro-100\/"},"modified":"2026-03-29T21:34:48","modified_gmt":"2026-03-29T19:34:48","slug":"axa-liigendlukk-fold-pro-100","status":"publish","type":"product","link":"https:\/\/voltride.com\/et\/axa-liigendlukk-fold-pro-100\/","title":{"rendered":"Axa Liigendlukk Fold Pro 100"},"content":{"rendered":"<div>\n<h2>Axa Fold Pro 100 &#8211; kvaliteetne liigendlukklukk<\/h2>\n<p>See on v\u00e4lja t\u00f6\u00f6tatud jalgrataste jaoks, mida pargitakse pikemaks ajaks suure vargusohuga tiheda liiklusega piirkonnas (n\u00e4iteks linnas v\u00f5i raudteejaamas). Kokkupandava lukuga on kaasas raamilekinnituv lukuhoidja. Lukuhoidjat saab paigaldada pudelihoidja kinnituse k\u00fclge. Kui seda ei ole jalgrattal olemas, saab klambri kinnitada 2 kaasasoleva rihmaga. T\u00e4nu inovaatilisele kinnitusele ei hakka lukk jalgrattas\u00f5idu ajal liikuma ja ei teki kolinat. Fold Pro on 100 cm pikk ja sellel on paindlikud \u00fchendused, nii et saate jalgratta h\u00f5lpsasti posti v\u00f5i aia k\u00fclge kinnitada. Karastatud terasest l\u00fclide l\u00e4bim\u00f5\u00f5t on 8 mm ja luku s\u00fcdamikul on kate. See t\u00e4hendab, et luuku s\u00fcdamik on kaitstud niiskuse ja mustuse eest, see pikendab kokkupandava luku kasutusiga. Lisaks on lukul kummist korpus, mis tagab, et teie jalgrattale ei j\u00e4\u00e4 kriimustusi. Kokkupandava lukuga on kaasas 2 v\u00f5tit.<\/p>\n<\/p><\/div>\n","protected":false},"excerpt":{"rendered":"<p>Axa Fold Pro 100 &#8211; kvaliteetne liigendlukklukk See on v\u00e4lja t\u00f6\u00f6tatud jalgrataste jaoks, mida pargitakse pikemaks ajaks suure vargusohuga tiheda<\/p>\n","protected":false},"featured_media":20608,"comment_status":"open","ping_status":"closed","template":"","meta":[],"product_brand":[],"product_cat":[710],"product_tag":[],"class_list":{"0":"post-19709","1":"product","2":"type-product","3":"status-publish","4":"has-post-thumbnail","6":"product_cat-lukud","8":"first","9":"outofstock","10":"taxable","11":"shipping-taxable","12":"purchasable","13":"product-type-simple"},"yoast_head":"<!-- This site is optimized with the Yoast SEO Premium plugin v27.3 (Yoast SEO v27.4) - https:\/\/yoast.com\/product\/yoast-seo-premium-wordpress\/ -->\n<title>Axa Liigendlukk Fold Pro 100 | Voltride<\/title>\n<meta name=\"robots\" content=\"index, follow, max-snippet:-1, max-image-preview:large, max-video-preview:-1\" \/>\n<link rel=\"canonical\" href=\"https:\/\/voltride.com\/et\/axa-liigendlukk-fold-pro-100\/\" \/>\n<meta property=\"og:locale\" content=\"et_EE\" \/>\n<meta property=\"og:type\" content=\"article\" \/>\n<meta property=\"og:title\" content=\"Axa Liigendlukk Fold Pro 100 | Voltride\" \/>\n<meta property=\"og:description\" content=\"Axa Fold Pro 100 &#8211; kvaliteetne liigendlukklukk See on v\u00e4lja t\u00f6\u00f6tatud jalgrataste jaoks, mida pargitakse pikemaks ajaks suure vargusohuga tiheda\" \/>\n<meta property=\"og:url\" content=\"https:\/\/voltride.com\/et\/axa-liigendlukk-fold-pro-100\/\" \/>\n<meta property=\"og:site_name\" content=\"Voltride\" \/>\n<meta property=\"article:publisher\" content=\"https:\/\/www.facebook.com\/voltridecom\/\" \/>\n<meta property=\"article:modified_time\" content=\"2026-03-29T19:34:48+00:00\" \/>\n<meta property=\"og:image\" content=\"https:\/\/voltride.com\/wp-content\/uploads\/2026\/03\/4080-62b173775bfa0509248197-e0006619-1.jpg\" \/>\n\t<meta property=\"og:image:width\" content=\"1181\" \/>\n\t<meta property=\"og:image:height\" content=\"1181\" \/>\n\t<meta property=\"og:image:type\" content=\"image\/jpeg\" \/>\n<meta name=\"twitter:card\" content=\"summary_large_image\" \/>\n<script type=\"application\/ld+json\" class=\"yoast-schema-graph\">{\"@context\":\"https:\\\/\\\/schema.org\",\"@graph\":[{\"@type\":\"WebPage\",\"@id\":\"https:\\\/\\\/voltride.com\\\/et\\\/axa-liigendlukk-fold-pro-100\\\/\",\"url\":\"https:\\\/\\\/voltride.com\\\/et\\\/axa-liigendlukk-fold-pro-100\\\/\",\"name\":\"Axa Liigendlukk Fold Pro 100 | Voltride\",\"isPartOf\":{\"@id\":\"https:\\\/\\\/voltride.com\\\/et\\\/#website\"},\"primaryImageOfPage\":{\"@id\":\"https:\\\/\\\/voltride.com\\\/et\\\/axa-liigendlukk-fold-pro-100\\\/#primaryimage\"},\"image\":{\"@id\":\"https:\\\/\\\/voltride.com\\\/et\\\/axa-liigendlukk-fold-pro-100\\\/#primaryimage\"},\"thumbnailUrl\":\"https:\\\/\\\/voltride.com\\\/wp-content\\\/uploads\\\/2026\\\/03\\\/4080-62b173775bfa0509248197-e0006619-1.jpg\",\"datePublished\":\"2026-03-26T00:01:14+00:00\",\"dateModified\":\"2026-03-29T19:34:48+00:00\",\"breadcrumb\":{\"@id\":\"https:\\\/\\\/voltride.com\\\/et\\\/axa-liigendlukk-fold-pro-100\\\/#breadcrumb\"},\"inLanguage\":\"et\",\"potentialAction\":[{\"@type\":\"ReadAction\",\"target\":[\"https:\\\/\\\/voltride.com\\\/et\\\/axa-liigendlukk-fold-pro-100\\\/\"]}]},{\"@type\":\"ImageObject\",\"inLanguage\":\"et\",\"@id\":\"https:\\\/\\\/voltride.com\\\/et\\\/axa-liigendlukk-fold-pro-100\\\/#primaryimage\",\"url\":\"https:\\\/\\\/voltride.com\\\/wp-content\\\/uploads\\\/2026\\\/03\\\/4080-62b173775bfa0509248197-e0006619-1.jpg\",\"contentUrl\":\"https:\\\/\\\/voltride.com\\\/wp-content\\\/uploads\\\/2026\\\/03\\\/4080-62b173775bfa0509248197-e0006619-1.jpg\",\"width\":1181,\"height\":1181},{\"@type\":\"BreadcrumbList\",\"@id\":\"https:\\\/\\\/voltride.com\\\/et\\\/axa-liigendlukk-fold-pro-100\\\/#breadcrumb\",\"itemListElement\":[{\"@type\":\"ListItem\",\"position\":1,\"name\":\"Kodu\",\"item\":\"https:\\\/\\\/voltride.com\\\/et\\\/\"},{\"@type\":\"ListItem\",\"position\":2,\"name\":\"Pood\",\"item\":\"https:\\\/\\\/voltride.com\\\/et\\\/e-pood\\\/\"},{\"@type\":\"ListItem\",\"position\":3,\"name\":\"Lisavarustus\",\"item\":\"https:\\\/\\\/voltride.com\\\/et\\\/lisavarustus\\\/\"},{\"@type\":\"ListItem\",\"position\":4,\"name\":\"Lukud\",\"item\":\"https:\\\/\\\/voltride.com\\\/et\\\/lukud\\\/\"},{\"@type\":\"ListItem\",\"position\":5,\"name\":\"Axa Liigendlukk Fold Pro 100\"}]},{\"@type\":\"WebSite\",\"@id\":\"https:\\\/\\\/voltride.com\\\/et\\\/#website\",\"url\":\"https:\\\/\\\/voltride.com\\\/et\\\/\",\"name\":\"Voltride\",\"description\":\"Parim elektrirataste elektrit\u00f5ukside ja \u00fcksrataste pood ja remont\",\"publisher\":{\"@id\":\"https:\\\/\\\/voltride.com\\\/et\\\/#organization\"},\"alternateName\":\"Vr\",\"potentialAction\":[{\"@type\":\"SearchAction\",\"target\":{\"@type\":\"EntryPoint\",\"urlTemplate\":\"https:\\\/\\\/voltride.com\\\/et\\\/?s={search_term_string}\"},\"query-input\":{\"@type\":\"PropertyValueSpecification\",\"valueRequired\":true,\"valueName\":\"search_term_string\"}}],\"inLanguage\":\"et\"},{\"@type\":[\"Organization\",\"Place\"],\"@id\":\"https:\\\/\\\/voltride.com\\\/et\\\/#organization\",\"name\":\"Voltride\",\"alternateName\":\"VR\",\"url\":\"https:\\\/\\\/voltride.com\\\/et\\\/\",\"logo\":{\"@id\":\"https:\\\/\\\/voltride.com\\\/et\\\/axa-liigendlukk-fold-pro-100\\\/#local-main-organization-logo\"},\"image\":{\"@id\":\"https:\\\/\\\/voltride.com\\\/et\\\/axa-liigendlukk-fold-pro-100\\\/#local-main-organization-logo\"},\"sameAs\":[\"https:\\\/\\\/www.facebook.com\\\/voltridecom\\\/\"],\"legalName\":\"Voltride O\u00dc\",\"numberOfEmployees\":{\"@type\":\"QuantitativeValue\",\"minValue\":\"1\",\"maxValue\":\"10\"},\"ownershipFundingInfo\":\"https:\\\/\\\/voltride.com\\\/about-us\\\/\",\"hasMerchantReturnPolicy\":{\"@type\":\"MerchantReturnPolicy\",\"merchantReturnLink\":\"https:\\\/\\\/voltride.com\\\/shipping-and-returns\\\/\"},\"address\":{\"@id\":\"https:\\\/\\\/voltride.com\\\/et\\\/axa-liigendlukk-fold-pro-100\\\/#local-main-place-address\"},\"geo\":{\"@type\":\"GeoCoordinates\",\"latitude\":\"59.439554\",\"longitude\":\"24.726644\"},\"telephone\":[\"+372 600 40 99\"],\"contactPoint\":{\"@type\":\"ContactPoint\",\"telephone\":\"+372 600 40 99\",\"email\":\"info@voltride.com\"},\"openingHoursSpecification\":[{\"@type\":\"OpeningHoursSpecification\",\"dayOfWeek\":[\"Monday\",\"Tuesday\",\"Wednesday\",\"Thursday\",\"Friday\"],\"opens\":\"10:00\",\"closes\":\"18:00\"},{\"@type\":\"OpeningHoursSpecification\",\"dayOfWeek\":[\"Saturday\",\"Sunday\"],\"opens\":\"00:00\",\"closes\":\"00:00\"}],\"email\":\"info@voltride.com\",\"taxID\":\"14871968\"},{\"@type\":\"PostalAddress\",\"@id\":\"https:\\\/\\\/voltride.com\\\/et\\\/axa-liigendlukk-fold-pro-100\\\/#local-main-place-address\",\"streetAddress\":\"Voltride Telliskivi 57D\",\"addressLocality\":\"Tallinn\",\"postalCode\":\"10412\",\"addressRegion\":\"Tallinn\",\"addressCountry\":\"EE\"},{\"@type\":\"ImageObject\",\"inLanguage\":\"et\",\"@id\":\"https:\\\/\\\/voltride.com\\\/et\\\/axa-liigendlukk-fold-pro-100\\\/#local-main-organization-logo\",\"url\":\"https:\\\/\\\/voltride.com\\\/wp-content\\\/uploads\\\/voltride-logo.png\",\"contentUrl\":\"https:\\\/\\\/voltride.com\\\/wp-content\\\/uploads\\\/voltride-logo.png\",\"width\":2481,\"height\":620,\"caption\":\"Voltride\"}]}<\/script>\n<meta property=\"product:price:amount\" content=\"109.99\" \/>\n<meta property=\"product:price:currency\" content=\"EUR\" \/>\n<meta property=\"og:availability\" content=\"out of stock\" \/>\n<meta property=\"product:availability\" content=\"out of stock\" \/>\n<meta property=\"product:retailer_item_id\" content=\"AXLK008\" \/>\n<meta property=\"product:condition\" content=\"new\" \/>\n<meta name=\"geo.placename\" content=\"Tallinn\" \/>\n<meta name=\"geo.position\" content=\"59.439554;24.726644\" \/>\n<meta name=\"geo.region\" content=\"Estonia\" \/>\n<!-- \/ Yoast SEO Premium plugin. -->","yoast_head_json":{"title":"Axa Liigendlukk Fold Pro 100 | Voltride","robots":{"index":"index","follow":"follow","max-snippet":"max-snippet:-1","max-image-preview":"max-image-preview:large","max-video-preview":"max-video-preview:-1"},"canonical":"https:\/\/voltride.com\/et\/axa-liigendlukk-fold-pro-100\/","og_locale":"et_EE","og_type":"article","og_title":"Axa Liigendlukk Fold Pro 100 | Voltride","og_description":"Axa Fold Pro 100 &#8211; kvaliteetne liigendlukklukk See on v\u00e4lja t\u00f6\u00f6tatud jalgrataste jaoks, mida pargitakse pikemaks ajaks suure vargusohuga tiheda","og_url":"https:\/\/voltride.com\/et\/axa-liigendlukk-fold-pro-100\/","og_site_name":"Voltride","article_publisher":"https:\/\/www.facebook.com\/voltridecom\/","article_modified_time":"2026-03-29T19:34:48+00:00","og_image":[{"width":1181,"height":1181,"url":"https:\/\/voltride.com\/wp-content\/uploads\/2026\/03\/4080-62b173775bfa0509248197-e0006619-1.jpg","type":"image\/jpeg"}],"twitter_card":"summary_large_image","schema":{"@context":"https:\/\/schema.org","@graph":[{"@type":"WebPage","@id":"https:\/\/voltride.com\/et\/axa-liigendlukk-fold-pro-100\/","url":"https:\/\/voltride.com\/et\/axa-liigendlukk-fold-pro-100\/","name":"Axa Liigendlukk Fold Pro 100 | Voltride","isPartOf":{"@id":"https:\/\/voltride.com\/et\/#website"},"primaryImageOfPage":{"@id":"https:\/\/voltride.com\/et\/axa-liigendlukk-fold-pro-100\/#primaryimage"},"image":{"@id":"https:\/\/voltride.com\/et\/axa-liigendlukk-fold-pro-100\/#primaryimage"},"thumbnailUrl":"https:\/\/voltride.com\/wp-content\/uploads\/2026\/03\/4080-62b173775bfa0509248197-e0006619-1.jpg","datePublished":"2026-03-26T00:01:14+00:00","dateModified":"2026-03-29T19:34:48+00:00","breadcrumb":{"@id":"https:\/\/voltride.com\/et\/axa-liigendlukk-fold-pro-100\/#breadcrumb"},"inLanguage":"et","potentialAction":[{"@type":"ReadAction","target":["https:\/\/voltride.com\/et\/axa-liigendlukk-fold-pro-100\/"]}]},{"@type":"ImageObject","inLanguage":"et","@id":"https:\/\/voltride.com\/et\/axa-liigendlukk-fold-pro-100\/#primaryimage","url":"https:\/\/voltride.com\/wp-content\/uploads\/2026\/03\/4080-62b173775bfa0509248197-e0006619-1.jpg","contentUrl":"https:\/\/voltride.com\/wp-content\/uploads\/2026\/03\/4080-62b173775bfa0509248197-e0006619-1.jpg","width":1181,"height":1181},{"@type":"BreadcrumbList","@id":"https:\/\/voltride.com\/et\/axa-liigendlukk-fold-pro-100\/#breadcrumb","itemListElement":[{"@type":"ListItem","position":1,"name":"Kodu","item":"https:\/\/voltride.com\/et\/"},{"@type":"ListItem","position":2,"name":"Pood","item":"https:\/\/voltride.com\/et\/e-pood\/"},{"@type":"ListItem","position":3,"name":"Lisavarustus","item":"https:\/\/voltride.com\/et\/lisavarustus\/"},{"@type":"ListItem","position":4,"name":"Lukud","item":"https:\/\/voltride.com\/et\/lukud\/"},{"@type":"ListItem","position":5,"name":"Axa Liigendlukk Fold Pro 100"}]},{"@type":"WebSite","@id":"https:\/\/voltride.com\/et\/#website","url":"https:\/\/voltride.com\/et\/","name":"Voltride","description":"Parim elektrirataste elektrit\u00f5ukside ja \u00fcksrataste pood ja remont","publisher":{"@id":"https:\/\/voltride.com\/et\/#organization"},"alternateName":"Vr","potentialAction":[{"@type":"SearchAction","target":{"@type":"EntryPoint","urlTemplate":"https:\/\/voltride.com\/et\/?s={search_term_string}"},"query-input":{"@type":"PropertyValueSpecification","valueRequired":true,"valueName":"search_term_string"}}],"inLanguage":"et"},{"@type":["Organization","Place"],"@id":"https:\/\/voltride.com\/et\/#organization","name":"Voltride","alternateName":"VR","url":"https:\/\/voltride.com\/et\/","logo":{"@id":"https:\/\/voltride.com\/et\/axa-liigendlukk-fold-pro-100\/#local-main-organization-logo"},"image":{"@id":"https:\/\/voltride.com\/et\/axa-liigendlukk-fold-pro-100\/#local-main-organization-logo"},"sameAs":["https:\/\/www.facebook.com\/voltridecom\/"],"legalName":"Voltride O\u00dc","numberOfEmployees":{"@type":"QuantitativeValue","minValue":"1","maxValue":"10"},"ownershipFundingInfo":"https:\/\/voltride.com\/about-us\/","hasMerchantReturnPolicy":{"@type":"MerchantReturnPolicy","merchantReturnLink":"https:\/\/voltride.com\/shipping-and-returns\/"},"address":{"@id":"https:\/\/voltride.com\/et\/axa-liigendlukk-fold-pro-100\/#local-main-place-address"},"geo":{"@type":"GeoCoordinates","latitude":"59.439554","longitude":"24.726644"},"telephone":["+372 600 40 99"],"contactPoint":{"@type":"ContactPoint","telephone":"+372 600 40 99","email":"info@voltride.com"},"openingHoursSpecification":[{"@type":"OpeningHoursSpecification","dayOfWeek":["Monday","Tuesday","Wednesday","Thursday","Friday"],"opens":"10:00","closes":"18:00"},{"@type":"OpeningHoursSpecification","dayOfWeek":["Saturday","Sunday"],"opens":"00:00","closes":"00:00"}],"email":"info@voltride.com","taxID":"14871968"},{"@type":"PostalAddress","@id":"https:\/\/voltride.com\/et\/axa-liigendlukk-fold-pro-100\/#local-main-place-address","streetAddress":"Voltride Telliskivi 57D","addressLocality":"Tallinn","postalCode":"10412","addressRegion":"Tallinn","addressCountry":"EE"},{"@type":"ImageObject","inLanguage":"et","@id":"https:\/\/voltride.com\/et\/axa-liigendlukk-fold-pro-100\/#local-main-organization-logo","url":"https:\/\/voltride.com\/wp-content\/uploads\/voltride-logo.png","contentUrl":"https:\/\/voltride.com\/wp-content\/uploads\/voltride-logo.png","width":2481,"height":620,"caption":"Voltride"}]},"product_price_amount":"109.99","product_price_currency":"EUR","og_availability":"out of stock","product_availability":"out of stock","product_retailer_item_id":"AXLK008","product_condition":"new","geo.placename":"Tallinn","geo.position":{"lat":"59.439554","long":"24.726644"},"geo.region":"Estonia"},"_links":{"self":[{"href":"https:\/\/voltride.com\/et\/wp-json\/wp\/v2\/product\/19709","targetHints":{"allow":["GET"]}}],"collection":[{"href":"https:\/\/voltride.com\/et\/wp-json\/wp\/v2\/product"}],"about":[{"href":"https:\/\/voltride.com\/et\/wp-json\/wp\/v2\/types\/product"}],"replies":[{"embeddable":true,"href":"https:\/\/voltride.com\/et\/wp-json\/wp\/v2\/comments?post=19709"}],"wp:featuredmedia":[{"embeddable":true,"href":"https:\/\/voltride.com\/et\/wp-json\/wp\/v2\/media\/20608"}],"wp:attachment":[{"href":"https:\/\/voltride.com\/et\/wp-json\/wp\/v2\/media?parent=19709"}],"wp:term":[{"taxonomy":"product_brand","embeddable":true,"href":"https:\/\/voltride.com\/et\/wp-json\/wp\/v2\/product_brand?post=19709"},{"taxonomy":"product_cat","embeddable":true,"href":"https:\/\/voltride.com\/et\/wp-json\/wp\/v2\/product_cat?post=19709"},{"taxonomy":"product_tag","embeddable":true,"href":"https:\/\/voltride.com\/et\/wp-json\/wp\/v2\/product_tag?post=19709"}],"curies":[{"name":"wp","href":"https:\/\/api.w.org\/{rel}","templated":true}]}}