{"id":19714,"date":"2026-03-26T02:02:30","date_gmt":"2026-03-26T00:02:30","guid":{"rendered":"https:\/\/voltride.com\/pump-sks-airflex-explorer-hobe\/"},"modified":"2026-05-06T09:31:31","modified_gmt":"2026-05-06T07:31:31","slug":"pump-sks-airflex-explorer-hobe","status":"publish","type":"product","link":"https:\/\/voltride.com\/et\/pump-sks-airflex-explorer-hobe\/","title":{"rendered":"Pump SKS Airflex Explorer h\u00f5be"},"content":{"rendered":"<p><span style=\"font-size:12px;\"><span style=\"font-family:arial,helvetica,sans-serif;\"><strong data-end=\"169\" data-start=\"154\" style=\"caret-color: rgb(0, 0, 0); color: rgb(0, 0, 0);\">SKS AIRFLEX<\/strong><span style=\"caret-color: rgb(0, 0, 0); color: rgb(0, 0, 0);\">&nbsp;minipump pakub mugavat ja t\u00f5husat rehvi t\u00e4itmist. Voolik on peidetud pumba sisse ja tolmukorgi all, kinnitudes kindlalt ventiili k\u00fclge (sobib AV\/SV ventiilidele). Pumbaga saab t\u00e4ita kuni 5 bar \/ 73 PSI r\u00f5huni. Pumba k\u00e4epide on valmistatud pehmest materjalist, mis teeb selle mugavaks ja libisemiskindlaks. Alumiiniumi ja s\u00fcsinikkiuga tugevdatud plastiku kombinatsioon koos SKS logoga muudab selle stiilseks ja praktiliseks lisavarustuseks igale ratturile. Sisemine survetoru on tehtud s\u00fcsinikkiuga tugevdatud pol\u00fcamiidist, mis on tavalisest plastist stabiilsem ja v\u00f5imaldab \u00f5hemaid seinu \u2013 seega on AIRFLEX kerge ja usaldusv\u00e4\u00e4rne kaaslane igal rattas\u00f5idul.<\/span><\/span><\/span><\/p>\n","protected":false},"excerpt":{"rendered":"<p>SKS AIRFLEX&nbsp;minipump pakub mugavat ja t\u00f5husat rehvi t\u00e4itmist. Voolik on peidetud pumba sisse ja tolmukorgi all, kinnitudes kindlalt ventiili k\u00fclge<\/p>\n","protected":false},"featured_media":20613,"comment_status":"open","ping_status":"closed","template":"","meta":[],"product_brand":[],"product_cat":[757],"product_tag":[],"class_list":{"0":"post-19714","1":"product","2":"type-product","3":"status-publish","4":"has-post-thumbnail","6":"product_cat-pumbad","8":"first","9":"outofstock","10":"taxable","11":"shipping-taxable","12":"purchasable","13":"product-type-simple"},"yoast_head":"<!-- This site is optimized with the Yoast SEO Premium plugin v27.3 (Yoast SEO v27.5) - https:\/\/yoast.com\/product\/yoast-seo-premium-wordpress\/ -->\n<title>Pump SKS Airflex Explorer h\u00f5be | Voltride<\/title>\n<meta name=\"robots\" content=\"index, follow, max-snippet:-1, max-image-preview:large, max-video-preview:-1\" \/>\n<link rel=\"canonical\" href=\"https:\/\/voltride.com\/et\/pump-sks-airflex-explorer-hobe\/\" \/>\n<meta property=\"og:locale\" content=\"et_EE\" \/>\n<meta property=\"og:type\" content=\"article\" \/>\n<meta property=\"og:title\" content=\"Pump SKS Airflex Explorer h\u00f5be | Voltride\" \/>\n<meta property=\"og:description\" content=\"SKS AIRFLEX&nbsp;minipump pakub mugavat ja t\u00f5husat rehvi t\u00e4itmist. Voolik on peidetud pumba sisse ja tolmukorgi all, kinnitudes kindlalt ventiili k\u00fclge\" \/>\n<meta property=\"og:url\" content=\"https:\/\/voltride.com\/et\/pump-sks-airflex-explorer-hobe\/\" \/>\n<meta property=\"og:site_name\" content=\"Voltride\" \/>\n<meta property=\"article:publisher\" content=\"https:\/\/www.facebook.com\/voltridecom\/\" \/>\n<meta property=\"article:modified_time\" content=\"2026-05-06T07:31:31+00:00\" \/>\n<meta property=\"og:image\" content=\"https:\/\/voltride.com\/wp-content\/uploads\/2026\/03\/sks-airflex-explorer-silver-01-835170-1.jpg\" \/>\n\t<meta property=\"og:image:width\" content=\"750\" \/>\n\t<meta property=\"og:image:height\" content=\"750\" \/>\n\t<meta property=\"og:image:type\" content=\"image\/jpeg\" \/>\n<meta name=\"twitter:card\" content=\"summary_large_image\" \/>\n<script type=\"application\/ld+json\" class=\"yoast-schema-graph\">{\"@context\":\"https:\\\/\\\/schema.org\",\"@graph\":[{\"@type\":\"WebPage\",\"@id\":\"https:\\\/\\\/voltride.com\\\/et\\\/pump-sks-airflex-explorer-hobe\\\/\",\"url\":\"https:\\\/\\\/voltride.com\\\/et\\\/pump-sks-airflex-explorer-hobe\\\/\",\"name\":\"Pump SKS Airflex Explorer h\u00f5be | Voltride\",\"isPartOf\":{\"@id\":\"https:\\\/\\\/voltride.com\\\/et\\\/#website\"},\"primaryImageOfPage\":{\"@id\":\"https:\\\/\\\/voltride.com\\\/et\\\/pump-sks-airflex-explorer-hobe\\\/#primaryimage\"},\"image\":{\"@id\":\"https:\\\/\\\/voltride.com\\\/et\\\/pump-sks-airflex-explorer-hobe\\\/#primaryimage\"},\"thumbnailUrl\":\"https:\\\/\\\/voltride.com\\\/wp-content\\\/uploads\\\/2026\\\/03\\\/sks-airflex-explorer-silver-01-835170-1.jpg\",\"datePublished\":\"2026-03-26T00:02:30+00:00\",\"dateModified\":\"2026-05-06T07:31:31+00:00\",\"breadcrumb\":{\"@id\":\"https:\\\/\\\/voltride.com\\\/et\\\/pump-sks-airflex-explorer-hobe\\\/#breadcrumb\"},\"inLanguage\":\"et\",\"potentialAction\":[{\"@type\":\"ReadAction\",\"target\":[\"https:\\\/\\\/voltride.com\\\/et\\\/pump-sks-airflex-explorer-hobe\\\/\"]}]},{\"@type\":\"ImageObject\",\"inLanguage\":\"et\",\"@id\":\"https:\\\/\\\/voltride.com\\\/et\\\/pump-sks-airflex-explorer-hobe\\\/#primaryimage\",\"url\":\"https:\\\/\\\/voltride.com\\\/wp-content\\\/uploads\\\/2026\\\/03\\\/sks-airflex-explorer-silver-01-835170-1.jpg\",\"contentUrl\":\"https:\\\/\\\/voltride.com\\\/wp-content\\\/uploads\\\/2026\\\/03\\\/sks-airflex-explorer-silver-01-835170-1.jpg\",\"width\":750,\"height\":750},{\"@type\":\"BreadcrumbList\",\"@id\":\"https:\\\/\\\/voltride.com\\\/et\\\/pump-sks-airflex-explorer-hobe\\\/#breadcrumb\",\"itemListElement\":[{\"@type\":\"ListItem\",\"position\":1,\"name\":\"Kodu\",\"item\":\"https:\\\/\\\/voltride.com\\\/et\\\/\"},{\"@type\":\"ListItem\",\"position\":2,\"name\":\"Pood\",\"item\":\"https:\\\/\\\/voltride.com\\\/et\\\/e-pood\\\/\"},{\"@type\":\"ListItem\",\"position\":3,\"name\":\"Lisavarustus\",\"item\":\"https:\\\/\\\/voltride.com\\\/et\\\/lisavarustus\\\/\"},{\"@type\":\"ListItem\",\"position\":4,\"name\":\"Pumbad\",\"item\":\"https:\\\/\\\/voltride.com\\\/et\\\/pumbad\\\/\"},{\"@type\":\"ListItem\",\"position\":5,\"name\":\"Pump SKS Airflex Explorer h\u00f5be\"}]},{\"@type\":\"WebSite\",\"@id\":\"https:\\\/\\\/voltride.com\\\/et\\\/#website\",\"url\":\"https:\\\/\\\/voltride.com\\\/et\\\/\",\"name\":\"Voltride\",\"description\":\"Parim elektrirataste elektrit\u00f5ukside ja \u00fcksrataste pood ja remont\",\"publisher\":{\"@id\":\"https:\\\/\\\/voltride.com\\\/et\\\/#organization\"},\"alternateName\":\"Vr\",\"potentialAction\":[{\"@type\":\"SearchAction\",\"target\":{\"@type\":\"EntryPoint\",\"urlTemplate\":\"https:\\\/\\\/voltride.com\\\/et\\\/?s={search_term_string}\"},\"query-input\":{\"@type\":\"PropertyValueSpecification\",\"valueRequired\":true,\"valueName\":\"search_term_string\"}}],\"inLanguage\":\"et\"},{\"@type\":[\"Organization\",\"Place\"],\"@id\":\"https:\\\/\\\/voltride.com\\\/et\\\/#organization\",\"name\":\"Voltride\",\"alternateName\":\"VR\",\"url\":\"https:\\\/\\\/voltride.com\\\/et\\\/\",\"logo\":{\"@id\":\"https:\\\/\\\/voltride.com\\\/et\\\/pump-sks-airflex-explorer-hobe\\\/#local-main-organization-logo\"},\"image\":{\"@id\":\"https:\\\/\\\/voltride.com\\\/et\\\/pump-sks-airflex-explorer-hobe\\\/#local-main-organization-logo\"},\"sameAs\":[\"https:\\\/\\\/www.facebook.com\\\/voltridecom\\\/\"],\"legalName\":\"Voltride O\u00dc\",\"numberOfEmployees\":{\"@type\":\"QuantitativeValue\",\"minValue\":\"1\",\"maxValue\":\"10\"},\"ownershipFundingInfo\":\"https:\\\/\\\/voltride.com\\\/about-us\\\/\",\"hasMerchantReturnPolicy\":{\"@type\":\"MerchantReturnPolicy\",\"merchantReturnLink\":\"https:\\\/\\\/voltride.com\\\/shipping-and-returns\\\/\"},\"address\":{\"@id\":\"https:\\\/\\\/voltride.com\\\/et\\\/pump-sks-airflex-explorer-hobe\\\/#local-main-place-address\"},\"geo\":{\"@type\":\"GeoCoordinates\",\"latitude\":\"59.439554\",\"longitude\":\"24.726644\"},\"telephone\":[\"+372 600 40 99\"],\"contactPoint\":{\"@type\":\"ContactPoint\",\"telephone\":\"+372 600 40 99\",\"email\":\"info@voltride.com\"},\"openingHoursSpecification\":[{\"@type\":\"OpeningHoursSpecification\",\"dayOfWeek\":[\"Monday\",\"Tuesday\",\"Wednesday\",\"Thursday\",\"Friday\"],\"opens\":\"10:00\",\"closes\":\"18:00\"},{\"@type\":\"OpeningHoursSpecification\",\"dayOfWeek\":[\"Saturday\",\"Sunday\"],\"opens\":\"00:00\",\"closes\":\"00:00\"}],\"email\":\"info@voltride.com\",\"taxID\":\"14871968\"},{\"@type\":\"PostalAddress\",\"@id\":\"https:\\\/\\\/voltride.com\\\/et\\\/pump-sks-airflex-explorer-hobe\\\/#local-main-place-address\",\"streetAddress\":\"Voltride Telliskivi 57D\",\"addressLocality\":\"Tallinn\",\"postalCode\":\"10412\",\"addressRegion\":\"Tallinn\",\"addressCountry\":\"EE\"},{\"@type\":\"ImageObject\",\"inLanguage\":\"et\",\"@id\":\"https:\\\/\\\/voltride.com\\\/et\\\/pump-sks-airflex-explorer-hobe\\\/#local-main-organization-logo\",\"url\":\"https:\\\/\\\/voltride.com\\\/wp-content\\\/uploads\\\/voltride-logo.png\",\"contentUrl\":\"https:\\\/\\\/voltride.com\\\/wp-content\\\/uploads\\\/voltride-logo.png\",\"width\":2481,\"height\":620,\"caption\":\"Voltride\"}]}<\/script>\n<meta property=\"product:price:amount\" content=\"29.99\" \/>\n<meta property=\"product:price:currency\" content=\"EUR\" \/>\n<meta property=\"og:availability\" content=\"out of stock\" \/>\n<meta property=\"product:availability\" content=\"out of stock\" \/>\n<meta property=\"product:retailer_item_id\" content=\"SKPM002\" \/>\n<meta property=\"product:condition\" content=\"new\" \/>\n<meta name=\"geo.placename\" content=\"Tallinn\" \/>\n<meta name=\"geo.position\" content=\"59.439554;24.726644\" \/>\n<meta name=\"geo.region\" content=\"Estonia\" \/>\n<!-- \/ Yoast SEO Premium plugin. -->","yoast_head_json":{"title":"Pump SKS Airflex Explorer h\u00f5be | Voltride","robots":{"index":"index","follow":"follow","max-snippet":"max-snippet:-1","max-image-preview":"max-image-preview:large","max-video-preview":"max-video-preview:-1"},"canonical":"https:\/\/voltride.com\/et\/pump-sks-airflex-explorer-hobe\/","og_locale":"et_EE","og_type":"article","og_title":"Pump SKS Airflex Explorer h\u00f5be | Voltride","og_description":"SKS AIRFLEX&nbsp;minipump pakub mugavat ja t\u00f5husat rehvi t\u00e4itmist. Voolik on peidetud pumba sisse ja tolmukorgi all, kinnitudes kindlalt ventiili k\u00fclge","og_url":"https:\/\/voltride.com\/et\/pump-sks-airflex-explorer-hobe\/","og_site_name":"Voltride","article_publisher":"https:\/\/www.facebook.com\/voltridecom\/","article_modified_time":"2026-05-06T07:31:31+00:00","og_image":[{"width":750,"height":750,"url":"https:\/\/voltride.com\/wp-content\/uploads\/2026\/03\/sks-airflex-explorer-silver-01-835170-1.jpg","type":"image\/jpeg"}],"twitter_card":"summary_large_image","schema":{"@context":"https:\/\/schema.org","@graph":[{"@type":"WebPage","@id":"https:\/\/voltride.com\/et\/pump-sks-airflex-explorer-hobe\/","url":"https:\/\/voltride.com\/et\/pump-sks-airflex-explorer-hobe\/","name":"Pump SKS Airflex Explorer h\u00f5be | Voltride","isPartOf":{"@id":"https:\/\/voltride.com\/et\/#website"},"primaryImageOfPage":{"@id":"https:\/\/voltride.com\/et\/pump-sks-airflex-explorer-hobe\/#primaryimage"},"image":{"@id":"https:\/\/voltride.com\/et\/pump-sks-airflex-explorer-hobe\/#primaryimage"},"thumbnailUrl":"https:\/\/voltride.com\/wp-content\/uploads\/2026\/03\/sks-airflex-explorer-silver-01-835170-1.jpg","datePublished":"2026-03-26T00:02:30+00:00","dateModified":"2026-05-06T07:31:31+00:00","breadcrumb":{"@id":"https:\/\/voltride.com\/et\/pump-sks-airflex-explorer-hobe\/#breadcrumb"},"inLanguage":"et","potentialAction":[{"@type":"ReadAction","target":["https:\/\/voltride.com\/et\/pump-sks-airflex-explorer-hobe\/"]}]},{"@type":"ImageObject","inLanguage":"et","@id":"https:\/\/voltride.com\/et\/pump-sks-airflex-explorer-hobe\/#primaryimage","url":"https:\/\/voltride.com\/wp-content\/uploads\/2026\/03\/sks-airflex-explorer-silver-01-835170-1.jpg","contentUrl":"https:\/\/voltride.com\/wp-content\/uploads\/2026\/03\/sks-airflex-explorer-silver-01-835170-1.jpg","width":750,"height":750},{"@type":"BreadcrumbList","@id":"https:\/\/voltride.com\/et\/pump-sks-airflex-explorer-hobe\/#breadcrumb","itemListElement":[{"@type":"ListItem","position":1,"name":"Kodu","item":"https:\/\/voltride.com\/et\/"},{"@type":"ListItem","position":2,"name":"Pood","item":"https:\/\/voltride.com\/et\/e-pood\/"},{"@type":"ListItem","position":3,"name":"Lisavarustus","item":"https:\/\/voltride.com\/et\/lisavarustus\/"},{"@type":"ListItem","position":4,"name":"Pumbad","item":"https:\/\/voltride.com\/et\/pumbad\/"},{"@type":"ListItem","position":5,"name":"Pump SKS Airflex Explorer h\u00f5be"}]},{"@type":"WebSite","@id":"https:\/\/voltride.com\/et\/#website","url":"https:\/\/voltride.com\/et\/","name":"Voltride","description":"Parim elektrirataste elektrit\u00f5ukside ja \u00fcksrataste pood ja remont","publisher":{"@id":"https:\/\/voltride.com\/et\/#organization"},"alternateName":"Vr","potentialAction":[{"@type":"SearchAction","target":{"@type":"EntryPoint","urlTemplate":"https:\/\/voltride.com\/et\/?s={search_term_string}"},"query-input":{"@type":"PropertyValueSpecification","valueRequired":true,"valueName":"search_term_string"}}],"inLanguage":"et"},{"@type":["Organization","Place"],"@id":"https:\/\/voltride.com\/et\/#organization","name":"Voltride","alternateName":"VR","url":"https:\/\/voltride.com\/et\/","logo":{"@id":"https:\/\/voltride.com\/et\/pump-sks-airflex-explorer-hobe\/#local-main-organization-logo"},"image":{"@id":"https:\/\/voltride.com\/et\/pump-sks-airflex-explorer-hobe\/#local-main-organization-logo"},"sameAs":["https:\/\/www.facebook.com\/voltridecom\/"],"legalName":"Voltride O\u00dc","numberOfEmployees":{"@type":"QuantitativeValue","minValue":"1","maxValue":"10"},"ownershipFundingInfo":"https:\/\/voltride.com\/about-us\/","hasMerchantReturnPolicy":{"@type":"MerchantReturnPolicy","merchantReturnLink":"https:\/\/voltride.com\/shipping-and-returns\/"},"address":{"@id":"https:\/\/voltride.com\/et\/pump-sks-airflex-explorer-hobe\/#local-main-place-address"},"geo":{"@type":"GeoCoordinates","latitude":"59.439554","longitude":"24.726644"},"telephone":["+372 600 40 99"],"contactPoint":{"@type":"ContactPoint","telephone":"+372 600 40 99","email":"info@voltride.com"},"openingHoursSpecification":[{"@type":"OpeningHoursSpecification","dayOfWeek":["Monday","Tuesday","Wednesday","Thursday","Friday"],"opens":"10:00","closes":"18:00"},{"@type":"OpeningHoursSpecification","dayOfWeek":["Saturday","Sunday"],"opens":"00:00","closes":"00:00"}],"email":"info@voltride.com","taxID":"14871968"},{"@type":"PostalAddress","@id":"https:\/\/voltride.com\/et\/pump-sks-airflex-explorer-hobe\/#local-main-place-address","streetAddress":"Voltride Telliskivi 57D","addressLocality":"Tallinn","postalCode":"10412","addressRegion":"Tallinn","addressCountry":"EE"},{"@type":"ImageObject","inLanguage":"et","@id":"https:\/\/voltride.com\/et\/pump-sks-airflex-explorer-hobe\/#local-main-organization-logo","url":"https:\/\/voltride.com\/wp-content\/uploads\/voltride-logo.png","contentUrl":"https:\/\/voltride.com\/wp-content\/uploads\/voltride-logo.png","width":2481,"height":620,"caption":"Voltride"}]},"product_price_amount":"29.99","product_price_currency":"EUR","og_availability":"out of stock","product_availability":"out of stock","product_retailer_item_id":"SKPM002","product_condition":"new","geo.placename":"Tallinn","geo.position":{"lat":"59.439554","long":"24.726644"},"geo.region":"Estonia"},"_links":{"self":[{"href":"https:\/\/voltride.com\/et\/wp-json\/wp\/v2\/product\/19714","targetHints":{"allow":["GET"]}}],"collection":[{"href":"https:\/\/voltride.com\/et\/wp-json\/wp\/v2\/product"}],"about":[{"href":"https:\/\/voltride.com\/et\/wp-json\/wp\/v2\/types\/product"}],"replies":[{"embeddable":true,"href":"https:\/\/voltride.com\/et\/wp-json\/wp\/v2\/comments?post=19714"}],"wp:featuredmedia":[{"embeddable":true,"href":"https:\/\/voltride.com\/et\/wp-json\/wp\/v2\/media\/20613"}],"wp:attachment":[{"href":"https:\/\/voltride.com\/et\/wp-json\/wp\/v2\/media?parent=19714"}],"wp:term":[{"taxonomy":"product_brand","embeddable":true,"href":"https:\/\/voltride.com\/et\/wp-json\/wp\/v2\/product_brand?post=19714"},{"taxonomy":"product_cat","embeddable":true,"href":"https:\/\/voltride.com\/et\/wp-json\/wp\/v2\/product_cat?post=19714"},{"taxonomy":"product_tag","embeddable":true,"href":"https:\/\/voltride.com\/et\/wp-json\/wp\/v2\/product_tag?post=19714"}],"curies":[{"name":"wp","href":"https:\/\/api.w.org\/{rel}","templated":true}]}}