{"id":19717,"date":"2026-03-26T02:02:31","date_gmt":"2026-03-26T00:02:31","guid":{"rendered":"https:\/\/voltride.com\/axa-liigendlukk-fold-ultra-90cm\/"},"modified":"2026-03-29T21:34:50","modified_gmt":"2026-03-29T19:34:50","slug":"axa-liigendlukk-fold-ultra-90cm","status":"publish","type":"product","link":"https:\/\/voltride.com\/et\/axa-liigendlukk-fold-ultra-90cm\/","title":{"rendered":"AXA Liigendlukk Fold Ultra 90cm"},"content":{"rendered":"<p data-end=\"392\" data-start=\"191\" style=\"caret-color: rgb(0, 0, 0); color: rgb(0, 0, 0);\">AXA Fold Ultra on heakskiidetud kokkupandav lukk, mis sobib eriti h\u00e4sti elektrijalgrataste ja teiste s\u00f5idukite lukustamiseks (sertifikaadid: ART 2 t\u00e4hte, SBSC, Sold Secure Gold, Varefakta).<\/p>\n<p data-end=\"756\" data-start=\"394\" style=\"caret-color: rgb(0, 0, 0); color: rgb(0, 0, 0);\">T\u00e4nu painduvatele liigenditele ja 90 cm pikkusele saab ratta v\u00f5i t\u00f5ukeratta mugavalt kinnitada posti v\u00f5i aia k\u00fclge. Lukk on valmistatud karastatud terasest ja on vastupidav l\u00f5ikamisele ning t\u00f5mbamiskatsetele. Pehme kattega l\u00fclid kaitsevad ratast kriimustuste eest. Lukul on ka tolmukaitse, mis hoiab silindri niiskuse ja mustuse eest ning pikendab luku eluiga.<\/p>\n<p data-end=\"1008\" data-start=\"758\" style=\"caret-color: rgb(0, 0, 0); color: rgb(0, 0, 0);\">Komplekti kuulub uue disainiga kl\u00f5pskinnitus. \u00dche nupuvajutusega avaneb hoidik ja luku saab eemaldada. Tagasi asetades tuleb klambrid sulgeda ning lukk p\u00fcsib turvaliselt paigal. T\u00e4nu vibratsioonivastasele mehhanismile ei teki s\u00f5ites t\u00fc\u00fctut k\u00f5linat.<\/p>\n","protected":false},"excerpt":{"rendered":"<p>AXA Fold Ultra on heakskiidetud kokkupandav lukk, mis sobib eriti h\u00e4sti elektrijalgrataste ja teiste s\u00f5idukite lukustamiseks (sertifikaadid: ART 2 t\u00e4hte,<\/p>\n","protected":false},"featured_media":20616,"comment_status":"open","ping_status":"closed","template":"","meta":[],"product_brand":[],"product_cat":[710],"product_tag":[],"class_list":{"0":"post-19717","1":"product","2":"type-product","3":"status-publish","4":"has-post-thumbnail","6":"product_cat-lukud","8":"first","9":"outofstock","10":"taxable","11":"shipping-taxable","12":"purchasable","13":"product-type-simple"},"yoast_head":"<!-- This site is optimized with the Yoast SEO Premium plugin v27.3 (Yoast SEO v27.4) - https:\/\/yoast.com\/product\/yoast-seo-premium-wordpress\/ -->\n<title>AXA Liigendlukk Fold Ultra 90cm | Voltride<\/title>\n<meta name=\"robots\" content=\"index, follow, max-snippet:-1, max-image-preview:large, max-video-preview:-1\" \/>\n<link rel=\"canonical\" href=\"https:\/\/voltride.com\/et\/axa-liigendlukk-fold-ultra-90cm\/\" \/>\n<meta property=\"og:locale\" content=\"et_EE\" \/>\n<meta property=\"og:type\" content=\"article\" \/>\n<meta property=\"og:title\" content=\"AXA Liigendlukk Fold Ultra 90cm | Voltride\" \/>\n<meta property=\"og:description\" content=\"AXA Fold Ultra on heakskiidetud kokkupandav lukk, mis sobib eriti h\u00e4sti elektrijalgrataste ja teiste s\u00f5idukite lukustamiseks (sertifikaadid: ART 2 t\u00e4hte,\" \/>\n<meta property=\"og:url\" content=\"https:\/\/voltride.com\/et\/axa-liigendlukk-fold-ultra-90cm\/\" \/>\n<meta property=\"og:site_name\" content=\"Voltride\" \/>\n<meta property=\"article:publisher\" content=\"https:\/\/www.facebook.com\/voltridecom\/\" \/>\n<meta property=\"article:modified_time\" content=\"2026-03-29T19:34:50+00:00\" \/>\n<meta property=\"og:image\" content=\"https:\/\/voltride.com\/wp-content\/uploads\/2026\/03\/3599-689d9f7fb4e76911683014-axa-fold-ultra-front-96dpi-1181x1181px-x-nr-12163-1.png\" \/>\n\t<meta property=\"og:image:width\" content=\"1181\" \/>\n\t<meta property=\"og:image:height\" content=\"1181\" \/>\n\t<meta property=\"og:image:type\" content=\"image\/png\" \/>\n<meta name=\"twitter:card\" content=\"summary_large_image\" \/>\n<script type=\"application\/ld+json\" class=\"yoast-schema-graph\">{\"@context\":\"https:\\\/\\\/schema.org\",\"@graph\":[{\"@type\":\"WebPage\",\"@id\":\"https:\\\/\\\/voltride.com\\\/et\\\/axa-liigendlukk-fold-ultra-90cm\\\/\",\"url\":\"https:\\\/\\\/voltride.com\\\/et\\\/axa-liigendlukk-fold-ultra-90cm\\\/\",\"name\":\"AXA Liigendlukk Fold Ultra 90cm | Voltride\",\"isPartOf\":{\"@id\":\"https:\\\/\\\/voltride.com\\\/et\\\/#website\"},\"primaryImageOfPage\":{\"@id\":\"https:\\\/\\\/voltride.com\\\/et\\\/axa-liigendlukk-fold-ultra-90cm\\\/#primaryimage\"},\"image\":{\"@id\":\"https:\\\/\\\/voltride.com\\\/et\\\/axa-liigendlukk-fold-ultra-90cm\\\/#primaryimage\"},\"thumbnailUrl\":\"https:\\\/\\\/voltride.com\\\/wp-content\\\/uploads\\\/2026\\\/03\\\/3599-689d9f7fb4e76911683014-axa-fold-ultra-front-96dpi-1181x1181px-x-nr-12163-1.png\",\"datePublished\":\"2026-03-26T00:02:31+00:00\",\"dateModified\":\"2026-03-29T19:34:50+00:00\",\"breadcrumb\":{\"@id\":\"https:\\\/\\\/voltride.com\\\/et\\\/axa-liigendlukk-fold-ultra-90cm\\\/#breadcrumb\"},\"inLanguage\":\"et\",\"potentialAction\":[{\"@type\":\"ReadAction\",\"target\":[\"https:\\\/\\\/voltride.com\\\/et\\\/axa-liigendlukk-fold-ultra-90cm\\\/\"]}]},{\"@type\":\"ImageObject\",\"inLanguage\":\"et\",\"@id\":\"https:\\\/\\\/voltride.com\\\/et\\\/axa-liigendlukk-fold-ultra-90cm\\\/#primaryimage\",\"url\":\"https:\\\/\\\/voltride.com\\\/wp-content\\\/uploads\\\/2026\\\/03\\\/3599-689d9f7fb4e76911683014-axa-fold-ultra-front-96dpi-1181x1181px-x-nr-12163-1.png\",\"contentUrl\":\"https:\\\/\\\/voltride.com\\\/wp-content\\\/uploads\\\/2026\\\/03\\\/3599-689d9f7fb4e76911683014-axa-fold-ultra-front-96dpi-1181x1181px-x-nr-12163-1.png\",\"width\":1181,\"height\":1181},{\"@type\":\"BreadcrumbList\",\"@id\":\"https:\\\/\\\/voltride.com\\\/et\\\/axa-liigendlukk-fold-ultra-90cm\\\/#breadcrumb\",\"itemListElement\":[{\"@type\":\"ListItem\",\"position\":1,\"name\":\"Kodu\",\"item\":\"https:\\\/\\\/voltride.com\\\/et\\\/\"},{\"@type\":\"ListItem\",\"position\":2,\"name\":\"Pood\",\"item\":\"https:\\\/\\\/voltride.com\\\/et\\\/e-pood\\\/\"},{\"@type\":\"ListItem\",\"position\":3,\"name\":\"Lisavarustus\",\"item\":\"https:\\\/\\\/voltride.com\\\/et\\\/lisavarustus\\\/\"},{\"@type\":\"ListItem\",\"position\":4,\"name\":\"Lukud\",\"item\":\"https:\\\/\\\/voltride.com\\\/et\\\/lukud\\\/\"},{\"@type\":\"ListItem\",\"position\":5,\"name\":\"AXA Liigendlukk Fold Ultra 90cm\"}]},{\"@type\":\"WebSite\",\"@id\":\"https:\\\/\\\/voltride.com\\\/et\\\/#website\",\"url\":\"https:\\\/\\\/voltride.com\\\/et\\\/\",\"name\":\"Voltride\",\"description\":\"Parim elektrirataste elektrit\u00f5ukside ja \u00fcksrataste pood ja remont\",\"publisher\":{\"@id\":\"https:\\\/\\\/voltride.com\\\/et\\\/#organization\"},\"alternateName\":\"Vr\",\"potentialAction\":[{\"@type\":\"SearchAction\",\"target\":{\"@type\":\"EntryPoint\",\"urlTemplate\":\"https:\\\/\\\/voltride.com\\\/et\\\/?s={search_term_string}\"},\"query-input\":{\"@type\":\"PropertyValueSpecification\",\"valueRequired\":true,\"valueName\":\"search_term_string\"}}],\"inLanguage\":\"et\"},{\"@type\":[\"Organization\",\"Place\"],\"@id\":\"https:\\\/\\\/voltride.com\\\/et\\\/#organization\",\"name\":\"Voltride\",\"alternateName\":\"VR\",\"url\":\"https:\\\/\\\/voltride.com\\\/et\\\/\",\"logo\":{\"@id\":\"https:\\\/\\\/voltride.com\\\/et\\\/axa-liigendlukk-fold-ultra-90cm\\\/#local-main-organization-logo\"},\"image\":{\"@id\":\"https:\\\/\\\/voltride.com\\\/et\\\/axa-liigendlukk-fold-ultra-90cm\\\/#local-main-organization-logo\"},\"sameAs\":[\"https:\\\/\\\/www.facebook.com\\\/voltridecom\\\/\"],\"legalName\":\"Voltride O\u00dc\",\"numberOfEmployees\":{\"@type\":\"QuantitativeValue\",\"minValue\":\"1\",\"maxValue\":\"10\"},\"ownershipFundingInfo\":\"https:\\\/\\\/voltride.com\\\/about-us\\\/\",\"hasMerchantReturnPolicy\":{\"@type\":\"MerchantReturnPolicy\",\"merchantReturnLink\":\"https:\\\/\\\/voltride.com\\\/shipping-and-returns\\\/\"},\"address\":{\"@id\":\"https:\\\/\\\/voltride.com\\\/et\\\/axa-liigendlukk-fold-ultra-90cm\\\/#local-main-place-address\"},\"geo\":{\"@type\":\"GeoCoordinates\",\"latitude\":\"59.439554\",\"longitude\":\"24.726644\"},\"telephone\":[\"+372 600 40 99\"],\"contactPoint\":{\"@type\":\"ContactPoint\",\"telephone\":\"+372 600 40 99\",\"email\":\"info@voltride.com\"},\"openingHoursSpecification\":[{\"@type\":\"OpeningHoursSpecification\",\"dayOfWeek\":[\"Monday\",\"Tuesday\",\"Wednesday\",\"Thursday\",\"Friday\"],\"opens\":\"10:00\",\"closes\":\"18:00\"},{\"@type\":\"OpeningHoursSpecification\",\"dayOfWeek\":[\"Saturday\",\"Sunday\"],\"opens\":\"00:00\",\"closes\":\"00:00\"}],\"email\":\"info@voltride.com\",\"taxID\":\"14871968\"},{\"@type\":\"PostalAddress\",\"@id\":\"https:\\\/\\\/voltride.com\\\/et\\\/axa-liigendlukk-fold-ultra-90cm\\\/#local-main-place-address\",\"streetAddress\":\"Voltride Telliskivi 57D\",\"addressLocality\":\"Tallinn\",\"postalCode\":\"10412\",\"addressRegion\":\"Tallinn\",\"addressCountry\":\"EE\"},{\"@type\":\"ImageObject\",\"inLanguage\":\"et\",\"@id\":\"https:\\\/\\\/voltride.com\\\/et\\\/axa-liigendlukk-fold-ultra-90cm\\\/#local-main-organization-logo\",\"url\":\"https:\\\/\\\/voltride.com\\\/wp-content\\\/uploads\\\/voltride-logo.png\",\"contentUrl\":\"https:\\\/\\\/voltride.com\\\/wp-content\\\/uploads\\\/voltride-logo.png\",\"width\":2481,\"height\":620,\"caption\":\"Voltride\"}]}<\/script>\n<meta property=\"product:price:amount\" content=\"109.99\" \/>\n<meta property=\"product:price:currency\" content=\"EUR\" \/>\n<meta property=\"og:availability\" content=\"out of stock\" \/>\n<meta property=\"product:availability\" content=\"out of stock\" \/>\n<meta property=\"product:retailer_item_id\" content=\"AXLK009\" \/>\n<meta property=\"product:condition\" content=\"new\" \/>\n<meta name=\"geo.placename\" content=\"Tallinn\" \/>\n<meta name=\"geo.position\" content=\"59.439554;24.726644\" \/>\n<meta name=\"geo.region\" content=\"Estonia\" \/>\n<!-- \/ Yoast SEO Premium plugin. -->","yoast_head_json":{"title":"AXA Liigendlukk Fold Ultra 90cm | Voltride","robots":{"index":"index","follow":"follow","max-snippet":"max-snippet:-1","max-image-preview":"max-image-preview:large","max-video-preview":"max-video-preview:-1"},"canonical":"https:\/\/voltride.com\/et\/axa-liigendlukk-fold-ultra-90cm\/","og_locale":"et_EE","og_type":"article","og_title":"AXA Liigendlukk Fold Ultra 90cm | Voltride","og_description":"AXA Fold Ultra on heakskiidetud kokkupandav lukk, mis sobib eriti h\u00e4sti elektrijalgrataste ja teiste s\u00f5idukite lukustamiseks (sertifikaadid: ART 2 t\u00e4hte,","og_url":"https:\/\/voltride.com\/et\/axa-liigendlukk-fold-ultra-90cm\/","og_site_name":"Voltride","article_publisher":"https:\/\/www.facebook.com\/voltridecom\/","article_modified_time":"2026-03-29T19:34:50+00:00","og_image":[{"width":1181,"height":1181,"url":"https:\/\/voltride.com\/wp-content\/uploads\/2026\/03\/3599-689d9f7fb4e76911683014-axa-fold-ultra-front-96dpi-1181x1181px-x-nr-12163-1.png","type":"image\/png"}],"twitter_card":"summary_large_image","schema":{"@context":"https:\/\/schema.org","@graph":[{"@type":"WebPage","@id":"https:\/\/voltride.com\/et\/axa-liigendlukk-fold-ultra-90cm\/","url":"https:\/\/voltride.com\/et\/axa-liigendlukk-fold-ultra-90cm\/","name":"AXA Liigendlukk Fold Ultra 90cm | Voltride","isPartOf":{"@id":"https:\/\/voltride.com\/et\/#website"},"primaryImageOfPage":{"@id":"https:\/\/voltride.com\/et\/axa-liigendlukk-fold-ultra-90cm\/#primaryimage"},"image":{"@id":"https:\/\/voltride.com\/et\/axa-liigendlukk-fold-ultra-90cm\/#primaryimage"},"thumbnailUrl":"https:\/\/voltride.com\/wp-content\/uploads\/2026\/03\/3599-689d9f7fb4e76911683014-axa-fold-ultra-front-96dpi-1181x1181px-x-nr-12163-1.png","datePublished":"2026-03-26T00:02:31+00:00","dateModified":"2026-03-29T19:34:50+00:00","breadcrumb":{"@id":"https:\/\/voltride.com\/et\/axa-liigendlukk-fold-ultra-90cm\/#breadcrumb"},"inLanguage":"et","potentialAction":[{"@type":"ReadAction","target":["https:\/\/voltride.com\/et\/axa-liigendlukk-fold-ultra-90cm\/"]}]},{"@type":"ImageObject","inLanguage":"et","@id":"https:\/\/voltride.com\/et\/axa-liigendlukk-fold-ultra-90cm\/#primaryimage","url":"https:\/\/voltride.com\/wp-content\/uploads\/2026\/03\/3599-689d9f7fb4e76911683014-axa-fold-ultra-front-96dpi-1181x1181px-x-nr-12163-1.png","contentUrl":"https:\/\/voltride.com\/wp-content\/uploads\/2026\/03\/3599-689d9f7fb4e76911683014-axa-fold-ultra-front-96dpi-1181x1181px-x-nr-12163-1.png","width":1181,"height":1181},{"@type":"BreadcrumbList","@id":"https:\/\/voltride.com\/et\/axa-liigendlukk-fold-ultra-90cm\/#breadcrumb","itemListElement":[{"@type":"ListItem","position":1,"name":"Kodu","item":"https:\/\/voltride.com\/et\/"},{"@type":"ListItem","position":2,"name":"Pood","item":"https:\/\/voltride.com\/et\/e-pood\/"},{"@type":"ListItem","position":3,"name":"Lisavarustus","item":"https:\/\/voltride.com\/et\/lisavarustus\/"},{"@type":"ListItem","position":4,"name":"Lukud","item":"https:\/\/voltride.com\/et\/lukud\/"},{"@type":"ListItem","position":5,"name":"AXA Liigendlukk Fold Ultra 90cm"}]},{"@type":"WebSite","@id":"https:\/\/voltride.com\/et\/#website","url":"https:\/\/voltride.com\/et\/","name":"Voltride","description":"Parim elektrirataste elektrit\u00f5ukside ja \u00fcksrataste pood ja remont","publisher":{"@id":"https:\/\/voltride.com\/et\/#organization"},"alternateName":"Vr","potentialAction":[{"@type":"SearchAction","target":{"@type":"EntryPoint","urlTemplate":"https:\/\/voltride.com\/et\/?s={search_term_string}"},"query-input":{"@type":"PropertyValueSpecification","valueRequired":true,"valueName":"search_term_string"}}],"inLanguage":"et"},{"@type":["Organization","Place"],"@id":"https:\/\/voltride.com\/et\/#organization","name":"Voltride","alternateName":"VR","url":"https:\/\/voltride.com\/et\/","logo":{"@id":"https:\/\/voltride.com\/et\/axa-liigendlukk-fold-ultra-90cm\/#local-main-organization-logo"},"image":{"@id":"https:\/\/voltride.com\/et\/axa-liigendlukk-fold-ultra-90cm\/#local-main-organization-logo"},"sameAs":["https:\/\/www.facebook.com\/voltridecom\/"],"legalName":"Voltride O\u00dc","numberOfEmployees":{"@type":"QuantitativeValue","minValue":"1","maxValue":"10"},"ownershipFundingInfo":"https:\/\/voltride.com\/about-us\/","hasMerchantReturnPolicy":{"@type":"MerchantReturnPolicy","merchantReturnLink":"https:\/\/voltride.com\/shipping-and-returns\/"},"address":{"@id":"https:\/\/voltride.com\/et\/axa-liigendlukk-fold-ultra-90cm\/#local-main-place-address"},"geo":{"@type":"GeoCoordinates","latitude":"59.439554","longitude":"24.726644"},"telephone":["+372 600 40 99"],"contactPoint":{"@type":"ContactPoint","telephone":"+372 600 40 99","email":"info@voltride.com"},"openingHoursSpecification":[{"@type":"OpeningHoursSpecification","dayOfWeek":["Monday","Tuesday","Wednesday","Thursday","Friday"],"opens":"10:00","closes":"18:00"},{"@type":"OpeningHoursSpecification","dayOfWeek":["Saturday","Sunday"],"opens":"00:00","closes":"00:00"}],"email":"info@voltride.com","taxID":"14871968"},{"@type":"PostalAddress","@id":"https:\/\/voltride.com\/et\/axa-liigendlukk-fold-ultra-90cm\/#local-main-place-address","streetAddress":"Voltride Telliskivi 57D","addressLocality":"Tallinn","postalCode":"10412","addressRegion":"Tallinn","addressCountry":"EE"},{"@type":"ImageObject","inLanguage":"et","@id":"https:\/\/voltride.com\/et\/axa-liigendlukk-fold-ultra-90cm\/#local-main-organization-logo","url":"https:\/\/voltride.com\/wp-content\/uploads\/voltride-logo.png","contentUrl":"https:\/\/voltride.com\/wp-content\/uploads\/voltride-logo.png","width":2481,"height":620,"caption":"Voltride"}]},"product_price_amount":"109.99","product_price_currency":"EUR","og_availability":"out of stock","product_availability":"out of stock","product_retailer_item_id":"AXLK009","product_condition":"new","geo.placename":"Tallinn","geo.position":{"lat":"59.439554","long":"24.726644"},"geo.region":"Estonia"},"_links":{"self":[{"href":"https:\/\/voltride.com\/et\/wp-json\/wp\/v2\/product\/19717","targetHints":{"allow":["GET"]}}],"collection":[{"href":"https:\/\/voltride.com\/et\/wp-json\/wp\/v2\/product"}],"about":[{"href":"https:\/\/voltride.com\/et\/wp-json\/wp\/v2\/types\/product"}],"replies":[{"embeddable":true,"href":"https:\/\/voltride.com\/et\/wp-json\/wp\/v2\/comments?post=19717"}],"wp:featuredmedia":[{"embeddable":true,"href":"https:\/\/voltride.com\/et\/wp-json\/wp\/v2\/media\/20616"}],"wp:attachment":[{"href":"https:\/\/voltride.com\/et\/wp-json\/wp\/v2\/media?parent=19717"}],"wp:term":[{"taxonomy":"product_brand","embeddable":true,"href":"https:\/\/voltride.com\/et\/wp-json\/wp\/v2\/product_brand?post=19717"},{"taxonomy":"product_cat","embeddable":true,"href":"https:\/\/voltride.com\/et\/wp-json\/wp\/v2\/product_cat?post=19717"},{"taxonomy":"product_tag","embeddable":true,"href":"https:\/\/voltride.com\/et\/wp-json\/wp\/v2\/product_tag?post=19717"}],"curies":[{"name":"wp","href":"https:\/\/api.w.org\/{rel}","templated":true}]}}