{"id":19723,"date":"2026-03-26T02:02:33","date_gmt":"2026-03-26T00:02:33","guid":{"rendered":"https:\/\/voltride.com\/axa-liigendlukk-lite-code-100\/"},"modified":"2026-03-29T21:34:50","modified_gmt":"2026-03-29T19:34:50","slug":"axa-liigendlukk-lite-code-100","status":"publish","type":"product","link":"https:\/\/voltride.com\/et\/axa-liigendlukk-lite-code-100\/","title":{"rendered":"AXA Liigendlukk Lite Code 100"},"content":{"rendered":"<h2>AXA Fold Lite C100<\/h2>\n<p>Otsite oma jalgrattale kerget ja mitmek\u00fclgset lukku? Otsi vaid AXA Fold Lite C100 kokkupandavat lukku! See lukk on m\u00f5eldud kasutamiseks madala riskiga piirkondades, mist\u00f5ttu sobib see ideaalselt igap\u00e4evaseks kasutamiseks k\u00fclades v\u00f5i valvatud parkimisaladel.<br \/> Fold Lite C100 on varustatud mugava lukuhoidjaga, mida saab paigaldada jalgratta pudelihoidja kinnituse k\u00fclge v\u00f5i kinnitada rihmaga raami k\u00fclge. Fold Lite C100 on 100 cm pikkune, mis on ideaalne pikkus, et kinnitada jalgratas h\u00f5lpsasti posti v\u00f5i aia k\u00fclge. Luku paindlikud liigendid muudavad selle man\u00f6\u00f6verdamise lihtsaks ja 5 mm karastatud terasest l\u00fclid on kaetud kummiga, et v\u00e4ltida kriimustusi teie jalgratta raamil. Lukk on kinnitatud 4-kohalise koodiga, mille saate ise seadistada, nii et te ei pea muretsema v\u00f5tme kaasas kandmise p\u00e4rast. Valige AXA Fold Lite C100 kerge ja usaldusv\u00e4\u00e4rne lukk, mis hoiab teie jalgratast turvaliselt ja kindlalt.<\/p>\n","protected":false},"excerpt":{"rendered":"<p>AXA Fold Lite C100 Otsite oma jalgrattale kerget ja mitmek\u00fclgset lukku? Otsi vaid AXA Fold Lite C100 kokkupandavat lukku! See<\/p>\n","protected":false},"featured_media":20621,"comment_status":"open","ping_status":"closed","template":"","meta":[],"product_brand":[],"product_cat":[710],"product_tag":[],"class_list":{"0":"post-19723","1":"product","2":"type-product","3":"status-publish","4":"has-post-thumbnail","6":"product_cat-lukud","8":"first","9":"outofstock","10":"taxable","11":"shipping-taxable","12":"purchasable","13":"product-type-simple"},"yoast_head":"<!-- This site is optimized with the Yoast SEO Premium plugin v27.3 (Yoast SEO v27.4) - https:\/\/yoast.com\/product\/yoast-seo-premium-wordpress\/ -->\n<title>AXA Liigendlukk Lite Code 100 | Voltride<\/title>\n<meta name=\"robots\" content=\"index, follow, max-snippet:-1, max-image-preview:large, max-video-preview:-1\" \/>\n<link rel=\"canonical\" href=\"https:\/\/voltride.com\/et\/axa-liigendlukk-lite-code-100\/\" \/>\n<meta property=\"og:locale\" content=\"et_EE\" \/>\n<meta property=\"og:type\" content=\"article\" \/>\n<meta property=\"og:title\" content=\"AXA Liigendlukk Lite Code 100 | Voltride\" \/>\n<meta property=\"og:description\" content=\"AXA Fold Lite C100 Otsite oma jalgrattale kerget ja mitmek\u00fclgset lukku? Otsi vaid AXA Fold Lite C100 kokkupandavat lukku! See\" \/>\n<meta property=\"og:url\" content=\"https:\/\/voltride.com\/et\/axa-liigendlukk-lite-code-100\/\" \/>\n<meta property=\"og:site_name\" content=\"Voltride\" \/>\n<meta property=\"article:publisher\" content=\"https:\/\/www.facebook.com\/voltridecom\/\" \/>\n<meta property=\"article:modified_time\" content=\"2026-03-29T19:34:50+00:00\" \/>\n<meta property=\"og:image\" content=\"https:\/\/voltride.com\/wp-content\/uploads\/2026\/03\/e0015431-1.jpg\" \/>\n\t<meta property=\"og:image:width\" content=\"1181\" \/>\n\t<meta property=\"og:image:height\" content=\"1181\" \/>\n\t<meta property=\"og:image:type\" content=\"image\/jpeg\" \/>\n<meta name=\"twitter:card\" content=\"summary_large_image\" \/>\n<script type=\"application\/ld+json\" class=\"yoast-schema-graph\">{\"@context\":\"https:\\\/\\\/schema.org\",\"@graph\":[{\"@type\":\"WebPage\",\"@id\":\"https:\\\/\\\/voltride.com\\\/et\\\/axa-liigendlukk-lite-code-100\\\/\",\"url\":\"https:\\\/\\\/voltride.com\\\/et\\\/axa-liigendlukk-lite-code-100\\\/\",\"name\":\"AXA Liigendlukk Lite Code 100 | Voltride\",\"isPartOf\":{\"@id\":\"https:\\\/\\\/voltride.com\\\/et\\\/#website\"},\"primaryImageOfPage\":{\"@id\":\"https:\\\/\\\/voltride.com\\\/et\\\/axa-liigendlukk-lite-code-100\\\/#primaryimage\"},\"image\":{\"@id\":\"https:\\\/\\\/voltride.com\\\/et\\\/axa-liigendlukk-lite-code-100\\\/#primaryimage\"},\"thumbnailUrl\":\"https:\\\/\\\/voltride.com\\\/wp-content\\\/uploads\\\/2026\\\/03\\\/e0015431-1.jpg\",\"datePublished\":\"2026-03-26T00:02:33+00:00\",\"dateModified\":\"2026-03-29T19:34:50+00:00\",\"breadcrumb\":{\"@id\":\"https:\\\/\\\/voltride.com\\\/et\\\/axa-liigendlukk-lite-code-100\\\/#breadcrumb\"},\"inLanguage\":\"et\",\"potentialAction\":[{\"@type\":\"ReadAction\",\"target\":[\"https:\\\/\\\/voltride.com\\\/et\\\/axa-liigendlukk-lite-code-100\\\/\"]}]},{\"@type\":\"ImageObject\",\"inLanguage\":\"et\",\"@id\":\"https:\\\/\\\/voltride.com\\\/et\\\/axa-liigendlukk-lite-code-100\\\/#primaryimage\",\"url\":\"https:\\\/\\\/voltride.com\\\/wp-content\\\/uploads\\\/2026\\\/03\\\/e0015431-1.jpg\",\"contentUrl\":\"https:\\\/\\\/voltride.com\\\/wp-content\\\/uploads\\\/2026\\\/03\\\/e0015431-1.jpg\",\"width\":1181,\"height\":1181},{\"@type\":\"BreadcrumbList\",\"@id\":\"https:\\\/\\\/voltride.com\\\/et\\\/axa-liigendlukk-lite-code-100\\\/#breadcrumb\",\"itemListElement\":[{\"@type\":\"ListItem\",\"position\":1,\"name\":\"Kodu\",\"item\":\"https:\\\/\\\/voltride.com\\\/et\\\/\"},{\"@type\":\"ListItem\",\"position\":2,\"name\":\"Pood\",\"item\":\"https:\\\/\\\/voltride.com\\\/et\\\/e-pood\\\/\"},{\"@type\":\"ListItem\",\"position\":3,\"name\":\"Lisavarustus\",\"item\":\"https:\\\/\\\/voltride.com\\\/et\\\/lisavarustus\\\/\"},{\"@type\":\"ListItem\",\"position\":4,\"name\":\"Lukud\",\"item\":\"https:\\\/\\\/voltride.com\\\/et\\\/lukud\\\/\"},{\"@type\":\"ListItem\",\"position\":5,\"name\":\"AXA Liigendlukk Lite Code 100\"}]},{\"@type\":\"WebSite\",\"@id\":\"https:\\\/\\\/voltride.com\\\/et\\\/#website\",\"url\":\"https:\\\/\\\/voltride.com\\\/et\\\/\",\"name\":\"Voltride\",\"description\":\"Parim elektrirataste elektrit\u00f5ukside ja \u00fcksrataste pood ja remont\",\"publisher\":{\"@id\":\"https:\\\/\\\/voltride.com\\\/et\\\/#organization\"},\"alternateName\":\"Vr\",\"potentialAction\":[{\"@type\":\"SearchAction\",\"target\":{\"@type\":\"EntryPoint\",\"urlTemplate\":\"https:\\\/\\\/voltride.com\\\/et\\\/?s={search_term_string}\"},\"query-input\":{\"@type\":\"PropertyValueSpecification\",\"valueRequired\":true,\"valueName\":\"search_term_string\"}}],\"inLanguage\":\"et\"},{\"@type\":[\"Organization\",\"Place\"],\"@id\":\"https:\\\/\\\/voltride.com\\\/et\\\/#organization\",\"name\":\"Voltride\",\"alternateName\":\"VR\",\"url\":\"https:\\\/\\\/voltride.com\\\/et\\\/\",\"logo\":{\"@id\":\"https:\\\/\\\/voltride.com\\\/et\\\/axa-liigendlukk-lite-code-100\\\/#local-main-organization-logo\"},\"image\":{\"@id\":\"https:\\\/\\\/voltride.com\\\/et\\\/axa-liigendlukk-lite-code-100\\\/#local-main-organization-logo\"},\"sameAs\":[\"https:\\\/\\\/www.facebook.com\\\/voltridecom\\\/\"],\"legalName\":\"Voltride O\u00dc\",\"numberOfEmployees\":{\"@type\":\"QuantitativeValue\",\"minValue\":\"1\",\"maxValue\":\"10\"},\"ownershipFundingInfo\":\"https:\\\/\\\/voltride.com\\\/about-us\\\/\",\"hasMerchantReturnPolicy\":{\"@type\":\"MerchantReturnPolicy\",\"merchantReturnLink\":\"https:\\\/\\\/voltride.com\\\/shipping-and-returns\\\/\"},\"address\":{\"@id\":\"https:\\\/\\\/voltride.com\\\/et\\\/axa-liigendlukk-lite-code-100\\\/#local-main-place-address\"},\"geo\":{\"@type\":\"GeoCoordinates\",\"latitude\":\"59.439554\",\"longitude\":\"24.726644\"},\"telephone\":[\"+372 600 40 99\"],\"contactPoint\":{\"@type\":\"ContactPoint\",\"telephone\":\"+372 600 40 99\",\"email\":\"info@voltride.com\"},\"openingHoursSpecification\":[{\"@type\":\"OpeningHoursSpecification\",\"dayOfWeek\":[\"Monday\",\"Tuesday\",\"Wednesday\",\"Thursday\",\"Friday\"],\"opens\":\"10:00\",\"closes\":\"18:00\"},{\"@type\":\"OpeningHoursSpecification\",\"dayOfWeek\":[\"Saturday\",\"Sunday\"],\"opens\":\"00:00\",\"closes\":\"00:00\"}],\"email\":\"info@voltride.com\",\"taxID\":\"14871968\"},{\"@type\":\"PostalAddress\",\"@id\":\"https:\\\/\\\/voltride.com\\\/et\\\/axa-liigendlukk-lite-code-100\\\/#local-main-place-address\",\"streetAddress\":\"Voltride Telliskivi 57D\",\"addressLocality\":\"Tallinn\",\"postalCode\":\"10412\",\"addressRegion\":\"Tallinn\",\"addressCountry\":\"EE\"},{\"@type\":\"ImageObject\",\"inLanguage\":\"et\",\"@id\":\"https:\\\/\\\/voltride.com\\\/et\\\/axa-liigendlukk-lite-code-100\\\/#local-main-organization-logo\",\"url\":\"https:\\\/\\\/voltride.com\\\/wp-content\\\/uploads\\\/voltride-logo.png\",\"contentUrl\":\"https:\\\/\\\/voltride.com\\\/wp-content\\\/uploads\\\/voltride-logo.png\",\"width\":2481,\"height\":620,\"caption\":\"Voltride\"}]}<\/script>\n<meta property=\"product:price:amount\" content=\"71.99\" \/>\n<meta property=\"product:price:currency\" content=\"EUR\" \/>\n<meta property=\"og:availability\" content=\"out of stock\" \/>\n<meta property=\"product:availability\" content=\"out of stock\" \/>\n<meta property=\"product:retailer_item_id\" content=\"AXLK002\" \/>\n<meta property=\"product:condition\" content=\"new\" \/>\n<meta name=\"geo.placename\" content=\"Tallinn\" \/>\n<meta name=\"geo.position\" content=\"59.439554;24.726644\" \/>\n<meta name=\"geo.region\" content=\"Estonia\" \/>\n<!-- \/ Yoast SEO Premium plugin. -->","yoast_head_json":{"title":"AXA Liigendlukk Lite Code 100 | Voltride","robots":{"index":"index","follow":"follow","max-snippet":"max-snippet:-1","max-image-preview":"max-image-preview:large","max-video-preview":"max-video-preview:-1"},"canonical":"https:\/\/voltride.com\/et\/axa-liigendlukk-lite-code-100\/","og_locale":"et_EE","og_type":"article","og_title":"AXA Liigendlukk Lite Code 100 | Voltride","og_description":"AXA Fold Lite C100 Otsite oma jalgrattale kerget ja mitmek\u00fclgset lukku? Otsi vaid AXA Fold Lite C100 kokkupandavat lukku! See","og_url":"https:\/\/voltride.com\/et\/axa-liigendlukk-lite-code-100\/","og_site_name":"Voltride","article_publisher":"https:\/\/www.facebook.com\/voltridecom\/","article_modified_time":"2026-03-29T19:34:50+00:00","og_image":[{"width":1181,"height":1181,"url":"https:\/\/voltride.com\/wp-content\/uploads\/2026\/03\/e0015431-1.jpg","type":"image\/jpeg"}],"twitter_card":"summary_large_image","schema":{"@context":"https:\/\/schema.org","@graph":[{"@type":"WebPage","@id":"https:\/\/voltride.com\/et\/axa-liigendlukk-lite-code-100\/","url":"https:\/\/voltride.com\/et\/axa-liigendlukk-lite-code-100\/","name":"AXA Liigendlukk Lite Code 100 | Voltride","isPartOf":{"@id":"https:\/\/voltride.com\/et\/#website"},"primaryImageOfPage":{"@id":"https:\/\/voltride.com\/et\/axa-liigendlukk-lite-code-100\/#primaryimage"},"image":{"@id":"https:\/\/voltride.com\/et\/axa-liigendlukk-lite-code-100\/#primaryimage"},"thumbnailUrl":"https:\/\/voltride.com\/wp-content\/uploads\/2026\/03\/e0015431-1.jpg","datePublished":"2026-03-26T00:02:33+00:00","dateModified":"2026-03-29T19:34:50+00:00","breadcrumb":{"@id":"https:\/\/voltride.com\/et\/axa-liigendlukk-lite-code-100\/#breadcrumb"},"inLanguage":"et","potentialAction":[{"@type":"ReadAction","target":["https:\/\/voltride.com\/et\/axa-liigendlukk-lite-code-100\/"]}]},{"@type":"ImageObject","inLanguage":"et","@id":"https:\/\/voltride.com\/et\/axa-liigendlukk-lite-code-100\/#primaryimage","url":"https:\/\/voltride.com\/wp-content\/uploads\/2026\/03\/e0015431-1.jpg","contentUrl":"https:\/\/voltride.com\/wp-content\/uploads\/2026\/03\/e0015431-1.jpg","width":1181,"height":1181},{"@type":"BreadcrumbList","@id":"https:\/\/voltride.com\/et\/axa-liigendlukk-lite-code-100\/#breadcrumb","itemListElement":[{"@type":"ListItem","position":1,"name":"Kodu","item":"https:\/\/voltride.com\/et\/"},{"@type":"ListItem","position":2,"name":"Pood","item":"https:\/\/voltride.com\/et\/e-pood\/"},{"@type":"ListItem","position":3,"name":"Lisavarustus","item":"https:\/\/voltride.com\/et\/lisavarustus\/"},{"@type":"ListItem","position":4,"name":"Lukud","item":"https:\/\/voltride.com\/et\/lukud\/"},{"@type":"ListItem","position":5,"name":"AXA Liigendlukk Lite Code 100"}]},{"@type":"WebSite","@id":"https:\/\/voltride.com\/et\/#website","url":"https:\/\/voltride.com\/et\/","name":"Voltride","description":"Parim elektrirataste elektrit\u00f5ukside ja \u00fcksrataste pood ja remont","publisher":{"@id":"https:\/\/voltride.com\/et\/#organization"},"alternateName":"Vr","potentialAction":[{"@type":"SearchAction","target":{"@type":"EntryPoint","urlTemplate":"https:\/\/voltride.com\/et\/?s={search_term_string}"},"query-input":{"@type":"PropertyValueSpecification","valueRequired":true,"valueName":"search_term_string"}}],"inLanguage":"et"},{"@type":["Organization","Place"],"@id":"https:\/\/voltride.com\/et\/#organization","name":"Voltride","alternateName":"VR","url":"https:\/\/voltride.com\/et\/","logo":{"@id":"https:\/\/voltride.com\/et\/axa-liigendlukk-lite-code-100\/#local-main-organization-logo"},"image":{"@id":"https:\/\/voltride.com\/et\/axa-liigendlukk-lite-code-100\/#local-main-organization-logo"},"sameAs":["https:\/\/www.facebook.com\/voltridecom\/"],"legalName":"Voltride O\u00dc","numberOfEmployees":{"@type":"QuantitativeValue","minValue":"1","maxValue":"10"},"ownershipFundingInfo":"https:\/\/voltride.com\/about-us\/","hasMerchantReturnPolicy":{"@type":"MerchantReturnPolicy","merchantReturnLink":"https:\/\/voltride.com\/shipping-and-returns\/"},"address":{"@id":"https:\/\/voltride.com\/et\/axa-liigendlukk-lite-code-100\/#local-main-place-address"},"geo":{"@type":"GeoCoordinates","latitude":"59.439554","longitude":"24.726644"},"telephone":["+372 600 40 99"],"contactPoint":{"@type":"ContactPoint","telephone":"+372 600 40 99","email":"info@voltride.com"},"openingHoursSpecification":[{"@type":"OpeningHoursSpecification","dayOfWeek":["Monday","Tuesday","Wednesday","Thursday","Friday"],"opens":"10:00","closes":"18:00"},{"@type":"OpeningHoursSpecification","dayOfWeek":["Saturday","Sunday"],"opens":"00:00","closes":"00:00"}],"email":"info@voltride.com","taxID":"14871968"},{"@type":"PostalAddress","@id":"https:\/\/voltride.com\/et\/axa-liigendlukk-lite-code-100\/#local-main-place-address","streetAddress":"Voltride Telliskivi 57D","addressLocality":"Tallinn","postalCode":"10412","addressRegion":"Tallinn","addressCountry":"EE"},{"@type":"ImageObject","inLanguage":"et","@id":"https:\/\/voltride.com\/et\/axa-liigendlukk-lite-code-100\/#local-main-organization-logo","url":"https:\/\/voltride.com\/wp-content\/uploads\/voltride-logo.png","contentUrl":"https:\/\/voltride.com\/wp-content\/uploads\/voltride-logo.png","width":2481,"height":620,"caption":"Voltride"}]},"product_price_amount":"71.99","product_price_currency":"EUR","og_availability":"out of stock","product_availability":"out of stock","product_retailer_item_id":"AXLK002","product_condition":"new","geo.placename":"Tallinn","geo.position":{"lat":"59.439554","long":"24.726644"},"geo.region":"Estonia"},"_links":{"self":[{"href":"https:\/\/voltride.com\/et\/wp-json\/wp\/v2\/product\/19723","targetHints":{"allow":["GET"]}}],"collection":[{"href":"https:\/\/voltride.com\/et\/wp-json\/wp\/v2\/product"}],"about":[{"href":"https:\/\/voltride.com\/et\/wp-json\/wp\/v2\/types\/product"}],"replies":[{"embeddable":true,"href":"https:\/\/voltride.com\/et\/wp-json\/wp\/v2\/comments?post=19723"}],"wp:featuredmedia":[{"embeddable":true,"href":"https:\/\/voltride.com\/et\/wp-json\/wp\/v2\/media\/20621"}],"wp:attachment":[{"href":"https:\/\/voltride.com\/et\/wp-json\/wp\/v2\/media?parent=19723"}],"wp:term":[{"taxonomy":"product_brand","embeddable":true,"href":"https:\/\/voltride.com\/et\/wp-json\/wp\/v2\/product_brand?post=19723"},{"taxonomy":"product_cat","embeddable":true,"href":"https:\/\/voltride.com\/et\/wp-json\/wp\/v2\/product_cat?post=19723"},{"taxonomy":"product_tag","embeddable":true,"href":"https:\/\/voltride.com\/et\/wp-json\/wp\/v2\/product_tag?post=19723"}],"curies":[{"name":"wp","href":"https:\/\/api.w.org\/{rel}","templated":true}]}}