{"id":19746,"date":"2026-03-26T02:03:17","date_gmt":"2026-03-26T00:03:17","guid":{"rendered":"https:\/\/voltride.com\/kiiver-kali-tremblor-sld\/"},"modified":"2026-03-29T21:34:54","modified_gmt":"2026-03-29T19:34:54","slug":"kiiver-kali-tremblor-sld","status":"publish","type":"product","link":"https:\/\/voltride.com\/et\/kiiver-kali-tremblor-sld\/","title":{"rendered":"Kiiver Kali Tremblor SLD"},"content":{"rendered":"<p data-end=\"1012\" data-start=\"677\" style=\"caret-color: rgb(0, 0, 0); color: rgb(0, 0, 0);\"><strong data-end=\"698\" data-start=\"677\">Kali Tremblor SLD<\/strong>&nbsp;on kiiver ratturitele, kes vajavad maksimaalset kaitset ja mugavust. Vastupidav&nbsp;<strong data-end=\"800\" data-start=\"779\">ABS-v\u00e4limine kest&nbsp;<\/strong>ja&nbsp;<strong data-end=\"820\" data-start=\"804\">EPS-sisekiht<\/strong>&nbsp;tagavad kindla ja kergelt kaalutud konstruktsiooni, mis suudab efektiivselt summutada l\u00f6\u00f6ke.&nbsp;<strong data-end=\"938\" data-start=\"914\">12 ventilatsiooniava<\/strong>&nbsp;\u2013 6 kiivril ja 6 l\u00f5uakatel \u2013 tagavad hea \u00f5huvoolu ka intensiivsel s\u00f5idul.<\/p>\n<p data-end=\"1286\" data-start=\"1014\" style=\"caret-color: rgb(0, 0, 0); color: rgb(0, 0, 0);\">Unikaalseks teeb selle kiivri&nbsp;<strong data-end=\"1091\" data-start=\"1044\">LDL (Low Density Layer) Quadcore geelvooder<\/strong>, mis v\u00e4hendab madala kiirusega p\u00f6\u00f6rdel\u00f6\u00f6kide m\u00f5ju ja vibratsiooni. See lisakiht parandab kaitset v\u00f5rreldes tavaliste EPS-kiivritega, j\u00e4rgides Kali eesm\u00e4rki muuta kiivrite turvalisus kaasaegseks.<\/p>\n<p data-end=\"1312\" data-start=\"1288\" style=\"caret-color: rgb(0, 0, 0); color: rgb(0, 0, 0);\"><strong data-end=\"1312\" data-start=\"1288\">Olulisemad omadused:<\/strong><\/p>\n<ul data-end=\"1433\" data-start=\"1313\" style=\"caret-color: rgb(0, 0, 0); color: rgb(0, 0, 0);\">\n<li data-end=\"1334\" data-start=\"1313\">\n<p data-end=\"1334\" data-start=\"1315\">Eemaldatav visiir<\/p>\n<\/li>\n<li data-end=\"1372\" data-start=\"1335\">\n<p data-end=\"1372\" data-start=\"1337\">Pestavad antibakteriaalsed padjad<\/p>\n<\/li>\n<li data-end=\"1417\" data-start=\"1373\">\n<p data-end=\"1417\" data-start=\"1375\">Sertifikaadid: EN 1078, CPSC, ASTM F1952<\/p>\n<\/li>\n<li data-end=\"1433\" data-start=\"1418\">\n<p data-end=\"1433\" data-start=\"1420\">Kaal: 980 g<\/p>\n<\/li>\n<\/ul>\n<p data-end=\"1656\" data-start=\"1435\" style=\"caret-color: rgb(0, 0, 0); color: rgb(0, 0, 0);\">Saadaval kolmes suuruses:&nbsp;<strong data-end=\"1505\" data-start=\"1461\">S (55\u201356 cm), M (57\u201358 cm), L (59\u201360 cm)<\/strong>.<br data-end=\"1509\" data-start=\"1506\" \/> &nbsp;<\/p>\n","protected":false},"excerpt":{"rendered":"<p>Kali Tremblor SLD&nbsp;on kiiver ratturitele, kes vajavad maksimaalset kaitset ja mugavust. Vastupidav&nbsp;ABS-v\u00e4limine kest&nbsp;ja&nbsp;EPS-sisekiht&nbsp;tagavad kindla ja kergelt kaalutud konstruktsiooni, mis suudab<\/p>\n","protected":false},"featured_media":20644,"comment_status":"open","ping_status":"closed","template":"","meta":[],"product_brand":[],"product_cat":[714],"product_tag":[],"class_list":{"0":"post-19746","1":"product","2":"type-product","3":"status-publish","4":"has-post-thumbnail","6":"product_cat-et-kiivrid","8":"first","9":"outofstock","10":"taxable","11":"shipping-taxable","12":"product-type-variable"},"yoast_head":"<!-- This site is optimized with the Yoast SEO Premium plugin v27.3 (Yoast SEO v27.4) - https:\/\/yoast.com\/product\/yoast-seo-premium-wordpress\/ -->\n<title>Kiiver Kali Tremblor SLD | Voltride<\/title>\n<meta name=\"robots\" content=\"index, follow, max-snippet:-1, max-image-preview:large, max-video-preview:-1\" \/>\n<link rel=\"canonical\" href=\"https:\/\/voltride.com\/et\/kiiver-kali-tremblor-sld\/\" \/>\n<meta property=\"og:locale\" content=\"et_EE\" \/>\n<meta property=\"og:type\" content=\"article\" \/>\n<meta property=\"og:title\" content=\"Kiiver Kali Tremblor SLD | Voltride\" \/>\n<meta property=\"og:description\" content=\"Kali Tremblor SLD&nbsp;on kiiver ratturitele, kes vajavad maksimaalset kaitset ja mugavust. Vastupidav&nbsp;ABS-v\u00e4limine kest&nbsp;ja&nbsp;EPS-sisekiht&nbsp;tagavad kindla ja kergelt kaalutud konstruktsiooni, mis suudab\" \/>\n<meta property=\"og:url\" content=\"https:\/\/voltride.com\/et\/kiiver-kali-tremblor-sld\/\" \/>\n<meta property=\"og:site_name\" content=\"Voltride\" \/>\n<meta property=\"article:publisher\" content=\"https:\/\/www.facebook.com\/voltridecom\/\" \/>\n<meta property=\"article:modified_time\" content=\"2026-03-29T19:34:54+00:00\" \/>\n<meta property=\"og:image\" content=\"https:\/\/voltride.com\/wp-content\/uploads\/2026\/03\/7497-68764d4a66405141368809-helmet-kali-22tremblor-sld22-scaled-2.jpg\" \/>\n\t<meta property=\"og:image:width\" content=\"2560\" \/>\n\t<meta property=\"og:image:height\" content=\"2419\" \/>\n\t<meta property=\"og:image:type\" content=\"image\/jpeg\" \/>\n<meta name=\"twitter:card\" content=\"summary_large_image\" \/>\n<script type=\"application\/ld+json\" class=\"yoast-schema-graph\">{\"@context\":\"https:\\\/\\\/schema.org\",\"@graph\":[{\"@type\":\"WebPage\",\"@id\":\"https:\\\/\\\/voltride.com\\\/et\\\/kiiver-kali-tremblor-sld\\\/\",\"url\":\"https:\\\/\\\/voltride.com\\\/et\\\/kiiver-kali-tremblor-sld\\\/\",\"name\":\"Kiiver Kali Tremblor SLD | Voltride\",\"isPartOf\":{\"@id\":\"https:\\\/\\\/voltride.com\\\/et\\\/#website\"},\"primaryImageOfPage\":{\"@id\":\"https:\\\/\\\/voltride.com\\\/et\\\/kiiver-kali-tremblor-sld\\\/#primaryimage\"},\"image\":{\"@id\":\"https:\\\/\\\/voltride.com\\\/et\\\/kiiver-kali-tremblor-sld\\\/#primaryimage\"},\"thumbnailUrl\":\"https:\\\/\\\/voltride.com\\\/wp-content\\\/uploads\\\/2026\\\/03\\\/7497-68764d4a66405141368809-helmet-kali-22tremblor-sld22-scaled-2.jpg\",\"datePublished\":\"2026-03-26T00:03:17+00:00\",\"dateModified\":\"2026-03-29T19:34:54+00:00\",\"breadcrumb\":{\"@id\":\"https:\\\/\\\/voltride.com\\\/et\\\/kiiver-kali-tremblor-sld\\\/#breadcrumb\"},\"inLanguage\":\"et\",\"potentialAction\":[{\"@type\":\"ReadAction\",\"target\":[\"https:\\\/\\\/voltride.com\\\/et\\\/kiiver-kali-tremblor-sld\\\/\"]}]},{\"@type\":\"ImageObject\",\"inLanguage\":\"et\",\"@id\":\"https:\\\/\\\/voltride.com\\\/et\\\/kiiver-kali-tremblor-sld\\\/#primaryimage\",\"url\":\"https:\\\/\\\/voltride.com\\\/wp-content\\\/uploads\\\/2026\\\/03\\\/7497-68764d4a66405141368809-helmet-kali-22tremblor-sld22-scaled-2.jpg\",\"contentUrl\":\"https:\\\/\\\/voltride.com\\\/wp-content\\\/uploads\\\/2026\\\/03\\\/7497-68764d4a66405141368809-helmet-kali-22tremblor-sld22-scaled-2.jpg\",\"width\":2560,\"height\":2419},{\"@type\":\"BreadcrumbList\",\"@id\":\"https:\\\/\\\/voltride.com\\\/et\\\/kiiver-kali-tremblor-sld\\\/#breadcrumb\",\"itemListElement\":[{\"@type\":\"ListItem\",\"position\":1,\"name\":\"Kodu\",\"item\":\"https:\\\/\\\/voltride.com\\\/et\\\/\"},{\"@type\":\"ListItem\",\"position\":2,\"name\":\"Pood\",\"item\":\"https:\\\/\\\/voltride.com\\\/et\\\/e-pood\\\/\"},{\"@type\":\"ListItem\",\"position\":3,\"name\":\"Lisavarustus\",\"item\":\"https:\\\/\\\/voltride.com\\\/et\\\/lisavarustus\\\/\"},{\"@type\":\"ListItem\",\"position\":4,\"name\":\"Kiivrid\",\"item\":\"https:\\\/\\\/voltride.com\\\/et\\\/et-kiivrid\\\/\"},{\"@type\":\"ListItem\",\"position\":5,\"name\":\"Kiiver Kali Tremblor SLD\"}]},{\"@type\":\"WebSite\",\"@id\":\"https:\\\/\\\/voltride.com\\\/et\\\/#website\",\"url\":\"https:\\\/\\\/voltride.com\\\/et\\\/\",\"name\":\"Voltride\",\"description\":\"Parim elektrirataste elektrit\u00f5ukside ja \u00fcksrataste pood ja remont\",\"publisher\":{\"@id\":\"https:\\\/\\\/voltride.com\\\/et\\\/#organization\"},\"alternateName\":\"Vr\",\"potentialAction\":[{\"@type\":\"SearchAction\",\"target\":{\"@type\":\"EntryPoint\",\"urlTemplate\":\"https:\\\/\\\/voltride.com\\\/et\\\/?s={search_term_string}\"},\"query-input\":{\"@type\":\"PropertyValueSpecification\",\"valueRequired\":true,\"valueName\":\"search_term_string\"}}],\"inLanguage\":\"et\"},{\"@type\":[\"Organization\",\"Place\"],\"@id\":\"https:\\\/\\\/voltride.com\\\/et\\\/#organization\",\"name\":\"Voltride\",\"alternateName\":\"VR\",\"url\":\"https:\\\/\\\/voltride.com\\\/et\\\/\",\"logo\":{\"@id\":\"https:\\\/\\\/voltride.com\\\/et\\\/kiiver-kali-tremblor-sld\\\/#local-main-organization-logo\"},\"image\":{\"@id\":\"https:\\\/\\\/voltride.com\\\/et\\\/kiiver-kali-tremblor-sld\\\/#local-main-organization-logo\"},\"sameAs\":[\"https:\\\/\\\/www.facebook.com\\\/voltridecom\\\/\"],\"legalName\":\"Voltride O\u00dc\",\"numberOfEmployees\":{\"@type\":\"QuantitativeValue\",\"minValue\":\"1\",\"maxValue\":\"10\"},\"ownershipFundingInfo\":\"https:\\\/\\\/voltride.com\\\/about-us\\\/\",\"hasMerchantReturnPolicy\":{\"@type\":\"MerchantReturnPolicy\",\"merchantReturnLink\":\"https:\\\/\\\/voltride.com\\\/shipping-and-returns\\\/\"},\"address\":{\"@id\":\"https:\\\/\\\/voltride.com\\\/et\\\/kiiver-kali-tremblor-sld\\\/#local-main-place-address\"},\"geo\":{\"@type\":\"GeoCoordinates\",\"latitude\":\"59.439554\",\"longitude\":\"24.726644\"},\"telephone\":[\"+372 600 40 99\"],\"contactPoint\":{\"@type\":\"ContactPoint\",\"telephone\":\"+372 600 40 99\",\"email\":\"info@voltride.com\"},\"openingHoursSpecification\":[{\"@type\":\"OpeningHoursSpecification\",\"dayOfWeek\":[\"Monday\",\"Tuesday\",\"Wednesday\",\"Thursday\",\"Friday\"],\"opens\":\"10:00\",\"closes\":\"18:00\"},{\"@type\":\"OpeningHoursSpecification\",\"dayOfWeek\":[\"Saturday\",\"Sunday\"],\"opens\":\"00:00\",\"closes\":\"00:00\"}],\"email\":\"info@voltride.com\",\"taxID\":\"14871968\"},{\"@type\":\"PostalAddress\",\"@id\":\"https:\\\/\\\/voltride.com\\\/et\\\/kiiver-kali-tremblor-sld\\\/#local-main-place-address\",\"streetAddress\":\"Voltride Telliskivi 57D\",\"addressLocality\":\"Tallinn\",\"postalCode\":\"10412\",\"addressRegion\":\"Tallinn\",\"addressCountry\":\"EE\"},{\"@type\":\"ImageObject\",\"inLanguage\":\"et\",\"@id\":\"https:\\\/\\\/voltride.com\\\/et\\\/kiiver-kali-tremblor-sld\\\/#local-main-organization-logo\",\"url\":\"https:\\\/\\\/voltride.com\\\/wp-content\\\/uploads\\\/voltride-logo.png\",\"contentUrl\":\"https:\\\/\\\/voltride.com\\\/wp-content\\\/uploads\\\/voltride-logo.png\",\"width\":2481,\"height\":620,\"caption\":\"Voltride\"}]}<\/script>\n<meta property=\"og:availability\" content=\"out of stock\" \/>\n<meta property=\"product:availability\" content=\"out of stock\" \/>\n<meta property=\"product:retailer_item_id\" content=\"KLHL012\" \/>\n<meta property=\"product:condition\" content=\"new\" \/>\n<meta name=\"geo.placename\" content=\"Tallinn\" \/>\n<meta name=\"geo.position\" content=\"59.439554;24.726644\" \/>\n<meta name=\"geo.region\" content=\"Estonia\" \/>\n<!-- \/ Yoast SEO Premium plugin. -->","yoast_head_json":{"title":"Kiiver Kali Tremblor SLD | Voltride","robots":{"index":"index","follow":"follow","max-snippet":"max-snippet:-1","max-image-preview":"max-image-preview:large","max-video-preview":"max-video-preview:-1"},"canonical":"https:\/\/voltride.com\/et\/kiiver-kali-tremblor-sld\/","og_locale":"et_EE","og_type":"article","og_title":"Kiiver Kali Tremblor SLD | Voltride","og_description":"Kali Tremblor SLD&nbsp;on kiiver ratturitele, kes vajavad maksimaalset kaitset ja mugavust. Vastupidav&nbsp;ABS-v\u00e4limine kest&nbsp;ja&nbsp;EPS-sisekiht&nbsp;tagavad kindla ja kergelt kaalutud konstruktsiooni, mis suudab","og_url":"https:\/\/voltride.com\/et\/kiiver-kali-tremblor-sld\/","og_site_name":"Voltride","article_publisher":"https:\/\/www.facebook.com\/voltridecom\/","article_modified_time":"2026-03-29T19:34:54+00:00","og_image":[{"width":2560,"height":2419,"url":"https:\/\/voltride.com\/wp-content\/uploads\/2026\/03\/7497-68764d4a66405141368809-helmet-kali-22tremblor-sld22-scaled-2.jpg","type":"image\/jpeg"}],"twitter_card":"summary_large_image","schema":{"@context":"https:\/\/schema.org","@graph":[{"@type":"WebPage","@id":"https:\/\/voltride.com\/et\/kiiver-kali-tremblor-sld\/","url":"https:\/\/voltride.com\/et\/kiiver-kali-tremblor-sld\/","name":"Kiiver Kali Tremblor SLD | Voltride","isPartOf":{"@id":"https:\/\/voltride.com\/et\/#website"},"primaryImageOfPage":{"@id":"https:\/\/voltride.com\/et\/kiiver-kali-tremblor-sld\/#primaryimage"},"image":{"@id":"https:\/\/voltride.com\/et\/kiiver-kali-tremblor-sld\/#primaryimage"},"thumbnailUrl":"https:\/\/voltride.com\/wp-content\/uploads\/2026\/03\/7497-68764d4a66405141368809-helmet-kali-22tremblor-sld22-scaled-2.jpg","datePublished":"2026-03-26T00:03:17+00:00","dateModified":"2026-03-29T19:34:54+00:00","breadcrumb":{"@id":"https:\/\/voltride.com\/et\/kiiver-kali-tremblor-sld\/#breadcrumb"},"inLanguage":"et","potentialAction":[{"@type":"ReadAction","target":["https:\/\/voltride.com\/et\/kiiver-kali-tremblor-sld\/"]}]},{"@type":"ImageObject","inLanguage":"et","@id":"https:\/\/voltride.com\/et\/kiiver-kali-tremblor-sld\/#primaryimage","url":"https:\/\/voltride.com\/wp-content\/uploads\/2026\/03\/7497-68764d4a66405141368809-helmet-kali-22tremblor-sld22-scaled-2.jpg","contentUrl":"https:\/\/voltride.com\/wp-content\/uploads\/2026\/03\/7497-68764d4a66405141368809-helmet-kali-22tremblor-sld22-scaled-2.jpg","width":2560,"height":2419},{"@type":"BreadcrumbList","@id":"https:\/\/voltride.com\/et\/kiiver-kali-tremblor-sld\/#breadcrumb","itemListElement":[{"@type":"ListItem","position":1,"name":"Kodu","item":"https:\/\/voltride.com\/et\/"},{"@type":"ListItem","position":2,"name":"Pood","item":"https:\/\/voltride.com\/et\/e-pood\/"},{"@type":"ListItem","position":3,"name":"Lisavarustus","item":"https:\/\/voltride.com\/et\/lisavarustus\/"},{"@type":"ListItem","position":4,"name":"Kiivrid","item":"https:\/\/voltride.com\/et\/et-kiivrid\/"},{"@type":"ListItem","position":5,"name":"Kiiver Kali Tremblor SLD"}]},{"@type":"WebSite","@id":"https:\/\/voltride.com\/et\/#website","url":"https:\/\/voltride.com\/et\/","name":"Voltride","description":"Parim elektrirataste elektrit\u00f5ukside ja \u00fcksrataste pood ja remont","publisher":{"@id":"https:\/\/voltride.com\/et\/#organization"},"alternateName":"Vr","potentialAction":[{"@type":"SearchAction","target":{"@type":"EntryPoint","urlTemplate":"https:\/\/voltride.com\/et\/?s={search_term_string}"},"query-input":{"@type":"PropertyValueSpecification","valueRequired":true,"valueName":"search_term_string"}}],"inLanguage":"et"},{"@type":["Organization","Place"],"@id":"https:\/\/voltride.com\/et\/#organization","name":"Voltride","alternateName":"VR","url":"https:\/\/voltride.com\/et\/","logo":{"@id":"https:\/\/voltride.com\/et\/kiiver-kali-tremblor-sld\/#local-main-organization-logo"},"image":{"@id":"https:\/\/voltride.com\/et\/kiiver-kali-tremblor-sld\/#local-main-organization-logo"},"sameAs":["https:\/\/www.facebook.com\/voltridecom\/"],"legalName":"Voltride O\u00dc","numberOfEmployees":{"@type":"QuantitativeValue","minValue":"1","maxValue":"10"},"ownershipFundingInfo":"https:\/\/voltride.com\/about-us\/","hasMerchantReturnPolicy":{"@type":"MerchantReturnPolicy","merchantReturnLink":"https:\/\/voltride.com\/shipping-and-returns\/"},"address":{"@id":"https:\/\/voltride.com\/et\/kiiver-kali-tremblor-sld\/#local-main-place-address"},"geo":{"@type":"GeoCoordinates","latitude":"59.439554","longitude":"24.726644"},"telephone":["+372 600 40 99"],"contactPoint":{"@type":"ContactPoint","telephone":"+372 600 40 99","email":"info@voltride.com"},"openingHoursSpecification":[{"@type":"OpeningHoursSpecification","dayOfWeek":["Monday","Tuesday","Wednesday","Thursday","Friday"],"opens":"10:00","closes":"18:00"},{"@type":"OpeningHoursSpecification","dayOfWeek":["Saturday","Sunday"],"opens":"00:00","closes":"00:00"}],"email":"info@voltride.com","taxID":"14871968"},{"@type":"PostalAddress","@id":"https:\/\/voltride.com\/et\/kiiver-kali-tremblor-sld\/#local-main-place-address","streetAddress":"Voltride Telliskivi 57D","addressLocality":"Tallinn","postalCode":"10412","addressRegion":"Tallinn","addressCountry":"EE"},{"@type":"ImageObject","inLanguage":"et","@id":"https:\/\/voltride.com\/et\/kiiver-kali-tremblor-sld\/#local-main-organization-logo","url":"https:\/\/voltride.com\/wp-content\/uploads\/voltride-logo.png","contentUrl":"https:\/\/voltride.com\/wp-content\/uploads\/voltride-logo.png","width":2481,"height":620,"caption":"Voltride"}]},"og_availability":"out of stock","product_availability":"out of stock","product_retailer_item_id":"KLHL012","product_condition":"new","geo.placename":"Tallinn","geo.position":{"lat":"59.439554","long":"24.726644"},"geo.region":"Estonia"},"_links":{"self":[{"href":"https:\/\/voltride.com\/et\/wp-json\/wp\/v2\/product\/19746","targetHints":{"allow":["GET"]}}],"collection":[{"href":"https:\/\/voltride.com\/et\/wp-json\/wp\/v2\/product"}],"about":[{"href":"https:\/\/voltride.com\/et\/wp-json\/wp\/v2\/types\/product"}],"replies":[{"embeddable":true,"href":"https:\/\/voltride.com\/et\/wp-json\/wp\/v2\/comments?post=19746"}],"wp:featuredmedia":[{"embeddable":true,"href":"https:\/\/voltride.com\/et\/wp-json\/wp\/v2\/media\/20644"}],"wp:attachment":[{"href":"https:\/\/voltride.com\/et\/wp-json\/wp\/v2\/media?parent=19746"}],"wp:term":[{"taxonomy":"product_brand","embeddable":true,"href":"https:\/\/voltride.com\/et\/wp-json\/wp\/v2\/product_brand?post=19746"},{"taxonomy":"product_cat","embeddable":true,"href":"https:\/\/voltride.com\/et\/wp-json\/wp\/v2\/product_cat?post=19746"},{"taxonomy":"product_tag","embeddable":true,"href":"https:\/\/voltride.com\/et\/wp-json\/wp\/v2\/product_tag?post=19746"}],"curies":[{"name":"wp","href":"https:\/\/api.w.org\/{rel}","templated":true}]}}