{"id":19757,"date":"2026-03-26T02:04:44","date_gmt":"2026-03-26T00:04:44","guid":{"rendered":"https:\/\/voltride.com\/begode-gotway-hexa-pedaalid\/"},"modified":"2026-03-29T21:34:55","modified_gmt":"2026-03-29T19:34:55","slug":"begode-gotway-hexa-pedaalid","status":"publish","type":"product","link":"https:\/\/voltride.com\/et\/begode-gotway-hexa-pedaalid\/","title":{"rendered":"Begode Gotway Hexa pedaalid"},"content":{"rendered":"<h2>Gotway Hexa pedaalid j\u00f5uavad meile jaanuari kuu jooksul. Et toodet esimeste seas k\u00e4tte saada, broneeri see juba siinsamas!<\/h2>\n<p>Kes elektilise \u00fcksrattaga on s\u00f5itnud, teab et pedaali grip, suurus, kuju ja asend on s\u00f5itmise turvalisuse ja ratta juhitavuse kohalt v\u00e4ga oluline faktor. Just antud fakt on inspireerinud Begodet (endine Gotway) tootma t\u00e4iesti uut t\u00fc\u00fcpi kerg-alumiiniumist k\u00e4rg-pedaale. Uued pedaalid on freesitud alumiiniumist, aukudega, et v\u00e4hendada kaalu ja hoida j\u00e4ikust. Aukudest vajub l\u00e4bi ka pedaalidele sattuv liiv v\u00f5i muda, et see jalge alla j\u00e4\u00e4des s\u00f5itu ei h\u00e4iriks. Et parandada haarduvust, on pealispinnale lisatud v\u00e4iksed kruvid, mille k\u00fclge jalan\u00f5ude tald h\u00e4sti haakub ja jalga libisema ei lase.<\/p>\n<p>Uued Hexa pedaalid on ka 57mm pikemad ning 3mm laiemad, kui originaal Begode pedaalid. Suurema jalaga inimestele on see suur abi, sest originaalpedaalidele ei mahtunud jalad kuidagi \u00e4ra. \u00dcheks t\u00e4htsaks erisuseks originaal ning uute Hexa pedaalide vahel on ka asjaolu, et uute pedaalide kaldenurk on reguleeritav. Selleks on pedaalide rattapoolses k\u00fcljes 2 kruvi, mida saab vastavalt soovile sisse v\u00f5i v\u00e4lja keerata. Hexa pedaalide kaaluks on 1,8kg.<\/p>\n<p>Soovitada v\u00f5ib uus Hexa pedaale kindlasti suurema jalanumbriga inimestele ja ka neile, kel aktiivsem s\u00f5idustiil v\u00f5i soov ka lume ja halvema ilmaga s\u00f5itu j\u00e4tkata.<\/p>\n<p>Hexa pedaalid sobituvad j\u00e4rgmistele \u00fcksratastele: Gotway MSuperPro, RS, Ex, Monster Pro ja Veteran Sherman.<\/p>\n","protected":false},"excerpt":{"rendered":"<p>Gotway Hexa pedaalid j\u00f5uavad meile jaanuari kuu jooksul. Et toodet esimeste seas k\u00e4tte saada, broneeri see juba siinsamas! Kes elektilise<\/p>\n","protected":false},"featured_media":23896,"comment_status":"open","ping_status":"closed","template":"","meta":[],"product_brand":[],"product_cat":[1823],"product_tag":[],"class_list":{"0":"post-19757","1":"product","2":"type-product","3":"status-publish","4":"has-post-thumbnail","6":"product_cat-lisavarustuse-pedaalid","8":"first","9":"instock","10":"taxable","11":"shipping-taxable","12":"purchasable","13":"product-type-simple"},"yoast_head":"<!-- This site is optimized with the Yoast SEO Premium plugin v27.3 (Yoast SEO v27.4) - https:\/\/yoast.com\/product\/yoast-seo-premium-wordpress\/ -->\n<title>Begode Gotway Hexa pedaalid | Voltride<\/title>\n<meta name=\"robots\" content=\"index, follow, max-snippet:-1, max-image-preview:large, max-video-preview:-1\" \/>\n<link rel=\"canonical\" href=\"https:\/\/voltride.com\/et\/begode-gotway-hexa-pedaalid\/\" \/>\n<meta property=\"og:locale\" content=\"et_EE\" \/>\n<meta property=\"og:type\" content=\"article\" \/>\n<meta property=\"og:title\" content=\"Begode Gotway Hexa pedaalid | Voltride\" \/>\n<meta property=\"og:description\" content=\"Gotway Hexa pedaalid j\u00f5uavad meile jaanuari kuu jooksul. Et toodet esimeste seas k\u00e4tte saada, broneeri see juba siinsamas! Kes elektilise\" \/>\n<meta property=\"og:url\" content=\"https:\/\/voltride.com\/et\/begode-gotway-hexa-pedaalid\/\" \/>\n<meta property=\"og:site_name\" content=\"Voltride\" \/>\n<meta property=\"article:publisher\" content=\"https:\/\/www.facebook.com\/voltridecom\/\" \/>\n<meta property=\"article:modified_time\" content=\"2026-03-29T19:34:55+00:00\" \/>\n<meta property=\"og:image\" content=\"https:\/\/voltride.com\/wp-content\/uploads\/2026\/03\/owgw-001-1.jpg\" \/>\n\t<meta property=\"og:image:width\" content=\"640\" \/>\n\t<meta property=\"og:image:height\" content=\"853\" \/>\n\t<meta property=\"og:image:type\" content=\"image\/jpeg\" \/>\n<meta name=\"twitter:card\" content=\"summary_large_image\" \/>\n<script type=\"application\/ld+json\" class=\"yoast-schema-graph\">{\"@context\":\"https:\\\/\\\/schema.org\",\"@graph\":[{\"@type\":\"WebPage\",\"@id\":\"https:\\\/\\\/voltride.com\\\/et\\\/begode-gotway-hexa-pedaalid\\\/\",\"url\":\"https:\\\/\\\/voltride.com\\\/et\\\/begode-gotway-hexa-pedaalid\\\/\",\"name\":\"Begode Gotway Hexa pedaalid | Voltride\",\"isPartOf\":{\"@id\":\"https:\\\/\\\/voltride.com\\\/et\\\/#website\"},\"primaryImageOfPage\":{\"@id\":\"https:\\\/\\\/voltride.com\\\/et\\\/begode-gotway-hexa-pedaalid\\\/#primaryimage\"},\"image\":{\"@id\":\"https:\\\/\\\/voltride.com\\\/et\\\/begode-gotway-hexa-pedaalid\\\/#primaryimage\"},\"thumbnailUrl\":\"https:\\\/\\\/voltride.com\\\/wp-content\\\/uploads\\\/2026\\\/03\\\/owgw-001-1.jpg\",\"datePublished\":\"2026-03-26T00:04:44+00:00\",\"dateModified\":\"2026-03-29T19:34:55+00:00\",\"breadcrumb\":{\"@id\":\"https:\\\/\\\/voltride.com\\\/et\\\/begode-gotway-hexa-pedaalid\\\/#breadcrumb\"},\"inLanguage\":\"et\",\"potentialAction\":[{\"@type\":\"ReadAction\",\"target\":[\"https:\\\/\\\/voltride.com\\\/et\\\/begode-gotway-hexa-pedaalid\\\/\"]}]},{\"@type\":\"ImageObject\",\"inLanguage\":\"et\",\"@id\":\"https:\\\/\\\/voltride.com\\\/et\\\/begode-gotway-hexa-pedaalid\\\/#primaryimage\",\"url\":\"https:\\\/\\\/voltride.com\\\/wp-content\\\/uploads\\\/2026\\\/03\\\/owgw-001-1.jpg\",\"contentUrl\":\"https:\\\/\\\/voltride.com\\\/wp-content\\\/uploads\\\/2026\\\/03\\\/owgw-001-1.jpg\",\"width\":640,\"height\":853},{\"@type\":\"BreadcrumbList\",\"@id\":\"https:\\\/\\\/voltride.com\\\/et\\\/begode-gotway-hexa-pedaalid\\\/#breadcrumb\",\"itemListElement\":[{\"@type\":\"ListItem\",\"position\":1,\"name\":\"Kodu\",\"item\":\"https:\\\/\\\/voltride.com\\\/et\\\/\"},{\"@type\":\"ListItem\",\"position\":2,\"name\":\"Pood\",\"item\":\"https:\\\/\\\/voltride.com\\\/et\\\/e-pood\\\/\"},{\"@type\":\"ListItem\",\"position\":3,\"name\":\"Lisavarustus\",\"item\":\"https:\\\/\\\/voltride.com\\\/et\\\/lisavarustus\\\/\"},{\"@type\":\"ListItem\",\"position\":4,\"name\":\"Pedaalid\",\"item\":\"https:\\\/\\\/voltride.com\\\/et\\\/lisavarustuse-pedaalid\\\/\"},{\"@type\":\"ListItem\",\"position\":5,\"name\":\"Begode Gotway Hexa pedaalid\"}]},{\"@type\":\"WebSite\",\"@id\":\"https:\\\/\\\/voltride.com\\\/et\\\/#website\",\"url\":\"https:\\\/\\\/voltride.com\\\/et\\\/\",\"name\":\"Voltride\",\"description\":\"Parim elektrirataste elektrit\u00f5ukside ja \u00fcksrataste pood ja remont\",\"publisher\":{\"@id\":\"https:\\\/\\\/voltride.com\\\/et\\\/#organization\"},\"alternateName\":\"Vr\",\"potentialAction\":[{\"@type\":\"SearchAction\",\"target\":{\"@type\":\"EntryPoint\",\"urlTemplate\":\"https:\\\/\\\/voltride.com\\\/et\\\/?s={search_term_string}\"},\"query-input\":{\"@type\":\"PropertyValueSpecification\",\"valueRequired\":true,\"valueName\":\"search_term_string\"}}],\"inLanguage\":\"et\"},{\"@type\":[\"Organization\",\"Place\"],\"@id\":\"https:\\\/\\\/voltride.com\\\/et\\\/#organization\",\"name\":\"Voltride\",\"alternateName\":\"VR\",\"url\":\"https:\\\/\\\/voltride.com\\\/et\\\/\",\"logo\":{\"@id\":\"https:\\\/\\\/voltride.com\\\/et\\\/begode-gotway-hexa-pedaalid\\\/#local-main-organization-logo\"},\"image\":{\"@id\":\"https:\\\/\\\/voltride.com\\\/et\\\/begode-gotway-hexa-pedaalid\\\/#local-main-organization-logo\"},\"sameAs\":[\"https:\\\/\\\/www.facebook.com\\\/voltridecom\\\/\"],\"legalName\":\"Voltride O\u00dc\",\"numberOfEmployees\":{\"@type\":\"QuantitativeValue\",\"minValue\":\"1\",\"maxValue\":\"10\"},\"ownershipFundingInfo\":\"https:\\\/\\\/voltride.com\\\/about-us\\\/\",\"hasMerchantReturnPolicy\":{\"@type\":\"MerchantReturnPolicy\",\"merchantReturnLink\":\"https:\\\/\\\/voltride.com\\\/shipping-and-returns\\\/\"},\"address\":{\"@id\":\"https:\\\/\\\/voltride.com\\\/et\\\/begode-gotway-hexa-pedaalid\\\/#local-main-place-address\"},\"geo\":{\"@type\":\"GeoCoordinates\",\"latitude\":\"59.439554\",\"longitude\":\"24.726644\"},\"telephone\":[\"+372 600 40 99\"],\"contactPoint\":{\"@type\":\"ContactPoint\",\"telephone\":\"+372 600 40 99\",\"email\":\"info@voltride.com\"},\"openingHoursSpecification\":[{\"@type\":\"OpeningHoursSpecification\",\"dayOfWeek\":[\"Monday\",\"Tuesday\",\"Wednesday\",\"Thursday\",\"Friday\"],\"opens\":\"10:00\",\"closes\":\"18:00\"},{\"@type\":\"OpeningHoursSpecification\",\"dayOfWeek\":[\"Saturday\",\"Sunday\"],\"opens\":\"00:00\",\"closes\":\"00:00\"}],\"email\":\"info@voltride.com\",\"taxID\":\"14871968\"},{\"@type\":\"PostalAddress\",\"@id\":\"https:\\\/\\\/voltride.com\\\/et\\\/begode-gotway-hexa-pedaalid\\\/#local-main-place-address\",\"streetAddress\":\"Voltride Telliskivi 57D\",\"addressLocality\":\"Tallinn\",\"postalCode\":\"10412\",\"addressRegion\":\"Tallinn\",\"addressCountry\":\"EE\"},{\"@type\":\"ImageObject\",\"inLanguage\":\"et\",\"@id\":\"https:\\\/\\\/voltride.com\\\/et\\\/begode-gotway-hexa-pedaalid\\\/#local-main-organization-logo\",\"url\":\"https:\\\/\\\/voltride.com\\\/wp-content\\\/uploads\\\/voltride-logo.png\",\"contentUrl\":\"https:\\\/\\\/voltride.com\\\/wp-content\\\/uploads\\\/voltride-logo.png\",\"width\":2481,\"height\":620,\"caption\":\"Voltride\"}]}<\/script>\n<meta property=\"product:price:amount\" content=\"263.99\" \/>\n<meta property=\"product:price:currency\" content=\"EUR\" \/>\n<meta property=\"og:availability\" content=\"instock\" \/>\n<meta property=\"product:availability\" content=\"instock\" \/>\n<meta property=\"product:retailer_item_id\" content=\"OWGW001\" \/>\n<meta property=\"product:condition\" content=\"new\" \/>\n<meta name=\"geo.placename\" content=\"Tallinn\" \/>\n<meta name=\"geo.position\" content=\"59.439554;24.726644\" \/>\n<meta name=\"geo.region\" content=\"Estonia\" \/>\n<!-- \/ Yoast SEO Premium plugin. -->","yoast_head_json":{"title":"Begode Gotway Hexa pedaalid | Voltride","robots":{"index":"index","follow":"follow","max-snippet":"max-snippet:-1","max-image-preview":"max-image-preview:large","max-video-preview":"max-video-preview:-1"},"canonical":"https:\/\/voltride.com\/et\/begode-gotway-hexa-pedaalid\/","og_locale":"et_EE","og_type":"article","og_title":"Begode Gotway Hexa pedaalid | Voltride","og_description":"Gotway Hexa pedaalid j\u00f5uavad meile jaanuari kuu jooksul. Et toodet esimeste seas k\u00e4tte saada, broneeri see juba siinsamas! Kes elektilise","og_url":"https:\/\/voltride.com\/et\/begode-gotway-hexa-pedaalid\/","og_site_name":"Voltride","article_publisher":"https:\/\/www.facebook.com\/voltridecom\/","article_modified_time":"2026-03-29T19:34:55+00:00","og_image":[{"width":640,"height":853,"url":"https:\/\/voltride.com\/wp-content\/uploads\/2026\/03\/owgw-001-1.jpg","type":"image\/jpeg"}],"twitter_card":"summary_large_image","schema":{"@context":"https:\/\/schema.org","@graph":[{"@type":"WebPage","@id":"https:\/\/voltride.com\/et\/begode-gotway-hexa-pedaalid\/","url":"https:\/\/voltride.com\/et\/begode-gotway-hexa-pedaalid\/","name":"Begode Gotway Hexa pedaalid | Voltride","isPartOf":{"@id":"https:\/\/voltride.com\/et\/#website"},"primaryImageOfPage":{"@id":"https:\/\/voltride.com\/et\/begode-gotway-hexa-pedaalid\/#primaryimage"},"image":{"@id":"https:\/\/voltride.com\/et\/begode-gotway-hexa-pedaalid\/#primaryimage"},"thumbnailUrl":"https:\/\/voltride.com\/wp-content\/uploads\/2026\/03\/owgw-001-1.jpg","datePublished":"2026-03-26T00:04:44+00:00","dateModified":"2026-03-29T19:34:55+00:00","breadcrumb":{"@id":"https:\/\/voltride.com\/et\/begode-gotway-hexa-pedaalid\/#breadcrumb"},"inLanguage":"et","potentialAction":[{"@type":"ReadAction","target":["https:\/\/voltride.com\/et\/begode-gotway-hexa-pedaalid\/"]}]},{"@type":"ImageObject","inLanguage":"et","@id":"https:\/\/voltride.com\/et\/begode-gotway-hexa-pedaalid\/#primaryimage","url":"https:\/\/voltride.com\/wp-content\/uploads\/2026\/03\/owgw-001-1.jpg","contentUrl":"https:\/\/voltride.com\/wp-content\/uploads\/2026\/03\/owgw-001-1.jpg","width":640,"height":853},{"@type":"BreadcrumbList","@id":"https:\/\/voltride.com\/et\/begode-gotway-hexa-pedaalid\/#breadcrumb","itemListElement":[{"@type":"ListItem","position":1,"name":"Kodu","item":"https:\/\/voltride.com\/et\/"},{"@type":"ListItem","position":2,"name":"Pood","item":"https:\/\/voltride.com\/et\/e-pood\/"},{"@type":"ListItem","position":3,"name":"Lisavarustus","item":"https:\/\/voltride.com\/et\/lisavarustus\/"},{"@type":"ListItem","position":4,"name":"Pedaalid","item":"https:\/\/voltride.com\/et\/lisavarustuse-pedaalid\/"},{"@type":"ListItem","position":5,"name":"Begode Gotway Hexa pedaalid"}]},{"@type":"WebSite","@id":"https:\/\/voltride.com\/et\/#website","url":"https:\/\/voltride.com\/et\/","name":"Voltride","description":"Parim elektrirataste elektrit\u00f5ukside ja \u00fcksrataste pood ja remont","publisher":{"@id":"https:\/\/voltride.com\/et\/#organization"},"alternateName":"Vr","potentialAction":[{"@type":"SearchAction","target":{"@type":"EntryPoint","urlTemplate":"https:\/\/voltride.com\/et\/?s={search_term_string}"},"query-input":{"@type":"PropertyValueSpecification","valueRequired":true,"valueName":"search_term_string"}}],"inLanguage":"et"},{"@type":["Organization","Place"],"@id":"https:\/\/voltride.com\/et\/#organization","name":"Voltride","alternateName":"VR","url":"https:\/\/voltride.com\/et\/","logo":{"@id":"https:\/\/voltride.com\/et\/begode-gotway-hexa-pedaalid\/#local-main-organization-logo"},"image":{"@id":"https:\/\/voltride.com\/et\/begode-gotway-hexa-pedaalid\/#local-main-organization-logo"},"sameAs":["https:\/\/www.facebook.com\/voltridecom\/"],"legalName":"Voltride O\u00dc","numberOfEmployees":{"@type":"QuantitativeValue","minValue":"1","maxValue":"10"},"ownershipFundingInfo":"https:\/\/voltride.com\/about-us\/","hasMerchantReturnPolicy":{"@type":"MerchantReturnPolicy","merchantReturnLink":"https:\/\/voltride.com\/shipping-and-returns\/"},"address":{"@id":"https:\/\/voltride.com\/et\/begode-gotway-hexa-pedaalid\/#local-main-place-address"},"geo":{"@type":"GeoCoordinates","latitude":"59.439554","longitude":"24.726644"},"telephone":["+372 600 40 99"],"contactPoint":{"@type":"ContactPoint","telephone":"+372 600 40 99","email":"info@voltride.com"},"openingHoursSpecification":[{"@type":"OpeningHoursSpecification","dayOfWeek":["Monday","Tuesday","Wednesday","Thursday","Friday"],"opens":"10:00","closes":"18:00"},{"@type":"OpeningHoursSpecification","dayOfWeek":["Saturday","Sunday"],"opens":"00:00","closes":"00:00"}],"email":"info@voltride.com","taxID":"14871968"},{"@type":"PostalAddress","@id":"https:\/\/voltride.com\/et\/begode-gotway-hexa-pedaalid\/#local-main-place-address","streetAddress":"Voltride Telliskivi 57D","addressLocality":"Tallinn","postalCode":"10412","addressRegion":"Tallinn","addressCountry":"EE"},{"@type":"ImageObject","inLanguage":"et","@id":"https:\/\/voltride.com\/et\/begode-gotway-hexa-pedaalid\/#local-main-organization-logo","url":"https:\/\/voltride.com\/wp-content\/uploads\/voltride-logo.png","contentUrl":"https:\/\/voltride.com\/wp-content\/uploads\/voltride-logo.png","width":2481,"height":620,"caption":"Voltride"}]},"product_price_amount":"263.99","product_price_currency":"EUR","og_availability":"instock","product_availability":"instock","product_retailer_item_id":"OWGW001","product_condition":"new","geo.placename":"Tallinn","geo.position":{"lat":"59.439554","long":"24.726644"},"geo.region":"Estonia"},"_links":{"self":[{"href":"https:\/\/voltride.com\/et\/wp-json\/wp\/v2\/product\/19757","targetHints":{"allow":["GET"]}}],"collection":[{"href":"https:\/\/voltride.com\/et\/wp-json\/wp\/v2\/product"}],"about":[{"href":"https:\/\/voltride.com\/et\/wp-json\/wp\/v2\/types\/product"}],"replies":[{"embeddable":true,"href":"https:\/\/voltride.com\/et\/wp-json\/wp\/v2\/comments?post=19757"}],"wp:featuredmedia":[{"embeddable":true,"href":"https:\/\/voltride.com\/et\/wp-json\/wp\/v2\/media\/23896"}],"wp:attachment":[{"href":"https:\/\/voltride.com\/et\/wp-json\/wp\/v2\/media?parent=19757"}],"wp:term":[{"taxonomy":"product_brand","embeddable":true,"href":"https:\/\/voltride.com\/et\/wp-json\/wp\/v2\/product_brand?post=19757"},{"taxonomy":"product_cat","embeddable":true,"href":"https:\/\/voltride.com\/et\/wp-json\/wp\/v2\/product_cat?post=19757"},{"taxonomy":"product_tag","embeddable":true,"href":"https:\/\/voltride.com\/et\/wp-json\/wp\/v2\/product_tag?post=19757"}],"curies":[{"name":"wp","href":"https:\/\/api.w.org\/{rel}","templated":true}]}}