{"id":19790,"date":"2026-03-26T02:09:01","date_gmt":"2026-03-26T00:09:01","guid":{"rendered":"https:\/\/voltride.com\/kinnas-kali-mission-l\/"},"modified":"2026-05-06T09:32:22","modified_gmt":"2026-05-06T07:32:22","slug":"kinnas-kali-mission-l","status":"publish","type":"product","link":"https:\/\/voltride.com\/et\/kinnas-kali-mission-l\/","title":{"rendered":"Kinnas Kali Mission L"},"content":{"rendered":"<h2 data-end=\"419\" data-start=\"142\" style=\"caret-color: rgb(0, 0, 0); color: rgb(0, 0, 0);\"><strong data-end=\"180\" data-start=\"157\">Kali Mission kindad<\/strong><\/h2>\n<p data-end=\"419\" data-start=\"142\" style=\"caret-color: rgb(0, 0, 0); color: rgb(0, 0, 0);\">Kali Mission kindad on \u00fclikerged rattakindad, mis on loodud pakkuma mugavust, vastupidavust ja suurep\u00e4rast juhtrauakontrolli. Mikrofiiberpeopesa ja hingav neljasuunaline spandex tagak\u00fcljel annavad loomuliku ja otsese tunde s\u00f5idu ajal.<\/p>\n<p data-end=\"771\" data-start=\"421\" style=\"caret-color: rgb(0, 0, 0); color: rgb(0, 0, 0);\">Tugevdatud \u00f5mblused tagavad kestvuse ja perforeeritud peopesa hea ventilatsiooni, hoides k\u00e4ed jahedad ka pikematel s\u00f5itudel. Elastne kummipael tagab kindla istuvuse, imav mikrofiiberp\u00f6ial lisab praktilisust. T\u00e4nap\u00e4eva s\u00f5itjate jaoks on kindad ka puuteekraaniga \u00fchilduvad \u2013 nimetiss\u00f5rme ja keskmise s\u00f5rme silikoontr\u00fckiga lisahaarde ja t\u00e4psuse jaoks.<\/p>\n<h4 data-end=\"792\" data-start=\"773\" style=\"caret-color: rgb(0, 0, 0); color: rgb(0, 0, 0);\"><strong data-end=\"790\" data-start=\"773\">P\u00f5hiomadused:<\/strong><\/h4>\n<ul data-end=\"1129\" data-start=\"793\" style=\"caret-color: rgb(0, 0, 0); color: rgb(0, 0, 0);\">\n<li data-end=\"817\" data-start=\"793\">\n<h4 data-end=\"817\" data-start=\"795\">Peopesa: mikrofiiber<\/h4>\n<\/li>\n<li data-end=\"860\" data-start=\"818\">\n<p data-end=\"860\" data-start=\"820\">Tagak\u00fclg: neljasuunaline veniv spandex<\/p>\n<\/li>\n<li data-end=\"883\" data-start=\"861\">\n<p data-end=\"883\" data-start=\"863\">Kerged ja hingavad<\/p>\n<\/li>\n<li data-end=\"927\" data-start=\"884\">\n<p data-end=\"927\" data-start=\"886\">Tugevdatud \u00f5mblused vastupidavuse jaoks<\/p>\n<\/li>\n<li data-end=\"970\" data-start=\"928\">\n<p data-end=\"970\" data-start=\"930\">Perforeeritud peopesa ventilatsiooniks<\/p>\n<\/li>\n<li data-end=\"996\" data-start=\"971\">\n<p data-end=\"996\" data-start=\"973\">Imav mikrofiiberp\u00f6ial<\/p>\n<\/li>\n<li data-end=\"1025\" data-start=\"997\">\n<p data-end=\"1025\" data-start=\"999\">Puuteekraaniga \u00fchilduvad<\/p>\n<\/li>\n<li data-end=\"1085\" data-start=\"1026\">\n<p data-end=\"1085\" data-start=\"1028\">Silikoontr\u00fckk nimetis- ja keskmisel s\u00f5rmel haarde jaoks<\/p>\n<\/li>\n<li data-end=\"1107\" data-start=\"1086\">\n<p data-end=\"1107\" data-start=\"1088\">Elastne kummipael<\/p>\n<\/li>\n<li data-end=\"1129\" data-start=\"1108\">\n<p data-end=\"1129\" data-start=\"1110\">Hooldus: k\u00e4sipesu<\/p>\n<\/li>\n<\/ul>\n<p data-end=\"1244\" data-start=\"1131\" style=\"caret-color: rgb(0, 0, 0); color: rgb(0, 0, 0);\">Funktsionaalsed ja mugavad kindad ratturitele, kes hindavad kergust, haarduvust ja kogu p\u00e4eva kestvat j\u00f5udlust.<\/p>\n","protected":false},"excerpt":{"rendered":"<p>Kali Mission kindad Kali Mission kindad on \u00fclikerged rattakindad, mis on loodud pakkuma mugavust, vastupidavust ja suurep\u00e4rast juhtrauakontrolli. Mikrofiiberpeopesa ja<\/p>\n","protected":false},"featured_media":20686,"comment_status":"open","ping_status":"closed","template":"","meta":[],"product_brand":[],"product_cat":[753],"product_tag":[],"class_list":{"0":"post-19790","1":"product","2":"type-product","3":"status-publish","4":"has-post-thumbnail","6":"product_cat-kaitsevarustus-soitjale","8":"first","9":"outofstock","10":"taxable","11":"shipping-taxable","12":"purchasable","13":"product-type-simple"},"yoast_head":"<!-- This site is optimized with the Yoast SEO Premium plugin v27.3 (Yoast SEO v27.5) - https:\/\/yoast.com\/product\/yoast-seo-premium-wordpress\/ -->\n<title>Kinnas Kali Mission L | Voltride<\/title>\n<meta name=\"robots\" content=\"index, follow, max-snippet:-1, max-image-preview:large, max-video-preview:-1\" \/>\n<link rel=\"canonical\" href=\"https:\/\/voltride.com\/et\/kinnas-kali-mission-l\/\" \/>\n<meta property=\"og:locale\" content=\"et_EE\" \/>\n<meta property=\"og:type\" content=\"article\" \/>\n<meta property=\"og:title\" content=\"Kinnas Kali Mission L | Voltride\" \/>\n<meta property=\"og:description\" content=\"Kali Mission kindad Kali Mission kindad on \u00fclikerged rattakindad, mis on loodud pakkuma mugavust, vastupidavust ja suurep\u00e4rast juhtrauakontrolli. Mikrofiiberpeopesa ja\" \/>\n<meta property=\"og:url\" content=\"https:\/\/voltride.com\/et\/kinnas-kali-mission-l\/\" \/>\n<meta property=\"og:site_name\" content=\"Voltride\" \/>\n<meta property=\"article:publisher\" content=\"https:\/\/www.facebook.com\/voltridecom\/\" \/>\n<meta property=\"article:modified_time\" content=\"2026-05-06T07:32:22+00:00\" \/>\n<meta property=\"og:image\" content=\"https:\/\/voltride.com\/wp-content\/uploads\/2026\/03\/3518-68ad69e93d3d0219764852-screenshot-2025-08-26-at-110125-1.png\" \/>\n\t<meta property=\"og:image:width\" content=\"1376\" \/>\n\t<meta property=\"og:image:height\" content=\"1244\" \/>\n\t<meta property=\"og:image:type\" content=\"image\/png\" \/>\n<meta name=\"twitter:card\" content=\"summary_large_image\" \/>\n<script type=\"application\/ld+json\" class=\"yoast-schema-graph\">{\"@context\":\"https:\\\/\\\/schema.org\",\"@graph\":[{\"@type\":\"WebPage\",\"@id\":\"https:\\\/\\\/voltride.com\\\/et\\\/kinnas-kali-mission-l\\\/\",\"url\":\"https:\\\/\\\/voltride.com\\\/et\\\/kinnas-kali-mission-l\\\/\",\"name\":\"Kinnas Kali Mission L | Voltride\",\"isPartOf\":{\"@id\":\"https:\\\/\\\/voltride.com\\\/et\\\/#website\"},\"primaryImageOfPage\":{\"@id\":\"https:\\\/\\\/voltride.com\\\/et\\\/kinnas-kali-mission-l\\\/#primaryimage\"},\"image\":{\"@id\":\"https:\\\/\\\/voltride.com\\\/et\\\/kinnas-kali-mission-l\\\/#primaryimage\"},\"thumbnailUrl\":\"https:\\\/\\\/voltride.com\\\/wp-content\\\/uploads\\\/2026\\\/03\\\/3518-68ad69e93d3d0219764852-screenshot-2025-08-26-at-110125-1.png\",\"datePublished\":\"2026-03-26T00:09:01+00:00\",\"dateModified\":\"2026-05-06T07:32:22+00:00\",\"breadcrumb\":{\"@id\":\"https:\\\/\\\/voltride.com\\\/et\\\/kinnas-kali-mission-l\\\/#breadcrumb\"},\"inLanguage\":\"et\",\"potentialAction\":[{\"@type\":\"ReadAction\",\"target\":[\"https:\\\/\\\/voltride.com\\\/et\\\/kinnas-kali-mission-l\\\/\"]}]},{\"@type\":\"ImageObject\",\"inLanguage\":\"et\",\"@id\":\"https:\\\/\\\/voltride.com\\\/et\\\/kinnas-kali-mission-l\\\/#primaryimage\",\"url\":\"https:\\\/\\\/voltride.com\\\/wp-content\\\/uploads\\\/2026\\\/03\\\/3518-68ad69e93d3d0219764852-screenshot-2025-08-26-at-110125-1.png\",\"contentUrl\":\"https:\\\/\\\/voltride.com\\\/wp-content\\\/uploads\\\/2026\\\/03\\\/3518-68ad69e93d3d0219764852-screenshot-2025-08-26-at-110125-1.png\",\"width\":1376,\"height\":1244},{\"@type\":\"BreadcrumbList\",\"@id\":\"https:\\\/\\\/voltride.com\\\/et\\\/kinnas-kali-mission-l\\\/#breadcrumb\",\"itemListElement\":[{\"@type\":\"ListItem\",\"position\":1,\"name\":\"Kodu\",\"item\":\"https:\\\/\\\/voltride.com\\\/et\\\/\"},{\"@type\":\"ListItem\",\"position\":2,\"name\":\"Pood\",\"item\":\"https:\\\/\\\/voltride.com\\\/et\\\/e-pood\\\/\"},{\"@type\":\"ListItem\",\"position\":3,\"name\":\"Lisavarustus\",\"item\":\"https:\\\/\\\/voltride.com\\\/et\\\/lisavarustus\\\/\"},{\"@type\":\"ListItem\",\"position\":4,\"name\":\"Kaitsevarustus s\u00f5itjale\",\"item\":\"https:\\\/\\\/voltride.com\\\/et\\\/kaitsevarustus-soitjale\\\/\"},{\"@type\":\"ListItem\",\"position\":5,\"name\":\"Kinnas Kali Mission L\"}]},{\"@type\":\"WebSite\",\"@id\":\"https:\\\/\\\/voltride.com\\\/et\\\/#website\",\"url\":\"https:\\\/\\\/voltride.com\\\/et\\\/\",\"name\":\"Voltride\",\"description\":\"Parim elektrirataste elektrit\u00f5ukside ja \u00fcksrataste pood ja remont\",\"publisher\":{\"@id\":\"https:\\\/\\\/voltride.com\\\/et\\\/#organization\"},\"alternateName\":\"Vr\",\"potentialAction\":[{\"@type\":\"SearchAction\",\"target\":{\"@type\":\"EntryPoint\",\"urlTemplate\":\"https:\\\/\\\/voltride.com\\\/et\\\/?s={search_term_string}\"},\"query-input\":{\"@type\":\"PropertyValueSpecification\",\"valueRequired\":true,\"valueName\":\"search_term_string\"}}],\"inLanguage\":\"et\"},{\"@type\":[\"Organization\",\"Place\"],\"@id\":\"https:\\\/\\\/voltride.com\\\/et\\\/#organization\",\"name\":\"Voltride\",\"alternateName\":\"VR\",\"url\":\"https:\\\/\\\/voltride.com\\\/et\\\/\",\"logo\":{\"@id\":\"https:\\\/\\\/voltride.com\\\/et\\\/kinnas-kali-mission-l\\\/#local-main-organization-logo\"},\"image\":{\"@id\":\"https:\\\/\\\/voltride.com\\\/et\\\/kinnas-kali-mission-l\\\/#local-main-organization-logo\"},\"sameAs\":[\"https:\\\/\\\/www.facebook.com\\\/voltridecom\\\/\"],\"legalName\":\"Voltride O\u00dc\",\"numberOfEmployees\":{\"@type\":\"QuantitativeValue\",\"minValue\":\"1\",\"maxValue\":\"10\"},\"ownershipFundingInfo\":\"https:\\\/\\\/voltride.com\\\/about-us\\\/\",\"hasMerchantReturnPolicy\":{\"@type\":\"MerchantReturnPolicy\",\"merchantReturnLink\":\"https:\\\/\\\/voltride.com\\\/shipping-and-returns\\\/\"},\"address\":{\"@id\":\"https:\\\/\\\/voltride.com\\\/et\\\/kinnas-kali-mission-l\\\/#local-main-place-address\"},\"geo\":{\"@type\":\"GeoCoordinates\",\"latitude\":\"59.439554\",\"longitude\":\"24.726644\"},\"telephone\":[\"+372 600 40 99\"],\"contactPoint\":{\"@type\":\"ContactPoint\",\"telephone\":\"+372 600 40 99\",\"email\":\"info@voltride.com\"},\"openingHoursSpecification\":[{\"@type\":\"OpeningHoursSpecification\",\"dayOfWeek\":[\"Monday\",\"Tuesday\",\"Wednesday\",\"Thursday\",\"Friday\"],\"opens\":\"10:00\",\"closes\":\"18:00\"},{\"@type\":\"OpeningHoursSpecification\",\"dayOfWeek\":[\"Saturday\",\"Sunday\"],\"opens\":\"00:00\",\"closes\":\"00:00\"}],\"email\":\"info@voltride.com\",\"taxID\":\"14871968\"},{\"@type\":\"PostalAddress\",\"@id\":\"https:\\\/\\\/voltride.com\\\/et\\\/kinnas-kali-mission-l\\\/#local-main-place-address\",\"streetAddress\":\"Voltride Telliskivi 57D\",\"addressLocality\":\"Tallinn\",\"postalCode\":\"10412\",\"addressRegion\":\"Tallinn\",\"addressCountry\":\"EE\"},{\"@type\":\"ImageObject\",\"inLanguage\":\"et\",\"@id\":\"https:\\\/\\\/voltride.com\\\/et\\\/kinnas-kali-mission-l\\\/#local-main-organization-logo\",\"url\":\"https:\\\/\\\/voltride.com\\\/wp-content\\\/uploads\\\/voltride-logo.png\",\"contentUrl\":\"https:\\\/\\\/voltride.com\\\/wp-content\\\/uploads\\\/voltride-logo.png\",\"width\":2481,\"height\":620,\"caption\":\"Voltride\"}]}<\/script>\n<meta property=\"product:price:amount\" content=\"25.00\" \/>\n<meta property=\"product:price:currency\" content=\"EUR\" \/>\n<meta property=\"og:availability\" content=\"out of stock\" \/>\n<meta property=\"product:availability\" content=\"out of stock\" \/>\n<meta property=\"product:retailer_item_id\" content=\"KLSG003\" \/>\n<meta property=\"product:condition\" content=\"new\" \/>\n<meta name=\"geo.placename\" content=\"Tallinn\" \/>\n<meta name=\"geo.position\" content=\"59.439554;24.726644\" \/>\n<meta name=\"geo.region\" content=\"Estonia\" \/>\n<!-- \/ Yoast SEO Premium plugin. -->","yoast_head_json":{"title":"Kinnas Kali Mission L | Voltride","robots":{"index":"index","follow":"follow","max-snippet":"max-snippet:-1","max-image-preview":"max-image-preview:large","max-video-preview":"max-video-preview:-1"},"canonical":"https:\/\/voltride.com\/et\/kinnas-kali-mission-l\/","og_locale":"et_EE","og_type":"article","og_title":"Kinnas Kali Mission L | Voltride","og_description":"Kali Mission kindad Kali Mission kindad on \u00fclikerged rattakindad, mis on loodud pakkuma mugavust, vastupidavust ja suurep\u00e4rast juhtrauakontrolli. Mikrofiiberpeopesa ja","og_url":"https:\/\/voltride.com\/et\/kinnas-kali-mission-l\/","og_site_name":"Voltride","article_publisher":"https:\/\/www.facebook.com\/voltridecom\/","article_modified_time":"2026-05-06T07:32:22+00:00","og_image":[{"width":1376,"height":1244,"url":"https:\/\/voltride.com\/wp-content\/uploads\/2026\/03\/3518-68ad69e93d3d0219764852-screenshot-2025-08-26-at-110125-1.png","type":"image\/png"}],"twitter_card":"summary_large_image","schema":{"@context":"https:\/\/schema.org","@graph":[{"@type":"WebPage","@id":"https:\/\/voltride.com\/et\/kinnas-kali-mission-l\/","url":"https:\/\/voltride.com\/et\/kinnas-kali-mission-l\/","name":"Kinnas Kali Mission L | Voltride","isPartOf":{"@id":"https:\/\/voltride.com\/et\/#website"},"primaryImageOfPage":{"@id":"https:\/\/voltride.com\/et\/kinnas-kali-mission-l\/#primaryimage"},"image":{"@id":"https:\/\/voltride.com\/et\/kinnas-kali-mission-l\/#primaryimage"},"thumbnailUrl":"https:\/\/voltride.com\/wp-content\/uploads\/2026\/03\/3518-68ad69e93d3d0219764852-screenshot-2025-08-26-at-110125-1.png","datePublished":"2026-03-26T00:09:01+00:00","dateModified":"2026-05-06T07:32:22+00:00","breadcrumb":{"@id":"https:\/\/voltride.com\/et\/kinnas-kali-mission-l\/#breadcrumb"},"inLanguage":"et","potentialAction":[{"@type":"ReadAction","target":["https:\/\/voltride.com\/et\/kinnas-kali-mission-l\/"]}]},{"@type":"ImageObject","inLanguage":"et","@id":"https:\/\/voltride.com\/et\/kinnas-kali-mission-l\/#primaryimage","url":"https:\/\/voltride.com\/wp-content\/uploads\/2026\/03\/3518-68ad69e93d3d0219764852-screenshot-2025-08-26-at-110125-1.png","contentUrl":"https:\/\/voltride.com\/wp-content\/uploads\/2026\/03\/3518-68ad69e93d3d0219764852-screenshot-2025-08-26-at-110125-1.png","width":1376,"height":1244},{"@type":"BreadcrumbList","@id":"https:\/\/voltride.com\/et\/kinnas-kali-mission-l\/#breadcrumb","itemListElement":[{"@type":"ListItem","position":1,"name":"Kodu","item":"https:\/\/voltride.com\/et\/"},{"@type":"ListItem","position":2,"name":"Pood","item":"https:\/\/voltride.com\/et\/e-pood\/"},{"@type":"ListItem","position":3,"name":"Lisavarustus","item":"https:\/\/voltride.com\/et\/lisavarustus\/"},{"@type":"ListItem","position":4,"name":"Kaitsevarustus s\u00f5itjale","item":"https:\/\/voltride.com\/et\/kaitsevarustus-soitjale\/"},{"@type":"ListItem","position":5,"name":"Kinnas Kali Mission L"}]},{"@type":"WebSite","@id":"https:\/\/voltride.com\/et\/#website","url":"https:\/\/voltride.com\/et\/","name":"Voltride","description":"Parim elektrirataste elektrit\u00f5ukside ja \u00fcksrataste pood ja remont","publisher":{"@id":"https:\/\/voltride.com\/et\/#organization"},"alternateName":"Vr","potentialAction":[{"@type":"SearchAction","target":{"@type":"EntryPoint","urlTemplate":"https:\/\/voltride.com\/et\/?s={search_term_string}"},"query-input":{"@type":"PropertyValueSpecification","valueRequired":true,"valueName":"search_term_string"}}],"inLanguage":"et"},{"@type":["Organization","Place"],"@id":"https:\/\/voltride.com\/et\/#organization","name":"Voltride","alternateName":"VR","url":"https:\/\/voltride.com\/et\/","logo":{"@id":"https:\/\/voltride.com\/et\/kinnas-kali-mission-l\/#local-main-organization-logo"},"image":{"@id":"https:\/\/voltride.com\/et\/kinnas-kali-mission-l\/#local-main-organization-logo"},"sameAs":["https:\/\/www.facebook.com\/voltridecom\/"],"legalName":"Voltride O\u00dc","numberOfEmployees":{"@type":"QuantitativeValue","minValue":"1","maxValue":"10"},"ownershipFundingInfo":"https:\/\/voltride.com\/about-us\/","hasMerchantReturnPolicy":{"@type":"MerchantReturnPolicy","merchantReturnLink":"https:\/\/voltride.com\/shipping-and-returns\/"},"address":{"@id":"https:\/\/voltride.com\/et\/kinnas-kali-mission-l\/#local-main-place-address"},"geo":{"@type":"GeoCoordinates","latitude":"59.439554","longitude":"24.726644"},"telephone":["+372 600 40 99"],"contactPoint":{"@type":"ContactPoint","telephone":"+372 600 40 99","email":"info@voltride.com"},"openingHoursSpecification":[{"@type":"OpeningHoursSpecification","dayOfWeek":["Monday","Tuesday","Wednesday","Thursday","Friday"],"opens":"10:00","closes":"18:00"},{"@type":"OpeningHoursSpecification","dayOfWeek":["Saturday","Sunday"],"opens":"00:00","closes":"00:00"}],"email":"info@voltride.com","taxID":"14871968"},{"@type":"PostalAddress","@id":"https:\/\/voltride.com\/et\/kinnas-kali-mission-l\/#local-main-place-address","streetAddress":"Voltride Telliskivi 57D","addressLocality":"Tallinn","postalCode":"10412","addressRegion":"Tallinn","addressCountry":"EE"},{"@type":"ImageObject","inLanguage":"et","@id":"https:\/\/voltride.com\/et\/kinnas-kali-mission-l\/#local-main-organization-logo","url":"https:\/\/voltride.com\/wp-content\/uploads\/voltride-logo.png","contentUrl":"https:\/\/voltride.com\/wp-content\/uploads\/voltride-logo.png","width":2481,"height":620,"caption":"Voltride"}]},"product_price_amount":"25.00","product_price_currency":"EUR","og_availability":"out of stock","product_availability":"out of stock","product_retailer_item_id":"KLSG003","product_condition":"new","geo.placename":"Tallinn","geo.position":{"lat":"59.439554","long":"24.726644"},"geo.region":"Estonia"},"_links":{"self":[{"href":"https:\/\/voltride.com\/et\/wp-json\/wp\/v2\/product\/19790","targetHints":{"allow":["GET"]}}],"collection":[{"href":"https:\/\/voltride.com\/et\/wp-json\/wp\/v2\/product"}],"about":[{"href":"https:\/\/voltride.com\/et\/wp-json\/wp\/v2\/types\/product"}],"replies":[{"embeddable":true,"href":"https:\/\/voltride.com\/et\/wp-json\/wp\/v2\/comments?post=19790"}],"wp:featuredmedia":[{"embeddable":true,"href":"https:\/\/voltride.com\/et\/wp-json\/wp\/v2\/media\/20686"}],"wp:attachment":[{"href":"https:\/\/voltride.com\/et\/wp-json\/wp\/v2\/media?parent=19790"}],"wp:term":[{"taxonomy":"product_brand","embeddable":true,"href":"https:\/\/voltride.com\/et\/wp-json\/wp\/v2\/product_brand?post=19790"},{"taxonomy":"product_cat","embeddable":true,"href":"https:\/\/voltride.com\/et\/wp-json\/wp\/v2\/product_cat?post=19790"},{"taxonomy":"product_tag","embeddable":true,"href":"https:\/\/voltride.com\/et\/wp-json\/wp\/v2\/product_tag?post=19790"}],"curies":[{"name":"wp","href":"https:\/\/api.w.org\/{rel}","templated":true}]}}