{"id":19798,"date":"2026-03-26T02:09:27","date_gmt":"2026-03-26T00:09:27","guid":{"rendered":"https:\/\/voltride.com\/tasakaaluliikuri-kandekott-10-must\/"},"modified":"2026-03-29T21:35:01","modified_gmt":"2026-03-29T19:35:01","slug":"tasakaaluliikuri-kandekott-10-must","status":"publish","type":"product","link":"https:\/\/voltride.com\/et\/tasakaaluliikuri-kandekott-10-must\/","title":{"rendered":"Tasakaaluliikuri kandekott 10&#8243;, must"},"content":{"rendered":"<p style=\"margin: 0px; font-style: normal; font-variant-caps: normal; font-width: normal; line-height: normal; font-family: &quot;Helvetica Neue&quot;; font-size-adjust: none; font-kerning: auto; font-variant-alternates: normal; font-variant-ligatures: normal; font-variant-numeric: normal; font-variant-east-asian: normal; font-variant-position: normal; font-variant-emoji: normal; font-feature-settings: normal; font-optical-sizing: auto; font-variation-settings: normal;\">10-tollise hoverboardi kandekott on praktiline lahendus seadme hoidmiseks ja transportimiseks turvalisel ja mugaval viisil. Vastupidavast materjalist valmistatud kott kaitseb hoverboardi tolmu, kriimustuste ja v\u00e4iksemate l\u00f6\u00f6kide eest nii reisimisel kui ka hoiustamisel.<br \/> &nbsp;<\/p>\n<p style=\"margin: 0px; font-style: normal; font-variant-caps: normal; font-width: normal; line-height: normal; font-family: &quot;Helvetica Neue&quot;; font-size-adjust: none; font-kerning: auto; font-variant-alternates: normal; font-variant-ligatures: normal; font-variant-numeric: normal; font-variant-east-asian: normal; font-variant-position: normal; font-variant-emoji: normal; font-feature-settings: normal; font-optical-sizing: auto; font-variation-settings: normal;\">Tugevate sangade ja kindla lukuga kott teeb hoverboardi kaasaskandmise lihtsaks \u2013 olgu sa teel trenni, s\u00f5prade juurde v\u00f5i lihtsalt hoiad seda kodus turvaliselt. Kerge ja kokkupandav disain v\u00f5imaldab kotti mugavalt hoiustada, kui seda parasjagu ei kasuta.<br \/> &nbsp;<\/p>\n<p style=\"margin: 0px; font-style: normal; font-variant-caps: normal; font-width: normal; line-height: normal; font-family: &quot;Helvetica Neue&quot;; font-size-adjust: none; font-kerning: auto; font-variant-alternates: normal; font-variant-ligatures: normal; font-variant-numeric: normal; font-variant-east-asian: normal; font-variant-position: normal; font-variant-emoji: normal; font-feature-settings: normal; font-optical-sizing: auto; font-variation-settings: normal;\">Usaldusv\u00e4\u00e4rne ja funktsionaalne lisatarvik, mis hoiab su hoverboardi kaitstuna ja kergesti kaasaskantavana.<\/p>\n","protected":false},"excerpt":{"rendered":"<p>10-tollise hoverboardi kandekott on praktiline lahendus seadme hoidmiseks ja transportimiseks turvalisel ja mugaval viisil. Vastupidavast materjalist valmistatud kott kaitseb hoverboardi<\/p>\n","protected":false},"featured_media":20694,"comment_status":"open","ping_status":"closed","template":"","meta":[],"product_brand":[],"product_cat":[696],"product_tag":[],"class_list":{"0":"post-19798","1":"product","2":"type-product","3":"status-publish","4":"has-post-thumbnail","6":"product_cat-korvid-ja-pakiraamid","8":"first","9":"outofstock","10":"taxable","11":"shipping-taxable","12":"purchasable","13":"product-type-simple"},"yoast_head":"<!-- This site is optimized with the Yoast SEO Premium plugin v27.3 (Yoast SEO v27.4) - https:\/\/yoast.com\/product\/yoast-seo-premium-wordpress\/ -->\n<title>Tasakaaluliikuri kandekott 10&quot;, must | Voltride<\/title>\n<meta name=\"robots\" content=\"index, follow, max-snippet:-1, max-image-preview:large, max-video-preview:-1\" \/>\n<link rel=\"canonical\" href=\"https:\/\/voltride.com\/et\/tasakaaluliikuri-kandekott-10-must\/\" \/>\n<meta property=\"og:locale\" content=\"et_EE\" \/>\n<meta property=\"og:type\" content=\"article\" \/>\n<meta property=\"og:title\" content=\"Tasakaaluliikuri kandekott 10&quot;, must | Voltride\" \/>\n<meta property=\"og:description\" content=\"10-tollise hoverboardi kandekott on praktiline lahendus seadme hoidmiseks ja transportimiseks turvalisel ja mugaval viisil. Vastupidavast materjalist valmistatud kott kaitseb hoverboardi\" \/>\n<meta property=\"og:url\" content=\"https:\/\/voltride.com\/et\/tasakaaluliikuri-kandekott-10-must\/\" \/>\n<meta property=\"og:site_name\" content=\"Voltride\" \/>\n<meta property=\"article:publisher\" content=\"https:\/\/www.facebook.com\/voltridecom\/\" \/>\n<meta property=\"article:modified_time\" content=\"2026-03-29T19:35:01+00:00\" \/>\n<meta property=\"og:image\" content=\"https:\/\/voltride.com\/wp-content\/uploads\/2026\/03\/596-5daeed1623638339899178-tasakaaluliikuri-kandekott-10222c-must-1.jpg\" \/>\n\t<meta property=\"og:image:width\" content=\"1000\" \/>\n\t<meta property=\"og:image:height\" content=\"1000\" \/>\n\t<meta property=\"og:image:type\" content=\"image\/jpeg\" \/>\n<meta name=\"twitter:card\" content=\"summary_large_image\" \/>\n<script type=\"application\/ld+json\" class=\"yoast-schema-graph\">{\"@context\":\"https:\\\/\\\/schema.org\",\"@graph\":[{\"@type\":\"WebPage\",\"@id\":\"https:\\\/\\\/voltride.com\\\/et\\\/tasakaaluliikuri-kandekott-10-must\\\/\",\"url\":\"https:\\\/\\\/voltride.com\\\/et\\\/tasakaaluliikuri-kandekott-10-must\\\/\",\"name\":\"Tasakaaluliikuri kandekott 10\\\", must | Voltride\",\"isPartOf\":{\"@id\":\"https:\\\/\\\/voltride.com\\\/et\\\/#website\"},\"primaryImageOfPage\":{\"@id\":\"https:\\\/\\\/voltride.com\\\/et\\\/tasakaaluliikuri-kandekott-10-must\\\/#primaryimage\"},\"image\":{\"@id\":\"https:\\\/\\\/voltride.com\\\/et\\\/tasakaaluliikuri-kandekott-10-must\\\/#primaryimage\"},\"thumbnailUrl\":\"https:\\\/\\\/voltride.com\\\/wp-content\\\/uploads\\\/2026\\\/03\\\/596-5daeed1623638339899178-tasakaaluliikuri-kandekott-10222c-must-1.jpg\",\"datePublished\":\"2026-03-26T00:09:27+00:00\",\"dateModified\":\"2026-03-29T19:35:01+00:00\",\"breadcrumb\":{\"@id\":\"https:\\\/\\\/voltride.com\\\/et\\\/tasakaaluliikuri-kandekott-10-must\\\/#breadcrumb\"},\"inLanguage\":\"et\",\"potentialAction\":[{\"@type\":\"ReadAction\",\"target\":[\"https:\\\/\\\/voltride.com\\\/et\\\/tasakaaluliikuri-kandekott-10-must\\\/\"]}]},{\"@type\":\"ImageObject\",\"inLanguage\":\"et\",\"@id\":\"https:\\\/\\\/voltride.com\\\/et\\\/tasakaaluliikuri-kandekott-10-must\\\/#primaryimage\",\"url\":\"https:\\\/\\\/voltride.com\\\/wp-content\\\/uploads\\\/2026\\\/03\\\/596-5daeed1623638339899178-tasakaaluliikuri-kandekott-10222c-must-1.jpg\",\"contentUrl\":\"https:\\\/\\\/voltride.com\\\/wp-content\\\/uploads\\\/2026\\\/03\\\/596-5daeed1623638339899178-tasakaaluliikuri-kandekott-10222c-must-1.jpg\",\"width\":1000,\"height\":1000},{\"@type\":\"BreadcrumbList\",\"@id\":\"https:\\\/\\\/voltride.com\\\/et\\\/tasakaaluliikuri-kandekott-10-must\\\/#breadcrumb\",\"itemListElement\":[{\"@type\":\"ListItem\",\"position\":1,\"name\":\"Kodu\",\"item\":\"https:\\\/\\\/voltride.com\\\/et\\\/\"},{\"@type\":\"ListItem\",\"position\":2,\"name\":\"Pood\",\"item\":\"https:\\\/\\\/voltride.com\\\/et\\\/e-pood\\\/\"},{\"@type\":\"ListItem\",\"position\":3,\"name\":\"Lisavarustus\",\"item\":\"https:\\\/\\\/voltride.com\\\/et\\\/lisavarustus\\\/\"},{\"@type\":\"ListItem\",\"position\":4,\"name\":\"Korvid ja Pakiraamid\",\"item\":\"https:\\\/\\\/voltride.com\\\/et\\\/korvid-ja-pakiraamid\\\/\"},{\"@type\":\"ListItem\",\"position\":5,\"name\":\"Tasakaaluliikuri kandekott 10&#8243;, must\"}]},{\"@type\":\"WebSite\",\"@id\":\"https:\\\/\\\/voltride.com\\\/et\\\/#website\",\"url\":\"https:\\\/\\\/voltride.com\\\/et\\\/\",\"name\":\"Voltride\",\"description\":\"Parim elektrirataste elektrit\u00f5ukside ja \u00fcksrataste pood ja remont\",\"publisher\":{\"@id\":\"https:\\\/\\\/voltride.com\\\/et\\\/#organization\"},\"alternateName\":\"Vr\",\"potentialAction\":[{\"@type\":\"SearchAction\",\"target\":{\"@type\":\"EntryPoint\",\"urlTemplate\":\"https:\\\/\\\/voltride.com\\\/et\\\/?s={search_term_string}\"},\"query-input\":{\"@type\":\"PropertyValueSpecification\",\"valueRequired\":true,\"valueName\":\"search_term_string\"}}],\"inLanguage\":\"et\"},{\"@type\":[\"Organization\",\"Place\"],\"@id\":\"https:\\\/\\\/voltride.com\\\/et\\\/#organization\",\"name\":\"Voltride\",\"alternateName\":\"VR\",\"url\":\"https:\\\/\\\/voltride.com\\\/et\\\/\",\"logo\":{\"@id\":\"https:\\\/\\\/voltride.com\\\/et\\\/tasakaaluliikuri-kandekott-10-must\\\/#local-main-organization-logo\"},\"image\":{\"@id\":\"https:\\\/\\\/voltride.com\\\/et\\\/tasakaaluliikuri-kandekott-10-must\\\/#local-main-organization-logo\"},\"sameAs\":[\"https:\\\/\\\/www.facebook.com\\\/voltridecom\\\/\"],\"legalName\":\"Voltride O\u00dc\",\"numberOfEmployees\":{\"@type\":\"QuantitativeValue\",\"minValue\":\"1\",\"maxValue\":\"10\"},\"ownershipFundingInfo\":\"https:\\\/\\\/voltride.com\\\/about-us\\\/\",\"hasMerchantReturnPolicy\":{\"@type\":\"MerchantReturnPolicy\",\"merchantReturnLink\":\"https:\\\/\\\/voltride.com\\\/shipping-and-returns\\\/\"},\"address\":{\"@id\":\"https:\\\/\\\/voltride.com\\\/et\\\/tasakaaluliikuri-kandekott-10-must\\\/#local-main-place-address\"},\"geo\":{\"@type\":\"GeoCoordinates\",\"latitude\":\"59.439554\",\"longitude\":\"24.726644\"},\"telephone\":[\"+372 600 40 99\"],\"contactPoint\":{\"@type\":\"ContactPoint\",\"telephone\":\"+372 600 40 99\",\"email\":\"info@voltride.com\"},\"openingHoursSpecification\":[{\"@type\":\"OpeningHoursSpecification\",\"dayOfWeek\":[\"Monday\",\"Tuesday\",\"Wednesday\",\"Thursday\",\"Friday\"],\"opens\":\"10:00\",\"closes\":\"18:00\"},{\"@type\":\"OpeningHoursSpecification\",\"dayOfWeek\":[\"Saturday\",\"Sunday\"],\"opens\":\"00:00\",\"closes\":\"00:00\"}],\"email\":\"info@voltride.com\",\"taxID\":\"14871968\"},{\"@type\":\"PostalAddress\",\"@id\":\"https:\\\/\\\/voltride.com\\\/et\\\/tasakaaluliikuri-kandekott-10-must\\\/#local-main-place-address\",\"streetAddress\":\"Voltride Telliskivi 57D\",\"addressLocality\":\"Tallinn\",\"postalCode\":\"10412\",\"addressRegion\":\"Tallinn\",\"addressCountry\":\"EE\"},{\"@type\":\"ImageObject\",\"inLanguage\":\"et\",\"@id\":\"https:\\\/\\\/voltride.com\\\/et\\\/tasakaaluliikuri-kandekott-10-must\\\/#local-main-organization-logo\",\"url\":\"https:\\\/\\\/voltride.com\\\/wp-content\\\/uploads\\\/voltride-logo.png\",\"contentUrl\":\"https:\\\/\\\/voltride.com\\\/wp-content\\\/uploads\\\/voltride-logo.png\",\"width\":2481,\"height\":620,\"caption\":\"Voltride\"}]}<\/script>\n<meta property=\"product:price:amount\" content=\"15.99\" \/>\n<meta property=\"product:price:currency\" content=\"EUR\" \/>\n<meta property=\"og:availability\" content=\"out of stock\" \/>\n<meta property=\"product:availability\" content=\"out of stock\" \/>\n<meta property=\"product:retailer_item_id\" content=\"GPBG005\" \/>\n<meta property=\"product:condition\" content=\"new\" \/>\n<meta name=\"geo.placename\" content=\"Tallinn\" \/>\n<meta name=\"geo.position\" content=\"59.439554;24.726644\" \/>\n<meta name=\"geo.region\" content=\"Estonia\" \/>\n<!-- \/ Yoast SEO Premium plugin. -->","yoast_head_json":{"title":"Tasakaaluliikuri kandekott 10\", must | Voltride","robots":{"index":"index","follow":"follow","max-snippet":"max-snippet:-1","max-image-preview":"max-image-preview:large","max-video-preview":"max-video-preview:-1"},"canonical":"https:\/\/voltride.com\/et\/tasakaaluliikuri-kandekott-10-must\/","og_locale":"et_EE","og_type":"article","og_title":"Tasakaaluliikuri kandekott 10\", must | Voltride","og_description":"10-tollise hoverboardi kandekott on praktiline lahendus seadme hoidmiseks ja transportimiseks turvalisel ja mugaval viisil. Vastupidavast materjalist valmistatud kott kaitseb hoverboardi","og_url":"https:\/\/voltride.com\/et\/tasakaaluliikuri-kandekott-10-must\/","og_site_name":"Voltride","article_publisher":"https:\/\/www.facebook.com\/voltridecom\/","article_modified_time":"2026-03-29T19:35:01+00:00","og_image":[{"width":1000,"height":1000,"url":"https:\/\/voltride.com\/wp-content\/uploads\/2026\/03\/596-5daeed1623638339899178-tasakaaluliikuri-kandekott-10222c-must-1.jpg","type":"image\/jpeg"}],"twitter_card":"summary_large_image","schema":{"@context":"https:\/\/schema.org","@graph":[{"@type":"WebPage","@id":"https:\/\/voltride.com\/et\/tasakaaluliikuri-kandekott-10-must\/","url":"https:\/\/voltride.com\/et\/tasakaaluliikuri-kandekott-10-must\/","name":"Tasakaaluliikuri kandekott 10\", must | Voltride","isPartOf":{"@id":"https:\/\/voltride.com\/et\/#website"},"primaryImageOfPage":{"@id":"https:\/\/voltride.com\/et\/tasakaaluliikuri-kandekott-10-must\/#primaryimage"},"image":{"@id":"https:\/\/voltride.com\/et\/tasakaaluliikuri-kandekott-10-must\/#primaryimage"},"thumbnailUrl":"https:\/\/voltride.com\/wp-content\/uploads\/2026\/03\/596-5daeed1623638339899178-tasakaaluliikuri-kandekott-10222c-must-1.jpg","datePublished":"2026-03-26T00:09:27+00:00","dateModified":"2026-03-29T19:35:01+00:00","breadcrumb":{"@id":"https:\/\/voltride.com\/et\/tasakaaluliikuri-kandekott-10-must\/#breadcrumb"},"inLanguage":"et","potentialAction":[{"@type":"ReadAction","target":["https:\/\/voltride.com\/et\/tasakaaluliikuri-kandekott-10-must\/"]}]},{"@type":"ImageObject","inLanguage":"et","@id":"https:\/\/voltride.com\/et\/tasakaaluliikuri-kandekott-10-must\/#primaryimage","url":"https:\/\/voltride.com\/wp-content\/uploads\/2026\/03\/596-5daeed1623638339899178-tasakaaluliikuri-kandekott-10222c-must-1.jpg","contentUrl":"https:\/\/voltride.com\/wp-content\/uploads\/2026\/03\/596-5daeed1623638339899178-tasakaaluliikuri-kandekott-10222c-must-1.jpg","width":1000,"height":1000},{"@type":"BreadcrumbList","@id":"https:\/\/voltride.com\/et\/tasakaaluliikuri-kandekott-10-must\/#breadcrumb","itemListElement":[{"@type":"ListItem","position":1,"name":"Kodu","item":"https:\/\/voltride.com\/et\/"},{"@type":"ListItem","position":2,"name":"Pood","item":"https:\/\/voltride.com\/et\/e-pood\/"},{"@type":"ListItem","position":3,"name":"Lisavarustus","item":"https:\/\/voltride.com\/et\/lisavarustus\/"},{"@type":"ListItem","position":4,"name":"Korvid ja Pakiraamid","item":"https:\/\/voltride.com\/et\/korvid-ja-pakiraamid\/"},{"@type":"ListItem","position":5,"name":"Tasakaaluliikuri kandekott 10&#8243;, must"}]},{"@type":"WebSite","@id":"https:\/\/voltride.com\/et\/#website","url":"https:\/\/voltride.com\/et\/","name":"Voltride","description":"Parim elektrirataste elektrit\u00f5ukside ja \u00fcksrataste pood ja remont","publisher":{"@id":"https:\/\/voltride.com\/et\/#organization"},"alternateName":"Vr","potentialAction":[{"@type":"SearchAction","target":{"@type":"EntryPoint","urlTemplate":"https:\/\/voltride.com\/et\/?s={search_term_string}"},"query-input":{"@type":"PropertyValueSpecification","valueRequired":true,"valueName":"search_term_string"}}],"inLanguage":"et"},{"@type":["Organization","Place"],"@id":"https:\/\/voltride.com\/et\/#organization","name":"Voltride","alternateName":"VR","url":"https:\/\/voltride.com\/et\/","logo":{"@id":"https:\/\/voltride.com\/et\/tasakaaluliikuri-kandekott-10-must\/#local-main-organization-logo"},"image":{"@id":"https:\/\/voltride.com\/et\/tasakaaluliikuri-kandekott-10-must\/#local-main-organization-logo"},"sameAs":["https:\/\/www.facebook.com\/voltridecom\/"],"legalName":"Voltride O\u00dc","numberOfEmployees":{"@type":"QuantitativeValue","minValue":"1","maxValue":"10"},"ownershipFundingInfo":"https:\/\/voltride.com\/about-us\/","hasMerchantReturnPolicy":{"@type":"MerchantReturnPolicy","merchantReturnLink":"https:\/\/voltride.com\/shipping-and-returns\/"},"address":{"@id":"https:\/\/voltride.com\/et\/tasakaaluliikuri-kandekott-10-must\/#local-main-place-address"},"geo":{"@type":"GeoCoordinates","latitude":"59.439554","longitude":"24.726644"},"telephone":["+372 600 40 99"],"contactPoint":{"@type":"ContactPoint","telephone":"+372 600 40 99","email":"info@voltride.com"},"openingHoursSpecification":[{"@type":"OpeningHoursSpecification","dayOfWeek":["Monday","Tuesday","Wednesday","Thursday","Friday"],"opens":"10:00","closes":"18:00"},{"@type":"OpeningHoursSpecification","dayOfWeek":["Saturday","Sunday"],"opens":"00:00","closes":"00:00"}],"email":"info@voltride.com","taxID":"14871968"},{"@type":"PostalAddress","@id":"https:\/\/voltride.com\/et\/tasakaaluliikuri-kandekott-10-must\/#local-main-place-address","streetAddress":"Voltride Telliskivi 57D","addressLocality":"Tallinn","postalCode":"10412","addressRegion":"Tallinn","addressCountry":"EE"},{"@type":"ImageObject","inLanguage":"et","@id":"https:\/\/voltride.com\/et\/tasakaaluliikuri-kandekott-10-must\/#local-main-organization-logo","url":"https:\/\/voltride.com\/wp-content\/uploads\/voltride-logo.png","contentUrl":"https:\/\/voltride.com\/wp-content\/uploads\/voltride-logo.png","width":2481,"height":620,"caption":"Voltride"}]},"product_price_amount":"15.99","product_price_currency":"EUR","og_availability":"out of stock","product_availability":"out of stock","product_retailer_item_id":"GPBG005","product_condition":"new","geo.placename":"Tallinn","geo.position":{"lat":"59.439554","long":"24.726644"},"geo.region":"Estonia"},"_links":{"self":[{"href":"https:\/\/voltride.com\/et\/wp-json\/wp\/v2\/product\/19798","targetHints":{"allow":["GET"]}}],"collection":[{"href":"https:\/\/voltride.com\/et\/wp-json\/wp\/v2\/product"}],"about":[{"href":"https:\/\/voltride.com\/et\/wp-json\/wp\/v2\/types\/product"}],"replies":[{"embeddable":true,"href":"https:\/\/voltride.com\/et\/wp-json\/wp\/v2\/comments?post=19798"}],"wp:featuredmedia":[{"embeddable":true,"href":"https:\/\/voltride.com\/et\/wp-json\/wp\/v2\/media\/20694"}],"wp:attachment":[{"href":"https:\/\/voltride.com\/et\/wp-json\/wp\/v2\/media?parent=19798"}],"wp:term":[{"taxonomy":"product_brand","embeddable":true,"href":"https:\/\/voltride.com\/et\/wp-json\/wp\/v2\/product_brand?post=19798"},{"taxonomy":"product_cat","embeddable":true,"href":"https:\/\/voltride.com\/et\/wp-json\/wp\/v2\/product_cat?post=19798"},{"taxonomy":"product_tag","embeddable":true,"href":"https:\/\/voltride.com\/et\/wp-json\/wp\/v2\/product_tag?post=19798"}],"curies":[{"name":"wp","href":"https:\/\/api.w.org\/{rel}","templated":true}]}}