{"id":19823,"date":"2026-03-26T02:12:26","date_gmt":"2026-03-26T00:12:26","guid":{"rendered":"https:\/\/voltride.com\/axa-esituli-greenline-50\/"},"modified":"2026-03-29T21:35:07","modified_gmt":"2026-03-29T19:35:07","slug":"axa-esituli-greenline-50","status":"publish","type":"product","link":"https:\/\/voltride.com\/et\/axa-esituli-greenline-50\/","title":{"rendered":"AXA Esituli Greenline 50"},"content":{"rendered":"<h2>AXA Greenline 50 esituli<\/h2>\n<p>AXA Greenline 50 esituli on kompaktse ning matja v\u00e4limusega tuli mis sobib nii t\u00f5ukerattale, kui ka mis tahes muule s\u00f5idukile. Tule kasutamise teeb ekstra lihtsaks v\u00f5imalus laadida teda k\u00f5igest tavap\u00e4rase USB kaabliga. Greenline tuli on lihtsalt paigaldatav ning ka vajadusel laadimiseks eemaldatav. Antud tuli on t\u00e4nu oma tugevale kummist kinnitusele sobilik peaaegu k\u00f5igile eri l\u00e4bim\u00f5\u00f5duga lenksudele. Greenline 50 tulel on kaks eri valgus re\u017eiimi: 1 re\u017eiim on ideaalne maksimaalse p\u00f5lemisaja jaoks ning 2 re\u017eiim pakub suurimat v\u00f5imalikku valgusvihku eriti pimedatesse oludesse. Greeline 50 tule aku peab vastu kuni 13h ning uuesti aku t\u00e4islaadimiseks kulub k\u00f5igest 3h. Greenline akude elueaks on 1000 laadimists\u00fcklit, mis teeb nendest tuledest v\u00e4gagi keskkonnas\u00f5braliku lahenduse. Antud tuli on n\u00e4htav ka k\u00fclgedelt mis tagab suurema turvalisuse pimedal ajal. Greenline tuli on sobilik kasutamiseks temperatuuride vahemiks -10 kuni +40 C. Valgusvihk valgustab teed kuni 70m kaugusele ning tuld on n\u00e4ha kuni 4000m kauguselt.<\/p>\n<p>Omadused:<\/p>\n<li>V\u00f5imas 50 lux-ine LED tuli<\/li>\n<li>Valgus n\u00e4htav ka k\u00fclgedelt<\/li>\n<li>Vastab ka Saksa (StVZO) regulatsioonidele<\/li>\n<li>Kinnitusrihma \u00fcmberm\u00f5\u00f5t 22-32 mm<\/li>\n<li>Aku t\u00fchjenemise n\u00e4idik<\/li>\n<li>USB juhtmega laetav<\/li>\n<li>Aku kestvus: kuni 13 tundi<\/li>\n","protected":false},"excerpt":{"rendered":"<p>AXA Greenline 50 esituli AXA Greenline 50 esituli on kompaktse ning matja v\u00e4limusega tuli mis sobib nii t\u00f5ukerattale, kui ka<\/p>\n","protected":false},"featured_media":20717,"comment_status":"open","ping_status":"closed","template":"","meta":[],"product_brand":[],"product_cat":[718],"product_tag":[],"class_list":{"0":"post-19823","1":"product","2":"type-product","3":"status-publish","4":"has-post-thumbnail","6":"product_cat-tuled","8":"first","9":"instock","10":"taxable","11":"shipping-taxable","12":"purchasable","13":"product-type-simple"},"yoast_head":"<!-- This site is optimized with the Yoast SEO Premium plugin v27.3 (Yoast SEO v27.4) - https:\/\/yoast.com\/product\/yoast-seo-premium-wordpress\/ -->\n<title>AXA Esituli Greenline 50 | Voltride<\/title>\n<meta name=\"robots\" content=\"index, follow, max-snippet:-1, max-image-preview:large, max-video-preview:-1\" \/>\n<link rel=\"canonical\" href=\"https:\/\/voltride.com\/et\/axa-esituli-greenline-50\/\" \/>\n<meta property=\"og:locale\" content=\"et_EE\" \/>\n<meta property=\"og:type\" content=\"article\" \/>\n<meta property=\"og:title\" content=\"AXA Esituli Greenline 50 | Voltride\" \/>\n<meta property=\"og:description\" content=\"AXA Greenline 50 esituli AXA Greenline 50 esituli on kompaktse ning matja v\u00e4limusega tuli mis sobib nii t\u00f5ukerattale, kui ka\" \/>\n<meta property=\"og:url\" content=\"https:\/\/voltride.com\/et\/axa-esituli-greenline-50\/\" \/>\n<meta property=\"og:site_name\" content=\"Voltride\" \/>\n<meta property=\"article:publisher\" content=\"https:\/\/www.facebook.com\/voltridecom\/\" \/>\n<meta property=\"article:modified_time\" content=\"2026-03-29T19:35:07+00:00\" \/>\n<meta property=\"og:image\" content=\"https:\/\/voltride.com\/wp-content\/uploads\/2026\/03\/3515-61967a4c52179656729109-axa-greenline-50-1181x1181px-x-nr-3008-1.png\" \/>\n\t<meta property=\"og:image:width\" content=\"1181\" \/>\n\t<meta property=\"og:image:height\" content=\"1181\" \/>\n\t<meta property=\"og:image:type\" content=\"image\/png\" \/>\n<meta name=\"twitter:card\" content=\"summary_large_image\" \/>\n<script type=\"application\/ld+json\" class=\"yoast-schema-graph\">{\"@context\":\"https:\\\/\\\/schema.org\",\"@graph\":[{\"@type\":\"WebPage\",\"@id\":\"https:\\\/\\\/voltride.com\\\/et\\\/axa-esituli-greenline-50\\\/\",\"url\":\"https:\\\/\\\/voltride.com\\\/et\\\/axa-esituli-greenline-50\\\/\",\"name\":\"AXA Esituli Greenline 50 | Voltride\",\"isPartOf\":{\"@id\":\"https:\\\/\\\/voltride.com\\\/et\\\/#website\"},\"primaryImageOfPage\":{\"@id\":\"https:\\\/\\\/voltride.com\\\/et\\\/axa-esituli-greenline-50\\\/#primaryimage\"},\"image\":{\"@id\":\"https:\\\/\\\/voltride.com\\\/et\\\/axa-esituli-greenline-50\\\/#primaryimage\"},\"thumbnailUrl\":\"https:\\\/\\\/voltride.com\\\/wp-content\\\/uploads\\\/2026\\\/03\\\/3515-61967a4c52179656729109-axa-greenline-50-1181x1181px-x-nr-3008-1.png\",\"datePublished\":\"2026-03-26T00:12:26+00:00\",\"dateModified\":\"2026-03-29T19:35:07+00:00\",\"breadcrumb\":{\"@id\":\"https:\\\/\\\/voltride.com\\\/et\\\/axa-esituli-greenline-50\\\/#breadcrumb\"},\"inLanguage\":\"et\",\"potentialAction\":[{\"@type\":\"ReadAction\",\"target\":[\"https:\\\/\\\/voltride.com\\\/et\\\/axa-esituli-greenline-50\\\/\"]}]},{\"@type\":\"ImageObject\",\"inLanguage\":\"et\",\"@id\":\"https:\\\/\\\/voltride.com\\\/et\\\/axa-esituli-greenline-50\\\/#primaryimage\",\"url\":\"https:\\\/\\\/voltride.com\\\/wp-content\\\/uploads\\\/2026\\\/03\\\/3515-61967a4c52179656729109-axa-greenline-50-1181x1181px-x-nr-3008-1.png\",\"contentUrl\":\"https:\\\/\\\/voltride.com\\\/wp-content\\\/uploads\\\/2026\\\/03\\\/3515-61967a4c52179656729109-axa-greenline-50-1181x1181px-x-nr-3008-1.png\",\"width\":1181,\"height\":1181},{\"@type\":\"BreadcrumbList\",\"@id\":\"https:\\\/\\\/voltride.com\\\/et\\\/axa-esituli-greenline-50\\\/#breadcrumb\",\"itemListElement\":[{\"@type\":\"ListItem\",\"position\":1,\"name\":\"Kodu\",\"item\":\"https:\\\/\\\/voltride.com\\\/et\\\/\"},{\"@type\":\"ListItem\",\"position\":2,\"name\":\"Pood\",\"item\":\"https:\\\/\\\/voltride.com\\\/et\\\/e-pood\\\/\"},{\"@type\":\"ListItem\",\"position\":3,\"name\":\"Lisavarustus\",\"item\":\"https:\\\/\\\/voltride.com\\\/et\\\/lisavarustus\\\/\"},{\"@type\":\"ListItem\",\"position\":4,\"name\":\"Tuled\",\"item\":\"https:\\\/\\\/voltride.com\\\/et\\\/tuled\\\/\"},{\"@type\":\"ListItem\",\"position\":5,\"name\":\"AXA Esituli Greenline 50\"}]},{\"@type\":\"WebSite\",\"@id\":\"https:\\\/\\\/voltride.com\\\/et\\\/#website\",\"url\":\"https:\\\/\\\/voltride.com\\\/et\\\/\",\"name\":\"Voltride\",\"description\":\"Parim elektrirataste elektrit\u00f5ukside ja \u00fcksrataste pood ja remont\",\"publisher\":{\"@id\":\"https:\\\/\\\/voltride.com\\\/et\\\/#organization\"},\"alternateName\":\"Vr\",\"potentialAction\":[{\"@type\":\"SearchAction\",\"target\":{\"@type\":\"EntryPoint\",\"urlTemplate\":\"https:\\\/\\\/voltride.com\\\/et\\\/?s={search_term_string}\"},\"query-input\":{\"@type\":\"PropertyValueSpecification\",\"valueRequired\":true,\"valueName\":\"search_term_string\"}}],\"inLanguage\":\"et\"},{\"@type\":[\"Organization\",\"Place\"],\"@id\":\"https:\\\/\\\/voltride.com\\\/et\\\/#organization\",\"name\":\"Voltride\",\"alternateName\":\"VR\",\"url\":\"https:\\\/\\\/voltride.com\\\/et\\\/\",\"logo\":{\"@id\":\"https:\\\/\\\/voltride.com\\\/et\\\/axa-esituli-greenline-50\\\/#local-main-organization-logo\"},\"image\":{\"@id\":\"https:\\\/\\\/voltride.com\\\/et\\\/axa-esituli-greenline-50\\\/#local-main-organization-logo\"},\"sameAs\":[\"https:\\\/\\\/www.facebook.com\\\/voltridecom\\\/\"],\"legalName\":\"Voltride O\u00dc\",\"numberOfEmployees\":{\"@type\":\"QuantitativeValue\",\"minValue\":\"1\",\"maxValue\":\"10\"},\"ownershipFundingInfo\":\"https:\\\/\\\/voltride.com\\\/about-us\\\/\",\"hasMerchantReturnPolicy\":{\"@type\":\"MerchantReturnPolicy\",\"merchantReturnLink\":\"https:\\\/\\\/voltride.com\\\/shipping-and-returns\\\/\"},\"address\":{\"@id\":\"https:\\\/\\\/voltride.com\\\/et\\\/axa-esituli-greenline-50\\\/#local-main-place-address\"},\"geo\":{\"@type\":\"GeoCoordinates\",\"latitude\":\"59.439554\",\"longitude\":\"24.726644\"},\"telephone\":[\"+372 600 40 99\"],\"contactPoint\":{\"@type\":\"ContactPoint\",\"telephone\":\"+372 600 40 99\",\"email\":\"info@voltride.com\"},\"openingHoursSpecification\":[{\"@type\":\"OpeningHoursSpecification\",\"dayOfWeek\":[\"Monday\",\"Tuesday\",\"Wednesday\",\"Thursday\",\"Friday\"],\"opens\":\"10:00\",\"closes\":\"18:00\"},{\"@type\":\"OpeningHoursSpecification\",\"dayOfWeek\":[\"Saturday\",\"Sunday\"],\"opens\":\"00:00\",\"closes\":\"00:00\"}],\"email\":\"info@voltride.com\",\"taxID\":\"14871968\"},{\"@type\":\"PostalAddress\",\"@id\":\"https:\\\/\\\/voltride.com\\\/et\\\/axa-esituli-greenline-50\\\/#local-main-place-address\",\"streetAddress\":\"Voltride Telliskivi 57D\",\"addressLocality\":\"Tallinn\",\"postalCode\":\"10412\",\"addressRegion\":\"Tallinn\",\"addressCountry\":\"EE\"},{\"@type\":\"ImageObject\",\"inLanguage\":\"et\",\"@id\":\"https:\\\/\\\/voltride.com\\\/et\\\/axa-esituli-greenline-50\\\/#local-main-organization-logo\",\"url\":\"https:\\\/\\\/voltride.com\\\/wp-content\\\/uploads\\\/voltride-logo.png\",\"contentUrl\":\"https:\\\/\\\/voltride.com\\\/wp-content\\\/uploads\\\/voltride-logo.png\",\"width\":2481,\"height\":620,\"caption\":\"Voltride\"}]}<\/script>\n<meta property=\"product:price:amount\" content=\"44.99\" \/>\n<meta property=\"product:price:currency\" content=\"EUR\" \/>\n<meta property=\"og:availability\" content=\"instock\" \/>\n<meta property=\"product:availability\" content=\"instock\" \/>\n<meta property=\"product:retailer_item_id\" content=\"1405\" \/>\n<meta property=\"product:condition\" content=\"new\" \/>\n<meta name=\"geo.placename\" content=\"Tallinn\" \/>\n<meta name=\"geo.position\" content=\"59.439554;24.726644\" \/>\n<meta name=\"geo.region\" content=\"Estonia\" \/>\n<!-- \/ Yoast SEO Premium plugin. -->","yoast_head_json":{"title":"AXA Esituli Greenline 50 | Voltride","robots":{"index":"index","follow":"follow","max-snippet":"max-snippet:-1","max-image-preview":"max-image-preview:large","max-video-preview":"max-video-preview:-1"},"canonical":"https:\/\/voltride.com\/et\/axa-esituli-greenline-50\/","og_locale":"et_EE","og_type":"article","og_title":"AXA Esituli Greenline 50 | Voltride","og_description":"AXA Greenline 50 esituli AXA Greenline 50 esituli on kompaktse ning matja v\u00e4limusega tuli mis sobib nii t\u00f5ukerattale, kui ka","og_url":"https:\/\/voltride.com\/et\/axa-esituli-greenline-50\/","og_site_name":"Voltride","article_publisher":"https:\/\/www.facebook.com\/voltridecom\/","article_modified_time":"2026-03-29T19:35:07+00:00","og_image":[{"width":1181,"height":1181,"url":"https:\/\/voltride.com\/wp-content\/uploads\/2026\/03\/3515-61967a4c52179656729109-axa-greenline-50-1181x1181px-x-nr-3008-1.png","type":"image\/png"}],"twitter_card":"summary_large_image","schema":{"@context":"https:\/\/schema.org","@graph":[{"@type":"WebPage","@id":"https:\/\/voltride.com\/et\/axa-esituli-greenline-50\/","url":"https:\/\/voltride.com\/et\/axa-esituli-greenline-50\/","name":"AXA Esituli Greenline 50 | Voltride","isPartOf":{"@id":"https:\/\/voltride.com\/et\/#website"},"primaryImageOfPage":{"@id":"https:\/\/voltride.com\/et\/axa-esituli-greenline-50\/#primaryimage"},"image":{"@id":"https:\/\/voltride.com\/et\/axa-esituli-greenline-50\/#primaryimage"},"thumbnailUrl":"https:\/\/voltride.com\/wp-content\/uploads\/2026\/03\/3515-61967a4c52179656729109-axa-greenline-50-1181x1181px-x-nr-3008-1.png","datePublished":"2026-03-26T00:12:26+00:00","dateModified":"2026-03-29T19:35:07+00:00","breadcrumb":{"@id":"https:\/\/voltride.com\/et\/axa-esituli-greenline-50\/#breadcrumb"},"inLanguage":"et","potentialAction":[{"@type":"ReadAction","target":["https:\/\/voltride.com\/et\/axa-esituli-greenline-50\/"]}]},{"@type":"ImageObject","inLanguage":"et","@id":"https:\/\/voltride.com\/et\/axa-esituli-greenline-50\/#primaryimage","url":"https:\/\/voltride.com\/wp-content\/uploads\/2026\/03\/3515-61967a4c52179656729109-axa-greenline-50-1181x1181px-x-nr-3008-1.png","contentUrl":"https:\/\/voltride.com\/wp-content\/uploads\/2026\/03\/3515-61967a4c52179656729109-axa-greenline-50-1181x1181px-x-nr-3008-1.png","width":1181,"height":1181},{"@type":"BreadcrumbList","@id":"https:\/\/voltride.com\/et\/axa-esituli-greenline-50\/#breadcrumb","itemListElement":[{"@type":"ListItem","position":1,"name":"Kodu","item":"https:\/\/voltride.com\/et\/"},{"@type":"ListItem","position":2,"name":"Pood","item":"https:\/\/voltride.com\/et\/e-pood\/"},{"@type":"ListItem","position":3,"name":"Lisavarustus","item":"https:\/\/voltride.com\/et\/lisavarustus\/"},{"@type":"ListItem","position":4,"name":"Tuled","item":"https:\/\/voltride.com\/et\/tuled\/"},{"@type":"ListItem","position":5,"name":"AXA Esituli Greenline 50"}]},{"@type":"WebSite","@id":"https:\/\/voltride.com\/et\/#website","url":"https:\/\/voltride.com\/et\/","name":"Voltride","description":"Parim elektrirataste elektrit\u00f5ukside ja \u00fcksrataste pood ja remont","publisher":{"@id":"https:\/\/voltride.com\/et\/#organization"},"alternateName":"Vr","potentialAction":[{"@type":"SearchAction","target":{"@type":"EntryPoint","urlTemplate":"https:\/\/voltride.com\/et\/?s={search_term_string}"},"query-input":{"@type":"PropertyValueSpecification","valueRequired":true,"valueName":"search_term_string"}}],"inLanguage":"et"},{"@type":["Organization","Place"],"@id":"https:\/\/voltride.com\/et\/#organization","name":"Voltride","alternateName":"VR","url":"https:\/\/voltride.com\/et\/","logo":{"@id":"https:\/\/voltride.com\/et\/axa-esituli-greenline-50\/#local-main-organization-logo"},"image":{"@id":"https:\/\/voltride.com\/et\/axa-esituli-greenline-50\/#local-main-organization-logo"},"sameAs":["https:\/\/www.facebook.com\/voltridecom\/"],"legalName":"Voltride O\u00dc","numberOfEmployees":{"@type":"QuantitativeValue","minValue":"1","maxValue":"10"},"ownershipFundingInfo":"https:\/\/voltride.com\/about-us\/","hasMerchantReturnPolicy":{"@type":"MerchantReturnPolicy","merchantReturnLink":"https:\/\/voltride.com\/shipping-and-returns\/"},"address":{"@id":"https:\/\/voltride.com\/et\/axa-esituli-greenline-50\/#local-main-place-address"},"geo":{"@type":"GeoCoordinates","latitude":"59.439554","longitude":"24.726644"},"telephone":["+372 600 40 99"],"contactPoint":{"@type":"ContactPoint","telephone":"+372 600 40 99","email":"info@voltride.com"},"openingHoursSpecification":[{"@type":"OpeningHoursSpecification","dayOfWeek":["Monday","Tuesday","Wednesday","Thursday","Friday"],"opens":"10:00","closes":"18:00"},{"@type":"OpeningHoursSpecification","dayOfWeek":["Saturday","Sunday"],"opens":"00:00","closes":"00:00"}],"email":"info@voltride.com","taxID":"14871968"},{"@type":"PostalAddress","@id":"https:\/\/voltride.com\/et\/axa-esituli-greenline-50\/#local-main-place-address","streetAddress":"Voltride Telliskivi 57D","addressLocality":"Tallinn","postalCode":"10412","addressRegion":"Tallinn","addressCountry":"EE"},{"@type":"ImageObject","inLanguage":"et","@id":"https:\/\/voltride.com\/et\/axa-esituli-greenline-50\/#local-main-organization-logo","url":"https:\/\/voltride.com\/wp-content\/uploads\/voltride-logo.png","contentUrl":"https:\/\/voltride.com\/wp-content\/uploads\/voltride-logo.png","width":2481,"height":620,"caption":"Voltride"}]},"product_price_amount":"44.99","product_price_currency":"EUR","og_availability":"instock","product_availability":"instock","product_retailer_item_id":"1405","product_condition":"new","geo.placename":"Tallinn","geo.position":{"lat":"59.439554","long":"24.726644"},"geo.region":"Estonia"},"_links":{"self":[{"href":"https:\/\/voltride.com\/et\/wp-json\/wp\/v2\/product\/19823","targetHints":{"allow":["GET"]}}],"collection":[{"href":"https:\/\/voltride.com\/et\/wp-json\/wp\/v2\/product"}],"about":[{"href":"https:\/\/voltride.com\/et\/wp-json\/wp\/v2\/types\/product"}],"replies":[{"embeddable":true,"href":"https:\/\/voltride.com\/et\/wp-json\/wp\/v2\/comments?post=19823"}],"wp:featuredmedia":[{"embeddable":true,"href":"https:\/\/voltride.com\/et\/wp-json\/wp\/v2\/media\/20717"}],"wp:attachment":[{"href":"https:\/\/voltride.com\/et\/wp-json\/wp\/v2\/media?parent=19823"}],"wp:term":[{"taxonomy":"product_brand","embeddable":true,"href":"https:\/\/voltride.com\/et\/wp-json\/wp\/v2\/product_brand?post=19823"},{"taxonomy":"product_cat","embeddable":true,"href":"https:\/\/voltride.com\/et\/wp-json\/wp\/v2\/product_cat?post=19823"},{"taxonomy":"product_tag","embeddable":true,"href":"https:\/\/voltride.com\/et\/wp-json\/wp\/v2\/product_tag?post=19823"}],"curies":[{"name":"wp","href":"https:\/\/api.w.org\/{rel}","templated":true}]}}