{"id":19836,"date":"2026-03-26T02:14:40","date_gmt":"2026-03-26T00:14:40","guid":{"rendered":"https:\/\/voltride.com\/paikseprillid-tsg-loam\/"},"modified":"2026-03-29T21:35:09","modified_gmt":"2026-03-29T19:35:09","slug":"paikseprillid-tsg-loam","status":"publish","type":"product","link":"https:\/\/voltride.com\/et\/paikseprillid-tsg-loam\/","title":{"rendered":"P\u00e4ikseprillid TSG Loam"},"content":{"rendered":"<h2 data-end=\"157\" data-start=\"109\" style=\"caret-color: rgb(0, 0, 0); color: rgb(0, 0, 0);\"><strong data-end=\"155\" data-start=\"128\">TSG Loam p\u00e4ikeseprillid<\/strong><\/h2>\n<p data-end=\"462\" data-start=\"159\" style=\"caret-color: rgb(0, 0, 0); color: rgb(0, 0, 0);\">TSG Loam on sportlikud \u00fcmber pea hoidvad p\u00e4ikeseprillid, mis on loodud eelk\u00f5ige m\u00e4giratturitele, kuid sobivad ka igasuguseks aktiivseks spordiks v\u00f5i vaba\u00f5hutegevuseks. Kerged ja&nbsp;vastupidavad \u2013 need \u00fchendavad kaitse, mugavuse ja stiili, pakkudes selget vaadet igas olukorras.<\/p>\n<p data-end=\"808\" data-start=\"464\" style=\"caret-color: rgb(0, 0, 0); color: rgb(0, 0, 0);\">Prillidel on l\u00f6\u00f6gikindlad pol\u00fckarbonaat-l\u00e4\u00e4tsed, mis pakuvad 100% UV400 kaitset ning on kriimustuskindlad, uduvastased ja h\u00fcdrofoobsed, t\u00f5rjudes vett, mustust ja \u00f5li. \u00dclikerge TR90 raam tagab kindla istuvuse, samal ajal kui reguleeritavad Ultra-Grip kummist ninasangad ja otsad annavad isikliku mugavuse ja stabiilsuse ka intensiivsel s\u00f5idul.<\/p>\n<p data-end=\"996\" data-start=\"810\" style=\"caret-color: rgb(0, 0, 0); color: rgb(0, 0, 0);\">Komplektis on lisaks selge vahetusl\u00e4\u00e4ts h\u00e4maramate tingimuste jaoks, kaitsev karp ja mikrokiust puhastuskott. Kaal vaid 31 g \u2013 Loam pakub kompromissitut j\u00f5udlust ilma liigse raskuseta.<\/p>\n<p data-end=\"1022\" data-start=\"998\" style=\"caret-color: rgb(0, 0, 0); color: rgb(0, 0, 0);\"><strong data-end=\"1020\" data-start=\"998\">Peamised omadused:<\/strong><\/p>\n<ul data-end=\"1341\" data-start=\"1023\" style=\"caret-color: rgb(0, 0, 0); color: rgb(0, 0, 0);\">\n<li data-end=\"1087\" data-start=\"1023\">\n<p data-end=\"1087\" data-start=\"1025\">Spordip\u00e4ikeseprillid rattas\u00f5iduks, rulatamiseks ja vabaajaks<\/p>\n<\/li>\n<li data-end=\"1109\" data-start=\"1088\">\n<p data-end=\"1109\" data-start=\"1090\">100% UV400 kaitse<\/p>\n<\/li>\n<li data-end=\"1200\" data-start=\"1110\">\n<p data-end=\"1200\" data-start=\"1112\">L\u00f6\u00f6gikindlad pol\u00fckarbonaat-l\u00e4\u00e4tsed kriimustuskindla, uduvastase ja h\u00fcdrofoobse kattega<\/p>\n<\/li>\n<li data-end=\"1229\" data-start=\"1201\">\n<p data-end=\"1229\" data-start=\"1203\">Kerge TR90 raam (u 31 g)<\/p>\n<\/li>\n<li data-end=\"1279\" data-start=\"1230\">\n<p data-end=\"1279\" data-start=\"1232\">Komplektis selge lisal\u00e4\u00e4ts, kaitsekarp ja mikrokiust kott<\/p>\n<\/li>\n<\/ul>\n","protected":false},"excerpt":{"rendered":"<p>TSG Loam p\u00e4ikeseprillid TSG Loam on sportlikud \u00fcmber pea hoidvad p\u00e4ikeseprillid, mis on loodud eelk\u00f5ige m\u00e4giratturitele, kuid sobivad ka igasuguseks<\/p>\n","protected":false},"featured_media":23489,"comment_status":"open","ping_status":"closed","template":"","meta":[],"product_brand":[],"product_cat":[716],"product_tag":[],"class_list":{"0":"post-19836","1":"product","2":"type-product","3":"status-publish","4":"has-post-thumbnail","6":"product_cat-prillid","8":"first","9":"instock","10":"taxable","11":"shipping-taxable","12":"purchasable","13":"product-type-simple"},"yoast_head":"<!-- This site is optimized with the Yoast SEO Premium plugin v27.3 (Yoast SEO v27.4) - https:\/\/yoast.com\/product\/yoast-seo-premium-wordpress\/ -->\n<title>P\u00e4ikseprillid TSG Loam | Voltride<\/title>\n<meta name=\"robots\" content=\"index, follow, max-snippet:-1, max-image-preview:large, max-video-preview:-1\" \/>\n<link rel=\"canonical\" href=\"https:\/\/voltride.com\/et\/paikseprillid-tsg-loam\/\" \/>\n<meta property=\"og:locale\" content=\"et_EE\" \/>\n<meta property=\"og:type\" content=\"article\" \/>\n<meta property=\"og:title\" content=\"P\u00e4ikseprillid TSG Loam | Voltride\" \/>\n<meta property=\"og:description\" content=\"TSG Loam p\u00e4ikeseprillid TSG Loam on sportlikud \u00fcmber pea hoidvad p\u00e4ikeseprillid, mis on loodud eelk\u00f5ige m\u00e4giratturitele, kuid sobivad ka igasuguseks\" \/>\n<meta property=\"og:url\" content=\"https:\/\/voltride.com\/et\/paikseprillid-tsg-loam\/\" \/>\n<meta property=\"og:site_name\" content=\"Voltride\" \/>\n<meta property=\"article:publisher\" content=\"https:\/\/www.facebook.com\/voltridecom\/\" \/>\n<meta property=\"article:modified_time\" content=\"2026-03-29T19:35:09+00:00\" \/>\n<meta property=\"og:image\" content=\"https:\/\/voltride.com\/wp-content\/uploads\/2026\/03\/6972-689b37b5b0e61830109177-tsg-loam-sunglasses-cycling-glasses-1.jpg\" \/>\n\t<meta property=\"og:image:width\" content=\"1000\" \/>\n\t<meta property=\"og:image:height\" content=\"1000\" \/>\n\t<meta property=\"og:image:type\" content=\"image\/jpeg\" \/>\n<meta name=\"twitter:card\" content=\"summary_large_image\" \/>\n<script type=\"application\/ld+json\" class=\"yoast-schema-graph\">{\"@context\":\"https:\\\/\\\/schema.org\",\"@graph\":[{\"@type\":\"WebPage\",\"@id\":\"https:\\\/\\\/voltride.com\\\/et\\\/paikseprillid-tsg-loam\\\/\",\"url\":\"https:\\\/\\\/voltride.com\\\/et\\\/paikseprillid-tsg-loam\\\/\",\"name\":\"P\u00e4ikseprillid TSG Loam | Voltride\",\"isPartOf\":{\"@id\":\"https:\\\/\\\/voltride.com\\\/et\\\/#website\"},\"primaryImageOfPage\":{\"@id\":\"https:\\\/\\\/voltride.com\\\/et\\\/paikseprillid-tsg-loam\\\/#primaryimage\"},\"image\":{\"@id\":\"https:\\\/\\\/voltride.com\\\/et\\\/paikseprillid-tsg-loam\\\/#primaryimage\"},\"thumbnailUrl\":\"https:\\\/\\\/voltride.com\\\/wp-content\\\/uploads\\\/2026\\\/03\\\/6972-689b37b5b0e61830109177-tsg-loam-sunglasses-cycling-glasses-1.jpg\",\"datePublished\":\"2026-03-26T00:14:40+00:00\",\"dateModified\":\"2026-03-29T19:35:09+00:00\",\"breadcrumb\":{\"@id\":\"https:\\\/\\\/voltride.com\\\/et\\\/paikseprillid-tsg-loam\\\/#breadcrumb\"},\"inLanguage\":\"et\",\"potentialAction\":[{\"@type\":\"ReadAction\",\"target\":[\"https:\\\/\\\/voltride.com\\\/et\\\/paikseprillid-tsg-loam\\\/\"]}]},{\"@type\":\"ImageObject\",\"inLanguage\":\"et\",\"@id\":\"https:\\\/\\\/voltride.com\\\/et\\\/paikseprillid-tsg-loam\\\/#primaryimage\",\"url\":\"https:\\\/\\\/voltride.com\\\/wp-content\\\/uploads\\\/2026\\\/03\\\/6972-689b37b5b0e61830109177-tsg-loam-sunglasses-cycling-glasses-1.jpg\",\"contentUrl\":\"https:\\\/\\\/voltride.com\\\/wp-content\\\/uploads\\\/2026\\\/03\\\/6972-689b37b5b0e61830109177-tsg-loam-sunglasses-cycling-glasses-1.jpg\",\"width\":1000,\"height\":1000},{\"@type\":\"BreadcrumbList\",\"@id\":\"https:\\\/\\\/voltride.com\\\/et\\\/paikseprillid-tsg-loam\\\/#breadcrumb\",\"itemListElement\":[{\"@type\":\"ListItem\",\"position\":1,\"name\":\"Kodu\",\"item\":\"https:\\\/\\\/voltride.com\\\/et\\\/\"},{\"@type\":\"ListItem\",\"position\":2,\"name\":\"Pood\",\"item\":\"https:\\\/\\\/voltride.com\\\/et\\\/e-pood\\\/\"},{\"@type\":\"ListItem\",\"position\":3,\"name\":\"Lisavarustus\",\"item\":\"https:\\\/\\\/voltride.com\\\/et\\\/lisavarustus\\\/\"},{\"@type\":\"ListItem\",\"position\":4,\"name\":\"Prillid\",\"item\":\"https:\\\/\\\/voltride.com\\\/et\\\/prillid\\\/\"},{\"@type\":\"ListItem\",\"position\":5,\"name\":\"P\u00e4ikseprillid TSG Loam\"}]},{\"@type\":\"WebSite\",\"@id\":\"https:\\\/\\\/voltride.com\\\/et\\\/#website\",\"url\":\"https:\\\/\\\/voltride.com\\\/et\\\/\",\"name\":\"Voltride\",\"description\":\"Parim elektrirataste elektrit\u00f5ukside ja \u00fcksrataste pood ja remont\",\"publisher\":{\"@id\":\"https:\\\/\\\/voltride.com\\\/et\\\/#organization\"},\"alternateName\":\"Vr\",\"potentialAction\":[{\"@type\":\"SearchAction\",\"target\":{\"@type\":\"EntryPoint\",\"urlTemplate\":\"https:\\\/\\\/voltride.com\\\/et\\\/?s={search_term_string}\"},\"query-input\":{\"@type\":\"PropertyValueSpecification\",\"valueRequired\":true,\"valueName\":\"search_term_string\"}}],\"inLanguage\":\"et\"},{\"@type\":[\"Organization\",\"Place\"],\"@id\":\"https:\\\/\\\/voltride.com\\\/et\\\/#organization\",\"name\":\"Voltride\",\"alternateName\":\"VR\",\"url\":\"https:\\\/\\\/voltride.com\\\/et\\\/\",\"logo\":{\"@id\":\"https:\\\/\\\/voltride.com\\\/et\\\/paikseprillid-tsg-loam\\\/#local-main-organization-logo\"},\"image\":{\"@id\":\"https:\\\/\\\/voltride.com\\\/et\\\/paikseprillid-tsg-loam\\\/#local-main-organization-logo\"},\"sameAs\":[\"https:\\\/\\\/www.facebook.com\\\/voltridecom\\\/\"],\"legalName\":\"Voltride O\u00dc\",\"numberOfEmployees\":{\"@type\":\"QuantitativeValue\",\"minValue\":\"1\",\"maxValue\":\"10\"},\"ownershipFundingInfo\":\"https:\\\/\\\/voltride.com\\\/about-us\\\/\",\"hasMerchantReturnPolicy\":{\"@type\":\"MerchantReturnPolicy\",\"merchantReturnLink\":\"https:\\\/\\\/voltride.com\\\/shipping-and-returns\\\/\"},\"address\":{\"@id\":\"https:\\\/\\\/voltride.com\\\/et\\\/paikseprillid-tsg-loam\\\/#local-main-place-address\"},\"geo\":{\"@type\":\"GeoCoordinates\",\"latitude\":\"59.439554\",\"longitude\":\"24.726644\"},\"telephone\":[\"+372 600 40 99\"],\"contactPoint\":{\"@type\":\"ContactPoint\",\"telephone\":\"+372 600 40 99\",\"email\":\"info@voltride.com\"},\"openingHoursSpecification\":[{\"@type\":\"OpeningHoursSpecification\",\"dayOfWeek\":[\"Monday\",\"Tuesday\",\"Wednesday\",\"Thursday\",\"Friday\"],\"opens\":\"10:00\",\"closes\":\"18:00\"},{\"@type\":\"OpeningHoursSpecification\",\"dayOfWeek\":[\"Saturday\",\"Sunday\"],\"opens\":\"00:00\",\"closes\":\"00:00\"}],\"email\":\"info@voltride.com\",\"taxID\":\"14871968\"},{\"@type\":\"PostalAddress\",\"@id\":\"https:\\\/\\\/voltride.com\\\/et\\\/paikseprillid-tsg-loam\\\/#local-main-place-address\",\"streetAddress\":\"Voltride Telliskivi 57D\",\"addressLocality\":\"Tallinn\",\"postalCode\":\"10412\",\"addressRegion\":\"Tallinn\",\"addressCountry\":\"EE\"},{\"@type\":\"ImageObject\",\"inLanguage\":\"et\",\"@id\":\"https:\\\/\\\/voltride.com\\\/et\\\/paikseprillid-tsg-loam\\\/#local-main-organization-logo\",\"url\":\"https:\\\/\\\/voltride.com\\\/wp-content\\\/uploads\\\/voltride-logo.png\",\"contentUrl\":\"https:\\\/\\\/voltride.com\\\/wp-content\\\/uploads\\\/voltride-logo.png\",\"width\":2481,\"height\":620,\"caption\":\"Voltride\"}]}<\/script>\n<meta property=\"product:price:amount\" content=\"89.99\" \/>\n<meta property=\"product:price:currency\" content=\"EUR\" \/>\n<meta property=\"og:availability\" content=\"instock\" \/>\n<meta property=\"product:availability\" content=\"instock\" \/>\n<meta property=\"product:retailer_item_id\" content=\"TGGL001\" \/>\n<meta property=\"product:condition\" content=\"new\" \/>\n<meta name=\"geo.placename\" content=\"Tallinn\" \/>\n<meta name=\"geo.position\" content=\"59.439554;24.726644\" \/>\n<meta name=\"geo.region\" content=\"Estonia\" \/>\n<!-- \/ Yoast SEO Premium plugin. -->","yoast_head_json":{"title":"P\u00e4ikseprillid TSG Loam | Voltride","robots":{"index":"index","follow":"follow","max-snippet":"max-snippet:-1","max-image-preview":"max-image-preview:large","max-video-preview":"max-video-preview:-1"},"canonical":"https:\/\/voltride.com\/et\/paikseprillid-tsg-loam\/","og_locale":"et_EE","og_type":"article","og_title":"P\u00e4ikseprillid TSG Loam | Voltride","og_description":"TSG Loam p\u00e4ikeseprillid TSG Loam on sportlikud \u00fcmber pea hoidvad p\u00e4ikeseprillid, mis on loodud eelk\u00f5ige m\u00e4giratturitele, kuid sobivad ka igasuguseks","og_url":"https:\/\/voltride.com\/et\/paikseprillid-tsg-loam\/","og_site_name":"Voltride","article_publisher":"https:\/\/www.facebook.com\/voltridecom\/","article_modified_time":"2026-03-29T19:35:09+00:00","og_image":[{"width":1000,"height":1000,"url":"https:\/\/voltride.com\/wp-content\/uploads\/2026\/03\/6972-689b37b5b0e61830109177-tsg-loam-sunglasses-cycling-glasses-1.jpg","type":"image\/jpeg"}],"twitter_card":"summary_large_image","schema":{"@context":"https:\/\/schema.org","@graph":[{"@type":"WebPage","@id":"https:\/\/voltride.com\/et\/paikseprillid-tsg-loam\/","url":"https:\/\/voltride.com\/et\/paikseprillid-tsg-loam\/","name":"P\u00e4ikseprillid TSG Loam | Voltride","isPartOf":{"@id":"https:\/\/voltride.com\/et\/#website"},"primaryImageOfPage":{"@id":"https:\/\/voltride.com\/et\/paikseprillid-tsg-loam\/#primaryimage"},"image":{"@id":"https:\/\/voltride.com\/et\/paikseprillid-tsg-loam\/#primaryimage"},"thumbnailUrl":"https:\/\/voltride.com\/wp-content\/uploads\/2026\/03\/6972-689b37b5b0e61830109177-tsg-loam-sunglasses-cycling-glasses-1.jpg","datePublished":"2026-03-26T00:14:40+00:00","dateModified":"2026-03-29T19:35:09+00:00","breadcrumb":{"@id":"https:\/\/voltride.com\/et\/paikseprillid-tsg-loam\/#breadcrumb"},"inLanguage":"et","potentialAction":[{"@type":"ReadAction","target":["https:\/\/voltride.com\/et\/paikseprillid-tsg-loam\/"]}]},{"@type":"ImageObject","inLanguage":"et","@id":"https:\/\/voltride.com\/et\/paikseprillid-tsg-loam\/#primaryimage","url":"https:\/\/voltride.com\/wp-content\/uploads\/2026\/03\/6972-689b37b5b0e61830109177-tsg-loam-sunglasses-cycling-glasses-1.jpg","contentUrl":"https:\/\/voltride.com\/wp-content\/uploads\/2026\/03\/6972-689b37b5b0e61830109177-tsg-loam-sunglasses-cycling-glasses-1.jpg","width":1000,"height":1000},{"@type":"BreadcrumbList","@id":"https:\/\/voltride.com\/et\/paikseprillid-tsg-loam\/#breadcrumb","itemListElement":[{"@type":"ListItem","position":1,"name":"Kodu","item":"https:\/\/voltride.com\/et\/"},{"@type":"ListItem","position":2,"name":"Pood","item":"https:\/\/voltride.com\/et\/e-pood\/"},{"@type":"ListItem","position":3,"name":"Lisavarustus","item":"https:\/\/voltride.com\/et\/lisavarustus\/"},{"@type":"ListItem","position":4,"name":"Prillid","item":"https:\/\/voltride.com\/et\/prillid\/"},{"@type":"ListItem","position":5,"name":"P\u00e4ikseprillid TSG Loam"}]},{"@type":"WebSite","@id":"https:\/\/voltride.com\/et\/#website","url":"https:\/\/voltride.com\/et\/","name":"Voltride","description":"Parim elektrirataste elektrit\u00f5ukside ja \u00fcksrataste pood ja remont","publisher":{"@id":"https:\/\/voltride.com\/et\/#organization"},"alternateName":"Vr","potentialAction":[{"@type":"SearchAction","target":{"@type":"EntryPoint","urlTemplate":"https:\/\/voltride.com\/et\/?s={search_term_string}"},"query-input":{"@type":"PropertyValueSpecification","valueRequired":true,"valueName":"search_term_string"}}],"inLanguage":"et"},{"@type":["Organization","Place"],"@id":"https:\/\/voltride.com\/et\/#organization","name":"Voltride","alternateName":"VR","url":"https:\/\/voltride.com\/et\/","logo":{"@id":"https:\/\/voltride.com\/et\/paikseprillid-tsg-loam\/#local-main-organization-logo"},"image":{"@id":"https:\/\/voltride.com\/et\/paikseprillid-tsg-loam\/#local-main-organization-logo"},"sameAs":["https:\/\/www.facebook.com\/voltridecom\/"],"legalName":"Voltride O\u00dc","numberOfEmployees":{"@type":"QuantitativeValue","minValue":"1","maxValue":"10"},"ownershipFundingInfo":"https:\/\/voltride.com\/about-us\/","hasMerchantReturnPolicy":{"@type":"MerchantReturnPolicy","merchantReturnLink":"https:\/\/voltride.com\/shipping-and-returns\/"},"address":{"@id":"https:\/\/voltride.com\/et\/paikseprillid-tsg-loam\/#local-main-place-address"},"geo":{"@type":"GeoCoordinates","latitude":"59.439554","longitude":"24.726644"},"telephone":["+372 600 40 99"],"contactPoint":{"@type":"ContactPoint","telephone":"+372 600 40 99","email":"info@voltride.com"},"openingHoursSpecification":[{"@type":"OpeningHoursSpecification","dayOfWeek":["Monday","Tuesday","Wednesday","Thursday","Friday"],"opens":"10:00","closes":"18:00"},{"@type":"OpeningHoursSpecification","dayOfWeek":["Saturday","Sunday"],"opens":"00:00","closes":"00:00"}],"email":"info@voltride.com","taxID":"14871968"},{"@type":"PostalAddress","@id":"https:\/\/voltride.com\/et\/paikseprillid-tsg-loam\/#local-main-place-address","streetAddress":"Voltride Telliskivi 57D","addressLocality":"Tallinn","postalCode":"10412","addressRegion":"Tallinn","addressCountry":"EE"},{"@type":"ImageObject","inLanguage":"et","@id":"https:\/\/voltride.com\/et\/paikseprillid-tsg-loam\/#local-main-organization-logo","url":"https:\/\/voltride.com\/wp-content\/uploads\/voltride-logo.png","contentUrl":"https:\/\/voltride.com\/wp-content\/uploads\/voltride-logo.png","width":2481,"height":620,"caption":"Voltride"}]},"product_price_amount":"89.99","product_price_currency":"EUR","og_availability":"instock","product_availability":"instock","product_retailer_item_id":"TGGL001","product_condition":"new","geo.placename":"Tallinn","geo.position":{"lat":"59.439554","long":"24.726644"},"geo.region":"Estonia"},"_links":{"self":[{"href":"https:\/\/voltride.com\/et\/wp-json\/wp\/v2\/product\/19836","targetHints":{"allow":["GET"]}}],"collection":[{"href":"https:\/\/voltride.com\/et\/wp-json\/wp\/v2\/product"}],"about":[{"href":"https:\/\/voltride.com\/et\/wp-json\/wp\/v2\/types\/product"}],"replies":[{"embeddable":true,"href":"https:\/\/voltride.com\/et\/wp-json\/wp\/v2\/comments?post=19836"}],"wp:featuredmedia":[{"embeddable":true,"href":"https:\/\/voltride.com\/et\/wp-json\/wp\/v2\/media\/23489"}],"wp:attachment":[{"href":"https:\/\/voltride.com\/et\/wp-json\/wp\/v2\/media?parent=19836"}],"wp:term":[{"taxonomy":"product_brand","embeddable":true,"href":"https:\/\/voltride.com\/et\/wp-json\/wp\/v2\/product_brand?post=19836"},{"taxonomy":"product_cat","embeddable":true,"href":"https:\/\/voltride.com\/et\/wp-json\/wp\/v2\/product_cat?post=19836"},{"taxonomy":"product_tag","embeddable":true,"href":"https:\/\/voltride.com\/et\/wp-json\/wp\/v2\/product_tag?post=19836"}],"curies":[{"name":"wp","href":"https:\/\/api.w.org\/{rel}","templated":true}]}}