{"id":23330,"date":"2026-03-26T01:57:06","date_gmt":"2026-03-25T23:57:06","guid":{"rendered":"https:\/\/voltride.com\/lisagarantii-onewheel-gt-s-series-1-aasta\/"},"modified":"2026-04-09T09:56:42","modified_gmt":"2026-04-09T07:56:42","slug":"lisagarantii-onewheel-gt-s-series-1-aasta","status":"publish","type":"product","link":"https:\/\/voltride.com\/et\/lisagarantii-onewheel-gt-s-series-1-aasta\/","title":{"rendered":"Lisagarantii Onewheel GT S-Series 1 aasta"},"content":{"rendered":"<h2>Lisagarantii Onewheel GT S-Series 1 aasta<\/h2>\n<p>Onewheel GT S-Series lisagarantii on vabatahtlik tasuline garantii, mis pikendab tarbija seadusest tulenevate \u00f5iguste ja Voltride\u2019i tarbijagarantii kehtivusaega ja\/v\u00f5i ulatust \u00fche aasta v\u00f5rra.<\/p>\n<p>Pikendatud garantii ei asenda ega piira tarbija seadusest tulenevaid \u00f5igusi.<\/p>\n<p>Pikendatud garantiile rakenduvad k\u00f5ik tarbijagarantii tingimused, v\u00e4listused ja hooldusn\u00f5uded, mis on v\u00e4lja toodud Voltride&#8217;i <a href=\"https:\/\/voltride.com\/et\/garantii\/\">garantiitingimustes.<\/a><\/p>\n<p>Pikendatud garantii kehtib \u00fcksnes toote algsele ostjale.<\/p>\n<p>Pikendatud garantii kehtib ainult isiklikuks kasutamiseks ostetud toodetele ning ei kohaldu \u00e4rilisel eesm\u00e4rgil ostetud toodetele.<\/p>\n<p>K\u00e4esolevat garantiid tuleb lugeda koos Voltride\u2019i <a href=\"https:\/\/voltride.com\/et\/uldtingimused\/\">\u00fcldtingimustega<\/a>.<\/p>\n","protected":false},"excerpt":{"rendered":"<p>Lisagarantii Onewheel GT S-Series 1 aasta Onewheel GT S-Series lisagarantii on vabatahtlik tasuline garantii, mis pikendab tarbija seadusest tulenevate \u00f5iguste<\/p>\n","protected":false},"featured_media":20153,"comment_status":"open","ping_status":"closed","template":"","meta":[],"product_brand":[],"product_cat":[751,15],"product_tag":[],"class_list":{"0":"post-23330","1":"product","2":"type-product","3":"status-publish","4":"has-post-thumbnail","6":"product_cat-teenused","7":"product_cat-uncategorized","9":"first","10":"instock","11":"taxable","12":"shipping-taxable","13":"purchasable","14":"product-type-simple"},"yoast_head":"<!-- This site is optimized with the Yoast SEO Premium plugin v27.3 (Yoast SEO v27.4) - https:\/\/yoast.com\/product\/yoast-seo-premium-wordpress\/ -->\n<title>Lisagarantii Onewheel GT S-Series 1 aasta | Voltride<\/title>\n<meta name=\"robots\" content=\"index, follow, max-snippet:-1, max-image-preview:large, max-video-preview:-1\" \/>\n<link rel=\"canonical\" href=\"https:\/\/voltride.com\/et\/lisagarantii-onewheel-gt-s-series-1-aasta\/\" \/>\n<meta property=\"og:locale\" content=\"et_EE\" \/>\n<meta property=\"og:type\" content=\"article\" \/>\n<meta property=\"og:title\" content=\"Lisagarantii Onewheel GT S-Series 1 aasta | Voltride\" \/>\n<meta property=\"og:description\" content=\"Lisagarantii Onewheel GT S-Series 1 aasta Onewheel GT S-Series lisagarantii on vabatahtlik tasuline garantii, mis pikendab tarbija seadusest tulenevate \u00f5iguste\" \/>\n<meta property=\"og:url\" content=\"https:\/\/voltride.com\/et\/lisagarantii-onewheel-gt-s-series-1-aasta\/\" \/>\n<meta property=\"og:site_name\" content=\"Voltride\" \/>\n<meta property=\"article:publisher\" content=\"https:\/\/www.facebook.com\/voltridecom\/\" \/>\n<meta property=\"article:modified_time\" content=\"2026-04-09T07:56:42+00:00\" \/>\n<meta property=\"og:image\" content=\"https:\/\/voltride.com\/wp-content\/uploads\/2026\/03\/voltride-lisagarantii.png\" \/>\n\t<meta property=\"og:image:width\" content=\"1200\" \/>\n\t<meta property=\"og:image:height\" content=\"1200\" \/>\n\t<meta property=\"og:image:type\" content=\"image\/png\" \/>\n<meta name=\"twitter:card\" content=\"summary_large_image\" \/>\n<script type=\"application\/ld+json\" class=\"yoast-schema-graph\">{\"@context\":\"https:\\\/\\\/schema.org\",\"@graph\":[{\"@type\":\"WebPage\",\"@id\":\"https:\\\/\\\/voltride.com\\\/et\\\/lisagarantii-onewheel-gt-s-series-1-aasta\\\/\",\"url\":\"https:\\\/\\\/voltride.com\\\/et\\\/lisagarantii-onewheel-gt-s-series-1-aasta\\\/\",\"name\":\"Lisagarantii Onewheel GT S-Series 1 aasta | Voltride\",\"isPartOf\":{\"@id\":\"https:\\\/\\\/voltride.com\\\/et\\\/#website\"},\"primaryImageOfPage\":{\"@id\":\"https:\\\/\\\/voltride.com\\\/et\\\/lisagarantii-onewheel-gt-s-series-1-aasta\\\/#primaryimage\"},\"image\":{\"@id\":\"https:\\\/\\\/voltride.com\\\/et\\\/lisagarantii-onewheel-gt-s-series-1-aasta\\\/#primaryimage\"},\"thumbnailUrl\":\"https:\\\/\\\/voltride.com\\\/wp-content\\\/uploads\\\/2026\\\/03\\\/voltride-lisagarantii.png\",\"datePublished\":\"2026-03-25T23:57:06+00:00\",\"dateModified\":\"2026-04-09T07:56:42+00:00\",\"breadcrumb\":{\"@id\":\"https:\\\/\\\/voltride.com\\\/et\\\/lisagarantii-onewheel-gt-s-series-1-aasta\\\/#breadcrumb\"},\"inLanguage\":\"et\",\"potentialAction\":[{\"@type\":\"ReadAction\",\"target\":[\"https:\\\/\\\/voltride.com\\\/et\\\/lisagarantii-onewheel-gt-s-series-1-aasta\\\/\"]}]},{\"@type\":\"ImageObject\",\"inLanguage\":\"et\",\"@id\":\"https:\\\/\\\/voltride.com\\\/et\\\/lisagarantii-onewheel-gt-s-series-1-aasta\\\/#primaryimage\",\"url\":\"https:\\\/\\\/voltride.com\\\/wp-content\\\/uploads\\\/2026\\\/03\\\/voltride-lisagarantii.png\",\"contentUrl\":\"https:\\\/\\\/voltride.com\\\/wp-content\\\/uploads\\\/2026\\\/03\\\/voltride-lisagarantii.png\",\"width\":1200,\"height\":1200},{\"@type\":\"BreadcrumbList\",\"@id\":\"https:\\\/\\\/voltride.com\\\/et\\\/lisagarantii-onewheel-gt-s-series-1-aasta\\\/#breadcrumb\",\"itemListElement\":[{\"@type\":\"ListItem\",\"position\":1,\"name\":\"Kodu\",\"item\":\"https:\\\/\\\/voltride.com\\\/et\\\/\"},{\"@type\":\"ListItem\",\"position\":2,\"name\":\"Pood\",\"item\":\"https:\\\/\\\/voltride.com\\\/et\\\/e-pood\\\/\"},{\"@type\":\"ListItem\",\"position\":3,\"name\":\"Teenused\",\"item\":\"https:\\\/\\\/voltride.com\\\/et\\\/teenused\\\/\"},{\"@type\":\"ListItem\",\"position\":4,\"name\":\"Lisagarantii Onewheel GT S-Series 1 aasta\"}]},{\"@type\":\"WebSite\",\"@id\":\"https:\\\/\\\/voltride.com\\\/et\\\/#website\",\"url\":\"https:\\\/\\\/voltride.com\\\/et\\\/\",\"name\":\"Voltride\",\"description\":\"Parim elektrirataste elektrit\u00f5ukside ja \u00fcksrataste pood ja remont\",\"publisher\":{\"@id\":\"https:\\\/\\\/voltride.com\\\/et\\\/#organization\"},\"alternateName\":\"Vr\",\"potentialAction\":[{\"@type\":\"SearchAction\",\"target\":{\"@type\":\"EntryPoint\",\"urlTemplate\":\"https:\\\/\\\/voltride.com\\\/et\\\/?s={search_term_string}\"},\"query-input\":{\"@type\":\"PropertyValueSpecification\",\"valueRequired\":true,\"valueName\":\"search_term_string\"}}],\"inLanguage\":\"et\"},{\"@type\":[\"Organization\",\"Place\"],\"@id\":\"https:\\\/\\\/voltride.com\\\/et\\\/#organization\",\"name\":\"Voltride\",\"alternateName\":\"VR\",\"url\":\"https:\\\/\\\/voltride.com\\\/et\\\/\",\"logo\":{\"@id\":\"https:\\\/\\\/voltride.com\\\/et\\\/lisagarantii-onewheel-gt-s-series-1-aasta\\\/#local-main-organization-logo\"},\"image\":{\"@id\":\"https:\\\/\\\/voltride.com\\\/et\\\/lisagarantii-onewheel-gt-s-series-1-aasta\\\/#local-main-organization-logo\"},\"sameAs\":[\"https:\\\/\\\/www.facebook.com\\\/voltridecom\\\/\"],\"legalName\":\"Voltride O\u00dc\",\"numberOfEmployees\":{\"@type\":\"QuantitativeValue\",\"minValue\":\"1\",\"maxValue\":\"10\"},\"ownershipFundingInfo\":\"https:\\\/\\\/voltride.com\\\/about-us\\\/\",\"hasMerchantReturnPolicy\":{\"@type\":\"MerchantReturnPolicy\",\"merchantReturnLink\":\"https:\\\/\\\/voltride.com\\\/shipping-and-returns\\\/\"},\"address\":{\"@id\":\"https:\\\/\\\/voltride.com\\\/et\\\/lisagarantii-onewheel-gt-s-series-1-aasta\\\/#local-main-place-address\"},\"geo\":{\"@type\":\"GeoCoordinates\",\"latitude\":\"59.439554\",\"longitude\":\"24.726644\"},\"telephone\":[\"+372 600 40 99\"],\"contactPoint\":{\"@type\":\"ContactPoint\",\"telephone\":\"+372 600 40 99\",\"email\":\"info@voltride.com\"},\"openingHoursSpecification\":[{\"@type\":\"OpeningHoursSpecification\",\"dayOfWeek\":[\"Monday\",\"Tuesday\",\"Wednesday\",\"Thursday\",\"Friday\"],\"opens\":\"10:00\",\"closes\":\"18:00\"},{\"@type\":\"OpeningHoursSpecification\",\"dayOfWeek\":[\"Saturday\",\"Sunday\"],\"opens\":\"00:00\",\"closes\":\"00:00\"}],\"email\":\"info@voltride.com\",\"taxID\":\"14871968\"},{\"@type\":\"PostalAddress\",\"@id\":\"https:\\\/\\\/voltride.com\\\/et\\\/lisagarantii-onewheel-gt-s-series-1-aasta\\\/#local-main-place-address\",\"streetAddress\":\"Voltride Telliskivi 57D\",\"addressLocality\":\"Tallinn\",\"postalCode\":\"10412\",\"addressRegion\":\"Tallinn\",\"addressCountry\":\"EE\"},{\"@type\":\"ImageObject\",\"inLanguage\":\"et\",\"@id\":\"https:\\\/\\\/voltride.com\\\/et\\\/lisagarantii-onewheel-gt-s-series-1-aasta\\\/#local-main-organization-logo\",\"url\":\"https:\\\/\\\/voltride.com\\\/wp-content\\\/uploads\\\/voltride-logo.png\",\"contentUrl\":\"https:\\\/\\\/voltride.com\\\/wp-content\\\/uploads\\\/voltride-logo.png\",\"width\":2481,\"height\":620,\"caption\":\"Voltride\"}]}<\/script>\n<meta property=\"product:price:amount\" content=\"481.25\" \/>\n<meta property=\"product:price:currency\" content=\"EUR\" \/>\n<meta property=\"og:availability\" content=\"instock\" \/>\n<meta property=\"product:availability\" content=\"instock\" \/>\n<meta property=\"product:retailer_item_id\" content=\"VRGA-OWOW404\" \/>\n<meta property=\"product:condition\" content=\"new\" \/>\n<meta name=\"geo.placename\" content=\"Tallinn\" \/>\n<meta name=\"geo.position\" content=\"59.439554;24.726644\" \/>\n<meta name=\"geo.region\" content=\"Estonia\" \/>\n<!-- \/ Yoast SEO Premium plugin. -->","yoast_head_json":{"title":"Lisagarantii Onewheel GT S-Series 1 aasta | Voltride","robots":{"index":"index","follow":"follow","max-snippet":"max-snippet:-1","max-image-preview":"max-image-preview:large","max-video-preview":"max-video-preview:-1"},"canonical":"https:\/\/voltride.com\/et\/lisagarantii-onewheel-gt-s-series-1-aasta\/","og_locale":"et_EE","og_type":"article","og_title":"Lisagarantii Onewheel GT S-Series 1 aasta | Voltride","og_description":"Lisagarantii Onewheel GT S-Series 1 aasta Onewheel GT S-Series lisagarantii on vabatahtlik tasuline garantii, mis pikendab tarbija seadusest tulenevate \u00f5iguste","og_url":"https:\/\/voltride.com\/et\/lisagarantii-onewheel-gt-s-series-1-aasta\/","og_site_name":"Voltride","article_publisher":"https:\/\/www.facebook.com\/voltridecom\/","article_modified_time":"2026-04-09T07:56:42+00:00","og_image":[{"width":1200,"height":1200,"url":"https:\/\/voltride.com\/wp-content\/uploads\/2026\/03\/voltride-lisagarantii.png","type":"image\/png"}],"twitter_card":"summary_large_image","schema":{"@context":"https:\/\/schema.org","@graph":[{"@type":"WebPage","@id":"https:\/\/voltride.com\/et\/lisagarantii-onewheel-gt-s-series-1-aasta\/","url":"https:\/\/voltride.com\/et\/lisagarantii-onewheel-gt-s-series-1-aasta\/","name":"Lisagarantii Onewheel GT S-Series 1 aasta | Voltride","isPartOf":{"@id":"https:\/\/voltride.com\/et\/#website"},"primaryImageOfPage":{"@id":"https:\/\/voltride.com\/et\/lisagarantii-onewheel-gt-s-series-1-aasta\/#primaryimage"},"image":{"@id":"https:\/\/voltride.com\/et\/lisagarantii-onewheel-gt-s-series-1-aasta\/#primaryimage"},"thumbnailUrl":"https:\/\/voltride.com\/wp-content\/uploads\/2026\/03\/voltride-lisagarantii.png","datePublished":"2026-03-25T23:57:06+00:00","dateModified":"2026-04-09T07:56:42+00:00","breadcrumb":{"@id":"https:\/\/voltride.com\/et\/lisagarantii-onewheel-gt-s-series-1-aasta\/#breadcrumb"},"inLanguage":"et","potentialAction":[{"@type":"ReadAction","target":["https:\/\/voltride.com\/et\/lisagarantii-onewheel-gt-s-series-1-aasta\/"]}]},{"@type":"ImageObject","inLanguage":"et","@id":"https:\/\/voltride.com\/et\/lisagarantii-onewheel-gt-s-series-1-aasta\/#primaryimage","url":"https:\/\/voltride.com\/wp-content\/uploads\/2026\/03\/voltride-lisagarantii.png","contentUrl":"https:\/\/voltride.com\/wp-content\/uploads\/2026\/03\/voltride-lisagarantii.png","width":1200,"height":1200},{"@type":"BreadcrumbList","@id":"https:\/\/voltride.com\/et\/lisagarantii-onewheel-gt-s-series-1-aasta\/#breadcrumb","itemListElement":[{"@type":"ListItem","position":1,"name":"Kodu","item":"https:\/\/voltride.com\/et\/"},{"@type":"ListItem","position":2,"name":"Pood","item":"https:\/\/voltride.com\/et\/e-pood\/"},{"@type":"ListItem","position":3,"name":"Teenused","item":"https:\/\/voltride.com\/et\/teenused\/"},{"@type":"ListItem","position":4,"name":"Lisagarantii Onewheel GT S-Series 1 aasta"}]},{"@type":"WebSite","@id":"https:\/\/voltride.com\/et\/#website","url":"https:\/\/voltride.com\/et\/","name":"Voltride","description":"Parim elektrirataste elektrit\u00f5ukside ja \u00fcksrataste pood ja remont","publisher":{"@id":"https:\/\/voltride.com\/et\/#organization"},"alternateName":"Vr","potentialAction":[{"@type":"SearchAction","target":{"@type":"EntryPoint","urlTemplate":"https:\/\/voltride.com\/et\/?s={search_term_string}"},"query-input":{"@type":"PropertyValueSpecification","valueRequired":true,"valueName":"search_term_string"}}],"inLanguage":"et"},{"@type":["Organization","Place"],"@id":"https:\/\/voltride.com\/et\/#organization","name":"Voltride","alternateName":"VR","url":"https:\/\/voltride.com\/et\/","logo":{"@id":"https:\/\/voltride.com\/et\/lisagarantii-onewheel-gt-s-series-1-aasta\/#local-main-organization-logo"},"image":{"@id":"https:\/\/voltride.com\/et\/lisagarantii-onewheel-gt-s-series-1-aasta\/#local-main-organization-logo"},"sameAs":["https:\/\/www.facebook.com\/voltridecom\/"],"legalName":"Voltride O\u00dc","numberOfEmployees":{"@type":"QuantitativeValue","minValue":"1","maxValue":"10"},"ownershipFundingInfo":"https:\/\/voltride.com\/about-us\/","hasMerchantReturnPolicy":{"@type":"MerchantReturnPolicy","merchantReturnLink":"https:\/\/voltride.com\/shipping-and-returns\/"},"address":{"@id":"https:\/\/voltride.com\/et\/lisagarantii-onewheel-gt-s-series-1-aasta\/#local-main-place-address"},"geo":{"@type":"GeoCoordinates","latitude":"59.439554","longitude":"24.726644"},"telephone":["+372 600 40 99"],"contactPoint":{"@type":"ContactPoint","telephone":"+372 600 40 99","email":"info@voltride.com"},"openingHoursSpecification":[{"@type":"OpeningHoursSpecification","dayOfWeek":["Monday","Tuesday","Wednesday","Thursday","Friday"],"opens":"10:00","closes":"18:00"},{"@type":"OpeningHoursSpecification","dayOfWeek":["Saturday","Sunday"],"opens":"00:00","closes":"00:00"}],"email":"info@voltride.com","taxID":"14871968"},{"@type":"PostalAddress","@id":"https:\/\/voltride.com\/et\/lisagarantii-onewheel-gt-s-series-1-aasta\/#local-main-place-address","streetAddress":"Voltride Telliskivi 57D","addressLocality":"Tallinn","postalCode":"10412","addressRegion":"Tallinn","addressCountry":"EE"},{"@type":"ImageObject","inLanguage":"et","@id":"https:\/\/voltride.com\/et\/lisagarantii-onewheel-gt-s-series-1-aasta\/#local-main-organization-logo","url":"https:\/\/voltride.com\/wp-content\/uploads\/voltride-logo.png","contentUrl":"https:\/\/voltride.com\/wp-content\/uploads\/voltride-logo.png","width":2481,"height":620,"caption":"Voltride"}]},"product_price_amount":"481.25","product_price_currency":"EUR","og_availability":"instock","product_availability":"instock","product_retailer_item_id":"VRGA-OWOW404","product_condition":"new","geo.placename":"Tallinn","geo.position":{"lat":"59.439554","long":"24.726644"},"geo.region":"Estonia"},"_links":{"self":[{"href":"https:\/\/voltride.com\/et\/wp-json\/wp\/v2\/product\/23330","targetHints":{"allow":["GET"]}}],"collection":[{"href":"https:\/\/voltride.com\/et\/wp-json\/wp\/v2\/product"}],"about":[{"href":"https:\/\/voltride.com\/et\/wp-json\/wp\/v2\/types\/product"}],"replies":[{"embeddable":true,"href":"https:\/\/voltride.com\/et\/wp-json\/wp\/v2\/comments?post=23330"}],"wp:featuredmedia":[{"embeddable":true,"href":"https:\/\/voltride.com\/et\/wp-json\/wp\/v2\/media\/20153"}],"wp:attachment":[{"href":"https:\/\/voltride.com\/et\/wp-json\/wp\/v2\/media?parent=23330"}],"wp:term":[{"taxonomy":"product_brand","embeddable":true,"href":"https:\/\/voltride.com\/et\/wp-json\/wp\/v2\/product_brand?post=23330"},{"taxonomy":"product_cat","embeddable":true,"href":"https:\/\/voltride.com\/et\/wp-json\/wp\/v2\/product_cat?post=23330"},{"taxonomy":"product_tag","embeddable":true,"href":"https:\/\/voltride.com\/et\/wp-json\/wp\/v2\/product_tag?post=23330"}],"curies":[{"name":"wp","href":"https:\/\/api.w.org\/{rel}","templated":true}]}}