{"id":23755,"date":"2026-03-24T13:29:39","date_gmt":"2026-03-24T11:29:39","guid":{"rendered":"https:\/\/voltride.com\/riese_muller_delite5\/"},"modified":"2026-04-15T08:51:20","modified_gmt":"2026-04-15T06:51:20","slug":"riese_muller_delite5","status":"publish","type":"product","link":"https:\/\/voltride.com\/et\/riese_muller_delite5\/","title":{"rendered":"Riese &amp; M\u00fcller Delite5"},"content":{"rendered":"","protected":false},"excerpt":{"rendered":"<p><strong>Riese &amp; M\u00fcller Delite5<\/strong> \u2013 t\u00e4isvedrustusega premium-klassi elektriratas<\/p>\n","protected":false},"featured_media":23754,"comment_status":"open","ping_status":"closed","template":"","meta":[],"product_brand":[680],"product_cat":[728],"product_tag":[],"class_list":{"0":"post-23755","1":"product","2":"type-product","3":"status-publish","4":"has-post-thumbnail","6":"product_brand-riese-muller","7":"product_cat-elektriratas","9":"first","10":"instock","11":"sale","12":"taxable","13":"shipping-taxable","14":"purchasable","15":"product-type-variable"},"yoast_head":"<!-- This site is optimized with the Yoast SEO Premium plugin v27.3 (Yoast SEO v27.4) - https:\/\/yoast.com\/product\/yoast-seo-premium-wordpress\/ -->\n<title>Riese &amp; M\u00fcller Delite5 | Voltride<\/title>\n<meta name=\"description\" content=\"Premium-klassi t\u00e4isvedrustusega elektriratas Bosch Performance Line CX mootori, Pinion k\u00e4igukasti ja rihm\u00fclekandega. Loodud mugavuseks, vastupidavuseks ja pikkadeks s\u00f5itudeks.\" \/>\n<meta name=\"robots\" content=\"index, follow, max-snippet:-1, max-image-preview:large, max-video-preview:-1\" \/>\n<link rel=\"canonical\" href=\"https:\/\/voltride.com\/et\/riese_muller_delite5\/\" \/>\n<meta property=\"og:locale\" content=\"et_EE\" \/>\n<meta property=\"og:type\" content=\"article\" \/>\n<meta property=\"og:title\" content=\"Riese &amp; M\u00fcller Delite5 | Voltride\" \/>\n<meta property=\"og:description\" content=\"Premium-klassi t\u00e4isvedrustusega elektriratas Bosch Performance Line CX mootori, Pinion k\u00e4igukasti ja rihm\u00fclekandega. Loodud mugavuseks, vastupidavuseks ja pikkadeks s\u00f5itudeks.\" \/>\n<meta property=\"og:url\" content=\"https:\/\/voltride.com\/et\/riese_muller_delite5\/\" \/>\n<meta property=\"og:site_name\" content=\"Voltride\" \/>\n<meta property=\"article:publisher\" content=\"https:\/\/www.facebook.com\/voltridecom\/\" \/>\n<meta property=\"article:modified_time\" content=\"2026-04-15T06:51:20+00:00\" \/>\n<meta property=\"og:image\" content=\"https:\/\/voltride.com\/wp-content\/uploads\/2026\/04\/riese-muller-delite5-gt-pinion-amber.jpg\" \/>\n\t<meta property=\"og:image:width\" content=\"1500\" \/>\n\t<meta property=\"og:image:height\" content=\"1500\" \/>\n\t<meta property=\"og:image:type\" content=\"image\/jpeg\" \/>\n<meta name=\"twitter:card\" content=\"summary_large_image\" \/>\n<script type=\"application\/ld+json\" class=\"yoast-schema-graph\">{\"@context\":\"https:\\\/\\\/schema.org\",\"@graph\":[{\"@type\":\"WebPage\",\"@id\":\"https:\\\/\\\/voltride.com\\\/et\\\/riese_muller_delite5\\\/\",\"url\":\"https:\\\/\\\/voltride.com\\\/et\\\/riese_muller_delite5\\\/\",\"name\":\"Riese &amp; M\u00fcller Delite5 | Voltride\",\"isPartOf\":{\"@id\":\"https:\\\/\\\/voltride.com\\\/et\\\/#website\"},\"primaryImageOfPage\":{\"@id\":\"https:\\\/\\\/voltride.com\\\/et\\\/riese_muller_delite5\\\/#primaryimage\"},\"image\":{\"@id\":\"https:\\\/\\\/voltride.com\\\/et\\\/riese_muller_delite5\\\/#primaryimage\"},\"thumbnailUrl\":\"https:\\\/\\\/voltride.com\\\/wp-content\\\/uploads\\\/2026\\\/04\\\/riese-muller-delite5-gt-pinion-amber.jpg\",\"datePublished\":\"2026-03-24T11:29:39+00:00\",\"dateModified\":\"2026-04-15T06:51:20+00:00\",\"description\":\"Premium-klassi t\u00e4isvedrustusega elektriratas Bosch Performance Line CX mootori, Pinion k\u00e4igukasti ja rihm\u00fclekandega. Loodud mugavuseks, vastupidavuseks ja pikkadeks s\u00f5itudeks.\",\"breadcrumb\":{\"@id\":\"https:\\\/\\\/voltride.com\\\/et\\\/riese_muller_delite5\\\/#breadcrumb\"},\"inLanguage\":\"et\",\"potentialAction\":[{\"@type\":\"ReadAction\",\"target\":[\"https:\\\/\\\/voltride.com\\\/et\\\/riese_muller_delite5\\\/\"]}]},{\"@type\":\"ImageObject\",\"inLanguage\":\"et\",\"@id\":\"https:\\\/\\\/voltride.com\\\/et\\\/riese_muller_delite5\\\/#primaryimage\",\"url\":\"https:\\\/\\\/voltride.com\\\/wp-content\\\/uploads\\\/2026\\\/04\\\/riese-muller-delite5-gt-pinion-amber.jpg\",\"contentUrl\":\"https:\\\/\\\/voltride.com\\\/wp-content\\\/uploads\\\/2026\\\/04\\\/riese-muller-delite5-gt-pinion-amber.jpg\",\"width\":1500,\"height\":1500,\"caption\":\"K\u00fclgvaade Riese & M\u00fcller Delite5 GT Pinion merevaigukollases v\u00e4rvitoonis elektrirattast.\"},{\"@type\":\"BreadcrumbList\",\"@id\":\"https:\\\/\\\/voltride.com\\\/et\\\/riese_muller_delite5\\\/#breadcrumb\",\"itemListElement\":[{\"@type\":\"ListItem\",\"position\":1,\"name\":\"Kodu\",\"item\":\"https:\\\/\\\/voltride.com\\\/et\\\/\"},{\"@type\":\"ListItem\",\"position\":2,\"name\":\"Pood\",\"item\":\"https:\\\/\\\/voltride.com\\\/et\\\/e-pood\\\/\"},{\"@type\":\"ListItem\",\"position\":3,\"name\":\"Elektrijalgrattad\",\"item\":\"https:\\\/\\\/voltride.com\\\/et\\\/elektriratas\\\/\"},{\"@type\":\"ListItem\",\"position\":4,\"name\":\"Riese &amp; M\u00fcller Delite5\"}]},{\"@type\":\"WebSite\",\"@id\":\"https:\\\/\\\/voltride.com\\\/et\\\/#website\",\"url\":\"https:\\\/\\\/voltride.com\\\/et\\\/\",\"name\":\"Voltride\",\"description\":\"Parim elektrirataste elektrit\u00f5ukside ja \u00fcksrataste pood ja remont\",\"publisher\":{\"@id\":\"https:\\\/\\\/voltride.com\\\/et\\\/#organization\"},\"alternateName\":\"Vr\",\"potentialAction\":[{\"@type\":\"SearchAction\",\"target\":{\"@type\":\"EntryPoint\",\"urlTemplate\":\"https:\\\/\\\/voltride.com\\\/et\\\/?s={search_term_string}\"},\"query-input\":{\"@type\":\"PropertyValueSpecification\",\"valueRequired\":true,\"valueName\":\"search_term_string\"}}],\"inLanguage\":\"et\"},{\"@type\":[\"Organization\",\"Place\"],\"@id\":\"https:\\\/\\\/voltride.com\\\/et\\\/#organization\",\"name\":\"Voltride\",\"alternateName\":\"VR\",\"url\":\"https:\\\/\\\/voltride.com\\\/et\\\/\",\"logo\":{\"@id\":\"https:\\\/\\\/voltride.com\\\/et\\\/riese_muller_delite5\\\/#local-main-organization-logo\"},\"image\":{\"@id\":\"https:\\\/\\\/voltride.com\\\/et\\\/riese_muller_delite5\\\/#local-main-organization-logo\"},\"sameAs\":[\"https:\\\/\\\/www.facebook.com\\\/voltridecom\\\/\"],\"legalName\":\"Voltride O\u00dc\",\"numberOfEmployees\":{\"@type\":\"QuantitativeValue\",\"minValue\":\"1\",\"maxValue\":\"10\"},\"ownershipFundingInfo\":\"https:\\\/\\\/voltride.com\\\/about-us\\\/\",\"hasMerchantReturnPolicy\":{\"@type\":\"MerchantReturnPolicy\",\"merchantReturnLink\":\"https:\\\/\\\/voltride.com\\\/shipping-and-returns\\\/\"},\"address\":{\"@id\":\"https:\\\/\\\/voltride.com\\\/et\\\/riese_muller_delite5\\\/#local-main-place-address\"},\"geo\":{\"@type\":\"GeoCoordinates\",\"latitude\":\"59.439554\",\"longitude\":\"24.726644\"},\"telephone\":[\"+372 600 40 99\"],\"contactPoint\":{\"@type\":\"ContactPoint\",\"telephone\":\"+372 600 40 99\",\"email\":\"info@voltride.com\"},\"openingHoursSpecification\":[{\"@type\":\"OpeningHoursSpecification\",\"dayOfWeek\":[\"Monday\",\"Tuesday\",\"Wednesday\",\"Thursday\",\"Friday\"],\"opens\":\"10:00\",\"closes\":\"18:00\"},{\"@type\":\"OpeningHoursSpecification\",\"dayOfWeek\":[\"Saturday\",\"Sunday\"],\"opens\":\"00:00\",\"closes\":\"00:00\"}],\"email\":\"info@voltride.com\",\"taxID\":\"14871968\"},{\"@type\":\"PostalAddress\",\"@id\":\"https:\\\/\\\/voltride.com\\\/et\\\/riese_muller_delite5\\\/#local-main-place-address\",\"streetAddress\":\"Voltride Telliskivi 57D\",\"addressLocality\":\"Tallinn\",\"postalCode\":\"10412\",\"addressRegion\":\"Tallinn\",\"addressCountry\":\"EE\"},{\"@type\":\"ImageObject\",\"inLanguage\":\"et\",\"@id\":\"https:\\\/\\\/voltride.com\\\/et\\\/riese_muller_delite5\\\/#local-main-organization-logo\",\"url\":\"https:\\\/\\\/voltride.com\\\/wp-content\\\/uploads\\\/voltride-logo.png\",\"contentUrl\":\"https:\\\/\\\/voltride.com\\\/wp-content\\\/uploads\\\/voltride-logo.png\",\"width\":2481,\"height\":620,\"caption\":\"Voltride\"}]}<\/script>\n<meta property=\"product:brand\" content=\"Riese &amp; M\u00fcller\" \/>\n<meta property=\"og:availability\" content=\"instock\" \/>\n<meta property=\"product:availability\" content=\"instock\" \/>\n<meta property=\"product:retailer_item_id\" content=\"EBRM013\" \/>\n<meta property=\"product:condition\" content=\"new\" \/>\n<meta name=\"geo.placename\" content=\"Tallinn\" \/>\n<meta name=\"geo.position\" content=\"59.439554;24.726644\" \/>\n<meta name=\"geo.region\" content=\"Estonia\" \/>\n<!-- \/ Yoast SEO Premium plugin. -->","yoast_head_json":{"title":"Riese &amp; M\u00fcller Delite5 | Voltride","description":"Premium-klassi t\u00e4isvedrustusega elektriratas Bosch Performance Line CX mootori, Pinion k\u00e4igukasti ja rihm\u00fclekandega. Loodud mugavuseks, vastupidavuseks ja pikkadeks s\u00f5itudeks.","robots":{"index":"index","follow":"follow","max-snippet":"max-snippet:-1","max-image-preview":"max-image-preview:large","max-video-preview":"max-video-preview:-1"},"canonical":"https:\/\/voltride.com\/et\/riese_muller_delite5\/","og_locale":"et_EE","og_type":"article","og_title":"Riese &amp; M\u00fcller Delite5 | Voltride","og_description":"Premium-klassi t\u00e4isvedrustusega elektriratas Bosch Performance Line CX mootori, Pinion k\u00e4igukasti ja rihm\u00fclekandega. Loodud mugavuseks, vastupidavuseks ja pikkadeks s\u00f5itudeks.","og_url":"https:\/\/voltride.com\/et\/riese_muller_delite5\/","og_site_name":"Voltride","article_publisher":"https:\/\/www.facebook.com\/voltridecom\/","article_modified_time":"2026-04-15T06:51:20+00:00","og_image":[{"width":1500,"height":1500,"url":"https:\/\/voltride.com\/wp-content\/uploads\/2026\/04\/riese-muller-delite5-gt-pinion-amber.jpg","type":"image\/jpeg"}],"twitter_card":"summary_large_image","schema":{"@context":"https:\/\/schema.org","@graph":[{"@type":"WebPage","@id":"https:\/\/voltride.com\/et\/riese_muller_delite5\/","url":"https:\/\/voltride.com\/et\/riese_muller_delite5\/","name":"Riese &amp; M\u00fcller Delite5 | Voltride","isPartOf":{"@id":"https:\/\/voltride.com\/et\/#website"},"primaryImageOfPage":{"@id":"https:\/\/voltride.com\/et\/riese_muller_delite5\/#primaryimage"},"image":{"@id":"https:\/\/voltride.com\/et\/riese_muller_delite5\/#primaryimage"},"thumbnailUrl":"https:\/\/voltride.com\/wp-content\/uploads\/2026\/04\/riese-muller-delite5-gt-pinion-amber.jpg","datePublished":"2026-03-24T11:29:39+00:00","dateModified":"2026-04-15T06:51:20+00:00","description":"Premium-klassi t\u00e4isvedrustusega elektriratas Bosch Performance Line CX mootori, Pinion k\u00e4igukasti ja rihm\u00fclekandega. Loodud mugavuseks, vastupidavuseks ja pikkadeks s\u00f5itudeks.","breadcrumb":{"@id":"https:\/\/voltride.com\/et\/riese_muller_delite5\/#breadcrumb"},"inLanguage":"et","potentialAction":[{"@type":"ReadAction","target":["https:\/\/voltride.com\/et\/riese_muller_delite5\/"]}]},{"@type":"ImageObject","inLanguage":"et","@id":"https:\/\/voltride.com\/et\/riese_muller_delite5\/#primaryimage","url":"https:\/\/voltride.com\/wp-content\/uploads\/2026\/04\/riese-muller-delite5-gt-pinion-amber.jpg","contentUrl":"https:\/\/voltride.com\/wp-content\/uploads\/2026\/04\/riese-muller-delite5-gt-pinion-amber.jpg","width":1500,"height":1500,"caption":"K\u00fclgvaade Riese & M\u00fcller Delite5 GT Pinion merevaigukollases v\u00e4rvitoonis elektrirattast."},{"@type":"BreadcrumbList","@id":"https:\/\/voltride.com\/et\/riese_muller_delite5\/#breadcrumb","itemListElement":[{"@type":"ListItem","position":1,"name":"Kodu","item":"https:\/\/voltride.com\/et\/"},{"@type":"ListItem","position":2,"name":"Pood","item":"https:\/\/voltride.com\/et\/e-pood\/"},{"@type":"ListItem","position":3,"name":"Elektrijalgrattad","item":"https:\/\/voltride.com\/et\/elektriratas\/"},{"@type":"ListItem","position":4,"name":"Riese &amp; M\u00fcller Delite5"}]},{"@type":"WebSite","@id":"https:\/\/voltride.com\/et\/#website","url":"https:\/\/voltride.com\/et\/","name":"Voltride","description":"Parim elektrirataste elektrit\u00f5ukside ja \u00fcksrataste pood ja remont","publisher":{"@id":"https:\/\/voltride.com\/et\/#organization"},"alternateName":"Vr","potentialAction":[{"@type":"SearchAction","target":{"@type":"EntryPoint","urlTemplate":"https:\/\/voltride.com\/et\/?s={search_term_string}"},"query-input":{"@type":"PropertyValueSpecification","valueRequired":true,"valueName":"search_term_string"}}],"inLanguage":"et"},{"@type":["Organization","Place"],"@id":"https:\/\/voltride.com\/et\/#organization","name":"Voltride","alternateName":"VR","url":"https:\/\/voltride.com\/et\/","logo":{"@id":"https:\/\/voltride.com\/et\/riese_muller_delite5\/#local-main-organization-logo"},"image":{"@id":"https:\/\/voltride.com\/et\/riese_muller_delite5\/#local-main-organization-logo"},"sameAs":["https:\/\/www.facebook.com\/voltridecom\/"],"legalName":"Voltride O\u00dc","numberOfEmployees":{"@type":"QuantitativeValue","minValue":"1","maxValue":"10"},"ownershipFundingInfo":"https:\/\/voltride.com\/about-us\/","hasMerchantReturnPolicy":{"@type":"MerchantReturnPolicy","merchantReturnLink":"https:\/\/voltride.com\/shipping-and-returns\/"},"address":{"@id":"https:\/\/voltride.com\/et\/riese_muller_delite5\/#local-main-place-address"},"geo":{"@type":"GeoCoordinates","latitude":"59.439554","longitude":"24.726644"},"telephone":["+372 600 40 99"],"contactPoint":{"@type":"ContactPoint","telephone":"+372 600 40 99","email":"info@voltride.com"},"openingHoursSpecification":[{"@type":"OpeningHoursSpecification","dayOfWeek":["Monday","Tuesday","Wednesday","Thursday","Friday"],"opens":"10:00","closes":"18:00"},{"@type":"OpeningHoursSpecification","dayOfWeek":["Saturday","Sunday"],"opens":"00:00","closes":"00:00"}],"email":"info@voltride.com","taxID":"14871968"},{"@type":"PostalAddress","@id":"https:\/\/voltride.com\/et\/riese_muller_delite5\/#local-main-place-address","streetAddress":"Voltride Telliskivi 57D","addressLocality":"Tallinn","postalCode":"10412","addressRegion":"Tallinn","addressCountry":"EE"},{"@type":"ImageObject","inLanguage":"et","@id":"https:\/\/voltride.com\/et\/riese_muller_delite5\/#local-main-organization-logo","url":"https:\/\/voltride.com\/wp-content\/uploads\/voltride-logo.png","contentUrl":"https:\/\/voltride.com\/wp-content\/uploads\/voltride-logo.png","width":2481,"height":620,"caption":"Voltride"}]},"product_brand":"Riese &amp; M\u00fcller","og_availability":"instock","product_availability":"instock","product_retailer_item_id":"EBRM013","product_condition":"new","geo.placename":"Tallinn","geo.position":{"lat":"59.439554","long":"24.726644"},"geo.region":"Estonia"},"_links":{"self":[{"href":"https:\/\/voltride.com\/et\/wp-json\/wp\/v2\/product\/23755","targetHints":{"allow":["GET"]}}],"collection":[{"href":"https:\/\/voltride.com\/et\/wp-json\/wp\/v2\/product"}],"about":[{"href":"https:\/\/voltride.com\/et\/wp-json\/wp\/v2\/types\/product"}],"replies":[{"embeddable":true,"href":"https:\/\/voltride.com\/et\/wp-json\/wp\/v2\/comments?post=23755"}],"wp:featuredmedia":[{"embeddable":true,"href":"https:\/\/voltride.com\/et\/wp-json\/wp\/v2\/media\/23754"}],"wp:attachment":[{"href":"https:\/\/voltride.com\/et\/wp-json\/wp\/v2\/media?parent=23755"}],"wp:term":[{"taxonomy":"product_brand","embeddable":true,"href":"https:\/\/voltride.com\/et\/wp-json\/wp\/v2\/product_brand?post=23755"},{"taxonomy":"product_cat","embeddable":true,"href":"https:\/\/voltride.com\/et\/wp-json\/wp\/v2\/product_cat?post=23755"},{"taxonomy":"product_tag","embeddable":true,"href":"https:\/\/voltride.com\/et\/wp-json\/wp\/v2\/product_tag?post=23755"}],"curies":[{"name":"wp","href":"https:\/\/api.w.org\/{rel}","templated":true}]}}