{"id":24323,"date":"2026-04-16T11:00:53","date_gmt":"2026-04-16T09:00:53","guid":{"rendered":"https:\/\/voltride.com\/10-sisekumm-risti-ventiiliga-10x2125\/"},"modified":"2026-04-16T12:56:50","modified_gmt":"2026-04-16T10:56:50","slug":"10-sisekumm-risti-ventiiliga-10x2125","status":"publish","type":"product","link":"https:\/\/voltride.com\/et\/10-sisekumm-risti-ventiiliga-10x2125\/","title":{"rendered":"10&#8243; sisekumm risti ventiiliga 10&#215;2,125"},"content":{"rendered":"<div class=\"wpb-content-wrapper\"><p>[vc_row][vc_column][vc_column_text css=&#8221;&#8221; woodmart_inline=&#8221;no&#8221; text_larger=&#8221;no&#8221;]<\/p>\n<h2>Varuosa: 10&#8243; sisekumm risti ventiiliga 10&#215;2,125<\/h2>\n<p>See varuosa sobib j\u00e4rgnevatele mudelitele: GPad Joyride, GPad Joyride eco, GPad Joyride MAX, GPad Storm (2022-), GPad Storm MAX (2022-), GPad Foxen, GPad Storm (2019-2021), GPad Storm MAX (2019-2021), Dualtron Spider, Dualtron Spider II, Dualtron Eagle, Dualtron Victor, Dualtron Victor Luxury, Inokim Quick3, Inokim Quick4, Inokim OX Hero, Inokim OX Super, Inokim OX Eco, Inokim OXO, Speedway IV, Speedway V, Inmotion Climber.<\/p>\n<p>Kui te ei ole kindel, kas see varuosa sobib teie rattale v\u00f5i mitte, siis kirjutage meile aadressil <a href=\"mailto:remont@voltride.com\">remont@voltride.com<\/a>. Aitame teid hea meelega.<\/p>\n<p>Varuosa tootja: GPad &#8211; K\u00f5ik GPadi varuosad, mis on Voltride\u2019is m\u00fc\u00fcgil on originaalvaruosad, mis p\u00e4rinevad otse tootja k\u00e4est.<\/p>\n<h2>Rohkem br\u00e4ndi GPad varuosi on leitavad <a href=\"https:\/\/voltride.com\/et\/varuosad\/\">siin<\/a><\/h2>\n<p>K\u00f5ik meie m\u00fc\u00fcdavad varuosad on olemas meie Tallinnas, aadressil Telliskivi 57D asuvas laos.<\/p>\n<h2>Kas teil on raskusi \u00f5ige varuosa leidmisega?<\/h2>\n<p>Kirjutage meile v\u00f5i helistage numbril <a href=\"tel:+3726004099\">+372 600 40 99<\/a> ja aitame teil vajaliku varuosa leida![\/vc_column_text][\/vc_column][\/vc_row]<\/p>\n<\/div>","protected":false},"excerpt":{"rendered":"<p>[vc_row][vc_column][vc_column_text css=&#8221;&#8221; woodmart_inline=&#8221;no&#8221; text_larger=&#8221;no&#8221;] Varuosa: 10&#8243; sisekumm risti ventiiliga 10&#215;2,125 See varuosa sobib j\u00e4rgnevatele mudelitele: GPad Joyride, GPad Joyride eco,<\/p>\n","protected":false},"featured_media":24322,"comment_status":"open","ping_status":"closed","template":"","meta":[],"product_brand":[],"product_cat":[1426],"product_tag":[1510,1512,1514,1530,1532,1598,1600,1602,1643,1604,1610,1608,1606,1622,1625,1627,1628,1633,1646,1665,1666,1671,1669,1674,1677,1679,1681,1682,1770],"class_list":{"0":"post-24323","1":"product","2":"type-product","3":"status-publish","4":"has-post-thumbnail","6":"product_cat-toukeratta-sisekummid","7":"product_tag-dualtron-spider","8":"product_tag-dualtron-spider-ii","9":"product_tag-dualtron-spider-ltd","10":"product_tag-dualtron-victor","11":"product_tag-dualtron-victor-luxury","12":"product_tag-gpad-foxen-v1","13":"product_tag-gpad-foxen-v2","14":"product_tag-gpad-foxen-v3","15":"product_tag-gpad-joyride","16":"product_tag-gpad-joyride-2021","17":"product_tag-gpad-joyride-eco","18":"product_tag-gpad-joyride-eco-2021","19":"product_tag-gpad-joyride-max","20":"product_tag-gpad-storm-2019-2021","21":"product_tag-gpad-storm-2022","22":"product_tag-gpad-storm-max-2019-2021","23":"product_tag-gpad-storm-max-2022","24":"product_tag-gpad-storm-ultra-2022","25":"product_tag-inmotion-climber","26":"product_tag-inokim-ox-eco","27":"product_tag-inokim-ox-hero","28":"product_tag-inokim-ox-super","29":"product_tag-inokim-oxo","30":"product_tag-inokim-quick3-hero","31":"product_tag-inokim-quick3-super-2","32":"product_tag-inokim-quick3-super","33":"product_tag-inokim-quick4-hero","34":"product_tag-inokim-quick4-super","35":"product_tag-speedway-iv","37":"first","38":"instock","39":"taxable","40":"shipping-taxable","41":"purchasable","42":"product-type-simple"},"yoast_head":"<!-- This site is optimized with the Yoast SEO Premium plugin v27.3 (Yoast SEO v27.4) - https:\/\/yoast.com\/product\/yoast-seo-premium-wordpress\/ -->\n<title>10&quot; sisekumm risti ventiiliga 10x2,125 | Voltride<\/title>\n<meta name=\"robots\" content=\"index, follow, max-snippet:-1, max-image-preview:large, max-video-preview:-1\" \/>\n<link rel=\"canonical\" href=\"https:\/\/voltride.com\/et\/10-sisekumm-risti-ventiiliga-10x2125\/\" \/>\n<meta property=\"og:locale\" content=\"et_EE\" \/>\n<meta property=\"og:type\" content=\"article\" \/>\n<meta property=\"og:title\" content=\"10&quot; sisekumm risti ventiiliga 10x2,125 | Voltride\" \/>\n<meta property=\"og:description\" content=\"[vc_row][vc_column][vc_column_text css=&#8221;&#8221; woodmart_inline=&#8221;no&#8221; text_larger=&#8221;no&#8221;] Varuosa: 10&#8243; sisekumm risti ventiiliga 10&#215;2,125 See varuosa sobib j\u00e4rgnevatele mudelitele: GPad Joyride, GPad Joyride eco,\" \/>\n<meta property=\"og:url\" content=\"https:\/\/voltride.com\/et\/10-sisekumm-risti-ventiiliga-10x2125\/\" \/>\n<meta property=\"og:site_name\" content=\"Voltride\" \/>\n<meta property=\"article:publisher\" content=\"https:\/\/www.facebook.com\/voltridecom\/\" \/>\n<meta property=\"article:modified_time\" content=\"2026-04-16T10:56:50+00:00\" \/>\n<meta property=\"og:image\" content=\"https:\/\/voltride.com\/wp-content\/uploads\/2026\/04\/jytr000-scaled.jpg\" \/>\n\t<meta property=\"og:image:width\" content=\"2560\" \/>\n\t<meta property=\"og:image:height\" content=\"2560\" \/>\n\t<meta property=\"og:image:type\" content=\"image\/jpeg\" \/>\n<meta name=\"twitter:card\" content=\"summary_large_image\" \/>\n<script type=\"application\/ld+json\" class=\"yoast-schema-graph\">{\"@context\":\"https:\\\/\\\/schema.org\",\"@graph\":[{\"@type\":\"WebPage\",\"@id\":\"https:\\\/\\\/voltride.com\\\/et\\\/10-sisekumm-risti-ventiiliga-10x2125\\\/\",\"url\":\"https:\\\/\\\/voltride.com\\\/et\\\/10-sisekumm-risti-ventiiliga-10x2125\\\/\",\"name\":\"10\\\" sisekumm risti ventiiliga 10x2,125 | Voltride\",\"isPartOf\":{\"@id\":\"https:\\\/\\\/voltride.com\\\/et\\\/#website\"},\"primaryImageOfPage\":{\"@id\":\"https:\\\/\\\/voltride.com\\\/et\\\/10-sisekumm-risti-ventiiliga-10x2125\\\/#primaryimage\"},\"image\":{\"@id\":\"https:\\\/\\\/voltride.com\\\/et\\\/10-sisekumm-risti-ventiiliga-10x2125\\\/#primaryimage\"},\"thumbnailUrl\":\"https:\\\/\\\/voltride.com\\\/wp-content\\\/uploads\\\/2026\\\/04\\\/jytr000-scaled.jpg\",\"datePublished\":\"2026-04-16T09:00:53+00:00\",\"dateModified\":\"2026-04-16T10:56:50+00:00\",\"breadcrumb\":{\"@id\":\"https:\\\/\\\/voltride.com\\\/et\\\/10-sisekumm-risti-ventiiliga-10x2125\\\/#breadcrumb\"},\"inLanguage\":\"et\",\"potentialAction\":[{\"@type\":\"ReadAction\",\"target\":[\"https:\\\/\\\/voltride.com\\\/et\\\/10-sisekumm-risti-ventiiliga-10x2125\\\/\"]}]},{\"@type\":\"ImageObject\",\"inLanguage\":\"et\",\"@id\":\"https:\\\/\\\/voltride.com\\\/et\\\/10-sisekumm-risti-ventiiliga-10x2125\\\/#primaryimage\",\"url\":\"https:\\\/\\\/voltride.com\\\/wp-content\\\/uploads\\\/2026\\\/04\\\/jytr000-scaled.jpg\",\"contentUrl\":\"https:\\\/\\\/voltride.com\\\/wp-content\\\/uploads\\\/2026\\\/04\\\/jytr000-scaled.jpg\",\"width\":2560,\"height\":2560},{\"@type\":\"BreadcrumbList\",\"@id\":\"https:\\\/\\\/voltride.com\\\/et\\\/10-sisekumm-risti-ventiiliga-10x2125\\\/#breadcrumb\",\"itemListElement\":[{\"@type\":\"ListItem\",\"position\":1,\"name\":\"Kodu\",\"item\":\"https:\\\/\\\/voltride.com\\\/et\\\/\"},{\"@type\":\"ListItem\",\"position\":2,\"name\":\"Pood\",\"item\":\"https:\\\/\\\/voltride.com\\\/et\\\/e-pood\\\/\"},{\"@type\":\"ListItem\",\"position\":3,\"name\":\"Varuosad\",\"item\":\"https:\\\/\\\/voltride.com\\\/et\\\/varuosad\\\/\"},{\"@type\":\"ListItem\",\"position\":4,\"name\":\"Rehvid\",\"item\":\"https:\\\/\\\/voltride.com\\\/et\\\/rehvid\\\/\"},{\"@type\":\"ListItem\",\"position\":5,\"name\":\"T\u00f5ukeratta Sisekummid\",\"item\":\"https:\\\/\\\/voltride.com\\\/et\\\/toukeratta-sisekummid\\\/\"},{\"@type\":\"ListItem\",\"position\":6,\"name\":\"10&#8243; sisekumm risti ventiiliga 10&#215;2,125\"}]},{\"@type\":\"WebSite\",\"@id\":\"https:\\\/\\\/voltride.com\\\/et\\\/#website\",\"url\":\"https:\\\/\\\/voltride.com\\\/et\\\/\",\"name\":\"Voltride\",\"description\":\"Parim elektrirataste elektrit\u00f5ukside ja \u00fcksrataste pood ja remont\",\"publisher\":{\"@id\":\"https:\\\/\\\/voltride.com\\\/et\\\/#organization\"},\"alternateName\":\"Vr\",\"potentialAction\":[{\"@type\":\"SearchAction\",\"target\":{\"@type\":\"EntryPoint\",\"urlTemplate\":\"https:\\\/\\\/voltride.com\\\/et\\\/?s={search_term_string}\"},\"query-input\":{\"@type\":\"PropertyValueSpecification\",\"valueRequired\":true,\"valueName\":\"search_term_string\"}}],\"inLanguage\":\"et\"},{\"@type\":[\"Organization\",\"Place\"],\"@id\":\"https:\\\/\\\/voltride.com\\\/et\\\/#organization\",\"name\":\"Voltride\",\"alternateName\":\"VR\",\"url\":\"https:\\\/\\\/voltride.com\\\/et\\\/\",\"logo\":{\"@id\":\"https:\\\/\\\/voltride.com\\\/et\\\/10-sisekumm-risti-ventiiliga-10x2125\\\/#local-main-organization-logo\"},\"image\":{\"@id\":\"https:\\\/\\\/voltride.com\\\/et\\\/10-sisekumm-risti-ventiiliga-10x2125\\\/#local-main-organization-logo\"},\"sameAs\":[\"https:\\\/\\\/www.facebook.com\\\/voltridecom\\\/\"],\"legalName\":\"Voltride O\u00dc\",\"numberOfEmployees\":{\"@type\":\"QuantitativeValue\",\"minValue\":\"1\",\"maxValue\":\"10\"},\"ownershipFundingInfo\":\"https:\\\/\\\/voltride.com\\\/about-us\\\/\",\"hasMerchantReturnPolicy\":{\"@type\":\"MerchantReturnPolicy\",\"merchantReturnLink\":\"https:\\\/\\\/voltride.com\\\/shipping-and-returns\\\/\"},\"address\":{\"@id\":\"https:\\\/\\\/voltride.com\\\/et\\\/10-sisekumm-risti-ventiiliga-10x2125\\\/#local-main-place-address\"},\"geo\":{\"@type\":\"GeoCoordinates\",\"latitude\":\"59.439554\",\"longitude\":\"24.726644\"},\"telephone\":[\"+372 600 40 99\"],\"contactPoint\":{\"@type\":\"ContactPoint\",\"telephone\":\"+372 600 40 99\",\"email\":\"info@voltride.com\"},\"openingHoursSpecification\":[{\"@type\":\"OpeningHoursSpecification\",\"dayOfWeek\":[\"Monday\",\"Tuesday\",\"Wednesday\",\"Thursday\",\"Friday\"],\"opens\":\"10:00\",\"closes\":\"18:00\"},{\"@type\":\"OpeningHoursSpecification\",\"dayOfWeek\":[\"Saturday\",\"Sunday\"],\"opens\":\"00:00\",\"closes\":\"00:00\"}],\"email\":\"info@voltride.com\",\"taxID\":\"14871968\"},{\"@type\":\"PostalAddress\",\"@id\":\"https:\\\/\\\/voltride.com\\\/et\\\/10-sisekumm-risti-ventiiliga-10x2125\\\/#local-main-place-address\",\"streetAddress\":\"Voltride Telliskivi 57D\",\"addressLocality\":\"Tallinn\",\"postalCode\":\"10412\",\"addressRegion\":\"Tallinn\",\"addressCountry\":\"EE\"},{\"@type\":\"ImageObject\",\"inLanguage\":\"et\",\"@id\":\"https:\\\/\\\/voltride.com\\\/et\\\/10-sisekumm-risti-ventiiliga-10x2125\\\/#local-main-organization-logo\",\"url\":\"https:\\\/\\\/voltride.com\\\/wp-content\\\/uploads\\\/voltride-logo.png\",\"contentUrl\":\"https:\\\/\\\/voltride.com\\\/wp-content\\\/uploads\\\/voltride-logo.png\",\"width\":2481,\"height\":620,\"caption\":\"Voltride\"}]}<\/script>\n<meta property=\"product:price:amount\" content=\"13.00\" \/>\n<meta property=\"product:price:currency\" content=\"EUR\" \/>\n<meta property=\"og:availability\" content=\"instock\" \/>\n<meta property=\"product:availability\" content=\"instock\" \/>\n<meta property=\"product:retailer_item_id\" content=\"JYTR000\" \/>\n<meta property=\"product:condition\" content=\"new\" \/>\n<meta name=\"geo.placename\" content=\"Tallinn\" \/>\n<meta name=\"geo.position\" content=\"59.439554;24.726644\" \/>\n<meta name=\"geo.region\" content=\"Estonia\" \/>\n<!-- \/ Yoast SEO Premium plugin. -->","yoast_head_json":{"title":"10\" sisekumm risti ventiiliga 10x2,125 | Voltride","robots":{"index":"index","follow":"follow","max-snippet":"max-snippet:-1","max-image-preview":"max-image-preview:large","max-video-preview":"max-video-preview:-1"},"canonical":"https:\/\/voltride.com\/et\/10-sisekumm-risti-ventiiliga-10x2125\/","og_locale":"et_EE","og_type":"article","og_title":"10\" sisekumm risti ventiiliga 10x2,125 | Voltride","og_description":"[vc_row][vc_column][vc_column_text css=&#8221;&#8221; woodmart_inline=&#8221;no&#8221; text_larger=&#8221;no&#8221;] Varuosa: 10&#8243; sisekumm risti ventiiliga 10&#215;2,125 See varuosa sobib j\u00e4rgnevatele mudelitele: GPad Joyride, GPad Joyride eco,","og_url":"https:\/\/voltride.com\/et\/10-sisekumm-risti-ventiiliga-10x2125\/","og_site_name":"Voltride","article_publisher":"https:\/\/www.facebook.com\/voltridecom\/","article_modified_time":"2026-04-16T10:56:50+00:00","og_image":[{"width":2560,"height":2560,"url":"https:\/\/voltride.com\/wp-content\/uploads\/2026\/04\/jytr000-scaled.jpg","type":"image\/jpeg"}],"twitter_card":"summary_large_image","schema":{"@context":"https:\/\/schema.org","@graph":[{"@type":"WebPage","@id":"https:\/\/voltride.com\/et\/10-sisekumm-risti-ventiiliga-10x2125\/","url":"https:\/\/voltride.com\/et\/10-sisekumm-risti-ventiiliga-10x2125\/","name":"10\" sisekumm risti ventiiliga 10x2,125 | Voltride","isPartOf":{"@id":"https:\/\/voltride.com\/et\/#website"},"primaryImageOfPage":{"@id":"https:\/\/voltride.com\/et\/10-sisekumm-risti-ventiiliga-10x2125\/#primaryimage"},"image":{"@id":"https:\/\/voltride.com\/et\/10-sisekumm-risti-ventiiliga-10x2125\/#primaryimage"},"thumbnailUrl":"https:\/\/voltride.com\/wp-content\/uploads\/2026\/04\/jytr000-scaled.jpg","datePublished":"2026-04-16T09:00:53+00:00","dateModified":"2026-04-16T10:56:50+00:00","breadcrumb":{"@id":"https:\/\/voltride.com\/et\/10-sisekumm-risti-ventiiliga-10x2125\/#breadcrumb"},"inLanguage":"et","potentialAction":[{"@type":"ReadAction","target":["https:\/\/voltride.com\/et\/10-sisekumm-risti-ventiiliga-10x2125\/"]}]},{"@type":"ImageObject","inLanguage":"et","@id":"https:\/\/voltride.com\/et\/10-sisekumm-risti-ventiiliga-10x2125\/#primaryimage","url":"https:\/\/voltride.com\/wp-content\/uploads\/2026\/04\/jytr000-scaled.jpg","contentUrl":"https:\/\/voltride.com\/wp-content\/uploads\/2026\/04\/jytr000-scaled.jpg","width":2560,"height":2560},{"@type":"BreadcrumbList","@id":"https:\/\/voltride.com\/et\/10-sisekumm-risti-ventiiliga-10x2125\/#breadcrumb","itemListElement":[{"@type":"ListItem","position":1,"name":"Kodu","item":"https:\/\/voltride.com\/et\/"},{"@type":"ListItem","position":2,"name":"Pood","item":"https:\/\/voltride.com\/et\/e-pood\/"},{"@type":"ListItem","position":3,"name":"Varuosad","item":"https:\/\/voltride.com\/et\/varuosad\/"},{"@type":"ListItem","position":4,"name":"Rehvid","item":"https:\/\/voltride.com\/et\/rehvid\/"},{"@type":"ListItem","position":5,"name":"T\u00f5ukeratta Sisekummid","item":"https:\/\/voltride.com\/et\/toukeratta-sisekummid\/"},{"@type":"ListItem","position":6,"name":"10&#8243; sisekumm risti ventiiliga 10&#215;2,125"}]},{"@type":"WebSite","@id":"https:\/\/voltride.com\/et\/#website","url":"https:\/\/voltride.com\/et\/","name":"Voltride","description":"Parim elektrirataste elektrit\u00f5ukside ja \u00fcksrataste pood ja remont","publisher":{"@id":"https:\/\/voltride.com\/et\/#organization"},"alternateName":"Vr","potentialAction":[{"@type":"SearchAction","target":{"@type":"EntryPoint","urlTemplate":"https:\/\/voltride.com\/et\/?s={search_term_string}"},"query-input":{"@type":"PropertyValueSpecification","valueRequired":true,"valueName":"search_term_string"}}],"inLanguage":"et"},{"@type":["Organization","Place"],"@id":"https:\/\/voltride.com\/et\/#organization","name":"Voltride","alternateName":"VR","url":"https:\/\/voltride.com\/et\/","logo":{"@id":"https:\/\/voltride.com\/et\/10-sisekumm-risti-ventiiliga-10x2125\/#local-main-organization-logo"},"image":{"@id":"https:\/\/voltride.com\/et\/10-sisekumm-risti-ventiiliga-10x2125\/#local-main-organization-logo"},"sameAs":["https:\/\/www.facebook.com\/voltridecom\/"],"legalName":"Voltride O\u00dc","numberOfEmployees":{"@type":"QuantitativeValue","minValue":"1","maxValue":"10"},"ownershipFundingInfo":"https:\/\/voltride.com\/about-us\/","hasMerchantReturnPolicy":{"@type":"MerchantReturnPolicy","merchantReturnLink":"https:\/\/voltride.com\/shipping-and-returns\/"},"address":{"@id":"https:\/\/voltride.com\/et\/10-sisekumm-risti-ventiiliga-10x2125\/#local-main-place-address"},"geo":{"@type":"GeoCoordinates","latitude":"59.439554","longitude":"24.726644"},"telephone":["+372 600 40 99"],"contactPoint":{"@type":"ContactPoint","telephone":"+372 600 40 99","email":"info@voltride.com"},"openingHoursSpecification":[{"@type":"OpeningHoursSpecification","dayOfWeek":["Monday","Tuesday","Wednesday","Thursday","Friday"],"opens":"10:00","closes":"18:00"},{"@type":"OpeningHoursSpecification","dayOfWeek":["Saturday","Sunday"],"opens":"00:00","closes":"00:00"}],"email":"info@voltride.com","taxID":"14871968"},{"@type":"PostalAddress","@id":"https:\/\/voltride.com\/et\/10-sisekumm-risti-ventiiliga-10x2125\/#local-main-place-address","streetAddress":"Voltride Telliskivi 57D","addressLocality":"Tallinn","postalCode":"10412","addressRegion":"Tallinn","addressCountry":"EE"},{"@type":"ImageObject","inLanguage":"et","@id":"https:\/\/voltride.com\/et\/10-sisekumm-risti-ventiiliga-10x2125\/#local-main-organization-logo","url":"https:\/\/voltride.com\/wp-content\/uploads\/voltride-logo.png","contentUrl":"https:\/\/voltride.com\/wp-content\/uploads\/voltride-logo.png","width":2481,"height":620,"caption":"Voltride"}]},"product_price_amount":"13.00","product_price_currency":"EUR","og_availability":"instock","product_availability":"instock","product_retailer_item_id":"JYTR000","product_condition":"new","geo.placename":"Tallinn","geo.position":{"lat":"59.439554","long":"24.726644"},"geo.region":"Estonia"},"_links":{"self":[{"href":"https:\/\/voltride.com\/et\/wp-json\/wp\/v2\/product\/24323","targetHints":{"allow":["GET"]}}],"collection":[{"href":"https:\/\/voltride.com\/et\/wp-json\/wp\/v2\/product"}],"about":[{"href":"https:\/\/voltride.com\/et\/wp-json\/wp\/v2\/types\/product"}],"replies":[{"embeddable":true,"href":"https:\/\/voltride.com\/et\/wp-json\/wp\/v2\/comments?post=24323"}],"wp:featuredmedia":[{"embeddable":true,"href":"https:\/\/voltride.com\/et\/wp-json\/wp\/v2\/media\/24322"}],"wp:attachment":[{"href":"https:\/\/voltride.com\/et\/wp-json\/wp\/v2\/media?parent=24323"}],"wp:term":[{"taxonomy":"product_brand","embeddable":true,"href":"https:\/\/voltride.com\/et\/wp-json\/wp\/v2\/product_brand?post=24323"},{"taxonomy":"product_cat","embeddable":true,"href":"https:\/\/voltride.com\/et\/wp-json\/wp\/v2\/product_cat?post=24323"},{"taxonomy":"product_tag","embeddable":true,"href":"https:\/\/voltride.com\/et\/wp-json\/wp\/v2\/product_tag?post=24323"}],"curies":[{"name":"wp","href":"https:\/\/api.w.org\/{rel}","templated":true}]}}