{"id":24559,"date":"2026-04-17T13:01:07","date_gmt":"2026-04-17T11:01:07","guid":{"rendered":"https:\/\/voltride.com\/jalgratta-seisujalg-24-28\/"},"modified":"2026-04-17T15:41:34","modified_gmt":"2026-04-17T13:41:34","slug":"jalgratta-seisujalg-24-28","status":"publish","type":"product","link":"https:\/\/voltride.com\/et\/jalgratta-seisujalg-24-28\/","title":{"rendered":"Jalgratta seisujalg 24&#8243;-28&#8243;"},"content":{"rendered":"<div class=\"wpb-content-wrapper\"><p>[vc_row][vc_column][vc_column_text css=&#8221;&#8221; woodmart_inline=&#8221;no&#8221; text_larger=&#8221;no&#8221;]See reguleeritav jalgratta tugijalg sobib 24\u201328-tolliste ratastega jalgratastele, pakkudes stabiilset tuge. Vastupidavatest materjalidest valmistatud tugijalg peab h\u00e4sti igap\u00e4evasele kasutusele vastu. Libisemiskindel jalaots tagab kindla asendi erinevatel pindadel ning reguleeritav pikkus v\u00f5imaldab seda t\u00e4pselt oma ratta raamile sobitada.[\/vc_column_text][\/vc_column][\/vc_row]<\/p>\n<\/div>","protected":false},"excerpt":{"rendered":"<p>[vc_row][vc_column][vc_column_text css=&#8221;&#8221; woodmart_inline=&#8221;no&#8221; text_larger=&#8221;no&#8221;]See reguleeritav jalgratta tugijalg sobib 24\u201328-tolliste ratastega jalgratastele, pakkudes stabiilset tuge. Vastupidavatest materjalidest valmistatud tugijalg peab h\u00e4sti<\/p>\n","protected":false},"featured_media":24558,"comment_status":"open","ping_status":"closed","template":"","meta":[],"product_brand":[],"product_cat":[1106],"product_tag":[],"class_list":{"0":"post-24559","1":"product","2":"type-product","3":"status-publish","4":"has-post-thumbnail","6":"product_cat-tugijalad","8":"first","9":"instock","10":"taxable","11":"shipping-taxable","12":"purchasable","13":"product-type-simple"},"yoast_head":"<!-- This site is optimized with the Yoast SEO Premium plugin v27.3 (Yoast SEO v27.4) - https:\/\/yoast.com\/product\/yoast-seo-premium-wordpress\/ -->\n<title>Jalgratta seisujalg 24&quot;-28&quot; | Voltride<\/title>\n<meta name=\"robots\" content=\"index, follow, max-snippet:-1, max-image-preview:large, max-video-preview:-1\" \/>\n<link rel=\"canonical\" href=\"https:\/\/voltride.com\/et\/jalgratta-seisujalg-24-28\/\" \/>\n<meta property=\"og:locale\" content=\"et_EE\" \/>\n<meta property=\"og:type\" content=\"article\" \/>\n<meta property=\"og:title\" content=\"Jalgratta seisujalg 24&quot;-28&quot; | Voltride\" \/>\n<meta property=\"og:description\" content=\"[vc_row][vc_column][vc_column_text css=&#8221;&#8221; woodmart_inline=&#8221;no&#8221; text_larger=&#8221;no&#8221;]See reguleeritav jalgratta tugijalg sobib 24\u201328-tolliste ratastega jalgratastele, pakkudes stabiilset tuge. Vastupidavatest materjalidest valmistatud tugijalg peab h\u00e4sti\" \/>\n<meta property=\"og:url\" content=\"https:\/\/voltride.com\/et\/jalgratta-seisujalg-24-28\/\" \/>\n<meta property=\"og:site_name\" content=\"Voltride\" \/>\n<meta property=\"article:publisher\" content=\"https:\/\/www.facebook.com\/voltridecom\/\" \/>\n<meta property=\"article:modified_time\" content=\"2026-04-17T13:41:34+00:00\" \/>\n<meta property=\"og:image\" content=\"https:\/\/voltride.com\/wp-content\/uploads\/2026\/04\/otks001.png\" \/>\n\t<meta property=\"og:image:width\" content=\"1124\" \/>\n\t<meta property=\"og:image:height\" content=\"1256\" \/>\n\t<meta property=\"og:image:type\" content=\"image\/png\" \/>\n<meta name=\"twitter:card\" content=\"summary_large_image\" \/>\n<script type=\"application\/ld+json\" class=\"yoast-schema-graph\">{\"@context\":\"https:\\\/\\\/schema.org\",\"@graph\":[{\"@type\":\"WebPage\",\"@id\":\"https:\\\/\\\/voltride.com\\\/et\\\/jalgratta-seisujalg-24-28\\\/\",\"url\":\"https:\\\/\\\/voltride.com\\\/et\\\/jalgratta-seisujalg-24-28\\\/\",\"name\":\"Jalgratta seisujalg 24\\\"-28\\\" | Voltride\",\"isPartOf\":{\"@id\":\"https:\\\/\\\/voltride.com\\\/et\\\/#website\"},\"primaryImageOfPage\":{\"@id\":\"https:\\\/\\\/voltride.com\\\/et\\\/jalgratta-seisujalg-24-28\\\/#primaryimage\"},\"image\":{\"@id\":\"https:\\\/\\\/voltride.com\\\/et\\\/jalgratta-seisujalg-24-28\\\/#primaryimage\"},\"thumbnailUrl\":\"https:\\\/\\\/voltride.com\\\/wp-content\\\/uploads\\\/2026\\\/04\\\/otks001.png\",\"datePublished\":\"2026-04-17T11:01:07+00:00\",\"dateModified\":\"2026-04-17T13:41:34+00:00\",\"breadcrumb\":{\"@id\":\"https:\\\/\\\/voltride.com\\\/et\\\/jalgratta-seisujalg-24-28\\\/#breadcrumb\"},\"inLanguage\":\"et\",\"potentialAction\":[{\"@type\":\"ReadAction\",\"target\":[\"https:\\\/\\\/voltride.com\\\/et\\\/jalgratta-seisujalg-24-28\\\/\"]}]},{\"@type\":\"ImageObject\",\"inLanguage\":\"et\",\"@id\":\"https:\\\/\\\/voltride.com\\\/et\\\/jalgratta-seisujalg-24-28\\\/#primaryimage\",\"url\":\"https:\\\/\\\/voltride.com\\\/wp-content\\\/uploads\\\/2026\\\/04\\\/otks001.png\",\"contentUrl\":\"https:\\\/\\\/voltride.com\\\/wp-content\\\/uploads\\\/2026\\\/04\\\/otks001.png\",\"width\":1124,\"height\":1256},{\"@type\":\"BreadcrumbList\",\"@id\":\"https:\\\/\\\/voltride.com\\\/et\\\/jalgratta-seisujalg-24-28\\\/#breadcrumb\",\"itemListElement\":[{\"@type\":\"ListItem\",\"position\":1,\"name\":\"Kodu\",\"item\":\"https:\\\/\\\/voltride.com\\\/et\\\/\"},{\"@type\":\"ListItem\",\"position\":2,\"name\":\"Pood\",\"item\":\"https:\\\/\\\/voltride.com\\\/et\\\/e-pood\\\/\"},{\"@type\":\"ListItem\",\"position\":3,\"name\":\"Varuosad\",\"item\":\"https:\\\/\\\/voltride.com\\\/et\\\/varuosad\\\/\"},{\"@type\":\"ListItem\",\"position\":4,\"name\":\"Tugijalad\",\"item\":\"https:\\\/\\\/voltride.com\\\/et\\\/tugijalad\\\/\"},{\"@type\":\"ListItem\",\"position\":5,\"name\":\"Jalgratta seisujalg 24&#8243;-28&#8243;\"}]},{\"@type\":\"WebSite\",\"@id\":\"https:\\\/\\\/voltride.com\\\/et\\\/#website\",\"url\":\"https:\\\/\\\/voltride.com\\\/et\\\/\",\"name\":\"Voltride\",\"description\":\"Parim elektrirataste elektrit\u00f5ukside ja \u00fcksrataste pood ja remont\",\"publisher\":{\"@id\":\"https:\\\/\\\/voltride.com\\\/et\\\/#organization\"},\"alternateName\":\"Vr\",\"potentialAction\":[{\"@type\":\"SearchAction\",\"target\":{\"@type\":\"EntryPoint\",\"urlTemplate\":\"https:\\\/\\\/voltride.com\\\/et\\\/?s={search_term_string}\"},\"query-input\":{\"@type\":\"PropertyValueSpecification\",\"valueRequired\":true,\"valueName\":\"search_term_string\"}}],\"inLanguage\":\"et\"},{\"@type\":[\"Organization\",\"Place\"],\"@id\":\"https:\\\/\\\/voltride.com\\\/et\\\/#organization\",\"name\":\"Voltride\",\"alternateName\":\"VR\",\"url\":\"https:\\\/\\\/voltride.com\\\/et\\\/\",\"logo\":{\"@id\":\"https:\\\/\\\/voltride.com\\\/et\\\/jalgratta-seisujalg-24-28\\\/#local-main-organization-logo\"},\"image\":{\"@id\":\"https:\\\/\\\/voltride.com\\\/et\\\/jalgratta-seisujalg-24-28\\\/#local-main-organization-logo\"},\"sameAs\":[\"https:\\\/\\\/www.facebook.com\\\/voltridecom\\\/\"],\"legalName\":\"Voltride O\u00dc\",\"numberOfEmployees\":{\"@type\":\"QuantitativeValue\",\"minValue\":\"1\",\"maxValue\":\"10\"},\"ownershipFundingInfo\":\"https:\\\/\\\/voltride.com\\\/about-us\\\/\",\"hasMerchantReturnPolicy\":{\"@type\":\"MerchantReturnPolicy\",\"merchantReturnLink\":\"https:\\\/\\\/voltride.com\\\/shipping-and-returns\\\/\"},\"address\":{\"@id\":\"https:\\\/\\\/voltride.com\\\/et\\\/jalgratta-seisujalg-24-28\\\/#local-main-place-address\"},\"geo\":{\"@type\":\"GeoCoordinates\",\"latitude\":\"59.439554\",\"longitude\":\"24.726644\"},\"telephone\":[\"+372 600 40 99\"],\"contactPoint\":{\"@type\":\"ContactPoint\",\"telephone\":\"+372 600 40 99\",\"email\":\"info@voltride.com\"},\"openingHoursSpecification\":[{\"@type\":\"OpeningHoursSpecification\",\"dayOfWeek\":[\"Monday\",\"Tuesday\",\"Wednesday\",\"Thursday\",\"Friday\"],\"opens\":\"10:00\",\"closes\":\"18:00\"},{\"@type\":\"OpeningHoursSpecification\",\"dayOfWeek\":[\"Saturday\",\"Sunday\"],\"opens\":\"00:00\",\"closes\":\"00:00\"}],\"email\":\"info@voltride.com\",\"taxID\":\"14871968\"},{\"@type\":\"PostalAddress\",\"@id\":\"https:\\\/\\\/voltride.com\\\/et\\\/jalgratta-seisujalg-24-28\\\/#local-main-place-address\",\"streetAddress\":\"Voltride Telliskivi 57D\",\"addressLocality\":\"Tallinn\",\"postalCode\":\"10412\",\"addressRegion\":\"Tallinn\",\"addressCountry\":\"EE\"},{\"@type\":\"ImageObject\",\"inLanguage\":\"et\",\"@id\":\"https:\\\/\\\/voltride.com\\\/et\\\/jalgratta-seisujalg-24-28\\\/#local-main-organization-logo\",\"url\":\"https:\\\/\\\/voltride.com\\\/wp-content\\\/uploads\\\/voltride-logo.png\",\"contentUrl\":\"https:\\\/\\\/voltride.com\\\/wp-content\\\/uploads\\\/voltride-logo.png\",\"width\":2481,\"height\":620,\"caption\":\"Voltride\"}]}<\/script>\n<meta property=\"product:price:amount\" content=\"12.90\" \/>\n<meta property=\"product:price:currency\" content=\"EUR\" \/>\n<meta property=\"og:availability\" content=\"instock\" \/>\n<meta property=\"product:availability\" content=\"instock\" \/>\n<meta property=\"product:retailer_item_id\" content=\"OTKS001\" \/>\n<meta property=\"product:condition\" content=\"new\" \/>\n<meta name=\"geo.placename\" content=\"Tallinn\" \/>\n<meta name=\"geo.position\" content=\"59.439554;24.726644\" \/>\n<meta name=\"geo.region\" content=\"Estonia\" \/>\n<!-- \/ Yoast SEO Premium plugin. -->","yoast_head_json":{"title":"Jalgratta seisujalg 24\"-28\" | Voltride","robots":{"index":"index","follow":"follow","max-snippet":"max-snippet:-1","max-image-preview":"max-image-preview:large","max-video-preview":"max-video-preview:-1"},"canonical":"https:\/\/voltride.com\/et\/jalgratta-seisujalg-24-28\/","og_locale":"et_EE","og_type":"article","og_title":"Jalgratta seisujalg 24\"-28\" | Voltride","og_description":"[vc_row][vc_column][vc_column_text css=&#8221;&#8221; woodmart_inline=&#8221;no&#8221; text_larger=&#8221;no&#8221;]See reguleeritav jalgratta tugijalg sobib 24\u201328-tolliste ratastega jalgratastele, pakkudes stabiilset tuge. Vastupidavatest materjalidest valmistatud tugijalg peab h\u00e4sti","og_url":"https:\/\/voltride.com\/et\/jalgratta-seisujalg-24-28\/","og_site_name":"Voltride","article_publisher":"https:\/\/www.facebook.com\/voltridecom\/","article_modified_time":"2026-04-17T13:41:34+00:00","og_image":[{"width":1124,"height":1256,"url":"https:\/\/voltride.com\/wp-content\/uploads\/2026\/04\/otks001.png","type":"image\/png"}],"twitter_card":"summary_large_image","schema":{"@context":"https:\/\/schema.org","@graph":[{"@type":"WebPage","@id":"https:\/\/voltride.com\/et\/jalgratta-seisujalg-24-28\/","url":"https:\/\/voltride.com\/et\/jalgratta-seisujalg-24-28\/","name":"Jalgratta seisujalg 24\"-28\" | Voltride","isPartOf":{"@id":"https:\/\/voltride.com\/et\/#website"},"primaryImageOfPage":{"@id":"https:\/\/voltride.com\/et\/jalgratta-seisujalg-24-28\/#primaryimage"},"image":{"@id":"https:\/\/voltride.com\/et\/jalgratta-seisujalg-24-28\/#primaryimage"},"thumbnailUrl":"https:\/\/voltride.com\/wp-content\/uploads\/2026\/04\/otks001.png","datePublished":"2026-04-17T11:01:07+00:00","dateModified":"2026-04-17T13:41:34+00:00","breadcrumb":{"@id":"https:\/\/voltride.com\/et\/jalgratta-seisujalg-24-28\/#breadcrumb"},"inLanguage":"et","potentialAction":[{"@type":"ReadAction","target":["https:\/\/voltride.com\/et\/jalgratta-seisujalg-24-28\/"]}]},{"@type":"ImageObject","inLanguage":"et","@id":"https:\/\/voltride.com\/et\/jalgratta-seisujalg-24-28\/#primaryimage","url":"https:\/\/voltride.com\/wp-content\/uploads\/2026\/04\/otks001.png","contentUrl":"https:\/\/voltride.com\/wp-content\/uploads\/2026\/04\/otks001.png","width":1124,"height":1256},{"@type":"BreadcrumbList","@id":"https:\/\/voltride.com\/et\/jalgratta-seisujalg-24-28\/#breadcrumb","itemListElement":[{"@type":"ListItem","position":1,"name":"Kodu","item":"https:\/\/voltride.com\/et\/"},{"@type":"ListItem","position":2,"name":"Pood","item":"https:\/\/voltride.com\/et\/e-pood\/"},{"@type":"ListItem","position":3,"name":"Varuosad","item":"https:\/\/voltride.com\/et\/varuosad\/"},{"@type":"ListItem","position":4,"name":"Tugijalad","item":"https:\/\/voltride.com\/et\/tugijalad\/"},{"@type":"ListItem","position":5,"name":"Jalgratta seisujalg 24&#8243;-28&#8243;"}]},{"@type":"WebSite","@id":"https:\/\/voltride.com\/et\/#website","url":"https:\/\/voltride.com\/et\/","name":"Voltride","description":"Parim elektrirataste elektrit\u00f5ukside ja \u00fcksrataste pood ja remont","publisher":{"@id":"https:\/\/voltride.com\/et\/#organization"},"alternateName":"Vr","potentialAction":[{"@type":"SearchAction","target":{"@type":"EntryPoint","urlTemplate":"https:\/\/voltride.com\/et\/?s={search_term_string}"},"query-input":{"@type":"PropertyValueSpecification","valueRequired":true,"valueName":"search_term_string"}}],"inLanguage":"et"},{"@type":["Organization","Place"],"@id":"https:\/\/voltride.com\/et\/#organization","name":"Voltride","alternateName":"VR","url":"https:\/\/voltride.com\/et\/","logo":{"@id":"https:\/\/voltride.com\/et\/jalgratta-seisujalg-24-28\/#local-main-organization-logo"},"image":{"@id":"https:\/\/voltride.com\/et\/jalgratta-seisujalg-24-28\/#local-main-organization-logo"},"sameAs":["https:\/\/www.facebook.com\/voltridecom\/"],"legalName":"Voltride O\u00dc","numberOfEmployees":{"@type":"QuantitativeValue","minValue":"1","maxValue":"10"},"ownershipFundingInfo":"https:\/\/voltride.com\/about-us\/","hasMerchantReturnPolicy":{"@type":"MerchantReturnPolicy","merchantReturnLink":"https:\/\/voltride.com\/shipping-and-returns\/"},"address":{"@id":"https:\/\/voltride.com\/et\/jalgratta-seisujalg-24-28\/#local-main-place-address"},"geo":{"@type":"GeoCoordinates","latitude":"59.439554","longitude":"24.726644"},"telephone":["+372 600 40 99"],"contactPoint":{"@type":"ContactPoint","telephone":"+372 600 40 99","email":"info@voltride.com"},"openingHoursSpecification":[{"@type":"OpeningHoursSpecification","dayOfWeek":["Monday","Tuesday","Wednesday","Thursday","Friday"],"opens":"10:00","closes":"18:00"},{"@type":"OpeningHoursSpecification","dayOfWeek":["Saturday","Sunday"],"opens":"00:00","closes":"00:00"}],"email":"info@voltride.com","taxID":"14871968"},{"@type":"PostalAddress","@id":"https:\/\/voltride.com\/et\/jalgratta-seisujalg-24-28\/#local-main-place-address","streetAddress":"Voltride Telliskivi 57D","addressLocality":"Tallinn","postalCode":"10412","addressRegion":"Tallinn","addressCountry":"EE"},{"@type":"ImageObject","inLanguage":"et","@id":"https:\/\/voltride.com\/et\/jalgratta-seisujalg-24-28\/#local-main-organization-logo","url":"https:\/\/voltride.com\/wp-content\/uploads\/voltride-logo.png","contentUrl":"https:\/\/voltride.com\/wp-content\/uploads\/voltride-logo.png","width":2481,"height":620,"caption":"Voltride"}]},"product_price_amount":"12.90","product_price_currency":"EUR","og_availability":"instock","product_availability":"instock","product_retailer_item_id":"OTKS001","product_condition":"new","geo.placename":"Tallinn","geo.position":{"lat":"59.439554","long":"24.726644"},"geo.region":"Estonia"},"_links":{"self":[{"href":"https:\/\/voltride.com\/et\/wp-json\/wp\/v2\/product\/24559","targetHints":{"allow":["GET"]}}],"collection":[{"href":"https:\/\/voltride.com\/et\/wp-json\/wp\/v2\/product"}],"about":[{"href":"https:\/\/voltride.com\/et\/wp-json\/wp\/v2\/types\/product"}],"replies":[{"embeddable":true,"href":"https:\/\/voltride.com\/et\/wp-json\/wp\/v2\/comments?post=24559"}],"wp:featuredmedia":[{"embeddable":true,"href":"https:\/\/voltride.com\/et\/wp-json\/wp\/v2\/media\/24558"}],"wp:attachment":[{"href":"https:\/\/voltride.com\/et\/wp-json\/wp\/v2\/media?parent=24559"}],"wp:term":[{"taxonomy":"product_brand","embeddable":true,"href":"https:\/\/voltride.com\/et\/wp-json\/wp\/v2\/product_brand?post=24559"},{"taxonomy":"product_cat","embeddable":true,"href":"https:\/\/voltride.com\/et\/wp-json\/wp\/v2\/product_cat?post=24559"},{"taxonomy":"product_tag","embeddable":true,"href":"https:\/\/voltride.com\/et\/wp-json\/wp\/v2\/product_tag?post=24559"}],"curies":[{"name":"wp","href":"https:\/\/api.w.org\/{rel}","templated":true}]}}