{"id":24565,"date":"2026-04-17T13:01:07","date_gmt":"2026-04-17T11:01:07","guid":{"rendered":"https:\/\/voltride.com\/pudelikorvi-hoidik-zefal-gizmo\/"},"modified":"2026-04-21T10:39:29","modified_gmt":"2026-04-21T08:39:29","slug":"pudelikorvi-hoidik-zefal-gizmo","status":"publish","type":"product","link":"https:\/\/voltride.com\/et\/pudelikorvi-hoidik-zefal-gizmo\/","title":{"rendered":"Pudelikorvi hoidik Zefal Gizmo"},"content":{"rendered":"<div class=\"wpb-content-wrapper\"><p>[vc_row][vc_column][vc_column_text css=&#8221;&#8221; woodmart_inline=&#8221;no&#8221; text_larger=&#8221;no&#8221;]<\/p>\n<h2>Pudelikorvi hoidik Zefal Gizmo<\/h2>\n<p>Zefal Gizmo on mitmek\u00fclgne universaalne adapter, millega saab pudelialuse v\u00f5i muud tarvikud kinnitada peaaegu igale poole rattale. Reguleeritavate klambrite ja pehme rihma abil p\u00fcsib kinnitus kindlalt paigas ning kaitseb samal ajal raami v\u00e4rvi kriimustuste eest.<\/p>\n<p>Ideaalne ratastele, millel puuduvad tehasepaigalduse kinnituskohad \u2013 Gizmo saab paigaldada <strong>raamile, kahvlile, lenksule, juhtraua<\/strong> ette v\u00f5i sadulapostile. Universaalne disain sobib torudele l\u00e4bim\u00f5\u00f5duga <strong>15\u201375 mm<\/strong>, seega t\u00f6\u00f6tab see enamiku rataste ja ka e-rataste puhul.<\/p>\n<p>Valmistatud vastupidavatest materjalidest (<strong>pol\u00fcprop\u00fcleen, termoplastne elastomeer, teraspoldid ja -mutrid<\/strong>), pakub Gizmo tugevat ja libisemiskindlat kinnitust ning lisakaitset sinu rattale.<\/p>\n<p><strong>Omadused:<\/strong><\/p>\n<ul>\n<li>Universaalne sobivus torudele l\u00e4bim\u00f5\u00f5duga 15\u201375 mm<\/li>\n<li>Loob uued kinnituskohad pudelialustele v\u00f5i tarvikutele<\/li>\n<li>Pehme rihm libisemisvastaseks haardeks ja raami kaitseks<\/li>\n<li>Sobib tavalistele ratastele ja e-ratastele<\/li>\n<li>Materjal: pol\u00fcprop\u00fcleen, termoplastne elastomeer, teraspoldid ja -mutrid<\/li>\n<\/ul>\n<p>Lihtne ja praktiline lahendus ratturitele, kes vajavad paindlikku ja t\u00f6\u00f6kindlat kinnitustarvikut.[\/vc_column_text][\/vc_column][\/vc_row]<\/p>\n<\/div>","protected":false},"excerpt":{"rendered":"<p>[vc_row][vc_column][vc_column_text css=&#8221;&#8221; woodmart_inline=&#8221;no&#8221; text_larger=&#8221;no&#8221;] Pudelikorvi hoidik Zefal Gizmo Zefal Gizmo on mitmek\u00fclgne universaalne adapter, millega saab pudelialuse v\u00f5i muud tarvikud<\/p>\n","protected":false},"featured_media":24564,"comment_status":"open","ping_status":"closed","template":"","meta":[],"product_brand":[],"product_cat":[712],"product_tag":[],"class_list":{"0":"post-24565","1":"product","2":"type-product","3":"status-publish","4":"has-post-thumbnail","6":"product_cat-muu-lisavarustus","8":"first","9":"instock","10":"taxable","11":"shipping-taxable","12":"purchasable","13":"product-type-simple"},"yoast_head":"<!-- This site is optimized with the Yoast SEO Premium plugin v27.3 (Yoast SEO v27.4) - https:\/\/yoast.com\/product\/yoast-seo-premium-wordpress\/ -->\n<title>Pudelikorvi hoidik Zefal Gizmo | Voltride<\/title>\n<meta name=\"robots\" content=\"index, follow, max-snippet:-1, max-image-preview:large, max-video-preview:-1\" \/>\n<link rel=\"canonical\" href=\"https:\/\/voltride.com\/et\/pudelikorvi-hoidik-zefal-gizmo\/\" \/>\n<meta property=\"og:locale\" content=\"et_EE\" \/>\n<meta property=\"og:type\" content=\"article\" \/>\n<meta property=\"og:title\" content=\"Pudelikorvi hoidik Zefal Gizmo | Voltride\" \/>\n<meta property=\"og:description\" content=\"[vc_row][vc_column][vc_column_text css=&#8221;&#8221; woodmart_inline=&#8221;no&#8221; text_larger=&#8221;no&#8221;] Pudelikorvi hoidik Zefal Gizmo Zefal Gizmo on mitmek\u00fclgne universaalne adapter, millega saab pudelialuse v\u00f5i muud tarvikud\" \/>\n<meta property=\"og:url\" content=\"https:\/\/voltride.com\/et\/pudelikorvi-hoidik-zefal-gizmo\/\" \/>\n<meta property=\"og:site_name\" content=\"Voltride\" \/>\n<meta property=\"article:publisher\" content=\"https:\/\/www.facebook.com\/voltridecom\/\" \/>\n<meta property=\"article:modified_time\" content=\"2026-04-21T08:39:29+00:00\" \/>\n<meta property=\"og:image\" content=\"https:\/\/voltride.com\/wp-content\/uploads\/2026\/04\/zfbg003.png\" \/>\n\t<meta property=\"og:image:width\" content=\"958\" \/>\n\t<meta property=\"og:image:height\" content=\"884\" \/>\n\t<meta property=\"og:image:type\" content=\"image\/png\" \/>\n<meta name=\"twitter:card\" content=\"summary_large_image\" \/>\n<script type=\"application\/ld+json\" class=\"yoast-schema-graph\">{\"@context\":\"https:\\\/\\\/schema.org\",\"@graph\":[{\"@type\":\"WebPage\",\"@id\":\"https:\\\/\\\/voltride.com\\\/et\\\/pudelikorvi-hoidik-zefal-gizmo\\\/\",\"url\":\"https:\\\/\\\/voltride.com\\\/et\\\/pudelikorvi-hoidik-zefal-gizmo\\\/\",\"name\":\"Pudelikorvi hoidik Zefal Gizmo | Voltride\",\"isPartOf\":{\"@id\":\"https:\\\/\\\/voltride.com\\\/et\\\/#website\"},\"primaryImageOfPage\":{\"@id\":\"https:\\\/\\\/voltride.com\\\/et\\\/pudelikorvi-hoidik-zefal-gizmo\\\/#primaryimage\"},\"image\":{\"@id\":\"https:\\\/\\\/voltride.com\\\/et\\\/pudelikorvi-hoidik-zefal-gizmo\\\/#primaryimage\"},\"thumbnailUrl\":\"https:\\\/\\\/voltride.com\\\/wp-content\\\/uploads\\\/2026\\\/04\\\/zfbg003.png\",\"datePublished\":\"2026-04-17T11:01:07+00:00\",\"dateModified\":\"2026-04-21T08:39:29+00:00\",\"breadcrumb\":{\"@id\":\"https:\\\/\\\/voltride.com\\\/et\\\/pudelikorvi-hoidik-zefal-gizmo\\\/#breadcrumb\"},\"inLanguage\":\"et\",\"potentialAction\":[{\"@type\":\"ReadAction\",\"target\":[\"https:\\\/\\\/voltride.com\\\/et\\\/pudelikorvi-hoidik-zefal-gizmo\\\/\"]}]},{\"@type\":\"ImageObject\",\"inLanguage\":\"et\",\"@id\":\"https:\\\/\\\/voltride.com\\\/et\\\/pudelikorvi-hoidik-zefal-gizmo\\\/#primaryimage\",\"url\":\"https:\\\/\\\/voltride.com\\\/wp-content\\\/uploads\\\/2026\\\/04\\\/zfbg003.png\",\"contentUrl\":\"https:\\\/\\\/voltride.com\\\/wp-content\\\/uploads\\\/2026\\\/04\\\/zfbg003.png\",\"width\":958,\"height\":884},{\"@type\":\"BreadcrumbList\",\"@id\":\"https:\\\/\\\/voltride.com\\\/et\\\/pudelikorvi-hoidik-zefal-gizmo\\\/#breadcrumb\",\"itemListElement\":[{\"@type\":\"ListItem\",\"position\":1,\"name\":\"Kodu\",\"item\":\"https:\\\/\\\/voltride.com\\\/et\\\/\"},{\"@type\":\"ListItem\",\"position\":2,\"name\":\"Pood\",\"item\":\"https:\\\/\\\/voltride.com\\\/et\\\/e-pood\\\/\"},{\"@type\":\"ListItem\",\"position\":3,\"name\":\"Lisavarustus\",\"item\":\"https:\\\/\\\/voltride.com\\\/et\\\/lisavarustus\\\/\"},{\"@type\":\"ListItem\",\"position\":4,\"name\":\"Muu Lisavarustus\",\"item\":\"https:\\\/\\\/voltride.com\\\/et\\\/muu-lisavarustus\\\/\"},{\"@type\":\"ListItem\",\"position\":5,\"name\":\"Pudelikorvi hoidik Zefal Gizmo\"}]},{\"@type\":\"WebSite\",\"@id\":\"https:\\\/\\\/voltride.com\\\/et\\\/#website\",\"url\":\"https:\\\/\\\/voltride.com\\\/et\\\/\",\"name\":\"Voltride\",\"description\":\"Parim elektrirataste elektrit\u00f5ukside ja \u00fcksrataste pood ja remont\",\"publisher\":{\"@id\":\"https:\\\/\\\/voltride.com\\\/et\\\/#organization\"},\"alternateName\":\"Vr\",\"potentialAction\":[{\"@type\":\"SearchAction\",\"target\":{\"@type\":\"EntryPoint\",\"urlTemplate\":\"https:\\\/\\\/voltride.com\\\/et\\\/?s={search_term_string}\"},\"query-input\":{\"@type\":\"PropertyValueSpecification\",\"valueRequired\":true,\"valueName\":\"search_term_string\"}}],\"inLanguage\":\"et\"},{\"@type\":[\"Organization\",\"Place\"],\"@id\":\"https:\\\/\\\/voltride.com\\\/et\\\/#organization\",\"name\":\"Voltride\",\"alternateName\":\"VR\",\"url\":\"https:\\\/\\\/voltride.com\\\/et\\\/\",\"logo\":{\"@id\":\"https:\\\/\\\/voltride.com\\\/et\\\/pudelikorvi-hoidik-zefal-gizmo\\\/#local-main-organization-logo\"},\"image\":{\"@id\":\"https:\\\/\\\/voltride.com\\\/et\\\/pudelikorvi-hoidik-zefal-gizmo\\\/#local-main-organization-logo\"},\"sameAs\":[\"https:\\\/\\\/www.facebook.com\\\/voltridecom\\\/\"],\"legalName\":\"Voltride O\u00dc\",\"numberOfEmployees\":{\"@type\":\"QuantitativeValue\",\"minValue\":\"1\",\"maxValue\":\"10\"},\"ownershipFundingInfo\":\"https:\\\/\\\/voltride.com\\\/about-us\\\/\",\"hasMerchantReturnPolicy\":{\"@type\":\"MerchantReturnPolicy\",\"merchantReturnLink\":\"https:\\\/\\\/voltride.com\\\/shipping-and-returns\\\/\"},\"address\":{\"@id\":\"https:\\\/\\\/voltride.com\\\/et\\\/pudelikorvi-hoidik-zefal-gizmo\\\/#local-main-place-address\"},\"geo\":{\"@type\":\"GeoCoordinates\",\"latitude\":\"59.439554\",\"longitude\":\"24.726644\"},\"telephone\":[\"+372 600 40 99\"],\"contactPoint\":{\"@type\":\"ContactPoint\",\"telephone\":\"+372 600 40 99\",\"email\":\"info@voltride.com\"},\"openingHoursSpecification\":[{\"@type\":\"OpeningHoursSpecification\",\"dayOfWeek\":[\"Monday\",\"Tuesday\",\"Wednesday\",\"Thursday\",\"Friday\"],\"opens\":\"10:00\",\"closes\":\"18:00\"},{\"@type\":\"OpeningHoursSpecification\",\"dayOfWeek\":[\"Saturday\",\"Sunday\"],\"opens\":\"00:00\",\"closes\":\"00:00\"}],\"email\":\"info@voltride.com\",\"taxID\":\"14871968\"},{\"@type\":\"PostalAddress\",\"@id\":\"https:\\\/\\\/voltride.com\\\/et\\\/pudelikorvi-hoidik-zefal-gizmo\\\/#local-main-place-address\",\"streetAddress\":\"Voltride Telliskivi 57D\",\"addressLocality\":\"Tallinn\",\"postalCode\":\"10412\",\"addressRegion\":\"Tallinn\",\"addressCountry\":\"EE\"},{\"@type\":\"ImageObject\",\"inLanguage\":\"et\",\"@id\":\"https:\\\/\\\/voltride.com\\\/et\\\/pudelikorvi-hoidik-zefal-gizmo\\\/#local-main-organization-logo\",\"url\":\"https:\\\/\\\/voltride.com\\\/wp-content\\\/uploads\\\/voltride-logo.png\",\"contentUrl\":\"https:\\\/\\\/voltride.com\\\/wp-content\\\/uploads\\\/voltride-logo.png\",\"width\":2481,\"height\":620,\"caption\":\"Voltride\"}]}<\/script>\n<meta property=\"product:price:amount\" content=\"8.86\" \/>\n<meta property=\"product:price:currency\" content=\"EUR\" \/>\n<meta property=\"og:availability\" content=\"instock\" \/>\n<meta property=\"product:availability\" content=\"instock\" \/>\n<meta property=\"product:retailer_item_id\" content=\"ZFBG003\" \/>\n<meta property=\"product:condition\" content=\"new\" \/>\n<meta name=\"geo.placename\" content=\"Tallinn\" \/>\n<meta name=\"geo.position\" content=\"59.439554;24.726644\" \/>\n<meta name=\"geo.region\" content=\"Estonia\" \/>\n<!-- \/ Yoast SEO Premium plugin. -->","yoast_head_json":{"title":"Pudelikorvi hoidik Zefal Gizmo | Voltride","robots":{"index":"index","follow":"follow","max-snippet":"max-snippet:-1","max-image-preview":"max-image-preview:large","max-video-preview":"max-video-preview:-1"},"canonical":"https:\/\/voltride.com\/et\/pudelikorvi-hoidik-zefal-gizmo\/","og_locale":"et_EE","og_type":"article","og_title":"Pudelikorvi hoidik Zefal Gizmo | Voltride","og_description":"[vc_row][vc_column][vc_column_text css=&#8221;&#8221; woodmart_inline=&#8221;no&#8221; text_larger=&#8221;no&#8221;] Pudelikorvi hoidik Zefal Gizmo Zefal Gizmo on mitmek\u00fclgne universaalne adapter, millega saab pudelialuse v\u00f5i muud tarvikud","og_url":"https:\/\/voltride.com\/et\/pudelikorvi-hoidik-zefal-gizmo\/","og_site_name":"Voltride","article_publisher":"https:\/\/www.facebook.com\/voltridecom\/","article_modified_time":"2026-04-21T08:39:29+00:00","og_image":[{"width":958,"height":884,"url":"https:\/\/voltride.com\/wp-content\/uploads\/2026\/04\/zfbg003.png","type":"image\/png"}],"twitter_card":"summary_large_image","schema":{"@context":"https:\/\/schema.org","@graph":[{"@type":"WebPage","@id":"https:\/\/voltride.com\/et\/pudelikorvi-hoidik-zefal-gizmo\/","url":"https:\/\/voltride.com\/et\/pudelikorvi-hoidik-zefal-gizmo\/","name":"Pudelikorvi hoidik Zefal Gizmo | Voltride","isPartOf":{"@id":"https:\/\/voltride.com\/et\/#website"},"primaryImageOfPage":{"@id":"https:\/\/voltride.com\/et\/pudelikorvi-hoidik-zefal-gizmo\/#primaryimage"},"image":{"@id":"https:\/\/voltride.com\/et\/pudelikorvi-hoidik-zefal-gizmo\/#primaryimage"},"thumbnailUrl":"https:\/\/voltride.com\/wp-content\/uploads\/2026\/04\/zfbg003.png","datePublished":"2026-04-17T11:01:07+00:00","dateModified":"2026-04-21T08:39:29+00:00","breadcrumb":{"@id":"https:\/\/voltride.com\/et\/pudelikorvi-hoidik-zefal-gizmo\/#breadcrumb"},"inLanguage":"et","potentialAction":[{"@type":"ReadAction","target":["https:\/\/voltride.com\/et\/pudelikorvi-hoidik-zefal-gizmo\/"]}]},{"@type":"ImageObject","inLanguage":"et","@id":"https:\/\/voltride.com\/et\/pudelikorvi-hoidik-zefal-gizmo\/#primaryimage","url":"https:\/\/voltride.com\/wp-content\/uploads\/2026\/04\/zfbg003.png","contentUrl":"https:\/\/voltride.com\/wp-content\/uploads\/2026\/04\/zfbg003.png","width":958,"height":884},{"@type":"BreadcrumbList","@id":"https:\/\/voltride.com\/et\/pudelikorvi-hoidik-zefal-gizmo\/#breadcrumb","itemListElement":[{"@type":"ListItem","position":1,"name":"Kodu","item":"https:\/\/voltride.com\/et\/"},{"@type":"ListItem","position":2,"name":"Pood","item":"https:\/\/voltride.com\/et\/e-pood\/"},{"@type":"ListItem","position":3,"name":"Lisavarustus","item":"https:\/\/voltride.com\/et\/lisavarustus\/"},{"@type":"ListItem","position":4,"name":"Muu Lisavarustus","item":"https:\/\/voltride.com\/et\/muu-lisavarustus\/"},{"@type":"ListItem","position":5,"name":"Pudelikorvi hoidik Zefal Gizmo"}]},{"@type":"WebSite","@id":"https:\/\/voltride.com\/et\/#website","url":"https:\/\/voltride.com\/et\/","name":"Voltride","description":"Parim elektrirataste elektrit\u00f5ukside ja \u00fcksrataste pood ja remont","publisher":{"@id":"https:\/\/voltride.com\/et\/#organization"},"alternateName":"Vr","potentialAction":[{"@type":"SearchAction","target":{"@type":"EntryPoint","urlTemplate":"https:\/\/voltride.com\/et\/?s={search_term_string}"},"query-input":{"@type":"PropertyValueSpecification","valueRequired":true,"valueName":"search_term_string"}}],"inLanguage":"et"},{"@type":["Organization","Place"],"@id":"https:\/\/voltride.com\/et\/#organization","name":"Voltride","alternateName":"VR","url":"https:\/\/voltride.com\/et\/","logo":{"@id":"https:\/\/voltride.com\/et\/pudelikorvi-hoidik-zefal-gizmo\/#local-main-organization-logo"},"image":{"@id":"https:\/\/voltride.com\/et\/pudelikorvi-hoidik-zefal-gizmo\/#local-main-organization-logo"},"sameAs":["https:\/\/www.facebook.com\/voltridecom\/"],"legalName":"Voltride O\u00dc","numberOfEmployees":{"@type":"QuantitativeValue","minValue":"1","maxValue":"10"},"ownershipFundingInfo":"https:\/\/voltride.com\/about-us\/","hasMerchantReturnPolicy":{"@type":"MerchantReturnPolicy","merchantReturnLink":"https:\/\/voltride.com\/shipping-and-returns\/"},"address":{"@id":"https:\/\/voltride.com\/et\/pudelikorvi-hoidik-zefal-gizmo\/#local-main-place-address"},"geo":{"@type":"GeoCoordinates","latitude":"59.439554","longitude":"24.726644"},"telephone":["+372 600 40 99"],"contactPoint":{"@type":"ContactPoint","telephone":"+372 600 40 99","email":"info@voltride.com"},"openingHoursSpecification":[{"@type":"OpeningHoursSpecification","dayOfWeek":["Monday","Tuesday","Wednesday","Thursday","Friday"],"opens":"10:00","closes":"18:00"},{"@type":"OpeningHoursSpecification","dayOfWeek":["Saturday","Sunday"],"opens":"00:00","closes":"00:00"}],"email":"info@voltride.com","taxID":"14871968"},{"@type":"PostalAddress","@id":"https:\/\/voltride.com\/et\/pudelikorvi-hoidik-zefal-gizmo\/#local-main-place-address","streetAddress":"Voltride Telliskivi 57D","addressLocality":"Tallinn","postalCode":"10412","addressRegion":"Tallinn","addressCountry":"EE"},{"@type":"ImageObject","inLanguage":"et","@id":"https:\/\/voltride.com\/et\/pudelikorvi-hoidik-zefal-gizmo\/#local-main-organization-logo","url":"https:\/\/voltride.com\/wp-content\/uploads\/voltride-logo.png","contentUrl":"https:\/\/voltride.com\/wp-content\/uploads\/voltride-logo.png","width":2481,"height":620,"caption":"Voltride"}]},"product_price_amount":"8.86","product_price_currency":"EUR","og_availability":"instock","product_availability":"instock","product_retailer_item_id":"ZFBG003","product_condition":"new","geo.placename":"Tallinn","geo.position":{"lat":"59.439554","long":"24.726644"},"geo.region":"Estonia"},"_links":{"self":[{"href":"https:\/\/voltride.com\/et\/wp-json\/wp\/v2\/product\/24565","targetHints":{"allow":["GET"]}}],"collection":[{"href":"https:\/\/voltride.com\/et\/wp-json\/wp\/v2\/product"}],"about":[{"href":"https:\/\/voltride.com\/et\/wp-json\/wp\/v2\/types\/product"}],"replies":[{"embeddable":true,"href":"https:\/\/voltride.com\/et\/wp-json\/wp\/v2\/comments?post=24565"}],"wp:featuredmedia":[{"embeddable":true,"href":"https:\/\/voltride.com\/et\/wp-json\/wp\/v2\/media\/24564"}],"wp:attachment":[{"href":"https:\/\/voltride.com\/et\/wp-json\/wp\/v2\/media?parent=24565"}],"wp:term":[{"taxonomy":"product_brand","embeddable":true,"href":"https:\/\/voltride.com\/et\/wp-json\/wp\/v2\/product_brand?post=24565"},{"taxonomy":"product_cat","embeddable":true,"href":"https:\/\/voltride.com\/et\/wp-json\/wp\/v2\/product_cat?post=24565"},{"taxonomy":"product_tag","embeddable":true,"href":"https:\/\/voltride.com\/et\/wp-json\/wp\/v2\/product_tag?post=24565"}],"curies":[{"name":"wp","href":"https:\/\/api.w.org\/{rel}","templated":true}]}}