{"id":24923,"date":"2026-04-23T11:34:45","date_gmt":"2026-04-23T09:34:45","guid":{"rendered":"https:\/\/voltride.com\/inokim-oxo\/"},"modified":"2026-05-11T12:54:35","modified_gmt":"2026-05-11T10:54:35","slug":"elektriline-toukeratas-inokim-oxo","status":"publish","type":"product","link":"https:\/\/voltride.com\/et\/elektriline-toukeratas-inokim-oxo\/","title":{"rendered":"Inokim OxO"},"content":{"rendered":"<div class=\"wpb-content-wrapper\"><p>[vc_row css=&#8221;.vc_custom_1738843193265{background-color: #0F3F36 !important;}&#8221; woodmart_css_id=&#8221;67a4a4339c25a&#8221; responsive_spacing=&#8221;eyJwYXJhbV90eXBlIjoid29vZG1hcnRfcmVzcG9uc2l2ZV9zcGFjaW5nIiwic2VsZWN0b3JfaWQiOiI2N2E0YTQzMzljMjVhIiwic2hvcnRjb2RlIjoidmNfcm93IiwiZGF0YSI6eyJ0YWJsZXQiOnt9LCJtb2JpbGUiOnt9fX0=&#8221; mobile_bg_img_hidden=&#8221;no&#8221; tablet_bg_img_hidden=&#8221;no&#8221; woodmart_parallax=&#8221;0&#8243; woodmart_gradient_switch=&#8221;no&#8221; woodmart_box_shadow=&#8221;no&#8221; wd_z_index=&#8221;no&#8221; woodmart_disable_overflow=&#8221;0&#8243; row_reverse_mobile=&#8221;0&#8243; row_reverse_tablet=&#8221;0&#8243; el_id=&#8221;p-description&#8221; el_class=&#8221;product-description&#8221;][vc_column][vc_row_inner equal_height=&#8221;yes&#8221; content_placement=&#8221;middle&#8221; gap=&#8221;30&#8243; woodmart_css_id=&#8221;67ad1bf7ca313&#8243; responsive_spacing=&#8221;eyJwYXJhbV90eXBlIjoid29vZG1hcnRfcmVzcG9uc2l2ZV9zcGFjaW5nIiwic2VsZWN0b3JfaWQiOiI2N2FkMWJmN2NhMzEzIiwic2hvcnRjb2RlIjoidmNfcm93X2lubmVyIiwiZGF0YSI6eyJ0YWJsZXQiOnt9LCJtb2JpbGUiOnt9fX0=&#8221; mobile_bg_img_hidden=&#8221;no&#8221; tablet_bg_img_hidden=&#8221;no&#8221; woodmart_parallax=&#8221;0&#8243; woodmart_gradient_switch=&#8221;no&#8221; woodmart_box_shadow=&#8221;no&#8221; wd_z_index=&#8221;no&#8221; woodmart_disable_overflow=&#8221;0&#8243; row_reverse_mobile=&#8221;1&#8243; row_reverse_tablet=&#8221;0&#8243; el_class=&#8221;first-row inside-dec-row&#8221;][vc_column_inner][vc_column_text css=&#8221;&#8221; woodmart_inline=&#8221;no&#8221; text_larger=&#8221;no&#8221;]<strong>Inokim OxO<\/strong> on oma eelk\u00e4ija Inokim Ox Super k\u00f5ige v\u00f5imsam ja robustsem versioon. OxO-l on k\u00f5ik olemas \u2013 silmapaistev disain, suur kiirus, kvaliteetne vedrustus ja pikk s\u00f5iduulatus. Kahe 1000W harjadeta mootori abil suudab OxO vallutada j\u00e4rske t\u00f5use ning tulla toime ka keerulisel maastikul. 32 kg kaaluv raam ning 10 \u00d7 2,5\u2033 rehvid \u00fchendavad funktsionaalsuse ja stiili ning t\u00f5ukeratas on h\u00f5lpsasti kokkupandav mugavaks transportimiseks. Raam on valmistatud kvaliteetsest alumiiniumisulamist 6061 T6, mille vastupidavus on end t\u00f5estanud autot\u00f6\u00f6stuses.<\/p>\n<p>OxO on varustatud suurema akuga \u2013 t\u00e4psemalt 60V 25,6Ah. Vaatamata suuremale akule j\u00e4\u00e4b s\u00f5iduulatus ligikaudu samasse klassi Ox Superiga, umbes 80km juurde. See tuleneb suuremast energiavajadusest, kuna seadmel on \u00fche mootori asemel kaks mootorit.<\/p>\n<p>Suurep\u00e4rane vedrustus ja h\u00fcdraulilised ketaspidurid muudavad s\u00f5idu t\u00f5eliselt nauditavaks. Suurematel kiirustel p\u00fcsib t\u00f5ukeratas stabiilne ja rahulik. Ka konarused ja augud teel ei m\u00f5juta s\u00f5idukit nii palju, et see tekitaks ebakindlust.<\/p>\n<p>Vedrustusest l\u00e4hemalt: seadmel on patenteeritud reguleeritav vedrustuss\u00fcsteem, mis v\u00f5imaldab valida erinevate seadistuste vahel \u2013 k\u00f5rgem asend suurema vedrustusk\u00e4igu jaoks (ebatasasel maastikul) ja madalam asend parema stabiilsuse ning suurema kiiruse saavutamiseks. \u00dchepoolne vedrustus paistab silma oma erilise kuju ja v\u00e4rvilahendusega.<\/p>\n<p>OxO-l on ka kauni disainiga elektrooniline gaasihoob koos LCD-ekraaniga, mis kuvab infot kiiruse, l\u00e4bitud vahemaa, aku taseme ning muude n\u00e4itajate kohta, nagu s\u00f5idure\u017eiim, odomeeter (ODO), p\u00fcsikiiruse hoidja, taustvalgustus ja automaatne v\u00e4ljal\u00fclitus.<\/p>\n<p>Elektrilise t\u00f5ukerattaga s\u00f5ites kasuta alati kaitsevarustust ja kiivrit!<\/p>\n<p>Selle t\u00f5ukeratta tippkiirus on piiratud 25 km\/h-ni. Lisainfo saamiseks v\u00f5ta \u00fchendust aadressil <a href=\"mailto:service@voltride.com\">service@voltride.com<\/a><\/p>\n<p><strong><em>Inokim OxO garantii: 2 aastat raamile ja 6 kuud akule. Garantii ei kata loomulikku kulumist ega vee v\u00f5i vedelike poolt p\u00f5hjustatud kahjustusi.<\/em><\/strong>[\/vc_column_text][\/vc_column_inner][\/vc_row_inner][vc_empty_space height=&#8221;1vw&#8221; woodmart_hide_large=&#8221;0&#8243; woodmart_hide_medium=&#8221;0&#8243; woodmart_hide_small=&#8221;0&#8243;][vc_row_inner el_class=&#8221;product-cta&#8221; woodmart_css_id=&#8221;67ad831e70f64&#8243; responsive_spacing=&#8221;eyJwYXJhbV90eXBlIjoid29vZG1hcnRfcmVzcG9uc2l2ZV9zcGFjaW5nIiwic2VsZWN0b3JfaWQiOiI2N2FkODMxZTcwZjY0Iiwic2hvcnRjb2RlIjoidmNfcm93X2lubmVyIiwiZGF0YSI6eyJ0YWJsZXQiOnt9LCJtb2JpbGUiOnt9fX0=&#8221; mobile_bg_img_hidden=&#8221;no&#8221; tablet_bg_img_hidden=&#8221;no&#8221; woodmart_parallax=&#8221;0&#8243; woodmart_gradient_switch=&#8221;no&#8221; woodmart_box_shadow=&#8221;no&#8221; wd_z_index=&#8221;no&#8221; woodmart_disable_overflow=&#8221;0&#8243; row_reverse_mobile=&#8221;0&#8243; row_reverse_tablet=&#8221;0&#8243;][vc_column_inner][vc_column_text css=&#8221;&#8221; el_class=&#8221;bigger-cta-heading&#8221; woodmart_inline=&#8221;no&#8221; text_larger=&#8221;no&#8221;]<\/p>\n<h4>Telli oma elektriline t\u00f5ukeratas INOKIM OxO juba t\u00e4na!<\/h4>\n<p>[\/vc_column_text][\/vc_column_inner][\/vc_row_inner][\/vc_column][\/vc_row]<\/p>\n<\/div>","protected":false},"excerpt":{"rendered":"<p><strong>Inokim OxO<\/strong> on suure j\u00f5udlusega kahe mootoriga elektriline t\u00f5ukeratas, mis on loodud v\u00f5imsuseks ja pikaks s\u00f5iduulatuseks. Tugev kiirendus, t\u00e4iustatud vedrustus ja vastupidav raam tagavad sujuva ning stabiilse s\u00f5idukogemuse nii linnat\u00e4navatel kui ka keerulisemal maastikul. Ideaalne valik s\u00f5itjatele, kes otsivad tipptasemel j\u00f5udlust ja mugavust \u00fches t\u00f5ukerattas.<\/p>\n","protected":false},"featured_media":24917,"comment_status":"open","ping_status":"closed","template":"","meta":[],"product_brand":[672],"product_cat":[735],"product_tag":[],"class_list":{"0":"post-24923","1":"product","2":"type-product","3":"status-publish","4":"has-post-thumbnail","6":"product_brand-inokim","7":"product_cat-elektrilised-toukerattad","9":"first","10":"instock","11":"sale","12":"taxable","13":"shipping-taxable","14":"purchasable","15":"product-type-simple"},"yoast_head":"<!-- This site is optimized with the Yoast SEO Premium plugin v27.3 (Yoast SEO v27.5) - https:\/\/yoast.com\/product\/yoast-seo-premium-wordpress\/ -->\n<title>Inokim OxO | Voltride<\/title>\n<meta name=\"description\" content=\"Inokim OxO elektrit\u00f5ukeratas kahe mootoriga, pika s\u00f5iduulatusega kuni 100km ning t\u00e4iustatud vedrustusega. V\u00f5imas, stabiilne loodud nii linnas\u00f5iduks kui ka maastikule.\" \/>\n<meta name=\"robots\" content=\"index, follow, max-snippet:-1, max-image-preview:large, max-video-preview:-1\" \/>\n<link rel=\"canonical\" href=\"https:\/\/voltride.com\/et\/elektriline-toukeratas-inokim-oxo\/\" \/>\n<meta property=\"og:locale\" content=\"et_EE\" \/>\n<meta property=\"og:type\" content=\"article\" \/>\n<meta property=\"og:title\" content=\"Inokim OxO | Voltride\" \/>\n<meta property=\"og:description\" content=\"Inokim OxO elektrit\u00f5ukeratas kahe mootoriga, pika s\u00f5iduulatusega kuni 100km ning t\u00e4iustatud vedrustusega. V\u00f5imas, stabiilne loodud nii linnas\u00f5iduks kui ka maastikule.\" \/>\n<meta property=\"og:url\" content=\"https:\/\/voltride.com\/et\/elektriline-toukeratas-inokim-oxo\/\" \/>\n<meta property=\"og:site_name\" content=\"Voltride\" \/>\n<meta property=\"article:publisher\" content=\"https:\/\/www.facebook.com\/voltridecom\/\" \/>\n<meta property=\"article:modified_time\" content=\"2026-05-11T10:54:35+00:00\" \/>\n<meta property=\"og:image\" content=\"https:\/\/voltride.com\/wp-content\/uploads\/2026\/04\/inokim-oxo-front-main-image.jpg\" \/>\n\t<meta property=\"og:image:width\" content=\"2500\" \/>\n\t<meta property=\"og:image:height\" content=\"2500\" \/>\n\t<meta property=\"og:image:type\" content=\"image\/jpeg\" \/>\n<meta name=\"twitter:card\" content=\"summary_large_image\" \/>\n<script type=\"application\/ld+json\" class=\"yoast-schema-graph\">{\"@context\":\"https:\\\/\\\/schema.org\",\"@graph\":[{\"@type\":\"WebPage\",\"@id\":\"https:\\\/\\\/voltride.com\\\/et\\\/elektriline-toukeratas-inokim-oxo\\\/\",\"url\":\"https:\\\/\\\/voltride.com\\\/et\\\/elektriline-toukeratas-inokim-oxo\\\/\",\"name\":\"Inokim OxO | Voltride\",\"isPartOf\":{\"@id\":\"https:\\\/\\\/voltride.com\\\/et\\\/#website\"},\"primaryImageOfPage\":{\"@id\":\"https:\\\/\\\/voltride.com\\\/et\\\/elektriline-toukeratas-inokim-oxo\\\/#primaryimage\"},\"image\":{\"@id\":\"https:\\\/\\\/voltride.com\\\/et\\\/elektriline-toukeratas-inokim-oxo\\\/#primaryimage\"},\"thumbnailUrl\":\"https:\\\/\\\/voltride.com\\\/wp-content\\\/uploads\\\/2026\\\/04\\\/inokim-oxo-front-main-image.jpg\",\"datePublished\":\"2026-04-23T09:34:45+00:00\",\"dateModified\":\"2026-05-11T10:54:35+00:00\",\"description\":\"Inokim OxO elektrit\u00f5ukeratas kahe mootoriga, pika s\u00f5iduulatusega kuni 100km ning t\u00e4iustatud vedrustusega. V\u00f5imas, stabiilne loodud nii linnas\u00f5iduks kui ka maastikule.\",\"breadcrumb\":{\"@id\":\"https:\\\/\\\/voltride.com\\\/et\\\/elektriline-toukeratas-inokim-oxo\\\/#breadcrumb\"},\"inLanguage\":\"et\",\"potentialAction\":[{\"@type\":\"ReadAction\",\"target\":[\"https:\\\/\\\/voltride.com\\\/et\\\/elektriline-toukeratas-inokim-oxo\\\/\"]}]},{\"@type\":\"ImageObject\",\"inLanguage\":\"et\",\"@id\":\"https:\\\/\\\/voltride.com\\\/et\\\/elektriline-toukeratas-inokim-oxo\\\/#primaryimage\",\"url\":\"https:\\\/\\\/voltride.com\\\/wp-content\\\/uploads\\\/2026\\\/04\\\/inokim-oxo-front-main-image.jpg\",\"contentUrl\":\"https:\\\/\\\/voltride.com\\\/wp-content\\\/uploads\\\/2026\\\/04\\\/inokim-oxo-front-main-image.jpg\",\"width\":2500,\"height\":2500,\"caption\":\"Inokim OxO elektrilise t\u00f5ukeratta esivaate pilt.\"},{\"@type\":\"BreadcrumbList\",\"@id\":\"https:\\\/\\\/voltride.com\\\/et\\\/elektriline-toukeratas-inokim-oxo\\\/#breadcrumb\",\"itemListElement\":[{\"@type\":\"ListItem\",\"position\":1,\"name\":\"Kodu\",\"item\":\"https:\\\/\\\/voltride.com\\\/et\\\/\"},{\"@type\":\"ListItem\",\"position\":2,\"name\":\"Pood\",\"item\":\"https:\\\/\\\/voltride.com\\\/et\\\/e-pood\\\/\"},{\"@type\":\"ListItem\",\"position\":3,\"name\":\"Elektrit\u00f5ukerattad\",\"item\":\"https:\\\/\\\/voltride.com\\\/et\\\/elektrilised-toukerattad\\\/\"},{\"@type\":\"ListItem\",\"position\":4,\"name\":\"Inokim OxO\"}]},{\"@type\":\"WebSite\",\"@id\":\"https:\\\/\\\/voltride.com\\\/et\\\/#website\",\"url\":\"https:\\\/\\\/voltride.com\\\/et\\\/\",\"name\":\"Voltride\",\"description\":\"Parim elektrirataste elektrit\u00f5ukside ja \u00fcksrataste pood ja remont\",\"publisher\":{\"@id\":\"https:\\\/\\\/voltride.com\\\/et\\\/#organization\"},\"alternateName\":\"Vr\",\"potentialAction\":[{\"@type\":\"SearchAction\",\"target\":{\"@type\":\"EntryPoint\",\"urlTemplate\":\"https:\\\/\\\/voltride.com\\\/et\\\/?s={search_term_string}\"},\"query-input\":{\"@type\":\"PropertyValueSpecification\",\"valueRequired\":true,\"valueName\":\"search_term_string\"}}],\"inLanguage\":\"et\"},{\"@type\":[\"Organization\",\"Place\"],\"@id\":\"https:\\\/\\\/voltride.com\\\/et\\\/#organization\",\"name\":\"Voltride\",\"alternateName\":\"VR\",\"url\":\"https:\\\/\\\/voltride.com\\\/et\\\/\",\"logo\":{\"@id\":\"https:\\\/\\\/voltride.com\\\/et\\\/elektriline-toukeratas-inokim-oxo\\\/#local-main-organization-logo\"},\"image\":{\"@id\":\"https:\\\/\\\/voltride.com\\\/et\\\/elektriline-toukeratas-inokim-oxo\\\/#local-main-organization-logo\"},\"sameAs\":[\"https:\\\/\\\/www.facebook.com\\\/voltridecom\\\/\"],\"legalName\":\"Voltride O\u00dc\",\"numberOfEmployees\":{\"@type\":\"QuantitativeValue\",\"minValue\":\"1\",\"maxValue\":\"10\"},\"ownershipFundingInfo\":\"https:\\\/\\\/voltride.com\\\/about-us\\\/\",\"hasMerchantReturnPolicy\":{\"@type\":\"MerchantReturnPolicy\",\"merchantReturnLink\":\"https:\\\/\\\/voltride.com\\\/shipping-and-returns\\\/\"},\"address\":{\"@id\":\"https:\\\/\\\/voltride.com\\\/et\\\/elektriline-toukeratas-inokim-oxo\\\/#local-main-place-address\"},\"geo\":{\"@type\":\"GeoCoordinates\",\"latitude\":\"59.439554\",\"longitude\":\"24.726644\"},\"telephone\":[\"+372 600 40 99\"],\"contactPoint\":{\"@type\":\"ContactPoint\",\"telephone\":\"+372 600 40 99\",\"email\":\"info@voltride.com\"},\"openingHoursSpecification\":[{\"@type\":\"OpeningHoursSpecification\",\"dayOfWeek\":[\"Monday\",\"Tuesday\",\"Wednesday\",\"Thursday\",\"Friday\"],\"opens\":\"10:00\",\"closes\":\"18:00\"},{\"@type\":\"OpeningHoursSpecification\",\"dayOfWeek\":[\"Saturday\",\"Sunday\"],\"opens\":\"00:00\",\"closes\":\"00:00\"}],\"email\":\"info@voltride.com\",\"taxID\":\"14871968\"},{\"@type\":\"PostalAddress\",\"@id\":\"https:\\\/\\\/voltride.com\\\/et\\\/elektriline-toukeratas-inokim-oxo\\\/#local-main-place-address\",\"streetAddress\":\"Voltride Telliskivi 57D\",\"addressLocality\":\"Tallinn\",\"postalCode\":\"10412\",\"addressRegion\":\"Tallinn\",\"addressCountry\":\"EE\"},{\"@type\":\"ImageObject\",\"inLanguage\":\"et\",\"@id\":\"https:\\\/\\\/voltride.com\\\/et\\\/elektriline-toukeratas-inokim-oxo\\\/#local-main-organization-logo\",\"url\":\"https:\\\/\\\/voltride.com\\\/wp-content\\\/uploads\\\/voltride-logo.png\",\"contentUrl\":\"https:\\\/\\\/voltride.com\\\/wp-content\\\/uploads\\\/voltride-logo.png\",\"width\":2481,\"height\":620,\"caption\":\"Voltride\"}]}<\/script>\n<meta property=\"product:brand\" content=\"Inokim\" \/>\n<meta property=\"product:price:amount\" content=\"1899.99\" \/>\n<meta property=\"product:price:currency\" content=\"EUR\" \/>\n<meta property=\"og:availability\" content=\"instock\" \/>\n<meta property=\"product:availability\" content=\"instock\" \/>\n<meta property=\"product:retailer_item_id\" content=\"KSIM420\" \/>\n<meta property=\"product:condition\" content=\"new\" \/>\n<meta name=\"geo.placename\" content=\"Tallinn\" \/>\n<meta name=\"geo.position\" content=\"59.439554;24.726644\" \/>\n<meta name=\"geo.region\" content=\"Estonia\" \/>\n<!-- \/ Yoast SEO Premium plugin. -->","yoast_head_json":{"title":"Inokim OxO | Voltride","description":"Inokim OxO elektrit\u00f5ukeratas kahe mootoriga, pika s\u00f5iduulatusega kuni 100km ning t\u00e4iustatud vedrustusega. V\u00f5imas, stabiilne loodud nii linnas\u00f5iduks kui ka maastikule.","robots":{"index":"index","follow":"follow","max-snippet":"max-snippet:-1","max-image-preview":"max-image-preview:large","max-video-preview":"max-video-preview:-1"},"canonical":"https:\/\/voltride.com\/et\/elektriline-toukeratas-inokim-oxo\/","og_locale":"et_EE","og_type":"article","og_title":"Inokim OxO | Voltride","og_description":"Inokim OxO elektrit\u00f5ukeratas kahe mootoriga, pika s\u00f5iduulatusega kuni 100km ning t\u00e4iustatud vedrustusega. V\u00f5imas, stabiilne loodud nii linnas\u00f5iduks kui ka maastikule.","og_url":"https:\/\/voltride.com\/et\/elektriline-toukeratas-inokim-oxo\/","og_site_name":"Voltride","article_publisher":"https:\/\/www.facebook.com\/voltridecom\/","article_modified_time":"2026-05-11T10:54:35+00:00","og_image":[{"width":2500,"height":2500,"url":"https:\/\/voltride.com\/wp-content\/uploads\/2026\/04\/inokim-oxo-front-main-image.jpg","type":"image\/jpeg"}],"twitter_card":"summary_large_image","schema":{"@context":"https:\/\/schema.org","@graph":[{"@type":"WebPage","@id":"https:\/\/voltride.com\/et\/elektriline-toukeratas-inokim-oxo\/","url":"https:\/\/voltride.com\/et\/elektriline-toukeratas-inokim-oxo\/","name":"Inokim OxO | Voltride","isPartOf":{"@id":"https:\/\/voltride.com\/et\/#website"},"primaryImageOfPage":{"@id":"https:\/\/voltride.com\/et\/elektriline-toukeratas-inokim-oxo\/#primaryimage"},"image":{"@id":"https:\/\/voltride.com\/et\/elektriline-toukeratas-inokim-oxo\/#primaryimage"},"thumbnailUrl":"https:\/\/voltride.com\/wp-content\/uploads\/2026\/04\/inokim-oxo-front-main-image.jpg","datePublished":"2026-04-23T09:34:45+00:00","dateModified":"2026-05-11T10:54:35+00:00","description":"Inokim OxO elektrit\u00f5ukeratas kahe mootoriga, pika s\u00f5iduulatusega kuni 100km ning t\u00e4iustatud vedrustusega. V\u00f5imas, stabiilne loodud nii linnas\u00f5iduks kui ka maastikule.","breadcrumb":{"@id":"https:\/\/voltride.com\/et\/elektriline-toukeratas-inokim-oxo\/#breadcrumb"},"inLanguage":"et","potentialAction":[{"@type":"ReadAction","target":["https:\/\/voltride.com\/et\/elektriline-toukeratas-inokim-oxo\/"]}]},{"@type":"ImageObject","inLanguage":"et","@id":"https:\/\/voltride.com\/et\/elektriline-toukeratas-inokim-oxo\/#primaryimage","url":"https:\/\/voltride.com\/wp-content\/uploads\/2026\/04\/inokim-oxo-front-main-image.jpg","contentUrl":"https:\/\/voltride.com\/wp-content\/uploads\/2026\/04\/inokim-oxo-front-main-image.jpg","width":2500,"height":2500,"caption":"Inokim OxO elektrilise t\u00f5ukeratta esivaate pilt."},{"@type":"BreadcrumbList","@id":"https:\/\/voltride.com\/et\/elektriline-toukeratas-inokim-oxo\/#breadcrumb","itemListElement":[{"@type":"ListItem","position":1,"name":"Kodu","item":"https:\/\/voltride.com\/et\/"},{"@type":"ListItem","position":2,"name":"Pood","item":"https:\/\/voltride.com\/et\/e-pood\/"},{"@type":"ListItem","position":3,"name":"Elektrit\u00f5ukerattad","item":"https:\/\/voltride.com\/et\/elektrilised-toukerattad\/"},{"@type":"ListItem","position":4,"name":"Inokim OxO"}]},{"@type":"WebSite","@id":"https:\/\/voltride.com\/et\/#website","url":"https:\/\/voltride.com\/et\/","name":"Voltride","description":"Parim elektrirataste elektrit\u00f5ukside ja \u00fcksrataste pood ja remont","publisher":{"@id":"https:\/\/voltride.com\/et\/#organization"},"alternateName":"Vr","potentialAction":[{"@type":"SearchAction","target":{"@type":"EntryPoint","urlTemplate":"https:\/\/voltride.com\/et\/?s={search_term_string}"},"query-input":{"@type":"PropertyValueSpecification","valueRequired":true,"valueName":"search_term_string"}}],"inLanguage":"et"},{"@type":["Organization","Place"],"@id":"https:\/\/voltride.com\/et\/#organization","name":"Voltride","alternateName":"VR","url":"https:\/\/voltride.com\/et\/","logo":{"@id":"https:\/\/voltride.com\/et\/elektriline-toukeratas-inokim-oxo\/#local-main-organization-logo"},"image":{"@id":"https:\/\/voltride.com\/et\/elektriline-toukeratas-inokim-oxo\/#local-main-organization-logo"},"sameAs":["https:\/\/www.facebook.com\/voltridecom\/"],"legalName":"Voltride O\u00dc","numberOfEmployees":{"@type":"QuantitativeValue","minValue":"1","maxValue":"10"},"ownershipFundingInfo":"https:\/\/voltride.com\/about-us\/","hasMerchantReturnPolicy":{"@type":"MerchantReturnPolicy","merchantReturnLink":"https:\/\/voltride.com\/shipping-and-returns\/"},"address":{"@id":"https:\/\/voltride.com\/et\/elektriline-toukeratas-inokim-oxo\/#local-main-place-address"},"geo":{"@type":"GeoCoordinates","latitude":"59.439554","longitude":"24.726644"},"telephone":["+372 600 40 99"],"contactPoint":{"@type":"ContactPoint","telephone":"+372 600 40 99","email":"info@voltride.com"},"openingHoursSpecification":[{"@type":"OpeningHoursSpecification","dayOfWeek":["Monday","Tuesday","Wednesday","Thursday","Friday"],"opens":"10:00","closes":"18:00"},{"@type":"OpeningHoursSpecification","dayOfWeek":["Saturday","Sunday"],"opens":"00:00","closes":"00:00"}],"email":"info@voltride.com","taxID":"14871968"},{"@type":"PostalAddress","@id":"https:\/\/voltride.com\/et\/elektriline-toukeratas-inokim-oxo\/#local-main-place-address","streetAddress":"Voltride Telliskivi 57D","addressLocality":"Tallinn","postalCode":"10412","addressRegion":"Tallinn","addressCountry":"EE"},{"@type":"ImageObject","inLanguage":"et","@id":"https:\/\/voltride.com\/et\/elektriline-toukeratas-inokim-oxo\/#local-main-organization-logo","url":"https:\/\/voltride.com\/wp-content\/uploads\/voltride-logo.png","contentUrl":"https:\/\/voltride.com\/wp-content\/uploads\/voltride-logo.png","width":2481,"height":620,"caption":"Voltride"}]},"product_brand":"Inokim","product_price_amount":"1899.99","product_price_currency":"EUR","og_availability":"instock","product_availability":"instock","product_retailer_item_id":"KSIM420","product_condition":"new","geo.placename":"Tallinn","geo.position":{"lat":"59.439554","long":"24.726644"},"geo.region":"Estonia"},"_links":{"self":[{"href":"https:\/\/voltride.com\/et\/wp-json\/wp\/v2\/product\/24923","targetHints":{"allow":["GET"]}}],"collection":[{"href":"https:\/\/voltride.com\/et\/wp-json\/wp\/v2\/product"}],"about":[{"href":"https:\/\/voltride.com\/et\/wp-json\/wp\/v2\/types\/product"}],"replies":[{"embeddable":true,"href":"https:\/\/voltride.com\/et\/wp-json\/wp\/v2\/comments?post=24923"}],"wp:featuredmedia":[{"embeddable":true,"href":"https:\/\/voltride.com\/et\/wp-json\/wp\/v2\/media\/24917"}],"wp:attachment":[{"href":"https:\/\/voltride.com\/et\/wp-json\/wp\/v2\/media?parent=24923"}],"wp:term":[{"taxonomy":"product_brand","embeddable":true,"href":"https:\/\/voltride.com\/et\/wp-json\/wp\/v2\/product_brand?post=24923"},{"taxonomy":"product_cat","embeddable":true,"href":"https:\/\/voltride.com\/et\/wp-json\/wp\/v2\/product_cat?post=24923"},{"taxonomy":"product_tag","embeddable":true,"href":"https:\/\/voltride.com\/et\/wp-json\/wp\/v2\/product_tag?post=24923"}],"curies":[{"name":"wp","href":"https:\/\/api.w.org\/{rel}","templated":true}]}}