{"id":25128,"date":"2026-04-23T13:20:33","date_gmt":"2026-04-23T11:20:33","guid":{"rendered":"https:\/\/voltride.com\/leatt-polve-ja-saarekaitse-dual-axis-pro-xxl\/"},"modified":"2026-04-24T14:29:24","modified_gmt":"2026-04-24T12:29:24","slug":"leatt-polve-ja-saarekaitse-dual-axis-pro-xxl","status":"publish","type":"product","link":"https:\/\/voltride.com\/et\/leatt-polve-ja-saarekaitse-dual-axis-pro-xxl\/","title":{"rendered":"Leatt p\u00f5lve ja s\u00e4\u00e4rekaitse Dual Axis Pro XXL"},"content":{"rendered":"<div class=\"wpb-content-wrapper\"><p>[vc_row][vc_column][vc_column_text css=&#8221;&#8221; woodmart_inline=&#8221;no&#8221; text_larger=&#8221;no&#8221;]<\/p>\n<h2>Leatt p\u00f5lve ja s\u00e4\u00e4rekaitse Dual Axis Pro<\/h2>\n<p>Leatt Dual Axis Pro p\u00f5lve- ja s\u00e4\u00e4rekaitsmed pakuvad tipptasemel kaitset ja mugavust, j\u00e4\u00e4des oma omadustelt Dual Axis kaitsete ja k\u00f5rgetasemeliste Z-Frame p\u00f5lvetugede vahele. Anatoomiliselt \u00f5igete, hammasratastega liigendite abil liiguvad need loomulikult koos p\u00f5lve liikumisega, tagades vaba liikumise.<\/p>\n<p>Leatt\u2019i l\u00f6\u00f6gikaitsetehnoloogia ja tugev k\u00f5va kest pakuvad CE-sertifitseeritud kaitset (EN1621-1), samas kui pikendatud sisemine pehmendus tagab mugavuse ja kindla haarde. Metallist v\u00e4liskiht tugevdab liigendit ja v\u00e4hendab k\u00fclgl\u00f6\u00f6ke, samal ajal kui kummised sisepaneelid parandavad haarduvust rattaga. \u00d5hukesed s\u00e4\u00e4replaadid mahuvad h\u00e4sti saabaste sisse ning suured ventilatsiooniavad tagavad maksimaalse \u00f5huvoolu ka intensiivsel s\u00f5idul.<\/p>\n<p>Leatt kaitseskooriga 25\/25 on tegemist \u00fclimalt turvaliste kaitsetega, mis sobivad ratturitele, kes otsivad korraga nii j\u00f5udlust kui mugavust.<\/p>\n<p><strong>Omadused:<\/strong><\/p>\n<ul>\n<li>Leatt kaitseskoor: 25\/25<\/li>\n<li>CE-sertifitseeritud l\u00f6\u00f6gikaitse (EN1621-1, p\u00f5lv ja s\u00e4\u00e4r)<\/li>\n<li>K\u00f5va kest, hammasratastega liigenddisainiga<\/li>\n<li>Pikendatud pehmendus mugavuse ja haarde jaoks<\/li>\n<li>Metallist v\u00e4listugevdus lisakindluseks ja l\u00f6\u00f6gij\u00f5u v\u00e4hendamiseks<\/li>\n<li>Kummipaneelid parema rattahaarde jaoks<\/li>\n<li>\u00d5huke s\u00e4\u00e4replaat \u2013 sobib h\u00e4sti saabastega<\/li>\n<li>Suured ventilatsiooniavad \u00f5hu liikumiseks<\/li>\n<li>Plastikuvaba pakend<\/li>\n<\/ul>\n<p>Dual Axis Pro on ideaalne tasakaal mugavuse, liikumisvabaduse ja kaitse vahel \u2013 m\u00f5eldud s\u00f5itjatele, kes soovivad enamat kui tavalised kaitsmed, kuid ei vaja veel t\u00e4isortoosi.[\/vc_column_text][\/vc_column][\/vc_row]<\/p>\n<\/div>","protected":false},"excerpt":{"rendered":"<p>[vc_row][vc_column][vc_column_text css=&#8221;&#8221; woodmart_inline=&#8221;no&#8221; text_larger=&#8221;no&#8221;] Leatt p\u00f5lve ja s\u00e4\u00e4rekaitse Dual Axis Pro Leatt Dual Axis Pro p\u00f5lve- ja s\u00e4\u00e4rekaitsmed pakuvad tipptasemel<\/p>\n","protected":false},"featured_media":25127,"comment_status":"open","ping_status":"closed","template":"","meta":[],"product_brand":[],"product_cat":[753],"product_tag":[],"class_list":{"0":"post-25128","1":"product","2":"type-product","3":"status-publish","4":"has-post-thumbnail","6":"product_cat-kaitsevarustus-soitjale","8":"first","9":"instock","10":"taxable","11":"shipping-taxable","12":"purchasable","13":"product-type-simple"},"yoast_head":"<!-- This site is optimized with the Yoast SEO Premium plugin v27.3 (Yoast SEO v27.4) - https:\/\/yoast.com\/product\/yoast-seo-premium-wordpress\/ -->\n<title>Leatt p\u00f5lve ja s\u00e4\u00e4rekaitse Dual Axis Pro XXL | Voltride<\/title>\n<meta name=\"robots\" content=\"index, follow, max-snippet:-1, max-image-preview:large, max-video-preview:-1\" \/>\n<link rel=\"canonical\" href=\"https:\/\/voltride.com\/et\/leatt-polve-ja-saarekaitse-dual-axis-pro-xxl\/\" \/>\n<meta property=\"og:locale\" content=\"et_EE\" \/>\n<meta property=\"og:type\" content=\"article\" \/>\n<meta property=\"og:title\" content=\"Leatt p\u00f5lve ja s\u00e4\u00e4rekaitse Dual Axis Pro XXL | Voltride\" \/>\n<meta property=\"og:description\" content=\"[vc_row][vc_column][vc_column_text css=&#8221;&#8221; woodmart_inline=&#8221;no&#8221; text_larger=&#8221;no&#8221;] Leatt p\u00f5lve ja s\u00e4\u00e4rekaitse Dual Axis Pro Leatt Dual Axis Pro p\u00f5lve- ja s\u00e4\u00e4rekaitsmed pakuvad tipptasemel\" \/>\n<meta property=\"og:url\" content=\"https:\/\/voltride.com\/et\/leatt-polve-ja-saarekaitse-dual-axis-pro-xxl\/\" \/>\n<meta property=\"og:site_name\" content=\"Voltride\" \/>\n<meta property=\"article:publisher\" content=\"https:\/\/www.facebook.com\/voltridecom\/\" \/>\n<meta property=\"article:modified_time\" content=\"2026-04-24T12:29:24+00:00\" \/>\n<meta property=\"og:image\" content=\"https:\/\/voltride.com\/wp-content\/uploads\/2026\/04\/ltsg008.png\" \/>\n\t<meta property=\"og:image:width\" content=\"1000\" \/>\n\t<meta property=\"og:image:height\" content=\"1000\" \/>\n\t<meta property=\"og:image:type\" content=\"image\/png\" \/>\n<meta name=\"twitter:card\" content=\"summary_large_image\" \/>\n<script type=\"application\/ld+json\" class=\"yoast-schema-graph\">{\"@context\":\"https:\\\/\\\/schema.org\",\"@graph\":[{\"@type\":\"WebPage\",\"@id\":\"https:\\\/\\\/voltride.com\\\/et\\\/leatt-polve-ja-saarekaitse-dual-axis-pro-xxl\\\/\",\"url\":\"https:\\\/\\\/voltride.com\\\/et\\\/leatt-polve-ja-saarekaitse-dual-axis-pro-xxl\\\/\",\"name\":\"Leatt p\u00f5lve ja s\u00e4\u00e4rekaitse Dual Axis Pro XXL | Voltride\",\"isPartOf\":{\"@id\":\"https:\\\/\\\/voltride.com\\\/et\\\/#website\"},\"primaryImageOfPage\":{\"@id\":\"https:\\\/\\\/voltride.com\\\/et\\\/leatt-polve-ja-saarekaitse-dual-axis-pro-xxl\\\/#primaryimage\"},\"image\":{\"@id\":\"https:\\\/\\\/voltride.com\\\/et\\\/leatt-polve-ja-saarekaitse-dual-axis-pro-xxl\\\/#primaryimage\"},\"thumbnailUrl\":\"https:\\\/\\\/voltride.com\\\/wp-content\\\/uploads\\\/2026\\\/04\\\/ltsg008.png\",\"datePublished\":\"2026-04-23T11:20:33+00:00\",\"dateModified\":\"2026-04-24T12:29:24+00:00\",\"breadcrumb\":{\"@id\":\"https:\\\/\\\/voltride.com\\\/et\\\/leatt-polve-ja-saarekaitse-dual-axis-pro-xxl\\\/#breadcrumb\"},\"inLanguage\":\"et\",\"potentialAction\":[{\"@type\":\"ReadAction\",\"target\":[\"https:\\\/\\\/voltride.com\\\/et\\\/leatt-polve-ja-saarekaitse-dual-axis-pro-xxl\\\/\"]}]},{\"@type\":\"ImageObject\",\"inLanguage\":\"et\",\"@id\":\"https:\\\/\\\/voltride.com\\\/et\\\/leatt-polve-ja-saarekaitse-dual-axis-pro-xxl\\\/#primaryimage\",\"url\":\"https:\\\/\\\/voltride.com\\\/wp-content\\\/uploads\\\/2026\\\/04\\\/ltsg008.png\",\"contentUrl\":\"https:\\\/\\\/voltride.com\\\/wp-content\\\/uploads\\\/2026\\\/04\\\/ltsg008.png\",\"width\":1000,\"height\":1000},{\"@type\":\"BreadcrumbList\",\"@id\":\"https:\\\/\\\/voltride.com\\\/et\\\/leatt-polve-ja-saarekaitse-dual-axis-pro-xxl\\\/#breadcrumb\",\"itemListElement\":[{\"@type\":\"ListItem\",\"position\":1,\"name\":\"Kodu\",\"item\":\"https:\\\/\\\/voltride.com\\\/et\\\/\"},{\"@type\":\"ListItem\",\"position\":2,\"name\":\"Pood\",\"item\":\"https:\\\/\\\/voltride.com\\\/et\\\/e-pood\\\/\"},{\"@type\":\"ListItem\",\"position\":3,\"name\":\"Lisavarustus\",\"item\":\"https:\\\/\\\/voltride.com\\\/et\\\/lisavarustus\\\/\"},{\"@type\":\"ListItem\",\"position\":4,\"name\":\"Kaitsevarustus s\u00f5itjale\",\"item\":\"https:\\\/\\\/voltride.com\\\/et\\\/kaitsevarustus-soitjale\\\/\"},{\"@type\":\"ListItem\",\"position\":5,\"name\":\"Leatt p\u00f5lve ja s\u00e4\u00e4rekaitse Dual Axis Pro XXL\"}]},{\"@type\":\"WebSite\",\"@id\":\"https:\\\/\\\/voltride.com\\\/et\\\/#website\",\"url\":\"https:\\\/\\\/voltride.com\\\/et\\\/\",\"name\":\"Voltride\",\"description\":\"Parim elektrirataste elektrit\u00f5ukside ja \u00fcksrataste pood ja remont\",\"publisher\":{\"@id\":\"https:\\\/\\\/voltride.com\\\/et\\\/#organization\"},\"alternateName\":\"Vr\",\"potentialAction\":[{\"@type\":\"SearchAction\",\"target\":{\"@type\":\"EntryPoint\",\"urlTemplate\":\"https:\\\/\\\/voltride.com\\\/et\\\/?s={search_term_string}\"},\"query-input\":{\"@type\":\"PropertyValueSpecification\",\"valueRequired\":true,\"valueName\":\"search_term_string\"}}],\"inLanguage\":\"et\"},{\"@type\":[\"Organization\",\"Place\"],\"@id\":\"https:\\\/\\\/voltride.com\\\/et\\\/#organization\",\"name\":\"Voltride\",\"alternateName\":\"VR\",\"url\":\"https:\\\/\\\/voltride.com\\\/et\\\/\",\"logo\":{\"@id\":\"https:\\\/\\\/voltride.com\\\/et\\\/leatt-polve-ja-saarekaitse-dual-axis-pro-xxl\\\/#local-main-organization-logo\"},\"image\":{\"@id\":\"https:\\\/\\\/voltride.com\\\/et\\\/leatt-polve-ja-saarekaitse-dual-axis-pro-xxl\\\/#local-main-organization-logo\"},\"sameAs\":[\"https:\\\/\\\/www.facebook.com\\\/voltridecom\\\/\"],\"legalName\":\"Voltride O\u00dc\",\"numberOfEmployees\":{\"@type\":\"QuantitativeValue\",\"minValue\":\"1\",\"maxValue\":\"10\"},\"ownershipFundingInfo\":\"https:\\\/\\\/voltride.com\\\/about-us\\\/\",\"hasMerchantReturnPolicy\":{\"@type\":\"MerchantReturnPolicy\",\"merchantReturnLink\":\"https:\\\/\\\/voltride.com\\\/shipping-and-returns\\\/\"},\"address\":{\"@id\":\"https:\\\/\\\/voltride.com\\\/et\\\/leatt-polve-ja-saarekaitse-dual-axis-pro-xxl\\\/#local-main-place-address\"},\"geo\":{\"@type\":\"GeoCoordinates\",\"latitude\":\"59.439554\",\"longitude\":\"24.726644\"},\"telephone\":[\"+372 600 40 99\"],\"contactPoint\":{\"@type\":\"ContactPoint\",\"telephone\":\"+372 600 40 99\",\"email\":\"info@voltride.com\"},\"openingHoursSpecification\":[{\"@type\":\"OpeningHoursSpecification\",\"dayOfWeek\":[\"Monday\",\"Tuesday\",\"Wednesday\",\"Thursday\",\"Friday\"],\"opens\":\"10:00\",\"closes\":\"18:00\"},{\"@type\":\"OpeningHoursSpecification\",\"dayOfWeek\":[\"Saturday\",\"Sunday\"],\"opens\":\"00:00\",\"closes\":\"00:00\"}],\"email\":\"info@voltride.com\",\"taxID\":\"14871968\"},{\"@type\":\"PostalAddress\",\"@id\":\"https:\\\/\\\/voltride.com\\\/et\\\/leatt-polve-ja-saarekaitse-dual-axis-pro-xxl\\\/#local-main-place-address\",\"streetAddress\":\"Voltride Telliskivi 57D\",\"addressLocality\":\"Tallinn\",\"postalCode\":\"10412\",\"addressRegion\":\"Tallinn\",\"addressCountry\":\"EE\"},{\"@type\":\"ImageObject\",\"inLanguage\":\"et\",\"@id\":\"https:\\\/\\\/voltride.com\\\/et\\\/leatt-polve-ja-saarekaitse-dual-axis-pro-xxl\\\/#local-main-organization-logo\",\"url\":\"https:\\\/\\\/voltride.com\\\/wp-content\\\/uploads\\\/voltride-logo.png\",\"contentUrl\":\"https:\\\/\\\/voltride.com\\\/wp-content\\\/uploads\\\/voltride-logo.png\",\"width\":2481,\"height\":620,\"caption\":\"Voltride\"}]}<\/script>\n<meta property=\"product:price:amount\" content=\"160.00\" \/>\n<meta property=\"product:price:currency\" content=\"EUR\" \/>\n<meta property=\"og:availability\" content=\"instock\" \/>\n<meta property=\"product:availability\" content=\"instock\" \/>\n<meta property=\"product:retailer_item_id\" content=\"LTSG008\" \/>\n<meta property=\"product:condition\" content=\"new\" \/>\n<meta name=\"geo.placename\" content=\"Tallinn\" \/>\n<meta name=\"geo.position\" content=\"59.439554;24.726644\" \/>\n<meta name=\"geo.region\" content=\"Estonia\" \/>\n<!-- \/ Yoast SEO Premium plugin. -->","yoast_head_json":{"title":"Leatt p\u00f5lve ja s\u00e4\u00e4rekaitse Dual Axis Pro XXL | Voltride","robots":{"index":"index","follow":"follow","max-snippet":"max-snippet:-1","max-image-preview":"max-image-preview:large","max-video-preview":"max-video-preview:-1"},"canonical":"https:\/\/voltride.com\/et\/leatt-polve-ja-saarekaitse-dual-axis-pro-xxl\/","og_locale":"et_EE","og_type":"article","og_title":"Leatt p\u00f5lve ja s\u00e4\u00e4rekaitse Dual Axis Pro XXL | Voltride","og_description":"[vc_row][vc_column][vc_column_text css=&#8221;&#8221; woodmart_inline=&#8221;no&#8221; text_larger=&#8221;no&#8221;] Leatt p\u00f5lve ja s\u00e4\u00e4rekaitse Dual Axis Pro Leatt Dual Axis Pro p\u00f5lve- ja s\u00e4\u00e4rekaitsmed pakuvad tipptasemel","og_url":"https:\/\/voltride.com\/et\/leatt-polve-ja-saarekaitse-dual-axis-pro-xxl\/","og_site_name":"Voltride","article_publisher":"https:\/\/www.facebook.com\/voltridecom\/","article_modified_time":"2026-04-24T12:29:24+00:00","og_image":[{"width":1000,"height":1000,"url":"https:\/\/voltride.com\/wp-content\/uploads\/2026\/04\/ltsg008.png","type":"image\/png"}],"twitter_card":"summary_large_image","schema":{"@context":"https:\/\/schema.org","@graph":[{"@type":"WebPage","@id":"https:\/\/voltride.com\/et\/leatt-polve-ja-saarekaitse-dual-axis-pro-xxl\/","url":"https:\/\/voltride.com\/et\/leatt-polve-ja-saarekaitse-dual-axis-pro-xxl\/","name":"Leatt p\u00f5lve ja s\u00e4\u00e4rekaitse Dual Axis Pro XXL | Voltride","isPartOf":{"@id":"https:\/\/voltride.com\/et\/#website"},"primaryImageOfPage":{"@id":"https:\/\/voltride.com\/et\/leatt-polve-ja-saarekaitse-dual-axis-pro-xxl\/#primaryimage"},"image":{"@id":"https:\/\/voltride.com\/et\/leatt-polve-ja-saarekaitse-dual-axis-pro-xxl\/#primaryimage"},"thumbnailUrl":"https:\/\/voltride.com\/wp-content\/uploads\/2026\/04\/ltsg008.png","datePublished":"2026-04-23T11:20:33+00:00","dateModified":"2026-04-24T12:29:24+00:00","breadcrumb":{"@id":"https:\/\/voltride.com\/et\/leatt-polve-ja-saarekaitse-dual-axis-pro-xxl\/#breadcrumb"},"inLanguage":"et","potentialAction":[{"@type":"ReadAction","target":["https:\/\/voltride.com\/et\/leatt-polve-ja-saarekaitse-dual-axis-pro-xxl\/"]}]},{"@type":"ImageObject","inLanguage":"et","@id":"https:\/\/voltride.com\/et\/leatt-polve-ja-saarekaitse-dual-axis-pro-xxl\/#primaryimage","url":"https:\/\/voltride.com\/wp-content\/uploads\/2026\/04\/ltsg008.png","contentUrl":"https:\/\/voltride.com\/wp-content\/uploads\/2026\/04\/ltsg008.png","width":1000,"height":1000},{"@type":"BreadcrumbList","@id":"https:\/\/voltride.com\/et\/leatt-polve-ja-saarekaitse-dual-axis-pro-xxl\/#breadcrumb","itemListElement":[{"@type":"ListItem","position":1,"name":"Kodu","item":"https:\/\/voltride.com\/et\/"},{"@type":"ListItem","position":2,"name":"Pood","item":"https:\/\/voltride.com\/et\/e-pood\/"},{"@type":"ListItem","position":3,"name":"Lisavarustus","item":"https:\/\/voltride.com\/et\/lisavarustus\/"},{"@type":"ListItem","position":4,"name":"Kaitsevarustus s\u00f5itjale","item":"https:\/\/voltride.com\/et\/kaitsevarustus-soitjale\/"},{"@type":"ListItem","position":5,"name":"Leatt p\u00f5lve ja s\u00e4\u00e4rekaitse Dual Axis Pro XXL"}]},{"@type":"WebSite","@id":"https:\/\/voltride.com\/et\/#website","url":"https:\/\/voltride.com\/et\/","name":"Voltride","description":"Parim elektrirataste elektrit\u00f5ukside ja \u00fcksrataste pood ja remont","publisher":{"@id":"https:\/\/voltride.com\/et\/#organization"},"alternateName":"Vr","potentialAction":[{"@type":"SearchAction","target":{"@type":"EntryPoint","urlTemplate":"https:\/\/voltride.com\/et\/?s={search_term_string}"},"query-input":{"@type":"PropertyValueSpecification","valueRequired":true,"valueName":"search_term_string"}}],"inLanguage":"et"},{"@type":["Organization","Place"],"@id":"https:\/\/voltride.com\/et\/#organization","name":"Voltride","alternateName":"VR","url":"https:\/\/voltride.com\/et\/","logo":{"@id":"https:\/\/voltride.com\/et\/leatt-polve-ja-saarekaitse-dual-axis-pro-xxl\/#local-main-organization-logo"},"image":{"@id":"https:\/\/voltride.com\/et\/leatt-polve-ja-saarekaitse-dual-axis-pro-xxl\/#local-main-organization-logo"},"sameAs":["https:\/\/www.facebook.com\/voltridecom\/"],"legalName":"Voltride O\u00dc","numberOfEmployees":{"@type":"QuantitativeValue","minValue":"1","maxValue":"10"},"ownershipFundingInfo":"https:\/\/voltride.com\/about-us\/","hasMerchantReturnPolicy":{"@type":"MerchantReturnPolicy","merchantReturnLink":"https:\/\/voltride.com\/shipping-and-returns\/"},"address":{"@id":"https:\/\/voltride.com\/et\/leatt-polve-ja-saarekaitse-dual-axis-pro-xxl\/#local-main-place-address"},"geo":{"@type":"GeoCoordinates","latitude":"59.439554","longitude":"24.726644"},"telephone":["+372 600 40 99"],"contactPoint":{"@type":"ContactPoint","telephone":"+372 600 40 99","email":"info@voltride.com"},"openingHoursSpecification":[{"@type":"OpeningHoursSpecification","dayOfWeek":["Monday","Tuesday","Wednesday","Thursday","Friday"],"opens":"10:00","closes":"18:00"},{"@type":"OpeningHoursSpecification","dayOfWeek":["Saturday","Sunday"],"opens":"00:00","closes":"00:00"}],"email":"info@voltride.com","taxID":"14871968"},{"@type":"PostalAddress","@id":"https:\/\/voltride.com\/et\/leatt-polve-ja-saarekaitse-dual-axis-pro-xxl\/#local-main-place-address","streetAddress":"Voltride Telliskivi 57D","addressLocality":"Tallinn","postalCode":"10412","addressRegion":"Tallinn","addressCountry":"EE"},{"@type":"ImageObject","inLanguage":"et","@id":"https:\/\/voltride.com\/et\/leatt-polve-ja-saarekaitse-dual-axis-pro-xxl\/#local-main-organization-logo","url":"https:\/\/voltride.com\/wp-content\/uploads\/voltride-logo.png","contentUrl":"https:\/\/voltride.com\/wp-content\/uploads\/voltride-logo.png","width":2481,"height":620,"caption":"Voltride"}]},"product_price_amount":"160.00","product_price_currency":"EUR","og_availability":"instock","product_availability":"instock","product_retailer_item_id":"LTSG008","product_condition":"new","geo.placename":"Tallinn","geo.position":{"lat":"59.439554","long":"24.726644"},"geo.region":"Estonia"},"_links":{"self":[{"href":"https:\/\/voltride.com\/et\/wp-json\/wp\/v2\/product\/25128","targetHints":{"allow":["GET"]}}],"collection":[{"href":"https:\/\/voltride.com\/et\/wp-json\/wp\/v2\/product"}],"about":[{"href":"https:\/\/voltride.com\/et\/wp-json\/wp\/v2\/types\/product"}],"replies":[{"embeddable":true,"href":"https:\/\/voltride.com\/et\/wp-json\/wp\/v2\/comments?post=25128"}],"wp:featuredmedia":[{"embeddable":true,"href":"https:\/\/voltride.com\/et\/wp-json\/wp\/v2\/media\/25127"}],"wp:attachment":[{"href":"https:\/\/voltride.com\/et\/wp-json\/wp\/v2\/media?parent=25128"}],"wp:term":[{"taxonomy":"product_brand","embeddable":true,"href":"https:\/\/voltride.com\/et\/wp-json\/wp\/v2\/product_brand?post=25128"},{"taxonomy":"product_cat","embeddable":true,"href":"https:\/\/voltride.com\/et\/wp-json\/wp\/v2\/product_cat?post=25128"},{"taxonomy":"product_tag","embeddable":true,"href":"https:\/\/voltride.com\/et\/wp-json\/wp\/v2\/product_tag?post=25128"}],"curies":[{"name":"wp","href":"https:\/\/api.w.org\/{rel}","templated":true}]}}