{"id":25156,"date":"2026-04-23T13:04:41","date_gmt":"2026-04-23T11:04:41","guid":{"rendered":"https:\/\/voltride.com\/lastetool-bellelli-mr-fox-raamile\/"},"modified":"2026-04-30T13:26:36","modified_gmt":"2026-04-30T11:26:36","slug":"lastetool-bellelli-mr-fox-raamile","status":"publish","type":"product","link":"https:\/\/voltride.com\/et\/lastetool-bellelli-mr-fox-raamile\/","title":{"rendered":"Lastetool Bellelli MR.FOX raamile"},"content":{"rendered":"<div class=\"wpb-content-wrapper\"><p>[vc_row][vc_column][vc_column_text css=&#8221;&#8221; woodmart_inline=&#8221;no&#8221; text_larger=&#8221;no&#8221;]<strong>MR.FOX raamikinnitusega laste iste<\/strong> on turvaline ja mugav tagumine jalgrattaiste, mis on m\u00f5eldud 3\u20138-aastastele lastele kaaluga kuni 22 kg. Sobib jalgratastele 26\u201328 tolliste ratastega, sh ka elektriratastele, pakkudes nii praktilisust kui ka meelerahu peres\u00f5itudeks.<\/p>\n<p>Valmistatud kergest ja vastupidavast plastist, on istet lihtne puhastada ja loodud pikaajaliseks kasutamiseks. Turvalisuse tagavad 3-punkti reguleeritav turvarihm koos kinnitusega ning laiad jalakaitsmed, mis v\u00e4ldivad jalgade sattumist kodaratesse.<\/p>\n<p>Kasvavate laste jaoks saab jalatuge reguleerida 13 erinevas k\u00f5rguses (15 cm ulatuses), et tagada igas vanuses sobiv asend. Ergonoomiline seljatoe kalle ja kiivris\u00fcvend lisavad mugavust ja toetavad kaela.<\/p>\n<p><strong>P\u00f5hiomadused:<\/strong><\/p>\n<ul>\n<li>Sobib 3\u20138-aastastele lastele (kuni 22 kg)<\/li>\n<li>\u00dchilduv 26\u201328 tolliste rataste ja e-jalgratastega<\/li>\n<li>Sertifitseeritud turvalisus: 3-punkti turvarihm ja kinnitus<\/li>\n<li>Laiad jalakaitsmed lisaturvalisuseks<\/li>\n<li>Ergonoomiline seljatugi kiivri s\u00fcvendiga<\/li>\n<li>Jalatoe k\u00f5rgus reguleeritav: 13 asendit (15 cm)<\/li>\n<li>Mittetoksiline, kerge ja pestav plast<\/li>\n<\/ul>\n<p><strong>MR.FOX laste iste<\/strong> \u00fchendab turvalisuse, mugavuse ja vastupidavuse, olles suurep\u00e4rane valik igap\u00e4evasteks rattas\u00f5itudeks lapsega.[\/vc_column_text][\/vc_column][\/vc_row]<\/p>\n<\/div>","protected":false},"excerpt":{"rendered":"<p>[vc_row][vc_column][vc_column_text css=&#8221;&#8221; woodmart_inline=&#8221;no&#8221; text_larger=&#8221;no&#8221;]MR.FOX raamikinnitusega laste iste on turvaline ja mugav tagumine jalgrattaiste, mis on m\u00f5eldud 3\u20138-aastastele lastele kaaluga kuni<\/p>\n","protected":false},"featured_media":25155,"comment_status":"open","ping_status":"closed","template":"","meta":[],"product_brand":[],"product_cat":[702],"product_tag":[],"class_list":{"0":"post-25156","1":"product","2":"type-product","3":"status-publish","4":"has-post-thumbnail","6":"product_cat-lastetoolid-ja-treilerid","8":"first","9":"instock","10":"taxable","11":"shipping-taxable","12":"purchasable","13":"product-type-simple"},"yoast_head":"<!-- This site is optimized with the Yoast SEO Premium plugin v27.3 (Yoast SEO v27.5) - https:\/\/yoast.com\/product\/yoast-seo-premium-wordpress\/ -->\n<title>Lastetool Bellelli MR.FOX raamile | Voltride<\/title>\n<meta name=\"robots\" content=\"index, follow, max-snippet:-1, max-image-preview:large, max-video-preview:-1\" \/>\n<link rel=\"canonical\" href=\"https:\/\/voltride.com\/et\/lastetool-bellelli-mr-fox-raamile\/\" \/>\n<meta property=\"og:locale\" content=\"et_EE\" \/>\n<meta property=\"og:type\" content=\"article\" \/>\n<meta property=\"og:title\" content=\"Lastetool Bellelli MR.FOX raamile | Voltride\" \/>\n<meta property=\"og:description\" content=\"[vc_row][vc_column][vc_column_text css=&#8221;&#8221; woodmart_inline=&#8221;no&#8221; text_larger=&#8221;no&#8221;]MR.FOX raamikinnitusega laste iste on turvaline ja mugav tagumine jalgrattaiste, mis on m\u00f5eldud 3\u20138-aastastele lastele kaaluga kuni\" \/>\n<meta property=\"og:url\" content=\"https:\/\/voltride.com\/et\/lastetool-bellelli-mr-fox-raamile\/\" \/>\n<meta property=\"og:site_name\" content=\"Voltride\" \/>\n<meta property=\"article:publisher\" content=\"https:\/\/www.facebook.com\/voltridecom\/\" \/>\n<meta property=\"article:modified_time\" content=\"2026-04-30T11:26:36+00:00\" \/>\n<meta property=\"og:image\" content=\"https:\/\/voltride.com\/wp-content\/uploads\/2026\/04\/blse001.jpg\" \/>\n\t<meta property=\"og:image:width\" content=\"1024\" \/>\n\t<meta property=\"og:image:height\" content=\"1024\" \/>\n\t<meta property=\"og:image:type\" content=\"image\/jpeg\" \/>\n<meta name=\"twitter:card\" content=\"summary_large_image\" \/>\n<script type=\"application\/ld+json\" class=\"yoast-schema-graph\">{\"@context\":\"https:\\\/\\\/schema.org\",\"@graph\":[{\"@type\":\"WebPage\",\"@id\":\"https:\\\/\\\/voltride.com\\\/et\\\/lastetool-bellelli-mr-fox-raamile\\\/\",\"url\":\"https:\\\/\\\/voltride.com\\\/et\\\/lastetool-bellelli-mr-fox-raamile\\\/\",\"name\":\"Lastetool Bellelli MR.FOX raamile | Voltride\",\"isPartOf\":{\"@id\":\"https:\\\/\\\/voltride.com\\\/et\\\/#website\"},\"primaryImageOfPage\":{\"@id\":\"https:\\\/\\\/voltride.com\\\/et\\\/lastetool-bellelli-mr-fox-raamile\\\/#primaryimage\"},\"image\":{\"@id\":\"https:\\\/\\\/voltride.com\\\/et\\\/lastetool-bellelli-mr-fox-raamile\\\/#primaryimage\"},\"thumbnailUrl\":\"https:\\\/\\\/voltride.com\\\/wp-content\\\/uploads\\\/2026\\\/04\\\/blse001.jpg\",\"datePublished\":\"2026-04-23T11:04:41+00:00\",\"dateModified\":\"2026-04-30T11:26:36+00:00\",\"breadcrumb\":{\"@id\":\"https:\\\/\\\/voltride.com\\\/et\\\/lastetool-bellelli-mr-fox-raamile\\\/#breadcrumb\"},\"inLanguage\":\"et\",\"potentialAction\":[{\"@type\":\"ReadAction\",\"target\":[\"https:\\\/\\\/voltride.com\\\/et\\\/lastetool-bellelli-mr-fox-raamile\\\/\"]}]},{\"@type\":\"ImageObject\",\"inLanguage\":\"et\",\"@id\":\"https:\\\/\\\/voltride.com\\\/et\\\/lastetool-bellelli-mr-fox-raamile\\\/#primaryimage\",\"url\":\"https:\\\/\\\/voltride.com\\\/wp-content\\\/uploads\\\/2026\\\/04\\\/blse001.jpg\",\"contentUrl\":\"https:\\\/\\\/voltride.com\\\/wp-content\\\/uploads\\\/2026\\\/04\\\/blse001.jpg\",\"width\":1024,\"height\":1024,\"caption\":\"b2a72021ba9f2c73f5a5683306b8dd33fae90eeb91e068cf816ce430cfc11a1104308716bea1e8078cf8d22386d34c7f7608bf3fd913f9613bd80a3fa1974b92f840465016d263d662b8a80342c8bfd9\"},{\"@type\":\"BreadcrumbList\",\"@id\":\"https:\\\/\\\/voltride.com\\\/et\\\/lastetool-bellelli-mr-fox-raamile\\\/#breadcrumb\",\"itemListElement\":[{\"@type\":\"ListItem\",\"position\":1,\"name\":\"Kodu\",\"item\":\"https:\\\/\\\/voltride.com\\\/et\\\/\"},{\"@type\":\"ListItem\",\"position\":2,\"name\":\"Pood\",\"item\":\"https:\\\/\\\/voltride.com\\\/et\\\/e-pood\\\/\"},{\"@type\":\"ListItem\",\"position\":3,\"name\":\"Lisavarustus\",\"item\":\"https:\\\/\\\/voltride.com\\\/et\\\/lisavarustus\\\/\"},{\"@type\":\"ListItem\",\"position\":4,\"name\":\"Lastetoolid ja Treilerid\",\"item\":\"https:\\\/\\\/voltride.com\\\/et\\\/lastetoolid-ja-treilerid\\\/\"},{\"@type\":\"ListItem\",\"position\":5,\"name\":\"Lastetool Bellelli MR.FOX raamile\"}]},{\"@type\":\"WebSite\",\"@id\":\"https:\\\/\\\/voltride.com\\\/et\\\/#website\",\"url\":\"https:\\\/\\\/voltride.com\\\/et\\\/\",\"name\":\"Voltride\",\"description\":\"Parim elektrirataste elektrit\u00f5ukside ja \u00fcksrataste pood ja remont\",\"publisher\":{\"@id\":\"https:\\\/\\\/voltride.com\\\/et\\\/#organization\"},\"alternateName\":\"Vr\",\"potentialAction\":[{\"@type\":\"SearchAction\",\"target\":{\"@type\":\"EntryPoint\",\"urlTemplate\":\"https:\\\/\\\/voltride.com\\\/et\\\/?s={search_term_string}\"},\"query-input\":{\"@type\":\"PropertyValueSpecification\",\"valueRequired\":true,\"valueName\":\"search_term_string\"}}],\"inLanguage\":\"et\"},{\"@type\":[\"Organization\",\"Place\"],\"@id\":\"https:\\\/\\\/voltride.com\\\/et\\\/#organization\",\"name\":\"Voltride\",\"alternateName\":\"VR\",\"url\":\"https:\\\/\\\/voltride.com\\\/et\\\/\",\"logo\":{\"@id\":\"https:\\\/\\\/voltride.com\\\/et\\\/lastetool-bellelli-mr-fox-raamile\\\/#local-main-organization-logo\"},\"image\":{\"@id\":\"https:\\\/\\\/voltride.com\\\/et\\\/lastetool-bellelli-mr-fox-raamile\\\/#local-main-organization-logo\"},\"sameAs\":[\"https:\\\/\\\/www.facebook.com\\\/voltridecom\\\/\"],\"legalName\":\"Voltride O\u00dc\",\"numberOfEmployees\":{\"@type\":\"QuantitativeValue\",\"minValue\":\"1\",\"maxValue\":\"10\"},\"ownershipFundingInfo\":\"https:\\\/\\\/voltride.com\\\/about-us\\\/\",\"hasMerchantReturnPolicy\":{\"@type\":\"MerchantReturnPolicy\",\"merchantReturnLink\":\"https:\\\/\\\/voltride.com\\\/shipping-and-returns\\\/\"},\"address\":{\"@id\":\"https:\\\/\\\/voltride.com\\\/et\\\/lastetool-bellelli-mr-fox-raamile\\\/#local-main-place-address\"},\"geo\":{\"@type\":\"GeoCoordinates\",\"latitude\":\"59.439554\",\"longitude\":\"24.726644\"},\"telephone\":[\"+372 600 40 99\"],\"contactPoint\":{\"@type\":\"ContactPoint\",\"telephone\":\"+372 600 40 99\",\"email\":\"info@voltride.com\"},\"openingHoursSpecification\":[{\"@type\":\"OpeningHoursSpecification\",\"dayOfWeek\":[\"Monday\",\"Tuesday\",\"Wednesday\",\"Thursday\",\"Friday\"],\"opens\":\"10:00\",\"closes\":\"18:00\"},{\"@type\":\"OpeningHoursSpecification\",\"dayOfWeek\":[\"Saturday\",\"Sunday\"],\"opens\":\"00:00\",\"closes\":\"00:00\"}],\"email\":\"info@voltride.com\",\"taxID\":\"14871968\"},{\"@type\":\"PostalAddress\",\"@id\":\"https:\\\/\\\/voltride.com\\\/et\\\/lastetool-bellelli-mr-fox-raamile\\\/#local-main-place-address\",\"streetAddress\":\"Voltride Telliskivi 57D\",\"addressLocality\":\"Tallinn\",\"postalCode\":\"10412\",\"addressRegion\":\"Tallinn\",\"addressCountry\":\"EE\"},{\"@type\":\"ImageObject\",\"inLanguage\":\"et\",\"@id\":\"https:\\\/\\\/voltride.com\\\/et\\\/lastetool-bellelli-mr-fox-raamile\\\/#local-main-organization-logo\",\"url\":\"https:\\\/\\\/voltride.com\\\/wp-content\\\/uploads\\\/voltride-logo.png\",\"contentUrl\":\"https:\\\/\\\/voltride.com\\\/wp-content\\\/uploads\\\/voltride-logo.png\",\"width\":2481,\"height\":620,\"caption\":\"Voltride\"}]}<\/script>\n<meta property=\"product:price:amount\" content=\"109.99\" \/>\n<meta property=\"product:price:currency\" content=\"EUR\" \/>\n<meta property=\"og:availability\" content=\"instock\" \/>\n<meta property=\"product:availability\" content=\"instock\" \/>\n<meta property=\"product:retailer_item_id\" content=\"BLSE001\" \/>\n<meta property=\"product:condition\" content=\"new\" \/>\n<meta name=\"geo.placename\" content=\"Tallinn\" \/>\n<meta name=\"geo.position\" content=\"59.439554;24.726644\" \/>\n<meta name=\"geo.region\" content=\"Estonia\" \/>\n<!-- \/ Yoast SEO Premium plugin. -->","yoast_head_json":{"title":"Lastetool Bellelli MR.FOX raamile | Voltride","robots":{"index":"index","follow":"follow","max-snippet":"max-snippet:-1","max-image-preview":"max-image-preview:large","max-video-preview":"max-video-preview:-1"},"canonical":"https:\/\/voltride.com\/et\/lastetool-bellelli-mr-fox-raamile\/","og_locale":"et_EE","og_type":"article","og_title":"Lastetool Bellelli MR.FOX raamile | Voltride","og_description":"[vc_row][vc_column][vc_column_text css=&#8221;&#8221; woodmart_inline=&#8221;no&#8221; text_larger=&#8221;no&#8221;]MR.FOX raamikinnitusega laste iste on turvaline ja mugav tagumine jalgrattaiste, mis on m\u00f5eldud 3\u20138-aastastele lastele kaaluga kuni","og_url":"https:\/\/voltride.com\/et\/lastetool-bellelli-mr-fox-raamile\/","og_site_name":"Voltride","article_publisher":"https:\/\/www.facebook.com\/voltridecom\/","article_modified_time":"2026-04-30T11:26:36+00:00","og_image":[{"width":1024,"height":1024,"url":"https:\/\/voltride.com\/wp-content\/uploads\/2026\/04\/blse001.jpg","type":"image\/jpeg"}],"twitter_card":"summary_large_image","schema":{"@context":"https:\/\/schema.org","@graph":[{"@type":"WebPage","@id":"https:\/\/voltride.com\/et\/lastetool-bellelli-mr-fox-raamile\/","url":"https:\/\/voltride.com\/et\/lastetool-bellelli-mr-fox-raamile\/","name":"Lastetool Bellelli MR.FOX raamile | Voltride","isPartOf":{"@id":"https:\/\/voltride.com\/et\/#website"},"primaryImageOfPage":{"@id":"https:\/\/voltride.com\/et\/lastetool-bellelli-mr-fox-raamile\/#primaryimage"},"image":{"@id":"https:\/\/voltride.com\/et\/lastetool-bellelli-mr-fox-raamile\/#primaryimage"},"thumbnailUrl":"https:\/\/voltride.com\/wp-content\/uploads\/2026\/04\/blse001.jpg","datePublished":"2026-04-23T11:04:41+00:00","dateModified":"2026-04-30T11:26:36+00:00","breadcrumb":{"@id":"https:\/\/voltride.com\/et\/lastetool-bellelli-mr-fox-raamile\/#breadcrumb"},"inLanguage":"et","potentialAction":[{"@type":"ReadAction","target":["https:\/\/voltride.com\/et\/lastetool-bellelli-mr-fox-raamile\/"]}]},{"@type":"ImageObject","inLanguage":"et","@id":"https:\/\/voltride.com\/et\/lastetool-bellelli-mr-fox-raamile\/#primaryimage","url":"https:\/\/voltride.com\/wp-content\/uploads\/2026\/04\/blse001.jpg","contentUrl":"https:\/\/voltride.com\/wp-content\/uploads\/2026\/04\/blse001.jpg","width":1024,"height":1024,"caption":"b2a72021ba9f2c73f5a5683306b8dd33fae90eeb91e068cf816ce430cfc11a1104308716bea1e8078cf8d22386d34c7f7608bf3fd913f9613bd80a3fa1974b92f840465016d263d662b8a80342c8bfd9"},{"@type":"BreadcrumbList","@id":"https:\/\/voltride.com\/et\/lastetool-bellelli-mr-fox-raamile\/#breadcrumb","itemListElement":[{"@type":"ListItem","position":1,"name":"Kodu","item":"https:\/\/voltride.com\/et\/"},{"@type":"ListItem","position":2,"name":"Pood","item":"https:\/\/voltride.com\/et\/e-pood\/"},{"@type":"ListItem","position":3,"name":"Lisavarustus","item":"https:\/\/voltride.com\/et\/lisavarustus\/"},{"@type":"ListItem","position":4,"name":"Lastetoolid ja Treilerid","item":"https:\/\/voltride.com\/et\/lastetoolid-ja-treilerid\/"},{"@type":"ListItem","position":5,"name":"Lastetool Bellelli MR.FOX raamile"}]},{"@type":"WebSite","@id":"https:\/\/voltride.com\/et\/#website","url":"https:\/\/voltride.com\/et\/","name":"Voltride","description":"Parim elektrirataste elektrit\u00f5ukside ja \u00fcksrataste pood ja remont","publisher":{"@id":"https:\/\/voltride.com\/et\/#organization"},"alternateName":"Vr","potentialAction":[{"@type":"SearchAction","target":{"@type":"EntryPoint","urlTemplate":"https:\/\/voltride.com\/et\/?s={search_term_string}"},"query-input":{"@type":"PropertyValueSpecification","valueRequired":true,"valueName":"search_term_string"}}],"inLanguage":"et"},{"@type":["Organization","Place"],"@id":"https:\/\/voltride.com\/et\/#organization","name":"Voltride","alternateName":"VR","url":"https:\/\/voltride.com\/et\/","logo":{"@id":"https:\/\/voltride.com\/et\/lastetool-bellelli-mr-fox-raamile\/#local-main-organization-logo"},"image":{"@id":"https:\/\/voltride.com\/et\/lastetool-bellelli-mr-fox-raamile\/#local-main-organization-logo"},"sameAs":["https:\/\/www.facebook.com\/voltridecom\/"],"legalName":"Voltride O\u00dc","numberOfEmployees":{"@type":"QuantitativeValue","minValue":"1","maxValue":"10"},"ownershipFundingInfo":"https:\/\/voltride.com\/about-us\/","hasMerchantReturnPolicy":{"@type":"MerchantReturnPolicy","merchantReturnLink":"https:\/\/voltride.com\/shipping-and-returns\/"},"address":{"@id":"https:\/\/voltride.com\/et\/lastetool-bellelli-mr-fox-raamile\/#local-main-place-address"},"geo":{"@type":"GeoCoordinates","latitude":"59.439554","longitude":"24.726644"},"telephone":["+372 600 40 99"],"contactPoint":{"@type":"ContactPoint","telephone":"+372 600 40 99","email":"info@voltride.com"},"openingHoursSpecification":[{"@type":"OpeningHoursSpecification","dayOfWeek":["Monday","Tuesday","Wednesday","Thursday","Friday"],"opens":"10:00","closes":"18:00"},{"@type":"OpeningHoursSpecification","dayOfWeek":["Saturday","Sunday"],"opens":"00:00","closes":"00:00"}],"email":"info@voltride.com","taxID":"14871968"},{"@type":"PostalAddress","@id":"https:\/\/voltride.com\/et\/lastetool-bellelli-mr-fox-raamile\/#local-main-place-address","streetAddress":"Voltride Telliskivi 57D","addressLocality":"Tallinn","postalCode":"10412","addressRegion":"Tallinn","addressCountry":"EE"},{"@type":"ImageObject","inLanguage":"et","@id":"https:\/\/voltride.com\/et\/lastetool-bellelli-mr-fox-raamile\/#local-main-organization-logo","url":"https:\/\/voltride.com\/wp-content\/uploads\/voltride-logo.png","contentUrl":"https:\/\/voltride.com\/wp-content\/uploads\/voltride-logo.png","width":2481,"height":620,"caption":"Voltride"}]},"product_price_amount":"109.99","product_price_currency":"EUR","og_availability":"instock","product_availability":"instock","product_retailer_item_id":"BLSE001","product_condition":"new","geo.placename":"Tallinn","geo.position":{"lat":"59.439554","long":"24.726644"},"geo.region":"Estonia"},"_links":{"self":[{"href":"https:\/\/voltride.com\/et\/wp-json\/wp\/v2\/product\/25156","targetHints":{"allow":["GET"]}}],"collection":[{"href":"https:\/\/voltride.com\/et\/wp-json\/wp\/v2\/product"}],"about":[{"href":"https:\/\/voltride.com\/et\/wp-json\/wp\/v2\/types\/product"}],"replies":[{"embeddable":true,"href":"https:\/\/voltride.com\/et\/wp-json\/wp\/v2\/comments?post=25156"}],"wp:featuredmedia":[{"embeddable":true,"href":"https:\/\/voltride.com\/et\/wp-json\/wp\/v2\/media\/25155"}],"wp:attachment":[{"href":"https:\/\/voltride.com\/et\/wp-json\/wp\/v2\/media?parent=25156"}],"wp:term":[{"taxonomy":"product_brand","embeddable":true,"href":"https:\/\/voltride.com\/et\/wp-json\/wp\/v2\/product_brand?post=25156"},{"taxonomy":"product_cat","embeddable":true,"href":"https:\/\/voltride.com\/et\/wp-json\/wp\/v2\/product_cat?post=25156"},{"taxonomy":"product_tag","embeddable":true,"href":"https:\/\/voltride.com\/et\/wp-json\/wp\/v2\/product_tag?post=25156"}],"curies":[{"name":"wp","href":"https:\/\/api.w.org\/{rel}","templated":true}]}}