{"id":25291,"date":"2026-04-17T13:01:05","date_gmt":"2026-04-17T11:01:05","guid":{"rendered":"https:\/\/voltride.com\/ratta-pakiraam-eesmine-riese-muller\/"},"modified":"2026-04-30T13:37:15","modified_gmt":"2026-04-30T11:37:15","slug":"ratta-pakiraam-eesmine-riese-muller","status":"publish","type":"product","link":"https:\/\/voltride.com\/et\/ratta-pakiraam-eesmine-riese-muller\/","title":{"rendered":"Ratta pakiraam eesmine Riese M\u00fcller"},"content":{"rendered":"<div class=\"wpb-content-wrapper\"><p>[vc_row][vc_column][vc_column_text woodmart_inline=&#8221;no&#8221; text_larger=&#8221;no&#8221;]<\/p>\n<h2>Eesmine pakiraam Roadsterile \u2013 Riese &amp; M\u00fcller<\/h2>\n<p>Riese &amp; M\u00fclleri esipakiraam on vastupidav ja stiilne lisavarustus, mis lisab elektrirattale praktilist kandev\u00f5imet, s\u00e4ilitades samas ratta puhta disaini. Keskele kinnitatud alusplaadi ja nutika kinnitusrihma s\u00fcsteemi abil saab erinevaid esemeid turvaliselt ja mugavalt kaasa v\u00f5tta.<\/p>\n<p>Mitmek\u00fclgselt kasutatav pakiraam sobib mitmele mudelile, sealhulgas Delite\/mountain, Superdelite\/mountain (alates MY2020), Supercharger2, Charger3\/Mixte, Multicharger\/Mixte, Nevo3 ja Homage. Seda saab paigaldada koos Fabric pudeli kinnituspoldiga v\u00f5i ilma, s\u00f5ltuvalt vajadusest.<\/p>\n<p>T\u00e4iuslikult ratta disainiga sulanduv esipakiraam \u00fchendab praktilisuse ja Riese &amp; M\u00fclleri tuntud premium-klassi stiili.[\/vc_column_text][\/vc_column][\/vc_row]<\/p>\n<\/div>","protected":false},"excerpt":{"rendered":"<p>[vc_row][vc_column][vc_column_text woodmart_inline=&#8221;no&#8221; text_larger=&#8221;no&#8221;] Eesmine pakiraam Roadsterile \u2013 Riese &amp; M\u00fcller Riese &amp; M\u00fclleri esipakiraam on vastupidav ja stiilne lisavarustus, mis<\/p>\n","protected":false},"featured_media":25290,"comment_status":"open","ping_status":"closed","template":"","meta":[],"product_brand":[],"product_cat":[696],"product_tag":[],"class_list":{"0":"post-25291","1":"product","2":"type-product","3":"status-publish","4":"has-post-thumbnail","6":"product_cat-korvid-ja-pakiraamid","8":"first","9":"instock","10":"taxable","11":"shipping-taxable","12":"purchasable","13":"product-type-simple"},"yoast_head":"<!-- This site is optimized with the Yoast SEO Premium plugin v27.3 (Yoast SEO v27.5) - https:\/\/yoast.com\/product\/yoast-seo-premium-wordpress\/ -->\n<title>Ratta pakiraam eesmine Riese M\u00fcller | Voltride<\/title>\n<meta name=\"robots\" content=\"index, follow, max-snippet:-1, max-image-preview:large, max-video-preview:-1\" \/>\n<link rel=\"canonical\" href=\"https:\/\/voltride.com\/et\/ratta-pakiraam-eesmine-riese-muller\/\" \/>\n<meta property=\"og:locale\" content=\"et_EE\" \/>\n<meta property=\"og:type\" content=\"article\" \/>\n<meta property=\"og:title\" content=\"Ratta pakiraam eesmine Riese M\u00fcller | Voltride\" \/>\n<meta property=\"og:description\" content=\"[vc_row][vc_column][vc_column_text woodmart_inline=&#8221;no&#8221; text_larger=&#8221;no&#8221;] Eesmine pakiraam Roadsterile \u2013 Riese &amp; M\u00fcller Riese &amp; M\u00fclleri esipakiraam on vastupidav ja stiilne lisavarustus, mis\" \/>\n<meta property=\"og:url\" content=\"https:\/\/voltride.com\/et\/ratta-pakiraam-eesmine-riese-muller\/\" \/>\n<meta property=\"og:site_name\" content=\"Voltride\" \/>\n<meta property=\"article:publisher\" content=\"https:\/\/www.facebook.com\/voltridecom\/\" \/>\n<meta property=\"article:modified_time\" content=\"2026-04-30T11:37:15+00:00\" \/>\n<meta property=\"og:image\" content=\"https:\/\/voltride.com\/wp-content\/uploads\/2026\/04\/rmbg004.jpg\" \/>\n\t<meta property=\"og:image:width\" content=\"1100\" \/>\n\t<meta property=\"og:image:height\" content=\"709\" \/>\n\t<meta property=\"og:image:type\" content=\"image\/jpeg\" \/>\n<meta name=\"twitter:card\" content=\"summary_large_image\" \/>\n<script type=\"application\/ld+json\" class=\"yoast-schema-graph\">{\"@context\":\"https:\\\/\\\/schema.org\",\"@graph\":[{\"@type\":\"WebPage\",\"@id\":\"https:\\\/\\\/voltride.com\\\/et\\\/ratta-pakiraam-eesmine-riese-muller\\\/\",\"url\":\"https:\\\/\\\/voltride.com\\\/et\\\/ratta-pakiraam-eesmine-riese-muller\\\/\",\"name\":\"Ratta pakiraam eesmine Riese M\u00fcller | Voltride\",\"isPartOf\":{\"@id\":\"https:\\\/\\\/voltride.com\\\/et\\\/#website\"},\"primaryImageOfPage\":{\"@id\":\"https:\\\/\\\/voltride.com\\\/et\\\/ratta-pakiraam-eesmine-riese-muller\\\/#primaryimage\"},\"image\":{\"@id\":\"https:\\\/\\\/voltride.com\\\/et\\\/ratta-pakiraam-eesmine-riese-muller\\\/#primaryimage\"},\"thumbnailUrl\":\"https:\\\/\\\/voltride.com\\\/wp-content\\\/uploads\\\/2026\\\/04\\\/rmbg004.jpg\",\"datePublished\":\"2026-04-17T11:01:05+00:00\",\"dateModified\":\"2026-04-30T11:37:15+00:00\",\"breadcrumb\":{\"@id\":\"https:\\\/\\\/voltride.com\\\/et\\\/ratta-pakiraam-eesmine-riese-muller\\\/#breadcrumb\"},\"inLanguage\":\"et\",\"potentialAction\":[{\"@type\":\"ReadAction\",\"target\":[\"https:\\\/\\\/voltride.com\\\/et\\\/ratta-pakiraam-eesmine-riese-muller\\\/\"]}]},{\"@type\":\"ImageObject\",\"inLanguage\":\"et\",\"@id\":\"https:\\\/\\\/voltride.com\\\/et\\\/ratta-pakiraam-eesmine-riese-muller\\\/#primaryimage\",\"url\":\"https:\\\/\\\/voltride.com\\\/wp-content\\\/uploads\\\/2026\\\/04\\\/rmbg004.jpg\",\"contentUrl\":\"https:\\\/\\\/voltride.com\\\/wp-content\\\/uploads\\\/2026\\\/04\\\/rmbg004.jpg\",\"width\":1100,\"height\":709},{\"@type\":\"BreadcrumbList\",\"@id\":\"https:\\\/\\\/voltride.com\\\/et\\\/ratta-pakiraam-eesmine-riese-muller\\\/#breadcrumb\",\"itemListElement\":[{\"@type\":\"ListItem\",\"position\":1,\"name\":\"Kodu\",\"item\":\"https:\\\/\\\/voltride.com\\\/et\\\/\"},{\"@type\":\"ListItem\",\"position\":2,\"name\":\"Pood\",\"item\":\"https:\\\/\\\/voltride.com\\\/et\\\/e-pood\\\/\"},{\"@type\":\"ListItem\",\"position\":3,\"name\":\"Lisavarustus\",\"item\":\"https:\\\/\\\/voltride.com\\\/et\\\/lisavarustus\\\/\"},{\"@type\":\"ListItem\",\"position\":4,\"name\":\"Korvid ja Pakiraamid\",\"item\":\"https:\\\/\\\/voltride.com\\\/et\\\/korvid-ja-pakiraamid\\\/\"},{\"@type\":\"ListItem\",\"position\":5,\"name\":\"Ratta pakiraam eesmine Riese M\u00fcller\"}]},{\"@type\":\"WebSite\",\"@id\":\"https:\\\/\\\/voltride.com\\\/et\\\/#website\",\"url\":\"https:\\\/\\\/voltride.com\\\/et\\\/\",\"name\":\"Voltride\",\"description\":\"Parim elektrirataste elektrit\u00f5ukside ja \u00fcksrataste pood ja remont\",\"publisher\":{\"@id\":\"https:\\\/\\\/voltride.com\\\/et\\\/#organization\"},\"alternateName\":\"Vr\",\"potentialAction\":[{\"@type\":\"SearchAction\",\"target\":{\"@type\":\"EntryPoint\",\"urlTemplate\":\"https:\\\/\\\/voltride.com\\\/et\\\/?s={search_term_string}\"},\"query-input\":{\"@type\":\"PropertyValueSpecification\",\"valueRequired\":true,\"valueName\":\"search_term_string\"}}],\"inLanguage\":\"et\"},{\"@type\":[\"Organization\",\"Place\"],\"@id\":\"https:\\\/\\\/voltride.com\\\/et\\\/#organization\",\"name\":\"Voltride\",\"alternateName\":\"VR\",\"url\":\"https:\\\/\\\/voltride.com\\\/et\\\/\",\"logo\":{\"@id\":\"https:\\\/\\\/voltride.com\\\/et\\\/ratta-pakiraam-eesmine-riese-muller\\\/#local-main-organization-logo\"},\"image\":{\"@id\":\"https:\\\/\\\/voltride.com\\\/et\\\/ratta-pakiraam-eesmine-riese-muller\\\/#local-main-organization-logo\"},\"sameAs\":[\"https:\\\/\\\/www.facebook.com\\\/voltridecom\\\/\"],\"legalName\":\"Voltride O\u00dc\",\"numberOfEmployees\":{\"@type\":\"QuantitativeValue\",\"minValue\":\"1\",\"maxValue\":\"10\"},\"ownershipFundingInfo\":\"https:\\\/\\\/voltride.com\\\/about-us\\\/\",\"hasMerchantReturnPolicy\":{\"@type\":\"MerchantReturnPolicy\",\"merchantReturnLink\":\"https:\\\/\\\/voltride.com\\\/shipping-and-returns\\\/\"},\"address\":{\"@id\":\"https:\\\/\\\/voltride.com\\\/et\\\/ratta-pakiraam-eesmine-riese-muller\\\/#local-main-place-address\"},\"geo\":{\"@type\":\"GeoCoordinates\",\"latitude\":\"59.439554\",\"longitude\":\"24.726644\"},\"telephone\":[\"+372 600 40 99\"],\"contactPoint\":{\"@type\":\"ContactPoint\",\"telephone\":\"+372 600 40 99\",\"email\":\"info@voltride.com\"},\"openingHoursSpecification\":[{\"@type\":\"OpeningHoursSpecification\",\"dayOfWeek\":[\"Monday\",\"Tuesday\",\"Wednesday\",\"Thursday\",\"Friday\"],\"opens\":\"10:00\",\"closes\":\"18:00\"},{\"@type\":\"OpeningHoursSpecification\",\"dayOfWeek\":[\"Saturday\",\"Sunday\"],\"opens\":\"00:00\",\"closes\":\"00:00\"}],\"email\":\"info@voltride.com\",\"taxID\":\"14871968\"},{\"@type\":\"PostalAddress\",\"@id\":\"https:\\\/\\\/voltride.com\\\/et\\\/ratta-pakiraam-eesmine-riese-muller\\\/#local-main-place-address\",\"streetAddress\":\"Voltride Telliskivi 57D\",\"addressLocality\":\"Tallinn\",\"postalCode\":\"10412\",\"addressRegion\":\"Tallinn\",\"addressCountry\":\"EE\"},{\"@type\":\"ImageObject\",\"inLanguage\":\"et\",\"@id\":\"https:\\\/\\\/voltride.com\\\/et\\\/ratta-pakiraam-eesmine-riese-muller\\\/#local-main-organization-logo\",\"url\":\"https:\\\/\\\/voltride.com\\\/wp-content\\\/uploads\\\/voltride-logo.png\",\"contentUrl\":\"https:\\\/\\\/voltride.com\\\/wp-content\\\/uploads\\\/voltride-logo.png\",\"width\":2481,\"height\":620,\"caption\":\"Voltride\"}]}<\/script>\n<meta property=\"product:price:amount\" content=\"104.99\" \/>\n<meta property=\"product:price:currency\" content=\"EUR\" \/>\n<meta property=\"og:availability\" content=\"instock\" \/>\n<meta property=\"product:availability\" content=\"instock\" \/>\n<meta property=\"product:retailer_item_id\" content=\"RMBG004\" \/>\n<meta property=\"product:condition\" content=\"new\" \/>\n<meta name=\"geo.placename\" content=\"Tallinn\" \/>\n<meta name=\"geo.position\" content=\"59.439554;24.726644\" \/>\n<meta name=\"geo.region\" content=\"Estonia\" \/>\n<!-- \/ Yoast SEO Premium plugin. -->","yoast_head_json":{"title":"Ratta pakiraam eesmine Riese M\u00fcller | Voltride","robots":{"index":"index","follow":"follow","max-snippet":"max-snippet:-1","max-image-preview":"max-image-preview:large","max-video-preview":"max-video-preview:-1"},"canonical":"https:\/\/voltride.com\/et\/ratta-pakiraam-eesmine-riese-muller\/","og_locale":"et_EE","og_type":"article","og_title":"Ratta pakiraam eesmine Riese M\u00fcller | Voltride","og_description":"[vc_row][vc_column][vc_column_text woodmart_inline=&#8221;no&#8221; text_larger=&#8221;no&#8221;] Eesmine pakiraam Roadsterile \u2013 Riese &amp; M\u00fcller Riese &amp; M\u00fclleri esipakiraam on vastupidav ja stiilne lisavarustus, mis","og_url":"https:\/\/voltride.com\/et\/ratta-pakiraam-eesmine-riese-muller\/","og_site_name":"Voltride","article_publisher":"https:\/\/www.facebook.com\/voltridecom\/","article_modified_time":"2026-04-30T11:37:15+00:00","og_image":[{"width":1100,"height":709,"url":"https:\/\/voltride.com\/wp-content\/uploads\/2026\/04\/rmbg004.jpg","type":"image\/jpeg"}],"twitter_card":"summary_large_image","schema":{"@context":"https:\/\/schema.org","@graph":[{"@type":"WebPage","@id":"https:\/\/voltride.com\/et\/ratta-pakiraam-eesmine-riese-muller\/","url":"https:\/\/voltride.com\/et\/ratta-pakiraam-eesmine-riese-muller\/","name":"Ratta pakiraam eesmine Riese M\u00fcller | Voltride","isPartOf":{"@id":"https:\/\/voltride.com\/et\/#website"},"primaryImageOfPage":{"@id":"https:\/\/voltride.com\/et\/ratta-pakiraam-eesmine-riese-muller\/#primaryimage"},"image":{"@id":"https:\/\/voltride.com\/et\/ratta-pakiraam-eesmine-riese-muller\/#primaryimage"},"thumbnailUrl":"https:\/\/voltride.com\/wp-content\/uploads\/2026\/04\/rmbg004.jpg","datePublished":"2026-04-17T11:01:05+00:00","dateModified":"2026-04-30T11:37:15+00:00","breadcrumb":{"@id":"https:\/\/voltride.com\/et\/ratta-pakiraam-eesmine-riese-muller\/#breadcrumb"},"inLanguage":"et","potentialAction":[{"@type":"ReadAction","target":["https:\/\/voltride.com\/et\/ratta-pakiraam-eesmine-riese-muller\/"]}]},{"@type":"ImageObject","inLanguage":"et","@id":"https:\/\/voltride.com\/et\/ratta-pakiraam-eesmine-riese-muller\/#primaryimage","url":"https:\/\/voltride.com\/wp-content\/uploads\/2026\/04\/rmbg004.jpg","contentUrl":"https:\/\/voltride.com\/wp-content\/uploads\/2026\/04\/rmbg004.jpg","width":1100,"height":709},{"@type":"BreadcrumbList","@id":"https:\/\/voltride.com\/et\/ratta-pakiraam-eesmine-riese-muller\/#breadcrumb","itemListElement":[{"@type":"ListItem","position":1,"name":"Kodu","item":"https:\/\/voltride.com\/et\/"},{"@type":"ListItem","position":2,"name":"Pood","item":"https:\/\/voltride.com\/et\/e-pood\/"},{"@type":"ListItem","position":3,"name":"Lisavarustus","item":"https:\/\/voltride.com\/et\/lisavarustus\/"},{"@type":"ListItem","position":4,"name":"Korvid ja Pakiraamid","item":"https:\/\/voltride.com\/et\/korvid-ja-pakiraamid\/"},{"@type":"ListItem","position":5,"name":"Ratta pakiraam eesmine Riese M\u00fcller"}]},{"@type":"WebSite","@id":"https:\/\/voltride.com\/et\/#website","url":"https:\/\/voltride.com\/et\/","name":"Voltride","description":"Parim elektrirataste elektrit\u00f5ukside ja \u00fcksrataste pood ja remont","publisher":{"@id":"https:\/\/voltride.com\/et\/#organization"},"alternateName":"Vr","potentialAction":[{"@type":"SearchAction","target":{"@type":"EntryPoint","urlTemplate":"https:\/\/voltride.com\/et\/?s={search_term_string}"},"query-input":{"@type":"PropertyValueSpecification","valueRequired":true,"valueName":"search_term_string"}}],"inLanguage":"et"},{"@type":["Organization","Place"],"@id":"https:\/\/voltride.com\/et\/#organization","name":"Voltride","alternateName":"VR","url":"https:\/\/voltride.com\/et\/","logo":{"@id":"https:\/\/voltride.com\/et\/ratta-pakiraam-eesmine-riese-muller\/#local-main-organization-logo"},"image":{"@id":"https:\/\/voltride.com\/et\/ratta-pakiraam-eesmine-riese-muller\/#local-main-organization-logo"},"sameAs":["https:\/\/www.facebook.com\/voltridecom\/"],"legalName":"Voltride O\u00dc","numberOfEmployees":{"@type":"QuantitativeValue","minValue":"1","maxValue":"10"},"ownershipFundingInfo":"https:\/\/voltride.com\/about-us\/","hasMerchantReturnPolicy":{"@type":"MerchantReturnPolicy","merchantReturnLink":"https:\/\/voltride.com\/shipping-and-returns\/"},"address":{"@id":"https:\/\/voltride.com\/et\/ratta-pakiraam-eesmine-riese-muller\/#local-main-place-address"},"geo":{"@type":"GeoCoordinates","latitude":"59.439554","longitude":"24.726644"},"telephone":["+372 600 40 99"],"contactPoint":{"@type":"ContactPoint","telephone":"+372 600 40 99","email":"info@voltride.com"},"openingHoursSpecification":[{"@type":"OpeningHoursSpecification","dayOfWeek":["Monday","Tuesday","Wednesday","Thursday","Friday"],"opens":"10:00","closes":"18:00"},{"@type":"OpeningHoursSpecification","dayOfWeek":["Saturday","Sunday"],"opens":"00:00","closes":"00:00"}],"email":"info@voltride.com","taxID":"14871968"},{"@type":"PostalAddress","@id":"https:\/\/voltride.com\/et\/ratta-pakiraam-eesmine-riese-muller\/#local-main-place-address","streetAddress":"Voltride Telliskivi 57D","addressLocality":"Tallinn","postalCode":"10412","addressRegion":"Tallinn","addressCountry":"EE"},{"@type":"ImageObject","inLanguage":"et","@id":"https:\/\/voltride.com\/et\/ratta-pakiraam-eesmine-riese-muller\/#local-main-organization-logo","url":"https:\/\/voltride.com\/wp-content\/uploads\/voltride-logo.png","contentUrl":"https:\/\/voltride.com\/wp-content\/uploads\/voltride-logo.png","width":2481,"height":620,"caption":"Voltride"}]},"product_price_amount":"104.99","product_price_currency":"EUR","og_availability":"instock","product_availability":"instock","product_retailer_item_id":"RMBG004","product_condition":"new","geo.placename":"Tallinn","geo.position":{"lat":"59.439554","long":"24.726644"},"geo.region":"Estonia"},"_links":{"self":[{"href":"https:\/\/voltride.com\/et\/wp-json\/wp\/v2\/product\/25291","targetHints":{"allow":["GET"]}}],"collection":[{"href":"https:\/\/voltride.com\/et\/wp-json\/wp\/v2\/product"}],"about":[{"href":"https:\/\/voltride.com\/et\/wp-json\/wp\/v2\/types\/product"}],"replies":[{"embeddable":true,"href":"https:\/\/voltride.com\/et\/wp-json\/wp\/v2\/comments?post=25291"}],"wp:featuredmedia":[{"embeddable":true,"href":"https:\/\/voltride.com\/et\/wp-json\/wp\/v2\/media\/25290"}],"wp:attachment":[{"href":"https:\/\/voltride.com\/et\/wp-json\/wp\/v2\/media?parent=25291"}],"wp:term":[{"taxonomy":"product_brand","embeddable":true,"href":"https:\/\/voltride.com\/et\/wp-json\/wp\/v2\/product_brand?post=25291"},{"taxonomy":"product_cat","embeddable":true,"href":"https:\/\/voltride.com\/et\/wp-json\/wp\/v2\/product_cat?post=25291"},{"taxonomy":"product_tag","embeddable":true,"href":"https:\/\/voltride.com\/et\/wp-json\/wp\/v2\/product_tag?post=25291"}],"curies":[{"name":"wp","href":"https:\/\/api.w.org\/{rel}","templated":true}]}}