{"id":11762,"date":"2026-01-30T12:00:54","date_gmt":"2026-01-30T10:00:54","guid":{"rendered":"https:\/\/voltride.com\/maksuvaihtoehdot\/"},"modified":"2026-02-18T12:39:14","modified_gmt":"2026-02-18T10:39:14","slug":"maksuvaihtoehdot","status":"publish","type":"page","link":"https:\/\/voltride.com\/fi\/maksuvaihtoehdot\/","title":{"rendered":"Maksuvaihtoehdot"},"content":{"rendered":"<div class=\"wpb-content-wrapper\"><p>[vc_row el_class=&#8221;shop-hero&#8221; woodmart_css_id=&#8221;67d72e16c91d9&#8243; responsive_spacing=&#8221;eyJwYXJhbV90eXBlIjoid29vZG1hcnRfcmVzcG9uc2l2ZV9zcGFjaW5nIiwic2VsZWN0b3JfaWQiOiI2N2Q3MmUxNmM5MWQ5Iiwic2hvcnRjb2RlIjoidmNfcm93IiwiZGF0YSI6eyJ0YWJsZXQiOnt9LCJtb2JpbGUiOnt9fX0=&#8221; mobile_bg_img_hidden=&#8221;no&#8221; tablet_bg_img_hidden=&#8221;no&#8221; woodmart_parallax=&#8221;0&#8243; woodmart_gradient_switch=&#8221;no&#8221; woodmart_box_shadow=&#8221;no&#8221; wd_z_index=&#8221;no&#8221; woodmart_disable_overflow=&#8221;0&#8243; row_reverse_mobile=&#8221;0&#8243; row_reverse_tablet=&#8221;0&#8243;][vc_column][vc_raw_html css=&#8221;&#8221;]W2hlcm9fc2ltcGxlX2xpZ2h0XQ==[\/vc_raw_html][\/vc_column][\/vc_row][vc_row row_title=&#8221;terms-content&#8221; el_class=&#8221;terms-content&#8221; woodmart_css_id=&#8221;67ecb8043a324&#8243; responsive_spacing=&#8221;eyJwYXJhbV90eXBlIjoid29vZG1hcnRfcmVzcG9uc2l2ZV9zcGFjaW5nIiwic2VsZWN0b3JfaWQiOiI2N2VjYjgwNDNhMzI0Iiwic2hvcnRjb2RlIjoidmNfcm93IiwiZGF0YSI6eyJ0YWJsZXQiOnt9LCJtb2JpbGUiOnt9fX0=&#8221; mobile_bg_img_hidden=&#8221;no&#8221; tablet_bg_img_hidden=&#8221;no&#8221; woodmart_parallax=&#8221;0&#8243; woodmart_gradient_switch=&#8221;no&#8221; woodmart_box_shadow=&#8221;no&#8221; wd_z_index=&#8221;no&#8221; woodmart_disable_overflow=&#8221;0&#8243; row_reverse_mobile=&#8221;0&#8243; row_reverse_tablet=&#8221;0&#8243;][vc_column][vc_column_text css=&#8221;&#8221; woodmart_inline=&#8221;no&#8221; text_larger=&#8221;no&#8221;]<\/p>\n<h2>Voltriden verkkokauppa \u2013 Maksuvaihtoehdot<\/h2>\n<p>[\/vc_column_text][vc_column_text css=&#8221;&#8221; woodmart_inline=&#8221;no&#8221; text_larger=&#8221;no&#8221;]<strong>1. Maksuturvallisuus<\/strong><\/p>\n<p>Kaikki Voltriden verkkokaupassa tehdyt maksut k\u00e4sitell\u00e4\u00e4n suojattujen ja salattujen maksuj\u00e4rjestelmien kautta. Voltride ei tallenna eik\u00e4 sill\u00e4 ole p\u00e4\u00e4sy\u00e4 Asiakkaan t\u00e4ydellisiin maksukorttitietoihin, pankkitunnuksiin tai muihin arkaluonteisiin maksutietoihin.<\/p>\n<p>Maksutapahtumat on suojattu alan standardien mukaisilla turvatoimilla, mukaan lukien SSL-salaus sek\u00e4 tarvittaessa vahva asiakastunnistautuminen (SCA), sovellettavien maksupalvelus\u00e4\u00e4d\u00f6sten mukaisesti.<\/p>\n<p>Kauppasopimus katsotaan syntyneeksi k\u00e4ytt\u00f6ehtojen mukaisesti, kun maksu on suoritettu onnistuneesti tai rahoitus- tai maksuaikavaihtoehdon tapauksessa, kun rahoituspalveluntarjoaja on hyv\u00e4ksynyt tapahtuman ja vahvistanut maksun Myyj\u00e4lle.<br \/>________________________________________<br \/><strong>2. Vastuu maksujen k\u00e4sittelyst\u00e4<\/strong><\/p>\n<p>Maksujen k\u00e4sittelyst\u00e4 vastaavat itsen\u00e4iset maksupalveluntarjoajat. Voltride ei vastaa viiv\u00e4styksist\u00e4, ep\u00e4onnistumisista tai virheist\u00e4, jotka johtuvat maksupalveluntarjoajista, mik\u00e4li ne ovat Voltriden kohtuullisen vaikutusmahdollisuuden ulkopuolella. T\u00e4m\u00e4 ei rajoita Asiakkaan lakis\u00e4\u00e4teisi\u00e4 oikeuksia.<\/p>\n<p>________________________________________<br \/><strong>3. Maksuvaihtoehdot (yleiskatsaus)<\/strong><\/p>\n<p>Kassalla Asiakas voi valita seuraavista maksuvaihtoehdoista riippuen sijainnista, tilauksen arvosta, teknisest\u00e4 saatavuudesta sek\u00e4 maksupalveluntarjoajan s\u00e4\u00e4nn\u00f6ist\u00e4:<br \/>\u2022 Verkkopankkimaksut<br \/>\u2022 Lasku (pankkisiirto)<br \/>\u2022 Pankki- ja luottokortit<br \/>\u2022 PayPal<br \/>\u2022 Apple Pay ja Google Pay<br \/>\u2022 Revolut<\/p>\n<p>Saatavilla olevat maksutavat n\u00e4ytet\u00e4\u00e4n kassalla. Voltride pid\u00e4tt\u00e4\u00e4 oikeuden ottaa maksutapoja k\u00e4ytt\u00f6\u00f6n, poistaa niit\u00e4 k\u00e4yt\u00f6st\u00e4 tai rajoittaa niit\u00e4 milloin tahansa ilman ennakkoilmoitusta.<br \/>________________________________________<br \/><strong>3.1. Kortti- ja digilompakkomaksut<\/strong><\/p>\n<p>Voltride hyv\u00e4ksyy yleisimm\u00e4t pankki- ja luottokortit. Korttimaksut voidaan suorittaa my\u00f6s tuettujen digilompakoiden, kuten Apple Payn ja Google Payn, kautta silloin kun ne ovat saatavilla.<\/p>\n<p>Kortti- ja lompakkomaksut k\u00e4sitell\u00e4\u00e4n itsen\u00e4isten maksupalveluntarjoajien toimesta. Voltride ei vastaanota eik\u00e4 tallenna korttitietoja.<br \/>________________________________________<br \/><strong>3.2. Verkkopankkimaksut<\/strong><\/p>\n<p>Asiakas voi maksaa tuettujen pankkien tarjoamien verkkopankkilinkkien kautta. Valittaessa t\u00e4m\u00e4 maksutapa Asiakas ohjataan pankin suojattuun verkkoymp\u00e4rist\u00f6\u00f6n maksun suorittamiseksi.<br \/>________________________________________<br \/><strong>3.3. Maksu laskulla (pankkisiirto)<\/strong><\/p>\n<p>Jos Asiakas valitsee maksun laskulla, Voltride l\u00e4hett\u00e4\u00e4 laskun ja Asiakas maksaa sen pankkisiirrolla laskussa ilmoitetussa m\u00e4\u00e4r\u00e4ajassa.<\/p>\n<p>Ellei toisin ole nimenomaisesti sovittu, Kauppasopimus tulee voimaan ja tuote toimitetaan vasta, kun Myyj\u00e4 on vastaanottanut t\u00e4yden maksun.<br \/>________________________________________<br \/><strong>3.4. PayPal<\/strong><\/p>\n<p>Asiakas voi maksaa PayPalin kautta PayPalin saatavuuden ja ehtojen mukaisesti. PayPal-maksut k\u00e4sittelee PayPal, ja niihin sovelletaan PayPalin omia ehtoja ja tietosuojak\u00e4yt\u00e4nt\u00f6\u00e4.<br \/>________________________________________<br \/><strong>3.5. Revolut<\/strong><\/p>\n<p>Saatavuuden mukaan Asiakas voi maksaa Revolutin kautta. Revolut-maksut k\u00e4sittelee Revolut omien ehtojensa mukaisesti.<br \/>________________________________________<br \/><strong>4. Rahoitus- ja maksa my\u00f6hemmin -vaihtoehdot<\/strong><\/p>\n<p><strong>4.1. Yleiset periaatteet<\/strong><\/p>\n<p>Laskulla maksaminen, osamaksu ja muut luottopohjaiset maksuvaihtoehdot tarjoavat itsen\u00e4iset kolmannen osapuolen rahoituspalveluntarjoajat. Voltride ei toimi luotonv\u00e4litt\u00e4j\u00e4n\u00e4.<\/p>\n<p>T\u00e4llaisen maksutavan valinnan yhteydess\u00e4:<br \/>\u2022 Asiakkaan ja rahoituspalveluntarjoajan v\u00e4lille syntyy erillinen luotto- tai rahoitussopimus;<br \/>\u2022 Voltride ei ole luotonantaja eik\u00e4 luottosopimuksen osapuoli;<br \/>\u2022 hyv\u00e4ksynt\u00e4p\u00e4\u00e4t\u00f6kset, luottorajat ja takaisinmaksuehdot m\u00e4\u00e4r\u00e4ytyv\u00e4t yksinomaan rahoituspalveluntarjoajan toimesta.<\/p>\n<p>Jos rahoitus- tai maksuaikahakemus hyl\u00e4t\u00e4\u00e4n tai peruutetaan, Asiakas voi suorittaa maksun muulla saatavilla olevalla maksutavalla. Kauppasopimus ei tule voimaan ennen kuin maksu on suoritettu onnistuneesti.<br \/>________________________________________<br \/><strong>4.2. Rahoitusvaihtoehdot kuluttajille Virossa<\/strong><\/p>\n<p>Soveltuvuuden ja tilauksen arvon mukaan kassalla voi olla saatavilla seuraavia rahoituspalveluntarjoajia Virossa asuville kuluttajille:<br \/>\u2022 LHV Finance<br \/>\u2022 ESTO AS (mukaan lukien \u201cVoltride-osamaksu\u201d -nimell\u00e4 tarjottavat ratkaisut)<br \/>\u2022 Inbank<br \/>\u2022 Liisi<\/p>\n<p>Rahoituspalveluntarjoaja m\u00e4\u00e4rittelee korot, kulut ja maksuaikataulut, ja ne esitet\u00e4\u00e4n Asiakkaalle kassalla ennen luottosopimuksen tekemist\u00e4.<\/p>\n<p>N\u00e4iden maksutapojen mahdollistamiseksi Voltride voi luovuttaa tarvittavat tilaus- ja yhteystiedot rahoituspalveluntarjoajalle luottokelpoisuuden arviointia varten palveluntarjoajan tietosuojak\u00e4yt\u00e4nn\u00f6n mukaisesti.<br \/>________________________________________<br \/><strong>4.3. Rahoitus- ja maksa my\u00f6hemmin -vaihtoehdot muissa Euroopan maissa<\/strong><\/p>\n<p>Tietyiss\u00e4 Euroopan maissa Asiakkaat voivat valita kassalla lasku- tai osamaksuvaihtoehtoja itsen\u00e4isten rahoituspalveluntarjoajien, kuten Klarnan, kautta palveluntarjoajan ehtojen ja hyv\u00e4ksynn\u00e4n mukaisesti.<\/p>\n<p>Saatavilla olevat maksutavat (esimerkiksi Pay Now, Pay Later, Pay in 3 tai rahoitusratkaisut) vaihtelevat maittain ja n\u00e4ytet\u00e4\u00e4n kassalla. Hyv\u00e4ksynt\u00e4- ja luottop\u00e4\u00e4t\u00f6kset tekee yksinomaan rahoituspalveluntarjoaja.<\/p>\n<p>Voltride voi luovuttaa tarvittavat tilaus- ja yhteystiedot rahoituspalveluntarjoajalle luottokelpoisuuden arviointia varten palveluntarjoajan tietosuojak\u00e4yt\u00e4nn\u00f6n mukaisesti.<br \/>________________________________________<br \/><strong>4.4. T\u00e4rkeit\u00e4 huomioita rahoituksesta<\/strong><br \/>\u2022 Rahoitustuotteet ovat taloudellisia sitoumuksia.<br \/>\u2022 Asiakkaan tulee tutustua huolellisesti rahoituspalveluntarjoajan ehtoihin ennen luottosopimuksen tekemist\u00e4.<br \/>\u2022 Voltride ei p\u00e4\u00e4t\u00e4 rahoituksen hyv\u00e4ksynn\u00e4st\u00e4, luottorajoista eik\u00e4 takaisinmaksuehdoista.<br \/>\u2022 Yksityiskohtaiset rahoitusehdot, mukaan lukien korot, kulut, rahoituksen kokonaiskustannukset, ennenaikaisen takaisinmaksun ehdot ja muut maksuehdot, toimittaa rahoituspalveluntarjoaja kassalla ja omissa ennakkotiedoissaan. Asiakasta kehotetaan tutustumaan niihin huolellisesti ennen luottosopimuksen tekemist\u00e4.<\/p>\n<p><strong>4.5. Lis\u00e4tietoja rahoituspalveluntarjoajista:<\/strong><br \/>\u2022 Klarna \u2013 <a href=\"https:\/\/www.klarna.com\">https:\/\/www.klarna.com<\/a><br \/>\u2022 ESTO \u2013 <a href=\"https:\/\/www.esto.ee\">https:\/\/www.esto.ee<\/a><br \/>\u2022 LHV Finance \u2013 <a href=\"https:\/\/www.lhv.ee\/jarelmaks\">https:\/\/www.lhv.ee\/jarelmaks<\/a><br \/>\u2022 Inbank \u2013 <a href=\"https:\/\/www.inbank.ee\">https:\/\/www.inbank.ee<\/a><br \/>\u2022 Liisi \u2013 <a href=\"https:\/\/www.liisi.ee\">https:\/\/www.liisi.ee<\/a>[\/vc_column_text][\/vc_column][\/vc_row][vc_row woodmart_css_id=&#8221;637cf9b5d71a4&#8243; responsive_spacing=&#8221;eyJwYXJhbV90eXBlIjoid29vZG1hcnRfcmVzcG9uc2l2ZV9zcGFjaW5nIiwic2VsZWN0b3JfaWQiOiI2MzdjZjliNWQ3MWE0Iiwic2hvcnRjb2RlIjoidmNfcm93IiwiZGF0YSI6eyJ0YWJsZXQiOnt9LCJtb2JpbGUiOnt9fX0=&#8221; mobile_bg_img_hidden=&#8221;no&#8221; tablet_bg_img_hidden=&#8221;no&#8221; woodmart_parallax=&#8221;0&#8243; woodmart_gradient_switch=&#8221;no&#8221; woodmart_box_shadow=&#8221;no&#8221; wd_z_index=&#8221;no&#8221; woodmart_disable_overflow=&#8221;0&#8243; row_reverse_mobile=&#8221;0&#8243; row_reverse_tablet=&#8221;0&#8243;][vc_column]\t\t\t\n\t\t\t<div id=\"carousel-979\" class=\"wd-carousel-container  wd-wpb with-title wd-rs-679bd7419272f  wd-products-element wd-products products wd-hide wd-loop-builder-off wd-products-with-bg title-line-two\">\n\t\t\t\t\n\t\t\t\t\t\t\t\t\t<h4 class=\"wd-el-title title slider-title element-title\"><span>\u00c4skett\u00e4in katsotut<\/span><\/h4>\t\t\t\t\t\t\t\n\t\t\t\t<div class=\"wd-carousel-inner\">\n\t\t\t\t\t<div class=\" wd-carousel wd-grid scroll-init\"  data-atts='{&quot;slides_per_view&quot;:&quot;5&quot;,&quot;slides_per_view_mobile&quot;:&quot;2&quot;,&quot;wrap&quot;:&quot;no&quot;,&quot;hide_pagination_control&quot;:&quot;yes&quot;,&quot;hide_prev_next_buttons&quot;:&quot;no&quot;,&quot;custom_sizes&quot;:{&quot;desktop&quot;:&quot;5&quot;,&quot;tablet&quot;:&quot;auto&quot;,&quot;mobile&quot;:&quot;2&quot;},&quot;post_type&quot;:&quot;recently_viewed&quot;,&quot;spacing&quot;:&quot;20&quot;,&quot;sync_parent_id&quot;:&quot;wd_6734aba634886&quot;,&quot;scroll_carousel_init&quot;:&quot;yes&quot;,&quot;wrapper_classes&quot;:&quot; wd-wpb&quot;,&quot;highlighted_products&quot;:&quot;0&quot;,&quot;products_divider&quot;:&quot;0&quot;,&quot;products_bordered_grid&quot;:&quot;0&quot;,&quot;products_with_background&quot;:&quot;1&quot;,&quot;products_shadow&quot;:&quot;0&quot;,&quot;product_hover&quot;:&quot;small&quot;,&quot;img_size&quot;:&quot;64x64&quot;,&quot;element_title&quot;:&quot;\\u00c4skett\\u00e4in katsotut&quot;,&quot;ajax_recently_viewed&quot;:&quot;yes&quot;,&quot;layout&quot;:&quot;carousel&quot;,&quot;woodmart_css_id&quot;:&quot;679bd7419272f&quot;,&quot;grid_gallery&quot;:&quot;no&quot;}' data-scroll_per_page=\"yes\" style=\"--wd-col-lg:5;--wd-col-md:4;--wd-col-sm:2;--wd-gap-lg:20px;--wd-gap-sm:10px;\">\n\t\t\t\t\t\t<div class=\"wd-carousel-wrap\">\n\t\t\t\t\t\t\t\t\t\t\t\t\t<\/div>\n\t\t\t\t\t<\/div>\n\n\t\t\t\t\t\t\t<div class=\"wd-nav-arrows wd-pos-sep wd-hover-1 wd-icon-1\">\n\t\t\t<div class=\"wd-btn-arrow wd-prev wd-disabled\">\n\t\t\t\t<div class=\"wd-arrow-inner\"><\/div>\n\t\t\t<\/div>\n\t\t\t<div class=\"wd-btn-arrow wd-next\">\n\t\t\t\t<div class=\"wd-arrow-inner\"><\/div>\n\t\t\t<\/div>\n\t\t<\/div>\n\t\t\t\t\t\t<\/div>\n\n\t\t\t\t\t\t\t\t\t\t\t\t\t\t<\/div>\n\t\t\t\t\t\t[\/vc_column][\/vc_row]<\/p>\n<\/div>","protected":false},"excerpt":{"rendered":"<p>[vc_row el_class=&#8221;shop-hero&#8221; woodmart_css_id=&#8221;67d72e16c91d9&#8243; responsive_spacing=&#8221;eyJwYXJhbV90eXBlIjoid29vZG1hcnRfcmVzcG9uc2l2ZV9zcGFjaW5nIiwic2VsZWN0b3JfaWQiOiI2N2Q3MmUxNmM5MWQ5Iiwic2hvcnRjb2RlIjoidmNfcm93IiwiZGF0YSI6eyJ0YWJsZXQiOnt9LCJtb2JpbGUiOnt9fX0=&#8221; mobile_bg_img_hidden=&#8221;no&#8221; tablet_bg_img_hidden=&#8221;no&#8221; woodmart_parallax=&#8221;0&#8243; woodmart_gradient_switch=&#8221;no&#8221; woodmart_box_shadow=&#8221;no&#8221; wd_z_index=&#8221;no&#8221; woodmart_disable_overflow=&#8221;0&#8243; row_reverse_mobile=&#8221;0&#8243; row_reverse_tablet=&#8221;0&#8243;][vc_column][vc_raw_html css=&#8221;&#8221;]W2hlcm9fc2ltcGxlX2xpZ2h0XQ==[\/vc_raw_html][\/vc_column][\/vc_row][vc_row row_title=&#8221;terms-content&#8221; el_class=&#8221;terms-content&#8221; woodmart_css_id=&#8221;67ecb8043a324&#8243; responsive_spacing=&#8221;eyJwYXJhbV90eXBlIjoid29vZG1hcnRfcmVzcG9uc2l2ZV9zcGFjaW5nIiwic2VsZWN0b3JfaWQiOiI2N2VjYjgwNDNhMzI0Iiwic2hvcnRjb2RlIjoidmNfcm93IiwiZGF0YSI6eyJ0YWJsZXQiOnt9LCJtb2JpbGUiOnt9fX0=&#8221; mobile_bg_img_hidden=&#8221;no&#8221; tablet_bg_img_hidden=&#8221;no&#8221;<\/p>\n","protected":false},"author":4,"featured_media":0,"parent":0,"menu_order":0,"comment_status":"closed","ping_status":"closed","template":"","meta":{"footnotes":""},"class_list":["post-11762","page","type-page","status-publish","hentry"],"yoast_head":"<!-- This site is optimized with the Yoast SEO Premium plugin v27.3 (Yoast SEO v27.4) - https:\/\/yoast.com\/product\/yoast-seo-premium-wordpress\/ -->\n<title>Maksuvaihtoehdot | Voltride<\/title>\n<meta name=\"description\" content=\"Tutustu Voltriden turvallisiin ja joustaviin maksuvaihtoehtoihin, jotka tekev\u00e4t maksamisesta helppoa, nopeaa ja luotettavaa.\" \/>\n<meta name=\"robots\" content=\"index, follow, max-snippet:-1, max-image-preview:large, max-video-preview:-1\" \/>\n<link rel=\"canonical\" href=\"https:\/\/voltride.com\/fi\/maksuvaihtoehdot\/\" \/>\n<meta property=\"og:locale\" content=\"fi_FI\" \/>\n<meta property=\"og:type\" content=\"article\" \/>\n<meta property=\"og:title\" content=\"Maksuvaihtoehdot | Voltride\" \/>\n<meta property=\"og:description\" content=\"Tutustu Voltriden turvallisiin ja joustaviin maksuvaihtoehtoihin, jotka tekev\u00e4t maksamisesta helppoa, nopeaa ja luotettavaa.\" \/>\n<meta property=\"og:url\" content=\"https:\/\/voltride.com\/fi\/maksuvaihtoehdot\/\" \/>\n<meta property=\"og:site_name\" content=\"Voltride\" \/>\n<meta property=\"article:publisher\" content=\"https:\/\/www.facebook.com\/voltridecom\/\" \/>\n<meta property=\"article:modified_time\" content=\"2026-02-18T10:39:14+00:00\" \/>\n<meta property=\"og:image\" content=\"https:\/\/voltride.com\/wp-content\/uploads\/2025\/08\/voltride-share-image-general.jpg\" \/>\n\t<meta property=\"og:image:width\" content=\"1201\" \/>\n\t<meta property=\"og:image:height\" content=\"631\" \/>\n\t<meta property=\"og:image:type\" content=\"image\/jpeg\" \/>\n<meta name=\"twitter:card\" content=\"summary_large_image\" \/>\n<script type=\"application\/ld+json\" class=\"yoast-schema-graph\">{\"@context\":\"https:\\\/\\\/schema.org\",\"@graph\":[{\"@type\":\"WebPage\",\"@id\":\"https:\\\/\\\/voltride.com\\\/fi\\\/maksuvaihtoehdot\\\/\",\"url\":\"https:\\\/\\\/voltride.com\\\/fi\\\/maksuvaihtoehdot\\\/\",\"name\":\"Maksuvaihtoehdot | Voltride\",\"isPartOf\":{\"@id\":\"https:\\\/\\\/voltride.com\\\/fi\\\/#website\"},\"datePublished\":\"2026-01-30T10:00:54+00:00\",\"dateModified\":\"2026-02-18T10:39:14+00:00\",\"description\":\"Tutustu Voltriden turvallisiin ja joustaviin maksuvaihtoehtoihin, jotka tekev\u00e4t maksamisesta helppoa, nopeaa ja luotettavaa.\",\"breadcrumb\":{\"@id\":\"https:\\\/\\\/voltride.com\\\/fi\\\/maksuvaihtoehdot\\\/#breadcrumb\"},\"inLanguage\":\"fi\",\"potentialAction\":[{\"@type\":\"ReadAction\",\"target\":[\"https:\\\/\\\/voltride.com\\\/fi\\\/maksuvaihtoehdot\\\/\"]}]},{\"@type\":\"BreadcrumbList\",\"@id\":\"https:\\\/\\\/voltride.com\\\/fi\\\/maksuvaihtoehdot\\\/#breadcrumb\",\"itemListElement\":[{\"@type\":\"ListItem\",\"position\":1,\"name\":\"Etusivu\",\"item\":\"https:\\\/\\\/voltride.com\\\/fi\\\/\"},{\"@type\":\"ListItem\",\"position\":2,\"name\":\"Maksuvaihtoehdot\"}]},{\"@type\":\"WebSite\",\"@id\":\"https:\\\/\\\/voltride.com\\\/fi\\\/#website\",\"url\":\"https:\\\/\\\/voltride.com\\\/fi\\\/\",\"name\":\"Voltride\",\"description\":\"Parim elektrirataste elektrit\u00f5ukside ja \u00fcksrataste pood ja remont\",\"publisher\":{\"@id\":\"https:\\\/\\\/voltride.com\\\/fi\\\/#organization\"},\"alternateName\":\"Vr\",\"potentialAction\":[{\"@type\":\"SearchAction\",\"target\":{\"@type\":\"EntryPoint\",\"urlTemplate\":\"https:\\\/\\\/voltride.com\\\/fi\\\/?s={search_term_string}\"},\"query-input\":{\"@type\":\"PropertyValueSpecification\",\"valueRequired\":true,\"valueName\":\"search_term_string\"}}],\"inLanguage\":\"fi\"},{\"@type\":[\"Organization\",\"Place\"],\"@id\":\"https:\\\/\\\/voltride.com\\\/fi\\\/#organization\",\"name\":\"Voltride\",\"alternateName\":\"VR\",\"url\":\"https:\\\/\\\/voltride.com\\\/fi\\\/\",\"logo\":{\"@id\":\"https:\\\/\\\/voltride.com\\\/fi\\\/maksuvaihtoehdot\\\/#local-main-organization-logo\"},\"image\":{\"@id\":\"https:\\\/\\\/voltride.com\\\/fi\\\/maksuvaihtoehdot\\\/#local-main-organization-logo\"},\"sameAs\":[\"https:\\\/\\\/www.facebook.com\\\/voltridecom\\\/\"],\"legalName\":\"Voltride O\u00dc\",\"numberOfEmployees\":{\"@type\":\"QuantitativeValue\",\"minValue\":\"1\",\"maxValue\":\"10\"},\"ownershipFundingInfo\":\"https:\\\/\\\/voltride.com\\\/about-us\\\/\",\"hasMerchantReturnPolicy\":{\"@type\":\"MerchantReturnPolicy\",\"merchantReturnLink\":\"https:\\\/\\\/voltride.com\\\/shipping-and-returns\\\/\"},\"address\":{\"@id\":\"https:\\\/\\\/voltride.com\\\/fi\\\/maksuvaihtoehdot\\\/#local-main-place-address\"},\"geo\":{\"@type\":\"GeoCoordinates\",\"latitude\":\"59.439554\",\"longitude\":\"24.726644\"},\"telephone\":[\"+372 600 40 99\"],\"contactPoint\":{\"@type\":\"ContactPoint\",\"telephone\":\"+372 600 40 99\",\"email\":\"info@voltride.com\"},\"openingHoursSpecification\":[{\"@type\":\"OpeningHoursSpecification\",\"dayOfWeek\":[\"Monday\",\"Tuesday\",\"Wednesday\",\"Thursday\",\"Friday\"],\"opens\":\"10:00\",\"closes\":\"18:00\"},{\"@type\":\"OpeningHoursSpecification\",\"dayOfWeek\":[\"Saturday\",\"Sunday\"],\"opens\":\"00:00\",\"closes\":\"00:00\"}],\"email\":\"info@voltride.com\",\"taxID\":\"14871968\"},{\"@type\":\"PostalAddress\",\"@id\":\"https:\\\/\\\/voltride.com\\\/fi\\\/maksuvaihtoehdot\\\/#local-main-place-address\",\"streetAddress\":\"Voltride Telliskivi 57D\",\"addressLocality\":\"Tallinn\",\"postalCode\":\"10412\",\"addressRegion\":\"Tallinn\",\"addressCountry\":\"EE\"},{\"@type\":\"ImageObject\",\"inLanguage\":\"fi\",\"@id\":\"https:\\\/\\\/voltride.com\\\/fi\\\/maksuvaihtoehdot\\\/#local-main-organization-logo\",\"url\":\"https:\\\/\\\/voltride.com\\\/wp-content\\\/uploads\\\/voltride-logo.png\",\"contentUrl\":\"https:\\\/\\\/voltride.com\\\/wp-content\\\/uploads\\\/voltride-logo.png\",\"width\":2481,\"height\":620,\"caption\":\"Voltride\"}]}<\/script>\n<meta name=\"geo.placename\" content=\"Tallinn\" \/>\n<meta name=\"geo.position\" content=\"59.439554;24.726644\" \/>\n<meta name=\"geo.region\" content=\"Viro\" \/>\n<!-- \/ Yoast SEO Premium plugin. -->","yoast_head_json":{"title":"Maksuvaihtoehdot | Voltride","description":"Tutustu Voltriden turvallisiin ja joustaviin maksuvaihtoehtoihin, jotka tekev\u00e4t maksamisesta helppoa, nopeaa ja luotettavaa.","robots":{"index":"index","follow":"follow","max-snippet":"max-snippet:-1","max-image-preview":"max-image-preview:large","max-video-preview":"max-video-preview:-1"},"canonical":"https:\/\/voltride.com\/fi\/maksuvaihtoehdot\/","og_locale":"fi_FI","og_type":"article","og_title":"Maksuvaihtoehdot | Voltride","og_description":"Tutustu Voltriden turvallisiin ja joustaviin maksuvaihtoehtoihin, jotka tekev\u00e4t maksamisesta helppoa, nopeaa ja luotettavaa.","og_url":"https:\/\/voltride.com\/fi\/maksuvaihtoehdot\/","og_site_name":"Voltride","article_publisher":"https:\/\/www.facebook.com\/voltridecom\/","article_modified_time":"2026-02-18T10:39:14+00:00","og_image":[{"width":1201,"height":631,"url":"https:\/\/voltride.com\/wp-content\/uploads\/2025\/08\/voltride-share-image-general.jpg","type":"image\/jpeg"}],"twitter_card":"summary_large_image","schema":{"@context":"https:\/\/schema.org","@graph":[{"@type":"WebPage","@id":"https:\/\/voltride.com\/fi\/maksuvaihtoehdot\/","url":"https:\/\/voltride.com\/fi\/maksuvaihtoehdot\/","name":"Maksuvaihtoehdot | Voltride","isPartOf":{"@id":"https:\/\/voltride.com\/fi\/#website"},"datePublished":"2026-01-30T10:00:54+00:00","dateModified":"2026-02-18T10:39:14+00:00","description":"Tutustu Voltriden turvallisiin ja joustaviin maksuvaihtoehtoihin, jotka tekev\u00e4t maksamisesta helppoa, nopeaa ja luotettavaa.","breadcrumb":{"@id":"https:\/\/voltride.com\/fi\/maksuvaihtoehdot\/#breadcrumb"},"inLanguage":"fi","potentialAction":[{"@type":"ReadAction","target":["https:\/\/voltride.com\/fi\/maksuvaihtoehdot\/"]}]},{"@type":"BreadcrumbList","@id":"https:\/\/voltride.com\/fi\/maksuvaihtoehdot\/#breadcrumb","itemListElement":[{"@type":"ListItem","position":1,"name":"Etusivu","item":"https:\/\/voltride.com\/fi\/"},{"@type":"ListItem","position":2,"name":"Maksuvaihtoehdot"}]},{"@type":"WebSite","@id":"https:\/\/voltride.com\/fi\/#website","url":"https:\/\/voltride.com\/fi\/","name":"Voltride","description":"Parim elektrirataste elektrit\u00f5ukside ja \u00fcksrataste pood ja remont","publisher":{"@id":"https:\/\/voltride.com\/fi\/#organization"},"alternateName":"Vr","potentialAction":[{"@type":"SearchAction","target":{"@type":"EntryPoint","urlTemplate":"https:\/\/voltride.com\/fi\/?s={search_term_string}"},"query-input":{"@type":"PropertyValueSpecification","valueRequired":true,"valueName":"search_term_string"}}],"inLanguage":"fi"},{"@type":["Organization","Place"],"@id":"https:\/\/voltride.com\/fi\/#organization","name":"Voltride","alternateName":"VR","url":"https:\/\/voltride.com\/fi\/","logo":{"@id":"https:\/\/voltride.com\/fi\/maksuvaihtoehdot\/#local-main-organization-logo"},"image":{"@id":"https:\/\/voltride.com\/fi\/maksuvaihtoehdot\/#local-main-organization-logo"},"sameAs":["https:\/\/www.facebook.com\/voltridecom\/"],"legalName":"Voltride O\u00dc","numberOfEmployees":{"@type":"QuantitativeValue","minValue":"1","maxValue":"10"},"ownershipFundingInfo":"https:\/\/voltride.com\/about-us\/","hasMerchantReturnPolicy":{"@type":"MerchantReturnPolicy","merchantReturnLink":"https:\/\/voltride.com\/shipping-and-returns\/"},"address":{"@id":"https:\/\/voltride.com\/fi\/maksuvaihtoehdot\/#local-main-place-address"},"geo":{"@type":"GeoCoordinates","latitude":"59.439554","longitude":"24.726644"},"telephone":["+372 600 40 99"],"contactPoint":{"@type":"ContactPoint","telephone":"+372 600 40 99","email":"info@voltride.com"},"openingHoursSpecification":[{"@type":"OpeningHoursSpecification","dayOfWeek":["Monday","Tuesday","Wednesday","Thursday","Friday"],"opens":"10:00","closes":"18:00"},{"@type":"OpeningHoursSpecification","dayOfWeek":["Saturday","Sunday"],"opens":"00:00","closes":"00:00"}],"email":"info@voltride.com","taxID":"14871968"},{"@type":"PostalAddress","@id":"https:\/\/voltride.com\/fi\/maksuvaihtoehdot\/#local-main-place-address","streetAddress":"Voltride Telliskivi 57D","addressLocality":"Tallinn","postalCode":"10412","addressRegion":"Tallinn","addressCountry":"EE"},{"@type":"ImageObject","inLanguage":"fi","@id":"https:\/\/voltride.com\/fi\/maksuvaihtoehdot\/#local-main-organization-logo","url":"https:\/\/voltride.com\/wp-content\/uploads\/voltride-logo.png","contentUrl":"https:\/\/voltride.com\/wp-content\/uploads\/voltride-logo.png","width":2481,"height":620,"caption":"Voltride"}]},"geo.placename":"Tallinn","geo.position":{"lat":"59.439554","long":"24.726644"},"geo.region":"Viro"},"_links":{"self":[{"href":"https:\/\/voltride.com\/fi\/wp-json\/wp\/v2\/pages\/11762","targetHints":{"allow":["GET"]}}],"collection":[{"href":"https:\/\/voltride.com\/fi\/wp-json\/wp\/v2\/pages"}],"about":[{"href":"https:\/\/voltride.com\/fi\/wp-json\/wp\/v2\/types\/page"}],"author":[{"embeddable":true,"href":"https:\/\/voltride.com\/fi\/wp-json\/wp\/v2\/users\/4"}],"replies":[{"embeddable":true,"href":"https:\/\/voltride.com\/fi\/wp-json\/wp\/v2\/comments?post=11762"}],"version-history":[{"count":0,"href":"https:\/\/voltride.com\/fi\/wp-json\/wp\/v2\/pages\/11762\/revisions"}],"wp:attachment":[{"href":"https:\/\/voltride.com\/fi\/wp-json\/wp\/v2\/media?parent=11762"}],"curies":[{"name":"wp","href":"https:\/\/api.w.org\/{rel}","templated":true}]}}