{"id":12589,"date":"2025-02-05T22:58:55","date_gmt":"2025-02-05T20:58:55","guid":{"rendered":"https:\/\/voltride.com\/stigo\/"},"modified":"2026-03-31T23:23:02","modified_gmt":"2026-03-31T21:23:02","slug":"stigo","status":"publish","type":"product","link":"https:\/\/voltride.com\/fi\/stigo\/","title":{"rendered":"Stigo"},"content":{"rendered":"<div class=\"wpb-content-wrapper\"><p>[vc_row css=&#8221;.vc_custom_1738843193265{background-color: #0F3F36 !important;}&#8221; woodmart_css_id=&#8221;67a4a4339c25a&#8221; responsive_spacing=&#8221;eyJwYXJhbV90eXBlIjoid29vZG1hcnRfcmVzcG9uc2l2ZV9zcGFjaW5nIiwic2VsZWN0b3JfaWQiOiI2N2E0YTQzMzljMjVhIiwic2hvcnRjb2RlIjoidmNfcm93IiwiZGF0YSI6eyJ0YWJsZXQiOnt9LCJtb2JpbGUiOnt9fX0=&#8221; mobile_bg_img_hidden=&#8221;no&#8221; tablet_bg_img_hidden=&#8221;no&#8221; woodmart_parallax=&#8221;0&#8243; woodmart_gradient_switch=&#8221;no&#8221; woodmart_box_shadow=&#8221;no&#8221; wd_z_index=&#8221;no&#8221; woodmart_disable_overflow=&#8221;0&#8243; row_reverse_mobile=&#8221;0&#8243; row_reverse_tablet=&#8221;0&#8243; el_id=&#8221;p-description&#8221; el_class=&#8221;product-description&#8221;][vc_column][vc_row_inner equal_height=&#8221;yes&#8221; content_placement=&#8221;middle&#8221; gap=&#8221;30&#8243; responsive_tabs_advanced=&#8221;mobile&#8221; woodmart_css_id=&#8221;67a4a6d06188e&#8221; responsive_spacing=&#8221;eyJwYXJhbV90eXBlIjoid29vZG1hcnRfcmVzcG9uc2l2ZV9zcGFjaW5nIiwic2VsZWN0b3JfaWQiOiI2N2E0YTZkMDYxODhlIiwic2hvcnRjb2RlIjoidmNfcm93X2lubmVyIiwiZGF0YSI6eyJ0YWJsZXQiOnt9LCJtb2JpbGUiOnt9fX0=&#8221; mobile_bg_img_hidden=&#8221;no&#8221; tablet_bg_img_hidden=&#8221;no&#8221; woodmart_parallax=&#8221;0&#8243; woodmart_gradient_switch=&#8221;no&#8221; woodmart_box_shadow=&#8221;no&#8221; wd_z_index=&#8221;no&#8221; woodmart_disable_overflow=&#8221;0&#8243; row_reverse_mobile=&#8221;1&#8243; row_reverse_tablet=&#8221;0&#8243; el_class=&#8221;inside-dec-row&#8221;][vc_column_inner width=&#8221;1\/2&#8243;][vc_column_text css=&#8221;&#8221; woodmart_inline=&#8221;no&#8221; text_larger=&#8221;no&#8221;]<\/p>\n<h3>Liiku vapaasti<\/h3>\n<p>[\/vc_column_text][vc_column_text css=&#8221;&#8221; woodmart_inline=&#8221;no&#8221; text_larger=&#8221;no&#8221;]P\u00e4ivitt\u00e4isest\u00e4 ty\u00f6matkastasi tuli juuri j\u00e4nnitt\u00e4v\u00e4mpi. Stigo tekee kaupunkiliikkumisesta nopeaa, hauskaa ja p\u00e4\u00e4st\u00f6t\u00f6nt\u00e4. Liukuu sujuvasti ohi liikenteen, hypp\u00e4\u00e4 raitiovaunuun tai junaan ja saavu perille vaivatta.<\/p>\n<p>Jokainen Stigon osa on valmistettu tarkkuudella. Siistit linjat ja minimalistinen estetiikka sulautuvat ymp\u00e4rist\u00f6\u00f6n huomaamatta \u2013 suunniteltu k\u00e4\u00e4nt\u00e4m\u00e4\u00e4n katseet vaivatta.[\/vc_column_text][\/vc_column_inner][vc_column_inner width=&#8221;1\/2&#8243;][vc_single_image image=&#8221;12582&#8243; img_size=&#8221;full&#8221; alignment=&#8221;center&#8221; css=&#8221;&#8221; parallax_scroll=&#8221;no&#8221; woodmart_inline=&#8221;no&#8221;][\/vc_column_inner][\/vc_row_inner][vc_row_inner equal_height=&#8221;yes&#8221; content_placement=&#8221;middle&#8221; gap=&#8221;30&#8243; responsive_tabs_advanced=&#8221;mobile&#8221; woodmart_css_id=&#8221;67a4a91065422&#8243; responsive_spacing=&#8221;eyJwYXJhbV90eXBlIjoid29vZG1hcnRfcmVzcG9uc2l2ZV9zcGFjaW5nIiwic2VsZWN0b3JfaWQiOiI2N2E0YTkxMDY1NDIyIiwic2hvcnRjb2RlIjoidmNfcm93X2lubmVyIiwiZGF0YSI6eyJ0YWJsZXQiOnt9LCJtb2JpbGUiOnt9fX0=&#8221; mobile_bg_img_hidden=&#8221;no&#8221; tablet_bg_img_hidden=&#8221;no&#8221; woodmart_parallax=&#8221;0&#8243; woodmart_gradient_switch=&#8221;no&#8221; woodmart_box_shadow=&#8221;no&#8221; wd_z_index=&#8221;no&#8221; woodmart_disable_overflow=&#8221;0&#8243; row_reverse_mobile=&#8221;0&#8243; row_reverse_tablet=&#8221;0&#8243; el_class=&#8221;inside-dec-row&#8221;][vc_column_inner width=&#8221;1\/2&#8243;]\t\t<div class=\"wd-el-video wd-wpb wd-rs-67e3b9c0aa454 wd-action-overlay wd-video-youtube wd-with-aspect-ratio wd-lightbox\">\n\t\t\t\n\t\t\t\n\t\t\t\n\t\t\t\t\t\t\t<div class=\"wd-el-video-overlay wd-fill\">\n\t\t\t\t\t<img loading=\"lazy\" decoding=\"async\" width=\"1000\" height=\"615\" src=\"https:\/\/voltride.com\/wp-content\/uploads\/2025\/02\/electric-bike-stigo-video-1-thumbnail.png\" class=\"attachment- size-\" alt=\"Woman commuting on electric bike Stigo in city wearing business attire\" srcset=\"https:\/\/voltride.com\/wp-content\/uploads\/2025\/02\/electric-bike-stigo-video-1-thumbnail.png 1000w, https:\/\/voltride.com\/wp-content\/uploads\/2025\/02\/electric-bike-stigo-video-1-thumbnail-150x92.png 150w, https:\/\/voltride.com\/wp-content\/uploads\/2025\/02\/electric-bike-stigo-video-1-thumbnail-600x369.png 600w, https:\/\/voltride.com\/wp-content\/uploads\/2025\/02\/electric-bike-stigo-video-1-thumbnail-300x185.png 300w, https:\/\/voltride.com\/wp-content\/uploads\/2025\/02\/electric-bike-stigo-video-1-thumbnail-768x472.png 768w\" sizes=\"auto, (max-width: 1000px) 100vw, 1000px\" \/>\t\t\t\t<\/div>\n\t\t\t\t<div class=\"wd-el-video-control color-scheme-light wd-fill\">\n\t\t\t\t\t<span class=\"wd-el-video-play-btn\"><\/span>\n\t\t\t\t\t\t\t\t\t<\/div>\n\n\t\t\t\t<a class=\"wd-el-video-link wd-el-video-btn-overlay wd-fill wd-el-video-lightbox\" href=\"http:\/\/www.youtube.com\/watch?v=V6VXvjDCBXI\" aria-label=\"Toista video\"><\/a>\n\t\t\t\t\t<\/div>\n\t\t[\/vc_column_inner][vc_column_inner width=&#8221;1\/2&#8243;][vc_column_text css=&#8221;&#8221; woodmart_inline=&#8221;no&#8221; text_larger=&#8221;no&#8221;]<\/p>\n<h3>Mukavuutta liikkeess\u00e4<\/h3>\n<p>[\/vc_column_text][vc_column_text css=&#8221;&#8221; woodmart_inline=&#8221;no&#8221; text_larger=&#8221;no&#8221; el_class=&#8221;features-list&#8221;]Stigon ergonominen rakenne pit\u00e4\u00e4 kehon tasapainossa ja mukavana. Aja pidemp\u00e4\u00e4n ilman sel\u00e4n tai nivelten rasitusta.<\/p>\n<ul>\n<li>Korkea ohjaustanko rennolle ajoasennolle<\/li>\n<li>Tasapainoinen painonjako<\/li>\n<li>S-muotoinen selk\u00e4tuki<\/li>\n<li>Vaakasuora, kaareva istuin luonnolliseen istuma-asentoon<\/li>\n<\/ul>\n<p>[\/vc_column_text][\/vc_column_inner][\/vc_row_inner][vc_row_inner equal_height=&#8221;yes&#8221; content_placement=&#8221;middle&#8221; gap=&#8221;30&#8243; responsive_tabs_advanced=&#8221;mobile&#8221; woodmart_css_id=&#8221;67f39a2a8207b&#8221; responsive_spacing=&#8221;eyJwYXJhbV90eXBlIjoid29vZG1hcnRfcmVzcG9uc2l2ZV9zcGFjaW5nIiwic2VsZWN0b3JfaWQiOiI2N2YzOWEyYTgyMDdiIiwic2hvcnRjb2RlIjoidmNfcm93X2lubmVyIiwiZGF0YSI6eyJ0YWJsZXQiOnt9LCJtb2JpbGUiOnt9fX0=&#8221; mobile_bg_img_hidden=&#8221;no&#8221; tablet_bg_img_hidden=&#8221;no&#8221; woodmart_parallax=&#8221;0&#8243; woodmart_gradient_switch=&#8221;no&#8221; woodmart_box_shadow=&#8221;no&#8221; wd_z_index=&#8221;no&#8221; woodmart_disable_overflow=&#8221;0&#8243; row_reverse_mobile=&#8221;1&#8243; row_reverse_tablet=&#8221;0&#8243; el_class=&#8221;inside-dec-row&#8221;][vc_column_inner width=&#8221;1\/2&#8243;][vc_column_text css=&#8221;&#8221; woodmart_inline=&#8221;no&#8221; text_larger=&#8221;no&#8221;]<\/p>\n<h3>Taittuu 2 sekunnissa<\/h3>\n<p>[\/vc_column_text][vc_column_text css=&#8221;&#8221; woodmart_inline=&#8221;no&#8221; text_larger=&#8221;no&#8221; el_class=&#8221;features-list&#8221;]Stigo sulautuu vaivattomasti p\u00e4ivitt\u00e4iseen rutiiniisi. Ei vaihteita, ei opetteluk\u00e4yr\u00e4\u00e4. Kuka tahansa voi ajaa \u2013 jopa vilkkaassa liikenteess\u00e4.<\/p>\n<p>Stigo taittuu kompaktiin muotoon, jota voit rullata kuin k\u00e4simatkatavaraa. T\u00e4ydellinen hissiin, julkiseen liikenteeseen, autoon ja pieniin asuntoihin.[\/vc_column_text][\/vc_column_inner][vc_column_inner width=&#8221;1\/2&#8243;]\t\t<div class=\"wd-el-video wd-wpb wd-rs-67e3ba48430de wd-action-overlay wd-video-youtube wd-with-aspect-ratio wd-lightbox\">\n\t\t\t\n\t\t\t\n\t\t\t\n\t\t\t\t\t\t\t<div class=\"wd-el-video-overlay wd-fill\">\n\t\t\t\t\t<img loading=\"lazy\" decoding=\"async\" width=\"821\" height=\"498\" src=\"https:\/\/voltride.com\/wp-content\/uploads\/2025\/02\/electric-bike-stigo-video-2-thumbnail.png\" class=\"attachment- size-\" alt=\"Man carrying folded electric bike Stigo onto a sailboat at marina\" srcset=\"https:\/\/voltride.com\/wp-content\/uploads\/2025\/02\/electric-bike-stigo-video-2-thumbnail.png 821w, https:\/\/voltride.com\/wp-content\/uploads\/2025\/02\/electric-bike-stigo-video-2-thumbnail-150x91.png 150w, https:\/\/voltride.com\/wp-content\/uploads\/2025\/02\/electric-bike-stigo-video-2-thumbnail-600x364.png 600w, https:\/\/voltride.com\/wp-content\/uploads\/2025\/02\/electric-bike-stigo-video-2-thumbnail-300x182.png 300w, https:\/\/voltride.com\/wp-content\/uploads\/2025\/02\/electric-bike-stigo-video-2-thumbnail-768x466.png 768w\" sizes=\"auto, (max-width: 821px) 100vw, 821px\" \/>\t\t\t\t<\/div>\n\t\t\t\t<div class=\"wd-el-video-control color-scheme-light wd-fill\">\n\t\t\t\t\t<span class=\"wd-el-video-play-btn\"><\/span>\n\t\t\t\t\t\t\t\t\t<\/div>\n\n\t\t\t\t<a class=\"wd-el-video-link wd-el-video-btn-overlay wd-fill wd-el-video-lightbox\" href=\"http:\/\/www.youtube.com\/watch?v=fR19M94U_Io\" aria-label=\"Toista video\"><\/a>\n\t\t\t\t\t<\/div>\n\t\t[\/vc_column_inner][\/vc_row_inner][vc_row_inner el_class=&#8221;product-cta&#8221; woodmart_css_id=&#8221;67ad831e70f64&#8243; responsive_spacing=&#8221;eyJwYXJhbV90eXBlIjoid29vZG1hcnRfcmVzcG9uc2l2ZV9zcGFjaW5nIiwic2VsZWN0b3JfaWQiOiI2N2FkODMxZTcwZjY0Iiwic2hvcnRjb2RlIjoidmNfcm93X2lubmVyIiwiZGF0YSI6eyJ0YWJsZXQiOnt9LCJtb2JpbGUiOnt9fX0=&#8221; mobile_bg_img_hidden=&#8221;no&#8221; tablet_bg_img_hidden=&#8221;no&#8221; woodmart_parallax=&#8221;0&#8243; woodmart_gradient_switch=&#8221;no&#8221; woodmart_box_shadow=&#8221;no&#8221; wd_z_index=&#8221;no&#8221; woodmart_disable_overflow=&#8221;0&#8243; row_reverse_mobile=&#8221;0&#8243; row_reverse_tablet=&#8221;0&#8243;][vc_column_inner][vc_column_text css=&#8221;&#8221; el_class=&#8221;bigger-cta-heading&#8221; woodmart_inline=&#8221;no&#8221; text_larger=&#8221;no&#8221;]<\/p>\n<h4>Tilaa s\u00e4hk\u00f6py\u00f6r\u00e4 Stigo jo t\u00e4n\u00e4\u00e4n!<\/h4>\n<p>[\/vc_column_text][\/vc_column_inner][\/vc_row_inner][\/vc_column][\/vc_row]<\/p>\n<\/div>","protected":false},"excerpt":{"rendered":"<p>Pidetty <strong>nopeimpana<\/strong> taitettavana s\u00e4hk\u00f6py\u00f6r\u00e4n\u00e4, Stigo on suunniteltu Pohjoismaissa. Se yhdist\u00e4\u00e4 kompaktin kannettavuuden poikkeukselliseen mukavuuteen ja huolelliseen viimeistelyyn. Avaa se sekunneissa, kiihdyt\u00e4 ja j\u00e4t\u00e4 liikenne taaksesi. Aja, taita ja vie mukanasi minne tahansa.<\/p>\n","protected":false},"featured_media":12583,"comment_status":"closed","ping_status":"closed","template":"","meta":[],"product_brand":[687],"product_cat":[730],"product_tag":[],"class_list":{"0":"post-12589","1":"product","2":"type-product","3":"status-publish","4":"has-post-thumbnail","6":"product_brand-stigo","7":"product_cat-sahkopyorat","9":"first","10":"instock","11":"sale","12":"taxable","13":"shipping-taxable","14":"purchasable","15":"product-type-simple"},"yoast_head":"<!-- This site is optimized with the Yoast SEO Premium plugin v27.3 (Yoast SEO v27.4) - https:\/\/yoast.com\/product\/yoast-seo-premium-wordpress\/ -->\n<title>Stigo-s\u00e4hk\u00f6py\u00f6r\u00e4 \u2013 Eritt\u00e4in kompakti taitettava s\u00e4hk\u00f6py\u00f6r\u00e4 | Voltride<\/title>\n<meta name=\"description\" content=\"Stigo-s\u00e4hk\u00f6py\u00f6r\u00e4 \u2013 maailman nopein taitettava s\u00e4hk\u00f6ajoneuvo. Tyylik\u00e4s, kannettava ja t\u00e4ydellinen kaupunkiliikkumiseen. Toimintamatka jopa 40km, taittuu 2 sekunnissa.\" \/>\n<meta name=\"robots\" content=\"index, follow, max-snippet:-1, max-image-preview:large, max-video-preview:-1\" \/>\n<link rel=\"canonical\" href=\"https:\/\/voltride.com\/fi\/stigo\/\" \/>\n<meta property=\"og:locale\" content=\"fi_FI\" \/>\n<meta property=\"og:type\" content=\"article\" \/>\n<meta property=\"og:title\" content=\"S\u00e4hk\u00f6py\u00f6r\u00e4 Stigo | Voltride\" \/>\n<meta property=\"og:description\" content=\"Stigo-s\u00e4hk\u00f6py\u00f6r\u00e4 \u2013 maailman nopein taitettava s\u00e4hk\u00f6ajoneuvo. Tyylik\u00e4s, kannettava ja t\u00e4ydellinen kaupunkiliikkumiseen. Toimintamatka jopa 40km, taittuu 2 sekunnissa.\" \/>\n<meta property=\"og:url\" content=\"https:\/\/voltride.com\/fi\/stigo\/\" \/>\n<meta property=\"og:site_name\" content=\"Voltride\" \/>\n<meta property=\"article:publisher\" content=\"https:\/\/www.facebook.com\/voltridecom\/\" \/>\n<meta property=\"article:modified_time\" content=\"2026-03-31T21:23:02+00:00\" \/>\n<meta property=\"og:image\" content=\"https:\/\/voltride.com\/wp-content\/uploads\/2025\/02\/electric-bike-stigo-main-product-image.jpg\" \/>\n\t<meta property=\"og:image:width\" content=\"1200\" \/>\n\t<meta property=\"og:image:height\" content=\"1200\" \/>\n\t<meta property=\"og:image:type\" content=\"image\/jpeg\" \/>\n<meta name=\"twitter:card\" content=\"summary_large_image\" \/>\n<meta name=\"twitter:title\" content=\"Stigo | Voltride\" \/>\n<script type=\"application\/ld+json\" class=\"yoast-schema-graph\">{\"@context\":\"https:\\\/\\\/schema.org\",\"@graph\":[{\"@type\":\"WebPage\",\"@id\":\"https:\\\/\\\/voltride.com\\\/fi\\\/stigo\\\/\",\"url\":\"https:\\\/\\\/voltride.com\\\/fi\\\/stigo\\\/\",\"name\":\"Stigo-s\u00e4hk\u00f6py\u00f6r\u00e4 \u2013 Eritt\u00e4in kompakti taitettava s\u00e4hk\u00f6py\u00f6r\u00e4 | Voltride\",\"isPartOf\":{\"@id\":\"https:\\\/\\\/voltride.com\\\/fi\\\/#website\"},\"primaryImageOfPage\":{\"@id\":\"https:\\\/\\\/voltride.com\\\/fi\\\/stigo\\\/#primaryimage\"},\"image\":{\"@id\":\"https:\\\/\\\/voltride.com\\\/fi\\\/stigo\\\/#primaryimage\"},\"thumbnailUrl\":\"https:\\\/\\\/voltride.com\\\/wp-content\\\/uploads\\\/2025\\\/02\\\/electric-bike-stigo-main-product-image.jpg\",\"datePublished\":\"2025-02-05T20:58:55+00:00\",\"dateModified\":\"2026-03-31T21:23:02+00:00\",\"description\":\"Stigo-s\u00e4hk\u00f6py\u00f6r\u00e4 \u2013 maailman nopein taitettava s\u00e4hk\u00f6ajoneuvo. Tyylik\u00e4s, kannettava ja t\u00e4ydellinen kaupunkiliikkumiseen. Toimintamatka jopa 40km, taittuu 2 sekunnissa.\",\"breadcrumb\":{\"@id\":\"https:\\\/\\\/voltride.com\\\/fi\\\/stigo\\\/#breadcrumb\"},\"inLanguage\":\"fi\",\"potentialAction\":[{\"@type\":\"ReadAction\",\"target\":[\"https:\\\/\\\/voltride.com\\\/fi\\\/stigo\\\/\"]}]},{\"@type\":\"ImageObject\",\"inLanguage\":\"fi\",\"@id\":\"https:\\\/\\\/voltride.com\\\/fi\\\/stigo\\\/#primaryimage\",\"url\":\"https:\\\/\\\/voltride.com\\\/wp-content\\\/uploads\\\/2025\\\/02\\\/electric-bike-stigo-main-product-image.jpg\",\"contentUrl\":\"https:\\\/\\\/voltride.com\\\/wp-content\\\/uploads\\\/2025\\\/02\\\/electric-bike-stigo-main-product-image.jpg\",\"width\":1200,\"height\":1200,\"caption\":\"Stigo-s\u00e4hk\u00f6py\u00f6r\u00e4n tuotekuva, jossa n\u00e4kyy koko runko ja satula.\"},{\"@type\":\"BreadcrumbList\",\"@id\":\"https:\\\/\\\/voltride.com\\\/fi\\\/stigo\\\/#breadcrumb\",\"itemListElement\":[{\"@type\":\"ListItem\",\"position\":1,\"name\":\"Etusivu\",\"item\":\"https:\\\/\\\/voltride.com\\\/fi\\\/\"},{\"@type\":\"ListItem\",\"position\":2,\"name\":\"Kauppa\",\"item\":\"https:\\\/\\\/voltride.com\\\/shop\\\/\"},{\"@type\":\"ListItem\",\"position\":3,\"name\":\"S\u00e4hk\u00f6py\u00f6r\u00e4t\",\"item\":\"https:\\\/\\\/voltride.com\\\/fi\\\/sahkopyorat\\\/\"},{\"@type\":\"ListItem\",\"position\":4,\"name\":\"Stigo\"}]},{\"@type\":\"WebSite\",\"@id\":\"https:\\\/\\\/voltride.com\\\/fi\\\/#website\",\"url\":\"https:\\\/\\\/voltride.com\\\/fi\\\/\",\"name\":\"Voltride\",\"description\":\"Parim elektrirataste elektrit\u00f5ukside ja \u00fcksrataste pood ja remont\",\"publisher\":{\"@id\":\"https:\\\/\\\/voltride.com\\\/fi\\\/#organization\"},\"alternateName\":\"Vr\",\"potentialAction\":[{\"@type\":\"SearchAction\",\"target\":{\"@type\":\"EntryPoint\",\"urlTemplate\":\"https:\\\/\\\/voltride.com\\\/fi\\\/?s={search_term_string}\"},\"query-input\":{\"@type\":\"PropertyValueSpecification\",\"valueRequired\":true,\"valueName\":\"search_term_string\"}}],\"inLanguage\":\"fi\"},{\"@type\":[\"Organization\",\"Place\"],\"@id\":\"https:\\\/\\\/voltride.com\\\/fi\\\/#organization\",\"name\":\"Voltride\",\"alternateName\":\"VR\",\"url\":\"https:\\\/\\\/voltride.com\\\/fi\\\/\",\"logo\":{\"@id\":\"https:\\\/\\\/voltride.com\\\/fi\\\/stigo\\\/#local-main-organization-logo\"},\"image\":{\"@id\":\"https:\\\/\\\/voltride.com\\\/fi\\\/stigo\\\/#local-main-organization-logo\"},\"sameAs\":[\"https:\\\/\\\/www.facebook.com\\\/voltridecom\\\/\"],\"legalName\":\"Voltride O\u00dc\",\"numberOfEmployees\":{\"@type\":\"QuantitativeValue\",\"minValue\":\"1\",\"maxValue\":\"10\"},\"ownershipFundingInfo\":\"https:\\\/\\\/voltride.com\\\/about-us\\\/\",\"hasMerchantReturnPolicy\":{\"@type\":\"MerchantReturnPolicy\",\"merchantReturnLink\":\"https:\\\/\\\/voltride.com\\\/shipping-and-returns\\\/\"},\"address\":{\"@id\":\"https:\\\/\\\/voltride.com\\\/fi\\\/stigo\\\/#local-main-place-address\"},\"geo\":{\"@type\":\"GeoCoordinates\",\"latitude\":\"59.439554\",\"longitude\":\"24.726644\"},\"telephone\":[\"+372 600 40 99\"],\"contactPoint\":{\"@type\":\"ContactPoint\",\"telephone\":\"+372 600 40 99\",\"email\":\"info@voltride.com\"},\"openingHoursSpecification\":[{\"@type\":\"OpeningHoursSpecification\",\"dayOfWeek\":[\"Monday\",\"Tuesday\",\"Wednesday\",\"Thursday\",\"Friday\"],\"opens\":\"10:00\",\"closes\":\"18:00\"},{\"@type\":\"OpeningHoursSpecification\",\"dayOfWeek\":[\"Saturday\",\"Sunday\"],\"opens\":\"00:00\",\"closes\":\"00:00\"}],\"email\":\"info@voltride.com\",\"taxID\":\"14871968\"},{\"@type\":\"PostalAddress\",\"@id\":\"https:\\\/\\\/voltride.com\\\/fi\\\/stigo\\\/#local-main-place-address\",\"streetAddress\":\"Voltride Telliskivi 57D\",\"addressLocality\":\"Tallinn\",\"postalCode\":\"10412\",\"addressRegion\":\"Tallinn\",\"addressCountry\":\"EE\"},{\"@type\":\"ImageObject\",\"inLanguage\":\"fi\",\"@id\":\"https:\\\/\\\/voltride.com\\\/fi\\\/stigo\\\/#local-main-organization-logo\",\"url\":\"https:\\\/\\\/voltride.com\\\/wp-content\\\/uploads\\\/voltride-logo.png\",\"contentUrl\":\"https:\\\/\\\/voltride.com\\\/wp-content\\\/uploads\\\/voltride-logo.png\",\"width\":2481,\"height\":620,\"caption\":\"Voltride\"}]}<\/script>\n<meta property=\"product:brand\" content=\"Stigo\" \/>\n<meta property=\"product:price:amount\" content=\"699.99\" \/>\n<meta property=\"product:price:currency\" content=\"EUR\" \/>\n<meta property=\"og:availability\" content=\"instock\" \/>\n<meta property=\"product:availability\" content=\"instock\" \/>\n<meta property=\"product:retailer_item_id\" content=\"EBST200\" \/>\n<meta property=\"product:condition\" content=\"new\" \/>\n<meta name=\"geo.placename\" content=\"Tallinn\" \/>\n<meta name=\"geo.position\" content=\"59.439554;24.726644\" \/>\n<meta name=\"geo.region\" content=\"Viro\" \/>\n<!-- \/ Yoast SEO Premium plugin. -->","yoast_head_json":{"title":"Stigo-s\u00e4hk\u00f6py\u00f6r\u00e4 \u2013 Eritt\u00e4in kompakti taitettava s\u00e4hk\u00f6py\u00f6r\u00e4 | Voltride","description":"Stigo-s\u00e4hk\u00f6py\u00f6r\u00e4 \u2013 maailman nopein taitettava s\u00e4hk\u00f6ajoneuvo. Tyylik\u00e4s, kannettava ja t\u00e4ydellinen kaupunkiliikkumiseen. Toimintamatka jopa 40km, taittuu 2 sekunnissa.","robots":{"index":"index","follow":"follow","max-snippet":"max-snippet:-1","max-image-preview":"max-image-preview:large","max-video-preview":"max-video-preview:-1"},"canonical":"https:\/\/voltride.com\/fi\/stigo\/","og_locale":"fi_FI","og_type":"article","og_title":"S\u00e4hk\u00f6py\u00f6r\u00e4 Stigo | Voltride","og_description":"Stigo-s\u00e4hk\u00f6py\u00f6r\u00e4 \u2013 maailman nopein taitettava s\u00e4hk\u00f6ajoneuvo. Tyylik\u00e4s, kannettava ja t\u00e4ydellinen kaupunkiliikkumiseen. Toimintamatka jopa 40km, taittuu 2 sekunnissa.","og_url":"https:\/\/voltride.com\/fi\/stigo\/","og_site_name":"Voltride","article_publisher":"https:\/\/www.facebook.com\/voltridecom\/","article_modified_time":"2026-03-31T21:23:02+00:00","og_image":[{"width":1200,"height":1200,"url":"https:\/\/voltride.com\/wp-content\/uploads\/2025\/02\/electric-bike-stigo-main-product-image.jpg","type":"image\/jpeg"}],"twitter_card":"summary_large_image","twitter_title":"Stigo | Voltride","schema":{"@context":"https:\/\/schema.org","@graph":[{"@type":"WebPage","@id":"https:\/\/voltride.com\/fi\/stigo\/","url":"https:\/\/voltride.com\/fi\/stigo\/","name":"Stigo-s\u00e4hk\u00f6py\u00f6r\u00e4 \u2013 Eritt\u00e4in kompakti taitettava s\u00e4hk\u00f6py\u00f6r\u00e4 | Voltride","isPartOf":{"@id":"https:\/\/voltride.com\/fi\/#website"},"primaryImageOfPage":{"@id":"https:\/\/voltride.com\/fi\/stigo\/#primaryimage"},"image":{"@id":"https:\/\/voltride.com\/fi\/stigo\/#primaryimage"},"thumbnailUrl":"https:\/\/voltride.com\/wp-content\/uploads\/2025\/02\/electric-bike-stigo-main-product-image.jpg","datePublished":"2025-02-05T20:58:55+00:00","dateModified":"2026-03-31T21:23:02+00:00","description":"Stigo-s\u00e4hk\u00f6py\u00f6r\u00e4 \u2013 maailman nopein taitettava s\u00e4hk\u00f6ajoneuvo. Tyylik\u00e4s, kannettava ja t\u00e4ydellinen kaupunkiliikkumiseen. Toimintamatka jopa 40km, taittuu 2 sekunnissa.","breadcrumb":{"@id":"https:\/\/voltride.com\/fi\/stigo\/#breadcrumb"},"inLanguage":"fi","potentialAction":[{"@type":"ReadAction","target":["https:\/\/voltride.com\/fi\/stigo\/"]}]},{"@type":"ImageObject","inLanguage":"fi","@id":"https:\/\/voltride.com\/fi\/stigo\/#primaryimage","url":"https:\/\/voltride.com\/wp-content\/uploads\/2025\/02\/electric-bike-stigo-main-product-image.jpg","contentUrl":"https:\/\/voltride.com\/wp-content\/uploads\/2025\/02\/electric-bike-stigo-main-product-image.jpg","width":1200,"height":1200,"caption":"Stigo-s\u00e4hk\u00f6py\u00f6r\u00e4n tuotekuva, jossa n\u00e4kyy koko runko ja satula."},{"@type":"BreadcrumbList","@id":"https:\/\/voltride.com\/fi\/stigo\/#breadcrumb","itemListElement":[{"@type":"ListItem","position":1,"name":"Etusivu","item":"https:\/\/voltride.com\/fi\/"},{"@type":"ListItem","position":2,"name":"Kauppa","item":"https:\/\/voltride.com\/shop\/"},{"@type":"ListItem","position":3,"name":"S\u00e4hk\u00f6py\u00f6r\u00e4t","item":"https:\/\/voltride.com\/fi\/sahkopyorat\/"},{"@type":"ListItem","position":4,"name":"Stigo"}]},{"@type":"WebSite","@id":"https:\/\/voltride.com\/fi\/#website","url":"https:\/\/voltride.com\/fi\/","name":"Voltride","description":"Parim elektrirataste elektrit\u00f5ukside ja \u00fcksrataste pood ja remont","publisher":{"@id":"https:\/\/voltride.com\/fi\/#organization"},"alternateName":"Vr","potentialAction":[{"@type":"SearchAction","target":{"@type":"EntryPoint","urlTemplate":"https:\/\/voltride.com\/fi\/?s={search_term_string}"},"query-input":{"@type":"PropertyValueSpecification","valueRequired":true,"valueName":"search_term_string"}}],"inLanguage":"fi"},{"@type":["Organization","Place"],"@id":"https:\/\/voltride.com\/fi\/#organization","name":"Voltride","alternateName":"VR","url":"https:\/\/voltride.com\/fi\/","logo":{"@id":"https:\/\/voltride.com\/fi\/stigo\/#local-main-organization-logo"},"image":{"@id":"https:\/\/voltride.com\/fi\/stigo\/#local-main-organization-logo"},"sameAs":["https:\/\/www.facebook.com\/voltridecom\/"],"legalName":"Voltride O\u00dc","numberOfEmployees":{"@type":"QuantitativeValue","minValue":"1","maxValue":"10"},"ownershipFundingInfo":"https:\/\/voltride.com\/about-us\/","hasMerchantReturnPolicy":{"@type":"MerchantReturnPolicy","merchantReturnLink":"https:\/\/voltride.com\/shipping-and-returns\/"},"address":{"@id":"https:\/\/voltride.com\/fi\/stigo\/#local-main-place-address"},"geo":{"@type":"GeoCoordinates","latitude":"59.439554","longitude":"24.726644"},"telephone":["+372 600 40 99"],"contactPoint":{"@type":"ContactPoint","telephone":"+372 600 40 99","email":"info@voltride.com"},"openingHoursSpecification":[{"@type":"OpeningHoursSpecification","dayOfWeek":["Monday","Tuesday","Wednesday","Thursday","Friday"],"opens":"10:00","closes":"18:00"},{"@type":"OpeningHoursSpecification","dayOfWeek":["Saturday","Sunday"],"opens":"00:00","closes":"00:00"}],"email":"info@voltride.com","taxID":"14871968"},{"@type":"PostalAddress","@id":"https:\/\/voltride.com\/fi\/stigo\/#local-main-place-address","streetAddress":"Voltride Telliskivi 57D","addressLocality":"Tallinn","postalCode":"10412","addressRegion":"Tallinn","addressCountry":"EE"},{"@type":"ImageObject","inLanguage":"fi","@id":"https:\/\/voltride.com\/fi\/stigo\/#local-main-organization-logo","url":"https:\/\/voltride.com\/wp-content\/uploads\/voltride-logo.png","contentUrl":"https:\/\/voltride.com\/wp-content\/uploads\/voltride-logo.png","width":2481,"height":620,"caption":"Voltride"}]},"product_brand":"Stigo","product_price_amount":"699.99","product_price_currency":"EUR","og_availability":"instock","product_availability":"instock","product_retailer_item_id":"EBST200","product_condition":"new","geo.placename":"Tallinn","geo.position":{"lat":"59.439554","long":"24.726644"},"geo.region":"Viro"},"_links":{"self":[{"href":"https:\/\/voltride.com\/fi\/wp-json\/wp\/v2\/product\/12589","targetHints":{"allow":["GET"]}}],"collection":[{"href":"https:\/\/voltride.com\/fi\/wp-json\/wp\/v2\/product"}],"about":[{"href":"https:\/\/voltride.com\/fi\/wp-json\/wp\/v2\/types\/product"}],"replies":[{"embeddable":true,"href":"https:\/\/voltride.com\/fi\/wp-json\/wp\/v2\/comments?post=12589"}],"wp:featuredmedia":[{"embeddable":true,"href":"https:\/\/voltride.com\/fi\/wp-json\/wp\/v2\/media\/12583"}],"wp:attachment":[{"href":"https:\/\/voltride.com\/fi\/wp-json\/wp\/v2\/media?parent=12589"}],"wp:term":[{"taxonomy":"product_brand","embeddable":true,"href":"https:\/\/voltride.com\/fi\/wp-json\/wp\/v2\/product_brand?post=12589"},{"taxonomy":"product_cat","embeddable":true,"href":"https:\/\/voltride.com\/fi\/wp-json\/wp\/v2\/product_cat?post=12589"},{"taxonomy":"product_tag","embeddable":true,"href":"https:\/\/voltride.com\/fi\/wp-json\/wp\/v2\/product_tag?post=12589"}],"curies":[{"name":"wp","href":"https:\/\/api.w.org\/{rel}","templated":true}]}}