{"id":12709,"date":"2025-03-10T03:31:16","date_gmt":"2025-03-10T01:31:16","guid":{"rendered":"https:\/\/voltride.com\/tunturi-ehybrid-low-step-di2\/"},"modified":"2026-04-15T11:08:18","modified_gmt":"2026-04-15T09:08:18","slug":"tunturi-ehybrid-low-step-di2","status":"publish","type":"product","link":"https:\/\/voltride.com\/fi\/tunturi-ehybrid-low-step-di2\/","title":{"rendered":"Tunturi eHybrid 27.5&#8243; low-step DI2"},"content":{"rendered":"<div class=\"wpb-content-wrapper\"><p>[vc_row css=&#8221;.vc_custom_1738843193265{background-color: #0F3F36 !important;}&#8221; woodmart_css_id=&#8221;67a4a4339c25a&#8221; responsive_spacing=&#8221;eyJwYXJhbV90eXBlIjoid29vZG1hcnRfcmVzcG9uc2l2ZV9zcGFjaW5nIiwic2VsZWN0b3JfaWQiOiI2N2E0YTQzMzljMjVhIiwic2hvcnRjb2RlIjoidmNfcm93IiwiZGF0YSI6eyJ0YWJsZXQiOnt9LCJtb2JpbGUiOnt9fX0=&#8221; mobile_bg_img_hidden=&#8221;no&#8221; tablet_bg_img_hidden=&#8221;no&#8221; woodmart_parallax=&#8221;0&#8243; woodmart_gradient_switch=&#8221;no&#8221; woodmart_box_shadow=&#8221;no&#8221; wd_z_index=&#8221;no&#8221; woodmart_disable_overflow=&#8221;0&#8243; row_reverse_mobile=&#8221;0&#8243; row_reverse_tablet=&#8221;0&#8243; el_id=&#8221;p-description&#8221; el_class=&#8221;product-description&#8221;][vc_column][vc_row_inner equal_height=&#8221;yes&#8221; content_placement=&#8221;middle&#8221; gap=&#8221;30&#8243; responsive_tabs_advanced=&#8221;mobile&#8221; woodmart_css_id=&#8221;685bc2d3bbceb&#8221; responsive_spacing=&#8221;eyJwYXJhbV90eXBlIjoid29vZG1hcnRfcmVzcG9uc2l2ZV9zcGFjaW5nIiwic2VsZWN0b3JfaWQiOiI2ODViYzJkM2JiY2ViIiwic2hvcnRjb2RlIjoidmNfcm93X2lubmVyIiwiZGF0YSI6eyJ0YWJsZXQiOnt9LCJtb2JpbGUiOnt9fX0=&#8221; mobile_bg_img_hidden=&#8221;no&#8221; tablet_bg_img_hidden=&#8221;no&#8221; woodmart_parallax=&#8221;0&#8243; woodmart_gradient_switch=&#8221;no&#8221; woodmart_box_shadow=&#8221;no&#8221; wd_z_index=&#8221;no&#8221; woodmart_disable_overflow=&#8221;0&#8243; row_reverse_mobile=&#8221;0&#8243; row_reverse_tablet=&#8221;0&#8243; el_class=&#8221;first-row inside-dec-row&#8221;][vc_column_inner el_class=&#8221;left-text-product&#8221; width=&#8221;1\/2&#8243; woodmart_css_id=&#8221;67ad4841a2dd4&#8243; parallax_scroll=&#8221;no&#8221; woodmart_sticky_column=&#8221;false&#8221; wd_collapsible_content_switcher=&#8221;no&#8221; wd_column_role_offcanvas_desktop=&#8221;no&#8221; wd_column_role_offcanvas_tablet=&#8221;no&#8221; wd_column_role_offcanvas_mobile=&#8221;no&#8221; wd_column_role_content_desktop=&#8221;no&#8221; wd_column_role_content_tablet=&#8221;no&#8221; wd_column_role_content_mobile=&#8221;no&#8221; mobile_bg_img_hidden=&#8221;no&#8221; tablet_bg_img_hidden=&#8221;no&#8221; woodmart_parallax=&#8221;0&#8243; woodmart_box_shadow=&#8221;no&#8221; responsive_spacing=&#8221;eyJwYXJhbV90eXBlIjoid29vZG1hcnRfcmVzcG9uc2l2ZV9zcGFjaW5nIiwic2VsZWN0b3JfaWQiOiI2N2FkNDg0MWEyZGQ0Iiwic2hvcnRjb2RlIjoidmNfY29sdW1uX2lubmVyIiwiZGF0YSI6eyJ0YWJsZXQiOnt9LCJtb2JpbGUiOnt9fX0=&#8221; wd_z_index=&#8221;no&#8221;][vc_column_text css=&#8221;&#8221; woodmart_inline=&#8221;no&#8221; text_larger=&#8221;no&#8221;]<\/p>\n<h3>L\u00f6yd\u00e4 uusi tapa ty\u00f6matkoihin \u2013 vertaansa vailla olevaa tehokkuutta ja mukavuutta.<\/h3>\n<p>[\/vc_column_text][vc_column_text css=&#8221;&#8221; woodmart_inline=&#8221;no&#8221; text_larger=&#8221;no&#8221;]Koe s\u00e4hk\u00f6py\u00f6r\u00e4 Tunturi eHybrid Low-Step Di2:n teho.<\/p>\n<p>Sen Shimano STEPS -keskimoottori tarjoaa lis\u00e4voimaa polkemiseen m\u00e4iss\u00e4 ja vastatuulessa, kolmella avustustasolla: High, Normal ja Eco.<\/p>\n<p>Maaston mukaan voit kulkea yhdell\u00e4 latauksella 93\u2013185\u202fkm. Helppok\u00e4ytt\u00f6isest\u00e4 ohjaustangon n\u00e4yt\u00f6st\u00e4 voit valita haluamasi avustustason.[\/vc_column_text][\/vc_column_inner][vc_column_inner width=&#8221;1\/2&#8243;][vc_column_text css=&#8221;&#8221; woodmart_inline=&#8221;no&#8221; text_larger=&#8221;no&#8221;]Matala rungon muotoilu takaa turvallisen kyytiin nousun ja poistumisen. Mukavuuden vuoksi akun voi ladata py\u00f6r\u00e4ss\u00e4 tai ottaa mukaan.<\/p>\n<p>Automaattivaihteet, hydrauliset levyjarrut, integroidut valot, puhkeamattomat renkaat, summeri, seisontatuki ja pikakiinnitteinen tavarakori takaavat turvallisen ja miellytt\u00e4v\u00e4n ajokokemuksen.[\/vc_column_text][\/vc_column_inner][\/vc_row_inner][vc_row_inner el_class=&#8221;product-cta&#8221; woodmart_css_id=&#8221;67ad831e70f64&#8243; responsive_spacing=&#8221;eyJwYXJhbV90eXBlIjoid29vZG1hcnRfcmVzcG9uc2l2ZV9zcGFjaW5nIiwic2VsZWN0b3JfaWQiOiI2N2FkODMxZTcwZjY0Iiwic2hvcnRjb2RlIjoidmNfcm93X2lubmVyIiwiZGF0YSI6eyJ0YWJsZXQiOnt9LCJtb2JpbGUiOnt9fX0=&#8221; mobile_bg_img_hidden=&#8221;no&#8221; tablet_bg_img_hidden=&#8221;no&#8221; woodmart_parallax=&#8221;0&#8243; woodmart_gradient_switch=&#8221;no&#8221; woodmart_box_shadow=&#8221;no&#8221; wd_z_index=&#8221;no&#8221; woodmart_disable_overflow=&#8221;0&#8243; row_reverse_mobile=&#8221;0&#8243; row_reverse_tablet=&#8221;0&#8243;][vc_column_inner][vc_column_text css=&#8221;&#8221; el_class=&#8221;bigger-cta-heading&#8221; woodmart_inline=&#8221;no&#8221; text_larger=&#8221;no&#8221;]<\/p>\n<h4>Tilaa s\u00e4hk\u00f6py\u00f6r\u00e4 Tunturi eHybrid 27,5\u2033 Low-Step DI2 jo t\u00e4n\u00e4\u00e4n!<\/h4>\n<p>[\/vc_column_text][\/vc_column_inner][\/vc_row_inner][\/vc_column][\/vc_row]<\/p>\n<\/div>","protected":false},"excerpt":{"rendered":"<p>L\u00f6yd\u00e4 uusi tapa ty\u00f6matkoihin \u2013 vertaansa vailla olevaa tehokkuutta ja mukavuutta.<\/p>\n","protected":false},"featured_media":12708,"comment_status":"closed","ping_status":"closed","template":"","meta":[],"product_brand":[689],"product_cat":[730],"product_tag":[],"class_list":{"0":"post-12709","1":"product","2":"type-product","3":"status-publish","4":"has-post-thumbnail","6":"product_brand-tunturi","7":"product_cat-sahkopyorat","9":"first","10":"instock","11":"sale","12":"taxable","13":"shipping-taxable","14":"purchasable","15":"product-type-variable"},"yoast_head":"<!-- This site is optimized with the Yoast SEO Premium plugin v27.3 (Yoast SEO v27.4) - https:\/\/yoast.com\/product\/yoast-seo-premium-wordpress\/ -->\n<title>Tunturi eHybrid Low-Step Di2 \u2013 Automaattinen s\u00e4hk\u00f6py\u00f6r\u00e4 pitk\u00e4ll\u00e4 toimintamatkalla<\/title>\n<meta name=\"description\" content=\"Koe s\u00e4hk\u00f6py\u00f6r\u00e4 Tunturi eHybrid Low-Step Di2. Kulje jopa 185\u202fkm yhdell\u00e4 latauksella. Varustettu automaattivaihteilla, hydraulisilla levyjarruilla ja integroiduilla valoilla.\" \/>\n<meta name=\"robots\" content=\"index, follow, max-snippet:-1, max-image-preview:large, max-video-preview:-1\" \/>\n<link rel=\"canonical\" href=\"https:\/\/voltride.com\/fi\/tunturi-ehybrid-low-step-di2\/\" \/>\n<meta property=\"og:locale\" content=\"fi_FI\" \/>\n<meta property=\"og:type\" content=\"article\" \/>\n<meta property=\"og:title\" content=\"S\u00e4hk\u00f6py\u00f6r\u00e4 Tunturi eHybrid 27.5&quot; low-step DI2 - Voltride\" \/>\n<meta property=\"og:description\" content=\"Koe s\u00e4hk\u00f6py\u00f6r\u00e4 Tunturi eHybrid Low-Step Di2. Kulje jopa 185\u202fkm yhdell\u00e4 latauksella. Varustettu automaattivaihteilla, hydraulisilla levyjarruilla ja integroiduilla valoilla.\" \/>\n<meta property=\"og:url\" content=\"https:\/\/voltride.com\/fi\/tunturi-ehybrid-low-step-di2\/\" \/>\n<meta property=\"og:site_name\" content=\"Voltride\" \/>\n<meta property=\"article:publisher\" content=\"https:\/\/www.facebook.com\/voltridecom\/\" \/>\n<meta property=\"article:modified_time\" content=\"2026-04-15T09:08:18+00:00\" \/>\n<meta property=\"og:image\" content=\"https:\/\/voltride.com\/wp-content\/uploads\/2025\/03\/tunturi-ehybrid-275-low-step-di2.jpg\" \/>\n\t<meta property=\"og:image:width\" content=\"1200\" \/>\n\t<meta property=\"og:image:height\" content=\"1200\" \/>\n\t<meta property=\"og:image:type\" content=\"image\/jpeg\" \/>\n<meta name=\"twitter:card\" content=\"summary_large_image\" \/>\n<meta name=\"twitter:title\" content=\"Tunturi eHybrid 27.5&quot; low-step DI2 - Voltride\" \/>\n<script type=\"application\/ld+json\" class=\"yoast-schema-graph\">{\"@context\":\"https:\\\/\\\/schema.org\",\"@graph\":[{\"@type\":\"WebPage\",\"@id\":\"https:\\\/\\\/voltride.com\\\/fi\\\/tunturi-ehybrid-low-step-di2\\\/\",\"url\":\"https:\\\/\\\/voltride.com\\\/fi\\\/tunturi-ehybrid-low-step-di2\\\/\",\"name\":\"Tunturi eHybrid Low-Step Di2 \u2013 Automaattinen s\u00e4hk\u00f6py\u00f6r\u00e4 pitk\u00e4ll\u00e4 toimintamatkalla\",\"isPartOf\":{\"@id\":\"https:\\\/\\\/voltride.com\\\/fi\\\/#website\"},\"primaryImageOfPage\":{\"@id\":\"https:\\\/\\\/voltride.com\\\/fi\\\/tunturi-ehybrid-low-step-di2\\\/#primaryimage\"},\"image\":{\"@id\":\"https:\\\/\\\/voltride.com\\\/fi\\\/tunturi-ehybrid-low-step-di2\\\/#primaryimage\"},\"thumbnailUrl\":\"https:\\\/\\\/voltride.com\\\/wp-content\\\/uploads\\\/2025\\\/03\\\/tunturi-ehybrid-275-low-step-di2.jpg\",\"datePublished\":\"2025-03-10T01:31:16+00:00\",\"dateModified\":\"2026-04-15T09:08:18+00:00\",\"description\":\"Koe s\u00e4hk\u00f6py\u00f6r\u00e4 Tunturi eHybrid Low-Step Di2. Kulje jopa 185\u202fkm yhdell\u00e4 latauksella. Varustettu automaattivaihteilla, hydraulisilla levyjarruilla ja integroiduilla valoilla.\",\"breadcrumb\":{\"@id\":\"https:\\\/\\\/voltride.com\\\/fi\\\/tunturi-ehybrid-low-step-di2\\\/#breadcrumb\"},\"inLanguage\":\"fi\",\"potentialAction\":[{\"@type\":\"ReadAction\",\"target\":[\"https:\\\/\\\/voltride.com\\\/fi\\\/tunturi-ehybrid-low-step-di2\\\/\"]}]},{\"@type\":\"ImageObject\",\"inLanguage\":\"fi\",\"@id\":\"https:\\\/\\\/voltride.com\\\/fi\\\/tunturi-ehybrid-low-step-di2\\\/#primaryimage\",\"url\":\"https:\\\/\\\/voltride.com\\\/wp-content\\\/uploads\\\/2025\\\/03\\\/tunturi-ehybrid-275-low-step-di2.jpg\",\"contentUrl\":\"https:\\\/\\\/voltride.com\\\/wp-content\\\/uploads\\\/2025\\\/03\\\/tunturi-ehybrid-275-low-step-di2.jpg\",\"width\":1200,\"height\":1200,\"caption\":\"Tunturi eHybrid 27,5 Low-Step DI2 -s\u00e4hk\u00f6py\u00f6r\u00e4n sivun\u00e4kym\u00e4.\"},{\"@type\":\"BreadcrumbList\",\"@id\":\"https:\\\/\\\/voltride.com\\\/fi\\\/tunturi-ehybrid-low-step-di2\\\/#breadcrumb\",\"itemListElement\":[{\"@type\":\"ListItem\",\"position\":1,\"name\":\"Etusivu\",\"item\":\"https:\\\/\\\/voltride.com\\\/fi\\\/\"},{\"@type\":\"ListItem\",\"position\":2,\"name\":\"Kauppa\",\"item\":\"https:\\\/\\\/voltride.com\\\/shop\\\/\"},{\"@type\":\"ListItem\",\"position\":3,\"name\":\"S\u00e4hk\u00f6py\u00f6r\u00e4t\",\"item\":\"https:\\\/\\\/voltride.com\\\/fi\\\/sahkopyorat\\\/\"},{\"@type\":\"ListItem\",\"position\":4,\"name\":\"Tunturi eHybrid 27.5&#8243; low-step DI2\"}]},{\"@type\":\"WebSite\",\"@id\":\"https:\\\/\\\/voltride.com\\\/fi\\\/#website\",\"url\":\"https:\\\/\\\/voltride.com\\\/fi\\\/\",\"name\":\"Voltride\",\"description\":\"Parim elektrirataste elektrit\u00f5ukside ja \u00fcksrataste pood ja remont\",\"publisher\":{\"@id\":\"https:\\\/\\\/voltride.com\\\/fi\\\/#organization\"},\"alternateName\":\"Vr\",\"potentialAction\":[{\"@type\":\"SearchAction\",\"target\":{\"@type\":\"EntryPoint\",\"urlTemplate\":\"https:\\\/\\\/voltride.com\\\/fi\\\/?s={search_term_string}\"},\"query-input\":{\"@type\":\"PropertyValueSpecification\",\"valueRequired\":true,\"valueName\":\"search_term_string\"}}],\"inLanguage\":\"fi\"},{\"@type\":[\"Organization\",\"Place\"],\"@id\":\"https:\\\/\\\/voltride.com\\\/fi\\\/#organization\",\"name\":\"Voltride\",\"alternateName\":\"VR\",\"url\":\"https:\\\/\\\/voltride.com\\\/fi\\\/\",\"logo\":{\"@id\":\"https:\\\/\\\/voltride.com\\\/fi\\\/tunturi-ehybrid-low-step-di2\\\/#local-main-organization-logo\"},\"image\":{\"@id\":\"https:\\\/\\\/voltride.com\\\/fi\\\/tunturi-ehybrid-low-step-di2\\\/#local-main-organization-logo\"},\"sameAs\":[\"https:\\\/\\\/www.facebook.com\\\/voltridecom\\\/\"],\"legalName\":\"Voltride O\u00dc\",\"numberOfEmployees\":{\"@type\":\"QuantitativeValue\",\"minValue\":\"1\",\"maxValue\":\"10\"},\"ownershipFundingInfo\":\"https:\\\/\\\/voltride.com\\\/about-us\\\/\",\"hasMerchantReturnPolicy\":{\"@type\":\"MerchantReturnPolicy\",\"merchantReturnLink\":\"https:\\\/\\\/voltride.com\\\/shipping-and-returns\\\/\"},\"address\":{\"@id\":\"https:\\\/\\\/voltride.com\\\/fi\\\/tunturi-ehybrid-low-step-di2\\\/#local-main-place-address\"},\"geo\":{\"@type\":\"GeoCoordinates\",\"latitude\":\"59.439554\",\"longitude\":\"24.726644\"},\"telephone\":[\"+372 600 40 99\"],\"contactPoint\":{\"@type\":\"ContactPoint\",\"telephone\":\"+372 600 40 99\",\"email\":\"info@voltride.com\"},\"openingHoursSpecification\":[{\"@type\":\"OpeningHoursSpecification\",\"dayOfWeek\":[\"Monday\",\"Tuesday\",\"Wednesday\",\"Thursday\",\"Friday\"],\"opens\":\"10:00\",\"closes\":\"18:00\"},{\"@type\":\"OpeningHoursSpecification\",\"dayOfWeek\":[\"Saturday\",\"Sunday\"],\"opens\":\"00:00\",\"closes\":\"00:00\"}],\"email\":\"info@voltride.com\",\"taxID\":\"14871968\"},{\"@type\":\"PostalAddress\",\"@id\":\"https:\\\/\\\/voltride.com\\\/fi\\\/tunturi-ehybrid-low-step-di2\\\/#local-main-place-address\",\"streetAddress\":\"Voltride Telliskivi 57D\",\"addressLocality\":\"Tallinn\",\"postalCode\":\"10412\",\"addressRegion\":\"Tallinn\",\"addressCountry\":\"EE\"},{\"@type\":\"ImageObject\",\"inLanguage\":\"fi\",\"@id\":\"https:\\\/\\\/voltride.com\\\/fi\\\/tunturi-ehybrid-low-step-di2\\\/#local-main-organization-logo\",\"url\":\"https:\\\/\\\/voltride.com\\\/wp-content\\\/uploads\\\/voltride-logo.png\",\"contentUrl\":\"https:\\\/\\\/voltride.com\\\/wp-content\\\/uploads\\\/voltride-logo.png\",\"width\":2481,\"height\":620,\"caption\":\"Voltride\"}]}<\/script>\n<meta property=\"product:brand\" content=\"Tunturi\" \/>\n<meta property=\"og:availability\" content=\"instock\" \/>\n<meta property=\"product:availability\" content=\"instock\" \/>\n<meta property=\"product:retailer_item_id\" content=\"EBTU003\" \/>\n<meta property=\"product:condition\" content=\"new\" \/>\n<meta name=\"geo.placename\" content=\"Tallinn\" \/>\n<meta name=\"geo.position\" content=\"59.439554;24.726644\" \/>\n<meta name=\"geo.region\" content=\"Viro\" \/>\n<!-- \/ Yoast SEO Premium plugin. -->","yoast_head_json":{"title":"Tunturi eHybrid Low-Step Di2 \u2013 Automaattinen s\u00e4hk\u00f6py\u00f6r\u00e4 pitk\u00e4ll\u00e4 toimintamatkalla","description":"Koe s\u00e4hk\u00f6py\u00f6r\u00e4 Tunturi eHybrid Low-Step Di2. Kulje jopa 185\u202fkm yhdell\u00e4 latauksella. Varustettu automaattivaihteilla, hydraulisilla levyjarruilla ja integroiduilla valoilla.","robots":{"index":"index","follow":"follow","max-snippet":"max-snippet:-1","max-image-preview":"max-image-preview:large","max-video-preview":"max-video-preview:-1"},"canonical":"https:\/\/voltride.com\/fi\/tunturi-ehybrid-low-step-di2\/","og_locale":"fi_FI","og_type":"article","og_title":"S\u00e4hk\u00f6py\u00f6r\u00e4 Tunturi eHybrid 27.5\" low-step DI2 - Voltride","og_description":"Koe s\u00e4hk\u00f6py\u00f6r\u00e4 Tunturi eHybrid Low-Step Di2. Kulje jopa 185\u202fkm yhdell\u00e4 latauksella. Varustettu automaattivaihteilla, hydraulisilla levyjarruilla ja integroiduilla valoilla.","og_url":"https:\/\/voltride.com\/fi\/tunturi-ehybrid-low-step-di2\/","og_site_name":"Voltride","article_publisher":"https:\/\/www.facebook.com\/voltridecom\/","article_modified_time":"2026-04-15T09:08:18+00:00","og_image":[{"width":1200,"height":1200,"url":"https:\/\/voltride.com\/wp-content\/uploads\/2025\/03\/tunturi-ehybrid-275-low-step-di2.jpg","type":"image\/jpeg"}],"twitter_card":"summary_large_image","twitter_title":"Tunturi eHybrid 27.5\" low-step DI2 - Voltride","schema":{"@context":"https:\/\/schema.org","@graph":[{"@type":"WebPage","@id":"https:\/\/voltride.com\/fi\/tunturi-ehybrid-low-step-di2\/","url":"https:\/\/voltride.com\/fi\/tunturi-ehybrid-low-step-di2\/","name":"Tunturi eHybrid Low-Step Di2 \u2013 Automaattinen s\u00e4hk\u00f6py\u00f6r\u00e4 pitk\u00e4ll\u00e4 toimintamatkalla","isPartOf":{"@id":"https:\/\/voltride.com\/fi\/#website"},"primaryImageOfPage":{"@id":"https:\/\/voltride.com\/fi\/tunturi-ehybrid-low-step-di2\/#primaryimage"},"image":{"@id":"https:\/\/voltride.com\/fi\/tunturi-ehybrid-low-step-di2\/#primaryimage"},"thumbnailUrl":"https:\/\/voltride.com\/wp-content\/uploads\/2025\/03\/tunturi-ehybrid-275-low-step-di2.jpg","datePublished":"2025-03-10T01:31:16+00:00","dateModified":"2026-04-15T09:08:18+00:00","description":"Koe s\u00e4hk\u00f6py\u00f6r\u00e4 Tunturi eHybrid Low-Step Di2. Kulje jopa 185\u202fkm yhdell\u00e4 latauksella. Varustettu automaattivaihteilla, hydraulisilla levyjarruilla ja integroiduilla valoilla.","breadcrumb":{"@id":"https:\/\/voltride.com\/fi\/tunturi-ehybrid-low-step-di2\/#breadcrumb"},"inLanguage":"fi","potentialAction":[{"@type":"ReadAction","target":["https:\/\/voltride.com\/fi\/tunturi-ehybrid-low-step-di2\/"]}]},{"@type":"ImageObject","inLanguage":"fi","@id":"https:\/\/voltride.com\/fi\/tunturi-ehybrid-low-step-di2\/#primaryimage","url":"https:\/\/voltride.com\/wp-content\/uploads\/2025\/03\/tunturi-ehybrid-275-low-step-di2.jpg","contentUrl":"https:\/\/voltride.com\/wp-content\/uploads\/2025\/03\/tunturi-ehybrid-275-low-step-di2.jpg","width":1200,"height":1200,"caption":"Tunturi eHybrid 27,5 Low-Step DI2 -s\u00e4hk\u00f6py\u00f6r\u00e4n sivun\u00e4kym\u00e4."},{"@type":"BreadcrumbList","@id":"https:\/\/voltride.com\/fi\/tunturi-ehybrid-low-step-di2\/#breadcrumb","itemListElement":[{"@type":"ListItem","position":1,"name":"Etusivu","item":"https:\/\/voltride.com\/fi\/"},{"@type":"ListItem","position":2,"name":"Kauppa","item":"https:\/\/voltride.com\/shop\/"},{"@type":"ListItem","position":3,"name":"S\u00e4hk\u00f6py\u00f6r\u00e4t","item":"https:\/\/voltride.com\/fi\/sahkopyorat\/"},{"@type":"ListItem","position":4,"name":"Tunturi eHybrid 27.5&#8243; low-step DI2"}]},{"@type":"WebSite","@id":"https:\/\/voltride.com\/fi\/#website","url":"https:\/\/voltride.com\/fi\/","name":"Voltride","description":"Parim elektrirataste elektrit\u00f5ukside ja \u00fcksrataste pood ja remont","publisher":{"@id":"https:\/\/voltride.com\/fi\/#organization"},"alternateName":"Vr","potentialAction":[{"@type":"SearchAction","target":{"@type":"EntryPoint","urlTemplate":"https:\/\/voltride.com\/fi\/?s={search_term_string}"},"query-input":{"@type":"PropertyValueSpecification","valueRequired":true,"valueName":"search_term_string"}}],"inLanguage":"fi"},{"@type":["Organization","Place"],"@id":"https:\/\/voltride.com\/fi\/#organization","name":"Voltride","alternateName":"VR","url":"https:\/\/voltride.com\/fi\/","logo":{"@id":"https:\/\/voltride.com\/fi\/tunturi-ehybrid-low-step-di2\/#local-main-organization-logo"},"image":{"@id":"https:\/\/voltride.com\/fi\/tunturi-ehybrid-low-step-di2\/#local-main-organization-logo"},"sameAs":["https:\/\/www.facebook.com\/voltridecom\/"],"legalName":"Voltride O\u00dc","numberOfEmployees":{"@type":"QuantitativeValue","minValue":"1","maxValue":"10"},"ownershipFundingInfo":"https:\/\/voltride.com\/about-us\/","hasMerchantReturnPolicy":{"@type":"MerchantReturnPolicy","merchantReturnLink":"https:\/\/voltride.com\/shipping-and-returns\/"},"address":{"@id":"https:\/\/voltride.com\/fi\/tunturi-ehybrid-low-step-di2\/#local-main-place-address"},"geo":{"@type":"GeoCoordinates","latitude":"59.439554","longitude":"24.726644"},"telephone":["+372 600 40 99"],"contactPoint":{"@type":"ContactPoint","telephone":"+372 600 40 99","email":"info@voltride.com"},"openingHoursSpecification":[{"@type":"OpeningHoursSpecification","dayOfWeek":["Monday","Tuesday","Wednesday","Thursday","Friday"],"opens":"10:00","closes":"18:00"},{"@type":"OpeningHoursSpecification","dayOfWeek":["Saturday","Sunday"],"opens":"00:00","closes":"00:00"}],"email":"info@voltride.com","taxID":"14871968"},{"@type":"PostalAddress","@id":"https:\/\/voltride.com\/fi\/tunturi-ehybrid-low-step-di2\/#local-main-place-address","streetAddress":"Voltride Telliskivi 57D","addressLocality":"Tallinn","postalCode":"10412","addressRegion":"Tallinn","addressCountry":"EE"},{"@type":"ImageObject","inLanguage":"fi","@id":"https:\/\/voltride.com\/fi\/tunturi-ehybrid-low-step-di2\/#local-main-organization-logo","url":"https:\/\/voltride.com\/wp-content\/uploads\/voltride-logo.png","contentUrl":"https:\/\/voltride.com\/wp-content\/uploads\/voltride-logo.png","width":2481,"height":620,"caption":"Voltride"}]},"product_brand":"Tunturi","og_availability":"instock","product_availability":"instock","product_retailer_item_id":"EBTU003","product_condition":"new","geo.placename":"Tallinn","geo.position":{"lat":"59.439554","long":"24.726644"},"geo.region":"Viro"},"_links":{"self":[{"href":"https:\/\/voltride.com\/fi\/wp-json\/wp\/v2\/product\/12709","targetHints":{"allow":["GET"]}}],"collection":[{"href":"https:\/\/voltride.com\/fi\/wp-json\/wp\/v2\/product"}],"about":[{"href":"https:\/\/voltride.com\/fi\/wp-json\/wp\/v2\/types\/product"}],"replies":[{"embeddable":true,"href":"https:\/\/voltride.com\/fi\/wp-json\/wp\/v2\/comments?post=12709"}],"wp:featuredmedia":[{"embeddable":true,"href":"https:\/\/voltride.com\/fi\/wp-json\/wp\/v2\/media\/12708"}],"wp:attachment":[{"href":"https:\/\/voltride.com\/fi\/wp-json\/wp\/v2\/media?parent=12709"}],"wp:term":[{"taxonomy":"product_brand","embeddable":true,"href":"https:\/\/voltride.com\/fi\/wp-json\/wp\/v2\/product_brand?post=12709"},{"taxonomy":"product_cat","embeddable":true,"href":"https:\/\/voltride.com\/fi\/wp-json\/wp\/v2\/product_cat?post=12709"},{"taxonomy":"product_tag","embeddable":true,"href":"https:\/\/voltride.com\/fi\/wp-json\/wp\/v2\/product_tag?post=12709"}],"curies":[{"name":"wp","href":"https:\/\/api.w.org\/{rel}","templated":true}]}}