{"id":12967,"date":"2025-09-09T09:41:39","date_gmt":"2025-09-09T07:41:39","guid":{"rendered":"https:\/\/voltride.com\/begode-master\/"},"modified":"2026-03-31T23:23:12","modified_gmt":"2026-03-31T21:23:12","slug":"begode-master","status":"publish","type":"product","link":"https:\/\/voltride.com\/fi\/begode-master\/","title":{"rendered":"Begode Master"},"content":{"rendered":"<div class=\"wpb-content-wrapper\"><p>[vc_row css=&#8221;.vc_custom_1738843193265{background-color: #0F3F36 !important;}&#8221; woodmart_css_id=&#8221;67a4a4339c25a&#8221; responsive_spacing=&#8221;eyJwYXJhbV90eXBlIjoid29vZG1hcnRfcmVzcG9uc2l2ZV9zcGFjaW5nIiwic2VsZWN0b3JfaWQiOiI2N2E0YTQzMzljMjVhIiwic2hvcnRjb2RlIjoidmNfcm93IiwiZGF0YSI6eyJ0YWJsZXQiOnt9LCJtb2JpbGUiOnt9fX0=&#8221; mobile_bg_img_hidden=&#8221;no&#8221; tablet_bg_img_hidden=&#8221;no&#8221; woodmart_parallax=&#8221;0&#8243; woodmart_gradient_switch=&#8221;no&#8221; woodmart_box_shadow=&#8221;no&#8221; wd_z_index=&#8221;no&#8221; woodmart_disable_overflow=&#8221;0&#8243; row_reverse_mobile=&#8221;0&#8243; row_reverse_tablet=&#8221;0&#8243; el_id=&#8221;p-description&#8221; el_class=&#8221;product-description&#8221;][vc_column][vc_row_inner equal_height=&#8221;yes&#8221; content_placement=&#8221;middle&#8221; gap=&#8221;30&#8243; woodmart_css_id=&#8221;67ad1bf7ca313&#8243; responsive_spacing=&#8221;eyJwYXJhbV90eXBlIjoid29vZG1hcnRfcmVzcG9uc2l2ZV9zcGFjaW5nIiwic2VsZWN0b3JfaWQiOiI2N2FkMWJmN2NhMzEzIiwic2hvcnRjb2RlIjoidmNfcm93X2lubmVyIiwiZGF0YSI6eyJ0YWJsZXQiOnt9LCJtb2JpbGUiOnt9fX0=&#8221; mobile_bg_img_hidden=&#8221;no&#8221; tablet_bg_img_hidden=&#8221;no&#8221; woodmart_parallax=&#8221;0&#8243; woodmart_gradient_switch=&#8221;no&#8221; woodmart_box_shadow=&#8221;no&#8221; wd_z_index=&#8221;no&#8221; woodmart_disable_overflow=&#8221;0&#8243; row_reverse_mobile=&#8221;1&#8243; row_reverse_tablet=&#8221;0&#8243; el_class=&#8221;first-row inside-dec-row&#8221;][vc_column_inner el_class=&#8221;left-text-product&#8221; width=&#8221;1\/2&#8243; woodmart_css_id=&#8221;67bb19bd24fe5&#8243; parallax_scroll=&#8221;no&#8221; woodmart_sticky_column=&#8221;false&#8221; wd_collapsible_content_switcher=&#8221;no&#8221; wd_column_role_offcanvas_desktop=&#8221;no&#8221; wd_column_role_offcanvas_tablet=&#8221;no&#8221; wd_column_role_offcanvas_mobile=&#8221;no&#8221; wd_column_role_content_desktop=&#8221;no&#8221; wd_column_role_content_tablet=&#8221;no&#8221; wd_column_role_content_mobile=&#8221;no&#8221; mobile_bg_img_hidden=&#8221;no&#8221; tablet_bg_img_hidden=&#8221;no&#8221; woodmart_parallax=&#8221;0&#8243; woodmart_box_shadow=&#8221;no&#8221; responsive_spacing=&#8221;eyJwYXJhbV90eXBlIjoid29vZG1hcnRfcmVzcG9uc2l2ZV9zcGFjaW5nIiwic2VsZWN0b3JfaWQiOiI2N2JiMTliZDI0ZmU1Iiwic2hvcnRjb2RlIjoidmNfY29sdW1uX2lubmVyIiwiZGF0YSI6eyJ0YWJsZXQiOnt9LCJtb2JpbGUiOnt9fX0=&#8221; wd_z_index=&#8221;no&#8221;][vc_column_text css=&#8221;&#8221; woodmart_inline=&#8221;no&#8221; text_larger=&#8221;no&#8221;]<\/p>\n<h3>S\u00e4hk\u00f6yksipy\u00f6rien huippu<\/h3>\n<p>[\/vc_column_text][vc_column_text css=&#8221;&#8221; woodmart_inline=&#8221;no&#8221; text_larger=&#8221;no&#8221;]<strong>Begode Master<\/strong> pit\u00e4\u00e4 vakaasti paikkansa premium-valintana suorituskykyisten s\u00e4hk\u00f6yksipy\u00f6rien joukossa. Tehokas 2400Wh 134V akku tarjoaa huikean toimintas\u00e4teen 120\u2013180 kilometri\u00e4. Yhdistettyn\u00e4 edistykselliseen jousitusteknologiaan ja luokkansa parhaisiin turvaj\u00e4rjestelmiin, t\u00e4m\u00e4 tarjoaa aidosti vertaansa vailla olevan ajokokemuksen.[\/vc_column_text][\/vc_column_inner][vc_column_inner width=&#8221;1\/2&#8243;]\t\t<div class=\"wd-el-video wd-wpb wd-rs-6909efc0d7a66 wd-action-without wd-video-youtube\">\n\t\t\t\t\t\t\t<iframe src=\"https:\/\/www.youtube.com\/embed\/jNnZS-zkr44?feature=oembed&loop=0&mute=0&controls=1&autoplay=0\" allowfullscreen allow=\"accelerometer; autoplay; encrypted-media; gyroscope; picture-in-picture\" width=\"100%\" height=\"100%\" loading=\"lazy\" aria-label=\"Videosoitin\"><\/iframe>\t\t\t\n\t\t\t\n\t\t\t\n\t\t\t\t\t<\/div>\n\t\t[\/vc_column_inner][\/vc_row_inner][vc_row_inner equal_height=&#8221;yes&#8221; content_placement=&#8221;top&#8221; gap=&#8221;30&#8243; woodmart_css_id=&#8221;67ad1e7334786&#8243; responsive_spacing=&#8221;eyJwYXJhbV90eXBlIjoid29vZG1hcnRfcmVzcG9uc2l2ZV9zcGFjaW5nIiwic2VsZWN0b3JfaWQiOiI2N2FkMWU3MzM0Nzg2Iiwic2hvcnRjb2RlIjoidmNfcm93X2lubmVyIiwiZGF0YSI6eyJ0YWJsZXQiOnt9LCJtb2JpbGUiOnt9fX0=&#8221; mobile_bg_img_hidden=&#8221;no&#8221; tablet_bg_img_hidden=&#8221;no&#8221; woodmart_parallax=&#8221;0&#8243; woodmart_gradient_switch=&#8221;no&#8221; woodmart_box_shadow=&#8221;no&#8221; wd_z_index=&#8221;no&#8221; woodmart_disable_overflow=&#8221;0&#8243; row_reverse_mobile=&#8221;0&#8243; row_reverse_tablet=&#8221;0&#8243; el_class=&#8221;inside-dec-row&#8221;][vc_column_inner width=&#8221;1\/2&#8243;]\t\t<div class=\"wd-el-video wd-wpb wd-rs-6909efa941011 wd-action-without wd-video-youtube\">\n\t\t\t\t\t\t\t<iframe src=\"https:\/\/www.youtube.com\/embed\/J0a3Tgj2hAU?feature=oembed&loop=0&mute=0&controls=1&autoplay=0\" allowfullscreen allow=\"accelerometer; autoplay; encrypted-media; gyroscope; picture-in-picture\" width=\"100%\" height=\"100%\" loading=\"lazy\" aria-label=\"Videosoitin\"><\/iframe>\t\t\t\n\t\t\t\n\t\t\t\n\t\t\t\t\t<\/div>\n\t\t[\/vc_column_inner][vc_column_inner width=&#8221;1\/2&#8243;][vc_column_text css=&#8221;&#8221; woodmart_inline=&#8221;no&#8221; text_larger=&#8221;no&#8221;]<\/p>\n<h3>Vertailutonta moottoritehoa, akunkestoa ja toimintas\u00e4dett\u00e4<\/h3>\n<p>[\/vc_column_text][vc_column_text css=&#8221;&#8221; woodmart_inline=&#8221;no&#8221; text_larger=&#8221;no&#8221; el_class=&#8221;features-list&#8221;]Masterin rungon alla piilee tehomylly \u2013 High-Torque C38 -moottori. T\u00e4m\u00e4 vaikuttava moottori takaa nopean kiihtyvyyden ja hurjan huippunopeuden. Sen 134 Vn teho mahdollistaa vaivattomat nousut jopa 40 asteen rinteiss\u00e4 sek\u00e4 kunnioitettavan kantavuuden jopa 120 kg asti.<\/p>\n<p>Master on kest\u00e4vyydens\u00e4 ja toimintas\u00e4teen esikuva. T\u00e4m\u00e4 s\u00e4hk\u00f6mono ei tarjoa pelk\u00e4st\u00e4\u00e4n raakaa voimaa, vaan my\u00f6s tasaisesti yll\u00e4pidetty\u00e4 tehoa. Olipa kyseess\u00e4 p\u00e4ivitt\u00e4inen kaupunkimatka tai pitk\u00e4 maastoseikkailu, Master lupaa luotettavan suorituskyvyn.[\/vc_column_text][\/vc_column_inner][\/vc_row_inner][vc_row_inner equal_height=&#8221;yes&#8221; content_placement=&#8221;top&#8221; gap=&#8221;30&#8243; responsive_tabs_advanced=&#8221;mobile&#8221; woodmart_css_id=&#8221;67f39ade417c3&#8243; responsive_spacing=&#8221;eyJwYXJhbV90eXBlIjoid29vZG1hcnRfcmVzcG9uc2l2ZV9zcGFjaW5nIiwic2VsZWN0b3JfaWQiOiI2N2YzOWFkZTQxN2MzIiwic2hvcnRjb2RlIjoidmNfcm93X2lubmVyIiwiZGF0YSI6eyJ0YWJsZXQiOnt9LCJtb2JpbGUiOnt9fX0=&#8221; mobile_bg_img_hidden=&#8221;no&#8221; tablet_bg_img_hidden=&#8221;no&#8221; woodmart_parallax=&#8221;0&#8243; woodmart_gradient_switch=&#8221;no&#8221; woodmart_box_shadow=&#8221;no&#8221; wd_z_index=&#8221;no&#8221; woodmart_disable_overflow=&#8221;0&#8243; row_reverse_mobile=&#8221;1&#8243; row_reverse_tablet=&#8221;0&#8243; el_class=&#8221;inside-dec-row&#8221;][vc_column_inner width=&#8221;1\/2&#8243;][vc_column_text css=&#8221;&#8221; woodmart_inline=&#8221;no&#8221; text_larger=&#8221;no&#8221;]<\/p>\n<h3>Huipputason jousitusdynamiikka<\/h3>\n<p>[\/vc_column_text][vc_column_text css=&#8221;&#8221; woodmart_inline=&#8221;no&#8221; text_larger=&#8221;no&#8221; el_class=&#8221;features-list&#8221;]Masterin ajokokemus on vertaansa vailla. Sen 180mm jousitusmatka tekee siit\u00e4 yhden mukavimmista s\u00e4hk\u00f6monoista markkinoilla. Tarkasti suunniteltu jousitus v\u00e4hent\u00e4\u00e4 ep\u00e4tasaisuuksista ja t\u00e4rin\u00e4st\u00e4 aiheutuvia h\u00e4iri\u00f6it\u00e4. S\u00e4\u00e4dett\u00e4v\u00e4n vaimennuksen ansiosta ajajat voivat nauttia paremmasta mukavuudesta, tarkasta ohjattavuudesta ja vakaasta ajotuntumasta.[\/vc_column_text][\/vc_column_inner][vc_column_inner width=&#8221;1\/2&#8243;]\t\t<div class=\"wd-el-video wd-wpb wd-rs-6909e7bf85605 wd-action-without wd-video-youtube\">\n\t\t\t\t\t\t\t<iframe src=\"https:\/\/www.youtube.com\/embed\/QPhUFYykLBw?feature=oembed&loop=0&mute=0&controls=1&autoplay=0\" allowfullscreen allow=\"accelerometer; autoplay; encrypted-media; gyroscope; picture-in-picture\" width=\"100%\" height=\"100%\" loading=\"lazy\" aria-label=\"Videosoitin\"><\/iframe>\t\t\t\n\t\t\t\n\t\t\t\n\t\t\t\t\t<\/div>\n\t\t[\/vc_column_inner][\/vc_row_inner][vc_row_inner equal_height=&#8221;yes&#8221; content_placement=&#8221;top&#8221; gap=&#8221;30&#8243; responsive_tabs_advanced=&#8221;mobile&#8221; woodmart_css_id=&#8221;67f39ade417c3&#8243; responsive_spacing=&#8221;eyJwYXJhbV90eXBlIjoid29vZG1hcnRfcmVzcG9uc2l2ZV9zcGFjaW5nIiwic2VsZWN0b3JfaWQiOiI2N2YzOWFkZTQxN2MzIiwic2hvcnRjb2RlIjoidmNfcm93X2lubmVyIiwiZGF0YSI6eyJ0YWJsZXQiOnt9LCJtb2JpbGUiOnt9fX0=&#8221; mobile_bg_img_hidden=&#8221;no&#8221; tablet_bg_img_hidden=&#8221;no&#8221; woodmart_parallax=&#8221;0&#8243; woodmart_gradient_switch=&#8221;no&#8221; woodmart_box_shadow=&#8221;no&#8221; wd_z_index=&#8221;no&#8221; woodmart_disable_overflow=&#8221;0&#8243; row_reverse_mobile=&#8221;1&#8243; row_reverse_tablet=&#8221;0&#8243; el_class=&#8221;inside-dec-row&#8221;][vc_column_inner width=&#8221;1\/2&#8243;]\t\t<div class=\"wd-el-video wd-wpb wd-rs-6909f1f55d34e wd-action-without wd-video-youtube\">\n\t\t\t\t\t\t\t<iframe src=\"https:\/\/www.youtube.com\/embed\/YbKUyanovdU?feature=oembed&loop=0&mute=0&controls=1&autoplay=0\" allowfullscreen allow=\"accelerometer; autoplay; encrypted-media; gyroscope; picture-in-picture\" width=\"100%\" height=\"100%\" loading=\"lazy\" aria-label=\"Videosoitin\"><\/iframe>\t\t\t\n\t\t\t\n\t\t\t\n\t\t\t\t\t<\/div>\n\t\t[\/vc_column_inner][vc_column_inner width=&#8221;1\/2&#8243;][vc_column_text css=&#8221;&#8221; woodmart_inline=&#8221;no&#8221; text_larger=&#8221;no&#8221;]<\/p>\n<h3>Design, joka vangitsee katseet<\/h3>\n<p>[\/vc_column_text][vc_column_text css=&#8221;&#8221; woodmart_inline=&#8221;no&#8221; text_larger=&#8221;no&#8221; el_class=&#8221;features-list&#8221;]Master on visuaalisesti upea. Sen futuristinen ja rohkea design tekee siit\u00e4 enemm\u00e4n kuin tavallisen yksipy\u00f6r\u00e4isen \u2013 se on todellinen tyylilausahdus. Sen itsevarma siluetti huokuu hienostuneisuutta, tehden ajajasta huomion keskipisteen.<br \/>\nBegode ei ole s\u00e4\u00e4stellyt materiaaleissa tai rakenteessa. Kest\u00e4vyys ja eleganssi yhdistyv\u00e4t huippuluokan, edistyksellisiin materiaaleihin, luoden koneen, joka on yht\u00e4 vankka kuin tyylik\u00e4s.[\/vc_column_text][\/vc_column_inner][\/vc_row_inner][vc_empty_space height=&#8221;2vw&#8221; woodmart_hide_large=&#8221;0&#8243; woodmart_hide_medium=&#8221;0&#8243; woodmart_hide_small=&#8221;0&#8243;][vc_row_inner el_class=&#8221;product-cta&#8221; woodmart_css_id=&#8221;67ad831e70f64&#8243; responsive_spacing=&#8221;eyJwYXJhbV90eXBlIjoid29vZG1hcnRfcmVzcG9uc2l2ZV9zcGFjaW5nIiwic2VsZWN0b3JfaWQiOiI2N2FkODMxZTcwZjY0Iiwic2hvcnRjb2RlIjoidmNfcm93X2lubmVyIiwiZGF0YSI6eyJ0YWJsZXQiOnt9LCJtb2JpbGUiOnt9fX0=&#8221; mobile_bg_img_hidden=&#8221;no&#8221; tablet_bg_img_hidden=&#8221;no&#8221; woodmart_parallax=&#8221;0&#8243; woodmart_gradient_switch=&#8221;no&#8221; woodmart_box_shadow=&#8221;no&#8221; wd_z_index=&#8221;no&#8221; woodmart_disable_overflow=&#8221;0&#8243; row_reverse_mobile=&#8221;0&#8243; row_reverse_tablet=&#8221;0&#8243;][vc_column_inner][vc_column_text css=&#8221;&#8221; el_class=&#8221;bigger-cta-heading&#8221; woodmart_inline=&#8221;no&#8221; text_larger=&#8221;no&#8221;]<\/p>\n<h4>Tilaa Begode Master -s\u00e4hk\u00f6mono jo t\u00e4n\u00e4\u00e4n!<\/h4>\n<p>[\/vc_column_text][\/vc_column_inner][\/vc_row_inner][\/vc_column][\/vc_row]<\/p>\n<\/div>","protected":false},"excerpt":{"rendered":"<p><strong>Begode Master<\/strong> on suorituskykyinen s\u00e4hk\u00f6mono, suunniteltu ajajille, jotka haluavat maksimaalista voimaa, nopeutta ja reagointikyky\u00e4. Tehokas moottori, s\u00e4\u00e4dett\u00e4v\u00e4 jousitus ja kevyt runko luovat ketter\u00e4n mutta hallitun ajokokemuksen niin kaupunkiajoon kuin maastoonkin. Vahva kiihtyvyys ja suuri akku pitkille matkoille tekev\u00e4t Masterista yhden Begoden dynaamisimmista suorituskykyisist\u00e4 yksipy\u00f6r\u00e4isist\u00e4.<\/p>\n","protected":false},"featured_media":12948,"comment_status":"closed","ping_status":"closed","template":"","meta":[],"product_brand":[657],"product_cat":[651],"product_tag":[],"class_list":{"0":"post-12967","1":"product","2":"type-product","3":"status-publish","4":"has-post-thumbnail","6":"product_brand-begode","7":"product_cat-sahkoiset-yksipyoraiset","9":"first","10":"instock","11":"sale","12":"taxable","13":"shipping-taxable","14":"purchasable","15":"product-type-simple"},"yoast_head":"<!-- This site is optimized with the Yoast SEO Premium plugin v27.3 (Yoast SEO v27.4) - https:\/\/yoast.com\/product\/yoast-seo-premium-wordpress\/ -->\n<title>Begode Master \u2013 Suorituskykyinen s\u00e4hk\u00f6mono jousituksella | Voltride<\/title>\n<meta name=\"description\" content=\"Begode Master on suorituskykyinen s\u00e4hk\u00f6mono, jossa on tehokas kiihtyvyys, s\u00e4\u00e4dett\u00e4v\u00e4 jousitus ja pitk\u00e4 toimintas\u00e4de. Suunniteltu nopeaan kaupunki- ja maastoajoon.\" \/>\n<meta name=\"robots\" content=\"index, follow, max-snippet:-1, max-image-preview:large, max-video-preview:-1\" \/>\n<link rel=\"canonical\" href=\"https:\/\/voltride.com\/fi\/begode-master\/\" \/>\n<meta property=\"og:locale\" content=\"fi_FI\" \/>\n<meta property=\"og:type\" content=\"article\" \/>\n<meta property=\"og:title\" content=\"Begode Master | Voltride\" \/>\n<meta property=\"og:description\" content=\"Begode Master on suorituskykyinen s\u00e4hk\u00f6mono, jossa on tehokas kiihtyvyys, s\u00e4\u00e4dett\u00e4v\u00e4 jousitus ja pitk\u00e4 toimintas\u00e4de. Suunniteltu nopeaan kaupunki- ja maastoajoon.\" \/>\n<meta property=\"og:url\" content=\"https:\/\/voltride.com\/fi\/begode-master\/\" \/>\n<meta property=\"og:site_name\" content=\"Voltride\" \/>\n<meta property=\"article:publisher\" content=\"https:\/\/www.facebook.com\/voltridecom\/\" \/>\n<meta property=\"article:modified_time\" content=\"2026-03-31T21:23:12+00:00\" \/>\n<meta property=\"og:image\" content=\"https:\/\/voltride.com\/wp-content\/uploads\/2025\/05\/begode-master-front-angle.gif\" \/>\n\t<meta property=\"og:image:width\" content=\"1200\" \/>\n\t<meta property=\"og:image:height\" content=\"1200\" \/>\n\t<meta property=\"og:image:type\" content=\"image\/gif\" \/>\n<meta name=\"twitter:card\" content=\"summary_large_image\" \/>\n<script type=\"application\/ld+json\" class=\"yoast-schema-graph\">{\"@context\":\"https:\\\/\\\/schema.org\",\"@graph\":[{\"@type\":\"WebPage\",\"@id\":\"https:\\\/\\\/voltride.com\\\/fi\\\/begode-master\\\/\",\"url\":\"https:\\\/\\\/voltride.com\\\/fi\\\/begode-master\\\/\",\"name\":\"Begode Master \u2013 Suorituskykyinen s\u00e4hk\u00f6mono jousituksella | Voltride\",\"isPartOf\":{\"@id\":\"https:\\\/\\\/voltride.com\\\/fi\\\/#website\"},\"primaryImageOfPage\":{\"@id\":\"https:\\\/\\\/voltride.com\\\/fi\\\/begode-master\\\/#primaryimage\"},\"image\":{\"@id\":\"https:\\\/\\\/voltride.com\\\/fi\\\/begode-master\\\/#primaryimage\"},\"thumbnailUrl\":\"https:\\\/\\\/voltride.com\\\/wp-content\\\/uploads\\\/2025\\\/05\\\/begode-master-front-angle.gif\",\"datePublished\":\"2025-09-09T07:41:39+00:00\",\"dateModified\":\"2026-03-31T21:23:12+00:00\",\"description\":\"Begode Master on suorituskykyinen s\u00e4hk\u00f6mono, jossa on tehokas kiihtyvyys, s\u00e4\u00e4dett\u00e4v\u00e4 jousitus ja pitk\u00e4 toimintas\u00e4de. Suunniteltu nopeaan kaupunki- ja maastoajoon.\",\"breadcrumb\":{\"@id\":\"https:\\\/\\\/voltride.com\\\/fi\\\/begode-master\\\/#breadcrumb\"},\"inLanguage\":\"fi\",\"potentialAction\":[{\"@type\":\"ReadAction\",\"target\":[\"https:\\\/\\\/voltride.com\\\/fi\\\/begode-master\\\/\"]}]},{\"@type\":\"ImageObject\",\"inLanguage\":\"fi\",\"@id\":\"https:\\\/\\\/voltride.com\\\/fi\\\/begode-master\\\/#primaryimage\",\"url\":\"https:\\\/\\\/voltride.com\\\/wp-content\\\/uploads\\\/2025\\\/05\\\/begode-master-front-angle.gif\",\"contentUrl\":\"https:\\\/\\\/voltride.com\\\/wp-content\\\/uploads\\\/2025\\\/05\\\/begode-master-front-angle.gif\",\"width\":1200,\"height\":1200,\"caption\":\"Gotway Begode Master -s\u00e4hk\u00f6monon etukulman n\u00e4kym\u00e4\"},{\"@type\":\"BreadcrumbList\",\"@id\":\"https:\\\/\\\/voltride.com\\\/fi\\\/begode-master\\\/#breadcrumb\",\"itemListElement\":[{\"@type\":\"ListItem\",\"position\":1,\"name\":\"Etusivu\",\"item\":\"https:\\\/\\\/voltride.com\\\/fi\\\/\"},{\"@type\":\"ListItem\",\"position\":2,\"name\":\"Kauppa\",\"item\":\"https:\\\/\\\/voltride.com\\\/shop\\\/\"},{\"@type\":\"ListItem\",\"position\":3,\"name\":\"S\u00e4hk\u00f6iset Yksipy\u00f6r\u00e4iset\",\"item\":\"https:\\\/\\\/voltride.com\\\/fi\\\/sahkoiset-yksipyoraiset\\\/\"},{\"@type\":\"ListItem\",\"position\":4,\"name\":\"Begode Master\"}]},{\"@type\":\"WebSite\",\"@id\":\"https:\\\/\\\/voltride.com\\\/fi\\\/#website\",\"url\":\"https:\\\/\\\/voltride.com\\\/fi\\\/\",\"name\":\"Voltride\",\"description\":\"Parim elektrirataste elektrit\u00f5ukside ja \u00fcksrataste pood ja remont\",\"publisher\":{\"@id\":\"https:\\\/\\\/voltride.com\\\/fi\\\/#organization\"},\"alternateName\":\"Vr\",\"potentialAction\":[{\"@type\":\"SearchAction\",\"target\":{\"@type\":\"EntryPoint\",\"urlTemplate\":\"https:\\\/\\\/voltride.com\\\/fi\\\/?s={search_term_string}\"},\"query-input\":{\"@type\":\"PropertyValueSpecification\",\"valueRequired\":true,\"valueName\":\"search_term_string\"}}],\"inLanguage\":\"fi\"},{\"@type\":[\"Organization\",\"Place\"],\"@id\":\"https:\\\/\\\/voltride.com\\\/fi\\\/#organization\",\"name\":\"Voltride\",\"alternateName\":\"VR\",\"url\":\"https:\\\/\\\/voltride.com\\\/fi\\\/\",\"logo\":{\"@id\":\"https:\\\/\\\/voltride.com\\\/fi\\\/begode-master\\\/#local-main-organization-logo\"},\"image\":{\"@id\":\"https:\\\/\\\/voltride.com\\\/fi\\\/begode-master\\\/#local-main-organization-logo\"},\"sameAs\":[\"https:\\\/\\\/www.facebook.com\\\/voltridecom\\\/\"],\"legalName\":\"Voltride O\u00dc\",\"numberOfEmployees\":{\"@type\":\"QuantitativeValue\",\"minValue\":\"1\",\"maxValue\":\"10\"},\"ownershipFundingInfo\":\"https:\\\/\\\/voltride.com\\\/about-us\\\/\",\"hasMerchantReturnPolicy\":{\"@type\":\"MerchantReturnPolicy\",\"merchantReturnLink\":\"https:\\\/\\\/voltride.com\\\/shipping-and-returns\\\/\"},\"address\":{\"@id\":\"https:\\\/\\\/voltride.com\\\/fi\\\/begode-master\\\/#local-main-place-address\"},\"geo\":{\"@type\":\"GeoCoordinates\",\"latitude\":\"59.439554\",\"longitude\":\"24.726644\"},\"telephone\":[\"+372 600 40 99\"],\"contactPoint\":{\"@type\":\"ContactPoint\",\"telephone\":\"+372 600 40 99\",\"email\":\"info@voltride.com\"},\"openingHoursSpecification\":[{\"@type\":\"OpeningHoursSpecification\",\"dayOfWeek\":[\"Monday\",\"Tuesday\",\"Wednesday\",\"Thursday\",\"Friday\"],\"opens\":\"10:00\",\"closes\":\"18:00\"},{\"@type\":\"OpeningHoursSpecification\",\"dayOfWeek\":[\"Saturday\",\"Sunday\"],\"opens\":\"00:00\",\"closes\":\"00:00\"}],\"email\":\"info@voltride.com\",\"taxID\":\"14871968\"},{\"@type\":\"PostalAddress\",\"@id\":\"https:\\\/\\\/voltride.com\\\/fi\\\/begode-master\\\/#local-main-place-address\",\"streetAddress\":\"Voltride Telliskivi 57D\",\"addressLocality\":\"Tallinn\",\"postalCode\":\"10412\",\"addressRegion\":\"Tallinn\",\"addressCountry\":\"EE\"},{\"@type\":\"ImageObject\",\"inLanguage\":\"fi\",\"@id\":\"https:\\\/\\\/voltride.com\\\/fi\\\/begode-master\\\/#local-main-organization-logo\",\"url\":\"https:\\\/\\\/voltride.com\\\/wp-content\\\/uploads\\\/voltride-logo.png\",\"contentUrl\":\"https:\\\/\\\/voltride.com\\\/wp-content\\\/uploads\\\/voltride-logo.png\",\"width\":2481,\"height\":620,\"caption\":\"Voltride\"}]}<\/script>\n<meta property=\"product:brand\" content=\"Begode\" \/>\n<meta property=\"product:price:amount\" content=\"2799.99\" \/>\n<meta property=\"product:price:currency\" content=\"EUR\" \/>\n<meta property=\"og:availability\" content=\"instock\" \/>\n<meta property=\"product:availability\" content=\"instock\" \/>\n<meta property=\"product:retailer_item_id\" content=\"OWGW700\" \/>\n<meta property=\"product:condition\" content=\"new\" \/>\n<meta name=\"geo.placename\" content=\"Tallinn\" \/>\n<meta name=\"geo.position\" content=\"59.439554;24.726644\" \/>\n<meta name=\"geo.region\" content=\"Viro\" \/>\n<!-- \/ Yoast SEO Premium plugin. -->","yoast_head_json":{"title":"Begode Master \u2013 Suorituskykyinen s\u00e4hk\u00f6mono jousituksella | Voltride","description":"Begode Master on suorituskykyinen s\u00e4hk\u00f6mono, jossa on tehokas kiihtyvyys, s\u00e4\u00e4dett\u00e4v\u00e4 jousitus ja pitk\u00e4 toimintas\u00e4de. Suunniteltu nopeaan kaupunki- ja maastoajoon.","robots":{"index":"index","follow":"follow","max-snippet":"max-snippet:-1","max-image-preview":"max-image-preview:large","max-video-preview":"max-video-preview:-1"},"canonical":"https:\/\/voltride.com\/fi\/begode-master\/","og_locale":"fi_FI","og_type":"article","og_title":"Begode Master | Voltride","og_description":"Begode Master on suorituskykyinen s\u00e4hk\u00f6mono, jossa on tehokas kiihtyvyys, s\u00e4\u00e4dett\u00e4v\u00e4 jousitus ja pitk\u00e4 toimintas\u00e4de. Suunniteltu nopeaan kaupunki- ja maastoajoon.","og_url":"https:\/\/voltride.com\/fi\/begode-master\/","og_site_name":"Voltride","article_publisher":"https:\/\/www.facebook.com\/voltridecom\/","article_modified_time":"2026-03-31T21:23:12+00:00","og_image":[{"width":1200,"height":1200,"url":"https:\/\/voltride.com\/wp-content\/uploads\/2025\/05\/begode-master-front-angle.gif","type":"image\/gif"}],"twitter_card":"summary_large_image","schema":{"@context":"https:\/\/schema.org","@graph":[{"@type":"WebPage","@id":"https:\/\/voltride.com\/fi\/begode-master\/","url":"https:\/\/voltride.com\/fi\/begode-master\/","name":"Begode Master \u2013 Suorituskykyinen s\u00e4hk\u00f6mono jousituksella | Voltride","isPartOf":{"@id":"https:\/\/voltride.com\/fi\/#website"},"primaryImageOfPage":{"@id":"https:\/\/voltride.com\/fi\/begode-master\/#primaryimage"},"image":{"@id":"https:\/\/voltride.com\/fi\/begode-master\/#primaryimage"},"thumbnailUrl":"https:\/\/voltride.com\/wp-content\/uploads\/2025\/05\/begode-master-front-angle.gif","datePublished":"2025-09-09T07:41:39+00:00","dateModified":"2026-03-31T21:23:12+00:00","description":"Begode Master on suorituskykyinen s\u00e4hk\u00f6mono, jossa on tehokas kiihtyvyys, s\u00e4\u00e4dett\u00e4v\u00e4 jousitus ja pitk\u00e4 toimintas\u00e4de. Suunniteltu nopeaan kaupunki- ja maastoajoon.","breadcrumb":{"@id":"https:\/\/voltride.com\/fi\/begode-master\/#breadcrumb"},"inLanguage":"fi","potentialAction":[{"@type":"ReadAction","target":["https:\/\/voltride.com\/fi\/begode-master\/"]}]},{"@type":"ImageObject","inLanguage":"fi","@id":"https:\/\/voltride.com\/fi\/begode-master\/#primaryimage","url":"https:\/\/voltride.com\/wp-content\/uploads\/2025\/05\/begode-master-front-angle.gif","contentUrl":"https:\/\/voltride.com\/wp-content\/uploads\/2025\/05\/begode-master-front-angle.gif","width":1200,"height":1200,"caption":"Gotway Begode Master -s\u00e4hk\u00f6monon etukulman n\u00e4kym\u00e4"},{"@type":"BreadcrumbList","@id":"https:\/\/voltride.com\/fi\/begode-master\/#breadcrumb","itemListElement":[{"@type":"ListItem","position":1,"name":"Etusivu","item":"https:\/\/voltride.com\/fi\/"},{"@type":"ListItem","position":2,"name":"Kauppa","item":"https:\/\/voltride.com\/shop\/"},{"@type":"ListItem","position":3,"name":"S\u00e4hk\u00f6iset Yksipy\u00f6r\u00e4iset","item":"https:\/\/voltride.com\/fi\/sahkoiset-yksipyoraiset\/"},{"@type":"ListItem","position":4,"name":"Begode Master"}]},{"@type":"WebSite","@id":"https:\/\/voltride.com\/fi\/#website","url":"https:\/\/voltride.com\/fi\/","name":"Voltride","description":"Parim elektrirataste elektrit\u00f5ukside ja \u00fcksrataste pood ja remont","publisher":{"@id":"https:\/\/voltride.com\/fi\/#organization"},"alternateName":"Vr","potentialAction":[{"@type":"SearchAction","target":{"@type":"EntryPoint","urlTemplate":"https:\/\/voltride.com\/fi\/?s={search_term_string}"},"query-input":{"@type":"PropertyValueSpecification","valueRequired":true,"valueName":"search_term_string"}}],"inLanguage":"fi"},{"@type":["Organization","Place"],"@id":"https:\/\/voltride.com\/fi\/#organization","name":"Voltride","alternateName":"VR","url":"https:\/\/voltride.com\/fi\/","logo":{"@id":"https:\/\/voltride.com\/fi\/begode-master\/#local-main-organization-logo"},"image":{"@id":"https:\/\/voltride.com\/fi\/begode-master\/#local-main-organization-logo"},"sameAs":["https:\/\/www.facebook.com\/voltridecom\/"],"legalName":"Voltride O\u00dc","numberOfEmployees":{"@type":"QuantitativeValue","minValue":"1","maxValue":"10"},"ownershipFundingInfo":"https:\/\/voltride.com\/about-us\/","hasMerchantReturnPolicy":{"@type":"MerchantReturnPolicy","merchantReturnLink":"https:\/\/voltride.com\/shipping-and-returns\/"},"address":{"@id":"https:\/\/voltride.com\/fi\/begode-master\/#local-main-place-address"},"geo":{"@type":"GeoCoordinates","latitude":"59.439554","longitude":"24.726644"},"telephone":["+372 600 40 99"],"contactPoint":{"@type":"ContactPoint","telephone":"+372 600 40 99","email":"info@voltride.com"},"openingHoursSpecification":[{"@type":"OpeningHoursSpecification","dayOfWeek":["Monday","Tuesday","Wednesday","Thursday","Friday"],"opens":"10:00","closes":"18:00"},{"@type":"OpeningHoursSpecification","dayOfWeek":["Saturday","Sunday"],"opens":"00:00","closes":"00:00"}],"email":"info@voltride.com","taxID":"14871968"},{"@type":"PostalAddress","@id":"https:\/\/voltride.com\/fi\/begode-master\/#local-main-place-address","streetAddress":"Voltride Telliskivi 57D","addressLocality":"Tallinn","postalCode":"10412","addressRegion":"Tallinn","addressCountry":"EE"},{"@type":"ImageObject","inLanguage":"fi","@id":"https:\/\/voltride.com\/fi\/begode-master\/#local-main-organization-logo","url":"https:\/\/voltride.com\/wp-content\/uploads\/voltride-logo.png","contentUrl":"https:\/\/voltride.com\/wp-content\/uploads\/voltride-logo.png","width":2481,"height":620,"caption":"Voltride"}]},"product_brand":"Begode","product_price_amount":"2799.99","product_price_currency":"EUR","og_availability":"instock","product_availability":"instock","product_retailer_item_id":"OWGW700","product_condition":"new","geo.placename":"Tallinn","geo.position":{"lat":"59.439554","long":"24.726644"},"geo.region":"Viro"},"_links":{"self":[{"href":"https:\/\/voltride.com\/fi\/wp-json\/wp\/v2\/product\/12967","targetHints":{"allow":["GET"]}}],"collection":[{"href":"https:\/\/voltride.com\/fi\/wp-json\/wp\/v2\/product"}],"about":[{"href":"https:\/\/voltride.com\/fi\/wp-json\/wp\/v2\/types\/product"}],"replies":[{"embeddable":true,"href":"https:\/\/voltride.com\/fi\/wp-json\/wp\/v2\/comments?post=12967"}],"wp:featuredmedia":[{"embeddable":true,"href":"https:\/\/voltride.com\/fi\/wp-json\/wp\/v2\/media\/12948"}],"wp:attachment":[{"href":"https:\/\/voltride.com\/fi\/wp-json\/wp\/v2\/media?parent=12967"}],"wp:term":[{"taxonomy":"product_brand","embeddable":true,"href":"https:\/\/voltride.com\/fi\/wp-json\/wp\/v2\/product_brand?post=12967"},{"taxonomy":"product_cat","embeddable":true,"href":"https:\/\/voltride.com\/fi\/wp-json\/wp\/v2\/product_cat?post=12967"},{"taxonomy":"product_tag","embeddable":true,"href":"https:\/\/voltride.com\/fi\/wp-json\/wp\/v2\/product_tag?post=12967"}],"curies":[{"name":"wp","href":"https:\/\/api.w.org\/{rel}","templated":true}]}}