{"id":13121,"date":"2025-04-22T09:48:27","date_gmt":"2025-04-22T07:48:27","guid":{"rendered":"https:\/\/voltride.com\/speedway-4\/"},"modified":"2026-04-15T11:09:54","modified_gmt":"2026-04-15T09:09:54","slug":"speedway-4","status":"publish","type":"product","link":"https:\/\/voltride.com\/fi\/speedway-4\/","title":{"rendered":"Speedway 4"},"content":{"rendered":"<div class=\"wpb-content-wrapper\"><p>[vc_row css=&#8221;.vc_custom_1738843193265{background-color: #0F3F36 !important;}&#8221; woodmart_css_id=&#8221;67a4a4339c25a&#8221; responsive_spacing=&#8221;eyJwYXJhbV90eXBlIjoid29vZG1hcnRfcmVzcG9uc2l2ZV9zcGFjaW5nIiwic2VsZWN0b3JfaWQiOiI2N2E0YTQzMzljMjVhIiwic2hvcnRjb2RlIjoidmNfcm93IiwiZGF0YSI6eyJ0YWJsZXQiOnt9LCJtb2JpbGUiOnt9fX0=&#8221; mobile_bg_img_hidden=&#8221;no&#8221; tablet_bg_img_hidden=&#8221;no&#8221; woodmart_parallax=&#8221;0&#8243; woodmart_gradient_switch=&#8221;no&#8221; woodmart_box_shadow=&#8221;no&#8221; wd_z_index=&#8221;no&#8221; woodmart_disable_overflow=&#8221;0&#8243; row_reverse_mobile=&#8221;0&#8243; row_reverse_tablet=&#8221;0&#8243; el_id=&#8221;p-description&#8221; el_class=&#8221;product-description&#8221;][vc_column][vc_row_inner equal_height=&#8221;yes&#8221; content_placement=&#8221;middle&#8221; gap=&#8221;30&#8243; responsive_tabs_advanced=&#8221;mobile&#8221; woodmart_css_id=&#8221;6807469c758c1&#8243; responsive_spacing=&#8221;eyJwYXJhbV90eXBlIjoid29vZG1hcnRfcmVzcG9uc2l2ZV9zcGFjaW5nIiwic2VsZWN0b3JfaWQiOiI2ODA3NDY5Yzc1OGMxIiwic2hvcnRjb2RlIjoidmNfcm93X2lubmVyIiwiZGF0YSI6eyJ0YWJsZXQiOnt9LCJtb2JpbGUiOnt9fX0=&#8221; mobile_bg_img_hidden=&#8221;no&#8221; tablet_bg_img_hidden=&#8221;no&#8221; woodmart_parallax=&#8221;0&#8243; woodmart_gradient_switch=&#8221;no&#8221; woodmart_box_shadow=&#8221;no&#8221; wd_z_index=&#8221;no&#8221; woodmart_disable_overflow=&#8221;0&#8243; row_reverse_mobile=&#8221;0&#8243; row_reverse_tablet=&#8221;0&#8243; el_class=&#8221;first-row inside-dec-row&#8221;][vc_column_inner el_class=&#8221;left-text-product&#8221; width=&#8221;1\/2&#8243; woodmart_css_id=&#8221;67bb19bd24fe5&#8243; parallax_scroll=&#8221;no&#8221; woodmart_sticky_column=&#8221;false&#8221; wd_collapsible_content_switcher=&#8221;no&#8221; wd_column_role_offcanvas_desktop=&#8221;no&#8221; wd_column_role_offcanvas_tablet=&#8221;no&#8221; wd_column_role_offcanvas_mobile=&#8221;no&#8221; wd_column_role_content_desktop=&#8221;no&#8221; wd_column_role_content_tablet=&#8221;no&#8221; wd_column_role_content_mobile=&#8221;no&#8221; mobile_bg_img_hidden=&#8221;no&#8221; tablet_bg_img_hidden=&#8221;no&#8221; woodmart_parallax=&#8221;0&#8243; woodmart_box_shadow=&#8221;no&#8221; responsive_spacing=&#8221;eyJwYXJhbV90eXBlIjoid29vZG1hcnRfcmVzcG9uc2l2ZV9zcGFjaW5nIiwic2VsZWN0b3JfaWQiOiI2N2JiMTliZDI0ZmU1Iiwic2hvcnRjb2RlIjoidmNfY29sdW1uX2lubmVyIiwiZGF0YSI6eyJ0YWJsZXQiOnt9LCJtb2JpbGUiOnt9fX0=&#8221; wd_z_index=&#8221;no&#8221;][vc_column_text css=&#8221;&#8221; woodmart_inline=&#8221;no&#8221; text_larger=&#8221;no&#8221;]<\/p>\n<h3>Suunniteltu Kaikenlaisille Alustoille<\/h3>\n<p>[\/vc_column_text][vc_column_text css=&#8221;&#8221; woodmart_inline=&#8221;no&#8221; text_larger=&#8221;no&#8221; el_class=&#8221;features-list&#8221;]Olipa reittin\u00e4 kaupunkikadut tai ep\u00e4tasaisemmat sivutiet \u2013 Speedway 4 tarjoaa vakaan ja mukavan ajokokemuksen.<\/p>\n<ul>\n<li>10\u2033 ilmat\u00e4ytteiset renkaat<\/li>\n<li>Etu- ja takajousitus\n<\/li>\n<li>Leve\u00e4 ja mukava seisontataso<\/li>\n<li>Vahva alumiinirunko<\/li>\n<\/ul>\n<p>Kolme s\u00e4\u00e4dett\u00e4v\u00e4n ajotilan avulla nopeus pysyy aina hallinnassa. Ajotilan voi valita helposti ohjaustangossa olevan n\u00e4yt\u00f6n kautta.[\/vc_column_text][\/vc_column_inner][vc_column_inner width=&#8221;1\/2&#8243;][vc_column_text css=&#8221;&#8221; woodmart_inline=&#8221;no&#8221; text_larger=&#8221;no&#8221;]<\/p>\n<h3>Suorituskyky\u00e4, Joka Kest\u00e4\u00e4<\/h3>\n<p>[\/vc_column_text][vc_column_text css=&#8221;&#8221; woodmart_inline=&#8221;no&#8221; text_larger=&#8221;no&#8221; el_class=&#8221;features-list&#8221;]Speedway 4 on varustettu 1352 Wh litium-polymeeriakulla, joka mahdollistaa jopa 60 km toimintas\u00e4teen yhdell\u00e4 latauksella. T\u00e4ysi lataus kest\u00e4\u00e4 noin 13 tuntia.<\/p>\n<ul>\n<li>Kaksi jarruj\u00e4rjestelm\u00e4\u00e4: levyjarru ja elektroninen jarru<\/li>\n<li>Etu- ja takana LED-valaistus<\/li>\n<li>Vilkut<\/li>\n<li>180\u00b0 takalokasuoja<\/li>\n<\/ul>\n<p>[\/vc_column_text][\/vc_column_inner][\/vc_row_inner][vc_empty_space height=&#8221;2vw&#8221; woodmart_hide_large=&#8221;0&#8243; woodmart_hide_medium=&#8221;0&#8243; woodmart_hide_small=&#8221;0&#8243;][vc_row_inner el_class=&#8221;product-cta&#8221; woodmart_css_id=&#8221;67ad831e70f64&#8243; responsive_spacing=&#8221;eyJwYXJhbV90eXBlIjoid29vZG1hcnRfcmVzcG9uc2l2ZV9zcGFjaW5nIiwic2VsZWN0b3JfaWQiOiI2N2FkODMxZTcwZjY0Iiwic2hvcnRjb2RlIjoidmNfcm93X2lubmVyIiwiZGF0YSI6eyJ0YWJsZXQiOnt9LCJtb2JpbGUiOnt9fX0=&#8221; mobile_bg_img_hidden=&#8221;no&#8221; tablet_bg_img_hidden=&#8221;no&#8221; woodmart_parallax=&#8221;0&#8243; woodmart_gradient_switch=&#8221;no&#8221; woodmart_box_shadow=&#8221;no&#8221; wd_z_index=&#8221;no&#8221; woodmart_disable_overflow=&#8221;0&#8243; row_reverse_mobile=&#8221;0&#8243; row_reverse_tablet=&#8221;0&#8243;][vc_column_inner][vc_column_text css=&#8221;&#8221; el_class=&#8221;bigger-cta-heading&#8221; woodmart_inline=&#8221;no&#8221; text_larger=&#8221;no&#8221;]<\/p>\n<h4>Tilaa oma Speedway 4 -s\u00e4hk\u00f6potkulauta jo t\u00e4n\u00e4\u00e4n!<\/h4>\n<p>[\/vc_column_text][\/vc_column_inner][\/vc_row_inner][\/vc_column][\/vc_row]<\/p>\n<\/div>","protected":false},"excerpt":{"rendered":"<p><strong>Speedway 4<\/strong> on laadukas s\u00e4hk\u00f6potkulauta ajajalle, joka odottaa enemm\u00e4n \u2013 pidemp\u00e4\u00e4 toimintas\u00e4dett\u00e4, enemm\u00e4n tehoa ja enemm\u00e4n mukavuutta. Suuren kapasiteetin akku, herk\u00e4t jarrut ja t\u00e4ysjousitus tekev\u00e4t siit\u00e4 s\u00e4hk\u00f6potkulaudan, jolla voit ajaa my\u00f6s siell\u00e4, minne monet muut eiv\u00e4t yll\u00e4.<\/p>\n","protected":false},"featured_media":13115,"comment_status":"closed","ping_status":"closed","template":"","meta":[],"product_brand":[685],"product_cat":[736],"product_tag":[],"class_list":{"0":"post-13121","1":"product","2":"type-product","3":"status-publish","4":"has-post-thumbnail","6":"product_brand-speedway","7":"product_cat-sahkopotkulaudat","9":"first","10":"instock","11":"sale","12":"taxable","13":"shipping-taxable","14":"purchasable","15":"product-type-variable"},"yoast_head":"<!-- This site is optimized with the Yoast SEO Premium plugin v27.3 (Yoast SEO v27.4) - https:\/\/yoast.com\/product\/yoast-seo-premium-wordpress\/ -->\n<title>Speedway 4 \u2013 jousitettu s\u00e4hk\u00f6potkulauta | Voltride<\/title>\n<meta name=\"description\" content=\"Speedway 4 s\u00e4hk\u00f6potkulauta \u2013 suuren kapasiteetin akku, herk\u00e4t jarrut ja t\u00e4ysjousitus tekev\u00e4t siit\u00e4 laitteen, jolla voit ajaa l\u00e4hes kaikkialla.\" \/>\n<meta name=\"robots\" content=\"index, follow, max-snippet:-1, max-image-preview:large, max-video-preview:-1\" \/>\n<link rel=\"canonical\" href=\"https:\/\/voltride.com\/fi\/speedway-4\/\" \/>\n<meta property=\"og:locale\" content=\"fi_FI\" \/>\n<meta property=\"og:type\" content=\"article\" \/>\n<meta property=\"og:title\" content=\"S\u00e4hk\u00f6potkulauta Speedway 4 | Voltride\" \/>\n<meta property=\"og:description\" content=\"Speedway 4 s\u00e4hk\u00f6potkulauta \u2013 suuren kapasiteetin akku, herk\u00e4t jarrut ja t\u00e4ysjousitus tekev\u00e4t siit\u00e4 laitteen, jolla voit ajaa l\u00e4hes kaikkialla.\" \/>\n<meta property=\"og:url\" content=\"https:\/\/voltride.com\/fi\/speedway-4\/\" \/>\n<meta property=\"og:site_name\" content=\"Voltride\" \/>\n<meta property=\"article:publisher\" content=\"https:\/\/www.facebook.com\/voltridecom\/\" \/>\n<meta property=\"article:modified_time\" content=\"2026-04-15T09:09:54+00:00\" \/>\n<meta property=\"og:image\" content=\"https:\/\/voltride.com\/wp-content\/uploads\/2025\/04\/electric-scooter-speedway-4-main-product-image.jpg\" \/>\n\t<meta property=\"og:image:width\" content=\"1200\" \/>\n\t<meta property=\"og:image:height\" content=\"1200\" \/>\n\t<meta property=\"og:image:type\" content=\"image\/jpeg\" \/>\n<meta name=\"twitter:card\" content=\"summary_large_image\" \/>\n<meta name=\"twitter:title\" content=\"Speedway 4 | Voltride\" \/>\n<script type=\"application\/ld+json\" class=\"yoast-schema-graph\">{\"@context\":\"https:\\\/\\\/schema.org\",\"@graph\":[{\"@type\":\"WebPage\",\"@id\":\"https:\\\/\\\/voltride.com\\\/fi\\\/speedway-4\\\/\",\"url\":\"https:\\\/\\\/voltride.com\\\/fi\\\/speedway-4\\\/\",\"name\":\"Speedway 4 \u2013 jousitettu s\u00e4hk\u00f6potkulauta | Voltride\",\"isPartOf\":{\"@id\":\"https:\\\/\\\/voltride.com\\\/fi\\\/#website\"},\"primaryImageOfPage\":{\"@id\":\"https:\\\/\\\/voltride.com\\\/fi\\\/speedway-4\\\/#primaryimage\"},\"image\":{\"@id\":\"https:\\\/\\\/voltride.com\\\/fi\\\/speedway-4\\\/#primaryimage\"},\"thumbnailUrl\":\"https:\\\/\\\/voltride.com\\\/wp-content\\\/uploads\\\/2025\\\/04\\\/electric-scooter-speedway-4-main-product-image.jpg\",\"datePublished\":\"2025-04-22T07:48:27+00:00\",\"dateModified\":\"2026-04-15T09:09:54+00:00\",\"description\":\"Speedway 4 s\u00e4hk\u00f6potkulauta \u2013 suuren kapasiteetin akku, herk\u00e4t jarrut ja t\u00e4ysjousitus tekev\u00e4t siit\u00e4 laitteen, jolla voit ajaa l\u00e4hes kaikkialla.\",\"breadcrumb\":{\"@id\":\"https:\\\/\\\/voltride.com\\\/fi\\\/speedway-4\\\/#breadcrumb\"},\"inLanguage\":\"fi\",\"potentialAction\":[{\"@type\":\"ReadAction\",\"target\":[\"https:\\\/\\\/voltride.com\\\/fi\\\/speedway-4\\\/\"]}]},{\"@type\":\"ImageObject\",\"inLanguage\":\"fi\",\"@id\":\"https:\\\/\\\/voltride.com\\\/fi\\\/speedway-4\\\/#primaryimage\",\"url\":\"https:\\\/\\\/voltride.com\\\/wp-content\\\/uploads\\\/2025\\\/04\\\/electric-scooter-speedway-4-main-product-image.jpg\",\"contentUrl\":\"https:\\\/\\\/voltride.com\\\/wp-content\\\/uploads\\\/2025\\\/04\\\/electric-scooter-speedway-4-main-product-image.jpg\",\"width\":1200,\"height\":1200,\"caption\":\"Speedway 4 s\u00e4hk\u00f6potkulauta, musta \u2013 t\u00e4ydellinen sivukuva, jossa n\u00e4kyy moderni muotoilu ja suuret renkaat.\"},{\"@type\":\"BreadcrumbList\",\"@id\":\"https:\\\/\\\/voltride.com\\\/fi\\\/speedway-4\\\/#breadcrumb\",\"itemListElement\":[{\"@type\":\"ListItem\",\"position\":1,\"name\":\"Etusivu\",\"item\":\"https:\\\/\\\/voltride.com\\\/fi\\\/\"},{\"@type\":\"ListItem\",\"position\":2,\"name\":\"Kauppa\",\"item\":\"https:\\\/\\\/voltride.com\\\/shop\\\/\"},{\"@type\":\"ListItem\",\"position\":3,\"name\":\"S\u00e4hk\u00f6potkulaudat\",\"item\":\"https:\\\/\\\/voltride.com\\\/fi\\\/sahkopotkulaudat\\\/\"},{\"@type\":\"ListItem\",\"position\":4,\"name\":\"Speedway 4\"}]},{\"@type\":\"WebSite\",\"@id\":\"https:\\\/\\\/voltride.com\\\/fi\\\/#website\",\"url\":\"https:\\\/\\\/voltride.com\\\/fi\\\/\",\"name\":\"Voltride\",\"description\":\"Parim elektrirataste elektrit\u00f5ukside ja \u00fcksrataste pood ja remont\",\"publisher\":{\"@id\":\"https:\\\/\\\/voltride.com\\\/fi\\\/#organization\"},\"alternateName\":\"Vr\",\"potentialAction\":[{\"@type\":\"SearchAction\",\"target\":{\"@type\":\"EntryPoint\",\"urlTemplate\":\"https:\\\/\\\/voltride.com\\\/fi\\\/?s={search_term_string}\"},\"query-input\":{\"@type\":\"PropertyValueSpecification\",\"valueRequired\":true,\"valueName\":\"search_term_string\"}}],\"inLanguage\":\"fi\"},{\"@type\":[\"Organization\",\"Place\"],\"@id\":\"https:\\\/\\\/voltride.com\\\/fi\\\/#organization\",\"name\":\"Voltride\",\"alternateName\":\"VR\",\"url\":\"https:\\\/\\\/voltride.com\\\/fi\\\/\",\"logo\":{\"@id\":\"https:\\\/\\\/voltride.com\\\/fi\\\/speedway-4\\\/#local-main-organization-logo\"},\"image\":{\"@id\":\"https:\\\/\\\/voltride.com\\\/fi\\\/speedway-4\\\/#local-main-organization-logo\"},\"sameAs\":[\"https:\\\/\\\/www.facebook.com\\\/voltridecom\\\/\"],\"legalName\":\"Voltride O\u00dc\",\"numberOfEmployees\":{\"@type\":\"QuantitativeValue\",\"minValue\":\"1\",\"maxValue\":\"10\"},\"ownershipFundingInfo\":\"https:\\\/\\\/voltride.com\\\/about-us\\\/\",\"hasMerchantReturnPolicy\":{\"@type\":\"MerchantReturnPolicy\",\"merchantReturnLink\":\"https:\\\/\\\/voltride.com\\\/shipping-and-returns\\\/\"},\"address\":{\"@id\":\"https:\\\/\\\/voltride.com\\\/fi\\\/speedway-4\\\/#local-main-place-address\"},\"geo\":{\"@type\":\"GeoCoordinates\",\"latitude\":\"59.439554\",\"longitude\":\"24.726644\"},\"telephone\":[\"+372 600 40 99\"],\"contactPoint\":{\"@type\":\"ContactPoint\",\"telephone\":\"+372 600 40 99\",\"email\":\"info@voltride.com\"},\"openingHoursSpecification\":[{\"@type\":\"OpeningHoursSpecification\",\"dayOfWeek\":[\"Monday\",\"Tuesday\",\"Wednesday\",\"Thursday\",\"Friday\"],\"opens\":\"10:00\",\"closes\":\"18:00\"},{\"@type\":\"OpeningHoursSpecification\",\"dayOfWeek\":[\"Saturday\",\"Sunday\"],\"opens\":\"00:00\",\"closes\":\"00:00\"}],\"email\":\"info@voltride.com\",\"taxID\":\"14871968\"},{\"@type\":\"PostalAddress\",\"@id\":\"https:\\\/\\\/voltride.com\\\/fi\\\/speedway-4\\\/#local-main-place-address\",\"streetAddress\":\"Voltride Telliskivi 57D\",\"addressLocality\":\"Tallinn\",\"postalCode\":\"10412\",\"addressRegion\":\"Tallinn\",\"addressCountry\":\"EE\"},{\"@type\":\"ImageObject\",\"inLanguage\":\"fi\",\"@id\":\"https:\\\/\\\/voltride.com\\\/fi\\\/speedway-4\\\/#local-main-organization-logo\",\"url\":\"https:\\\/\\\/voltride.com\\\/wp-content\\\/uploads\\\/voltride-logo.png\",\"contentUrl\":\"https:\\\/\\\/voltride.com\\\/wp-content\\\/uploads\\\/voltride-logo.png\",\"width\":2481,\"height\":620,\"caption\":\"Voltride\"}]}<\/script>\n<meta property=\"product:brand\" content=\"Speedway\" \/>\n<meta property=\"og:availability\" content=\"instock\" \/>\n<meta property=\"product:availability\" content=\"instock\" \/>\n<meta property=\"product:retailer_item_id\" content=\"KSMM110\" \/>\n<meta property=\"product:condition\" content=\"new\" \/>\n<meta name=\"geo.placename\" content=\"Tallinn\" \/>\n<meta name=\"geo.position\" content=\"59.439554;24.726644\" \/>\n<meta name=\"geo.region\" content=\"Viro\" \/>\n<!-- \/ Yoast SEO Premium plugin. -->","yoast_head_json":{"title":"Speedway 4 \u2013 jousitettu s\u00e4hk\u00f6potkulauta | Voltride","description":"Speedway 4 s\u00e4hk\u00f6potkulauta \u2013 suuren kapasiteetin akku, herk\u00e4t jarrut ja t\u00e4ysjousitus tekev\u00e4t siit\u00e4 laitteen, jolla voit ajaa l\u00e4hes kaikkialla.","robots":{"index":"index","follow":"follow","max-snippet":"max-snippet:-1","max-image-preview":"max-image-preview:large","max-video-preview":"max-video-preview:-1"},"canonical":"https:\/\/voltride.com\/fi\/speedway-4\/","og_locale":"fi_FI","og_type":"article","og_title":"S\u00e4hk\u00f6potkulauta Speedway 4 | Voltride","og_description":"Speedway 4 s\u00e4hk\u00f6potkulauta \u2013 suuren kapasiteetin akku, herk\u00e4t jarrut ja t\u00e4ysjousitus tekev\u00e4t siit\u00e4 laitteen, jolla voit ajaa l\u00e4hes kaikkialla.","og_url":"https:\/\/voltride.com\/fi\/speedway-4\/","og_site_name":"Voltride","article_publisher":"https:\/\/www.facebook.com\/voltridecom\/","article_modified_time":"2026-04-15T09:09:54+00:00","og_image":[{"width":1200,"height":1200,"url":"https:\/\/voltride.com\/wp-content\/uploads\/2025\/04\/electric-scooter-speedway-4-main-product-image.jpg","type":"image\/jpeg"}],"twitter_card":"summary_large_image","twitter_title":"Speedway 4 | Voltride","schema":{"@context":"https:\/\/schema.org","@graph":[{"@type":"WebPage","@id":"https:\/\/voltride.com\/fi\/speedway-4\/","url":"https:\/\/voltride.com\/fi\/speedway-4\/","name":"Speedway 4 \u2013 jousitettu s\u00e4hk\u00f6potkulauta | Voltride","isPartOf":{"@id":"https:\/\/voltride.com\/fi\/#website"},"primaryImageOfPage":{"@id":"https:\/\/voltride.com\/fi\/speedway-4\/#primaryimage"},"image":{"@id":"https:\/\/voltride.com\/fi\/speedway-4\/#primaryimage"},"thumbnailUrl":"https:\/\/voltride.com\/wp-content\/uploads\/2025\/04\/electric-scooter-speedway-4-main-product-image.jpg","datePublished":"2025-04-22T07:48:27+00:00","dateModified":"2026-04-15T09:09:54+00:00","description":"Speedway 4 s\u00e4hk\u00f6potkulauta \u2013 suuren kapasiteetin akku, herk\u00e4t jarrut ja t\u00e4ysjousitus tekev\u00e4t siit\u00e4 laitteen, jolla voit ajaa l\u00e4hes kaikkialla.","breadcrumb":{"@id":"https:\/\/voltride.com\/fi\/speedway-4\/#breadcrumb"},"inLanguage":"fi","potentialAction":[{"@type":"ReadAction","target":["https:\/\/voltride.com\/fi\/speedway-4\/"]}]},{"@type":"ImageObject","inLanguage":"fi","@id":"https:\/\/voltride.com\/fi\/speedway-4\/#primaryimage","url":"https:\/\/voltride.com\/wp-content\/uploads\/2025\/04\/electric-scooter-speedway-4-main-product-image.jpg","contentUrl":"https:\/\/voltride.com\/wp-content\/uploads\/2025\/04\/electric-scooter-speedway-4-main-product-image.jpg","width":1200,"height":1200,"caption":"Speedway 4 s\u00e4hk\u00f6potkulauta, musta \u2013 t\u00e4ydellinen sivukuva, jossa n\u00e4kyy moderni muotoilu ja suuret renkaat."},{"@type":"BreadcrumbList","@id":"https:\/\/voltride.com\/fi\/speedway-4\/#breadcrumb","itemListElement":[{"@type":"ListItem","position":1,"name":"Etusivu","item":"https:\/\/voltride.com\/fi\/"},{"@type":"ListItem","position":2,"name":"Kauppa","item":"https:\/\/voltride.com\/shop\/"},{"@type":"ListItem","position":3,"name":"S\u00e4hk\u00f6potkulaudat","item":"https:\/\/voltride.com\/fi\/sahkopotkulaudat\/"},{"@type":"ListItem","position":4,"name":"Speedway 4"}]},{"@type":"WebSite","@id":"https:\/\/voltride.com\/fi\/#website","url":"https:\/\/voltride.com\/fi\/","name":"Voltride","description":"Parim elektrirataste elektrit\u00f5ukside ja \u00fcksrataste pood ja remont","publisher":{"@id":"https:\/\/voltride.com\/fi\/#organization"},"alternateName":"Vr","potentialAction":[{"@type":"SearchAction","target":{"@type":"EntryPoint","urlTemplate":"https:\/\/voltride.com\/fi\/?s={search_term_string}"},"query-input":{"@type":"PropertyValueSpecification","valueRequired":true,"valueName":"search_term_string"}}],"inLanguage":"fi"},{"@type":["Organization","Place"],"@id":"https:\/\/voltride.com\/fi\/#organization","name":"Voltride","alternateName":"VR","url":"https:\/\/voltride.com\/fi\/","logo":{"@id":"https:\/\/voltride.com\/fi\/speedway-4\/#local-main-organization-logo"},"image":{"@id":"https:\/\/voltride.com\/fi\/speedway-4\/#local-main-organization-logo"},"sameAs":["https:\/\/www.facebook.com\/voltridecom\/"],"legalName":"Voltride O\u00dc","numberOfEmployees":{"@type":"QuantitativeValue","minValue":"1","maxValue":"10"},"ownershipFundingInfo":"https:\/\/voltride.com\/about-us\/","hasMerchantReturnPolicy":{"@type":"MerchantReturnPolicy","merchantReturnLink":"https:\/\/voltride.com\/shipping-and-returns\/"},"address":{"@id":"https:\/\/voltride.com\/fi\/speedway-4\/#local-main-place-address"},"geo":{"@type":"GeoCoordinates","latitude":"59.439554","longitude":"24.726644"},"telephone":["+372 600 40 99"],"contactPoint":{"@type":"ContactPoint","telephone":"+372 600 40 99","email":"info@voltride.com"},"openingHoursSpecification":[{"@type":"OpeningHoursSpecification","dayOfWeek":["Monday","Tuesday","Wednesday","Thursday","Friday"],"opens":"10:00","closes":"18:00"},{"@type":"OpeningHoursSpecification","dayOfWeek":["Saturday","Sunday"],"opens":"00:00","closes":"00:00"}],"email":"info@voltride.com","taxID":"14871968"},{"@type":"PostalAddress","@id":"https:\/\/voltride.com\/fi\/speedway-4\/#local-main-place-address","streetAddress":"Voltride Telliskivi 57D","addressLocality":"Tallinn","postalCode":"10412","addressRegion":"Tallinn","addressCountry":"EE"},{"@type":"ImageObject","inLanguage":"fi","@id":"https:\/\/voltride.com\/fi\/speedway-4\/#local-main-organization-logo","url":"https:\/\/voltride.com\/wp-content\/uploads\/voltride-logo.png","contentUrl":"https:\/\/voltride.com\/wp-content\/uploads\/voltride-logo.png","width":2481,"height":620,"caption":"Voltride"}]},"product_brand":"Speedway","og_availability":"instock","product_availability":"instock","product_retailer_item_id":"KSMM110","product_condition":"new","geo.placename":"Tallinn","geo.position":{"lat":"59.439554","long":"24.726644"},"geo.region":"Viro"},"_links":{"self":[{"href":"https:\/\/voltride.com\/fi\/wp-json\/wp\/v2\/product\/13121","targetHints":{"allow":["GET"]}}],"collection":[{"href":"https:\/\/voltride.com\/fi\/wp-json\/wp\/v2\/product"}],"about":[{"href":"https:\/\/voltride.com\/fi\/wp-json\/wp\/v2\/types\/product"}],"replies":[{"embeddable":true,"href":"https:\/\/voltride.com\/fi\/wp-json\/wp\/v2\/comments?post=13121"}],"wp:featuredmedia":[{"embeddable":true,"href":"https:\/\/voltride.com\/fi\/wp-json\/wp\/v2\/media\/13115"}],"wp:attachment":[{"href":"https:\/\/voltride.com\/fi\/wp-json\/wp\/v2\/media?parent=13121"}],"wp:term":[{"taxonomy":"product_brand","embeddable":true,"href":"https:\/\/voltride.com\/fi\/wp-json\/wp\/v2\/product_brand?post=13121"},{"taxonomy":"product_cat","embeddable":true,"href":"https:\/\/voltride.com\/fi\/wp-json\/wp\/v2\/product_cat?post=13121"},{"taxonomy":"product_tag","embeddable":true,"href":"https:\/\/voltride.com\/fi\/wp-json\/wp\/v2\/product_tag?post=13121"}],"curies":[{"name":"wp","href":"https:\/\/api.w.org\/{rel}","templated":true}]}}