{"id":13639,"date":"2025-09-09T09:47:28","date_gmt":"2025-09-09T07:47:28","guid":{"rendered":"https:\/\/voltride.com\/dualtron-victor-luxury\/"},"modified":"2026-03-31T23:23:19","modified_gmt":"2026-03-31T21:23:19","slug":"dualtron-victor-luxury","status":"publish","type":"product","link":"https:\/\/voltride.com\/fi\/dualtron-victor-luxury\/","title":{"rendered":"Dualtron Victor Luxury"},"content":{"rendered":"<div class=\"wpb-content-wrapper\"><p>[vc_row css=&#8221;.vc_custom_1738843193265{background-color: #0F3F36 !important;}&#8221; woodmart_css_id=&#8221;67a4a4339c25a&#8221; responsive_spacing=&#8221;eyJwYXJhbV90eXBlIjoid29vZG1hcnRfcmVzcG9uc2l2ZV9zcGFjaW5nIiwic2VsZWN0b3JfaWQiOiI2N2E0YTQzMzljMjVhIiwic2hvcnRjb2RlIjoidmNfcm93IiwiZGF0YSI6eyJ0YWJsZXQiOnt9LCJtb2JpbGUiOnt9fX0=&#8221; mobile_bg_img_hidden=&#8221;no&#8221; tablet_bg_img_hidden=&#8221;no&#8221; woodmart_parallax=&#8221;0&#8243; woodmart_gradient_switch=&#8221;no&#8221; woodmart_box_shadow=&#8221;no&#8221; wd_z_index=&#8221;no&#8221; woodmart_disable_overflow=&#8221;0&#8243; row_reverse_mobile=&#8221;0&#8243; row_reverse_tablet=&#8221;0&#8243; el_id=&#8221;p-description&#8221; el_class=&#8221;product-description&#8221;][vc_column][vc_row_inner equal_height=&#8221;yes&#8221; content_placement=&#8221;middle&#8221; gap=&#8221;30&#8243; woodmart_css_id=&#8221;67ad1bf7ca313&#8243; responsive_spacing=&#8221;eyJwYXJhbV90eXBlIjoid29vZG1hcnRfcmVzcG9uc2l2ZV9zcGFjaW5nIiwic2VsZWN0b3JfaWQiOiI2N2FkMWJmN2NhMzEzIiwic2hvcnRjb2RlIjoidmNfcm93X2lubmVyIiwiZGF0YSI6eyJ0YWJsZXQiOnt9LCJtb2JpbGUiOnt9fX0=&#8221; mobile_bg_img_hidden=&#8221;no&#8221; tablet_bg_img_hidden=&#8221;no&#8221; woodmart_parallax=&#8221;0&#8243; woodmart_gradient_switch=&#8221;no&#8221; woodmart_box_shadow=&#8221;no&#8221; wd_z_index=&#8221;no&#8221; woodmart_disable_overflow=&#8221;0&#8243; row_reverse_mobile=&#8221;1&#8243; row_reverse_tablet=&#8221;0&#8243; el_class=&#8221;first-row inside-dec-row&#8221;][vc_column_inner el_class=&#8221;left-text-product&#8221; width=&#8221;1\/2&#8243; woodmart_css_id=&#8221;67bb19bd24fe5&#8243; parallax_scroll=&#8221;no&#8221; woodmart_sticky_column=&#8221;false&#8221; wd_collapsible_content_switcher=&#8221;no&#8221; wd_column_role_offcanvas_desktop=&#8221;no&#8221; wd_column_role_offcanvas_tablet=&#8221;no&#8221; wd_column_role_offcanvas_mobile=&#8221;no&#8221; wd_column_role_content_desktop=&#8221;no&#8221; wd_column_role_content_tablet=&#8221;no&#8221; wd_column_role_content_mobile=&#8221;no&#8221; mobile_bg_img_hidden=&#8221;no&#8221; tablet_bg_img_hidden=&#8221;no&#8221; woodmart_parallax=&#8221;0&#8243; woodmart_box_shadow=&#8221;no&#8221; responsive_spacing=&#8221;eyJwYXJhbV90eXBlIjoid29vZG1hcnRfcmVzcG9uc2l2ZV9zcGFjaW5nIiwic2VsZWN0b3JfaWQiOiI2N2JiMTliZDI0ZmU1Iiwic2hvcnRjb2RlIjoidmNfY29sdW1uX2lubmVyIiwiZGF0YSI6eyJ0YWJsZXQiOnt9LCJtb2JpbGUiOnt9fX0=&#8221; wd_z_index=&#8221;no&#8221;][vc_column_text css=&#8221;&#8221; woodmart_inline=&#8221;no&#8221; text_larger=&#8221;no&#8221;]<\/p>\n<h3 style=\"text-align: left;\">Parannettua suorituskyky\u00e4 ja ajomukavuutta<\/h3>\n<p>[\/vc_column_text][vc_column_text css=&#8221;&#8221; woodmart_inline=&#8221;no&#8221; text_larger=&#8221;no&#8221; el_class=&#8221;features-list&#8221;]<strong>Dualtron Victor Luxury<\/strong> on Victor-mallin premium-p\u00e4ivitys, joka tarjoaa paremman ajomukavuuden, suorituskyvyn ja luotettavuuden s\u00e4ilytt\u00e4en samalla sarjan tunnetun tehon ja erinomaisen hinta-laatusuhteen. Kaupunkiajoon suunniteltu malli on saatavilla kahdella akkuvaihtoehdolla \u2014 60V 24Ah (jopa 75 km) ja 60V 30Ah (jopa 100 km) \u2014 ja molemmat on varustettu edistyneell\u00e4 BMS-akunhallintaj\u00e4rjestelm\u00e4ll\u00e4, joka takaa pitk\u00e4n aikav\u00e4lin turvallisuuden ja kest\u00e4vyyden.[\/vc_column_text][\/vc_column_inner][vc_column_inner width=&#8221;1\/2&#8243;][vc_column_text css=&#8221;&#8221; woodmart_inline=&#8221;no&#8221; text_larger=&#8221;no&#8221;]<\/p>\n<h3>Tehokkaampi jarrutus ja parempi suorituskyky<\/h3>\n<p>[\/vc_column_text][vc_column_text css=&#8221;&#8221; woodmart_inline=&#8221;no&#8221; text_larger=&#8221;no&#8221; el_class=&#8221;features-list&#8221;]Minimotors-s\u00e4hk\u00f6potkulaudat tunnetaan erinomaisesta rakennuslaadusta, n\u00e4ytt\u00e4v\u00e4st\u00e4 muotoilusta ja edistyksellisest\u00e4 tekniikasta. Minimotors Dualtron Victor Luxury -mallit edustavat br\u00e4ndin premium-tason viimeistely\u00e4 parhaimmillaan. Korkean suorituskyvyn ZOOM-hydrauliset levyjarrut ja leve\u00e4t 10\u00d73 tuuman ilmakumirenkaat takaavat varman hallinnan ja pehme\u00e4n ajotuntuman. Yhdistettyn\u00e4 edistyneeseen kumijousitusj\u00e4rjestelm\u00e4\u00e4n Victor Luxury tarjoaa turvallisen, vakaan ja poikkeuksellisen mukavan ajokokemuksen.[\/vc_column_text][\/vc_column_inner][\/vc_row_inner][vc_row_inner equal_height=&#8221;yes&#8221; content_placement=&#8221;top&#8221; gap=&#8221;30&#8243; responsive_tabs_advanced=&#8221;mobile&#8221; woodmart_css_id=&#8221;67f38bd8cf23e&#8221; responsive_spacing=&#8221;eyJwYXJhbV90eXBlIjoid29vZG1hcnRfcmVzcG9uc2l2ZV9zcGFjaW5nIiwic2VsZWN0b3JfaWQiOiI2N2YzOGJkOGNmMjNlIiwic2hvcnRjb2RlIjoidmNfcm93X2lubmVyIiwiZGF0YSI6eyJ0YWJsZXQiOnt9LCJtb2JpbGUiOnt9fX0=&#8221; mobile_bg_img_hidden=&#8221;no&#8221; tablet_bg_img_hidden=&#8221;no&#8221; woodmart_parallax=&#8221;0&#8243; woodmart_gradient_switch=&#8221;no&#8221; woodmart_box_shadow=&#8221;no&#8221; wd_z_index=&#8221;no&#8221; woodmart_disable_overflow=&#8221;0&#8243; row_reverse_mobile=&#8221;1&#8243; row_reverse_tablet=&#8221;0&#8243; el_class=&#8221;inside-dec-row&#8221;][vc_column_inner width=&#8221;1\/2&#8243;][vc_column_text css=&#8221;&#8221; woodmart_inline=&#8221;no&#8221; text_larger=&#8221;no&#8221;]<\/p>\n<h3>Kest\u00e4v\u00e4 ja mukava ajokokemus premium-ominaisuuksilla<\/h3>\n<p>[\/vc_column_text][vc_column_text css=&#8221;&#8221; woodmart_inline=&#8221;no&#8221; text_larger=&#8221;no&#8221; el_class=&#8221;features-list&#8221;]Minimotors Dualtron -s\u00e4hk\u00f6potkulautojen uusin sukupolvi \u2014 mukaan lukien Victor Luxury \u2014 on varustettu ohjaustangon varren alaosaan integroidulla iskunvaimentimella, joka v\u00e4hent\u00e4\u00e4 ajon aikana k\u00e4siin v\u00e4littyvi\u00e4 t\u00e4rin\u00f6it\u00e4 ja parantaa ajomukavuutta sek\u00e4 hallittavuutta. T\u00e4ss\u00e4 mallissa on my\u00f6s taitettava ohjaustanko, joka lis\u00e4\u00e4 k\u00e4yt\u00e4nn\u00f6llisyytt\u00e4 kuljetuksessa ja s\u00e4ilytyksess\u00e4. Vuosien kehitysty\u00f6n aikana Minimotors on havainnut, ett\u00e4 taitettavalla ohjaustangolla varustetut potkulaudat hy\u00f6tyv\u00e4t ajoittaisesta s\u00e4\u00e4d\u00f6st\u00e4 optimaalisen toiminnan varmistamiseksi. Siksi Victor Luxury on varustettu yhdell\u00e4 markkinoiden edistyneimmist\u00e4 taitettavan ohjaustangon j\u00e4rjestelmist\u00e4, joka mahdollistaa helpon ja ty\u00f6kaluttoman s\u00e4\u00e4d\u00f6n.[\/vc_column_text][\/vc_column_inner][vc_column_inner width=&#8221;1\/2&#8243;][vc_column_text css=&#8221;&#8221; woodmart_inline=&#8221;no&#8221; text_larger=&#8221;no&#8221;]<\/p>\n<h3>K\u00e4yt\u00e4nn\u00f6llisyys kohtaa mukavuuden<\/h3>\n<p>[\/vc_column_text][vc_column_text css=&#8221;&#8221; woodmart_inline=&#8221;no&#8221; text_larger=&#8221;no&#8221; el_class=&#8221;features-list&#8221;]Dualtron Victor Luxury on suunniteltu helppoa s\u00e4ilytyst\u00e4 ja kuljetusta varten. Taittomekanismi sis\u00e4lt\u00e4\u00e4 my\u00f6s ohjaustangon, mik\u00e4 mahdollistaa eritt\u00e4in kompaktin s\u00e4ilytyksen pieniss\u00e4 tiloissa. Noin 33 kg painollaan t\u00e4m\u00e4 malli tasapainottaa siirrelt\u00e4vyyden ja vankan rakenteen, mik\u00e4 tekee siit\u00e4 erinomaisen valinnan kuljettajille, jotka tarvitsevat monipuolisen ja luotettavan s\u00e4hk\u00f6potkulaudan. Enimm\u00e4iskuormitus 120 kg mahdollistaa k\u00e4yt\u00f6n monenlaisille k\u00e4ytt\u00e4jille s\u00e4ilytt\u00e4en samalla laudan lujuuden ja kest\u00e4vyyden niin p\u00e4ivitt\u00e4isill\u00e4 matkoilla kuin pidemmill\u00e4 ajomatkoilla.[\/vc_column_text][\/vc_column_inner][\/vc_row_inner]\t\t<div class=\"wd-el-video wd-wpb wd-rs-690c8dde2ac41 wd-action-without wd-video-youtube\">\n\t\t\t\t\t\t\t<iframe src=\"https:\/\/www.youtube.com\/embed\/vca7ltU6zHY?feature=oembed&loop=0&mute=0&controls=1&autoplay=0\" allowfullscreen allow=\"accelerometer; autoplay; encrypted-media; gyroscope; picture-in-picture\" width=\"100%\" height=\"100%\" loading=\"lazy\" aria-label=\"Videosoitin\"><\/iframe>\t\t\t\n\t\t\t\n\t\t\t\n\t\t\t\t\t<\/div>\n\t\t\t\t<div id=\"wd-690c8e34c8578\" class=\"wd-text-block wd-wpb reset-last-child wd-rs-690c8e34c8578 text-left \">\n\t\t\t<p style=\"text-align: right;\"><strong>Huom: <\/strong><em>Dualtron Victor Luxury -s\u00e4hk\u00f6potkulauta on Virossa tieliikennelain mukaan katulaillinen, sill\u00e4 valmistajan ilmoittama teho on 1000 W ja valmistajan ilmoittama huippunopeus 25 km\/h.<\/em><\/p>\n\t\t<\/div>\n\t\t[vc_empty_space height=&#8221;2vw&#8221; woodmart_hide_large=&#8221;0&#8243; woodmart_hide_medium=&#8221;0&#8243; woodmart_hide_small=&#8221;0&#8243;][vc_row_inner el_class=&#8221;product-cta&#8221; woodmart_css_id=&#8221;67ad831e70f64&#8243; responsive_spacing=&#8221;eyJwYXJhbV90eXBlIjoid29vZG1hcnRfcmVzcG9uc2l2ZV9zcGFjaW5nIiwic2VsZWN0b3JfaWQiOiI2N2FkODMxZTcwZjY0Iiwic2hvcnRjb2RlIjoidmNfcm93X2lubmVyIiwiZGF0YSI6eyJ0YWJsZXQiOnt9LCJtb2JpbGUiOnt9fX0=&#8221; mobile_bg_img_hidden=&#8221;no&#8221; tablet_bg_img_hidden=&#8221;no&#8221; woodmart_parallax=&#8221;0&#8243; woodmart_gradient_switch=&#8221;no&#8221; woodmart_box_shadow=&#8221;no&#8221; wd_z_index=&#8221;no&#8221; woodmart_disable_overflow=&#8221;0&#8243; row_reverse_mobile=&#8221;0&#8243; row_reverse_tablet=&#8221;0&#8243;][vc_column_inner][vc_column_text css=&#8221;&#8221; el_class=&#8221;bigger-cta-heading&#8221; woodmart_inline=&#8221;no&#8221; text_larger=&#8221;no&#8221;]<\/p>\n<h4>Tilaa Dualtron Victor Luxury -s\u00e4hk\u00f6potkulauta jo t\u00e4n\u00e4\u00e4n!<\/h4>\n<p>[\/vc_column_text][\/vc_column_inner][\/vc_row_inner][\/vc_column][\/vc_row]<\/p>\n<\/div>","protected":false},"excerpt":{"rendered":"<p>Dualtron Victor Luxury yhdist\u00e4\u00e4 suorituskyvyn, pitk\u00e4n toimintas\u00e4teen ja ajomukavuuden korkealuokkaisessa kaksimoottorisessa s\u00e4hk\u00f6potkulaudassa. Kahdella 1000 W moottorilla, ZOOM-hydraulisilla jarruilla, leveill\u00e4 10\u00d73\u2033 renkailla ja s\u00e4\u00e4dett\u00e4v\u00e4ll\u00e4 kumijousituksella varustettuna se tarjoaa jopa 100 km toimintas\u00e4teen ja selviytyy 30 % nousuista vaivattomasti. Valittavana on 60V \/ 24Ah tai 60V \/ 30Ah LG -akku, ja lis\u00e4ksi mukana ovat RGB-valaistus, taitettava ohjaustanko sek\u00e4 edistyneet ajonhallintaominaisuudet \u2014 kaikki 33 kg painoisessa paketissa, joka on suunniteltu vaativille ajajille.<\/p>\n","protected":false},"featured_media":13636,"comment_status":"closed","ping_status":"closed","template":"","meta":[],"product_brand":[659],"product_cat":[736],"product_tag":[],"class_list":{"0":"post-13639","1":"product","2":"type-product","3":"status-publish","4":"has-post-thumbnail","6":"product_brand-dualtron","7":"product_cat-sahkopotkulaudat","9":"first","10":"instock","11":"sale","12":"taxable","13":"shipping-taxable","14":"purchasable","15":"product-type-simple"},"yoast_head":"<!-- This site is optimized with the Yoast SEO Premium plugin v27.3 (Yoast SEO v27.4) - https:\/\/yoast.com\/product\/yoast-seo-premium-wordpress\/ -->\n<title>Dualtron Victor Luxury \u2013 Kaksoismoottorin teho ja pitk\u00e4 toimintas\u00e4de | Voltride<\/title>\n<meta name=\"description\" content=\"Dualtron Victor Luxury on korkealuokkainen kaksimoottorinen s\u00e4hk\u00f6potkulauta, joka tarjoaa jopa 100 km toimintas\u00e4teen, hydrauliset jarrut, s\u00e4\u00e4dett\u00e4v\u00e4n jousituksen ja premium-tason ajomukavuuden.\" \/>\n<meta name=\"robots\" content=\"index, follow, max-snippet:-1, max-image-preview:large, max-video-preview:-1\" \/>\n<link rel=\"canonical\" href=\"https:\/\/voltride.com\/fi\/dualtron-victor-luxury\/\" \/>\n<meta property=\"og:locale\" content=\"fi_FI\" \/>\n<meta property=\"og:type\" content=\"article\" \/>\n<meta property=\"og:title\" content=\"Dualtron Victor Luxury | Voltride\" \/>\n<meta property=\"og:description\" content=\"Dualtron Victor Luxury on korkealuokkainen kaksimoottorinen s\u00e4hk\u00f6potkulauta, joka tarjoaa jopa 100 km toimintas\u00e4teen, hydrauliset jarrut, s\u00e4\u00e4dett\u00e4v\u00e4n jousituksen ja premium-tason ajomukavuuden.\" \/>\n<meta property=\"og:url\" content=\"https:\/\/voltride.com\/fi\/dualtron-victor-luxury\/\" \/>\n<meta property=\"og:site_name\" content=\"Voltride\" \/>\n<meta property=\"article:publisher\" content=\"https:\/\/www.facebook.com\/voltridecom\/\" \/>\n<meta property=\"article:modified_time\" content=\"2026-03-31T21:23:19+00:00\" \/>\n<meta property=\"og:image\" content=\"https:\/\/voltride.com\/wp-content\/uploads\/2025\/09\/dualtron-victor-luxury-electric-scooter-front.png\" \/>\n\t<meta property=\"og:image:width\" content=\"2000\" \/>\n\t<meta property=\"og:image:height\" content=\"2000\" \/>\n\t<meta property=\"og:image:type\" content=\"image\/png\" \/>\n<meta name=\"twitter:card\" content=\"summary_large_image\" \/>\n<script type=\"application\/ld+json\" class=\"yoast-schema-graph\">{\"@context\":\"https:\\\/\\\/schema.org\",\"@graph\":[{\"@type\":\"WebPage\",\"@id\":\"https:\\\/\\\/voltride.com\\\/fi\\\/dualtron-victor-luxury\\\/\",\"url\":\"https:\\\/\\\/voltride.com\\\/fi\\\/dualtron-victor-luxury\\\/\",\"name\":\"Dualtron Victor Luxury \u2013 Kaksoismoottorin teho ja pitk\u00e4 toimintas\u00e4de | Voltride\",\"isPartOf\":{\"@id\":\"https:\\\/\\\/voltride.com\\\/fi\\\/#website\"},\"primaryImageOfPage\":{\"@id\":\"https:\\\/\\\/voltride.com\\\/fi\\\/dualtron-victor-luxury\\\/#primaryimage\"},\"image\":{\"@id\":\"https:\\\/\\\/voltride.com\\\/fi\\\/dualtron-victor-luxury\\\/#primaryimage\"},\"thumbnailUrl\":\"https:\\\/\\\/voltride.com\\\/wp-content\\\/uploads\\\/2025\\\/09\\\/dualtron-victor-luxury-electric-scooter-front.png\",\"datePublished\":\"2025-09-09T07:47:28+00:00\",\"dateModified\":\"2026-03-31T21:23:19+00:00\",\"description\":\"Dualtron Victor Luxury on korkealuokkainen kaksimoottorinen s\u00e4hk\u00f6potkulauta, joka tarjoaa jopa 100 km toimintas\u00e4teen, hydrauliset jarrut, s\u00e4\u00e4dett\u00e4v\u00e4n jousituksen ja premium-tason ajomukavuuden.\",\"breadcrumb\":{\"@id\":\"https:\\\/\\\/voltride.com\\\/fi\\\/dualtron-victor-luxury\\\/#breadcrumb\"},\"inLanguage\":\"fi\",\"potentialAction\":[{\"@type\":\"ReadAction\",\"target\":[\"https:\\\/\\\/voltride.com\\\/fi\\\/dualtron-victor-luxury\\\/\"]}]},{\"@type\":\"ImageObject\",\"inLanguage\":\"fi\",\"@id\":\"https:\\\/\\\/voltride.com\\\/fi\\\/dualtron-victor-luxury\\\/#primaryimage\",\"url\":\"https:\\\/\\\/voltride.com\\\/wp-content\\\/uploads\\\/2025\\\/09\\\/dualtron-victor-luxury-electric-scooter-front.png\",\"contentUrl\":\"https:\\\/\\\/voltride.com\\\/wp-content\\\/uploads\\\/2025\\\/09\\\/dualtron-victor-luxury-electric-scooter-front.png\",\"width\":2000,\"height\":2000,\"caption\":\"Viistosta edest\u00e4 kuvattu Dualtron Victor Luxury -s\u00e4hk\u00f6potkulauta.\"},{\"@type\":\"BreadcrumbList\",\"@id\":\"https:\\\/\\\/voltride.com\\\/fi\\\/dualtron-victor-luxury\\\/#breadcrumb\",\"itemListElement\":[{\"@type\":\"ListItem\",\"position\":1,\"name\":\"Etusivu\",\"item\":\"https:\\\/\\\/voltride.com\\\/fi\\\/\"},{\"@type\":\"ListItem\",\"position\":2,\"name\":\"Kauppa\",\"item\":\"https:\\\/\\\/voltride.com\\\/shop\\\/\"},{\"@type\":\"ListItem\",\"position\":3,\"name\":\"S\u00e4hk\u00f6potkulaudat\",\"item\":\"https:\\\/\\\/voltride.com\\\/fi\\\/sahkopotkulaudat\\\/\"},{\"@type\":\"ListItem\",\"position\":4,\"name\":\"Dualtron Victor Luxury\"}]},{\"@type\":\"WebSite\",\"@id\":\"https:\\\/\\\/voltride.com\\\/fi\\\/#website\",\"url\":\"https:\\\/\\\/voltride.com\\\/fi\\\/\",\"name\":\"Voltride\",\"description\":\"Parim elektrirataste elektrit\u00f5ukside ja \u00fcksrataste pood ja remont\",\"publisher\":{\"@id\":\"https:\\\/\\\/voltride.com\\\/fi\\\/#organization\"},\"alternateName\":\"Vr\",\"potentialAction\":[{\"@type\":\"SearchAction\",\"target\":{\"@type\":\"EntryPoint\",\"urlTemplate\":\"https:\\\/\\\/voltride.com\\\/fi\\\/?s={search_term_string}\"},\"query-input\":{\"@type\":\"PropertyValueSpecification\",\"valueRequired\":true,\"valueName\":\"search_term_string\"}}],\"inLanguage\":\"fi\"},{\"@type\":[\"Organization\",\"Place\"],\"@id\":\"https:\\\/\\\/voltride.com\\\/fi\\\/#organization\",\"name\":\"Voltride\",\"alternateName\":\"VR\",\"url\":\"https:\\\/\\\/voltride.com\\\/fi\\\/\",\"logo\":{\"@id\":\"https:\\\/\\\/voltride.com\\\/fi\\\/dualtron-victor-luxury\\\/#local-main-organization-logo\"},\"image\":{\"@id\":\"https:\\\/\\\/voltride.com\\\/fi\\\/dualtron-victor-luxury\\\/#local-main-organization-logo\"},\"sameAs\":[\"https:\\\/\\\/www.facebook.com\\\/voltridecom\\\/\"],\"legalName\":\"Voltride O\u00dc\",\"numberOfEmployees\":{\"@type\":\"QuantitativeValue\",\"minValue\":\"1\",\"maxValue\":\"10\"},\"ownershipFundingInfo\":\"https:\\\/\\\/voltride.com\\\/about-us\\\/\",\"hasMerchantReturnPolicy\":{\"@type\":\"MerchantReturnPolicy\",\"merchantReturnLink\":\"https:\\\/\\\/voltride.com\\\/shipping-and-returns\\\/\"},\"address\":{\"@id\":\"https:\\\/\\\/voltride.com\\\/fi\\\/dualtron-victor-luxury\\\/#local-main-place-address\"},\"geo\":{\"@type\":\"GeoCoordinates\",\"latitude\":\"59.439554\",\"longitude\":\"24.726644\"},\"telephone\":[\"+372 600 40 99\"],\"contactPoint\":{\"@type\":\"ContactPoint\",\"telephone\":\"+372 600 40 99\",\"email\":\"info@voltride.com\"},\"openingHoursSpecification\":[{\"@type\":\"OpeningHoursSpecification\",\"dayOfWeek\":[\"Monday\",\"Tuesday\",\"Wednesday\",\"Thursday\",\"Friday\"],\"opens\":\"10:00\",\"closes\":\"18:00\"},{\"@type\":\"OpeningHoursSpecification\",\"dayOfWeek\":[\"Saturday\",\"Sunday\"],\"opens\":\"00:00\",\"closes\":\"00:00\"}],\"email\":\"info@voltride.com\",\"taxID\":\"14871968\"},{\"@type\":\"PostalAddress\",\"@id\":\"https:\\\/\\\/voltride.com\\\/fi\\\/dualtron-victor-luxury\\\/#local-main-place-address\",\"streetAddress\":\"Voltride Telliskivi 57D\",\"addressLocality\":\"Tallinn\",\"postalCode\":\"10412\",\"addressRegion\":\"Tallinn\",\"addressCountry\":\"EE\"},{\"@type\":\"ImageObject\",\"inLanguage\":\"fi\",\"@id\":\"https:\\\/\\\/voltride.com\\\/fi\\\/dualtron-victor-luxury\\\/#local-main-organization-logo\",\"url\":\"https:\\\/\\\/voltride.com\\\/wp-content\\\/uploads\\\/voltride-logo.png\",\"contentUrl\":\"https:\\\/\\\/voltride.com\\\/wp-content\\\/uploads\\\/voltride-logo.png\",\"width\":2481,\"height\":620,\"caption\":\"Voltride\"}]}<\/script>\n<meta property=\"product:brand\" content=\"Dualtron\" \/>\n<meta property=\"product:price:amount\" content=\"2099.99\" \/>\n<meta property=\"product:price:currency\" content=\"EUR\" \/>\n<meta property=\"og:availability\" content=\"instock\" \/>\n<meta property=\"product:availability\" content=\"instock\" \/>\n<meta property=\"product:retailer_item_id\" content=\"KSMM404\" \/>\n<meta property=\"product:condition\" content=\"new\" \/>\n<meta name=\"geo.placename\" content=\"Tallinn\" \/>\n<meta name=\"geo.position\" content=\"59.439554;24.726644\" \/>\n<meta name=\"geo.region\" content=\"Viro\" \/>\n<!-- \/ Yoast SEO Premium plugin. -->","yoast_head_json":{"title":"Dualtron Victor Luxury \u2013 Kaksoismoottorin teho ja pitk\u00e4 toimintas\u00e4de | Voltride","description":"Dualtron Victor Luxury on korkealuokkainen kaksimoottorinen s\u00e4hk\u00f6potkulauta, joka tarjoaa jopa 100 km toimintas\u00e4teen, hydrauliset jarrut, s\u00e4\u00e4dett\u00e4v\u00e4n jousituksen ja premium-tason ajomukavuuden.","robots":{"index":"index","follow":"follow","max-snippet":"max-snippet:-1","max-image-preview":"max-image-preview:large","max-video-preview":"max-video-preview:-1"},"canonical":"https:\/\/voltride.com\/fi\/dualtron-victor-luxury\/","og_locale":"fi_FI","og_type":"article","og_title":"Dualtron Victor Luxury | Voltride","og_description":"Dualtron Victor Luxury on korkealuokkainen kaksimoottorinen s\u00e4hk\u00f6potkulauta, joka tarjoaa jopa 100 km toimintas\u00e4teen, hydrauliset jarrut, s\u00e4\u00e4dett\u00e4v\u00e4n jousituksen ja premium-tason ajomukavuuden.","og_url":"https:\/\/voltride.com\/fi\/dualtron-victor-luxury\/","og_site_name":"Voltride","article_publisher":"https:\/\/www.facebook.com\/voltridecom\/","article_modified_time":"2026-03-31T21:23:19+00:00","og_image":[{"width":2000,"height":2000,"url":"https:\/\/voltride.com\/wp-content\/uploads\/2025\/09\/dualtron-victor-luxury-electric-scooter-front.png","type":"image\/png"}],"twitter_card":"summary_large_image","schema":{"@context":"https:\/\/schema.org","@graph":[{"@type":"WebPage","@id":"https:\/\/voltride.com\/fi\/dualtron-victor-luxury\/","url":"https:\/\/voltride.com\/fi\/dualtron-victor-luxury\/","name":"Dualtron Victor Luxury \u2013 Kaksoismoottorin teho ja pitk\u00e4 toimintas\u00e4de | Voltride","isPartOf":{"@id":"https:\/\/voltride.com\/fi\/#website"},"primaryImageOfPage":{"@id":"https:\/\/voltride.com\/fi\/dualtron-victor-luxury\/#primaryimage"},"image":{"@id":"https:\/\/voltride.com\/fi\/dualtron-victor-luxury\/#primaryimage"},"thumbnailUrl":"https:\/\/voltride.com\/wp-content\/uploads\/2025\/09\/dualtron-victor-luxury-electric-scooter-front.png","datePublished":"2025-09-09T07:47:28+00:00","dateModified":"2026-03-31T21:23:19+00:00","description":"Dualtron Victor Luxury on korkealuokkainen kaksimoottorinen s\u00e4hk\u00f6potkulauta, joka tarjoaa jopa 100 km toimintas\u00e4teen, hydrauliset jarrut, s\u00e4\u00e4dett\u00e4v\u00e4n jousituksen ja premium-tason ajomukavuuden.","breadcrumb":{"@id":"https:\/\/voltride.com\/fi\/dualtron-victor-luxury\/#breadcrumb"},"inLanguage":"fi","potentialAction":[{"@type":"ReadAction","target":["https:\/\/voltride.com\/fi\/dualtron-victor-luxury\/"]}]},{"@type":"ImageObject","inLanguage":"fi","@id":"https:\/\/voltride.com\/fi\/dualtron-victor-luxury\/#primaryimage","url":"https:\/\/voltride.com\/wp-content\/uploads\/2025\/09\/dualtron-victor-luxury-electric-scooter-front.png","contentUrl":"https:\/\/voltride.com\/wp-content\/uploads\/2025\/09\/dualtron-victor-luxury-electric-scooter-front.png","width":2000,"height":2000,"caption":"Viistosta edest\u00e4 kuvattu Dualtron Victor Luxury -s\u00e4hk\u00f6potkulauta."},{"@type":"BreadcrumbList","@id":"https:\/\/voltride.com\/fi\/dualtron-victor-luxury\/#breadcrumb","itemListElement":[{"@type":"ListItem","position":1,"name":"Etusivu","item":"https:\/\/voltride.com\/fi\/"},{"@type":"ListItem","position":2,"name":"Kauppa","item":"https:\/\/voltride.com\/shop\/"},{"@type":"ListItem","position":3,"name":"S\u00e4hk\u00f6potkulaudat","item":"https:\/\/voltride.com\/fi\/sahkopotkulaudat\/"},{"@type":"ListItem","position":4,"name":"Dualtron Victor Luxury"}]},{"@type":"WebSite","@id":"https:\/\/voltride.com\/fi\/#website","url":"https:\/\/voltride.com\/fi\/","name":"Voltride","description":"Parim elektrirataste elektrit\u00f5ukside ja \u00fcksrataste pood ja remont","publisher":{"@id":"https:\/\/voltride.com\/fi\/#organization"},"alternateName":"Vr","potentialAction":[{"@type":"SearchAction","target":{"@type":"EntryPoint","urlTemplate":"https:\/\/voltride.com\/fi\/?s={search_term_string}"},"query-input":{"@type":"PropertyValueSpecification","valueRequired":true,"valueName":"search_term_string"}}],"inLanguage":"fi"},{"@type":["Organization","Place"],"@id":"https:\/\/voltride.com\/fi\/#organization","name":"Voltride","alternateName":"VR","url":"https:\/\/voltride.com\/fi\/","logo":{"@id":"https:\/\/voltride.com\/fi\/dualtron-victor-luxury\/#local-main-organization-logo"},"image":{"@id":"https:\/\/voltride.com\/fi\/dualtron-victor-luxury\/#local-main-organization-logo"},"sameAs":["https:\/\/www.facebook.com\/voltridecom\/"],"legalName":"Voltride O\u00dc","numberOfEmployees":{"@type":"QuantitativeValue","minValue":"1","maxValue":"10"},"ownershipFundingInfo":"https:\/\/voltride.com\/about-us\/","hasMerchantReturnPolicy":{"@type":"MerchantReturnPolicy","merchantReturnLink":"https:\/\/voltride.com\/shipping-and-returns\/"},"address":{"@id":"https:\/\/voltride.com\/fi\/dualtron-victor-luxury\/#local-main-place-address"},"geo":{"@type":"GeoCoordinates","latitude":"59.439554","longitude":"24.726644"},"telephone":["+372 600 40 99"],"contactPoint":{"@type":"ContactPoint","telephone":"+372 600 40 99","email":"info@voltride.com"},"openingHoursSpecification":[{"@type":"OpeningHoursSpecification","dayOfWeek":["Monday","Tuesday","Wednesday","Thursday","Friday"],"opens":"10:00","closes":"18:00"},{"@type":"OpeningHoursSpecification","dayOfWeek":["Saturday","Sunday"],"opens":"00:00","closes":"00:00"}],"email":"info@voltride.com","taxID":"14871968"},{"@type":"PostalAddress","@id":"https:\/\/voltride.com\/fi\/dualtron-victor-luxury\/#local-main-place-address","streetAddress":"Voltride Telliskivi 57D","addressLocality":"Tallinn","postalCode":"10412","addressRegion":"Tallinn","addressCountry":"EE"},{"@type":"ImageObject","inLanguage":"fi","@id":"https:\/\/voltride.com\/fi\/dualtron-victor-luxury\/#local-main-organization-logo","url":"https:\/\/voltride.com\/wp-content\/uploads\/voltride-logo.png","contentUrl":"https:\/\/voltride.com\/wp-content\/uploads\/voltride-logo.png","width":2481,"height":620,"caption":"Voltride"}]},"product_brand":"Dualtron","product_price_amount":"2099.99","product_price_currency":"EUR","og_availability":"instock","product_availability":"instock","product_retailer_item_id":"KSMM404","product_condition":"new","geo.placename":"Tallinn","geo.position":{"lat":"59.439554","long":"24.726644"},"geo.region":"Viro"},"_links":{"self":[{"href":"https:\/\/voltride.com\/fi\/wp-json\/wp\/v2\/product\/13639","targetHints":{"allow":["GET"]}}],"collection":[{"href":"https:\/\/voltride.com\/fi\/wp-json\/wp\/v2\/product"}],"about":[{"href":"https:\/\/voltride.com\/fi\/wp-json\/wp\/v2\/types\/product"}],"replies":[{"embeddable":true,"href":"https:\/\/voltride.com\/fi\/wp-json\/wp\/v2\/comments?post=13639"}],"wp:featuredmedia":[{"embeddable":true,"href":"https:\/\/voltride.com\/fi\/wp-json\/wp\/v2\/media\/13636"}],"wp:attachment":[{"href":"https:\/\/voltride.com\/fi\/wp-json\/wp\/v2\/media?parent=13639"}],"wp:term":[{"taxonomy":"product_brand","embeddable":true,"href":"https:\/\/voltride.com\/fi\/wp-json\/wp\/v2\/product_brand?post=13639"},{"taxonomy":"product_cat","embeddable":true,"href":"https:\/\/voltride.com\/fi\/wp-json\/wp\/v2\/product_cat?post=13639"},{"taxonomy":"product_tag","embeddable":true,"href":"https:\/\/voltride.com\/fi\/wp-json\/wp\/v2\/product_tag?post=13639"}],"curies":[{"name":"wp","href":"https:\/\/api.w.org\/{rel}","templated":true}]}}