{"id":13845,"date":"2025-02-23T22:05:56","date_gmt":"2025-02-23T20:05:56","guid":{"rendered":"https:\/\/voltride.com\/dualtron-compact\/"},"modified":"2026-03-31T23:23:21","modified_gmt":"2026-03-31T21:23:21","slug":"dualtron-compact","status":"publish","type":"product","link":"https:\/\/voltride.com\/fi\/dualtron-compact\/","title":{"rendered":"Dualtron Compact"},"content":{"rendered":"<div class=\"wpb-content-wrapper\"><p>[vc_row css=&#8221;.vc_custom_1738843193265{background-color: #0F3F36 !important;}&#8221; woodmart_css_id=&#8221;67a4a4339c25a&#8221; responsive_spacing=&#8221;eyJwYXJhbV90eXBlIjoid29vZG1hcnRfcmVzcG9uc2l2ZV9zcGFjaW5nIiwic2VsZWN0b3JfaWQiOiI2N2E0YTQzMzljMjVhIiwic2hvcnRjb2RlIjoidmNfcm93IiwiZGF0YSI6eyJ0YWJsZXQiOnt9LCJtb2JpbGUiOnt9fX0=&#8221; mobile_bg_img_hidden=&#8221;no&#8221; tablet_bg_img_hidden=&#8221;no&#8221; woodmart_parallax=&#8221;0&#8243; woodmart_gradient_switch=&#8221;no&#8221; woodmart_box_shadow=&#8221;no&#8221; wd_z_index=&#8221;no&#8221; woodmart_disable_overflow=&#8221;0&#8243; row_reverse_mobile=&#8221;0&#8243; row_reverse_tablet=&#8221;0&#8243; el_id=&#8221;p-description&#8221; el_class=&#8221;product-description&#8221;][vc_column][vc_row_inner equal_height=&#8221;yes&#8221; content_placement=&#8221;middle&#8221; gap=&#8221;30&#8243; woodmart_css_id=&#8221;67ad1bf7ca313&#8243; responsive_spacing=&#8221;eyJwYXJhbV90eXBlIjoid29vZG1hcnRfcmVzcG9uc2l2ZV9zcGFjaW5nIiwic2VsZWN0b3JfaWQiOiI2N2FkMWJmN2NhMzEzIiwic2hvcnRjb2RlIjoidmNfcm93X2lubmVyIiwiZGF0YSI6eyJ0YWJsZXQiOnt9LCJtb2JpbGUiOnt9fX0=&#8221; mobile_bg_img_hidden=&#8221;no&#8221; tablet_bg_img_hidden=&#8221;no&#8221; woodmart_parallax=&#8221;0&#8243; woodmart_gradient_switch=&#8221;no&#8221; woodmart_box_shadow=&#8221;no&#8221; wd_z_index=&#8221;no&#8221; woodmart_disable_overflow=&#8221;0&#8243; row_reverse_mobile=&#8221;1&#8243; row_reverse_tablet=&#8221;0&#8243; el_class=&#8221;first-row inside-dec-row&#8221;][vc_column_inner el_class=&#8221;left-text-product&#8221; width=&#8221;1\/2&#8243; woodmart_css_id=&#8221;67ad4841a2dd4&#8243; parallax_scroll=&#8221;no&#8221; woodmart_sticky_column=&#8221;false&#8221; wd_collapsible_content_switcher=&#8221;no&#8221; wd_column_role_offcanvas_desktop=&#8221;no&#8221; wd_column_role_offcanvas_tablet=&#8221;no&#8221; wd_column_role_offcanvas_mobile=&#8221;no&#8221; wd_column_role_content_desktop=&#8221;no&#8221; wd_column_role_content_tablet=&#8221;no&#8221; wd_column_role_content_mobile=&#8221;no&#8221; mobile_bg_img_hidden=&#8221;no&#8221; tablet_bg_img_hidden=&#8221;no&#8221; woodmart_parallax=&#8221;0&#8243; woodmart_box_shadow=&#8221;no&#8221; responsive_spacing=&#8221;eyJwYXJhbV90eXBlIjoid29vZG1hcnRfcmVzcG9uc2l2ZV9zcGFjaW5nIiwic2VsZWN0b3JfaWQiOiI2N2FkNDg0MWEyZGQ0Iiwic2hvcnRjb2RlIjoidmNfY29sdW1uX2lubmVyIiwiZGF0YSI6eyJ0YWJsZXQiOnt9LCJtb2JpbGUiOnt9fX0=&#8221; wd_z_index=&#8221;no&#8221;][vc_column_text css=&#8221;&#8221; woodmart_inline=&#8221;no&#8221; text_larger=&#8221;no&#8221;]<\/p>\n<h3>Kaupunkiajo, p\u00e4ivitetty<\/h3>\n<p>[\/vc_column_text][vc_column_text css=&#8221;&#8221; woodmart_inline=&#8221;no&#8221; text_larger=&#8221;no&#8221;]Kaksoismoottorit antavat Compactille erinomaisen m\u00e4ennousukyvyn, joten jyrk\u00e4tkin nousut hoituvat vaivattomasti ja itsevarmasti.<\/p>\n<p>Unohda rengasrikot. 8-tuumaiset eritt\u00e4in leve\u00e4t umpikumirenkaat poistavat puhkeamisriskin ja tarjoavat samalla erinomaisen pidon. Irrotettava rengasyksikk\u00f6 tekee huollosta ja korjauksista yksinkertaisempia.<\/p>\n<p>Kaksoisrumpujarrut ja ABS-j\u00e4rjestelm\u00e4 takaavat luotettavan pys\u00e4htymistehon ja mielenrauhan my\u00f6s suuremmissa nopeuksissa.<\/p>\n<p>Tehokas, energiatehokas ja suunniteltu vaivattomaan, v\u00e4h\u00e4huoltoiseen k\u00e4ytt\u00f6\u00f6n.[\/vc_column_text][\/vc_column_inner][vc_column_inner width=&#8221;1\/2&#8243;][vc_column_text css=&#8221;&#8221; woodmart_inline=&#8221;no&#8221; text_larger=&#8221;no&#8221;]<\/p>\n<h3>Taitettava ja sulava ajossa<\/h3>\n<p>[\/vc_column_text][vc_column_text css=&#8221;&#8221; woodmart_inline=&#8221;no&#8221; text_larger=&#8221;no&#8221;]T\u00e4ysin taitettava ohjaustankoj\u00e4rjestelm\u00e4 ja lukittava ohjainputki tekev\u00e4t Compactista yhden luokkansa helpoimmin kuljetettavista s\u00e4hk\u00f6potkulaudoista. Voit taittaa sen nopeasti kokoon ja s\u00e4ilytt\u00e4\u00e4 k\u00e4tev\u00e4sti esimerkiksi auton tavaratilassa tai ty\u00f6p\u00f6yd\u00e4n alla.<\/p>\n<p>Nauti ajomukavuudesta kaikilla alustoilla kaksoiskumijousituksen ansiosta. J\u00e4rjestelm\u00e4 on s\u00e4\u00e4dett\u00e4viss\u00e4 kolmessa tasossa ja tukee viitt\u00e4 erilaista jousikasettia, joten voit mukauttaa jousituksen j\u00e4ykkyyden ajotyyliisi, maaston mukaan tai ajajan painon perusteella. T\u00e4m\u00e4 fiksu ratkaisu sopii erinomaisesti sek\u00e4 kaupunki- ett\u00e4 maastoajoon.[\/vc_column_text][\/vc_column_inner][\/vc_row_inner][vc_row_inner equal_height=&#8221;yes&#8221; content_placement=&#8221;top&#8221; gap=&#8221;30&#8243; responsive_tabs_advanced=&#8221;mobile&#8221; woodmart_css_id=&#8221;67f3a5c2c0e81&#8243; responsive_spacing=&#8221;eyJwYXJhbV90eXBlIjoid29vZG1hcnRfcmVzcG9uc2l2ZV9zcGFjaW5nIiwic2VsZWN0b3JfaWQiOiI2N2YzYTVjMmMwZTgxIiwic2hvcnRjb2RlIjoidmNfcm93X2lubmVyIiwiZGF0YSI6eyJ0YWJsZXQiOnt9LCJtb2JpbGUiOnt9fX0=&#8221; mobile_bg_img_hidden=&#8221;no&#8221; tablet_bg_img_hidden=&#8221;no&#8221; woodmart_parallax=&#8221;0&#8243; woodmart_gradient_switch=&#8221;no&#8221; woodmart_box_shadow=&#8221;no&#8221; wd_z_index=&#8221;no&#8221; woodmart_disable_overflow=&#8221;0&#8243; row_reverse_mobile=&#8221;1&#8243; row_reverse_tablet=&#8221;0&#8243; el_class=&#8221;inside-dec-row&#8221;][vc_column_inner width=&#8221;1\/2&#8243;][vc_column_text css=&#8221;&#8221; woodmart_inline=&#8221;no&#8221; text_larger=&#8221;no&#8221;]<\/p>\n<h3>Suunniteltu erottumaan<\/h3>\n<p>[\/vc_column_text][vc_column_text css=&#8221;&#8221; woodmart_inline=&#8221;no&#8221; text_larger=&#8221;no&#8221; el_class=&#8221;two-text-block&#8221;]Edistyksellinen valaistusj\u00e4rjestelm\u00e4 parantaa turvallisuutta h\u00e4m\u00e4riss\u00e4 olosuhteissa. Olet aina hyvin n\u00e4kyviss\u00e4 \u2013 ja n\u00e4yt\u00e4t samalla hyv\u00e4lt\u00e4 \u2013 kaksois-LED-ajovalon, dekin alapuolisen tunnelmavalaistuksen, takavilkkujen ja jarruvalojen ansiosta.[\/vc_column_text][\/vc_column_inner][vc_column_inner width=&#8221;1\/2&#8243;]\t\t<div class=\"wd-el-video wd-wpb wd-rs-67f4efbb48988 wd-action-overlay wd-video-youtube wd-with-aspect-ratio wd-lightbox\">\n\t\t\t\n\t\t\t\n\t\t\t\n\t\t\t\t\t\t\t<div class=\"wd-el-video-overlay wd-fill\">\n\t\t\t\t\t<img loading=\"lazy\" decoding=\"async\" width=\"910\" height=\"493\" src=\"https:\/\/voltride.com\/wp-content\/uploads\/2025\/02\/electric-scooter-dualtron-compact-video-thumbnail.png\" class=\"attachment- size-\" alt=\"\" srcset=\"https:\/\/voltride.com\/wp-content\/uploads\/2025\/02\/electric-scooter-dualtron-compact-video-thumbnail.png 910w, https:\/\/voltride.com\/wp-content\/uploads\/2025\/02\/electric-scooter-dualtron-compact-video-thumbnail-150x81.png 150w, https:\/\/voltride.com\/wp-content\/uploads\/2025\/02\/electric-scooter-dualtron-compact-video-thumbnail-600x325.png 600w, https:\/\/voltride.com\/wp-content\/uploads\/2025\/02\/electric-scooter-dualtron-compact-video-thumbnail-300x163.png 300w, https:\/\/voltride.com\/wp-content\/uploads\/2025\/02\/electric-scooter-dualtron-compact-video-thumbnail-768x416.png 768w\" sizes=\"auto, (max-width: 910px) 100vw, 910px\" \/>\t\t\t\t<\/div>\n\t\t\t\t<div class=\"wd-el-video-control color-scheme-light wd-fill\">\n\t\t\t\t\t<span class=\"wd-el-video-play-btn\"><\/span>\n\t\t\t\t\t\t\t\t\t<\/div>\n\n\t\t\t\t<a class=\"wd-el-video-link wd-el-video-btn-overlay wd-fill wd-el-video-lightbox\" href=\"http:\/\/www.youtube.com\/watch?v=d85Cu9Ry7qc\" aria-label=\"Toista video\"><\/a>\n\t\t\t\t\t<\/div>\n\t\t[\/vc_column_inner][\/vc_row_inner][vc_row_inner el_class=&#8221;product-cta&#8221; woodmart_css_id=&#8221;67ad831e70f64&#8243; responsive_spacing=&#8221;eyJwYXJhbV90eXBlIjoid29vZG1hcnRfcmVzcG9uc2l2ZV9zcGFjaW5nIiwic2VsZWN0b3JfaWQiOiI2N2FkODMxZTcwZjY0Iiwic2hvcnRjb2RlIjoidmNfcm93X2lubmVyIiwiZGF0YSI6eyJ0YWJsZXQiOnt9LCJtb2JpbGUiOnt9fX0=&#8221; mobile_bg_img_hidden=&#8221;no&#8221; tablet_bg_img_hidden=&#8221;no&#8221; woodmart_parallax=&#8221;0&#8243; woodmart_gradient_switch=&#8221;no&#8221; woodmart_box_shadow=&#8221;no&#8221; wd_z_index=&#8221;no&#8221; woodmart_disable_overflow=&#8221;0&#8243; row_reverse_mobile=&#8221;0&#8243; row_reverse_tablet=&#8221;0&#8243;][vc_column_inner][vc_column_text css=&#8221;&#8221; el_class=&#8221;bigger-cta-heading&#8221; woodmart_inline=&#8221;no&#8221; text_larger=&#8221;no&#8221;]<\/p>\n<h4>Tilaa s\u00e4hk\u00f6potkulauta Dualtron Compact jo t\u00e4n\u00e4\u00e4n!<\/h4>\n<p>[\/vc_column_text][\/vc_column_inner][\/vc_row_inner][\/vc_column][\/vc_row]<\/p>\n<\/div>","protected":false},"excerpt":{"rendered":"<p><strong>Dualtron Compact<\/strong> tarjoaa tehokasta suorituskyky\u00e4 tyylikk\u00e4\u00e4ss\u00e4, taitettavassa rungossa \u2013 t\u00e4ydellinen kumppani vauhdikkaaseen kaupunkiel\u00e4m\u00e4\u00e4n tai m\u00e4kisten reittien vaivattomaan hallintaan. Se on suunniteltu ajajille, jotka vaativat tehoa, kest\u00e4vyytt\u00e4 ja helppoa huollettavuutta.<\/p>\n","protected":false},"featured_media":13839,"comment_status":"closed","ping_status":"closed","template":"","meta":[],"product_brand":[659],"product_cat":[736],"product_tag":[],"class_list":{"0":"post-13845","1":"product","2":"type-product","3":"status-publish","4":"has-post-thumbnail","6":"product_brand-dualtron","7":"product_cat-sahkopotkulaudat","9":"first","10":"instock","11":"sale","12":"taxable","13":"shipping-taxable","14":"purchasable","15":"product-type-simple"},"yoast_head":"<!-- This site is optimized with the Yoast SEO Premium plugin v27.3 (Yoast SEO v27.4) - https:\/\/yoast.com\/product\/yoast-seo-premium-wordpress\/ -->\n<title>Dualtron Compact \u2013 Powerful foldable performance for city riding | Voltride<\/title>\n<meta name=\"description\" content=\"S\u00e4hk\u00f6potkulauta Dualtron Compact \u2013 huippusuorituskykyinen taitettava s\u00e4hk\u00f6potkulauta kaksoismoottoreilla, ABS-rumpujarruilla, umpikumirenkailla ja s\u00e4\u00e4dett\u00e4v\u00e4ll\u00e4 kumijousituksella.\" \/>\n<meta name=\"robots\" content=\"index, follow, max-snippet:-1, max-image-preview:large, max-video-preview:-1\" \/>\n<link rel=\"canonical\" href=\"https:\/\/voltride.com\/fi\/dualtron-compact\/\" \/>\n<meta property=\"og:locale\" content=\"fi_FI\" \/>\n<meta property=\"og:type\" content=\"article\" \/>\n<meta property=\"og:title\" content=\"S\u00e4hk\u00f6potkulauta Dualtron Compact | Voltride\" \/>\n<meta property=\"og:description\" content=\"The Dualtron Compact is a powerhouse for its size. Solid tires and a 21Ah battery give you a problem-free riding on all terrains!Electric scooter Dualtron Compact \u2013 a high-performance folding scooter with dual motors, ABS drum brakes, solid tires, and adjustable rubber suspension.\" \/>\n<meta property=\"og:url\" content=\"https:\/\/voltride.com\/fi\/dualtron-compact\/\" \/>\n<meta property=\"og:site_name\" content=\"Voltride\" \/>\n<meta property=\"article:publisher\" content=\"https:\/\/www.facebook.com\/voltridecom\/\" \/>\n<meta property=\"article:modified_time\" content=\"2026-03-31T21:23:21+00:00\" \/>\n<meta property=\"og:image\" content=\"https:\/\/voltride.com\/wp-content\/uploads\/2025\/02\/electric-scooter-dualtron-compact-main-product-image.jpg\" \/>\n\t<meta property=\"og:image:width\" content=\"1200\" \/>\n\t<meta property=\"og:image:height\" content=\"1200\" \/>\n\t<meta property=\"og:image:type\" content=\"image\/jpeg\" \/>\n<meta name=\"twitter:card\" content=\"summary_large_image\" \/>\n<meta name=\"twitter:title\" content=\"Dualtron Compact | Voltride\" \/>\n<script type=\"application\/ld+json\" class=\"yoast-schema-graph\">{\"@context\":\"https:\\\/\\\/schema.org\",\"@graph\":[{\"@type\":\"WebPage\",\"@id\":\"https:\\\/\\\/voltride.com\\\/fi\\\/dualtron-compact\\\/\",\"url\":\"https:\\\/\\\/voltride.com\\\/fi\\\/dualtron-compact\\\/\",\"name\":\"Dualtron Compact \u2013 Powerful foldable performance for city riding | Voltride\",\"isPartOf\":{\"@id\":\"https:\\\/\\\/voltride.com\\\/fi\\\/#website\"},\"primaryImageOfPage\":{\"@id\":\"https:\\\/\\\/voltride.com\\\/fi\\\/dualtron-compact\\\/#primaryimage\"},\"image\":{\"@id\":\"https:\\\/\\\/voltride.com\\\/fi\\\/dualtron-compact\\\/#primaryimage\"},\"thumbnailUrl\":\"https:\\\/\\\/voltride.com\\\/wp-content\\\/uploads\\\/2025\\\/02\\\/electric-scooter-dualtron-compact-main-product-image.jpg\",\"datePublished\":\"2025-02-23T20:05:56+00:00\",\"dateModified\":\"2026-03-31T21:23:21+00:00\",\"description\":\"S\u00e4hk\u00f6potkulauta Dualtron Compact \u2013 huippusuorituskykyinen taitettava s\u00e4hk\u00f6potkulauta kaksoismoottoreilla, ABS-rumpujarruilla, umpikumirenkailla ja s\u00e4\u00e4dett\u00e4v\u00e4ll\u00e4 kumijousituksella.\",\"breadcrumb\":{\"@id\":\"https:\\\/\\\/voltride.com\\\/fi\\\/dualtron-compact\\\/#breadcrumb\"},\"inLanguage\":\"fi\",\"potentialAction\":[{\"@type\":\"ReadAction\",\"target\":[\"https:\\\/\\\/voltride.com\\\/fi\\\/dualtron-compact\\\/\"]}]},{\"@type\":\"ImageObject\",\"inLanguage\":\"fi\",\"@id\":\"https:\\\/\\\/voltride.com\\\/fi\\\/dualtron-compact\\\/#primaryimage\",\"url\":\"https:\\\/\\\/voltride.com\\\/wp-content\\\/uploads\\\/2025\\\/02\\\/electric-scooter-dualtron-compact-main-product-image.jpg\",\"contentUrl\":\"https:\\\/\\\/voltride.com\\\/wp-content\\\/uploads\\\/2025\\\/02\\\/electric-scooter-dualtron-compact-main-product-image.jpg\",\"width\":1200,\"height\":1200,\"caption\":\"S\u00e4hk\u00f6potkulauta Dualtron Compact \u2013 huippusuorituskykyinen kaupunkis\u00e4hk\u00f6potkulauta kaksoismoottoreilla ja kest\u00e4v\u00e4ll\u00e4 rungolla, sivuprofiili valkoisella taustalla\"},{\"@type\":\"BreadcrumbList\",\"@id\":\"https:\\\/\\\/voltride.com\\\/fi\\\/dualtron-compact\\\/#breadcrumb\",\"itemListElement\":[{\"@type\":\"ListItem\",\"position\":1,\"name\":\"Etusivu\",\"item\":\"https:\\\/\\\/voltride.com\\\/fi\\\/\"},{\"@type\":\"ListItem\",\"position\":2,\"name\":\"Kauppa\",\"item\":\"https:\\\/\\\/voltride.com\\\/shop\\\/\"},{\"@type\":\"ListItem\",\"position\":3,\"name\":\"S\u00e4hk\u00f6potkulaudat\",\"item\":\"https:\\\/\\\/voltride.com\\\/fi\\\/sahkopotkulaudat\\\/\"},{\"@type\":\"ListItem\",\"position\":4,\"name\":\"Dualtron Compact\"}]},{\"@type\":\"WebSite\",\"@id\":\"https:\\\/\\\/voltride.com\\\/fi\\\/#website\",\"url\":\"https:\\\/\\\/voltride.com\\\/fi\\\/\",\"name\":\"Voltride\",\"description\":\"Parim elektrirataste elektrit\u00f5ukside ja \u00fcksrataste pood ja remont\",\"publisher\":{\"@id\":\"https:\\\/\\\/voltride.com\\\/fi\\\/#organization\"},\"alternateName\":\"Vr\",\"potentialAction\":[{\"@type\":\"SearchAction\",\"target\":{\"@type\":\"EntryPoint\",\"urlTemplate\":\"https:\\\/\\\/voltride.com\\\/fi\\\/?s={search_term_string}\"},\"query-input\":{\"@type\":\"PropertyValueSpecification\",\"valueRequired\":true,\"valueName\":\"search_term_string\"}}],\"inLanguage\":\"fi\"},{\"@type\":[\"Organization\",\"Place\"],\"@id\":\"https:\\\/\\\/voltride.com\\\/fi\\\/#organization\",\"name\":\"Voltride\",\"alternateName\":\"VR\",\"url\":\"https:\\\/\\\/voltride.com\\\/fi\\\/\",\"logo\":{\"@id\":\"https:\\\/\\\/voltride.com\\\/fi\\\/dualtron-compact\\\/#local-main-organization-logo\"},\"image\":{\"@id\":\"https:\\\/\\\/voltride.com\\\/fi\\\/dualtron-compact\\\/#local-main-organization-logo\"},\"sameAs\":[\"https:\\\/\\\/www.facebook.com\\\/voltridecom\\\/\"],\"legalName\":\"Voltride O\u00dc\",\"numberOfEmployees\":{\"@type\":\"QuantitativeValue\",\"minValue\":\"1\",\"maxValue\":\"10\"},\"ownershipFundingInfo\":\"https:\\\/\\\/voltride.com\\\/about-us\\\/\",\"hasMerchantReturnPolicy\":{\"@type\":\"MerchantReturnPolicy\",\"merchantReturnLink\":\"https:\\\/\\\/voltride.com\\\/shipping-and-returns\\\/\"},\"address\":{\"@id\":\"https:\\\/\\\/voltride.com\\\/fi\\\/dualtron-compact\\\/#local-main-place-address\"},\"geo\":{\"@type\":\"GeoCoordinates\",\"latitude\":\"59.439554\",\"longitude\":\"24.726644\"},\"telephone\":[\"+372 600 40 99\"],\"contactPoint\":{\"@type\":\"ContactPoint\",\"telephone\":\"+372 600 40 99\",\"email\":\"info@voltride.com\"},\"openingHoursSpecification\":[{\"@type\":\"OpeningHoursSpecification\",\"dayOfWeek\":[\"Monday\",\"Tuesday\",\"Wednesday\",\"Thursday\",\"Friday\"],\"opens\":\"10:00\",\"closes\":\"18:00\"},{\"@type\":\"OpeningHoursSpecification\",\"dayOfWeek\":[\"Saturday\",\"Sunday\"],\"opens\":\"00:00\",\"closes\":\"00:00\"}],\"email\":\"info@voltride.com\",\"taxID\":\"14871968\"},{\"@type\":\"PostalAddress\",\"@id\":\"https:\\\/\\\/voltride.com\\\/fi\\\/dualtron-compact\\\/#local-main-place-address\",\"streetAddress\":\"Voltride Telliskivi 57D\",\"addressLocality\":\"Tallinn\",\"postalCode\":\"10412\",\"addressRegion\":\"Tallinn\",\"addressCountry\":\"EE\"},{\"@type\":\"ImageObject\",\"inLanguage\":\"fi\",\"@id\":\"https:\\\/\\\/voltride.com\\\/fi\\\/dualtron-compact\\\/#local-main-organization-logo\",\"url\":\"https:\\\/\\\/voltride.com\\\/wp-content\\\/uploads\\\/voltride-logo.png\",\"contentUrl\":\"https:\\\/\\\/voltride.com\\\/wp-content\\\/uploads\\\/voltride-logo.png\",\"width\":2481,\"height\":620,\"caption\":\"Voltride\"}]}<\/script>\n<meta property=\"product:brand\" content=\"Dualtron\" \/>\n<meta property=\"product:price:amount\" content=\"1999.99\" \/>\n<meta property=\"product:price:currency\" content=\"EUR\" \/>\n<meta property=\"og:availability\" content=\"instock\" \/>\n<meta property=\"product:availability\" content=\"instock\" \/>\n<meta property=\"product:retailer_item_id\" content=\"KSMM311\" \/>\n<meta property=\"product:condition\" content=\"new\" \/>\n<meta name=\"geo.placename\" content=\"Tallinn\" \/>\n<meta name=\"geo.position\" content=\"59.439554;24.726644\" \/>\n<meta name=\"geo.region\" content=\"Viro\" \/>\n<!-- \/ Yoast SEO Premium plugin. -->","yoast_head_json":{"title":"Dualtron Compact \u2013 Powerful foldable performance for city riding | Voltride","description":"S\u00e4hk\u00f6potkulauta Dualtron Compact \u2013 huippusuorituskykyinen taitettava s\u00e4hk\u00f6potkulauta kaksoismoottoreilla, ABS-rumpujarruilla, umpikumirenkailla ja s\u00e4\u00e4dett\u00e4v\u00e4ll\u00e4 kumijousituksella.","robots":{"index":"index","follow":"follow","max-snippet":"max-snippet:-1","max-image-preview":"max-image-preview:large","max-video-preview":"max-video-preview:-1"},"canonical":"https:\/\/voltride.com\/fi\/dualtron-compact\/","og_locale":"fi_FI","og_type":"article","og_title":"S\u00e4hk\u00f6potkulauta Dualtron Compact | Voltride","og_description":"The Dualtron Compact is a powerhouse for its size. Solid tires and a 21Ah battery give you a problem-free riding on all terrains!Electric scooter Dualtron Compact \u2013 a high-performance folding scooter with dual motors, ABS drum brakes, solid tires, and adjustable rubber suspension.","og_url":"https:\/\/voltride.com\/fi\/dualtron-compact\/","og_site_name":"Voltride","article_publisher":"https:\/\/www.facebook.com\/voltridecom\/","article_modified_time":"2026-03-31T21:23:21+00:00","og_image":[{"width":1200,"height":1200,"url":"https:\/\/voltride.com\/wp-content\/uploads\/2025\/02\/electric-scooter-dualtron-compact-main-product-image.jpg","type":"image\/jpeg"}],"twitter_card":"summary_large_image","twitter_title":"Dualtron Compact | Voltride","schema":{"@context":"https:\/\/schema.org","@graph":[{"@type":"WebPage","@id":"https:\/\/voltride.com\/fi\/dualtron-compact\/","url":"https:\/\/voltride.com\/fi\/dualtron-compact\/","name":"Dualtron Compact \u2013 Powerful foldable performance for city riding | Voltride","isPartOf":{"@id":"https:\/\/voltride.com\/fi\/#website"},"primaryImageOfPage":{"@id":"https:\/\/voltride.com\/fi\/dualtron-compact\/#primaryimage"},"image":{"@id":"https:\/\/voltride.com\/fi\/dualtron-compact\/#primaryimage"},"thumbnailUrl":"https:\/\/voltride.com\/wp-content\/uploads\/2025\/02\/electric-scooter-dualtron-compact-main-product-image.jpg","datePublished":"2025-02-23T20:05:56+00:00","dateModified":"2026-03-31T21:23:21+00:00","description":"S\u00e4hk\u00f6potkulauta Dualtron Compact \u2013 huippusuorituskykyinen taitettava s\u00e4hk\u00f6potkulauta kaksoismoottoreilla, ABS-rumpujarruilla, umpikumirenkailla ja s\u00e4\u00e4dett\u00e4v\u00e4ll\u00e4 kumijousituksella.","breadcrumb":{"@id":"https:\/\/voltride.com\/fi\/dualtron-compact\/#breadcrumb"},"inLanguage":"fi","potentialAction":[{"@type":"ReadAction","target":["https:\/\/voltride.com\/fi\/dualtron-compact\/"]}]},{"@type":"ImageObject","inLanguage":"fi","@id":"https:\/\/voltride.com\/fi\/dualtron-compact\/#primaryimage","url":"https:\/\/voltride.com\/wp-content\/uploads\/2025\/02\/electric-scooter-dualtron-compact-main-product-image.jpg","contentUrl":"https:\/\/voltride.com\/wp-content\/uploads\/2025\/02\/electric-scooter-dualtron-compact-main-product-image.jpg","width":1200,"height":1200,"caption":"S\u00e4hk\u00f6potkulauta Dualtron Compact \u2013 huippusuorituskykyinen kaupunkis\u00e4hk\u00f6potkulauta kaksoismoottoreilla ja kest\u00e4v\u00e4ll\u00e4 rungolla, sivuprofiili valkoisella taustalla"},{"@type":"BreadcrumbList","@id":"https:\/\/voltride.com\/fi\/dualtron-compact\/#breadcrumb","itemListElement":[{"@type":"ListItem","position":1,"name":"Etusivu","item":"https:\/\/voltride.com\/fi\/"},{"@type":"ListItem","position":2,"name":"Kauppa","item":"https:\/\/voltride.com\/shop\/"},{"@type":"ListItem","position":3,"name":"S\u00e4hk\u00f6potkulaudat","item":"https:\/\/voltride.com\/fi\/sahkopotkulaudat\/"},{"@type":"ListItem","position":4,"name":"Dualtron Compact"}]},{"@type":"WebSite","@id":"https:\/\/voltride.com\/fi\/#website","url":"https:\/\/voltride.com\/fi\/","name":"Voltride","description":"Parim elektrirataste elektrit\u00f5ukside ja \u00fcksrataste pood ja remont","publisher":{"@id":"https:\/\/voltride.com\/fi\/#organization"},"alternateName":"Vr","potentialAction":[{"@type":"SearchAction","target":{"@type":"EntryPoint","urlTemplate":"https:\/\/voltride.com\/fi\/?s={search_term_string}"},"query-input":{"@type":"PropertyValueSpecification","valueRequired":true,"valueName":"search_term_string"}}],"inLanguage":"fi"},{"@type":["Organization","Place"],"@id":"https:\/\/voltride.com\/fi\/#organization","name":"Voltride","alternateName":"VR","url":"https:\/\/voltride.com\/fi\/","logo":{"@id":"https:\/\/voltride.com\/fi\/dualtron-compact\/#local-main-organization-logo"},"image":{"@id":"https:\/\/voltride.com\/fi\/dualtron-compact\/#local-main-organization-logo"},"sameAs":["https:\/\/www.facebook.com\/voltridecom\/"],"legalName":"Voltride O\u00dc","numberOfEmployees":{"@type":"QuantitativeValue","minValue":"1","maxValue":"10"},"ownershipFundingInfo":"https:\/\/voltride.com\/about-us\/","hasMerchantReturnPolicy":{"@type":"MerchantReturnPolicy","merchantReturnLink":"https:\/\/voltride.com\/shipping-and-returns\/"},"address":{"@id":"https:\/\/voltride.com\/fi\/dualtron-compact\/#local-main-place-address"},"geo":{"@type":"GeoCoordinates","latitude":"59.439554","longitude":"24.726644"},"telephone":["+372 600 40 99"],"contactPoint":{"@type":"ContactPoint","telephone":"+372 600 40 99","email":"info@voltride.com"},"openingHoursSpecification":[{"@type":"OpeningHoursSpecification","dayOfWeek":["Monday","Tuesday","Wednesday","Thursday","Friday"],"opens":"10:00","closes":"18:00"},{"@type":"OpeningHoursSpecification","dayOfWeek":["Saturday","Sunday"],"opens":"00:00","closes":"00:00"}],"email":"info@voltride.com","taxID":"14871968"},{"@type":"PostalAddress","@id":"https:\/\/voltride.com\/fi\/dualtron-compact\/#local-main-place-address","streetAddress":"Voltride Telliskivi 57D","addressLocality":"Tallinn","postalCode":"10412","addressRegion":"Tallinn","addressCountry":"EE"},{"@type":"ImageObject","inLanguage":"fi","@id":"https:\/\/voltride.com\/fi\/dualtron-compact\/#local-main-organization-logo","url":"https:\/\/voltride.com\/wp-content\/uploads\/voltride-logo.png","contentUrl":"https:\/\/voltride.com\/wp-content\/uploads\/voltride-logo.png","width":2481,"height":620,"caption":"Voltride"}]},"product_brand":"Dualtron","product_price_amount":"1999.99","product_price_currency":"EUR","og_availability":"instock","product_availability":"instock","product_retailer_item_id":"KSMM311","product_condition":"new","geo.placename":"Tallinn","geo.position":{"lat":"59.439554","long":"24.726644"},"geo.region":"Viro"},"_links":{"self":[{"href":"https:\/\/voltride.com\/fi\/wp-json\/wp\/v2\/product\/13845","targetHints":{"allow":["GET"]}}],"collection":[{"href":"https:\/\/voltride.com\/fi\/wp-json\/wp\/v2\/product"}],"about":[{"href":"https:\/\/voltride.com\/fi\/wp-json\/wp\/v2\/types\/product"}],"replies":[{"embeddable":true,"href":"https:\/\/voltride.com\/fi\/wp-json\/wp\/v2\/comments?post=13845"}],"wp:featuredmedia":[{"embeddable":true,"href":"https:\/\/voltride.com\/fi\/wp-json\/wp\/v2\/media\/13839"}],"wp:attachment":[{"href":"https:\/\/voltride.com\/fi\/wp-json\/wp\/v2\/media?parent=13845"}],"wp:term":[{"taxonomy":"product_brand","embeddable":true,"href":"https:\/\/voltride.com\/fi\/wp-json\/wp\/v2\/product_brand?post=13845"},{"taxonomy":"product_cat","embeddable":true,"href":"https:\/\/voltride.com\/fi\/wp-json\/wp\/v2\/product_cat?post=13845"},{"taxonomy":"product_tag","embeddable":true,"href":"https:\/\/voltride.com\/fi\/wp-json\/wp\/v2\/product_tag?post=13845"}],"curies":[{"name":"wp","href":"https:\/\/api.w.org\/{rel}","templated":true}]}}