{"id":15310,"date":"2025-04-07T03:42:19","date_gmt":"2025-04-07T01:42:19","guid":{"rendered":"https:\/\/voltride.com\/kingsong-ks-s9\/"},"modified":"2026-04-15T11:27:57","modified_gmt":"2026-04-15T09:27:57","slug":"kingsong-ks-s9","status":"publish","type":"product","link":"https:\/\/voltride.com\/fi\/kingsong-ks-s9\/","title":{"rendered":"Kingsong KS-S9"},"content":{"rendered":"<div class=\"wpb-content-wrapper\"><p>[vc_row css=&#8221;.vc_custom_1738843193265{background-color: #0F3F36 !important;}&#8221; woodmart_css_id=&#8221;67a4a4339c25a&#8221; responsive_spacing=&#8221;eyJwYXJhbV90eXBlIjoid29vZG1hcnRfcmVzcG9uc2l2ZV9zcGFjaW5nIiwic2VsZWN0b3JfaWQiOiI2N2E0YTQzMzljMjVhIiwic2hvcnRjb2RlIjoidmNfcm93IiwiZGF0YSI6eyJ0YWJsZXQiOnt9LCJtb2JpbGUiOnt9fX0=&#8221; mobile_bg_img_hidden=&#8221;no&#8221; tablet_bg_img_hidden=&#8221;no&#8221; woodmart_parallax=&#8221;0&#8243; woodmart_gradient_switch=&#8221;no&#8221; woodmart_box_shadow=&#8221;no&#8221; wd_z_index=&#8221;no&#8221; woodmart_disable_overflow=&#8221;0&#8243; row_reverse_mobile=&#8221;0&#8243; row_reverse_tablet=&#8221;0&#8243; el_id=&#8221;p-description&#8221; el_class=&#8221;product-description&#8221;][vc_column][vc_row_inner equal_height=&#8221;yes&#8221; content_placement=&#8221;middle&#8221; gap=&#8221;30&#8243; woodmart_css_id=&#8221;67ad1bf7ca313&#8243; responsive_spacing=&#8221;eyJwYXJhbV90eXBlIjoid29vZG1hcnRfcmVzcG9uc2l2ZV9zcGFjaW5nIiwic2VsZWN0b3JfaWQiOiI2N2FkMWJmN2NhMzEzIiwic2hvcnRjb2RlIjoidmNfcm93X2lubmVyIiwiZGF0YSI6eyJ0YWJsZXQiOnt9LCJtb2JpbGUiOnt9fX0=&#8221; mobile_bg_img_hidden=&#8221;no&#8221; tablet_bg_img_hidden=&#8221;no&#8221; woodmart_parallax=&#8221;0&#8243; woodmart_gradient_switch=&#8221;no&#8221; woodmart_box_shadow=&#8221;no&#8221; wd_z_index=&#8221;no&#8221; woodmart_disable_overflow=&#8221;0&#8243; row_reverse_mobile=&#8221;1&#8243; row_reverse_tablet=&#8221;0&#8243; el_class=&#8221;first-row inside-dec-row&#8221;][vc_column_inner el_class=&#8221;left-text-product&#8221; width=&#8221;1\/2&#8243; woodmart_css_id=&#8221;67ad4841a2dd4&#8243; parallax_scroll=&#8221;no&#8221; woodmart_sticky_column=&#8221;false&#8221; wd_collapsible_content_switcher=&#8221;no&#8221; wd_column_role_offcanvas_desktop=&#8221;no&#8221; wd_column_role_offcanvas_tablet=&#8221;no&#8221; wd_column_role_offcanvas_mobile=&#8221;no&#8221; wd_column_role_content_desktop=&#8221;no&#8221; wd_column_role_content_tablet=&#8221;no&#8221; wd_column_role_content_mobile=&#8221;no&#8221; mobile_bg_img_hidden=&#8221;no&#8221; tablet_bg_img_hidden=&#8221;no&#8221; woodmart_parallax=&#8221;0&#8243; woodmart_box_shadow=&#8221;no&#8221; responsive_spacing=&#8221;eyJwYXJhbV90eXBlIjoid29vZG1hcnRfcmVzcG9uc2l2ZV9zcGFjaW5nIiwic2VsZWN0b3JfaWQiOiI2N2FkNDg0MWEyZGQ0Iiwic2hvcnRjb2RlIjoidmNfY29sdW1uX2lubmVyIiwiZGF0YSI6eyJ0YWJsZXQiOnt9LCJtb2JpbGUiOnt9fX0=&#8221; wd_z_index=&#8221;no&#8221;][vc_column_text css=&#8221;&#8221; woodmart_inline=&#8221;no&#8221; text_larger=&#8221;no&#8221;]<\/p>\n<h3>Tyylik\u00e4st\u00e4 ja ylellist\u00e4 kaupunkiliikkumista<\/h3>\n<p>[\/vc_column_text][vc_column_text css=&#8221;&#8221; woodmart_inline=&#8221;no&#8221; text_larger=&#8221;no&#8221;]S\u00e4hk\u00f6yksipy\u00f6r\u00e4 KingSong KS-S9 tarjoaa innovatiivisen muotoilun, \u00e4lykk\u00e4\u00e4n BMS-j\u00e4rjestelm\u00e4n, tehokkaan moottorin ja kest\u00e4v\u00e4n rungon. Se on lippusi erottua joukosta.[\/vc_column_text][\/vc_column_inner][vc_column_inner width=&#8221;1\/2&#8243;][\/vc_column_inner][\/vc_row_inner][vc_row_inner equal_height=&#8221;yes&#8221; content_placement=&#8221;middle&#8221; gap=&#8221;30&#8243; responsive_tabs_advanced=&#8221;mobile&#8221; woodmart_css_id=&#8221;67c75b7a0b1ba&#8221; responsive_spacing=&#8221;eyJwYXJhbV90eXBlIjoid29vZG1hcnRfcmVzcG9uc2l2ZV9zcGFjaW5nIiwic2VsZWN0b3JfaWQiOiI2N2M3NWI3YTBiMWJhIiwic2hvcnRjb2RlIjoidmNfcm93X2lubmVyIiwiZGF0YSI6eyJ0YWJsZXQiOnt9LCJtb2JpbGUiOnt9fX0=&#8221; mobile_bg_img_hidden=&#8221;no&#8221; tablet_bg_img_hidden=&#8221;no&#8221; woodmart_parallax=&#8221;0&#8243; woodmart_gradient_switch=&#8221;no&#8221; woodmart_box_shadow=&#8221;no&#8221; wd_z_index=&#8221;no&#8221; woodmart_disable_overflow=&#8221;0&#8243; row_reverse_mobile=&#8221;1&#8243; row_reverse_tablet=&#8221;0&#8243; el_class=&#8221;inside-dec-row&#8221;][vc_column_inner width=&#8221;1\/2&#8243;][vc_column_text css=&#8221;&#8221; woodmart_inline=&#8221;no&#8221; text_larger=&#8221;no&#8221;]<\/p>\n<h3>Enemm\u00e4n kuin lapsen s\u00e4hk\u00f6yksipy\u00f6r\u00e4:<\/h3>\n<p>[\/vc_column_text][vc_column_text css=&#8221;&#8221; woodmart_inline=&#8221;no&#8221; text_larger=&#8221;no&#8221;]<\/p>\n<p>Todella monipuolista tulevaisuutta varten lapsesi tarvitsee erikoisvalmisteisen s\u00e4hk\u00f6yksipy\u00f6r\u00e4n, joka kasvattaa rohkeutta ja itsevarmuutta.<\/p>\n<p>T\u00e4ydellinen yhdistelm\u00e4:<\/p>\n<p>Valmistettu \u00e4\u00e4rimm\u00e4isell\u00e4 tarkkuudella, jotta jokainen osa istuu t\u00e4ydellisesti paikoilleen.<\/p>\n<p>Mene minne tahansa:<\/p>\n<p>Asfaltista nurmikolle, urheilukentilt\u00e4 mukulakiville \u2013 mik\u00e4\u00e4n ei pys\u00e4yt\u00e4 sit\u00e4. Leve\u00e4 muotoilu lis\u00e4\u00e4 kosketuspintaa paremman pidon takaamiseksi, jopa ep\u00e4tasaisilla teill\u00e4.<\/p>\n<p>[\/vc_column_text][\/vc_column_inner][vc_column_inner width=&#8221;1\/2&#8243;][vc_column_text css=&#8221;&#8221; woodmart_inline=&#8221;no&#8221; text_larger=&#8221;no&#8221;]<\/p>\n<h3>Kevyt ja kest\u00e4v\u00e4:<\/h3>\n<p>[\/vc_column_text][vc_column_text css=&#8221;&#8221; woodmart_inline=&#8221;no&#8221; text_larger=&#8221;no&#8221;]Lentokoneen tason alumiiniseosrunko on \u00e4\u00e4rimm\u00e4isen kevyt mutta uskomattoman vahva, muodostaen t\u00e4m\u00e4n yksipy\u00f6r\u00e4isen selk\u00e4rangan.<\/p>\n<p>Tehokas moottori:<\/p>\n<p>Tehokas 250 W moottori selviytyy vaivatta jopa 10\u00b0 nousuista tarjoten erinomaista vakautta ja dynaamista tasapainoa.<\/p>\n<p>Monoblokkiakku:<\/p>\n<p>Suunniteltu maksimaaliseen iskun-, liekin- ja vedenkestoon sek\u00e4 l\u00e4mm\u00f6nhajotukseen, varmistaen turvallisen ja vakaan virransy\u00f6t\u00f6n.<\/p>\n<p>\u00c4lyk\u00e4s BMS-j\u00e4rjestelm\u00e4:<\/p>\n<p>Oman kehityksemme \u00e4lyk\u00e4s BMS-j\u00e4rjestelm\u00e4 tarjoaa tasapainotuksen, ylikuormituksen, oikosulun ja poikkeaman analysoinnin, varmistaen, ett\u00e4 akkusi on aina turvallinen ja luotettava.[\/vc_column_text][\/vc_column_inner][\/vc_row_inner][vc_row_inner el_class=&#8221;product-cta&#8221; woodmart_css_id=&#8221;67ad831e70f64&#8243; responsive_spacing=&#8221;eyJwYXJhbV90eXBlIjoid29vZG1hcnRfcmVzcG9uc2l2ZV9zcGFjaW5nIiwic2VsZWN0b3JfaWQiOiI2N2FkODMxZTcwZjY0Iiwic2hvcnRjb2RlIjoidmNfcm93X2lubmVyIiwiZGF0YSI6eyJ0YWJsZXQiOnt9LCJtb2JpbGUiOnt9fX0=&#8221; mobile_bg_img_hidden=&#8221;no&#8221; tablet_bg_img_hidden=&#8221;no&#8221; woodmart_parallax=&#8221;0&#8243; woodmart_gradient_switch=&#8221;no&#8221; woodmart_box_shadow=&#8221;no&#8221; wd_z_index=&#8221;no&#8221; woodmart_disable_overflow=&#8221;0&#8243; row_reverse_mobile=&#8221;0&#8243; row_reverse_tablet=&#8221;0&#8243;][vc_column_inner][vc_column_text css=&#8221;&#8221; el_class=&#8221;bigger-cta-heading&#8221; woodmart_inline=&#8221;no&#8221; text_larger=&#8221;no&#8221;]<\/p>\n<h4>Tilaa t\u00e4ydellinen s\u00e4hk\u00f6yksipy\u00f6r\u00e4si, KingSong KS-S9, jo t\u00e4n\u00e4\u00e4n!<\/h4>\n<p>[\/vc_column_text][\/vc_column_inner][\/vc_row_inner][\/vc_column][\/vc_row]<\/p>\n<\/div>","protected":false},"excerpt":{"rendered":"<p>S\u00e4hk\u00f6yksipy\u00f6r\u00e4 <strong>KingSong KS-S9<\/strong> tarjoaa innovatiivisen muotoilun, \u00e4lykk\u00e4\u00e4n BMS-j\u00e4rjestelm\u00e4n, tehokkaan moottorin ja kest\u00e4v\u00e4n rungon. Se on lippusi erottua joukosta.<\/p>\n","protected":false},"featured_media":15301,"comment_status":"closed","ping_status":"closed","template":"","meta":[],"product_brand":[675],"product_cat":[651],"product_tag":[],"class_list":{"0":"post-15310","1":"product","2":"type-product","3":"status-publish","4":"has-post-thumbnail","6":"product_brand-kingsong","7":"product_cat-sahkoiset-yksipyoraiset","9":"first","10":"outofstock","11":"taxable","12":"shipping-taxable","13":"purchasable","14":"product-type-simple"},"yoast_head":"<!-- This site is optimized with the Yoast SEO Premium plugin v27.3 (Yoast SEO v27.4) - https:\/\/yoast.com\/product\/yoast-seo-premium-wordpress\/ -->\n<title>KingSong KS-S9 \u2013 \u00c4lyk\u00e4s s\u00e4hk\u00f6yksipy\u00f6r\u00e4 vahvalla suorituskyvyll\u00e4 | Voltride<\/title>\n<meta name=\"description\" content=\"S\u00e4hk\u00f6yksipy\u00f6r\u00e4 KingSong KS-S9 tarjoaa innovatiivisen muotoilun, \u00e4lykk\u00e4\u00e4n BMS-j\u00e4rjestelm\u00e4n, tehokkaan moottorin ja kest\u00e4v\u00e4n rungon.\" \/>\n<meta name=\"robots\" content=\"index, follow, max-snippet:-1, max-image-preview:large, max-video-preview:-1\" \/>\n<link rel=\"canonical\" href=\"https:\/\/voltride.com\/fi\/kingsong-ks-s9\/\" \/>\n<meta property=\"og:locale\" content=\"fi_FI\" \/>\n<meta property=\"og:type\" content=\"article\" \/>\n<meta property=\"og:title\" content=\"S\u00e4hk\u00f6yksipy\u00f6r\u00e4 Kingsong KS-S9 - Voltride\" \/>\n<meta property=\"og:description\" content=\"S\u00e4hk\u00f6yksipy\u00f6r\u00e4 KingSong KS-S9 tarjoaa innovatiivisen muotoilun, \u00e4lykk\u00e4\u00e4n BMS-j\u00e4rjestelm\u00e4n, tehokkaan moottorin ja kest\u00e4v\u00e4n rungon.\" \/>\n<meta property=\"og:url\" content=\"https:\/\/voltride.com\/fi\/kingsong-ks-s9\/\" \/>\n<meta property=\"og:site_name\" content=\"Voltride\" \/>\n<meta property=\"article:publisher\" content=\"https:\/\/www.facebook.com\/voltridecom\/\" \/>\n<meta property=\"article:modified_time\" content=\"2026-04-15T09:27:57+00:00\" \/>\n<meta property=\"og:image\" content=\"https:\/\/voltride.com\/wp-content\/uploads\/2025\/04\/kingsong-ks-s9-front.jpg\" \/>\n\t<meta property=\"og:image:width\" content=\"1500\" \/>\n\t<meta property=\"og:image:height\" content=\"1500\" \/>\n\t<meta property=\"og:image:type\" content=\"image\/jpeg\" \/>\n<meta name=\"twitter:card\" content=\"summary_large_image\" \/>\n<meta name=\"twitter:title\" content=\"Kingsong KS-S9 - Voltride\" \/>\n<script type=\"application\/ld+json\" class=\"yoast-schema-graph\">{\"@context\":\"https:\\\/\\\/schema.org\",\"@graph\":[{\"@type\":\"WebPage\",\"@id\":\"https:\\\/\\\/voltride.com\\\/fi\\\/kingsong-ks-s9\\\/\",\"url\":\"https:\\\/\\\/voltride.com\\\/fi\\\/kingsong-ks-s9\\\/\",\"name\":\"KingSong KS-S9 \u2013 \u00c4lyk\u00e4s s\u00e4hk\u00f6yksipy\u00f6r\u00e4 vahvalla suorituskyvyll\u00e4 | Voltride\",\"isPartOf\":{\"@id\":\"https:\\\/\\\/voltride.com\\\/fi\\\/#website\"},\"primaryImageOfPage\":{\"@id\":\"https:\\\/\\\/voltride.com\\\/fi\\\/kingsong-ks-s9\\\/#primaryimage\"},\"image\":{\"@id\":\"https:\\\/\\\/voltride.com\\\/fi\\\/kingsong-ks-s9\\\/#primaryimage\"},\"thumbnailUrl\":\"https:\\\/\\\/voltride.com\\\/wp-content\\\/uploads\\\/2025\\\/04\\\/kingsong-ks-s9-front.jpg\",\"datePublished\":\"2025-04-07T01:42:19+00:00\",\"dateModified\":\"2026-04-15T09:27:57+00:00\",\"description\":\"S\u00e4hk\u00f6yksipy\u00f6r\u00e4 KingSong KS-S9 tarjoaa innovatiivisen muotoilun, \u00e4lykk\u00e4\u00e4n BMS-j\u00e4rjestelm\u00e4n, tehokkaan moottorin ja kest\u00e4v\u00e4n rungon.\",\"breadcrumb\":{\"@id\":\"https:\\\/\\\/voltride.com\\\/fi\\\/kingsong-ks-s9\\\/#breadcrumb\"},\"inLanguage\":\"fi\",\"potentialAction\":[{\"@type\":\"ReadAction\",\"target\":[\"https:\\\/\\\/voltride.com\\\/fi\\\/kingsong-ks-s9\\\/\"]}]},{\"@type\":\"ImageObject\",\"inLanguage\":\"fi\",\"@id\":\"https:\\\/\\\/voltride.com\\\/fi\\\/kingsong-ks-s9\\\/#primaryimage\",\"url\":\"https:\\\/\\\/voltride.com\\\/wp-content\\\/uploads\\\/2025\\\/04\\\/kingsong-ks-s9-front.jpg\",\"contentUrl\":\"https:\\\/\\\/voltride.com\\\/wp-content\\\/uploads\\\/2025\\\/04\\\/kingsong-ks-s9-front.jpg\",\"width\":1500,\"height\":1500,\"caption\":\"KingSong KS-S9 -s\u00e4hk\u00f6yksipy\u00f6r\u00e4 edest\u00e4 sivukulmasta, polkimet avattuna.\"},{\"@type\":\"BreadcrumbList\",\"@id\":\"https:\\\/\\\/voltride.com\\\/fi\\\/kingsong-ks-s9\\\/#breadcrumb\",\"itemListElement\":[{\"@type\":\"ListItem\",\"position\":1,\"name\":\"Etusivu\",\"item\":\"https:\\\/\\\/voltride.com\\\/fi\\\/\"},{\"@type\":\"ListItem\",\"position\":2,\"name\":\"Kauppa\",\"item\":\"https:\\\/\\\/voltride.com\\\/shop\\\/\"},{\"@type\":\"ListItem\",\"position\":3,\"name\":\"S\u00e4hk\u00f6iset Yksipy\u00f6r\u00e4iset\",\"item\":\"https:\\\/\\\/voltride.com\\\/fi\\\/sahkoiset-yksipyoraiset\\\/\"},{\"@type\":\"ListItem\",\"position\":4,\"name\":\"Kingsong KS-S9\"}]},{\"@type\":\"WebSite\",\"@id\":\"https:\\\/\\\/voltride.com\\\/fi\\\/#website\",\"url\":\"https:\\\/\\\/voltride.com\\\/fi\\\/\",\"name\":\"Voltride\",\"description\":\"Parim elektrirataste elektrit\u00f5ukside ja \u00fcksrataste pood ja remont\",\"publisher\":{\"@id\":\"https:\\\/\\\/voltride.com\\\/fi\\\/#organization\"},\"alternateName\":\"Vr\",\"potentialAction\":[{\"@type\":\"SearchAction\",\"target\":{\"@type\":\"EntryPoint\",\"urlTemplate\":\"https:\\\/\\\/voltride.com\\\/fi\\\/?s={search_term_string}\"},\"query-input\":{\"@type\":\"PropertyValueSpecification\",\"valueRequired\":true,\"valueName\":\"search_term_string\"}}],\"inLanguage\":\"fi\"},{\"@type\":[\"Organization\",\"Place\"],\"@id\":\"https:\\\/\\\/voltride.com\\\/fi\\\/#organization\",\"name\":\"Voltride\",\"alternateName\":\"VR\",\"url\":\"https:\\\/\\\/voltride.com\\\/fi\\\/\",\"logo\":{\"@id\":\"https:\\\/\\\/voltride.com\\\/fi\\\/kingsong-ks-s9\\\/#local-main-organization-logo\"},\"image\":{\"@id\":\"https:\\\/\\\/voltride.com\\\/fi\\\/kingsong-ks-s9\\\/#local-main-organization-logo\"},\"sameAs\":[\"https:\\\/\\\/www.facebook.com\\\/voltridecom\\\/\"],\"legalName\":\"Voltride O\u00dc\",\"numberOfEmployees\":{\"@type\":\"QuantitativeValue\",\"minValue\":\"1\",\"maxValue\":\"10\"},\"ownershipFundingInfo\":\"https:\\\/\\\/voltride.com\\\/about-us\\\/\",\"hasMerchantReturnPolicy\":{\"@type\":\"MerchantReturnPolicy\",\"merchantReturnLink\":\"https:\\\/\\\/voltride.com\\\/shipping-and-returns\\\/\"},\"address\":{\"@id\":\"https:\\\/\\\/voltride.com\\\/fi\\\/kingsong-ks-s9\\\/#local-main-place-address\"},\"geo\":{\"@type\":\"GeoCoordinates\",\"latitude\":\"59.439554\",\"longitude\":\"24.726644\"},\"telephone\":[\"+372 600 40 99\"],\"contactPoint\":{\"@type\":\"ContactPoint\",\"telephone\":\"+372 600 40 99\",\"email\":\"info@voltride.com\"},\"openingHoursSpecification\":[{\"@type\":\"OpeningHoursSpecification\",\"dayOfWeek\":[\"Monday\",\"Tuesday\",\"Wednesday\",\"Thursday\",\"Friday\"],\"opens\":\"10:00\",\"closes\":\"18:00\"},{\"@type\":\"OpeningHoursSpecification\",\"dayOfWeek\":[\"Saturday\",\"Sunday\"],\"opens\":\"00:00\",\"closes\":\"00:00\"}],\"email\":\"info@voltride.com\",\"taxID\":\"14871968\"},{\"@type\":\"PostalAddress\",\"@id\":\"https:\\\/\\\/voltride.com\\\/fi\\\/kingsong-ks-s9\\\/#local-main-place-address\",\"streetAddress\":\"Voltride Telliskivi 57D\",\"addressLocality\":\"Tallinn\",\"postalCode\":\"10412\",\"addressRegion\":\"Tallinn\",\"addressCountry\":\"EE\"},{\"@type\":\"ImageObject\",\"inLanguage\":\"fi\",\"@id\":\"https:\\\/\\\/voltride.com\\\/fi\\\/kingsong-ks-s9\\\/#local-main-organization-logo\",\"url\":\"https:\\\/\\\/voltride.com\\\/wp-content\\\/uploads\\\/voltride-logo.png\",\"contentUrl\":\"https:\\\/\\\/voltride.com\\\/wp-content\\\/uploads\\\/voltride-logo.png\",\"width\":2481,\"height\":620,\"caption\":\"Voltride\"}]}<\/script>\n<meta property=\"product:brand\" content=\"KingSong\" \/>\n<meta property=\"product:price:amount\" content=\"499.99\" \/>\n<meta property=\"product:price:currency\" content=\"EUR\" \/>\n<meta property=\"og:availability\" content=\"out of stock\" \/>\n<meta property=\"product:availability\" content=\"out of stock\" \/>\n<meta property=\"product:retailer_item_id\" content=\"OWKS009\" \/>\n<meta property=\"product:condition\" content=\"new\" \/>\n<meta name=\"geo.placename\" content=\"Tallinn\" \/>\n<meta name=\"geo.position\" content=\"59.439554;24.726644\" \/>\n<meta name=\"geo.region\" content=\"Viro\" \/>\n<!-- \/ Yoast SEO Premium plugin. -->","yoast_head_json":{"title":"KingSong KS-S9 \u2013 \u00c4lyk\u00e4s s\u00e4hk\u00f6yksipy\u00f6r\u00e4 vahvalla suorituskyvyll\u00e4 | Voltride","description":"S\u00e4hk\u00f6yksipy\u00f6r\u00e4 KingSong KS-S9 tarjoaa innovatiivisen muotoilun, \u00e4lykk\u00e4\u00e4n BMS-j\u00e4rjestelm\u00e4n, tehokkaan moottorin ja kest\u00e4v\u00e4n rungon.","robots":{"index":"index","follow":"follow","max-snippet":"max-snippet:-1","max-image-preview":"max-image-preview:large","max-video-preview":"max-video-preview:-1"},"canonical":"https:\/\/voltride.com\/fi\/kingsong-ks-s9\/","og_locale":"fi_FI","og_type":"article","og_title":"S\u00e4hk\u00f6yksipy\u00f6r\u00e4 Kingsong KS-S9 - Voltride","og_description":"S\u00e4hk\u00f6yksipy\u00f6r\u00e4 KingSong KS-S9 tarjoaa innovatiivisen muotoilun, \u00e4lykk\u00e4\u00e4n BMS-j\u00e4rjestelm\u00e4n, tehokkaan moottorin ja kest\u00e4v\u00e4n rungon.","og_url":"https:\/\/voltride.com\/fi\/kingsong-ks-s9\/","og_site_name":"Voltride","article_publisher":"https:\/\/www.facebook.com\/voltridecom\/","article_modified_time":"2026-04-15T09:27:57+00:00","og_image":[{"width":1500,"height":1500,"url":"https:\/\/voltride.com\/wp-content\/uploads\/2025\/04\/kingsong-ks-s9-front.jpg","type":"image\/jpeg"}],"twitter_card":"summary_large_image","twitter_title":"Kingsong KS-S9 - Voltride","schema":{"@context":"https:\/\/schema.org","@graph":[{"@type":"WebPage","@id":"https:\/\/voltride.com\/fi\/kingsong-ks-s9\/","url":"https:\/\/voltride.com\/fi\/kingsong-ks-s9\/","name":"KingSong KS-S9 \u2013 \u00c4lyk\u00e4s s\u00e4hk\u00f6yksipy\u00f6r\u00e4 vahvalla suorituskyvyll\u00e4 | Voltride","isPartOf":{"@id":"https:\/\/voltride.com\/fi\/#website"},"primaryImageOfPage":{"@id":"https:\/\/voltride.com\/fi\/kingsong-ks-s9\/#primaryimage"},"image":{"@id":"https:\/\/voltride.com\/fi\/kingsong-ks-s9\/#primaryimage"},"thumbnailUrl":"https:\/\/voltride.com\/wp-content\/uploads\/2025\/04\/kingsong-ks-s9-front.jpg","datePublished":"2025-04-07T01:42:19+00:00","dateModified":"2026-04-15T09:27:57+00:00","description":"S\u00e4hk\u00f6yksipy\u00f6r\u00e4 KingSong KS-S9 tarjoaa innovatiivisen muotoilun, \u00e4lykk\u00e4\u00e4n BMS-j\u00e4rjestelm\u00e4n, tehokkaan moottorin ja kest\u00e4v\u00e4n rungon.","breadcrumb":{"@id":"https:\/\/voltride.com\/fi\/kingsong-ks-s9\/#breadcrumb"},"inLanguage":"fi","potentialAction":[{"@type":"ReadAction","target":["https:\/\/voltride.com\/fi\/kingsong-ks-s9\/"]}]},{"@type":"ImageObject","inLanguage":"fi","@id":"https:\/\/voltride.com\/fi\/kingsong-ks-s9\/#primaryimage","url":"https:\/\/voltride.com\/wp-content\/uploads\/2025\/04\/kingsong-ks-s9-front.jpg","contentUrl":"https:\/\/voltride.com\/wp-content\/uploads\/2025\/04\/kingsong-ks-s9-front.jpg","width":1500,"height":1500,"caption":"KingSong KS-S9 -s\u00e4hk\u00f6yksipy\u00f6r\u00e4 edest\u00e4 sivukulmasta, polkimet avattuna."},{"@type":"BreadcrumbList","@id":"https:\/\/voltride.com\/fi\/kingsong-ks-s9\/#breadcrumb","itemListElement":[{"@type":"ListItem","position":1,"name":"Etusivu","item":"https:\/\/voltride.com\/fi\/"},{"@type":"ListItem","position":2,"name":"Kauppa","item":"https:\/\/voltride.com\/shop\/"},{"@type":"ListItem","position":3,"name":"S\u00e4hk\u00f6iset Yksipy\u00f6r\u00e4iset","item":"https:\/\/voltride.com\/fi\/sahkoiset-yksipyoraiset\/"},{"@type":"ListItem","position":4,"name":"Kingsong KS-S9"}]},{"@type":"WebSite","@id":"https:\/\/voltride.com\/fi\/#website","url":"https:\/\/voltride.com\/fi\/","name":"Voltride","description":"Parim elektrirataste elektrit\u00f5ukside ja \u00fcksrataste pood ja remont","publisher":{"@id":"https:\/\/voltride.com\/fi\/#organization"},"alternateName":"Vr","potentialAction":[{"@type":"SearchAction","target":{"@type":"EntryPoint","urlTemplate":"https:\/\/voltride.com\/fi\/?s={search_term_string}"},"query-input":{"@type":"PropertyValueSpecification","valueRequired":true,"valueName":"search_term_string"}}],"inLanguage":"fi"},{"@type":["Organization","Place"],"@id":"https:\/\/voltride.com\/fi\/#organization","name":"Voltride","alternateName":"VR","url":"https:\/\/voltride.com\/fi\/","logo":{"@id":"https:\/\/voltride.com\/fi\/kingsong-ks-s9\/#local-main-organization-logo"},"image":{"@id":"https:\/\/voltride.com\/fi\/kingsong-ks-s9\/#local-main-organization-logo"},"sameAs":["https:\/\/www.facebook.com\/voltridecom\/"],"legalName":"Voltride O\u00dc","numberOfEmployees":{"@type":"QuantitativeValue","minValue":"1","maxValue":"10"},"ownershipFundingInfo":"https:\/\/voltride.com\/about-us\/","hasMerchantReturnPolicy":{"@type":"MerchantReturnPolicy","merchantReturnLink":"https:\/\/voltride.com\/shipping-and-returns\/"},"address":{"@id":"https:\/\/voltride.com\/fi\/kingsong-ks-s9\/#local-main-place-address"},"geo":{"@type":"GeoCoordinates","latitude":"59.439554","longitude":"24.726644"},"telephone":["+372 600 40 99"],"contactPoint":{"@type":"ContactPoint","telephone":"+372 600 40 99","email":"info@voltride.com"},"openingHoursSpecification":[{"@type":"OpeningHoursSpecification","dayOfWeek":["Monday","Tuesday","Wednesday","Thursday","Friday"],"opens":"10:00","closes":"18:00"},{"@type":"OpeningHoursSpecification","dayOfWeek":["Saturday","Sunday"],"opens":"00:00","closes":"00:00"}],"email":"info@voltride.com","taxID":"14871968"},{"@type":"PostalAddress","@id":"https:\/\/voltride.com\/fi\/kingsong-ks-s9\/#local-main-place-address","streetAddress":"Voltride Telliskivi 57D","addressLocality":"Tallinn","postalCode":"10412","addressRegion":"Tallinn","addressCountry":"EE"},{"@type":"ImageObject","inLanguage":"fi","@id":"https:\/\/voltride.com\/fi\/kingsong-ks-s9\/#local-main-organization-logo","url":"https:\/\/voltride.com\/wp-content\/uploads\/voltride-logo.png","contentUrl":"https:\/\/voltride.com\/wp-content\/uploads\/voltride-logo.png","width":2481,"height":620,"caption":"Voltride"}]},"product_brand":"KingSong","product_price_amount":"499.99","product_price_currency":"EUR","og_availability":"out of stock","product_availability":"out of stock","product_retailer_item_id":"OWKS009","product_condition":"new","geo.placename":"Tallinn","geo.position":{"lat":"59.439554","long":"24.726644"},"geo.region":"Viro"},"_links":{"self":[{"href":"https:\/\/voltride.com\/fi\/wp-json\/wp\/v2\/product\/15310","targetHints":{"allow":["GET"]}}],"collection":[{"href":"https:\/\/voltride.com\/fi\/wp-json\/wp\/v2\/product"}],"about":[{"href":"https:\/\/voltride.com\/fi\/wp-json\/wp\/v2\/types\/product"}],"replies":[{"embeddable":true,"href":"https:\/\/voltride.com\/fi\/wp-json\/wp\/v2\/comments?post=15310"}],"wp:featuredmedia":[{"embeddable":true,"href":"https:\/\/voltride.com\/fi\/wp-json\/wp\/v2\/media\/15301"}],"wp:attachment":[{"href":"https:\/\/voltride.com\/fi\/wp-json\/wp\/v2\/media?parent=15310"}],"wp:term":[{"taxonomy":"product_brand","embeddable":true,"href":"https:\/\/voltride.com\/fi\/wp-json\/wp\/v2\/product_brand?post=15310"},{"taxonomy":"product_cat","embeddable":true,"href":"https:\/\/voltride.com\/fi\/wp-json\/wp\/v2\/product_cat?post=15310"},{"taxonomy":"product_tag","embeddable":true,"href":"https:\/\/voltride.com\/fi\/wp-json\/wp\/v2\/product_tag?post=15310"}],"curies":[{"name":"wp","href":"https:\/\/api.w.org\/{rel}","templated":true}]}}