{"id":18484,"date":"2025-09-09T09:14:23","date_gmt":"2025-09-09T07:14:23","guid":{"rendered":"https:\/\/voltride.com\/riese-muller-transporter-85\/"},"modified":"2026-04-14T20:59:43","modified_gmt":"2026-04-14T18:59:43","slug":"riese-muller-transporter-85","status":"publish","type":"product","link":"https:\/\/voltride.com\/fi\/riese-muller-transporter-85\/","title":{"rendered":"Riese&#038;M\u00fcller Transporter 85"},"content":{"rendered":"<div class=\"wpb-content-wrapper\"><p>[vc_row css=&#8221;.vc_custom_1738843193265{background-color: #0F3F36 !important;}&#8221; woodmart_css_id=&#8221;67a4a4339c25a&#8221; responsive_spacing=&#8221;eyJwYXJhbV90eXBlIjoid29vZG1hcnRfcmVzcG9uc2l2ZV9zcGFjaW5nIiwic2VsZWN0b3JfaWQiOiI2N2E0YTQzMzljMjVhIiwic2hvcnRjb2RlIjoidmNfcm93IiwiZGF0YSI6eyJ0YWJsZXQiOnt9LCJtb2JpbGUiOnt9fX0=&#8221; mobile_bg_img_hidden=&#8221;no&#8221; tablet_bg_img_hidden=&#8221;no&#8221; woodmart_parallax=&#8221;0&#8243; woodmart_gradient_switch=&#8221;no&#8221; woodmart_box_shadow=&#8221;no&#8221; wd_z_index=&#8221;no&#8221; woodmart_disable_overflow=&#8221;0&#8243; row_reverse_mobile=&#8221;0&#8243; row_reverse_tablet=&#8221;0&#8243; el_id=&#8221;p-description&#8221; el_class=&#8221;product-description&#8221;][vc_column][vc_row_inner equal_height=&#8221;yes&#8221; content_placement=&#8221;middle&#8221; gap=&#8221;30&#8243; woodmart_css_id=&#8221;67ad1bf7ca313&#8243; responsive_spacing=&#8221;eyJwYXJhbV90eXBlIjoid29vZG1hcnRfcmVzcG9uc2l2ZV9zcGFjaW5nIiwic2VsZWN0b3JfaWQiOiI2N2FkMWJmN2NhMzEzIiwic2hvcnRjb2RlIjoidmNfcm93X2lubmVyIiwiZGF0YSI6eyJ0YWJsZXQiOnt9LCJtb2JpbGUiOnt9fX0=&#8221; mobile_bg_img_hidden=&#8221;no&#8221; tablet_bg_img_hidden=&#8221;no&#8221; woodmart_parallax=&#8221;0&#8243; woodmart_gradient_switch=&#8221;no&#8221; woodmart_box_shadow=&#8221;no&#8221; wd_z_index=&#8221;no&#8221; woodmart_disable_overflow=&#8221;0&#8243; row_reverse_mobile=&#8221;1&#8243; row_reverse_tablet=&#8221;0&#8243; el_class=&#8221;first-row inside-dec-row&#8221;][vc_column_inner el_class=&#8221;left-text-product&#8221; width=&#8221;1\/2&#8243; woodmart_css_id=&#8221;67ad4841a2dd4&#8243; parallax_scroll=&#8221;no&#8221; woodmart_sticky_column=&#8221;false&#8221; wd_collapsible_content_switcher=&#8221;no&#8221; wd_column_role_offcanvas_desktop=&#8221;no&#8221; wd_column_role_offcanvas_tablet=&#8221;no&#8221; wd_column_role_offcanvas_mobile=&#8221;no&#8221; wd_column_role_content_desktop=&#8221;no&#8221; wd_column_role_content_tablet=&#8221;no&#8221; wd_column_role_content_mobile=&#8221;no&#8221; mobile_bg_img_hidden=&#8221;no&#8221; tablet_bg_img_hidden=&#8221;no&#8221; woodmart_parallax=&#8221;0&#8243; woodmart_box_shadow=&#8221;no&#8221; responsive_spacing=&#8221;eyJwYXJhbV90eXBlIjoid29vZG1hcnRfcmVzcG9uc2l2ZV9zcGFjaW5nIiwic2VsZWN0b3JfaWQiOiI2N2FkNDg0MWEyZGQ0Iiwic2hvcnRjb2RlIjoidmNfY29sdW1uX2lubmVyIiwiZGF0YSI6eyJ0YWJsZXQiOnt9LCJtb2JpbGUiOnt9fX0=&#8221; wd_z_index=&#8221;no&#8221;][vc_column_text css=&#8221;&#8221; woodmart_inline=&#8221;no&#8221; text_larger=&#8221;no&#8221;]<\/p>\n<h3>Suuri kuormapinta-ala<\/h3>\n<p>[\/vc_column_text][vc_column_text css=&#8221;&#8221; woodmart_inline=&#8221;no&#8221; text_larger=&#8221;no&#8221;]Transporter 85 mukautuu t\u00e4ydellisesti kuljetustarpeisiisi.<br \/>\nSen tasot tarjoavat joustavuutta laatikoiden ja suurten tavaroiden kuljetukseen, jotka voidaan kiinnitt\u00e4\u00e4 turvallisesti eri kiinnityspisteisiin.<br \/>\nKiinnityshihnat voi s\u00e4ilytt\u00e4\u00e4 lukittavassa hansikaslokerossa, kun niit\u00e4 ei k\u00e4ytet\u00e4.<br \/>\nPitk\u00e4n kuormatasonsa ansiosta Transporter 85 mahdollistaa l\u00e4hes mink\u00e4 tahansa kuljetuksen.[\/vc_column_text][\/vc_column_inner][vc_column_inner width=&#8221;1\/2&#8243;][vc_single_image image=&#8221;18478&#8243; img_size=&#8221;full&#8221; alignment=&#8221;center&#8221; css=&#8221;&#8221; parallax_scroll=&#8221;no&#8221; woodmart_inline=&#8221;no&#8221; el_class=&#8221;dec-image&#8221;][\/vc_column_inner][\/vc_row_inner][vc_row_inner equal_height=&#8221;yes&#8221; content_placement=&#8221;middle&#8221; gap=&#8221;30&#8243; responsive_tabs_advanced=&#8221;mobile&#8221; woodmart_css_id=&#8221;67c75c610ef66&#8243; responsive_spacing=&#8221;eyJwYXJhbV90eXBlIjoid29vZG1hcnRfcmVzcG9uc2l2ZV9zcGFjaW5nIiwic2VsZWN0b3JfaWQiOiI2N2M3NWM2MTBlZjY2Iiwic2hvcnRjb2RlIjoidmNfcm93X2lubmVyIiwiZGF0YSI6eyJ0YWJsZXQiOnt9LCJtb2JpbGUiOnt9fX0=&#8221; mobile_bg_img_hidden=&#8221;no&#8221; tablet_bg_img_hidden=&#8221;no&#8221; woodmart_parallax=&#8221;0&#8243; woodmart_gradient_switch=&#8221;no&#8221; woodmart_box_shadow=&#8221;no&#8221; wd_z_index=&#8221;no&#8221; woodmart_disable_overflow=&#8221;0&#8243; row_reverse_mobile=&#8221;0&#8243; row_reverse_tablet=&#8221;0&#8243; el_class=&#8221;inside-dec-row&#8221;][vc_column_inner width=&#8221;1\/2&#8243;][vc_single_image image=&#8221;18479&#8243; img_size=&#8221;full&#8221; alignment=&#8221;center&#8221; css=&#8221;&#8221; parallax_scroll=&#8221;no&#8221; woodmart_inline=&#8221;no&#8221; el_class=&#8221;dec-image&#8221;][\/vc_column_inner][vc_column_inner width=&#8221;1\/2&#8243;][vc_column_text css=&#8221;&#8221; woodmart_inline=&#8221;no&#8221; text_larger=&#8221;no&#8221;]<\/p>\n<h3>Laatikko kannella<\/h3>\n<p>[\/vc_column_text][vc_column_text css=&#8221;&#8221; woodmart_inline=&#8221;no&#8221; text_larger=&#8221;no&#8221;]Transporter 85n laatikko tarjoaa tilavan kuorma-alueen, jonka mitat ovat 87,5 cm pituus ja 70 cm leveys.<br \/>\nTasokansi mahdollistaa jopa 375 litran turvallisen ja vakaan kuorman, kun taas korkea kansi kasvattaa kapasiteetin 465 litraan.<br \/>\nKaksi kaasujousitusta tekee laatikon kansien avaamisesta ja sulkemisesta vaivatonta ja pit\u00e4\u00e4 ne auki helppoa lastausta varten.<br \/>\nLis\u00e4ksi laatikon pohjassa on erillinen lokero, jossa voit kuljettaa pieni\u00e4 tavaroita erikseen.[\/vc_column_text][\/vc_column_inner][\/vc_row_inner][vc_row_inner equal_height=&#8221;yes&#8221; content_placement=&#8221;middle&#8221; gap=&#8221;30&#8243; responsive_tabs_advanced=&#8221;mobile&#8221; woodmart_css_id=&#8221;67c75b7a0b1ba&#8221; responsive_spacing=&#8221;eyJwYXJhbV90eXBlIjoid29vZG1hcnRfcmVzcG9uc2l2ZV9zcGFjaW5nIiwic2VsZWN0b3JfaWQiOiI2N2M3NWI3YTBiMWJhIiwic2hvcnRjb2RlIjoidmNfcm93X2lubmVyIiwiZGF0YSI6eyJ0YWJsZXQiOnt9LCJtb2JpbGUiOnt9fX0=&#8221; mobile_bg_img_hidden=&#8221;no&#8221; tablet_bg_img_hidden=&#8221;no&#8221; woodmart_parallax=&#8221;0&#8243; woodmart_gradient_switch=&#8221;no&#8221; woodmart_box_shadow=&#8221;no&#8221; wd_z_index=&#8221;no&#8221; woodmart_disable_overflow=&#8221;0&#8243; row_reverse_mobile=&#8221;1&#8243; row_reverse_tablet=&#8221;0&#8243; el_class=&#8221;inside-dec-row&#8221;][vc_column_inner width=&#8221;1\/2&#8243;][vc_column_text css=&#8221;&#8221; woodmart_inline=&#8221;no&#8221; text_larger=&#8221;no&#8221;]<\/p>\n<h3>Hiilikuituvetohihna<\/h3>\n<p>[\/vc_column_text][vc_column_text css=&#8221;&#8221; woodmart_inline=&#8221;no&#8221; text_larger=&#8221;no&#8221;]Transporter 85ll\u00e4 ajo on aina huoletonta, kiitos jatkuvan Enviolo 380 -napavaihteen ja hiilikuituvetohihnan.<br \/>\nK\u00e4\u00e4ntyv\u00e4 vaihdevipu tekee vaihteiden vaihtamisesta sujuvaa ja vaivatonta.<br \/>\nMatala keski\u00f6akselin korkeus helpottaa kyytiin nousemista ja pois nousua.<br \/>\nKeskiseisontatuki, jossa on lis\u00e4tuki, takaa vaivattoman pys\u00e4k\u00f6innin jopa silloin, kun py\u00f6r\u00e4 on raskaasti lastattu.[\/vc_column_text][\/vc_column_inner][vc_column_inner width=&#8221;1\/2&#8243;][vc_single_image image=&#8221;18480&#8243; img_size=&#8221;full&#8221; alignment=&#8221;center&#8221; css=&#8221;&#8221; parallax_scroll=&#8221;no&#8221; woodmart_inline=&#8221;no&#8221; el_class=&#8221;dec-image&#8221;][\/vc_column_inner][\/vc_row_inner][vc_row_inner equal_height=&#8221;yes&#8221; content_placement=&#8221;middle&#8221; gap=&#8221;30&#8243; responsive_tabs_advanced=&#8221;mobile&#8221; woodmart_css_id=&#8221;67a4a91065422&#8243; responsive_spacing=&#8221;eyJwYXJhbV90eXBlIjoid29vZG1hcnRfcmVzcG9uc2l2ZV9zcGFjaW5nIiwic2VsZWN0b3JfaWQiOiI2N2E0YTkxMDY1NDIyIiwic2hvcnRjb2RlIjoidmNfcm93X2lubmVyIiwiZGF0YSI6eyJ0YWJsZXQiOnt9LCJtb2JpbGUiOnt9fX0=&#8221; mobile_bg_img_hidden=&#8221;no&#8221; tablet_bg_img_hidden=&#8221;no&#8221; woodmart_parallax=&#8221;0&#8243; woodmart_gradient_switch=&#8221;no&#8221; woodmart_box_shadow=&#8221;no&#8221; wd_z_index=&#8221;no&#8221; woodmart_disable_overflow=&#8221;0&#8243; row_reverse_mobile=&#8221;0&#8243; row_reverse_tablet=&#8221;0&#8243; el_class=&#8221;inside-dec-row&#8221;][vc_column_inner width=&#8221;1\/2&#8243;][vc_single_image image=&#8221;18481&#8243; img_size=&#8221;full&#8221; alignment=&#8221;center&#8221; css=&#8221;&#8221; parallax_scroll=&#8221;no&#8221; woodmart_inline=&#8221;no&#8221; el_class=&#8221;dec-image&#8221;][\/vc_column_inner][vc_column_inner width=&#8221;1\/2&#8243;][vc_column_text css=&#8221;&#8221; woodmart_inline=&#8221;no&#8221; text_larger=&#8221;no&#8221;]<\/p>\n<h3>S\u00e4\u00e4dett\u00e4v\u00e4 istuma-asento<\/h3>\n<p>[\/vc_column_text][vc_column_text css=&#8221;&#8221; woodmart_inline=&#8221;no&#8221; text_larger=&#8221;no&#8221;]Transporter 85n korkeuss\u00e4\u00e4dett\u00e4v\u00e4 satula ja ohjaustanko mahdollistavat nopean istuma-asennon s\u00e4\u00e4t\u00e4misen 1,50 m \u2013 2,00 m pitkille kuljettajille.<br \/>\nT\u00e4m\u00e4 tekee py\u00f6r\u00e4st\u00e4 ihanteellisen jokap\u00e4iv\u00e4iseen k\u00e4ytt\u00f6\u00f6n ja monipuoliseksi vaihtoehdoksi autolle.[\/vc_column_text][\/vc_column_inner][\/vc_row_inner][vc_row_inner el_class=&#8221;product-cta&#8221; woodmart_css_id=&#8221;67ad831e70f64&#8243; responsive_spacing=&#8221;eyJwYXJhbV90eXBlIjoid29vZG1hcnRfcmVzcG9uc2l2ZV9zcGFjaW5nIiwic2VsZWN0b3JfaWQiOiI2N2FkODMxZTcwZjY0Iiwic2hvcnRjb2RlIjoidmNfcm93X2lubmVyIiwiZGF0YSI6eyJ0YWJsZXQiOnt9LCJtb2JpbGUiOnt9fX0=&#8221; mobile_bg_img_hidden=&#8221;no&#8221; tablet_bg_img_hidden=&#8221;no&#8221; woodmart_parallax=&#8221;0&#8243; woodmart_gradient_switch=&#8221;no&#8221; woodmart_box_shadow=&#8221;no&#8221; wd_z_index=&#8221;no&#8221; woodmart_disable_overflow=&#8221;0&#8243; row_reverse_mobile=&#8221;0&#8243; row_reverse_tablet=&#8221;0&#8243;][vc_column_inner][vc_column_text css=&#8221;&#8221; el_class=&#8221;bigger-cta-heading&#8221; woodmart_inline=&#8221;no&#8221; text_larger=&#8221;no&#8221;]<\/p>\n<h4>Tilaa s\u00e4hk\u00f6inen tavarapy\u00f6r\u00e4si, Riese &#038; M\u00fcller Transporter 85, jo t\u00e4n\u00e4\u00e4n!<\/h4>\n<p>[\/vc_column_text][\/vc_column_inner][\/vc_row_inner][\/vc_column][\/vc_row]<\/p>\n<\/div>","protected":false},"excerpt":{"rendered":"<p>\u201cTilamahdikas\u201d tavarapy\u00f6rien joukossa.<\/p>\n<p>Todella iso tavarapy\u00f6r\u00e4, Riese &amp; M\u00fcller Transporter 85 \u2013 myym\u00e4l\u00e4tarvikkeille, puutarhureille, logistiikkaan\u2026 mit\u00e4 ikin\u00e4 tarvitsetkin.<br \/>\nKuljeta suuria kuormia ja tavaroita turvallisesti ja vaivattomasti monipuolisten kuljetusmahdollisuuksien ansiosta.<br \/>\nVarustettu tehokkaalla Bosch Performance Line -moottorilla ja v\u00e4h\u00e4huoltoisella hihnavedolla, Transporter 85 takaa huoletonta ajoa joka kerta.<br \/>\nS\u00e4\u00e4d\u00e4 py\u00f6r\u00e4 tarpeidesi mukaan monipuolisilla lis\u00e4varusteilla, olipa kyse suurista kuormista tai pienemmist\u00e4 tavaroista.<\/p>\n<p><strong>NB! Hinta koskee Voltriden myym\u00e4l\u00e4st\u00e4 heti saatavilla olevaa py\u00f6r\u00e4\u00e4.<\/strong><br \/>\n<strong>Erikoistilauksista l\u00f6yd\u00e4t lis\u00e4tietoa Riese &amp; M\u00fcllerin verkkosivuilta ja voit olla yhteydess\u00e4 Voltriden myyntineuvontaan.<\/strong><\/p>\n","protected":false},"featured_media":18482,"comment_status":"closed","ping_status":"closed","template":"","meta":[],"product_brand":[681],"product_cat":[730,738],"product_tag":[],"class_list":{"0":"post-18484","1":"product","2":"type-product","3":"status-publish","4":"has-post-thumbnail","6":"product_brand-riese-muller","7":"product_cat-sahkopyorat","8":"product_cat-tavarapyorat","10":"first","11":"instock","12":"sale","13":"taxable","14":"shipping-taxable","15":"purchasable","16":"product-type-simple"},"yoast_head":"<!-- This site is optimized with the Yoast SEO Premium plugin v27.3 (Yoast SEO v27.4) - https:\/\/yoast.com\/product\/yoast-seo-premium-wordpress\/ -->\n<title>Riese &amp; M\u00fcller Transporter 85 \u2013 Kest\u00e4v\u00e4 s\u00e4hk\u00f6inen tavarapy\u00f6r\u00e4 | Voltride<\/title>\n<meta name=\"description\" content=\"Riese &amp; M\u00fcller Transporter 85 on suuri s\u00e4hk\u00f6inen tavarapy\u00f6r\u00e4, jossa on Bosch-moottori ja hihnaveto, suunniteltu turvalliseen ja tehokkaaseen raskaiden kuormien kuljetukseen.\" \/>\n<meta name=\"robots\" content=\"index, follow, max-snippet:-1, max-image-preview:large, max-video-preview:-1\" \/>\n<link rel=\"canonical\" href=\"https:\/\/voltride.com\/fi\/riese-muller-transporter-85\/\" \/>\n<meta property=\"og:locale\" content=\"fi_FI\" \/>\n<meta property=\"og:type\" content=\"article\" \/>\n<meta property=\"og:title\" content=\"Riese&amp;M\u00fcller Transporter 85 | Voltride\" \/>\n<meta property=\"og:description\" content=\"Riese &amp; M\u00fcller Transporter 85 on suuri s\u00e4hk\u00f6inen tavarapy\u00f6r\u00e4, jossa on Bosch-moottori ja hihnaveto, suunniteltu turvalliseen ja tehokkaaseen raskaiden kuormien kuljetukseen.\" \/>\n<meta property=\"og:url\" content=\"https:\/\/voltride.com\/fi\/riese-muller-transporter-85\/\" \/>\n<meta property=\"og:site_name\" content=\"Voltride\" \/>\n<meta property=\"article:publisher\" content=\"https:\/\/www.facebook.com\/voltridecom\/\" \/>\n<meta property=\"article:modified_time\" content=\"2026-04-14T18:59:43+00:00\" \/>\n<meta property=\"og:image\" content=\"https:\/\/voltride.com\/wp-content\/uploads\/2025\/05\/transporter85-white-frame-side.gif\" \/>\n\t<meta property=\"og:image:width\" content=\"1500\" \/>\n\t<meta property=\"og:image:height\" content=\"1500\" \/>\n\t<meta property=\"og:image:type\" content=\"image\/gif\" \/>\n<meta name=\"twitter:card\" content=\"summary_large_image\" \/>\n<script type=\"application\/ld+json\" class=\"yoast-schema-graph\">{\"@context\":\"https:\\\/\\\/schema.org\",\"@graph\":[{\"@type\":\"WebPage\",\"@id\":\"https:\\\/\\\/voltride.com\\\/fi\\\/riese-muller-transporter-85\\\/\",\"url\":\"https:\\\/\\\/voltride.com\\\/fi\\\/riese-muller-transporter-85\\\/\",\"name\":\"Riese & M\u00fcller Transporter 85 \u2013 Kest\u00e4v\u00e4 s\u00e4hk\u00f6inen tavarapy\u00f6r\u00e4 | Voltride\",\"isPartOf\":{\"@id\":\"https:\\\/\\\/voltride.com\\\/fi\\\/#website\"},\"primaryImageOfPage\":{\"@id\":\"https:\\\/\\\/voltride.com\\\/fi\\\/riese-muller-transporter-85\\\/#primaryimage\"},\"image\":{\"@id\":\"https:\\\/\\\/voltride.com\\\/fi\\\/riese-muller-transporter-85\\\/#primaryimage\"},\"thumbnailUrl\":\"https:\\\/\\\/voltride.com\\\/wp-content\\\/uploads\\\/2025\\\/05\\\/transporter85-white-frame-side.gif\",\"datePublished\":\"2025-09-09T07:14:23+00:00\",\"dateModified\":\"2026-04-14T18:59:43+00:00\",\"description\":\"Riese & M\u00fcller Transporter 85 on suuri s\u00e4hk\u00f6inen tavarapy\u00f6r\u00e4, jossa on Bosch-moottori ja hihnaveto, suunniteltu turvalliseen ja tehokkaaseen raskaiden kuormien kuljetukseen.\",\"breadcrumb\":{\"@id\":\"https:\\\/\\\/voltride.com\\\/fi\\\/riese-muller-transporter-85\\\/#breadcrumb\"},\"inLanguage\":\"fi\",\"potentialAction\":[{\"@type\":\"ReadAction\",\"target\":[\"https:\\\/\\\/voltride.com\\\/fi\\\/riese-muller-transporter-85\\\/\"]}]},{\"@type\":\"ImageObject\",\"inLanguage\":\"fi\",\"@id\":\"https:\\\/\\\/voltride.com\\\/fi\\\/riese-muller-transporter-85\\\/#primaryimage\",\"url\":\"https:\\\/\\\/voltride.com\\\/wp-content\\\/uploads\\\/2025\\\/05\\\/transporter85-white-frame-side.gif\",\"contentUrl\":\"https:\\\/\\\/voltride.com\\\/wp-content\\\/uploads\\\/2025\\\/05\\\/transporter85-white-frame-side.gif\",\"width\":1500,\"height\":1500,\"caption\":\"Sivukuva valkoisesta Riese & M\u00fcller Transporter 85 -s\u00e4hk\u00f6tavarapy\u00f6r\u00e4st\u00e4 etukuormalaatikolla.\"},{\"@type\":\"BreadcrumbList\",\"@id\":\"https:\\\/\\\/voltride.com\\\/fi\\\/riese-muller-transporter-85\\\/#breadcrumb\",\"itemListElement\":[{\"@type\":\"ListItem\",\"position\":1,\"name\":\"Etusivu\",\"item\":\"https:\\\/\\\/voltride.com\\\/fi\\\/\"},{\"@type\":\"ListItem\",\"position\":2,\"name\":\"Kauppa\",\"item\":\"https:\\\/\\\/voltride.com\\\/shop\\\/\"},{\"@type\":\"ListItem\",\"position\":3,\"name\":\"S\u00e4hk\u00f6py\u00f6r\u00e4t\",\"item\":\"https:\\\/\\\/voltride.com\\\/fi\\\/sahkopyorat\\\/\"},{\"@type\":\"ListItem\",\"position\":4,\"name\":\"Riese&#038;M\u00fcller Transporter 85\"}]},{\"@type\":\"WebSite\",\"@id\":\"https:\\\/\\\/voltride.com\\\/fi\\\/#website\",\"url\":\"https:\\\/\\\/voltride.com\\\/fi\\\/\",\"name\":\"Voltride\",\"description\":\"Parim elektrirataste elektrit\u00f5ukside ja \u00fcksrataste pood ja remont\",\"publisher\":{\"@id\":\"https:\\\/\\\/voltride.com\\\/fi\\\/#organization\"},\"alternateName\":\"Vr\",\"potentialAction\":[{\"@type\":\"SearchAction\",\"target\":{\"@type\":\"EntryPoint\",\"urlTemplate\":\"https:\\\/\\\/voltride.com\\\/fi\\\/?s={search_term_string}\"},\"query-input\":{\"@type\":\"PropertyValueSpecification\",\"valueRequired\":true,\"valueName\":\"search_term_string\"}}],\"inLanguage\":\"fi\"},{\"@type\":[\"Organization\",\"Place\"],\"@id\":\"https:\\\/\\\/voltride.com\\\/fi\\\/#organization\",\"name\":\"Voltride\",\"alternateName\":\"VR\",\"url\":\"https:\\\/\\\/voltride.com\\\/fi\\\/\",\"logo\":{\"@id\":\"https:\\\/\\\/voltride.com\\\/fi\\\/riese-muller-transporter-85\\\/#local-main-organization-logo\"},\"image\":{\"@id\":\"https:\\\/\\\/voltride.com\\\/fi\\\/riese-muller-transporter-85\\\/#local-main-organization-logo\"},\"sameAs\":[\"https:\\\/\\\/www.facebook.com\\\/voltridecom\\\/\"],\"legalName\":\"Voltride O\u00dc\",\"numberOfEmployees\":{\"@type\":\"QuantitativeValue\",\"minValue\":\"1\",\"maxValue\":\"10\"},\"ownershipFundingInfo\":\"https:\\\/\\\/voltride.com\\\/about-us\\\/\",\"hasMerchantReturnPolicy\":{\"@type\":\"MerchantReturnPolicy\",\"merchantReturnLink\":\"https:\\\/\\\/voltride.com\\\/shipping-and-returns\\\/\"},\"address\":{\"@id\":\"https:\\\/\\\/voltride.com\\\/fi\\\/riese-muller-transporter-85\\\/#local-main-place-address\"},\"geo\":{\"@type\":\"GeoCoordinates\",\"latitude\":\"59.439554\",\"longitude\":\"24.726644\"},\"telephone\":[\"+372 600 40 99\"],\"contactPoint\":{\"@type\":\"ContactPoint\",\"telephone\":\"+372 600 40 99\",\"email\":\"info@voltride.com\"},\"openingHoursSpecification\":[{\"@type\":\"OpeningHoursSpecification\",\"dayOfWeek\":[\"Monday\",\"Tuesday\",\"Wednesday\",\"Thursday\",\"Friday\"],\"opens\":\"10:00\",\"closes\":\"18:00\"},{\"@type\":\"OpeningHoursSpecification\",\"dayOfWeek\":[\"Saturday\",\"Sunday\"],\"opens\":\"00:00\",\"closes\":\"00:00\"}],\"email\":\"info@voltride.com\",\"taxID\":\"14871968\"},{\"@type\":\"PostalAddress\",\"@id\":\"https:\\\/\\\/voltride.com\\\/fi\\\/riese-muller-transporter-85\\\/#local-main-place-address\",\"streetAddress\":\"Voltride Telliskivi 57D\",\"addressLocality\":\"Tallinn\",\"postalCode\":\"10412\",\"addressRegion\":\"Tallinn\",\"addressCountry\":\"EE\"},{\"@type\":\"ImageObject\",\"inLanguage\":\"fi\",\"@id\":\"https:\\\/\\\/voltride.com\\\/fi\\\/riese-muller-transporter-85\\\/#local-main-organization-logo\",\"url\":\"https:\\\/\\\/voltride.com\\\/wp-content\\\/uploads\\\/voltride-logo.png\",\"contentUrl\":\"https:\\\/\\\/voltride.com\\\/wp-content\\\/uploads\\\/voltride-logo.png\",\"width\":2481,\"height\":620,\"caption\":\"Voltride\"}]}<\/script>\n<meta property=\"product:brand\" content=\"Riese &amp; M\u00fcller\" \/>\n<meta property=\"product:price:amount\" content=\"4999.99\" \/>\n<meta property=\"product:price:currency\" content=\"EUR\" \/>\n<meta property=\"og:availability\" content=\"instock\" \/>\n<meta property=\"product:availability\" content=\"instock\" \/>\n<meta property=\"product:retailer_item_id\" content=\"EBRM003\" \/>\n<meta property=\"product:condition\" content=\"new\" \/>\n<meta name=\"geo.placename\" content=\"Tallinn\" \/>\n<meta name=\"geo.position\" content=\"59.439554;24.726644\" \/>\n<meta name=\"geo.region\" content=\"Viro\" \/>\n<!-- \/ Yoast SEO Premium plugin. -->","yoast_head_json":{"title":"Riese & M\u00fcller Transporter 85 \u2013 Kest\u00e4v\u00e4 s\u00e4hk\u00f6inen tavarapy\u00f6r\u00e4 | Voltride","description":"Riese & M\u00fcller Transporter 85 on suuri s\u00e4hk\u00f6inen tavarapy\u00f6r\u00e4, jossa on Bosch-moottori ja hihnaveto, suunniteltu turvalliseen ja tehokkaaseen raskaiden kuormien kuljetukseen.","robots":{"index":"index","follow":"follow","max-snippet":"max-snippet:-1","max-image-preview":"max-image-preview:large","max-video-preview":"max-video-preview:-1"},"canonical":"https:\/\/voltride.com\/fi\/riese-muller-transporter-85\/","og_locale":"fi_FI","og_type":"article","og_title":"Riese&M\u00fcller Transporter 85 | Voltride","og_description":"Riese & M\u00fcller Transporter 85 on suuri s\u00e4hk\u00f6inen tavarapy\u00f6r\u00e4, jossa on Bosch-moottori ja hihnaveto, suunniteltu turvalliseen ja tehokkaaseen raskaiden kuormien kuljetukseen.","og_url":"https:\/\/voltride.com\/fi\/riese-muller-transporter-85\/","og_site_name":"Voltride","article_publisher":"https:\/\/www.facebook.com\/voltridecom\/","article_modified_time":"2026-04-14T18:59:43+00:00","og_image":[{"width":1500,"height":1500,"url":"https:\/\/voltride.com\/wp-content\/uploads\/2025\/05\/transporter85-white-frame-side.gif","type":"image\/gif"}],"twitter_card":"summary_large_image","schema":{"@context":"https:\/\/schema.org","@graph":[{"@type":"WebPage","@id":"https:\/\/voltride.com\/fi\/riese-muller-transporter-85\/","url":"https:\/\/voltride.com\/fi\/riese-muller-transporter-85\/","name":"Riese & M\u00fcller Transporter 85 \u2013 Kest\u00e4v\u00e4 s\u00e4hk\u00f6inen tavarapy\u00f6r\u00e4 | Voltride","isPartOf":{"@id":"https:\/\/voltride.com\/fi\/#website"},"primaryImageOfPage":{"@id":"https:\/\/voltride.com\/fi\/riese-muller-transporter-85\/#primaryimage"},"image":{"@id":"https:\/\/voltride.com\/fi\/riese-muller-transporter-85\/#primaryimage"},"thumbnailUrl":"https:\/\/voltride.com\/wp-content\/uploads\/2025\/05\/transporter85-white-frame-side.gif","datePublished":"2025-09-09T07:14:23+00:00","dateModified":"2026-04-14T18:59:43+00:00","description":"Riese & M\u00fcller Transporter 85 on suuri s\u00e4hk\u00f6inen tavarapy\u00f6r\u00e4, jossa on Bosch-moottori ja hihnaveto, suunniteltu turvalliseen ja tehokkaaseen raskaiden kuormien kuljetukseen.","breadcrumb":{"@id":"https:\/\/voltride.com\/fi\/riese-muller-transporter-85\/#breadcrumb"},"inLanguage":"fi","potentialAction":[{"@type":"ReadAction","target":["https:\/\/voltride.com\/fi\/riese-muller-transporter-85\/"]}]},{"@type":"ImageObject","inLanguage":"fi","@id":"https:\/\/voltride.com\/fi\/riese-muller-transporter-85\/#primaryimage","url":"https:\/\/voltride.com\/wp-content\/uploads\/2025\/05\/transporter85-white-frame-side.gif","contentUrl":"https:\/\/voltride.com\/wp-content\/uploads\/2025\/05\/transporter85-white-frame-side.gif","width":1500,"height":1500,"caption":"Sivukuva valkoisesta Riese & M\u00fcller Transporter 85 -s\u00e4hk\u00f6tavarapy\u00f6r\u00e4st\u00e4 etukuormalaatikolla."},{"@type":"BreadcrumbList","@id":"https:\/\/voltride.com\/fi\/riese-muller-transporter-85\/#breadcrumb","itemListElement":[{"@type":"ListItem","position":1,"name":"Etusivu","item":"https:\/\/voltride.com\/fi\/"},{"@type":"ListItem","position":2,"name":"Kauppa","item":"https:\/\/voltride.com\/shop\/"},{"@type":"ListItem","position":3,"name":"S\u00e4hk\u00f6py\u00f6r\u00e4t","item":"https:\/\/voltride.com\/fi\/sahkopyorat\/"},{"@type":"ListItem","position":4,"name":"Riese&#038;M\u00fcller Transporter 85"}]},{"@type":"WebSite","@id":"https:\/\/voltride.com\/fi\/#website","url":"https:\/\/voltride.com\/fi\/","name":"Voltride","description":"Parim elektrirataste elektrit\u00f5ukside ja \u00fcksrataste pood ja remont","publisher":{"@id":"https:\/\/voltride.com\/fi\/#organization"},"alternateName":"Vr","potentialAction":[{"@type":"SearchAction","target":{"@type":"EntryPoint","urlTemplate":"https:\/\/voltride.com\/fi\/?s={search_term_string}"},"query-input":{"@type":"PropertyValueSpecification","valueRequired":true,"valueName":"search_term_string"}}],"inLanguage":"fi"},{"@type":["Organization","Place"],"@id":"https:\/\/voltride.com\/fi\/#organization","name":"Voltride","alternateName":"VR","url":"https:\/\/voltride.com\/fi\/","logo":{"@id":"https:\/\/voltride.com\/fi\/riese-muller-transporter-85\/#local-main-organization-logo"},"image":{"@id":"https:\/\/voltride.com\/fi\/riese-muller-transporter-85\/#local-main-organization-logo"},"sameAs":["https:\/\/www.facebook.com\/voltridecom\/"],"legalName":"Voltride O\u00dc","numberOfEmployees":{"@type":"QuantitativeValue","minValue":"1","maxValue":"10"},"ownershipFundingInfo":"https:\/\/voltride.com\/about-us\/","hasMerchantReturnPolicy":{"@type":"MerchantReturnPolicy","merchantReturnLink":"https:\/\/voltride.com\/shipping-and-returns\/"},"address":{"@id":"https:\/\/voltride.com\/fi\/riese-muller-transporter-85\/#local-main-place-address"},"geo":{"@type":"GeoCoordinates","latitude":"59.439554","longitude":"24.726644"},"telephone":["+372 600 40 99"],"contactPoint":{"@type":"ContactPoint","telephone":"+372 600 40 99","email":"info@voltride.com"},"openingHoursSpecification":[{"@type":"OpeningHoursSpecification","dayOfWeek":["Monday","Tuesday","Wednesday","Thursday","Friday"],"opens":"10:00","closes":"18:00"},{"@type":"OpeningHoursSpecification","dayOfWeek":["Saturday","Sunday"],"opens":"00:00","closes":"00:00"}],"email":"info@voltride.com","taxID":"14871968"},{"@type":"PostalAddress","@id":"https:\/\/voltride.com\/fi\/riese-muller-transporter-85\/#local-main-place-address","streetAddress":"Voltride Telliskivi 57D","addressLocality":"Tallinn","postalCode":"10412","addressRegion":"Tallinn","addressCountry":"EE"},{"@type":"ImageObject","inLanguage":"fi","@id":"https:\/\/voltride.com\/fi\/riese-muller-transporter-85\/#local-main-organization-logo","url":"https:\/\/voltride.com\/wp-content\/uploads\/voltride-logo.png","contentUrl":"https:\/\/voltride.com\/wp-content\/uploads\/voltride-logo.png","width":2481,"height":620,"caption":"Voltride"}]},"product_brand":"Riese &amp; M\u00fcller","product_price_amount":"4999.99","product_price_currency":"EUR","og_availability":"instock","product_availability":"instock","product_retailer_item_id":"EBRM003","product_condition":"new","geo.placename":"Tallinn","geo.position":{"lat":"59.439554","long":"24.726644"},"geo.region":"Viro"},"_links":{"self":[{"href":"https:\/\/voltride.com\/fi\/wp-json\/wp\/v2\/product\/18484","targetHints":{"allow":["GET"]}}],"collection":[{"href":"https:\/\/voltride.com\/fi\/wp-json\/wp\/v2\/product"}],"about":[{"href":"https:\/\/voltride.com\/fi\/wp-json\/wp\/v2\/types\/product"}],"replies":[{"embeddable":true,"href":"https:\/\/voltride.com\/fi\/wp-json\/wp\/v2\/comments?post=18484"}],"wp:featuredmedia":[{"embeddable":true,"href":"https:\/\/voltride.com\/fi\/wp-json\/wp\/v2\/media\/18482"}],"wp:attachment":[{"href":"https:\/\/voltride.com\/fi\/wp-json\/wp\/v2\/media?parent=18484"}],"wp:term":[{"taxonomy":"product_brand","embeddable":true,"href":"https:\/\/voltride.com\/fi\/wp-json\/wp\/v2\/product_brand?post=18484"},{"taxonomy":"product_cat","embeddable":true,"href":"https:\/\/voltride.com\/fi\/wp-json\/wp\/v2\/product_cat?post=18484"},{"taxonomy":"product_tag","embeddable":true,"href":"https:\/\/voltride.com\/fi\/wp-json\/wp\/v2\/product_tag?post=18484"}],"curies":[{"name":"wp","href":"https:\/\/api.w.org\/{rel}","templated":true}]}}