{"id":20179,"date":"2026-03-26T01:57:11","date_gmt":"2026-03-25T23:57:11","guid":{"rendered":"https:\/\/voltride.com\/lastenistuin-polkupyoratelineeseen-bellelli-pepe-harmaa\/"},"modified":"2026-03-31T23:23:48","modified_gmt":"2026-03-31T21:23:48","slug":"lastenistuin-polkupyoratelineeseen-bellelli-pepe-harmaa","status":"publish","type":"product","link":"https:\/\/voltride.com\/fi\/lastenistuin-polkupyoratelineeseen-bellelli-pepe-harmaa\/","title":{"rendered":"Lastenistuin polkupy\u00f6r\u00e4telineeseen Bellelli Pepe harmaa"},"content":{"rendered":"<p data-end=\"3762\" data-start=\"3418\" style=\"caret-color: rgb(0, 0, 0); color: rgb(0, 0, 0);\"><strong data-end=\"3452\" data-start=\"3430\">Bellelli Pepe Gray<\/strong>&nbsp;on kevyt, kest\u00e4v\u00e4 ja turvallinen lasten py\u00f6r\u00e4nistuin, joka on suunniteltu enint\u00e4\u00e4n 22 kg painaville lapsille. Valmistettu Italiassa sertifioidusta, myrkytt\u00f6m\u00e4st\u00e4 ja pest\u00e4v\u00e4st\u00e4 muovista, istuin yhdist\u00e4\u00e4 turvallisuuden ja mukavuuden varmistaen, ett\u00e4 ajomatkat sujuvat mukavasti sek\u00e4 lapselle ett\u00e4 vanhemmalle.<\/p>\n<p data-end=\"3989\" data-start=\"3764\" style=\"caret-color: rgb(0, 0, 0); color: rgb(0, 0, 0);\">T\u00e4m\u00e4 tarakkaan kiinnitett\u00e4v\u00e4 malli on helppo asentaa ja irrottaa, mik\u00e4 mahdollistaa nopean siirron py\u00f6r\u00e4st\u00e4 toiseen. Selk\u00e4- ja hartiaosan ilmanvaihtoaukot pit\u00e4v\u00e4t lapsen viile\u00e4n\u00e4, ja pehme\u00e4 pest\u00e4v\u00e4 tyyny tuo lis\u00e4mukavuutta.<\/p>\n<p data-end=\"4337\" data-start=\"3991\" style=\"caret-color: rgb(0, 0, 0); color: rgb(0, 0, 0);\">Turvallisuus on etusijalla: istuimessa on s\u00e4\u00e4dett\u00e4v\u00e4 3-pisteinen turvavy\u00f6, lapsiturvallinen mutta vanhemmalle helppo yhdell\u00e4 k\u00e4dell\u00e4 avattava lukko, korkeat laidat paremman tuen vuoksi sek\u00e4 leve\u00e4t jalkasuojat, jotka est\u00e4v\u00e4t jalan osumisen pinnoihin. Jalkatuki on s\u00e4\u00e4dett\u00e4viss\u00e4 13 korkeuteen (15 cm s\u00e4\u00e4t\u00f6vara), joten istuin kasvaa lapsen mukana.<\/p>\n<h4 data-end=\"4369\" data-start=\"4339\" style=\"caret-color: rgb(0, 0, 0); color: rgb(0, 0, 0);\"><strong data-end=\"4367\" data-start=\"4339\">T\u00e4rkeimm\u00e4t ominaisuudet:<\/strong><\/h4>\n<ul data-end=\"4939\" data-start=\"4370\" style=\"caret-color: rgb(0, 0, 0); color: rgb(0, 0, 0);\">\n<li data-end=\"4436\" data-start=\"4370\">\n<h4 data-end=\"4436\" data-start=\"4372\">Hyv\u00e4ksytty Euroopan turvallisuusstandardin EN 14344 mukaisesti<\/h4>\n<\/li>\n<li data-end=\"4481\" data-start=\"4437\">\n<p data-end=\"4481\" data-start=\"4439\">Sopii enint\u00e4\u00e4n 22 kg painaville lapsille<\/p>\n<\/li>\n<li data-end=\"4535\" data-start=\"4482\">\n<p data-end=\"4535\" data-start=\"4484\">Kiinnitys takatarakkaan (Pepe Clamp -j\u00e4rjestelm\u00e4)<\/p>\n<\/li>\n<li data-end=\"4571\" data-start=\"4536\">\n<p data-end=\"4571\" data-start=\"4538\">Kevyt, kest\u00e4v\u00e4 ja pest\u00e4v\u00e4 runko<\/p>\n<\/li>\n<li data-end=\"4624\" data-start=\"4572\">\n<p data-end=\"4624\" data-start=\"4574\">Pehme\u00e4 irrotettava tyyny mukavuuden takaamiseksi<\/p>\n<\/li>\n<li data-end=\"4683\" data-start=\"4625\">\n<p data-end=\"4683\" data-start=\"4627\">Ergonominen selk\u00e4noja niskatuella ja olkasyvennyksell\u00e4<\/p>\n<\/li>\n<li data-end=\"4726\" data-start=\"4684\">\n<p data-end=\"4726\" data-start=\"4686\">Ilmanvaihtoaukot sel\u00e4ss\u00e4 ja hartioissa<\/p>\n<\/li>\n<li data-end=\"4781\" data-start=\"4727\">\n<p data-end=\"4781\" data-start=\"4729\">Kolmipisteinen turvavy\u00f6, s\u00e4\u00e4dett\u00e4v\u00e4 korkeus\/pituus<\/p>\n<\/li>\n<li data-end=\"4850\" data-start=\"4782\">\n<p data-end=\"4850\" data-start=\"4784\">Turvalukko kahdella s\u00e4\u00e4t\u00f6syvyydell\u00e4, avattavissa yhdell\u00e4 k\u00e4dell\u00e4<\/p>\n<\/li>\n<li data-end=\"4898\" data-start=\"4851\">\n<p data-end=\"4898\" data-start=\"4853\">Jalkatuet s\u00e4\u00e4dett\u00e4viss\u00e4 13 asentoon (15 cm)<\/p>\n<\/li>\n<li data-end=\"4939\" data-start=\"4899\">\n<p data-end=\"4939\" data-start=\"4901\">Korkeat laidat ja leve\u00e4t jalkasuojat<\/p>\n<\/li>\n<\/ul>\n<p data-end=\"5124\" data-start=\"4941\" style=\"caret-color: rgb(0, 0, 0); color: rgb(0, 0, 0);\"><strong data-end=\"4963\" data-start=\"4941\">Bellelli Pepe Gray<\/strong>&nbsp;on turvallinen, k\u00e4yt\u00e4nn\u00f6llinen ja mukava istuin, erinomainen valinta perheille, jotka arvostavat mielenrauhaa ja italialaista laatua jokaisella py\u00f6r\u00e4retkell\u00e4.<\/p>\n","protected":false},"excerpt":{"rendered":"<p>Bellelli Pepe Gray&nbsp;on kevyt, kest\u00e4v\u00e4 ja turvallinen lasten py\u00f6r\u00e4nistuin, joka on suunniteltu enint\u00e4\u00e4n 22 kg painaville lapsille. Valmistettu Italiassa sertifioidusta,<\/p>\n","protected":false},"featured_media":23524,"comment_status":"open","ping_status":"closed","template":"","meta":[],"product_brand":[],"product_cat":[703],"product_tag":[],"class_list":{"0":"post-20179","1":"product","2":"type-product","3":"status-publish","4":"has-post-thumbnail","6":"product_cat-lastenistuimet-ja-pyorakarryt","8":"first","9":"instock","10":"taxable","11":"shipping-taxable","12":"purchasable","13":"product-type-simple"},"yoast_head":"<!-- This site is optimized with the Yoast SEO Premium plugin v27.3 (Yoast SEO v27.4) - https:\/\/yoast.com\/product\/yoast-seo-premium-wordpress\/ -->\n<title>Lastenistuin polkupy\u00f6r\u00e4telineeseen Bellelli Pepe harmaa | Voltride<\/title>\n<meta name=\"robots\" content=\"index, follow, max-snippet:-1, max-image-preview:large, max-video-preview:-1\" \/>\n<link rel=\"canonical\" href=\"https:\/\/voltride.com\/fi\/lastenistuin-polkupyoratelineeseen-bellelli-pepe-harmaa\/\" \/>\n<meta property=\"og:locale\" content=\"fi_FI\" \/>\n<meta property=\"og:type\" content=\"article\" \/>\n<meta property=\"og:title\" content=\"Lastenistuin polkupy\u00f6r\u00e4telineeseen Bellelli Pepe harmaa | Voltride\" \/>\n<meta property=\"og:description\" content=\"Bellelli Pepe Gray&nbsp;on kevyt, kest\u00e4v\u00e4 ja turvallinen lasten py\u00f6r\u00e4nistuin, joka on suunniteltu enint\u00e4\u00e4n 22 kg painaville lapsille. Valmistettu Italiassa sertifioidusta,\" \/>\n<meta property=\"og:url\" content=\"https:\/\/voltride.com\/fi\/lastenistuin-polkupyoratelineeseen-bellelli-pepe-harmaa\/\" \/>\n<meta property=\"og:site_name\" content=\"Voltride\" \/>\n<meta property=\"article:publisher\" content=\"https:\/\/www.facebook.com\/voltridecom\/\" \/>\n<meta property=\"article:modified_time\" content=\"2026-03-31T21:23:48+00:00\" \/>\n<meta property=\"og:image\" content=\"https:\/\/voltride.com\/wp-content\/uploads\/2026\/03\/5268-689b2ce7a1990877726722-oip-1.jpg\" \/>\n\t<meta property=\"og:image:width\" content=\"1000\" \/>\n\t<meta property=\"og:image:height\" content=\"1000\" \/>\n\t<meta property=\"og:image:type\" content=\"image\/jpeg\" \/>\n<meta name=\"twitter:card\" content=\"summary_large_image\" \/>\n<script type=\"application\/ld+json\" class=\"yoast-schema-graph\">{\"@context\":\"https:\\\/\\\/schema.org\",\"@graph\":[{\"@type\":\"WebPage\",\"@id\":\"https:\\\/\\\/voltride.com\\\/fi\\\/lastenistuin-polkupyoratelineeseen-bellelli-pepe-harmaa\\\/\",\"url\":\"https:\\\/\\\/voltride.com\\\/fi\\\/lastenistuin-polkupyoratelineeseen-bellelli-pepe-harmaa\\\/\",\"name\":\"Lastenistuin polkupy\u00f6r\u00e4telineeseen Bellelli Pepe harmaa | Voltride\",\"isPartOf\":{\"@id\":\"https:\\\/\\\/voltride.com\\\/fi\\\/#website\"},\"primaryImageOfPage\":{\"@id\":\"https:\\\/\\\/voltride.com\\\/fi\\\/lastenistuin-polkupyoratelineeseen-bellelli-pepe-harmaa\\\/#primaryimage\"},\"image\":{\"@id\":\"https:\\\/\\\/voltride.com\\\/fi\\\/lastenistuin-polkupyoratelineeseen-bellelli-pepe-harmaa\\\/#primaryimage\"},\"thumbnailUrl\":\"https:\\\/\\\/voltride.com\\\/wp-content\\\/uploads\\\/2026\\\/03\\\/5268-689b2ce7a1990877726722-oip-1.jpg\",\"datePublished\":\"2026-03-25T23:57:11+00:00\",\"dateModified\":\"2026-03-31T21:23:48+00:00\",\"breadcrumb\":{\"@id\":\"https:\\\/\\\/voltride.com\\\/fi\\\/lastenistuin-polkupyoratelineeseen-bellelli-pepe-harmaa\\\/#breadcrumb\"},\"inLanguage\":\"fi\",\"potentialAction\":[{\"@type\":\"ReadAction\",\"target\":[\"https:\\\/\\\/voltride.com\\\/fi\\\/lastenistuin-polkupyoratelineeseen-bellelli-pepe-harmaa\\\/\"]}]},{\"@type\":\"ImageObject\",\"inLanguage\":\"fi\",\"@id\":\"https:\\\/\\\/voltride.com\\\/fi\\\/lastenistuin-polkupyoratelineeseen-bellelli-pepe-harmaa\\\/#primaryimage\",\"url\":\"https:\\\/\\\/voltride.com\\\/wp-content\\\/uploads\\\/2026\\\/03\\\/5268-689b2ce7a1990877726722-oip-1.jpg\",\"contentUrl\":\"https:\\\/\\\/voltride.com\\\/wp-content\\\/uploads\\\/2026\\\/03\\\/5268-689b2ce7a1990877726722-oip-1.jpg\",\"width\":1000,\"height\":1000},{\"@type\":\"BreadcrumbList\",\"@id\":\"https:\\\/\\\/voltride.com\\\/fi\\\/lastenistuin-polkupyoratelineeseen-bellelli-pepe-harmaa\\\/#breadcrumb\",\"itemListElement\":[{\"@type\":\"ListItem\",\"position\":1,\"name\":\"Etusivu\",\"item\":\"https:\\\/\\\/voltride.com\\\/fi\\\/\"},{\"@type\":\"ListItem\",\"position\":2,\"name\":\"Kauppa\",\"item\":\"https:\\\/\\\/voltride.com\\\/shop\\\/\"},{\"@type\":\"ListItem\",\"position\":3,\"name\":\"Lis\u00e4tarvikkeet\",\"item\":\"https:\\\/\\\/voltride.com\\\/fi\\\/lisatarvikkeet\\\/\"},{\"@type\":\"ListItem\",\"position\":4,\"name\":\"Lastenistuimet ja py\u00f6r\u00e4k\u00e4rryt\",\"item\":\"https:\\\/\\\/voltride.com\\\/fi\\\/lastenistuimet-ja-pyorakarryt\\\/\"},{\"@type\":\"ListItem\",\"position\":5,\"name\":\"Lastenistuin polkupy\u00f6r\u00e4telineeseen Bellelli Pepe harmaa\"}]},{\"@type\":\"WebSite\",\"@id\":\"https:\\\/\\\/voltride.com\\\/fi\\\/#website\",\"url\":\"https:\\\/\\\/voltride.com\\\/fi\\\/\",\"name\":\"Voltride\",\"description\":\"Parim elektrirataste elektrit\u00f5ukside ja \u00fcksrataste pood ja remont\",\"publisher\":{\"@id\":\"https:\\\/\\\/voltride.com\\\/fi\\\/#organization\"},\"alternateName\":\"Vr\",\"potentialAction\":[{\"@type\":\"SearchAction\",\"target\":{\"@type\":\"EntryPoint\",\"urlTemplate\":\"https:\\\/\\\/voltride.com\\\/fi\\\/?s={search_term_string}\"},\"query-input\":{\"@type\":\"PropertyValueSpecification\",\"valueRequired\":true,\"valueName\":\"search_term_string\"}}],\"inLanguage\":\"fi\"},{\"@type\":[\"Organization\",\"Place\"],\"@id\":\"https:\\\/\\\/voltride.com\\\/fi\\\/#organization\",\"name\":\"Voltride\",\"alternateName\":\"VR\",\"url\":\"https:\\\/\\\/voltride.com\\\/fi\\\/\",\"logo\":{\"@id\":\"https:\\\/\\\/voltride.com\\\/fi\\\/lastenistuin-polkupyoratelineeseen-bellelli-pepe-harmaa\\\/#local-main-organization-logo\"},\"image\":{\"@id\":\"https:\\\/\\\/voltride.com\\\/fi\\\/lastenistuin-polkupyoratelineeseen-bellelli-pepe-harmaa\\\/#local-main-organization-logo\"},\"sameAs\":[\"https:\\\/\\\/www.facebook.com\\\/voltridecom\\\/\"],\"legalName\":\"Voltride O\u00dc\",\"numberOfEmployees\":{\"@type\":\"QuantitativeValue\",\"minValue\":\"1\",\"maxValue\":\"10\"},\"ownershipFundingInfo\":\"https:\\\/\\\/voltride.com\\\/about-us\\\/\",\"hasMerchantReturnPolicy\":{\"@type\":\"MerchantReturnPolicy\",\"merchantReturnLink\":\"https:\\\/\\\/voltride.com\\\/shipping-and-returns\\\/\"},\"address\":{\"@id\":\"https:\\\/\\\/voltride.com\\\/fi\\\/lastenistuin-polkupyoratelineeseen-bellelli-pepe-harmaa\\\/#local-main-place-address\"},\"geo\":{\"@type\":\"GeoCoordinates\",\"latitude\":\"59.439554\",\"longitude\":\"24.726644\"},\"telephone\":[\"+372 600 40 99\"],\"contactPoint\":{\"@type\":\"ContactPoint\",\"telephone\":\"+372 600 40 99\",\"email\":\"info@voltride.com\"},\"openingHoursSpecification\":[{\"@type\":\"OpeningHoursSpecification\",\"dayOfWeek\":[\"Monday\",\"Tuesday\",\"Wednesday\",\"Thursday\",\"Friday\"],\"opens\":\"10:00\",\"closes\":\"18:00\"},{\"@type\":\"OpeningHoursSpecification\",\"dayOfWeek\":[\"Saturday\",\"Sunday\"],\"opens\":\"00:00\",\"closes\":\"00:00\"}],\"email\":\"info@voltride.com\",\"taxID\":\"14871968\"},{\"@type\":\"PostalAddress\",\"@id\":\"https:\\\/\\\/voltride.com\\\/fi\\\/lastenistuin-polkupyoratelineeseen-bellelli-pepe-harmaa\\\/#local-main-place-address\",\"streetAddress\":\"Voltride Telliskivi 57D\",\"addressLocality\":\"Tallinn\",\"postalCode\":\"10412\",\"addressRegion\":\"Tallinn\",\"addressCountry\":\"EE\"},{\"@type\":\"ImageObject\",\"inLanguage\":\"fi\",\"@id\":\"https:\\\/\\\/voltride.com\\\/fi\\\/lastenistuin-polkupyoratelineeseen-bellelli-pepe-harmaa\\\/#local-main-organization-logo\",\"url\":\"https:\\\/\\\/voltride.com\\\/wp-content\\\/uploads\\\/voltride-logo.png\",\"contentUrl\":\"https:\\\/\\\/voltride.com\\\/wp-content\\\/uploads\\\/voltride-logo.png\",\"width\":2481,\"height\":620,\"caption\":\"Voltride\"}]}<\/script>\n<meta property=\"product:price:amount\" content=\"52.99\" \/>\n<meta property=\"product:price:currency\" content=\"EUR\" \/>\n<meta property=\"og:availability\" content=\"instock\" \/>\n<meta property=\"product:availability\" content=\"instock\" \/>\n<meta property=\"product:retailer_item_id\" content=\"BLSE002\" \/>\n<meta property=\"product:condition\" content=\"new\" \/>\n<meta name=\"geo.placename\" content=\"Tallinn\" \/>\n<meta name=\"geo.position\" content=\"59.439554;24.726644\" \/>\n<meta name=\"geo.region\" content=\"Viro\" \/>\n<!-- \/ Yoast SEO Premium plugin. -->","yoast_head_json":{"title":"Lastenistuin polkupy\u00f6r\u00e4telineeseen Bellelli Pepe harmaa | Voltride","robots":{"index":"index","follow":"follow","max-snippet":"max-snippet:-1","max-image-preview":"max-image-preview:large","max-video-preview":"max-video-preview:-1"},"canonical":"https:\/\/voltride.com\/fi\/lastenistuin-polkupyoratelineeseen-bellelli-pepe-harmaa\/","og_locale":"fi_FI","og_type":"article","og_title":"Lastenistuin polkupy\u00f6r\u00e4telineeseen Bellelli Pepe harmaa | Voltride","og_description":"Bellelli Pepe Gray&nbsp;on kevyt, kest\u00e4v\u00e4 ja turvallinen lasten py\u00f6r\u00e4nistuin, joka on suunniteltu enint\u00e4\u00e4n 22 kg painaville lapsille. Valmistettu Italiassa sertifioidusta,","og_url":"https:\/\/voltride.com\/fi\/lastenistuin-polkupyoratelineeseen-bellelli-pepe-harmaa\/","og_site_name":"Voltride","article_publisher":"https:\/\/www.facebook.com\/voltridecom\/","article_modified_time":"2026-03-31T21:23:48+00:00","og_image":[{"width":1000,"height":1000,"url":"https:\/\/voltride.com\/wp-content\/uploads\/2026\/03\/5268-689b2ce7a1990877726722-oip-1.jpg","type":"image\/jpeg"}],"twitter_card":"summary_large_image","schema":{"@context":"https:\/\/schema.org","@graph":[{"@type":"WebPage","@id":"https:\/\/voltride.com\/fi\/lastenistuin-polkupyoratelineeseen-bellelli-pepe-harmaa\/","url":"https:\/\/voltride.com\/fi\/lastenistuin-polkupyoratelineeseen-bellelli-pepe-harmaa\/","name":"Lastenistuin polkupy\u00f6r\u00e4telineeseen Bellelli Pepe harmaa | Voltride","isPartOf":{"@id":"https:\/\/voltride.com\/fi\/#website"},"primaryImageOfPage":{"@id":"https:\/\/voltride.com\/fi\/lastenistuin-polkupyoratelineeseen-bellelli-pepe-harmaa\/#primaryimage"},"image":{"@id":"https:\/\/voltride.com\/fi\/lastenistuin-polkupyoratelineeseen-bellelli-pepe-harmaa\/#primaryimage"},"thumbnailUrl":"https:\/\/voltride.com\/wp-content\/uploads\/2026\/03\/5268-689b2ce7a1990877726722-oip-1.jpg","datePublished":"2026-03-25T23:57:11+00:00","dateModified":"2026-03-31T21:23:48+00:00","breadcrumb":{"@id":"https:\/\/voltride.com\/fi\/lastenistuin-polkupyoratelineeseen-bellelli-pepe-harmaa\/#breadcrumb"},"inLanguage":"fi","potentialAction":[{"@type":"ReadAction","target":["https:\/\/voltride.com\/fi\/lastenistuin-polkupyoratelineeseen-bellelli-pepe-harmaa\/"]}]},{"@type":"ImageObject","inLanguage":"fi","@id":"https:\/\/voltride.com\/fi\/lastenistuin-polkupyoratelineeseen-bellelli-pepe-harmaa\/#primaryimage","url":"https:\/\/voltride.com\/wp-content\/uploads\/2026\/03\/5268-689b2ce7a1990877726722-oip-1.jpg","contentUrl":"https:\/\/voltride.com\/wp-content\/uploads\/2026\/03\/5268-689b2ce7a1990877726722-oip-1.jpg","width":1000,"height":1000},{"@type":"BreadcrumbList","@id":"https:\/\/voltride.com\/fi\/lastenistuin-polkupyoratelineeseen-bellelli-pepe-harmaa\/#breadcrumb","itemListElement":[{"@type":"ListItem","position":1,"name":"Etusivu","item":"https:\/\/voltride.com\/fi\/"},{"@type":"ListItem","position":2,"name":"Kauppa","item":"https:\/\/voltride.com\/shop\/"},{"@type":"ListItem","position":3,"name":"Lis\u00e4tarvikkeet","item":"https:\/\/voltride.com\/fi\/lisatarvikkeet\/"},{"@type":"ListItem","position":4,"name":"Lastenistuimet ja py\u00f6r\u00e4k\u00e4rryt","item":"https:\/\/voltride.com\/fi\/lastenistuimet-ja-pyorakarryt\/"},{"@type":"ListItem","position":5,"name":"Lastenistuin polkupy\u00f6r\u00e4telineeseen Bellelli Pepe harmaa"}]},{"@type":"WebSite","@id":"https:\/\/voltride.com\/fi\/#website","url":"https:\/\/voltride.com\/fi\/","name":"Voltride","description":"Parim elektrirataste elektrit\u00f5ukside ja \u00fcksrataste pood ja remont","publisher":{"@id":"https:\/\/voltride.com\/fi\/#organization"},"alternateName":"Vr","potentialAction":[{"@type":"SearchAction","target":{"@type":"EntryPoint","urlTemplate":"https:\/\/voltride.com\/fi\/?s={search_term_string}"},"query-input":{"@type":"PropertyValueSpecification","valueRequired":true,"valueName":"search_term_string"}}],"inLanguage":"fi"},{"@type":["Organization","Place"],"@id":"https:\/\/voltride.com\/fi\/#organization","name":"Voltride","alternateName":"VR","url":"https:\/\/voltride.com\/fi\/","logo":{"@id":"https:\/\/voltride.com\/fi\/lastenistuin-polkupyoratelineeseen-bellelli-pepe-harmaa\/#local-main-organization-logo"},"image":{"@id":"https:\/\/voltride.com\/fi\/lastenistuin-polkupyoratelineeseen-bellelli-pepe-harmaa\/#local-main-organization-logo"},"sameAs":["https:\/\/www.facebook.com\/voltridecom\/"],"legalName":"Voltride O\u00dc","numberOfEmployees":{"@type":"QuantitativeValue","minValue":"1","maxValue":"10"},"ownershipFundingInfo":"https:\/\/voltride.com\/about-us\/","hasMerchantReturnPolicy":{"@type":"MerchantReturnPolicy","merchantReturnLink":"https:\/\/voltride.com\/shipping-and-returns\/"},"address":{"@id":"https:\/\/voltride.com\/fi\/lastenistuin-polkupyoratelineeseen-bellelli-pepe-harmaa\/#local-main-place-address"},"geo":{"@type":"GeoCoordinates","latitude":"59.439554","longitude":"24.726644"},"telephone":["+372 600 40 99"],"contactPoint":{"@type":"ContactPoint","telephone":"+372 600 40 99","email":"info@voltride.com"},"openingHoursSpecification":[{"@type":"OpeningHoursSpecification","dayOfWeek":["Monday","Tuesday","Wednesday","Thursday","Friday"],"opens":"10:00","closes":"18:00"},{"@type":"OpeningHoursSpecification","dayOfWeek":["Saturday","Sunday"],"opens":"00:00","closes":"00:00"}],"email":"info@voltride.com","taxID":"14871968"},{"@type":"PostalAddress","@id":"https:\/\/voltride.com\/fi\/lastenistuin-polkupyoratelineeseen-bellelli-pepe-harmaa\/#local-main-place-address","streetAddress":"Voltride Telliskivi 57D","addressLocality":"Tallinn","postalCode":"10412","addressRegion":"Tallinn","addressCountry":"EE"},{"@type":"ImageObject","inLanguage":"fi","@id":"https:\/\/voltride.com\/fi\/lastenistuin-polkupyoratelineeseen-bellelli-pepe-harmaa\/#local-main-organization-logo","url":"https:\/\/voltride.com\/wp-content\/uploads\/voltride-logo.png","contentUrl":"https:\/\/voltride.com\/wp-content\/uploads\/voltride-logo.png","width":2481,"height":620,"caption":"Voltride"}]},"product_price_amount":"52.99","product_price_currency":"EUR","og_availability":"instock","product_availability":"instock","product_retailer_item_id":"BLSE002","product_condition":"new","geo.placename":"Tallinn","geo.position":{"lat":"59.439554","long":"24.726644"},"geo.region":"Viro"},"_links":{"self":[{"href":"https:\/\/voltride.com\/fi\/wp-json\/wp\/v2\/product\/20179","targetHints":{"allow":["GET"]}}],"collection":[{"href":"https:\/\/voltride.com\/fi\/wp-json\/wp\/v2\/product"}],"about":[{"href":"https:\/\/voltride.com\/fi\/wp-json\/wp\/v2\/types\/product"}],"replies":[{"embeddable":true,"href":"https:\/\/voltride.com\/fi\/wp-json\/wp\/v2\/comments?post=20179"}],"wp:featuredmedia":[{"embeddable":true,"href":"https:\/\/voltride.com\/fi\/wp-json\/wp\/v2\/media\/23524"}],"wp:attachment":[{"href":"https:\/\/voltride.com\/fi\/wp-json\/wp\/v2\/media?parent=20179"}],"wp:term":[{"taxonomy":"product_brand","embeddable":true,"href":"https:\/\/voltride.com\/fi\/wp-json\/wp\/v2\/product_brand?post=20179"},{"taxonomy":"product_cat","embeddable":true,"href":"https:\/\/voltride.com\/fi\/wp-json\/wp\/v2\/product_cat?post=20179"},{"taxonomy":"product_tag","embeddable":true,"href":"https:\/\/voltride.com\/fi\/wp-json\/wp\/v2\/product_tag?post=20179"}],"curies":[{"name":"wp","href":"https:\/\/api.w.org\/{rel}","templated":true}]}}