{"id":20211,"date":"2026-03-26T02:01:14","date_gmt":"2026-03-26T00:01:14","guid":{"rendered":"https:\/\/voltride.com\/axa-fold-pro-100-lukko\/"},"modified":"2026-03-31T23:23:54","modified_gmt":"2026-03-31T21:23:54","slug":"axa-fold-pro-100-lukko","status":"publish","type":"product","link":"https:\/\/voltride.com\/fi\/axa-fold-pro-100-lukko\/","title":{"rendered":"Axa Fold Pro 100 -lukko"},"content":{"rendered":"<h2 data-end=\"1740\" data-start=\"1688\" style=\"caret-color: rgb(0, 0, 0); color: rgb(0, 0, 0);\"><strong data-end=\"1738\" data-start=\"1688\">Axa Fold Pro 100 \u2013 korkealaatuinen taittolukko<\/strong><\/h2>\n<p data-end=\"1740\" data-start=\"1688\" style=\"caret-color: rgb(0, 0, 0); color: rgb(0, 0, 0);\">Axa Fold Pro 100 on suunniteltu py\u00f6rille, jotka j\u00e4tet\u00e4\u00e4n pidemm\u00e4ksi aikaa paikkoihin, joissa on korkea varkauden riski (esim. kaupungissa tai asemalla). Lukko toimitetaan k\u00e4tev\u00e4n telineen kanssa, joka voidaan kiinnitt\u00e4\u00e4 juomapullotelineen ruuveihin. Jos py\u00f6r\u00e4ss\u00e4 ei ole kiinnityspaikkaa, teline voidaan asentaa rungon ymp\u00e4rille mukana tulevilla kahdella remmill\u00e4. T\u00e4rin\u00e4nesto est\u00e4\u00e4 lukon kolisemisen ajon aikana.<\/p>\n<p data-end=\"2749\" data-start=\"2158\" style=\"caret-color: rgb(0, 0, 0); color: rgb(0, 0, 0);\">Fold Pro on 100 cm pitk\u00e4 ja siin\u00e4 on joustavat nivelet, joiden ansiosta py\u00f6r\u00e4 on helppo lukita tolppaan tai aitaan. Kovetetusta ter\u00e4ksest\u00e4 valmistettujen 8 mm lenkkien sylinteri on suojattu kannella, joka est\u00e4\u00e4 kosteuden ja lian p\u00e4\u00e4syn sis\u00e4\u00e4n ja pident\u00e4\u00e4 n\u00e4in lukon k\u00e4ytt\u00f6ik\u00e4\u00e4. Lenkeiss\u00e4 on kumipinnoite, joka est\u00e4\u00e4 py\u00f6r\u00e4n rungon naarmuuntumisen. Mukana tulee 2 avainta. Jos avain katoaa, uuden voi tilata helposti ja nopeasti verkkopalvelustamme. Toimitus kest\u00e4\u00e4 vain muutaman p\u00e4iv\u00e4n. Oston yhteydess\u00e4 kannattaa kirjata avaimen numero muistiin, sill\u00e4 sit\u00e4 tarvitaan uutta tilausta varten.<\/p>\n<p data-end=\"2769\" data-start=\"2751\" style=\"caret-color: rgb(0, 0, 0); color: rgb(0, 0, 0);\"><strong data-end=\"2767\" data-start=\"2751\">Turvallisuus<\/strong><\/p>\n<ul data-end=\"2819\" data-start=\"2770\" style=\"caret-color: rgb(0, 0, 0); color: rgb(0, 0, 0);\">\n<li data-end=\"2787\" data-start=\"2770\">\n<p data-end=\"2787\" data-start=\"2772\">Turvataso: 11<\/p>\n<\/li>\n<li data-end=\"2819\" data-start=\"2788\">\n<p data-end=\"2819\" data-start=\"2790\">Eritt\u00e4in suojattu sylinteri<\/p>\n<\/li>\n<\/ul>\n<p data-end=\"2835\" data-start=\"2821\" style=\"caret-color: rgb(0, 0, 0); color: rgb(0, 0, 0);\"><strong data-end=\"2833\" data-start=\"2821\">Mukavuus<\/strong><\/p>\n<ul data-end=\"3087\" data-start=\"2836\" style=\"caret-color: rgb(0, 0, 0); color: rgb(0, 0, 0);\">\n<li data-end=\"2870\" data-start=\"2836\">\n<p data-end=\"2870\" data-start=\"2838\">Pehme\u00e4t reunat est\u00e4v\u00e4t naarmut<\/p>\n<\/li>\n<li data-end=\"2898\" data-start=\"2871\">\n<p data-end=\"2898\" data-start=\"2873\">Helppok\u00e4ytt\u00f6inen teline<\/p>\n<\/li>\n<li data-end=\"2927\" data-start=\"2899\">\n<p data-end=\"2927\" data-start=\"2901\">Sopii kaikkiin runkoihin<\/p>\n<\/li>\n<li data-end=\"2968\" data-start=\"2928\">\n<p data-end=\"2968\" data-start=\"2930\">Sylinteri suojattu p\u00f6lylt\u00e4 ja lialta<\/p>\n<\/li>\n<li data-end=\"3014\" data-start=\"2969\">\n<p data-end=\"3014\" data-start=\"2971\">Verkkopalvelu uusien avainten tilaamiseen<\/p>\n<\/li>\n<li data-end=\"3042\" data-start=\"3015\">\n<p data-end=\"3042\" data-start=\"3017\">Lukon p\u00e4\u00e4 360\u00b0 k\u00e4\u00e4ntyv\u00e4<\/p>\n<\/li>\n<li data-end=\"3087\" data-start=\"3043\">\n<p data-end=\"3087\" data-start=\"3045\">Sopii: s\u00e4hk\u00f6py\u00f6rille ja kaupunkipy\u00f6rille<\/p>\n<\/li>\n<\/ul>\n<p data-end=\"3110\" data-start=\"3089\" style=\"caret-color: rgb(0, 0, 0); color: rgb(0, 0, 0);\"><strong data-end=\"3108\" data-start=\"3089\">Tekniset tiedot<\/strong><\/p>\n<ul data-end=\"3241\" data-start=\"3111\" style=\"caret-color: rgb(0, 0, 0); color: rgb(0, 0, 0);\">\n<li data-end=\"3129\" data-start=\"3111\">\n<p data-end=\"3129\" data-start=\"3113\">Pituus: 100 cm<\/p>\n<\/li>\n<li data-end=\"3151\" data-start=\"3130\">\n<p data-end=\"3151\" data-start=\"3132\">Lenkit: 25 \u00d7 8 mm<\/p>\n<\/li>\n<li data-end=\"3241\" data-start=\"3152\">\n<p data-end=\"3241\" data-start=\"3154\">Teline voidaan kiinnitt\u00e4\u00e4 juomapullotelineen ruuveihin tai remmeill\u00e4 rungon ymp\u00e4rille<\/p>\n<\/li>\n<\/ul>\n","protected":false},"excerpt":{"rendered":"<p>Axa Fold Pro 100 \u2013 korkealaatuinen taittolukko Axa Fold Pro 100 on suunniteltu py\u00f6rille, jotka j\u00e4tet\u00e4\u00e4n pidemm\u00e4ksi aikaa paikkoihin, joissa<\/p>\n","protected":false},"featured_media":20608,"comment_status":"open","ping_status":"closed","template":"","meta":[],"product_brand":[],"product_cat":[711],"product_tag":[],"class_list":{"0":"post-20211","1":"product","2":"type-product","3":"status-publish","4":"has-post-thumbnail","6":"product_cat-lukot","8":"first","9":"outofstock","10":"taxable","11":"shipping-taxable","12":"purchasable","13":"product-type-simple"},"yoast_head":"<!-- This site is optimized with the Yoast SEO Premium plugin v27.3 (Yoast SEO v27.4) - https:\/\/yoast.com\/product\/yoast-seo-premium-wordpress\/ -->\n<title>Axa Fold Pro 100 -lukko | Voltride<\/title>\n<meta name=\"robots\" content=\"index, follow, max-snippet:-1, max-image-preview:large, max-video-preview:-1\" \/>\n<link rel=\"canonical\" href=\"https:\/\/voltride.com\/fi\/axa-fold-pro-100-lukko\/\" \/>\n<meta property=\"og:locale\" content=\"fi_FI\" \/>\n<meta property=\"og:type\" content=\"article\" \/>\n<meta property=\"og:title\" content=\"Axa Fold Pro 100 -lukko | Voltride\" \/>\n<meta property=\"og:description\" content=\"Axa Fold Pro 100 \u2013 korkealaatuinen taittolukko Axa Fold Pro 100 on suunniteltu py\u00f6rille, jotka j\u00e4tet\u00e4\u00e4n pidemm\u00e4ksi aikaa paikkoihin, joissa\" \/>\n<meta property=\"og:url\" content=\"https:\/\/voltride.com\/fi\/axa-fold-pro-100-lukko\/\" \/>\n<meta property=\"og:site_name\" content=\"Voltride\" \/>\n<meta property=\"article:publisher\" content=\"https:\/\/www.facebook.com\/voltridecom\/\" \/>\n<meta property=\"article:modified_time\" content=\"2026-03-31T21:23:54+00:00\" \/>\n<meta property=\"og:image\" content=\"https:\/\/voltride.com\/wp-content\/uploads\/2026\/03\/4080-62b173775bfa0509248197-e0006619-1.jpg\" \/>\n\t<meta property=\"og:image:width\" content=\"1181\" \/>\n\t<meta property=\"og:image:height\" content=\"1181\" \/>\n\t<meta property=\"og:image:type\" content=\"image\/jpeg\" \/>\n<meta name=\"twitter:card\" content=\"summary_large_image\" \/>\n<script type=\"application\/ld+json\" class=\"yoast-schema-graph\">{\"@context\":\"https:\\\/\\\/schema.org\",\"@graph\":[{\"@type\":\"WebPage\",\"@id\":\"https:\\\/\\\/voltride.com\\\/fi\\\/axa-fold-pro-100-lukko\\\/\",\"url\":\"https:\\\/\\\/voltride.com\\\/fi\\\/axa-fold-pro-100-lukko\\\/\",\"name\":\"Axa Fold Pro 100 -lukko | Voltride\",\"isPartOf\":{\"@id\":\"https:\\\/\\\/voltride.com\\\/fi\\\/#website\"},\"primaryImageOfPage\":{\"@id\":\"https:\\\/\\\/voltride.com\\\/fi\\\/axa-fold-pro-100-lukko\\\/#primaryimage\"},\"image\":{\"@id\":\"https:\\\/\\\/voltride.com\\\/fi\\\/axa-fold-pro-100-lukko\\\/#primaryimage\"},\"thumbnailUrl\":\"https:\\\/\\\/voltride.com\\\/wp-content\\\/uploads\\\/2026\\\/03\\\/4080-62b173775bfa0509248197-e0006619-1.jpg\",\"datePublished\":\"2026-03-26T00:01:14+00:00\",\"dateModified\":\"2026-03-31T21:23:54+00:00\",\"breadcrumb\":{\"@id\":\"https:\\\/\\\/voltride.com\\\/fi\\\/axa-fold-pro-100-lukko\\\/#breadcrumb\"},\"inLanguage\":\"fi\",\"potentialAction\":[{\"@type\":\"ReadAction\",\"target\":[\"https:\\\/\\\/voltride.com\\\/fi\\\/axa-fold-pro-100-lukko\\\/\"]}]},{\"@type\":\"ImageObject\",\"inLanguage\":\"fi\",\"@id\":\"https:\\\/\\\/voltride.com\\\/fi\\\/axa-fold-pro-100-lukko\\\/#primaryimage\",\"url\":\"https:\\\/\\\/voltride.com\\\/wp-content\\\/uploads\\\/2026\\\/03\\\/4080-62b173775bfa0509248197-e0006619-1.jpg\",\"contentUrl\":\"https:\\\/\\\/voltride.com\\\/wp-content\\\/uploads\\\/2026\\\/03\\\/4080-62b173775bfa0509248197-e0006619-1.jpg\",\"width\":1181,\"height\":1181},{\"@type\":\"BreadcrumbList\",\"@id\":\"https:\\\/\\\/voltride.com\\\/fi\\\/axa-fold-pro-100-lukko\\\/#breadcrumb\",\"itemListElement\":[{\"@type\":\"ListItem\",\"position\":1,\"name\":\"Etusivu\",\"item\":\"https:\\\/\\\/voltride.com\\\/fi\\\/\"},{\"@type\":\"ListItem\",\"position\":2,\"name\":\"Kauppa\",\"item\":\"https:\\\/\\\/voltride.com\\\/shop\\\/\"},{\"@type\":\"ListItem\",\"position\":3,\"name\":\"Lis\u00e4tarvikkeet\",\"item\":\"https:\\\/\\\/voltride.com\\\/fi\\\/lisatarvikkeet\\\/\"},{\"@type\":\"ListItem\",\"position\":4,\"name\":\"Lukot\",\"item\":\"https:\\\/\\\/voltride.com\\\/fi\\\/lukot\\\/\"},{\"@type\":\"ListItem\",\"position\":5,\"name\":\"Axa Fold Pro 100 -lukko\"}]},{\"@type\":\"WebSite\",\"@id\":\"https:\\\/\\\/voltride.com\\\/fi\\\/#website\",\"url\":\"https:\\\/\\\/voltride.com\\\/fi\\\/\",\"name\":\"Voltride\",\"description\":\"Parim elektrirataste elektrit\u00f5ukside ja \u00fcksrataste pood ja remont\",\"publisher\":{\"@id\":\"https:\\\/\\\/voltride.com\\\/fi\\\/#organization\"},\"alternateName\":\"Vr\",\"potentialAction\":[{\"@type\":\"SearchAction\",\"target\":{\"@type\":\"EntryPoint\",\"urlTemplate\":\"https:\\\/\\\/voltride.com\\\/fi\\\/?s={search_term_string}\"},\"query-input\":{\"@type\":\"PropertyValueSpecification\",\"valueRequired\":true,\"valueName\":\"search_term_string\"}}],\"inLanguage\":\"fi\"},{\"@type\":[\"Organization\",\"Place\"],\"@id\":\"https:\\\/\\\/voltride.com\\\/fi\\\/#organization\",\"name\":\"Voltride\",\"alternateName\":\"VR\",\"url\":\"https:\\\/\\\/voltride.com\\\/fi\\\/\",\"logo\":{\"@id\":\"https:\\\/\\\/voltride.com\\\/fi\\\/axa-fold-pro-100-lukko\\\/#local-main-organization-logo\"},\"image\":{\"@id\":\"https:\\\/\\\/voltride.com\\\/fi\\\/axa-fold-pro-100-lukko\\\/#local-main-organization-logo\"},\"sameAs\":[\"https:\\\/\\\/www.facebook.com\\\/voltridecom\\\/\"],\"legalName\":\"Voltride O\u00dc\",\"numberOfEmployees\":{\"@type\":\"QuantitativeValue\",\"minValue\":\"1\",\"maxValue\":\"10\"},\"ownershipFundingInfo\":\"https:\\\/\\\/voltride.com\\\/about-us\\\/\",\"hasMerchantReturnPolicy\":{\"@type\":\"MerchantReturnPolicy\",\"merchantReturnLink\":\"https:\\\/\\\/voltride.com\\\/shipping-and-returns\\\/\"},\"address\":{\"@id\":\"https:\\\/\\\/voltride.com\\\/fi\\\/axa-fold-pro-100-lukko\\\/#local-main-place-address\"},\"geo\":{\"@type\":\"GeoCoordinates\",\"latitude\":\"59.439554\",\"longitude\":\"24.726644\"},\"telephone\":[\"+372 600 40 99\"],\"contactPoint\":{\"@type\":\"ContactPoint\",\"telephone\":\"+372 600 40 99\",\"email\":\"info@voltride.com\"},\"openingHoursSpecification\":[{\"@type\":\"OpeningHoursSpecification\",\"dayOfWeek\":[\"Monday\",\"Tuesday\",\"Wednesday\",\"Thursday\",\"Friday\"],\"opens\":\"10:00\",\"closes\":\"18:00\"},{\"@type\":\"OpeningHoursSpecification\",\"dayOfWeek\":[\"Saturday\",\"Sunday\"],\"opens\":\"00:00\",\"closes\":\"00:00\"}],\"email\":\"info@voltride.com\",\"taxID\":\"14871968\"},{\"@type\":\"PostalAddress\",\"@id\":\"https:\\\/\\\/voltride.com\\\/fi\\\/axa-fold-pro-100-lukko\\\/#local-main-place-address\",\"streetAddress\":\"Voltride Telliskivi 57D\",\"addressLocality\":\"Tallinn\",\"postalCode\":\"10412\",\"addressRegion\":\"Tallinn\",\"addressCountry\":\"EE\"},{\"@type\":\"ImageObject\",\"inLanguage\":\"fi\",\"@id\":\"https:\\\/\\\/voltride.com\\\/fi\\\/axa-fold-pro-100-lukko\\\/#local-main-organization-logo\",\"url\":\"https:\\\/\\\/voltride.com\\\/wp-content\\\/uploads\\\/voltride-logo.png\",\"contentUrl\":\"https:\\\/\\\/voltride.com\\\/wp-content\\\/uploads\\\/voltride-logo.png\",\"width\":2481,\"height\":620,\"caption\":\"Voltride\"}]}<\/script>\n<meta property=\"product:price:amount\" content=\"109.99\" \/>\n<meta property=\"product:price:currency\" content=\"EUR\" \/>\n<meta property=\"og:availability\" content=\"out of stock\" \/>\n<meta property=\"product:availability\" content=\"out of stock\" \/>\n<meta property=\"product:retailer_item_id\" content=\"AXLK008\" \/>\n<meta property=\"product:condition\" content=\"new\" \/>\n<meta name=\"geo.placename\" content=\"Tallinn\" \/>\n<meta name=\"geo.position\" content=\"59.439554;24.726644\" \/>\n<meta name=\"geo.region\" content=\"Viro\" \/>\n<!-- \/ Yoast SEO Premium plugin. -->","yoast_head_json":{"title":"Axa Fold Pro 100 -lukko | Voltride","robots":{"index":"index","follow":"follow","max-snippet":"max-snippet:-1","max-image-preview":"max-image-preview:large","max-video-preview":"max-video-preview:-1"},"canonical":"https:\/\/voltride.com\/fi\/axa-fold-pro-100-lukko\/","og_locale":"fi_FI","og_type":"article","og_title":"Axa Fold Pro 100 -lukko | Voltride","og_description":"Axa Fold Pro 100 \u2013 korkealaatuinen taittolukko Axa Fold Pro 100 on suunniteltu py\u00f6rille, jotka j\u00e4tet\u00e4\u00e4n pidemm\u00e4ksi aikaa paikkoihin, joissa","og_url":"https:\/\/voltride.com\/fi\/axa-fold-pro-100-lukko\/","og_site_name":"Voltride","article_publisher":"https:\/\/www.facebook.com\/voltridecom\/","article_modified_time":"2026-03-31T21:23:54+00:00","og_image":[{"width":1181,"height":1181,"url":"https:\/\/voltride.com\/wp-content\/uploads\/2026\/03\/4080-62b173775bfa0509248197-e0006619-1.jpg","type":"image\/jpeg"}],"twitter_card":"summary_large_image","schema":{"@context":"https:\/\/schema.org","@graph":[{"@type":"WebPage","@id":"https:\/\/voltride.com\/fi\/axa-fold-pro-100-lukko\/","url":"https:\/\/voltride.com\/fi\/axa-fold-pro-100-lukko\/","name":"Axa Fold Pro 100 -lukko | Voltride","isPartOf":{"@id":"https:\/\/voltride.com\/fi\/#website"},"primaryImageOfPage":{"@id":"https:\/\/voltride.com\/fi\/axa-fold-pro-100-lukko\/#primaryimage"},"image":{"@id":"https:\/\/voltride.com\/fi\/axa-fold-pro-100-lukko\/#primaryimage"},"thumbnailUrl":"https:\/\/voltride.com\/wp-content\/uploads\/2026\/03\/4080-62b173775bfa0509248197-e0006619-1.jpg","datePublished":"2026-03-26T00:01:14+00:00","dateModified":"2026-03-31T21:23:54+00:00","breadcrumb":{"@id":"https:\/\/voltride.com\/fi\/axa-fold-pro-100-lukko\/#breadcrumb"},"inLanguage":"fi","potentialAction":[{"@type":"ReadAction","target":["https:\/\/voltride.com\/fi\/axa-fold-pro-100-lukko\/"]}]},{"@type":"ImageObject","inLanguage":"fi","@id":"https:\/\/voltride.com\/fi\/axa-fold-pro-100-lukko\/#primaryimage","url":"https:\/\/voltride.com\/wp-content\/uploads\/2026\/03\/4080-62b173775bfa0509248197-e0006619-1.jpg","contentUrl":"https:\/\/voltride.com\/wp-content\/uploads\/2026\/03\/4080-62b173775bfa0509248197-e0006619-1.jpg","width":1181,"height":1181},{"@type":"BreadcrumbList","@id":"https:\/\/voltride.com\/fi\/axa-fold-pro-100-lukko\/#breadcrumb","itemListElement":[{"@type":"ListItem","position":1,"name":"Etusivu","item":"https:\/\/voltride.com\/fi\/"},{"@type":"ListItem","position":2,"name":"Kauppa","item":"https:\/\/voltride.com\/shop\/"},{"@type":"ListItem","position":3,"name":"Lis\u00e4tarvikkeet","item":"https:\/\/voltride.com\/fi\/lisatarvikkeet\/"},{"@type":"ListItem","position":4,"name":"Lukot","item":"https:\/\/voltride.com\/fi\/lukot\/"},{"@type":"ListItem","position":5,"name":"Axa Fold Pro 100 -lukko"}]},{"@type":"WebSite","@id":"https:\/\/voltride.com\/fi\/#website","url":"https:\/\/voltride.com\/fi\/","name":"Voltride","description":"Parim elektrirataste elektrit\u00f5ukside ja \u00fcksrataste pood ja remont","publisher":{"@id":"https:\/\/voltride.com\/fi\/#organization"},"alternateName":"Vr","potentialAction":[{"@type":"SearchAction","target":{"@type":"EntryPoint","urlTemplate":"https:\/\/voltride.com\/fi\/?s={search_term_string}"},"query-input":{"@type":"PropertyValueSpecification","valueRequired":true,"valueName":"search_term_string"}}],"inLanguage":"fi"},{"@type":["Organization","Place"],"@id":"https:\/\/voltride.com\/fi\/#organization","name":"Voltride","alternateName":"VR","url":"https:\/\/voltride.com\/fi\/","logo":{"@id":"https:\/\/voltride.com\/fi\/axa-fold-pro-100-lukko\/#local-main-organization-logo"},"image":{"@id":"https:\/\/voltride.com\/fi\/axa-fold-pro-100-lukko\/#local-main-organization-logo"},"sameAs":["https:\/\/www.facebook.com\/voltridecom\/"],"legalName":"Voltride O\u00dc","numberOfEmployees":{"@type":"QuantitativeValue","minValue":"1","maxValue":"10"},"ownershipFundingInfo":"https:\/\/voltride.com\/about-us\/","hasMerchantReturnPolicy":{"@type":"MerchantReturnPolicy","merchantReturnLink":"https:\/\/voltride.com\/shipping-and-returns\/"},"address":{"@id":"https:\/\/voltride.com\/fi\/axa-fold-pro-100-lukko\/#local-main-place-address"},"geo":{"@type":"GeoCoordinates","latitude":"59.439554","longitude":"24.726644"},"telephone":["+372 600 40 99"],"contactPoint":{"@type":"ContactPoint","telephone":"+372 600 40 99","email":"info@voltride.com"},"openingHoursSpecification":[{"@type":"OpeningHoursSpecification","dayOfWeek":["Monday","Tuesday","Wednesday","Thursday","Friday"],"opens":"10:00","closes":"18:00"},{"@type":"OpeningHoursSpecification","dayOfWeek":["Saturday","Sunday"],"opens":"00:00","closes":"00:00"}],"email":"info@voltride.com","taxID":"14871968"},{"@type":"PostalAddress","@id":"https:\/\/voltride.com\/fi\/axa-fold-pro-100-lukko\/#local-main-place-address","streetAddress":"Voltride Telliskivi 57D","addressLocality":"Tallinn","postalCode":"10412","addressRegion":"Tallinn","addressCountry":"EE"},{"@type":"ImageObject","inLanguage":"fi","@id":"https:\/\/voltride.com\/fi\/axa-fold-pro-100-lukko\/#local-main-organization-logo","url":"https:\/\/voltride.com\/wp-content\/uploads\/voltride-logo.png","contentUrl":"https:\/\/voltride.com\/wp-content\/uploads\/voltride-logo.png","width":2481,"height":620,"caption":"Voltride"}]},"product_price_amount":"109.99","product_price_currency":"EUR","og_availability":"out of stock","product_availability":"out of stock","product_retailer_item_id":"AXLK008","product_condition":"new","geo.placename":"Tallinn","geo.position":{"lat":"59.439554","long":"24.726644"},"geo.region":"Viro"},"_links":{"self":[{"href":"https:\/\/voltride.com\/fi\/wp-json\/wp\/v2\/product\/20211","targetHints":{"allow":["GET"]}}],"collection":[{"href":"https:\/\/voltride.com\/fi\/wp-json\/wp\/v2\/product"}],"about":[{"href":"https:\/\/voltride.com\/fi\/wp-json\/wp\/v2\/types\/product"}],"replies":[{"embeddable":true,"href":"https:\/\/voltride.com\/fi\/wp-json\/wp\/v2\/comments?post=20211"}],"wp:featuredmedia":[{"embeddable":true,"href":"https:\/\/voltride.com\/fi\/wp-json\/wp\/v2\/media\/20608"}],"wp:attachment":[{"href":"https:\/\/voltride.com\/fi\/wp-json\/wp\/v2\/media?parent=20211"}],"wp:term":[{"taxonomy":"product_brand","embeddable":true,"href":"https:\/\/voltride.com\/fi\/wp-json\/wp\/v2\/product_brand?post=20211"},{"taxonomy":"product_cat","embeddable":true,"href":"https:\/\/voltride.com\/fi\/wp-json\/wp\/v2\/product_cat?post=20211"},{"taxonomy":"product_tag","embeddable":true,"href":"https:\/\/voltride.com\/fi\/wp-json\/wp\/v2\/product_tag?post=20211"}],"curies":[{"name":"wp","href":"https:\/\/api.w.org\/{rel}","templated":true}]}}