{"id":20219,"date":"2026-03-26T02:02:31","date_gmt":"2026-03-26T00:02:31","guid":{"rendered":"https:\/\/voltride.com\/axa-fold-ultra-90-cm-lukko\/"},"modified":"2026-03-31T23:23:55","modified_gmt":"2026-03-31T21:23:55","slug":"axa-fold-ultra-90-cm-lukko","status":"publish","type":"product","link":"https:\/\/voltride.com\/fi\/axa-fold-ultra-90-cm-lukko\/","title":{"rendered":"AXA Fold Ultra 90 cm lukko"},"content":{"rendered":"<p data-end=\"2749\" data-start=\"2564\" style=\"caret-color: rgb(0, 0, 0); color: rgb(0, 0, 0);\">AXA Fold Ultra on hyv\u00e4ksytty taittolukko, joka sopii erinomaisesti kalliiden (s\u00e4hk\u00f6)py\u00f6rien ja ajoneuvojen suojaamiseen (hyv\u00e4ksynn\u00e4t: ART 2 t\u00e4hte\u00e4, SBSC, Sold Secure Gold, Varefakta).<\/p>\n<p data-end=\"3090\" data-start=\"2751\" style=\"caret-color: rgb(0, 0, 0); color: rgb(0, 0, 0);\">Joustavien nivelten ja 90 cm pituuden ansiosta py\u00f6r\u00e4 on helppo kiinnitt\u00e4\u00e4 tolppaan tai aitaan. Lukko on valmistettu karkaistusta ter\u00e4ksest\u00e4 ja kest\u00e4\u00e4 leikkaus- ja vetoyrityksi\u00e4. Lenkkien pehme\u00e4 pinnoite est\u00e4\u00e4 rungon naarmuuntumisen. Sylinteriss\u00e4 on p\u00f6lysuoja, joka est\u00e4\u00e4 kosteuden ja lian p\u00e4\u00e4syn sis\u00e4\u00e4n ja pident\u00e4\u00e4 n\u00e4in lukon k\u00e4ytt\u00f6ik\u00e4\u00e4.<\/p>\n<p data-end=\"3374\" data-start=\"3092\" style=\"caret-color: rgb(0, 0, 0); color: rgb(0, 0, 0);\">Lukko toimitetaan uudella klikkausmekanismilla varustetun telineen kanssa. Yhdell\u00e4 painalluksella teline avautuu ja lukko on helppo ottaa pois. Kun asetat sen takaisin, sulje klipsit ja lukko pysyy tukevasti paikoillaan. T\u00e4rin\u00e4nestoj\u00e4rjestelm\u00e4 est\u00e4\u00e4 lukon kolisemisen ajon aikana.<\/p>\n<p data-end=\"3630\" data-start=\"3376\" style=\"caret-color: rgb(0, 0, 0); color: rgb(0, 0, 0);\">Teline voidaan kiinnitt\u00e4\u00e4 juomapullotelineen ruuveihin. Jos niit\u00e4 ei ole, se voidaan asentaa rungon ymp\u00e4rille kahdella mukana tulevalla remmill\u00e4. Jos avain katoaa, uuden voi tilata helposti AXA:n verkkopalvelusta, ja se toimitetaan muutamassa p\u00e4iv\u00e4ss\u00e4.<\/p>\n","protected":false},"excerpt":{"rendered":"<p>AXA Fold Ultra on hyv\u00e4ksytty taittolukko, joka sopii erinomaisesti kalliiden (s\u00e4hk\u00f6)py\u00f6rien ja ajoneuvojen suojaamiseen (hyv\u00e4ksynn\u00e4t: ART 2 t\u00e4hte\u00e4, SBSC, Sold<\/p>\n","protected":false},"featured_media":20616,"comment_status":"open","ping_status":"closed","template":"","meta":[],"product_brand":[],"product_cat":[711],"product_tag":[],"class_list":{"0":"post-20219","1":"product","2":"type-product","3":"status-publish","4":"has-post-thumbnail","6":"product_cat-lukot","8":"first","9":"outofstock","10":"taxable","11":"shipping-taxable","12":"purchasable","13":"product-type-simple"},"yoast_head":"<!-- This site is optimized with the Yoast SEO Premium plugin v27.3 (Yoast SEO v27.4) - https:\/\/yoast.com\/product\/yoast-seo-premium-wordpress\/ -->\n<title>AXA Fold Ultra 90 cm lukko | Voltride<\/title>\n<meta name=\"robots\" content=\"index, follow, max-snippet:-1, max-image-preview:large, max-video-preview:-1\" \/>\n<link rel=\"canonical\" href=\"https:\/\/voltride.com\/fi\/axa-fold-ultra-90-cm-lukko\/\" \/>\n<meta property=\"og:locale\" content=\"fi_FI\" \/>\n<meta property=\"og:type\" content=\"article\" \/>\n<meta property=\"og:title\" content=\"AXA Fold Ultra 90 cm lukko | Voltride\" \/>\n<meta property=\"og:description\" content=\"AXA Fold Ultra on hyv\u00e4ksytty taittolukko, joka sopii erinomaisesti kalliiden (s\u00e4hk\u00f6)py\u00f6rien ja ajoneuvojen suojaamiseen (hyv\u00e4ksynn\u00e4t: ART 2 t\u00e4hte\u00e4, SBSC, Sold\" \/>\n<meta property=\"og:url\" content=\"https:\/\/voltride.com\/fi\/axa-fold-ultra-90-cm-lukko\/\" \/>\n<meta property=\"og:site_name\" content=\"Voltride\" \/>\n<meta property=\"article:publisher\" content=\"https:\/\/www.facebook.com\/voltridecom\/\" \/>\n<meta property=\"article:modified_time\" content=\"2026-03-31T21:23:55+00:00\" \/>\n<meta property=\"og:image\" content=\"https:\/\/voltride.com\/wp-content\/uploads\/2026\/03\/3599-689d9f7fb4e76911683014-axa-fold-ultra-front-96dpi-1181x1181px-x-nr-12163-1.png\" \/>\n\t<meta property=\"og:image:width\" content=\"1181\" \/>\n\t<meta property=\"og:image:height\" content=\"1181\" \/>\n\t<meta property=\"og:image:type\" content=\"image\/png\" \/>\n<meta name=\"twitter:card\" content=\"summary_large_image\" \/>\n<script type=\"application\/ld+json\" class=\"yoast-schema-graph\">{\"@context\":\"https:\\\/\\\/schema.org\",\"@graph\":[{\"@type\":\"WebPage\",\"@id\":\"https:\\\/\\\/voltride.com\\\/fi\\\/axa-fold-ultra-90-cm-lukko\\\/\",\"url\":\"https:\\\/\\\/voltride.com\\\/fi\\\/axa-fold-ultra-90-cm-lukko\\\/\",\"name\":\"AXA Fold Ultra 90 cm lukko | Voltride\",\"isPartOf\":{\"@id\":\"https:\\\/\\\/voltride.com\\\/fi\\\/#website\"},\"primaryImageOfPage\":{\"@id\":\"https:\\\/\\\/voltride.com\\\/fi\\\/axa-fold-ultra-90-cm-lukko\\\/#primaryimage\"},\"image\":{\"@id\":\"https:\\\/\\\/voltride.com\\\/fi\\\/axa-fold-ultra-90-cm-lukko\\\/#primaryimage\"},\"thumbnailUrl\":\"https:\\\/\\\/voltride.com\\\/wp-content\\\/uploads\\\/2026\\\/03\\\/3599-689d9f7fb4e76911683014-axa-fold-ultra-front-96dpi-1181x1181px-x-nr-12163-1.png\",\"datePublished\":\"2026-03-26T00:02:31+00:00\",\"dateModified\":\"2026-03-31T21:23:55+00:00\",\"breadcrumb\":{\"@id\":\"https:\\\/\\\/voltride.com\\\/fi\\\/axa-fold-ultra-90-cm-lukko\\\/#breadcrumb\"},\"inLanguage\":\"fi\",\"potentialAction\":[{\"@type\":\"ReadAction\",\"target\":[\"https:\\\/\\\/voltride.com\\\/fi\\\/axa-fold-ultra-90-cm-lukko\\\/\"]}]},{\"@type\":\"ImageObject\",\"inLanguage\":\"fi\",\"@id\":\"https:\\\/\\\/voltride.com\\\/fi\\\/axa-fold-ultra-90-cm-lukko\\\/#primaryimage\",\"url\":\"https:\\\/\\\/voltride.com\\\/wp-content\\\/uploads\\\/2026\\\/03\\\/3599-689d9f7fb4e76911683014-axa-fold-ultra-front-96dpi-1181x1181px-x-nr-12163-1.png\",\"contentUrl\":\"https:\\\/\\\/voltride.com\\\/wp-content\\\/uploads\\\/2026\\\/03\\\/3599-689d9f7fb4e76911683014-axa-fold-ultra-front-96dpi-1181x1181px-x-nr-12163-1.png\",\"width\":1181,\"height\":1181},{\"@type\":\"BreadcrumbList\",\"@id\":\"https:\\\/\\\/voltride.com\\\/fi\\\/axa-fold-ultra-90-cm-lukko\\\/#breadcrumb\",\"itemListElement\":[{\"@type\":\"ListItem\",\"position\":1,\"name\":\"Etusivu\",\"item\":\"https:\\\/\\\/voltride.com\\\/fi\\\/\"},{\"@type\":\"ListItem\",\"position\":2,\"name\":\"Kauppa\",\"item\":\"https:\\\/\\\/voltride.com\\\/shop\\\/\"},{\"@type\":\"ListItem\",\"position\":3,\"name\":\"Lis\u00e4tarvikkeet\",\"item\":\"https:\\\/\\\/voltride.com\\\/fi\\\/lisatarvikkeet\\\/\"},{\"@type\":\"ListItem\",\"position\":4,\"name\":\"Lukot\",\"item\":\"https:\\\/\\\/voltride.com\\\/fi\\\/lukot\\\/\"},{\"@type\":\"ListItem\",\"position\":5,\"name\":\"AXA Fold Ultra 90 cm lukko\"}]},{\"@type\":\"WebSite\",\"@id\":\"https:\\\/\\\/voltride.com\\\/fi\\\/#website\",\"url\":\"https:\\\/\\\/voltride.com\\\/fi\\\/\",\"name\":\"Voltride\",\"description\":\"Parim elektrirataste elektrit\u00f5ukside ja \u00fcksrataste pood ja remont\",\"publisher\":{\"@id\":\"https:\\\/\\\/voltride.com\\\/fi\\\/#organization\"},\"alternateName\":\"Vr\",\"potentialAction\":[{\"@type\":\"SearchAction\",\"target\":{\"@type\":\"EntryPoint\",\"urlTemplate\":\"https:\\\/\\\/voltride.com\\\/fi\\\/?s={search_term_string}\"},\"query-input\":{\"@type\":\"PropertyValueSpecification\",\"valueRequired\":true,\"valueName\":\"search_term_string\"}}],\"inLanguage\":\"fi\"},{\"@type\":[\"Organization\",\"Place\"],\"@id\":\"https:\\\/\\\/voltride.com\\\/fi\\\/#organization\",\"name\":\"Voltride\",\"alternateName\":\"VR\",\"url\":\"https:\\\/\\\/voltride.com\\\/fi\\\/\",\"logo\":{\"@id\":\"https:\\\/\\\/voltride.com\\\/fi\\\/axa-fold-ultra-90-cm-lukko\\\/#local-main-organization-logo\"},\"image\":{\"@id\":\"https:\\\/\\\/voltride.com\\\/fi\\\/axa-fold-ultra-90-cm-lukko\\\/#local-main-organization-logo\"},\"sameAs\":[\"https:\\\/\\\/www.facebook.com\\\/voltridecom\\\/\"],\"legalName\":\"Voltride O\u00dc\",\"numberOfEmployees\":{\"@type\":\"QuantitativeValue\",\"minValue\":\"1\",\"maxValue\":\"10\"},\"ownershipFundingInfo\":\"https:\\\/\\\/voltride.com\\\/about-us\\\/\",\"hasMerchantReturnPolicy\":{\"@type\":\"MerchantReturnPolicy\",\"merchantReturnLink\":\"https:\\\/\\\/voltride.com\\\/shipping-and-returns\\\/\"},\"address\":{\"@id\":\"https:\\\/\\\/voltride.com\\\/fi\\\/axa-fold-ultra-90-cm-lukko\\\/#local-main-place-address\"},\"geo\":{\"@type\":\"GeoCoordinates\",\"latitude\":\"59.439554\",\"longitude\":\"24.726644\"},\"telephone\":[\"+372 600 40 99\"],\"contactPoint\":{\"@type\":\"ContactPoint\",\"telephone\":\"+372 600 40 99\",\"email\":\"info@voltride.com\"},\"openingHoursSpecification\":[{\"@type\":\"OpeningHoursSpecification\",\"dayOfWeek\":[\"Monday\",\"Tuesday\",\"Wednesday\",\"Thursday\",\"Friday\"],\"opens\":\"10:00\",\"closes\":\"18:00\"},{\"@type\":\"OpeningHoursSpecification\",\"dayOfWeek\":[\"Saturday\",\"Sunday\"],\"opens\":\"00:00\",\"closes\":\"00:00\"}],\"email\":\"info@voltride.com\",\"taxID\":\"14871968\"},{\"@type\":\"PostalAddress\",\"@id\":\"https:\\\/\\\/voltride.com\\\/fi\\\/axa-fold-ultra-90-cm-lukko\\\/#local-main-place-address\",\"streetAddress\":\"Voltride Telliskivi 57D\",\"addressLocality\":\"Tallinn\",\"postalCode\":\"10412\",\"addressRegion\":\"Tallinn\",\"addressCountry\":\"EE\"},{\"@type\":\"ImageObject\",\"inLanguage\":\"fi\",\"@id\":\"https:\\\/\\\/voltride.com\\\/fi\\\/axa-fold-ultra-90-cm-lukko\\\/#local-main-organization-logo\",\"url\":\"https:\\\/\\\/voltride.com\\\/wp-content\\\/uploads\\\/voltride-logo.png\",\"contentUrl\":\"https:\\\/\\\/voltride.com\\\/wp-content\\\/uploads\\\/voltride-logo.png\",\"width\":2481,\"height\":620,\"caption\":\"Voltride\"}]}<\/script>\n<meta property=\"product:price:amount\" content=\"109.99\" \/>\n<meta property=\"product:price:currency\" content=\"EUR\" \/>\n<meta property=\"og:availability\" content=\"out of stock\" \/>\n<meta property=\"product:availability\" content=\"out of stock\" \/>\n<meta property=\"product:retailer_item_id\" content=\"AXLK009\" \/>\n<meta property=\"product:condition\" content=\"new\" \/>\n<meta name=\"geo.placename\" content=\"Tallinn\" \/>\n<meta name=\"geo.position\" content=\"59.439554;24.726644\" \/>\n<meta name=\"geo.region\" content=\"Viro\" \/>\n<!-- \/ Yoast SEO Premium plugin. -->","yoast_head_json":{"title":"AXA Fold Ultra 90 cm lukko | Voltride","robots":{"index":"index","follow":"follow","max-snippet":"max-snippet:-1","max-image-preview":"max-image-preview:large","max-video-preview":"max-video-preview:-1"},"canonical":"https:\/\/voltride.com\/fi\/axa-fold-ultra-90-cm-lukko\/","og_locale":"fi_FI","og_type":"article","og_title":"AXA Fold Ultra 90 cm lukko | Voltride","og_description":"AXA Fold Ultra on hyv\u00e4ksytty taittolukko, joka sopii erinomaisesti kalliiden (s\u00e4hk\u00f6)py\u00f6rien ja ajoneuvojen suojaamiseen (hyv\u00e4ksynn\u00e4t: ART 2 t\u00e4hte\u00e4, SBSC, Sold","og_url":"https:\/\/voltride.com\/fi\/axa-fold-ultra-90-cm-lukko\/","og_site_name":"Voltride","article_publisher":"https:\/\/www.facebook.com\/voltridecom\/","article_modified_time":"2026-03-31T21:23:55+00:00","og_image":[{"width":1181,"height":1181,"url":"https:\/\/voltride.com\/wp-content\/uploads\/2026\/03\/3599-689d9f7fb4e76911683014-axa-fold-ultra-front-96dpi-1181x1181px-x-nr-12163-1.png","type":"image\/png"}],"twitter_card":"summary_large_image","schema":{"@context":"https:\/\/schema.org","@graph":[{"@type":"WebPage","@id":"https:\/\/voltride.com\/fi\/axa-fold-ultra-90-cm-lukko\/","url":"https:\/\/voltride.com\/fi\/axa-fold-ultra-90-cm-lukko\/","name":"AXA Fold Ultra 90 cm lukko | Voltride","isPartOf":{"@id":"https:\/\/voltride.com\/fi\/#website"},"primaryImageOfPage":{"@id":"https:\/\/voltride.com\/fi\/axa-fold-ultra-90-cm-lukko\/#primaryimage"},"image":{"@id":"https:\/\/voltride.com\/fi\/axa-fold-ultra-90-cm-lukko\/#primaryimage"},"thumbnailUrl":"https:\/\/voltride.com\/wp-content\/uploads\/2026\/03\/3599-689d9f7fb4e76911683014-axa-fold-ultra-front-96dpi-1181x1181px-x-nr-12163-1.png","datePublished":"2026-03-26T00:02:31+00:00","dateModified":"2026-03-31T21:23:55+00:00","breadcrumb":{"@id":"https:\/\/voltride.com\/fi\/axa-fold-ultra-90-cm-lukko\/#breadcrumb"},"inLanguage":"fi","potentialAction":[{"@type":"ReadAction","target":["https:\/\/voltride.com\/fi\/axa-fold-ultra-90-cm-lukko\/"]}]},{"@type":"ImageObject","inLanguage":"fi","@id":"https:\/\/voltride.com\/fi\/axa-fold-ultra-90-cm-lukko\/#primaryimage","url":"https:\/\/voltride.com\/wp-content\/uploads\/2026\/03\/3599-689d9f7fb4e76911683014-axa-fold-ultra-front-96dpi-1181x1181px-x-nr-12163-1.png","contentUrl":"https:\/\/voltride.com\/wp-content\/uploads\/2026\/03\/3599-689d9f7fb4e76911683014-axa-fold-ultra-front-96dpi-1181x1181px-x-nr-12163-1.png","width":1181,"height":1181},{"@type":"BreadcrumbList","@id":"https:\/\/voltride.com\/fi\/axa-fold-ultra-90-cm-lukko\/#breadcrumb","itemListElement":[{"@type":"ListItem","position":1,"name":"Etusivu","item":"https:\/\/voltride.com\/fi\/"},{"@type":"ListItem","position":2,"name":"Kauppa","item":"https:\/\/voltride.com\/shop\/"},{"@type":"ListItem","position":3,"name":"Lis\u00e4tarvikkeet","item":"https:\/\/voltride.com\/fi\/lisatarvikkeet\/"},{"@type":"ListItem","position":4,"name":"Lukot","item":"https:\/\/voltride.com\/fi\/lukot\/"},{"@type":"ListItem","position":5,"name":"AXA Fold Ultra 90 cm lukko"}]},{"@type":"WebSite","@id":"https:\/\/voltride.com\/fi\/#website","url":"https:\/\/voltride.com\/fi\/","name":"Voltride","description":"Parim elektrirataste elektrit\u00f5ukside ja \u00fcksrataste pood ja remont","publisher":{"@id":"https:\/\/voltride.com\/fi\/#organization"},"alternateName":"Vr","potentialAction":[{"@type":"SearchAction","target":{"@type":"EntryPoint","urlTemplate":"https:\/\/voltride.com\/fi\/?s={search_term_string}"},"query-input":{"@type":"PropertyValueSpecification","valueRequired":true,"valueName":"search_term_string"}}],"inLanguage":"fi"},{"@type":["Organization","Place"],"@id":"https:\/\/voltride.com\/fi\/#organization","name":"Voltride","alternateName":"VR","url":"https:\/\/voltride.com\/fi\/","logo":{"@id":"https:\/\/voltride.com\/fi\/axa-fold-ultra-90-cm-lukko\/#local-main-organization-logo"},"image":{"@id":"https:\/\/voltride.com\/fi\/axa-fold-ultra-90-cm-lukko\/#local-main-organization-logo"},"sameAs":["https:\/\/www.facebook.com\/voltridecom\/"],"legalName":"Voltride O\u00dc","numberOfEmployees":{"@type":"QuantitativeValue","minValue":"1","maxValue":"10"},"ownershipFundingInfo":"https:\/\/voltride.com\/about-us\/","hasMerchantReturnPolicy":{"@type":"MerchantReturnPolicy","merchantReturnLink":"https:\/\/voltride.com\/shipping-and-returns\/"},"address":{"@id":"https:\/\/voltride.com\/fi\/axa-fold-ultra-90-cm-lukko\/#local-main-place-address"},"geo":{"@type":"GeoCoordinates","latitude":"59.439554","longitude":"24.726644"},"telephone":["+372 600 40 99"],"contactPoint":{"@type":"ContactPoint","telephone":"+372 600 40 99","email":"info@voltride.com"},"openingHoursSpecification":[{"@type":"OpeningHoursSpecification","dayOfWeek":["Monday","Tuesday","Wednesday","Thursday","Friday"],"opens":"10:00","closes":"18:00"},{"@type":"OpeningHoursSpecification","dayOfWeek":["Saturday","Sunday"],"opens":"00:00","closes":"00:00"}],"email":"info@voltride.com","taxID":"14871968"},{"@type":"PostalAddress","@id":"https:\/\/voltride.com\/fi\/axa-fold-ultra-90-cm-lukko\/#local-main-place-address","streetAddress":"Voltride Telliskivi 57D","addressLocality":"Tallinn","postalCode":"10412","addressRegion":"Tallinn","addressCountry":"EE"},{"@type":"ImageObject","inLanguage":"fi","@id":"https:\/\/voltride.com\/fi\/axa-fold-ultra-90-cm-lukko\/#local-main-organization-logo","url":"https:\/\/voltride.com\/wp-content\/uploads\/voltride-logo.png","contentUrl":"https:\/\/voltride.com\/wp-content\/uploads\/voltride-logo.png","width":2481,"height":620,"caption":"Voltride"}]},"product_price_amount":"109.99","product_price_currency":"EUR","og_availability":"out of stock","product_availability":"out of stock","product_retailer_item_id":"AXLK009","product_condition":"new","geo.placename":"Tallinn","geo.position":{"lat":"59.439554","long":"24.726644"},"geo.region":"Viro"},"_links":{"self":[{"href":"https:\/\/voltride.com\/fi\/wp-json\/wp\/v2\/product\/20219","targetHints":{"allow":["GET"]}}],"collection":[{"href":"https:\/\/voltride.com\/fi\/wp-json\/wp\/v2\/product"}],"about":[{"href":"https:\/\/voltride.com\/fi\/wp-json\/wp\/v2\/types\/product"}],"replies":[{"embeddable":true,"href":"https:\/\/voltride.com\/fi\/wp-json\/wp\/v2\/comments?post=20219"}],"wp:featuredmedia":[{"embeddable":true,"href":"https:\/\/voltride.com\/fi\/wp-json\/wp\/v2\/media\/20616"}],"wp:attachment":[{"href":"https:\/\/voltride.com\/fi\/wp-json\/wp\/v2\/media?parent=20219"}],"wp:term":[{"taxonomy":"product_brand","embeddable":true,"href":"https:\/\/voltride.com\/fi\/wp-json\/wp\/v2\/product_brand?post=20219"},{"taxonomy":"product_cat","embeddable":true,"href":"https:\/\/voltride.com\/fi\/wp-json\/wp\/v2\/product_cat?post=20219"},{"taxonomy":"product_tag","embeddable":true,"href":"https:\/\/voltride.com\/fi\/wp-json\/wp\/v2\/product_tag?post=20219"}],"curies":[{"name":"wp","href":"https:\/\/api.w.org\/{rel}","templated":true}]}}