{"id":20238,"date":"2026-03-26T02:02:47","date_gmt":"2026-03-26T00:02:47","guid":{"rendered":"https:\/\/voltride.com\/amoq-comet-aurinkolasit-light-blue-splash-rose-mirror\/"},"modified":"2026-03-31T23:23:58","modified_gmt":"2026-03-31T21:23:58","slug":"amoq-comet-aurinkolasit-light-blue-splash-rose-mirror","status":"publish","type":"product","link":"https:\/\/voltride.com\/fi\/amoq-comet-aurinkolasit-light-blue-splash-rose-mirror\/","title":{"rendered":"AMOQ Comet -aurinkolasit Light Blue Splash &#8211; Rose Mirror"},"content":{"rendered":"<h2 style=\"margin: 0px; font-style: normal; font-variant-caps: normal; font-width: normal; line-height: normal; font-family: &quot;Helvetica Neue&quot;; font-size-adjust: none; font-kerning: auto; font-variant-alternates: normal; font-variant-ligatures: normal; font-variant-numeric: normal; font-variant-east-asian: normal; font-variant-position: normal; font-feature-settings: normal; font-optical-sizing: auto; font-variation-settings: normal;\"><b>AMOQ Comet aurinkolasit<\/b><\/h2>\n<h2 style=\"margin: 0px; font-style: normal; font-variant-caps: normal; font-width: normal; line-height: normal; font-family: &quot;Helvetica Neue&quot;; font-size-adjust: none; font-kerning: auto; font-variant-alternates: normal; font-variant-ligatures: normal; font-variant-numeric: normal; font-variant-east-asian: normal; font-variant-position: normal; font-feature-settings: normal; font-optical-sizing: auto; font-variation-settings: normal; min-height: 15px;\">&nbsp;<\/h2>\n<p style=\"margin: 0px; font-style: normal; font-variant-caps: normal; font-width: normal; line-height: normal; font-family: &quot;Helvetica Neue&quot;; font-size-adjust: none; font-kerning: auto; font-variant-alternates: normal; font-variant-ligatures: normal; font-variant-numeric: normal; font-variant-east-asian: normal; font-variant-position: normal; font-variant-emoji: normal; font-feature-settings: normal; font-optical-sizing: auto; font-variation-settings: normal;\">AMOQ Comet -aurinkolasit on tehty kuljettajille, jotka haluavat ottaa kaiken irti ajosta.<\/p>\n<p style=\"margin: 0px; font-style: normal; font-variant-caps: normal; font-width: normal; line-height: normal; font-family: &quot;Helvetica Neue&quot;; font-size-adjust: none; font-kerning: auto; font-variant-alternates: normal; font-variant-ligatures: normal; font-variant-numeric: normal; font-variant-east-asian: normal; font-variant-position: normal; font-variant-emoji: normal; font-feature-settings: normal; font-optical-sizing: auto; font-variation-settings: normal; min-height: 15px;\">&nbsp;<\/p>\n<p style=\"margin: 0px; font-style: normal; font-variant-caps: normal; font-width: normal; line-height: normal; font-family: &quot;Helvetica Neue&quot;; font-size-adjust: none; font-kerning: auto; font-variant-alternates: normal; font-variant-ligatures: normal; font-variant-numeric: normal; font-variant-east-asian: normal; font-variant-position: normal; font-variant-emoji: normal; font-feature-settings: normal; font-optical-sizing: auto; font-variation-settings: normal;\">N\u00e4iden lasien kanssa olet katujen siistein tyyppi \u2013 ja my\u00f6s illan p\u00e4\u00e4tteeksi baarissa. Polarisoidut linssit blokkaavat tehokkaasti h\u00e4ik\u00e4isev\u00e4t heijastukset ja auringon kirkkaimmat s\u00e4teet, pit\u00e4en silm\u00e4si suojassa. Rohkea design antaa lis\u00e4\u00e4 itsevarmuutta ja saa sinut n\u00e4ytt\u00e4m\u00e4\u00e4n entist\u00e4 taitavammalta kuskilta \u2013 kunnioitus on taattu! Pieni itseluottamuksen boosti ei koskaan ole pahasta. Saatavilla monissa eri v\u00e4reiss\u00e4 ja s\u00e4vyiss\u00e4!<\/p>\n<p style=\"margin: 0px; font-style: normal; font-variant-caps: normal; font-width: normal; line-height: normal; font-family: &quot;Helvetica Neue&quot;; font-size-adjust: none; font-kerning: auto; font-variant-alternates: normal; font-variant-ligatures: normal; font-variant-numeric: normal; font-variant-east-asian: normal; font-variant-position: normal; font-variant-emoji: normal; font-feature-settings: normal; font-optical-sizing: auto; font-variation-settings: normal; min-height: 15px;\">&nbsp;<\/p>\n<p style=\"margin: 0px; font-style: normal; font-variant-caps: normal; font-width: normal; line-height: normal; font-family: &quot;Helvetica Neue&quot;; font-size-adjust: none; font-kerning: auto; font-variant-alternates: normal; font-variant-ligatures: normal; font-variant-numeric: normal; font-variant-east-asian: normal; font-variant-position: normal; font-variant-emoji: normal; font-feature-settings: normal; font-optical-sizing: auto; font-variation-settings: normal;\">\u2013 Polarisoidut linssit<br \/> \u2013 S\u00e4\u00e4dett\u00e4v\u00e4t sangat<br \/> \u2013 Mukana mikrokuitupussi s\u00e4ilytykseen<br \/> \u2013 Naarmuja ja huurtumista est\u00e4v\u00e4 pinnoite<br \/> \u2013 100 % suoja UV-s\u00e4teilt\u00e4 (UV400)<\/p>\n","protected":false},"excerpt":{"rendered":"<p>AMOQ Comet aurinkolasit &nbsp; AMOQ Comet -aurinkolasit on tehty kuljettajille, jotka haluavat ottaa kaiken irti ajosta. &nbsp; N\u00e4iden lasien kanssa<\/p>\n","protected":false},"featured_media":20634,"comment_status":"open","ping_status":"closed","template":"","meta":[],"product_brand":[],"product_cat":[717],"product_tag":[],"class_list":{"0":"post-20238","1":"product","2":"type-product","3":"status-publish","4":"has-post-thumbnail","6":"product_cat-ajolasit","8":"first","9":"instock","10":"taxable","11":"shipping-taxable","12":"purchasable","13":"product-type-simple"},"yoast_head":"<!-- This site is optimized with the Yoast SEO Premium plugin v27.3 (Yoast SEO v27.4) - https:\/\/yoast.com\/product\/yoast-seo-premium-wordpress\/ -->\n<title>AMOQ Comet -aurinkolasit Light Blue Splash - Rose Mirror | Voltride<\/title>\n<meta name=\"robots\" content=\"index, follow, max-snippet:-1, max-image-preview:large, max-video-preview:-1\" \/>\n<link rel=\"canonical\" href=\"https:\/\/voltride.com\/fi\/amoq-comet-aurinkolasit-light-blue-splash-rose-mirror\/\" \/>\n<meta property=\"og:locale\" content=\"fi_FI\" \/>\n<meta property=\"og:type\" content=\"article\" \/>\n<meta property=\"og:title\" content=\"AMOQ Comet -aurinkolasit Light Blue Splash - Rose Mirror | Voltride\" \/>\n<meta property=\"og:description\" content=\"AMOQ Comet aurinkolasit &nbsp; AMOQ Comet -aurinkolasit on tehty kuljettajille, jotka haluavat ottaa kaiken irti ajosta. &nbsp; N\u00e4iden lasien kanssa\" \/>\n<meta property=\"og:url\" content=\"https:\/\/voltride.com\/fi\/amoq-comet-aurinkolasit-light-blue-splash-rose-mirror\/\" \/>\n<meta property=\"og:site_name\" content=\"Voltride\" \/>\n<meta property=\"article:publisher\" content=\"https:\/\/www.facebook.com\/voltridecom\/\" \/>\n<meta property=\"article:modified_time\" content=\"2026-03-31T21:23:58+00:00\" \/>\n<meta property=\"og:image\" content=\"https:\/\/voltride.com\/wp-content\/uploads\/2026\/03\/4781-630349b26d4ac998030243-645-no1-shades-10-1.jpg\" \/>\n\t<meta property=\"og:image:width\" content=\"640\" \/>\n\t<meta property=\"og:image:height\" content=\"800\" \/>\n\t<meta property=\"og:image:type\" content=\"image\/jpeg\" \/>\n<meta name=\"twitter:card\" content=\"summary_large_image\" \/>\n<script type=\"application\/ld+json\" class=\"yoast-schema-graph\">{\"@context\":\"https:\\\/\\\/schema.org\",\"@graph\":[{\"@type\":\"WebPage\",\"@id\":\"https:\\\/\\\/voltride.com\\\/fi\\\/amoq-comet-aurinkolasit-light-blue-splash-rose-mirror\\\/\",\"url\":\"https:\\\/\\\/voltride.com\\\/fi\\\/amoq-comet-aurinkolasit-light-blue-splash-rose-mirror\\\/\",\"name\":\"AMOQ Comet -aurinkolasit Light Blue Splash - Rose Mirror | Voltride\",\"isPartOf\":{\"@id\":\"https:\\\/\\\/voltride.com\\\/fi\\\/#website\"},\"primaryImageOfPage\":{\"@id\":\"https:\\\/\\\/voltride.com\\\/fi\\\/amoq-comet-aurinkolasit-light-blue-splash-rose-mirror\\\/#primaryimage\"},\"image\":{\"@id\":\"https:\\\/\\\/voltride.com\\\/fi\\\/amoq-comet-aurinkolasit-light-blue-splash-rose-mirror\\\/#primaryimage\"},\"thumbnailUrl\":\"https:\\\/\\\/voltride.com\\\/wp-content\\\/uploads\\\/2026\\\/03\\\/4781-630349b26d4ac998030243-645-no1-shades-10-1.jpg\",\"datePublished\":\"2026-03-26T00:02:47+00:00\",\"dateModified\":\"2026-03-31T21:23:58+00:00\",\"breadcrumb\":{\"@id\":\"https:\\\/\\\/voltride.com\\\/fi\\\/amoq-comet-aurinkolasit-light-blue-splash-rose-mirror\\\/#breadcrumb\"},\"inLanguage\":\"fi\",\"potentialAction\":[{\"@type\":\"ReadAction\",\"target\":[\"https:\\\/\\\/voltride.com\\\/fi\\\/amoq-comet-aurinkolasit-light-blue-splash-rose-mirror\\\/\"]}]},{\"@type\":\"ImageObject\",\"inLanguage\":\"fi\",\"@id\":\"https:\\\/\\\/voltride.com\\\/fi\\\/amoq-comet-aurinkolasit-light-blue-splash-rose-mirror\\\/#primaryimage\",\"url\":\"https:\\\/\\\/voltride.com\\\/wp-content\\\/uploads\\\/2026\\\/03\\\/4781-630349b26d4ac998030243-645-no1-shades-10-1.jpg\",\"contentUrl\":\"https:\\\/\\\/voltride.com\\\/wp-content\\\/uploads\\\/2026\\\/03\\\/4781-630349b26d4ac998030243-645-no1-shades-10-1.jpg\",\"width\":640,\"height\":800},{\"@type\":\"BreadcrumbList\",\"@id\":\"https:\\\/\\\/voltride.com\\\/fi\\\/amoq-comet-aurinkolasit-light-blue-splash-rose-mirror\\\/#breadcrumb\",\"itemListElement\":[{\"@type\":\"ListItem\",\"position\":1,\"name\":\"Etusivu\",\"item\":\"https:\\\/\\\/voltride.com\\\/fi\\\/\"},{\"@type\":\"ListItem\",\"position\":2,\"name\":\"Kauppa\",\"item\":\"https:\\\/\\\/voltride.com\\\/shop\\\/\"},{\"@type\":\"ListItem\",\"position\":3,\"name\":\"Lis\u00e4tarvikkeet\",\"item\":\"https:\\\/\\\/voltride.com\\\/fi\\\/lisatarvikkeet\\\/\"},{\"@type\":\"ListItem\",\"position\":4,\"name\":\"Ajolasit\",\"item\":\"https:\\\/\\\/voltride.com\\\/fi\\\/ajolasit\\\/\"},{\"@type\":\"ListItem\",\"position\":5,\"name\":\"AMOQ Comet -aurinkolasit Light Blue Splash &#8211; Rose Mirror\"}]},{\"@type\":\"WebSite\",\"@id\":\"https:\\\/\\\/voltride.com\\\/fi\\\/#website\",\"url\":\"https:\\\/\\\/voltride.com\\\/fi\\\/\",\"name\":\"Voltride\",\"description\":\"Parim elektrirataste elektrit\u00f5ukside ja \u00fcksrataste pood ja remont\",\"publisher\":{\"@id\":\"https:\\\/\\\/voltride.com\\\/fi\\\/#organization\"},\"alternateName\":\"Vr\",\"potentialAction\":[{\"@type\":\"SearchAction\",\"target\":{\"@type\":\"EntryPoint\",\"urlTemplate\":\"https:\\\/\\\/voltride.com\\\/fi\\\/?s={search_term_string}\"},\"query-input\":{\"@type\":\"PropertyValueSpecification\",\"valueRequired\":true,\"valueName\":\"search_term_string\"}}],\"inLanguage\":\"fi\"},{\"@type\":[\"Organization\",\"Place\"],\"@id\":\"https:\\\/\\\/voltride.com\\\/fi\\\/#organization\",\"name\":\"Voltride\",\"alternateName\":\"VR\",\"url\":\"https:\\\/\\\/voltride.com\\\/fi\\\/\",\"logo\":{\"@id\":\"https:\\\/\\\/voltride.com\\\/fi\\\/amoq-comet-aurinkolasit-light-blue-splash-rose-mirror\\\/#local-main-organization-logo\"},\"image\":{\"@id\":\"https:\\\/\\\/voltride.com\\\/fi\\\/amoq-comet-aurinkolasit-light-blue-splash-rose-mirror\\\/#local-main-organization-logo\"},\"sameAs\":[\"https:\\\/\\\/www.facebook.com\\\/voltridecom\\\/\"],\"legalName\":\"Voltride O\u00dc\",\"numberOfEmployees\":{\"@type\":\"QuantitativeValue\",\"minValue\":\"1\",\"maxValue\":\"10\"},\"ownershipFundingInfo\":\"https:\\\/\\\/voltride.com\\\/about-us\\\/\",\"hasMerchantReturnPolicy\":{\"@type\":\"MerchantReturnPolicy\",\"merchantReturnLink\":\"https:\\\/\\\/voltride.com\\\/shipping-and-returns\\\/\"},\"address\":{\"@id\":\"https:\\\/\\\/voltride.com\\\/fi\\\/amoq-comet-aurinkolasit-light-blue-splash-rose-mirror\\\/#local-main-place-address\"},\"geo\":{\"@type\":\"GeoCoordinates\",\"latitude\":\"59.439554\",\"longitude\":\"24.726644\"},\"telephone\":[\"+372 600 40 99\"],\"contactPoint\":{\"@type\":\"ContactPoint\",\"telephone\":\"+372 600 40 99\",\"email\":\"info@voltride.com\"},\"openingHoursSpecification\":[{\"@type\":\"OpeningHoursSpecification\",\"dayOfWeek\":[\"Monday\",\"Tuesday\",\"Wednesday\",\"Thursday\",\"Friday\"],\"opens\":\"10:00\",\"closes\":\"18:00\"},{\"@type\":\"OpeningHoursSpecification\",\"dayOfWeek\":[\"Saturday\",\"Sunday\"],\"opens\":\"00:00\",\"closes\":\"00:00\"}],\"email\":\"info@voltride.com\",\"taxID\":\"14871968\"},{\"@type\":\"PostalAddress\",\"@id\":\"https:\\\/\\\/voltride.com\\\/fi\\\/amoq-comet-aurinkolasit-light-blue-splash-rose-mirror\\\/#local-main-place-address\",\"streetAddress\":\"Voltride Telliskivi 57D\",\"addressLocality\":\"Tallinn\",\"postalCode\":\"10412\",\"addressRegion\":\"Tallinn\",\"addressCountry\":\"EE\"},{\"@type\":\"ImageObject\",\"inLanguage\":\"fi\",\"@id\":\"https:\\\/\\\/voltride.com\\\/fi\\\/amoq-comet-aurinkolasit-light-blue-splash-rose-mirror\\\/#local-main-organization-logo\",\"url\":\"https:\\\/\\\/voltride.com\\\/wp-content\\\/uploads\\\/voltride-logo.png\",\"contentUrl\":\"https:\\\/\\\/voltride.com\\\/wp-content\\\/uploads\\\/voltride-logo.png\",\"width\":2481,\"height\":620,\"caption\":\"Voltride\"}]}<\/script>\n<meta property=\"product:price:amount\" content=\"35.00\" \/>\n<meta property=\"product:price:currency\" content=\"EUR\" \/>\n<meta property=\"og:availability\" content=\"instock\" \/>\n<meta property=\"product:availability\" content=\"instock\" \/>\n<meta property=\"product:retailer_item_id\" content=\"AMGL001-BLUESPLASH\/ROSEMIRROR\" \/>\n<meta property=\"product:condition\" content=\"new\" \/>\n<meta name=\"geo.placename\" content=\"Tallinn\" \/>\n<meta name=\"geo.position\" content=\"59.439554;24.726644\" \/>\n<meta name=\"geo.region\" content=\"Viro\" \/>\n<!-- \/ Yoast SEO Premium plugin. -->","yoast_head_json":{"title":"AMOQ Comet -aurinkolasit Light Blue Splash - Rose Mirror | Voltride","robots":{"index":"index","follow":"follow","max-snippet":"max-snippet:-1","max-image-preview":"max-image-preview:large","max-video-preview":"max-video-preview:-1"},"canonical":"https:\/\/voltride.com\/fi\/amoq-comet-aurinkolasit-light-blue-splash-rose-mirror\/","og_locale":"fi_FI","og_type":"article","og_title":"AMOQ Comet -aurinkolasit Light Blue Splash - Rose Mirror | Voltride","og_description":"AMOQ Comet aurinkolasit &nbsp; AMOQ Comet -aurinkolasit on tehty kuljettajille, jotka haluavat ottaa kaiken irti ajosta. &nbsp; N\u00e4iden lasien kanssa","og_url":"https:\/\/voltride.com\/fi\/amoq-comet-aurinkolasit-light-blue-splash-rose-mirror\/","og_site_name":"Voltride","article_publisher":"https:\/\/www.facebook.com\/voltridecom\/","article_modified_time":"2026-03-31T21:23:58+00:00","og_image":[{"width":640,"height":800,"url":"https:\/\/voltride.com\/wp-content\/uploads\/2026\/03\/4781-630349b26d4ac998030243-645-no1-shades-10-1.jpg","type":"image\/jpeg"}],"twitter_card":"summary_large_image","schema":{"@context":"https:\/\/schema.org","@graph":[{"@type":"WebPage","@id":"https:\/\/voltride.com\/fi\/amoq-comet-aurinkolasit-light-blue-splash-rose-mirror\/","url":"https:\/\/voltride.com\/fi\/amoq-comet-aurinkolasit-light-blue-splash-rose-mirror\/","name":"AMOQ Comet -aurinkolasit Light Blue Splash - Rose Mirror | Voltride","isPartOf":{"@id":"https:\/\/voltride.com\/fi\/#website"},"primaryImageOfPage":{"@id":"https:\/\/voltride.com\/fi\/amoq-comet-aurinkolasit-light-blue-splash-rose-mirror\/#primaryimage"},"image":{"@id":"https:\/\/voltride.com\/fi\/amoq-comet-aurinkolasit-light-blue-splash-rose-mirror\/#primaryimage"},"thumbnailUrl":"https:\/\/voltride.com\/wp-content\/uploads\/2026\/03\/4781-630349b26d4ac998030243-645-no1-shades-10-1.jpg","datePublished":"2026-03-26T00:02:47+00:00","dateModified":"2026-03-31T21:23:58+00:00","breadcrumb":{"@id":"https:\/\/voltride.com\/fi\/amoq-comet-aurinkolasit-light-blue-splash-rose-mirror\/#breadcrumb"},"inLanguage":"fi","potentialAction":[{"@type":"ReadAction","target":["https:\/\/voltride.com\/fi\/amoq-comet-aurinkolasit-light-blue-splash-rose-mirror\/"]}]},{"@type":"ImageObject","inLanguage":"fi","@id":"https:\/\/voltride.com\/fi\/amoq-comet-aurinkolasit-light-blue-splash-rose-mirror\/#primaryimage","url":"https:\/\/voltride.com\/wp-content\/uploads\/2026\/03\/4781-630349b26d4ac998030243-645-no1-shades-10-1.jpg","contentUrl":"https:\/\/voltride.com\/wp-content\/uploads\/2026\/03\/4781-630349b26d4ac998030243-645-no1-shades-10-1.jpg","width":640,"height":800},{"@type":"BreadcrumbList","@id":"https:\/\/voltride.com\/fi\/amoq-comet-aurinkolasit-light-blue-splash-rose-mirror\/#breadcrumb","itemListElement":[{"@type":"ListItem","position":1,"name":"Etusivu","item":"https:\/\/voltride.com\/fi\/"},{"@type":"ListItem","position":2,"name":"Kauppa","item":"https:\/\/voltride.com\/shop\/"},{"@type":"ListItem","position":3,"name":"Lis\u00e4tarvikkeet","item":"https:\/\/voltride.com\/fi\/lisatarvikkeet\/"},{"@type":"ListItem","position":4,"name":"Ajolasit","item":"https:\/\/voltride.com\/fi\/ajolasit\/"},{"@type":"ListItem","position":5,"name":"AMOQ Comet -aurinkolasit Light Blue Splash &#8211; Rose Mirror"}]},{"@type":"WebSite","@id":"https:\/\/voltride.com\/fi\/#website","url":"https:\/\/voltride.com\/fi\/","name":"Voltride","description":"Parim elektrirataste elektrit\u00f5ukside ja \u00fcksrataste pood ja remont","publisher":{"@id":"https:\/\/voltride.com\/fi\/#organization"},"alternateName":"Vr","potentialAction":[{"@type":"SearchAction","target":{"@type":"EntryPoint","urlTemplate":"https:\/\/voltride.com\/fi\/?s={search_term_string}"},"query-input":{"@type":"PropertyValueSpecification","valueRequired":true,"valueName":"search_term_string"}}],"inLanguage":"fi"},{"@type":["Organization","Place"],"@id":"https:\/\/voltride.com\/fi\/#organization","name":"Voltride","alternateName":"VR","url":"https:\/\/voltride.com\/fi\/","logo":{"@id":"https:\/\/voltride.com\/fi\/amoq-comet-aurinkolasit-light-blue-splash-rose-mirror\/#local-main-organization-logo"},"image":{"@id":"https:\/\/voltride.com\/fi\/amoq-comet-aurinkolasit-light-blue-splash-rose-mirror\/#local-main-organization-logo"},"sameAs":["https:\/\/www.facebook.com\/voltridecom\/"],"legalName":"Voltride O\u00dc","numberOfEmployees":{"@type":"QuantitativeValue","minValue":"1","maxValue":"10"},"ownershipFundingInfo":"https:\/\/voltride.com\/about-us\/","hasMerchantReturnPolicy":{"@type":"MerchantReturnPolicy","merchantReturnLink":"https:\/\/voltride.com\/shipping-and-returns\/"},"address":{"@id":"https:\/\/voltride.com\/fi\/amoq-comet-aurinkolasit-light-blue-splash-rose-mirror\/#local-main-place-address"},"geo":{"@type":"GeoCoordinates","latitude":"59.439554","longitude":"24.726644"},"telephone":["+372 600 40 99"],"contactPoint":{"@type":"ContactPoint","telephone":"+372 600 40 99","email":"info@voltride.com"},"openingHoursSpecification":[{"@type":"OpeningHoursSpecification","dayOfWeek":["Monday","Tuesday","Wednesday","Thursday","Friday"],"opens":"10:00","closes":"18:00"},{"@type":"OpeningHoursSpecification","dayOfWeek":["Saturday","Sunday"],"opens":"00:00","closes":"00:00"}],"email":"info@voltride.com","taxID":"14871968"},{"@type":"PostalAddress","@id":"https:\/\/voltride.com\/fi\/amoq-comet-aurinkolasit-light-blue-splash-rose-mirror\/#local-main-place-address","streetAddress":"Voltride Telliskivi 57D","addressLocality":"Tallinn","postalCode":"10412","addressRegion":"Tallinn","addressCountry":"EE"},{"@type":"ImageObject","inLanguage":"fi","@id":"https:\/\/voltride.com\/fi\/amoq-comet-aurinkolasit-light-blue-splash-rose-mirror\/#local-main-organization-logo","url":"https:\/\/voltride.com\/wp-content\/uploads\/voltride-logo.png","contentUrl":"https:\/\/voltride.com\/wp-content\/uploads\/voltride-logo.png","width":2481,"height":620,"caption":"Voltride"}]},"product_price_amount":"35.00","product_price_currency":"EUR","og_availability":"instock","product_availability":"instock","product_retailer_item_id":"AMGL001-BLUESPLASH\/ROSEMIRROR","product_condition":"new","geo.placename":"Tallinn","geo.position":{"lat":"59.439554","long":"24.726644"},"geo.region":"Viro"},"_links":{"self":[{"href":"https:\/\/voltride.com\/fi\/wp-json\/wp\/v2\/product\/20238","targetHints":{"allow":["GET"]}}],"collection":[{"href":"https:\/\/voltride.com\/fi\/wp-json\/wp\/v2\/product"}],"about":[{"href":"https:\/\/voltride.com\/fi\/wp-json\/wp\/v2\/types\/product"}],"replies":[{"embeddable":true,"href":"https:\/\/voltride.com\/fi\/wp-json\/wp\/v2\/comments?post=20238"}],"wp:featuredmedia":[{"embeddable":true,"href":"https:\/\/voltride.com\/fi\/wp-json\/wp\/v2\/media\/20634"}],"wp:attachment":[{"href":"https:\/\/voltride.com\/fi\/wp-json\/wp\/v2\/media?parent=20238"}],"wp:term":[{"taxonomy":"product_brand","embeddable":true,"href":"https:\/\/voltride.com\/fi\/wp-json\/wp\/v2\/product_brand?post=20238"},{"taxonomy":"product_cat","embeddable":true,"href":"https:\/\/voltride.com\/fi\/wp-json\/wp\/v2\/product_cat?post=20238"},{"taxonomy":"product_tag","embeddable":true,"href":"https:\/\/voltride.com\/fi\/wp-json\/wp\/v2\/product_tag?post=20238"}],"curies":[{"name":"wp","href":"https:\/\/api.w.org\/{rel}","templated":true}]}}