{"id":20239,"date":"2026-03-26T02:02:48","date_gmt":"2026-03-26T00:02:48","guid":{"rendered":"https:\/\/voltride.com\/axa-newton-lukko-mini-vaijeri-100-8\/"},"modified":"2026-03-31T23:23:58","modified_gmt":"2026-03-31T21:23:58","slug":"axa-newton-lukko-mini-vaijeri-100-8","status":"publish","type":"product","link":"https:\/\/voltride.com\/fi\/axa-newton-lukko-mini-vaijeri-100-8\/","title":{"rendered":"AXA Newton-lukko Mini + vaijeri 100\/8"},"content":{"rendered":"<h2 data-end=\"1478\" data-start=\"1392\" style=\"caret-color: rgb(0, 0, 0); color: rgb(0, 0, 0);\"><strong data-end=\"1476\" data-start=\"1392\">Etsitk\u00f6 modernia ja kest\u00e4v\u00e4\u00e4 lukkoa py\u00f6r\u00e4llesi tai kevyelle moottoriajoneuvolle?<\/strong><\/h2>\n<p data-end=\"1478\" data-start=\"1392\" style=\"caret-color: rgb(0, 0, 0); color: rgb(0, 0, 0);\">AXA Newton Mini U-lukko tyylikk\u00e4\u00e4ll\u00e4 muotoilulla on t\u00e4ydellinen valinta, erityisesti koska se toimitetaan vaijerilla, jossa on kaksi silmukkaa.<br data-end=\"1626\" data-start=\"1623\" \/> U-lukon ja vaijerin yhdistelm\u00e4 tarjoaa maksimaalisen turvallisuuden ja joustavuuden, mik\u00e4 tekee siit\u00e4 erinomaisen vaihtoehdon py\u00f6r\u00e4ilyn harrastajille. 100 cm:n pituinen vaijeri antaa runsaasti tilaa py\u00f6r\u00e4n kiinnitt\u00e4miseen helposti mihin tahansa kiinte\u00e4\u00e4n kohteeseen.<\/p>\n<p data-end=\"2317\" data-start=\"1896\" style=\"caret-color: rgb(0, 0, 0); color: rgb(0, 0, 0);\">Mini U-lukossa on p\u00f6lysuoja, joka suojaa sylinteri\u00e4 kosteudelta ja lialta, pident\u00e4en lukon k\u00e4ytt\u00f6ik\u00e4\u00e4. Vaijerissa on joustava muovipinnoite, joka est\u00e4\u00e4 py\u00f6r\u00e4n maalipinnan naarmuuntumisen. Mukana tuleva pidike on helppo kiinnitt\u00e4\u00e4 py\u00f6r\u00e4n runkoon ja varmistaa lukon turvallisen kuljetuksen kaikkialle.<br data-end=\"2198\" data-start=\"2195\" \/> Valitse AXA Newton Mini U-lukko \u2013 luotettava ja tyylik\u00e4s ratkaisu py\u00f6r\u00e4si tai kevyen moottoriajoneuvosi turvaamiseen.<\/p>\n<p data-end=\"2343\" data-start=\"2319\" style=\"caret-color: rgb(0, 0, 0); color: rgb(0, 0, 0);\"><strong data-end=\"2341\" data-start=\"2319\">Turvallisuuskuvaus<\/strong><\/p>\n<ul data-end=\"2400\" data-start=\"2344\" style=\"caret-color: rgb(0, 0, 0); color: rgb(0, 0, 0);\">\n<li data-end=\"2360\" data-start=\"2344\">\n<p data-end=\"2360\" data-start=\"2346\">Turvataso: 8<\/p>\n<\/li>\n<li data-end=\"2400\" data-start=\"2361\">\n<p data-end=\"2400\" data-start=\"2363\">Sylinteri suojattu porausta vastaan<\/p>\n<\/li>\n<\/ul>\n<p data-end=\"2422\" data-start=\"2402\" style=\"caret-color: rgb(0, 0, 0); color: rgb(0, 0, 0);\"><strong data-end=\"2420\" data-start=\"2402\">Mukavuuskuvaus<\/strong><\/p>\n<ul data-end=\"2490\" data-start=\"2423\" style=\"caret-color: rgb(0, 0, 0); color: rgb(0, 0, 0);\">\n<li data-end=\"2467\" data-start=\"2423\">\n<p data-end=\"2467\" data-start=\"2425\">Sylinteri suojattu kosteudelta ja lialta<\/p>\n<\/li>\n<li data-end=\"2490\" data-start=\"2468\">\n<p data-end=\"2490\" data-start=\"2470\">Mukana runkopidike<\/p>\n<\/li>\n<\/ul>\n<p data-end=\"2513\" data-start=\"2492\" style=\"caret-color: rgb(0, 0, 0); color: rgb(0, 0, 0);\"><strong data-end=\"2511\" data-start=\"2492\">Tekniset tiedot<\/strong><\/p>\n<ul data-end=\"2627\" data-start=\"2514\" style=\"caret-color: rgb(0, 0, 0); color: rgb(0, 0, 0);\">\n<li data-end=\"2540\" data-start=\"2514\">\n<p data-end=\"2540\" data-start=\"2516\">U-lukon pituus: 150 mm<\/p>\n<\/li>\n<li data-end=\"2569\" data-start=\"2541\">\n<p data-end=\"2569\" data-start=\"2543\">Sangan halkaisija: 14 mm<\/p>\n<\/li>\n<li data-end=\"2597\" data-start=\"2570\">\n<p data-end=\"2597\" data-start=\"2572\">Vaijerin pituus: 100 cm<\/p>\n<\/li>\n<li data-end=\"2627\" data-start=\"2598\">\n<p data-end=\"2627\" data-start=\"2600\">Vaijerin halkaisija: 8 mm<\/p>\n<\/li>\n<\/ul>\n","protected":false},"excerpt":{"rendered":"<p>Etsitk\u00f6 modernia ja kest\u00e4v\u00e4\u00e4 lukkoa py\u00f6r\u00e4llesi tai kevyelle moottoriajoneuvolle? AXA Newton Mini U-lukko tyylikk\u00e4\u00e4ll\u00e4 muotoilulla on t\u00e4ydellinen valinta, erityisesti koska<\/p>\n","protected":false},"featured_media":20635,"comment_status":"open","ping_status":"closed","template":"","meta":[],"product_brand":[],"product_cat":[711],"product_tag":[],"class_list":{"0":"post-20239","1":"product","2":"type-product","3":"status-publish","4":"has-post-thumbnail","6":"product_cat-lukot","8":"first","9":"outofstock","10":"taxable","11":"shipping-taxable","12":"purchasable","13":"product-type-simple"},"yoast_head":"<!-- This site is optimized with the Yoast SEO Premium plugin v27.3 (Yoast SEO v27.4) - https:\/\/yoast.com\/product\/yoast-seo-premium-wordpress\/ -->\n<title>AXA Newton-lukko Mini + vaijeri 100\/8 | Voltride<\/title>\n<meta name=\"robots\" content=\"index, follow, max-snippet:-1, max-image-preview:large, max-video-preview:-1\" \/>\n<link rel=\"canonical\" href=\"https:\/\/voltride.com\/fi\/axa-newton-lukko-mini-vaijeri-100-8\/\" \/>\n<meta property=\"og:locale\" content=\"fi_FI\" \/>\n<meta property=\"og:type\" content=\"article\" \/>\n<meta property=\"og:title\" content=\"AXA Newton-lukko Mini + vaijeri 100\/8 | Voltride\" \/>\n<meta property=\"og:description\" content=\"Etsitk\u00f6 modernia ja kest\u00e4v\u00e4\u00e4 lukkoa py\u00f6r\u00e4llesi tai kevyelle moottoriajoneuvolle? AXA Newton Mini U-lukko tyylikk\u00e4\u00e4ll\u00e4 muotoilulla on t\u00e4ydellinen valinta, erityisesti koska\" \/>\n<meta property=\"og:url\" content=\"https:\/\/voltride.com\/fi\/axa-newton-lukko-mini-vaijeri-100-8\/\" \/>\n<meta property=\"og:site_name\" content=\"Voltride\" \/>\n<meta property=\"article:publisher\" content=\"https:\/\/www.facebook.com\/voltridecom\/\" \/>\n<meta property=\"article:modified_time\" content=\"2026-03-31T21:23:58+00:00\" \/>\n<meta property=\"og:image\" content=\"https:\/\/voltride.com\/wp-content\/uploads\/2026\/03\/e0003276-1.jpg\" \/>\n\t<meta property=\"og:image:width\" content=\"787\" \/>\n\t<meta property=\"og:image:height\" content=\"1181\" \/>\n\t<meta property=\"og:image:type\" content=\"image\/jpeg\" \/>\n<meta name=\"twitter:card\" content=\"summary_large_image\" \/>\n<script type=\"application\/ld+json\" class=\"yoast-schema-graph\">{\"@context\":\"https:\\\/\\\/schema.org\",\"@graph\":[{\"@type\":\"WebPage\",\"@id\":\"https:\\\/\\\/voltride.com\\\/fi\\\/axa-newton-lukko-mini-vaijeri-100-8\\\/\",\"url\":\"https:\\\/\\\/voltride.com\\\/fi\\\/axa-newton-lukko-mini-vaijeri-100-8\\\/\",\"name\":\"AXA Newton-lukko Mini + vaijeri 100\\\/8 | Voltride\",\"isPartOf\":{\"@id\":\"https:\\\/\\\/voltride.com\\\/fi\\\/#website\"},\"primaryImageOfPage\":{\"@id\":\"https:\\\/\\\/voltride.com\\\/fi\\\/axa-newton-lukko-mini-vaijeri-100-8\\\/#primaryimage\"},\"image\":{\"@id\":\"https:\\\/\\\/voltride.com\\\/fi\\\/axa-newton-lukko-mini-vaijeri-100-8\\\/#primaryimage\"},\"thumbnailUrl\":\"https:\\\/\\\/voltride.com\\\/wp-content\\\/uploads\\\/2026\\\/03\\\/e0003276-1.jpg\",\"datePublished\":\"2026-03-26T00:02:48+00:00\",\"dateModified\":\"2026-03-31T21:23:58+00:00\",\"breadcrumb\":{\"@id\":\"https:\\\/\\\/voltride.com\\\/fi\\\/axa-newton-lukko-mini-vaijeri-100-8\\\/#breadcrumb\"},\"inLanguage\":\"fi\",\"potentialAction\":[{\"@type\":\"ReadAction\",\"target\":[\"https:\\\/\\\/voltride.com\\\/fi\\\/axa-newton-lukko-mini-vaijeri-100-8\\\/\"]}]},{\"@type\":\"ImageObject\",\"inLanguage\":\"fi\",\"@id\":\"https:\\\/\\\/voltride.com\\\/fi\\\/axa-newton-lukko-mini-vaijeri-100-8\\\/#primaryimage\",\"url\":\"https:\\\/\\\/voltride.com\\\/wp-content\\\/uploads\\\/2026\\\/03\\\/e0003276-1.jpg\",\"contentUrl\":\"https:\\\/\\\/voltride.com\\\/wp-content\\\/uploads\\\/2026\\\/03\\\/e0003276-1.jpg\",\"width\":787,\"height\":1181},{\"@type\":\"BreadcrumbList\",\"@id\":\"https:\\\/\\\/voltride.com\\\/fi\\\/axa-newton-lukko-mini-vaijeri-100-8\\\/#breadcrumb\",\"itemListElement\":[{\"@type\":\"ListItem\",\"position\":1,\"name\":\"Etusivu\",\"item\":\"https:\\\/\\\/voltride.com\\\/fi\\\/\"},{\"@type\":\"ListItem\",\"position\":2,\"name\":\"Kauppa\",\"item\":\"https:\\\/\\\/voltride.com\\\/shop\\\/\"},{\"@type\":\"ListItem\",\"position\":3,\"name\":\"Lis\u00e4tarvikkeet\",\"item\":\"https:\\\/\\\/voltride.com\\\/fi\\\/lisatarvikkeet\\\/\"},{\"@type\":\"ListItem\",\"position\":4,\"name\":\"Lukot\",\"item\":\"https:\\\/\\\/voltride.com\\\/fi\\\/lukot\\\/\"},{\"@type\":\"ListItem\",\"position\":5,\"name\":\"AXA Newton-lukko Mini + vaijeri 100\\\/8\"}]},{\"@type\":\"WebSite\",\"@id\":\"https:\\\/\\\/voltride.com\\\/fi\\\/#website\",\"url\":\"https:\\\/\\\/voltride.com\\\/fi\\\/\",\"name\":\"Voltride\",\"description\":\"Parim elektrirataste elektrit\u00f5ukside ja \u00fcksrataste pood ja remont\",\"publisher\":{\"@id\":\"https:\\\/\\\/voltride.com\\\/fi\\\/#organization\"},\"alternateName\":\"Vr\",\"potentialAction\":[{\"@type\":\"SearchAction\",\"target\":{\"@type\":\"EntryPoint\",\"urlTemplate\":\"https:\\\/\\\/voltride.com\\\/fi\\\/?s={search_term_string}\"},\"query-input\":{\"@type\":\"PropertyValueSpecification\",\"valueRequired\":true,\"valueName\":\"search_term_string\"}}],\"inLanguage\":\"fi\"},{\"@type\":[\"Organization\",\"Place\"],\"@id\":\"https:\\\/\\\/voltride.com\\\/fi\\\/#organization\",\"name\":\"Voltride\",\"alternateName\":\"VR\",\"url\":\"https:\\\/\\\/voltride.com\\\/fi\\\/\",\"logo\":{\"@id\":\"https:\\\/\\\/voltride.com\\\/fi\\\/axa-newton-lukko-mini-vaijeri-100-8\\\/#local-main-organization-logo\"},\"image\":{\"@id\":\"https:\\\/\\\/voltride.com\\\/fi\\\/axa-newton-lukko-mini-vaijeri-100-8\\\/#local-main-organization-logo\"},\"sameAs\":[\"https:\\\/\\\/www.facebook.com\\\/voltridecom\\\/\"],\"legalName\":\"Voltride O\u00dc\",\"numberOfEmployees\":{\"@type\":\"QuantitativeValue\",\"minValue\":\"1\",\"maxValue\":\"10\"},\"ownershipFundingInfo\":\"https:\\\/\\\/voltride.com\\\/about-us\\\/\",\"hasMerchantReturnPolicy\":{\"@type\":\"MerchantReturnPolicy\",\"merchantReturnLink\":\"https:\\\/\\\/voltride.com\\\/shipping-and-returns\\\/\"},\"address\":{\"@id\":\"https:\\\/\\\/voltride.com\\\/fi\\\/axa-newton-lukko-mini-vaijeri-100-8\\\/#local-main-place-address\"},\"geo\":{\"@type\":\"GeoCoordinates\",\"latitude\":\"59.439554\",\"longitude\":\"24.726644\"},\"telephone\":[\"+372 600 40 99\"],\"contactPoint\":{\"@type\":\"ContactPoint\",\"telephone\":\"+372 600 40 99\",\"email\":\"info@voltride.com\"},\"openingHoursSpecification\":[{\"@type\":\"OpeningHoursSpecification\",\"dayOfWeek\":[\"Monday\",\"Tuesday\",\"Wednesday\",\"Thursday\",\"Friday\"],\"opens\":\"10:00\",\"closes\":\"18:00\"},{\"@type\":\"OpeningHoursSpecification\",\"dayOfWeek\":[\"Saturday\",\"Sunday\"],\"opens\":\"00:00\",\"closes\":\"00:00\"}],\"email\":\"info@voltride.com\",\"taxID\":\"14871968\"},{\"@type\":\"PostalAddress\",\"@id\":\"https:\\\/\\\/voltride.com\\\/fi\\\/axa-newton-lukko-mini-vaijeri-100-8\\\/#local-main-place-address\",\"streetAddress\":\"Voltride Telliskivi 57D\",\"addressLocality\":\"Tallinn\",\"postalCode\":\"10412\",\"addressRegion\":\"Tallinn\",\"addressCountry\":\"EE\"},{\"@type\":\"ImageObject\",\"inLanguage\":\"fi\",\"@id\":\"https:\\\/\\\/voltride.com\\\/fi\\\/axa-newton-lukko-mini-vaijeri-100-8\\\/#local-main-organization-logo\",\"url\":\"https:\\\/\\\/voltride.com\\\/wp-content\\\/uploads\\\/voltride-logo.png\",\"contentUrl\":\"https:\\\/\\\/voltride.com\\\/wp-content\\\/uploads\\\/voltride-logo.png\",\"width\":2481,\"height\":620,\"caption\":\"Voltride\"}]}<\/script>\n<meta property=\"product:price:amount\" content=\"45.99\" \/>\n<meta property=\"product:price:currency\" content=\"EUR\" \/>\n<meta property=\"og:availability\" content=\"out of stock\" \/>\n<meta property=\"product:availability\" content=\"out of stock\" \/>\n<meta property=\"product:retailer_item_id\" content=\"AXLK003\" \/>\n<meta property=\"product:condition\" content=\"new\" \/>\n<meta name=\"geo.placename\" content=\"Tallinn\" \/>\n<meta name=\"geo.position\" content=\"59.439554;24.726644\" \/>\n<meta name=\"geo.region\" content=\"Viro\" \/>\n<!-- \/ Yoast SEO Premium plugin. -->","yoast_head_json":{"title":"AXA Newton-lukko Mini + vaijeri 100\/8 | Voltride","robots":{"index":"index","follow":"follow","max-snippet":"max-snippet:-1","max-image-preview":"max-image-preview:large","max-video-preview":"max-video-preview:-1"},"canonical":"https:\/\/voltride.com\/fi\/axa-newton-lukko-mini-vaijeri-100-8\/","og_locale":"fi_FI","og_type":"article","og_title":"AXA Newton-lukko Mini + vaijeri 100\/8 | Voltride","og_description":"Etsitk\u00f6 modernia ja kest\u00e4v\u00e4\u00e4 lukkoa py\u00f6r\u00e4llesi tai kevyelle moottoriajoneuvolle? AXA Newton Mini U-lukko tyylikk\u00e4\u00e4ll\u00e4 muotoilulla on t\u00e4ydellinen valinta, erityisesti koska","og_url":"https:\/\/voltride.com\/fi\/axa-newton-lukko-mini-vaijeri-100-8\/","og_site_name":"Voltride","article_publisher":"https:\/\/www.facebook.com\/voltridecom\/","article_modified_time":"2026-03-31T21:23:58+00:00","og_image":[{"width":787,"height":1181,"url":"https:\/\/voltride.com\/wp-content\/uploads\/2026\/03\/e0003276-1.jpg","type":"image\/jpeg"}],"twitter_card":"summary_large_image","schema":{"@context":"https:\/\/schema.org","@graph":[{"@type":"WebPage","@id":"https:\/\/voltride.com\/fi\/axa-newton-lukko-mini-vaijeri-100-8\/","url":"https:\/\/voltride.com\/fi\/axa-newton-lukko-mini-vaijeri-100-8\/","name":"AXA Newton-lukko Mini + vaijeri 100\/8 | Voltride","isPartOf":{"@id":"https:\/\/voltride.com\/fi\/#website"},"primaryImageOfPage":{"@id":"https:\/\/voltride.com\/fi\/axa-newton-lukko-mini-vaijeri-100-8\/#primaryimage"},"image":{"@id":"https:\/\/voltride.com\/fi\/axa-newton-lukko-mini-vaijeri-100-8\/#primaryimage"},"thumbnailUrl":"https:\/\/voltride.com\/wp-content\/uploads\/2026\/03\/e0003276-1.jpg","datePublished":"2026-03-26T00:02:48+00:00","dateModified":"2026-03-31T21:23:58+00:00","breadcrumb":{"@id":"https:\/\/voltride.com\/fi\/axa-newton-lukko-mini-vaijeri-100-8\/#breadcrumb"},"inLanguage":"fi","potentialAction":[{"@type":"ReadAction","target":["https:\/\/voltride.com\/fi\/axa-newton-lukko-mini-vaijeri-100-8\/"]}]},{"@type":"ImageObject","inLanguage":"fi","@id":"https:\/\/voltride.com\/fi\/axa-newton-lukko-mini-vaijeri-100-8\/#primaryimage","url":"https:\/\/voltride.com\/wp-content\/uploads\/2026\/03\/e0003276-1.jpg","contentUrl":"https:\/\/voltride.com\/wp-content\/uploads\/2026\/03\/e0003276-1.jpg","width":787,"height":1181},{"@type":"BreadcrumbList","@id":"https:\/\/voltride.com\/fi\/axa-newton-lukko-mini-vaijeri-100-8\/#breadcrumb","itemListElement":[{"@type":"ListItem","position":1,"name":"Etusivu","item":"https:\/\/voltride.com\/fi\/"},{"@type":"ListItem","position":2,"name":"Kauppa","item":"https:\/\/voltride.com\/shop\/"},{"@type":"ListItem","position":3,"name":"Lis\u00e4tarvikkeet","item":"https:\/\/voltride.com\/fi\/lisatarvikkeet\/"},{"@type":"ListItem","position":4,"name":"Lukot","item":"https:\/\/voltride.com\/fi\/lukot\/"},{"@type":"ListItem","position":5,"name":"AXA Newton-lukko Mini + vaijeri 100\/8"}]},{"@type":"WebSite","@id":"https:\/\/voltride.com\/fi\/#website","url":"https:\/\/voltride.com\/fi\/","name":"Voltride","description":"Parim elektrirataste elektrit\u00f5ukside ja \u00fcksrataste pood ja remont","publisher":{"@id":"https:\/\/voltride.com\/fi\/#organization"},"alternateName":"Vr","potentialAction":[{"@type":"SearchAction","target":{"@type":"EntryPoint","urlTemplate":"https:\/\/voltride.com\/fi\/?s={search_term_string}"},"query-input":{"@type":"PropertyValueSpecification","valueRequired":true,"valueName":"search_term_string"}}],"inLanguage":"fi"},{"@type":["Organization","Place"],"@id":"https:\/\/voltride.com\/fi\/#organization","name":"Voltride","alternateName":"VR","url":"https:\/\/voltride.com\/fi\/","logo":{"@id":"https:\/\/voltride.com\/fi\/axa-newton-lukko-mini-vaijeri-100-8\/#local-main-organization-logo"},"image":{"@id":"https:\/\/voltride.com\/fi\/axa-newton-lukko-mini-vaijeri-100-8\/#local-main-organization-logo"},"sameAs":["https:\/\/www.facebook.com\/voltridecom\/"],"legalName":"Voltride O\u00dc","numberOfEmployees":{"@type":"QuantitativeValue","minValue":"1","maxValue":"10"},"ownershipFundingInfo":"https:\/\/voltride.com\/about-us\/","hasMerchantReturnPolicy":{"@type":"MerchantReturnPolicy","merchantReturnLink":"https:\/\/voltride.com\/shipping-and-returns\/"},"address":{"@id":"https:\/\/voltride.com\/fi\/axa-newton-lukko-mini-vaijeri-100-8\/#local-main-place-address"},"geo":{"@type":"GeoCoordinates","latitude":"59.439554","longitude":"24.726644"},"telephone":["+372 600 40 99"],"contactPoint":{"@type":"ContactPoint","telephone":"+372 600 40 99","email":"info@voltride.com"},"openingHoursSpecification":[{"@type":"OpeningHoursSpecification","dayOfWeek":["Monday","Tuesday","Wednesday","Thursday","Friday"],"opens":"10:00","closes":"18:00"},{"@type":"OpeningHoursSpecification","dayOfWeek":["Saturday","Sunday"],"opens":"00:00","closes":"00:00"}],"email":"info@voltride.com","taxID":"14871968"},{"@type":"PostalAddress","@id":"https:\/\/voltride.com\/fi\/axa-newton-lukko-mini-vaijeri-100-8\/#local-main-place-address","streetAddress":"Voltride Telliskivi 57D","addressLocality":"Tallinn","postalCode":"10412","addressRegion":"Tallinn","addressCountry":"EE"},{"@type":"ImageObject","inLanguage":"fi","@id":"https:\/\/voltride.com\/fi\/axa-newton-lukko-mini-vaijeri-100-8\/#local-main-organization-logo","url":"https:\/\/voltride.com\/wp-content\/uploads\/voltride-logo.png","contentUrl":"https:\/\/voltride.com\/wp-content\/uploads\/voltride-logo.png","width":2481,"height":620,"caption":"Voltride"}]},"product_price_amount":"45.99","product_price_currency":"EUR","og_availability":"out of stock","product_availability":"out of stock","product_retailer_item_id":"AXLK003","product_condition":"new","geo.placename":"Tallinn","geo.position":{"lat":"59.439554","long":"24.726644"},"geo.region":"Viro"},"_links":{"self":[{"href":"https:\/\/voltride.com\/fi\/wp-json\/wp\/v2\/product\/20239","targetHints":{"allow":["GET"]}}],"collection":[{"href":"https:\/\/voltride.com\/fi\/wp-json\/wp\/v2\/product"}],"about":[{"href":"https:\/\/voltride.com\/fi\/wp-json\/wp\/v2\/types\/product"}],"replies":[{"embeddable":true,"href":"https:\/\/voltride.com\/fi\/wp-json\/wp\/v2\/comments?post=20239"}],"wp:featuredmedia":[{"embeddable":true,"href":"https:\/\/voltride.com\/fi\/wp-json\/wp\/v2\/media\/20635"}],"wp:attachment":[{"href":"https:\/\/voltride.com\/fi\/wp-json\/wp\/v2\/media?parent=20239"}],"wp:term":[{"taxonomy":"product_brand","embeddable":true,"href":"https:\/\/voltride.com\/fi\/wp-json\/wp\/v2\/product_brand?post=20239"},{"taxonomy":"product_cat","embeddable":true,"href":"https:\/\/voltride.com\/fi\/wp-json\/wp\/v2\/product_cat?post=20239"},{"taxonomy":"product_tag","embeddable":true,"href":"https:\/\/voltride.com\/fi\/wp-json\/wp\/v2\/product_tag?post=20239"}],"curies":[{"name":"wp","href":"https:\/\/api.w.org\/{rel}","templated":true}]}}