{"id":20244,"date":"2026-03-26T02:03:02","date_gmt":"2026-03-26T00:03:02","guid":{"rendered":"https:\/\/voltride.com\/levyjarrun-lukko-halytyksella\/"},"modified":"2026-03-31T23:23:59","modified_gmt":"2026-03-31T21:23:59","slug":"levyjarrun-lukko-halytyksella","status":"publish","type":"product","link":"https:\/\/voltride.com\/fi\/levyjarrun-lukko-halytyksella\/","title":{"rendered":"Levyjarrun lukko h\u00e4lytyksell\u00e4"},"content":{"rendered":"<h2 data-end=\"2426\" data-start=\"2384\" style=\"caret-color: rgb(0, 0, 0); color: rgb(0, 0, 0);\"><strong data-end=\"2424\" data-start=\"2384\">Varaosa: Levyjarrulukko h\u00e4lyttimell\u00e4<\/strong><\/h2>\n<p data-end=\"2426\" data-start=\"2384\" style=\"caret-color: rgb(0, 0, 0); color: rgb(0, 0, 0);\">T\u00e4m\u00e4 varaosa sopii seuraaviin malleihin: Xiaomi M365, Xiaomi S1, Xiaomi Scooter 3, Xiaomi Essential, Xiaomi Pro, Xiaomi Pro 2, Dualtron Mini, Speedway Leger, Speedway Leger Eco, Speedway Leger Pro, GPad Storm (2022\u2013), GPad Storm MAX (2022\u2013), GPad Foxen, GPad Storm (2019\u20132021), GPad Storm MAX (2019\u20132021), Dualtron Spider, Dualtron Spider II, Dualtron Eagle, Dualtron Victor, Dualtron Victor Luxury, Inokim Quick3, Inokim Quick4, Inokim OX Hero, Inokim OX Super, Inokim OX Eco, Inokim OXO, Speedway IV, Speedway V.<\/p>\n<p data-end=\"3123\" data-start=\"2946\" style=\"caret-color: rgb(0, 0, 0); color: rgb(0, 0, 0);\">Jos et ole varma, onko t\u00e4m\u00e4 oikea varaosa sinun ajoneuvoosi, tai sinulla on muita kysymyksi\u00e4 yhteensopivuudesta, ota rohkeasti yhteytt\u00e4 s\u00e4hk\u00f6postitse&nbsp;<strong data-end=\"3120\" data-start=\"3096\"><a class=\"cursor-pointer\" data-end=\"3118\" data-start=\"3098\" rel=\"noopener\">service@voltride.com<\/a><\/strong>.<\/p>\n<p data-end=\"3159\" data-start=\"3125\" style=\"caret-color: rgb(0, 0, 0); color: rgb(0, 0, 0);\">Varaosan valmistaja:&nbsp;<strong data-end=\"3157\" data-start=\"3146\">Generic<\/strong><\/p>\n<h2 data-end=\"3278\" data-start=\"3161\" style=\"caret-color: rgb(0, 0, 0); color: rgb(0, 0, 0);\">Lis\u00e4\u00e4 Generic-varaosia l\u00f6yd\u00e4t t\u00e4\u00e4lt\u00e4.<\/h2>\n<p data-end=\"3278\" data-start=\"3161\" style=\"caret-color: rgb(0, 0, 0); color: rgb(0, 0, 0);\">Kaikki Voltride.comissa myyt\u00e4v\u00e4t Generic-varaosat ovat varastossa Euroopassa.<\/p>\n<h2 data-end=\"3470\" data-start=\"3280\" style=\"caret-color: rgb(0, 0, 0); color: rgb(0, 0, 0);\">Vaikeuksia l\u00f6yt\u00e4\u00e4 oikea varaosa?<\/h2>\n<p data-end=\"3470\" data-start=\"3280\" style=\"caret-color: rgb(0, 0, 0); color: rgb(0, 0, 0);\">Kirjoita meille tai soita numeroon&nbsp;<strong data-end=\"3368\" data-start=\"3350\">+372 600 40 99<\/strong>, niin autamme sinua l\u00f6yt\u00e4m\u00e4\u00e4n oikean osan! Autamme mielell\u00e4mme s\u00e4hk\u00f6skoottereiden varaosien kanssa.<\/p>\n","protected":false},"excerpt":{"rendered":"<p>Varaosa: Levyjarrulukko h\u00e4lyttimell\u00e4 T\u00e4m\u00e4 varaosa sopii seuraaviin malleihin: Xiaomi M365, Xiaomi S1, Xiaomi Scooter 3, Xiaomi Essential, Xiaomi Pro, Xiaomi<\/p>\n","protected":false},"featured_media":20640,"comment_status":"open","ping_status":"closed","template":"","meta":[],"product_brand":[],"product_cat":[711],"product_tag":[1517,1519,1521,1523,1525,1527,1529,1531,1533,1535,1537,1539,1575,1640,1597,1591,1593,1595,1599,1601,1603,1642,1605,1611,1609,1607,1621,1624,1626,1629,1631,1632,1647,1664,1667,1670,1668,1675,1676,1678,1720,1757,1758,1761,1762,1771,1783,1772,1774,1776,1779,1781,1785,1786,1803,1804,1806,1808,1810,1813,1814,1817],"class_list":{"0":"post-20244","1":"product","2":"type-product","3":"status-publish","4":"has-post-thumbnail","6":"product_cat-lukot","7":"product_tag-dualtron-storm","8":"product_tag-dualtron-storm-ltd","9":"product_tag-dualtron-thunder","10":"product_tag-dualtron-thunder-ii","11":"product_tag-dualtron-thunder-iii","12":"product_tag-dualtron-ultra","13":"product_tag-dualtron-ultra-ii","14":"product_tag-dualtron-victor","15":"product_tag-dualtron-victor-luxury","16":"product_tag-dualtron-x","17":"product_tag-dualtron-x-ii","18":"product_tag-dualtron-x-ltd","19":"product_tag-etwow-booster-v","20":"product_tag-gpad-evo-max","21":"product_tag-gpad-f3","22":"product_tag-gpad-f3-max-dt","23":"product_tag-gpad-f3-max-v1","24":"product_tag-gpad-f3-max-v2","25":"product_tag-gpad-foxen-v1","26":"product_tag-gpad-foxen-v2","27":"product_tag-gpad-foxen-v3","28":"product_tag-gpad-joyride","29":"product_tag-gpad-joyride-2021","30":"product_tag-gpad-joyride-eco","31":"product_tag-gpad-joyride-eco-2021","32":"product_tag-gpad-joyride-max","33":"product_tag-gpad-storm-2019-2021","34":"product_tag-gpad-storm-2022","35":"product_tag-gpad-storm-max-2019-2021","36":"product_tag-gpad-storm-max-2022","37":"product_tag-gpad-storm-ultra-2019-2021","38":"product_tag-gpad-storm-ultra-2022","39":"product_tag-inmotion-climber","40":"product_tag-inokim-ox-eco","41":"product_tag-inokim-ox-hero","42":"product_tag-inokim-ox-super","43":"product_tag-inokim-oxo","44":"product_tag-inokim-quick3-hero","45":"product_tag-inokim-quick3-super-2","46":"product_tag-inokim-quick3-super","47":"product_tag-ninebot-e2-pro","48":"product_tag-oolter-eke","49":"product_tag-oolter-etta","50":"product_tag-oolter-torm","51":"product_tag-oolter-torm-s","52":"product_tag-speedway-iv","53":"product_tag-speedway-leger","54":"product_tag-speedway-leger-eco","55":"product_tag-speedway-leger-pro","56":"product_tag-speedway-mini4-36v","57":"product_tag-speedway-mini4-48v","58":"product_tag-speedway-v","59":"product_tag-stigo-bike","60":"product_tag-super-soco-tc","61":"product_tag-vsett-9","62":"product_tag-xiaomi-essential","63":"product_tag-xiaomi-m365","64":"product_tag-xiaomi-pro","65":"product_tag-xiaomi-pro-2","66":"product_tag-xiaomi-pro-4","67":"product_tag-xiaomi-s1","68":"product_tag-xiaomi-scooter-3","70":"first","71":"instock","72":"taxable","73":"shipping-taxable","74":"purchasable","75":"product-type-simple"},"yoast_head":"<!-- This site is optimized with the Yoast SEO Premium plugin v27.3 (Yoast SEO v27.4) - https:\/\/yoast.com\/product\/yoast-seo-premium-wordpress\/ -->\n<title>Levyjarrun lukko h\u00e4lytyksell\u00e4 | Voltride<\/title>\n<meta name=\"robots\" content=\"index, follow, max-snippet:-1, max-image-preview:large, max-video-preview:-1\" \/>\n<link rel=\"canonical\" href=\"https:\/\/voltride.com\/fi\/levyjarrun-lukko-halytyksella\/\" \/>\n<meta property=\"og:locale\" content=\"fi_FI\" \/>\n<meta property=\"og:type\" content=\"article\" \/>\n<meta property=\"og:title\" content=\"Levyjarrun lukko h\u00e4lytyksell\u00e4 | Voltride\" \/>\n<meta property=\"og:description\" content=\"Varaosa: Levyjarrulukko h\u00e4lyttimell\u00e4 T\u00e4m\u00e4 varaosa sopii seuraaviin malleihin: Xiaomi M365, Xiaomi S1, Xiaomi Scooter 3, Xiaomi Essential, Xiaomi Pro, Xiaomi\" \/>\n<meta property=\"og:url\" content=\"https:\/\/voltride.com\/fi\/levyjarrun-lukko-halytyksella\/\" \/>\n<meta property=\"og:site_name\" content=\"Voltride\" \/>\n<meta property=\"article:publisher\" content=\"https:\/\/www.facebook.com\/voltridecom\/\" \/>\n<meta property=\"article:modified_time\" content=\"2026-03-31T21:23:59+00:00\" \/>\n<meta property=\"og:image\" content=\"https:\/\/voltride.com\/wp-content\/uploads\/2026\/03\/fin4ydgxr08kawjgq7akash9poiwlbtfxu0rmzswfbrd5mwmwhqvf9itdjswg9ib-1.png\" \/>\n\t<meta property=\"og:image:width\" content=\"1200\" \/>\n\t<meta property=\"og:image:height\" content=\"1200\" \/>\n\t<meta property=\"og:image:type\" content=\"image\/png\" \/>\n<meta name=\"twitter:card\" content=\"summary_large_image\" \/>\n<script type=\"application\/ld+json\" class=\"yoast-schema-graph\">{\"@context\":\"https:\\\/\\\/schema.org\",\"@graph\":[{\"@type\":\"WebPage\",\"@id\":\"https:\\\/\\\/voltride.com\\\/fi\\\/levyjarrun-lukko-halytyksella\\\/\",\"url\":\"https:\\\/\\\/voltride.com\\\/fi\\\/levyjarrun-lukko-halytyksella\\\/\",\"name\":\"Levyjarrun lukko h\u00e4lytyksell\u00e4 | Voltride\",\"isPartOf\":{\"@id\":\"https:\\\/\\\/voltride.com\\\/fi\\\/#website\"},\"primaryImageOfPage\":{\"@id\":\"https:\\\/\\\/voltride.com\\\/fi\\\/levyjarrun-lukko-halytyksella\\\/#primaryimage\"},\"image\":{\"@id\":\"https:\\\/\\\/voltride.com\\\/fi\\\/levyjarrun-lukko-halytyksella\\\/#primaryimage\"},\"thumbnailUrl\":\"https:\\\/\\\/voltride.com\\\/wp-content\\\/uploads\\\/2026\\\/03\\\/fin4ydgxr08kawjgq7akash9poiwlbtfxu0rmzswfbrd5mwmwhqvf9itdjswg9ib-1.png\",\"datePublished\":\"2026-03-26T00:03:02+00:00\",\"dateModified\":\"2026-03-31T21:23:59+00:00\",\"breadcrumb\":{\"@id\":\"https:\\\/\\\/voltride.com\\\/fi\\\/levyjarrun-lukko-halytyksella\\\/#breadcrumb\"},\"inLanguage\":\"fi\",\"potentialAction\":[{\"@type\":\"ReadAction\",\"target\":[\"https:\\\/\\\/voltride.com\\\/fi\\\/levyjarrun-lukko-halytyksella\\\/\"]}]},{\"@type\":\"ImageObject\",\"inLanguage\":\"fi\",\"@id\":\"https:\\\/\\\/voltride.com\\\/fi\\\/levyjarrun-lukko-halytyksella\\\/#primaryimage\",\"url\":\"https:\\\/\\\/voltride.com\\\/wp-content\\\/uploads\\\/2026\\\/03\\\/fin4ydgxr08kawjgq7akash9poiwlbtfxu0rmzswfbrd5mwmwhqvf9itdjswg9ib-1.png\",\"contentUrl\":\"https:\\\/\\\/voltride.com\\\/wp-content\\\/uploads\\\/2026\\\/03\\\/fin4ydgxr08kawjgq7akash9poiwlbtfxu0rmzswfbrd5mwmwhqvf9itdjswg9ib-1.png\",\"width\":1200,\"height\":1200},{\"@type\":\"BreadcrumbList\",\"@id\":\"https:\\\/\\\/voltride.com\\\/fi\\\/levyjarrun-lukko-halytyksella\\\/#breadcrumb\",\"itemListElement\":[{\"@type\":\"ListItem\",\"position\":1,\"name\":\"Etusivu\",\"item\":\"https:\\\/\\\/voltride.com\\\/fi\\\/\"},{\"@type\":\"ListItem\",\"position\":2,\"name\":\"Kauppa\",\"item\":\"https:\\\/\\\/voltride.com\\\/shop\\\/\"},{\"@type\":\"ListItem\",\"position\":3,\"name\":\"Lis\u00e4tarvikkeet\",\"item\":\"https:\\\/\\\/voltride.com\\\/fi\\\/lisatarvikkeet\\\/\"},{\"@type\":\"ListItem\",\"position\":4,\"name\":\"Lukot\",\"item\":\"https:\\\/\\\/voltride.com\\\/fi\\\/lukot\\\/\"},{\"@type\":\"ListItem\",\"position\":5,\"name\":\"Levyjarrun lukko h\u00e4lytyksell\u00e4\"}]},{\"@type\":\"WebSite\",\"@id\":\"https:\\\/\\\/voltride.com\\\/fi\\\/#website\",\"url\":\"https:\\\/\\\/voltride.com\\\/fi\\\/\",\"name\":\"Voltride\",\"description\":\"Parim elektrirataste elektrit\u00f5ukside ja \u00fcksrataste pood ja remont\",\"publisher\":{\"@id\":\"https:\\\/\\\/voltride.com\\\/fi\\\/#organization\"},\"alternateName\":\"Vr\",\"potentialAction\":[{\"@type\":\"SearchAction\",\"target\":{\"@type\":\"EntryPoint\",\"urlTemplate\":\"https:\\\/\\\/voltride.com\\\/fi\\\/?s={search_term_string}\"},\"query-input\":{\"@type\":\"PropertyValueSpecification\",\"valueRequired\":true,\"valueName\":\"search_term_string\"}}],\"inLanguage\":\"fi\"},{\"@type\":[\"Organization\",\"Place\"],\"@id\":\"https:\\\/\\\/voltride.com\\\/fi\\\/#organization\",\"name\":\"Voltride\",\"alternateName\":\"VR\",\"url\":\"https:\\\/\\\/voltride.com\\\/fi\\\/\",\"logo\":{\"@id\":\"https:\\\/\\\/voltride.com\\\/fi\\\/levyjarrun-lukko-halytyksella\\\/#local-main-organization-logo\"},\"image\":{\"@id\":\"https:\\\/\\\/voltride.com\\\/fi\\\/levyjarrun-lukko-halytyksella\\\/#local-main-organization-logo\"},\"sameAs\":[\"https:\\\/\\\/www.facebook.com\\\/voltridecom\\\/\"],\"legalName\":\"Voltride O\u00dc\",\"numberOfEmployees\":{\"@type\":\"QuantitativeValue\",\"minValue\":\"1\",\"maxValue\":\"10\"},\"ownershipFundingInfo\":\"https:\\\/\\\/voltride.com\\\/about-us\\\/\",\"hasMerchantReturnPolicy\":{\"@type\":\"MerchantReturnPolicy\",\"merchantReturnLink\":\"https:\\\/\\\/voltride.com\\\/shipping-and-returns\\\/\"},\"address\":{\"@id\":\"https:\\\/\\\/voltride.com\\\/fi\\\/levyjarrun-lukko-halytyksella\\\/#local-main-place-address\"},\"geo\":{\"@type\":\"GeoCoordinates\",\"latitude\":\"59.439554\",\"longitude\":\"24.726644\"},\"telephone\":[\"+372 600 40 99\"],\"contactPoint\":{\"@type\":\"ContactPoint\",\"telephone\":\"+372 600 40 99\",\"email\":\"info@voltride.com\"},\"openingHoursSpecification\":[{\"@type\":\"OpeningHoursSpecification\",\"dayOfWeek\":[\"Monday\",\"Tuesday\",\"Wednesday\",\"Thursday\",\"Friday\"],\"opens\":\"10:00\",\"closes\":\"18:00\"},{\"@type\":\"OpeningHoursSpecification\",\"dayOfWeek\":[\"Saturday\",\"Sunday\"],\"opens\":\"00:00\",\"closes\":\"00:00\"}],\"email\":\"info@voltride.com\",\"taxID\":\"14871968\"},{\"@type\":\"PostalAddress\",\"@id\":\"https:\\\/\\\/voltride.com\\\/fi\\\/levyjarrun-lukko-halytyksella\\\/#local-main-place-address\",\"streetAddress\":\"Voltride Telliskivi 57D\",\"addressLocality\":\"Tallinn\",\"postalCode\":\"10412\",\"addressRegion\":\"Tallinn\",\"addressCountry\":\"EE\"},{\"@type\":\"ImageObject\",\"inLanguage\":\"fi\",\"@id\":\"https:\\\/\\\/voltride.com\\\/fi\\\/levyjarrun-lukko-halytyksella\\\/#local-main-organization-logo\",\"url\":\"https:\\\/\\\/voltride.com\\\/wp-content\\\/uploads\\\/voltride-logo.png\",\"contentUrl\":\"https:\\\/\\\/voltride.com\\\/wp-content\\\/uploads\\\/voltride-logo.png\",\"width\":2481,\"height\":620,\"caption\":\"Voltride\"}]}<\/script>\n<meta property=\"product:price:amount\" content=\"40.00\" \/>\n<meta property=\"product:price:currency\" content=\"EUR\" \/>\n<meta property=\"og:availability\" content=\"instock\" \/>\n<meta property=\"product:availability\" content=\"instock\" \/>\n<meta property=\"product:retailer_item_id\" content=\"GELK001\" \/>\n<meta property=\"product:condition\" content=\"new\" \/>\n<meta name=\"geo.placename\" content=\"Tallinn\" \/>\n<meta name=\"geo.position\" content=\"59.439554;24.726644\" \/>\n<meta name=\"geo.region\" content=\"Viro\" \/>\n<!-- \/ Yoast SEO Premium plugin. -->","yoast_head_json":{"title":"Levyjarrun lukko h\u00e4lytyksell\u00e4 | Voltride","robots":{"index":"index","follow":"follow","max-snippet":"max-snippet:-1","max-image-preview":"max-image-preview:large","max-video-preview":"max-video-preview:-1"},"canonical":"https:\/\/voltride.com\/fi\/levyjarrun-lukko-halytyksella\/","og_locale":"fi_FI","og_type":"article","og_title":"Levyjarrun lukko h\u00e4lytyksell\u00e4 | Voltride","og_description":"Varaosa: Levyjarrulukko h\u00e4lyttimell\u00e4 T\u00e4m\u00e4 varaosa sopii seuraaviin malleihin: Xiaomi M365, Xiaomi S1, Xiaomi Scooter 3, Xiaomi Essential, Xiaomi Pro, Xiaomi","og_url":"https:\/\/voltride.com\/fi\/levyjarrun-lukko-halytyksella\/","og_site_name":"Voltride","article_publisher":"https:\/\/www.facebook.com\/voltridecom\/","article_modified_time":"2026-03-31T21:23:59+00:00","og_image":[{"width":1200,"height":1200,"url":"https:\/\/voltride.com\/wp-content\/uploads\/2026\/03\/fin4ydgxr08kawjgq7akash9poiwlbtfxu0rmzswfbrd5mwmwhqvf9itdjswg9ib-1.png","type":"image\/png"}],"twitter_card":"summary_large_image","schema":{"@context":"https:\/\/schema.org","@graph":[{"@type":"WebPage","@id":"https:\/\/voltride.com\/fi\/levyjarrun-lukko-halytyksella\/","url":"https:\/\/voltride.com\/fi\/levyjarrun-lukko-halytyksella\/","name":"Levyjarrun lukko h\u00e4lytyksell\u00e4 | Voltride","isPartOf":{"@id":"https:\/\/voltride.com\/fi\/#website"},"primaryImageOfPage":{"@id":"https:\/\/voltride.com\/fi\/levyjarrun-lukko-halytyksella\/#primaryimage"},"image":{"@id":"https:\/\/voltride.com\/fi\/levyjarrun-lukko-halytyksella\/#primaryimage"},"thumbnailUrl":"https:\/\/voltride.com\/wp-content\/uploads\/2026\/03\/fin4ydgxr08kawjgq7akash9poiwlbtfxu0rmzswfbrd5mwmwhqvf9itdjswg9ib-1.png","datePublished":"2026-03-26T00:03:02+00:00","dateModified":"2026-03-31T21:23:59+00:00","breadcrumb":{"@id":"https:\/\/voltride.com\/fi\/levyjarrun-lukko-halytyksella\/#breadcrumb"},"inLanguage":"fi","potentialAction":[{"@type":"ReadAction","target":["https:\/\/voltride.com\/fi\/levyjarrun-lukko-halytyksella\/"]}]},{"@type":"ImageObject","inLanguage":"fi","@id":"https:\/\/voltride.com\/fi\/levyjarrun-lukko-halytyksella\/#primaryimage","url":"https:\/\/voltride.com\/wp-content\/uploads\/2026\/03\/fin4ydgxr08kawjgq7akash9poiwlbtfxu0rmzswfbrd5mwmwhqvf9itdjswg9ib-1.png","contentUrl":"https:\/\/voltride.com\/wp-content\/uploads\/2026\/03\/fin4ydgxr08kawjgq7akash9poiwlbtfxu0rmzswfbrd5mwmwhqvf9itdjswg9ib-1.png","width":1200,"height":1200},{"@type":"BreadcrumbList","@id":"https:\/\/voltride.com\/fi\/levyjarrun-lukko-halytyksella\/#breadcrumb","itemListElement":[{"@type":"ListItem","position":1,"name":"Etusivu","item":"https:\/\/voltride.com\/fi\/"},{"@type":"ListItem","position":2,"name":"Kauppa","item":"https:\/\/voltride.com\/shop\/"},{"@type":"ListItem","position":3,"name":"Lis\u00e4tarvikkeet","item":"https:\/\/voltride.com\/fi\/lisatarvikkeet\/"},{"@type":"ListItem","position":4,"name":"Lukot","item":"https:\/\/voltride.com\/fi\/lukot\/"},{"@type":"ListItem","position":5,"name":"Levyjarrun lukko h\u00e4lytyksell\u00e4"}]},{"@type":"WebSite","@id":"https:\/\/voltride.com\/fi\/#website","url":"https:\/\/voltride.com\/fi\/","name":"Voltride","description":"Parim elektrirataste elektrit\u00f5ukside ja \u00fcksrataste pood ja remont","publisher":{"@id":"https:\/\/voltride.com\/fi\/#organization"},"alternateName":"Vr","potentialAction":[{"@type":"SearchAction","target":{"@type":"EntryPoint","urlTemplate":"https:\/\/voltride.com\/fi\/?s={search_term_string}"},"query-input":{"@type":"PropertyValueSpecification","valueRequired":true,"valueName":"search_term_string"}}],"inLanguage":"fi"},{"@type":["Organization","Place"],"@id":"https:\/\/voltride.com\/fi\/#organization","name":"Voltride","alternateName":"VR","url":"https:\/\/voltride.com\/fi\/","logo":{"@id":"https:\/\/voltride.com\/fi\/levyjarrun-lukko-halytyksella\/#local-main-organization-logo"},"image":{"@id":"https:\/\/voltride.com\/fi\/levyjarrun-lukko-halytyksella\/#local-main-organization-logo"},"sameAs":["https:\/\/www.facebook.com\/voltridecom\/"],"legalName":"Voltride O\u00dc","numberOfEmployees":{"@type":"QuantitativeValue","minValue":"1","maxValue":"10"},"ownershipFundingInfo":"https:\/\/voltride.com\/about-us\/","hasMerchantReturnPolicy":{"@type":"MerchantReturnPolicy","merchantReturnLink":"https:\/\/voltride.com\/shipping-and-returns\/"},"address":{"@id":"https:\/\/voltride.com\/fi\/levyjarrun-lukko-halytyksella\/#local-main-place-address"},"geo":{"@type":"GeoCoordinates","latitude":"59.439554","longitude":"24.726644"},"telephone":["+372 600 40 99"],"contactPoint":{"@type":"ContactPoint","telephone":"+372 600 40 99","email":"info@voltride.com"},"openingHoursSpecification":[{"@type":"OpeningHoursSpecification","dayOfWeek":["Monday","Tuesday","Wednesday","Thursday","Friday"],"opens":"10:00","closes":"18:00"},{"@type":"OpeningHoursSpecification","dayOfWeek":["Saturday","Sunday"],"opens":"00:00","closes":"00:00"}],"email":"info@voltride.com","taxID":"14871968"},{"@type":"PostalAddress","@id":"https:\/\/voltride.com\/fi\/levyjarrun-lukko-halytyksella\/#local-main-place-address","streetAddress":"Voltride Telliskivi 57D","addressLocality":"Tallinn","postalCode":"10412","addressRegion":"Tallinn","addressCountry":"EE"},{"@type":"ImageObject","inLanguage":"fi","@id":"https:\/\/voltride.com\/fi\/levyjarrun-lukko-halytyksella\/#local-main-organization-logo","url":"https:\/\/voltride.com\/wp-content\/uploads\/voltride-logo.png","contentUrl":"https:\/\/voltride.com\/wp-content\/uploads\/voltride-logo.png","width":2481,"height":620,"caption":"Voltride"}]},"product_price_amount":"40.00","product_price_currency":"EUR","og_availability":"instock","product_availability":"instock","product_retailer_item_id":"GELK001","product_condition":"new","geo.placename":"Tallinn","geo.position":{"lat":"59.439554","long":"24.726644"},"geo.region":"Viro"},"_links":{"self":[{"href":"https:\/\/voltride.com\/fi\/wp-json\/wp\/v2\/product\/20244","targetHints":{"allow":["GET"]}}],"collection":[{"href":"https:\/\/voltride.com\/fi\/wp-json\/wp\/v2\/product"}],"about":[{"href":"https:\/\/voltride.com\/fi\/wp-json\/wp\/v2\/types\/product"}],"replies":[{"embeddable":true,"href":"https:\/\/voltride.com\/fi\/wp-json\/wp\/v2\/comments?post=20244"}],"wp:featuredmedia":[{"embeddable":true,"href":"https:\/\/voltride.com\/fi\/wp-json\/wp\/v2\/media\/20640"}],"wp:attachment":[{"href":"https:\/\/voltride.com\/fi\/wp-json\/wp\/v2\/media?parent=20244"}],"wp:term":[{"taxonomy":"product_brand","embeddable":true,"href":"https:\/\/voltride.com\/fi\/wp-json\/wp\/v2\/product_brand?post=20244"},{"taxonomy":"product_cat","embeddable":true,"href":"https:\/\/voltride.com\/fi\/wp-json\/wp\/v2\/product_cat?post=20244"},{"taxonomy":"product_tag","embeddable":true,"href":"https:\/\/voltride.com\/fi\/wp-json\/wp\/v2\/product_tag?post=20244"}],"curies":[{"name":"wp","href":"https:\/\/api.w.org\/{rel}","templated":true}]}}