{"id":20265,"date":"2026-03-26T02:05:47","date_gmt":"2026-03-26T00:05:47","guid":{"rendered":"https:\/\/voltride.com\/leatt-kyynarpaasuoja-contour-l-xl\/"},"modified":"2026-03-31T23:24:03","modified_gmt":"2026-03-31T21:24:03","slug":"leatt-kyynarpaasuoja-contour-l-xl","status":"publish","type":"product","link":"https:\/\/voltride.com\/fi\/leatt-kyynarpaasuoja-contour-l-xl\/","title":{"rendered":"Leatt Kyyn\u00e4rp\u00e4\u00e4suoja Contour L\/XL"},"content":{"rendered":"<h2 data-end=\"2100\" data-start=\"2055\" style=\"caret-color: rgb(0, 0, 0); color: rgb(0, 0, 0);\">Leatt Kyyn\u00e4rp\u00e4\u00e4suoja Contour<\/h2>\n<p data-end=\"2376\" data-start=\"2102\" style=\"caret-color: rgb(0, 0, 0); color: rgb(0, 0, 0);\">Leatt Contour -kyyn\u00e4rsuojat on uudistettu: niiss\u00e4 on parempi liukupinta, silikonipinnoitettu X-hihna sek\u00e4 erillinen vasemman ja oikean k\u00e4den muotoilu. Ne ovat edelleen kevyet ja ohuet, mutta tarjoavat runsaasti suojaa ja sopivat k\u00e4ytett\u00e4v\u00e4ksi sek\u00e4 paidan alla ett\u00e4 p\u00e4\u00e4ll\u00e4.<\/p>\n<p data-end=\"2397\" data-start=\"2378\" style=\"caret-color: rgb(0, 0, 0); color: rgb(0, 0, 0);\"><strong data-end=\"2395\" data-start=\"2378\">Ominaisuudet:<\/strong><\/p>\n<ul data-end=\"2906\" data-start=\"2398\" style=\"caret-color: rgb(0, 0, 0); color: rgb(0, 0, 0);\">\n<li data-end=\"2453\" data-start=\"2398\">\n<h4 data-end=\"2453\" data-start=\"2400\">3D-muotoilu vasemmalle ja oikealle k\u00e4delle erikseen<\/h4>\n<\/li>\n<li data-end=\"2513\" data-start=\"2454\">\n<p data-end=\"2513\" data-start=\"2456\">Kova kuori + 3DF AirFit hengitt\u00e4v\u00e4 iskunvaimennusvaahto<\/p>\n<\/li>\n<li data-end=\"2564\" data-start=\"2514\">\n<p data-end=\"2564\" data-start=\"2516\">CE-testattu ja hyv\u00e4ksytty: kyyn\u00e4rp\u00e4\u00e4t EN1621-1<\/p>\n<\/li>\n<li data-end=\"2595\" data-start=\"2565\">\n<p data-end=\"2595\" data-start=\"2567\">Parannettu kova liukupinta<\/p>\n<\/li>\n<li data-end=\"2668\" data-start=\"2596\">\n<p data-end=\"2668\" data-start=\"2598\">Liukumaton X-hihna kyyn\u00e4rvarressa, silikonivuoraus hauiksen kohdalla<\/p>\n<\/li>\n<li data-end=\"2708\" data-start=\"2669\">\n<p data-end=\"2708\" data-start=\"2671\">Silikoniprintti kyyn\u00e4rp\u00e4\u00e4n kohdalla<\/p>\n<\/li>\n<li data-end=\"2778\" data-start=\"2709\">\n<p data-end=\"2778\" data-start=\"2711\">MoistureCool- ja AirMesh-kankaat: hengitt\u00e4v\u00e4t ja hajua ehk\u00e4isev\u00e4t<\/p>\n<\/li>\n<li data-end=\"2831\" data-start=\"2779\">\n<p data-end=\"2831\" data-start=\"2781\">Pehme\u00e4t kumireunat lis\u00e4\u00e4v\u00e4t suojaa ja mukavuutta<\/p>\n<\/li>\n<li data-end=\"2883\" data-start=\"2832\">\n<p data-end=\"2883\" data-start=\"2834\">Tuuletusaukot maksimaalista ilmankiertoa varten<\/p>\n<\/li>\n<li data-end=\"2906\" data-start=\"2884\">\n<p data-end=\"2906\" data-start=\"2886\">Myyd\u00e4\u00e4n pareittain<\/p>\n<\/li>\n<\/ul>\n<h4 data-end=\"2940\" data-start=\"2908\" style=\"caret-color: rgb(0, 0, 0); color: rgb(0, 0, 0);\"><strong data-end=\"2938\" data-start=\"2908\">Koot (olkavarren ymp\u00e4rys):<\/strong><\/h4>\n<ul data-end=\"2995\" data-start=\"2941\" style=\"caret-color: rgb(0, 0, 0); color: rgb(0, 0, 0);\">\n<li data-end=\"2958\" data-start=\"2941\">\n<h4 data-end=\"2958\" data-start=\"2943\">S\/M: 22\u201328 cm<\/h4>\n<\/li>\n<li data-end=\"2977\" data-start=\"2959\">\n<p data-end=\"2977\" data-start=\"2961\">L\/XL: 28\u201335 cm<\/p>\n<\/li>\n<li data-end=\"2995\" data-start=\"2978\">\n<p data-end=\"2995\" data-start=\"2980\">XXL: 35\u201341 cm<\/p>\n<\/li>\n<\/ul>\n","protected":false},"excerpt":{"rendered":"<p>Leatt Kyyn\u00e4rp\u00e4\u00e4suoja Contour Leatt Contour -kyyn\u00e4rsuojat on uudistettu: niiss\u00e4 on parempi liukupinta, silikonipinnoitettu X-hihna sek\u00e4 erillinen vasemman ja oikean k\u00e4den<\/p>\n","protected":false},"featured_media":20660,"comment_status":"open","ping_status":"closed","template":"","meta":[],"product_brand":[],"product_cat":[755],"product_tag":[],"class_list":{"0":"post-20265","1":"product","2":"type-product","3":"status-publish","4":"has-post-thumbnail","6":"product_cat-suojavarusteet","8":"first","9":"outofstock","10":"taxable","11":"shipping-taxable","12":"purchasable","13":"product-type-simple"},"yoast_head":"<!-- This site is optimized with the Yoast SEO Premium plugin v27.3 (Yoast SEO v27.4) - https:\/\/yoast.com\/product\/yoast-seo-premium-wordpress\/ -->\n<title>Leatt Kyyn\u00e4rp\u00e4\u00e4suoja Contour L\/XL | Voltride<\/title>\n<meta name=\"robots\" content=\"index, follow, max-snippet:-1, max-image-preview:large, max-video-preview:-1\" \/>\n<link rel=\"canonical\" href=\"https:\/\/voltride.com\/fi\/leatt-kyynarpaasuoja-contour-l-xl\/\" \/>\n<meta property=\"og:locale\" content=\"fi_FI\" \/>\n<meta property=\"og:type\" content=\"article\" \/>\n<meta property=\"og:title\" content=\"Leatt Kyyn\u00e4rp\u00e4\u00e4suoja Contour L\/XL | Voltride\" \/>\n<meta property=\"og:description\" content=\"Leatt Kyyn\u00e4rp\u00e4\u00e4suoja Contour Leatt Contour -kyyn\u00e4rsuojat on uudistettu: niiss\u00e4 on parempi liukupinta, silikonipinnoitettu X-hihna sek\u00e4 erillinen vasemman ja oikean k\u00e4den\" \/>\n<meta property=\"og:url\" content=\"https:\/\/voltride.com\/fi\/leatt-kyynarpaasuoja-contour-l-xl\/\" \/>\n<meta property=\"og:site_name\" content=\"Voltride\" \/>\n<meta property=\"article:publisher\" content=\"https:\/\/www.facebook.com\/voltridecom\/\" \/>\n<meta property=\"article:modified_time\" content=\"2026-03-31T21:24:03+00:00\" \/>\n<meta property=\"og:image\" content=\"https:\/\/voltride.com\/wp-content\/uploads\/2026\/03\/4063-62a04e1233926582277529-ezgifcom-gif-maker-283729-1.jpg\" \/>\n\t<meta property=\"og:image:width\" content=\"1280\" \/>\n\t<meta property=\"og:image:height\" content=\"1280\" \/>\n\t<meta property=\"og:image:type\" content=\"image\/jpeg\" \/>\n<meta name=\"twitter:card\" content=\"summary_large_image\" \/>\n<script type=\"application\/ld+json\" class=\"yoast-schema-graph\">{\"@context\":\"https:\\\/\\\/schema.org\",\"@graph\":[{\"@type\":\"WebPage\",\"@id\":\"https:\\\/\\\/voltride.com\\\/fi\\\/leatt-kyynarpaasuoja-contour-l-xl\\\/\",\"url\":\"https:\\\/\\\/voltride.com\\\/fi\\\/leatt-kyynarpaasuoja-contour-l-xl\\\/\",\"name\":\"Leatt Kyyn\u00e4rp\u00e4\u00e4suoja Contour L\\\/XL | Voltride\",\"isPartOf\":{\"@id\":\"https:\\\/\\\/voltride.com\\\/fi\\\/#website\"},\"primaryImageOfPage\":{\"@id\":\"https:\\\/\\\/voltride.com\\\/fi\\\/leatt-kyynarpaasuoja-contour-l-xl\\\/#primaryimage\"},\"image\":{\"@id\":\"https:\\\/\\\/voltride.com\\\/fi\\\/leatt-kyynarpaasuoja-contour-l-xl\\\/#primaryimage\"},\"thumbnailUrl\":\"https:\\\/\\\/voltride.com\\\/wp-content\\\/uploads\\\/2026\\\/03\\\/4063-62a04e1233926582277529-ezgifcom-gif-maker-283729-1.jpg\",\"datePublished\":\"2026-03-26T00:05:47+00:00\",\"dateModified\":\"2026-03-31T21:24:03+00:00\",\"breadcrumb\":{\"@id\":\"https:\\\/\\\/voltride.com\\\/fi\\\/leatt-kyynarpaasuoja-contour-l-xl\\\/#breadcrumb\"},\"inLanguage\":\"fi\",\"potentialAction\":[{\"@type\":\"ReadAction\",\"target\":[\"https:\\\/\\\/voltride.com\\\/fi\\\/leatt-kyynarpaasuoja-contour-l-xl\\\/\"]}]},{\"@type\":\"ImageObject\",\"inLanguage\":\"fi\",\"@id\":\"https:\\\/\\\/voltride.com\\\/fi\\\/leatt-kyynarpaasuoja-contour-l-xl\\\/#primaryimage\",\"url\":\"https:\\\/\\\/voltride.com\\\/wp-content\\\/uploads\\\/2026\\\/03\\\/4063-62a04e1233926582277529-ezgifcom-gif-maker-283729-1.jpg\",\"contentUrl\":\"https:\\\/\\\/voltride.com\\\/wp-content\\\/uploads\\\/2026\\\/03\\\/4063-62a04e1233926582277529-ezgifcom-gif-maker-283729-1.jpg\",\"width\":1280,\"height\":1280},{\"@type\":\"BreadcrumbList\",\"@id\":\"https:\\\/\\\/voltride.com\\\/fi\\\/leatt-kyynarpaasuoja-contour-l-xl\\\/#breadcrumb\",\"itemListElement\":[{\"@type\":\"ListItem\",\"position\":1,\"name\":\"Etusivu\",\"item\":\"https:\\\/\\\/voltride.com\\\/fi\\\/\"},{\"@type\":\"ListItem\",\"position\":2,\"name\":\"Kauppa\",\"item\":\"https:\\\/\\\/voltride.com\\\/shop\\\/\"},{\"@type\":\"ListItem\",\"position\":3,\"name\":\"Lis\u00e4tarvikkeet\",\"item\":\"https:\\\/\\\/voltride.com\\\/fi\\\/lisatarvikkeet\\\/\"},{\"@type\":\"ListItem\",\"position\":4,\"name\":\"Ihmisten suojavarusteet\",\"item\":\"https:\\\/\\\/voltride.com\\\/fi\\\/suojavarusteet\\\/\"},{\"@type\":\"ListItem\",\"position\":5,\"name\":\"Leatt Kyyn\u00e4rp\u00e4\u00e4suoja Contour L\\\/XL\"}]},{\"@type\":\"WebSite\",\"@id\":\"https:\\\/\\\/voltride.com\\\/fi\\\/#website\",\"url\":\"https:\\\/\\\/voltride.com\\\/fi\\\/\",\"name\":\"Voltride\",\"description\":\"Parim elektrirataste elektrit\u00f5ukside ja \u00fcksrataste pood ja remont\",\"publisher\":{\"@id\":\"https:\\\/\\\/voltride.com\\\/fi\\\/#organization\"},\"alternateName\":\"Vr\",\"potentialAction\":[{\"@type\":\"SearchAction\",\"target\":{\"@type\":\"EntryPoint\",\"urlTemplate\":\"https:\\\/\\\/voltride.com\\\/fi\\\/?s={search_term_string}\"},\"query-input\":{\"@type\":\"PropertyValueSpecification\",\"valueRequired\":true,\"valueName\":\"search_term_string\"}}],\"inLanguage\":\"fi\"},{\"@type\":[\"Organization\",\"Place\"],\"@id\":\"https:\\\/\\\/voltride.com\\\/fi\\\/#organization\",\"name\":\"Voltride\",\"alternateName\":\"VR\",\"url\":\"https:\\\/\\\/voltride.com\\\/fi\\\/\",\"logo\":{\"@id\":\"https:\\\/\\\/voltride.com\\\/fi\\\/leatt-kyynarpaasuoja-contour-l-xl\\\/#local-main-organization-logo\"},\"image\":{\"@id\":\"https:\\\/\\\/voltride.com\\\/fi\\\/leatt-kyynarpaasuoja-contour-l-xl\\\/#local-main-organization-logo\"},\"sameAs\":[\"https:\\\/\\\/www.facebook.com\\\/voltridecom\\\/\"],\"legalName\":\"Voltride O\u00dc\",\"numberOfEmployees\":{\"@type\":\"QuantitativeValue\",\"minValue\":\"1\",\"maxValue\":\"10\"},\"ownershipFundingInfo\":\"https:\\\/\\\/voltride.com\\\/about-us\\\/\",\"hasMerchantReturnPolicy\":{\"@type\":\"MerchantReturnPolicy\",\"merchantReturnLink\":\"https:\\\/\\\/voltride.com\\\/shipping-and-returns\\\/\"},\"address\":{\"@id\":\"https:\\\/\\\/voltride.com\\\/fi\\\/leatt-kyynarpaasuoja-contour-l-xl\\\/#local-main-place-address\"},\"geo\":{\"@type\":\"GeoCoordinates\",\"latitude\":\"59.439554\",\"longitude\":\"24.726644\"},\"telephone\":[\"+372 600 40 99\"],\"contactPoint\":{\"@type\":\"ContactPoint\",\"telephone\":\"+372 600 40 99\",\"email\":\"info@voltride.com\"},\"openingHoursSpecification\":[{\"@type\":\"OpeningHoursSpecification\",\"dayOfWeek\":[\"Monday\",\"Tuesday\",\"Wednesday\",\"Thursday\",\"Friday\"],\"opens\":\"10:00\",\"closes\":\"18:00\"},{\"@type\":\"OpeningHoursSpecification\",\"dayOfWeek\":[\"Saturday\",\"Sunday\"],\"opens\":\"00:00\",\"closes\":\"00:00\"}],\"email\":\"info@voltride.com\",\"taxID\":\"14871968\"},{\"@type\":\"PostalAddress\",\"@id\":\"https:\\\/\\\/voltride.com\\\/fi\\\/leatt-kyynarpaasuoja-contour-l-xl\\\/#local-main-place-address\",\"streetAddress\":\"Voltride Telliskivi 57D\",\"addressLocality\":\"Tallinn\",\"postalCode\":\"10412\",\"addressRegion\":\"Tallinn\",\"addressCountry\":\"EE\"},{\"@type\":\"ImageObject\",\"inLanguage\":\"fi\",\"@id\":\"https:\\\/\\\/voltride.com\\\/fi\\\/leatt-kyynarpaasuoja-contour-l-xl\\\/#local-main-organization-logo\",\"url\":\"https:\\\/\\\/voltride.com\\\/wp-content\\\/uploads\\\/voltride-logo.png\",\"contentUrl\":\"https:\\\/\\\/voltride.com\\\/wp-content\\\/uploads\\\/voltride-logo.png\",\"width\":2481,\"height\":620,\"caption\":\"Voltride\"}]}<\/script>\n<meta property=\"product:price:amount\" content=\"65.99\" \/>\n<meta property=\"product:price:currency\" content=\"EUR\" \/>\n<meta property=\"og:availability\" content=\"out of stock\" \/>\n<meta property=\"product:availability\" content=\"out of stock\" \/>\n<meta property=\"product:retailer_item_id\" content=\"LTSG003\" \/>\n<meta property=\"product:condition\" content=\"new\" \/>\n<meta name=\"geo.placename\" content=\"Tallinn\" \/>\n<meta name=\"geo.position\" content=\"59.439554;24.726644\" \/>\n<meta name=\"geo.region\" content=\"Viro\" \/>\n<!-- \/ Yoast SEO Premium plugin. -->","yoast_head_json":{"title":"Leatt Kyyn\u00e4rp\u00e4\u00e4suoja Contour L\/XL | Voltride","robots":{"index":"index","follow":"follow","max-snippet":"max-snippet:-1","max-image-preview":"max-image-preview:large","max-video-preview":"max-video-preview:-1"},"canonical":"https:\/\/voltride.com\/fi\/leatt-kyynarpaasuoja-contour-l-xl\/","og_locale":"fi_FI","og_type":"article","og_title":"Leatt Kyyn\u00e4rp\u00e4\u00e4suoja Contour L\/XL | Voltride","og_description":"Leatt Kyyn\u00e4rp\u00e4\u00e4suoja Contour Leatt Contour -kyyn\u00e4rsuojat on uudistettu: niiss\u00e4 on parempi liukupinta, silikonipinnoitettu X-hihna sek\u00e4 erillinen vasemman ja oikean k\u00e4den","og_url":"https:\/\/voltride.com\/fi\/leatt-kyynarpaasuoja-contour-l-xl\/","og_site_name":"Voltride","article_publisher":"https:\/\/www.facebook.com\/voltridecom\/","article_modified_time":"2026-03-31T21:24:03+00:00","og_image":[{"width":1280,"height":1280,"url":"https:\/\/voltride.com\/wp-content\/uploads\/2026\/03\/4063-62a04e1233926582277529-ezgifcom-gif-maker-283729-1.jpg","type":"image\/jpeg"}],"twitter_card":"summary_large_image","schema":{"@context":"https:\/\/schema.org","@graph":[{"@type":"WebPage","@id":"https:\/\/voltride.com\/fi\/leatt-kyynarpaasuoja-contour-l-xl\/","url":"https:\/\/voltride.com\/fi\/leatt-kyynarpaasuoja-contour-l-xl\/","name":"Leatt Kyyn\u00e4rp\u00e4\u00e4suoja Contour L\/XL | Voltride","isPartOf":{"@id":"https:\/\/voltride.com\/fi\/#website"},"primaryImageOfPage":{"@id":"https:\/\/voltride.com\/fi\/leatt-kyynarpaasuoja-contour-l-xl\/#primaryimage"},"image":{"@id":"https:\/\/voltride.com\/fi\/leatt-kyynarpaasuoja-contour-l-xl\/#primaryimage"},"thumbnailUrl":"https:\/\/voltride.com\/wp-content\/uploads\/2026\/03\/4063-62a04e1233926582277529-ezgifcom-gif-maker-283729-1.jpg","datePublished":"2026-03-26T00:05:47+00:00","dateModified":"2026-03-31T21:24:03+00:00","breadcrumb":{"@id":"https:\/\/voltride.com\/fi\/leatt-kyynarpaasuoja-contour-l-xl\/#breadcrumb"},"inLanguage":"fi","potentialAction":[{"@type":"ReadAction","target":["https:\/\/voltride.com\/fi\/leatt-kyynarpaasuoja-contour-l-xl\/"]}]},{"@type":"ImageObject","inLanguage":"fi","@id":"https:\/\/voltride.com\/fi\/leatt-kyynarpaasuoja-contour-l-xl\/#primaryimage","url":"https:\/\/voltride.com\/wp-content\/uploads\/2026\/03\/4063-62a04e1233926582277529-ezgifcom-gif-maker-283729-1.jpg","contentUrl":"https:\/\/voltride.com\/wp-content\/uploads\/2026\/03\/4063-62a04e1233926582277529-ezgifcom-gif-maker-283729-1.jpg","width":1280,"height":1280},{"@type":"BreadcrumbList","@id":"https:\/\/voltride.com\/fi\/leatt-kyynarpaasuoja-contour-l-xl\/#breadcrumb","itemListElement":[{"@type":"ListItem","position":1,"name":"Etusivu","item":"https:\/\/voltride.com\/fi\/"},{"@type":"ListItem","position":2,"name":"Kauppa","item":"https:\/\/voltride.com\/shop\/"},{"@type":"ListItem","position":3,"name":"Lis\u00e4tarvikkeet","item":"https:\/\/voltride.com\/fi\/lisatarvikkeet\/"},{"@type":"ListItem","position":4,"name":"Ihmisten suojavarusteet","item":"https:\/\/voltride.com\/fi\/suojavarusteet\/"},{"@type":"ListItem","position":5,"name":"Leatt Kyyn\u00e4rp\u00e4\u00e4suoja Contour L\/XL"}]},{"@type":"WebSite","@id":"https:\/\/voltride.com\/fi\/#website","url":"https:\/\/voltride.com\/fi\/","name":"Voltride","description":"Parim elektrirataste elektrit\u00f5ukside ja \u00fcksrataste pood ja remont","publisher":{"@id":"https:\/\/voltride.com\/fi\/#organization"},"alternateName":"Vr","potentialAction":[{"@type":"SearchAction","target":{"@type":"EntryPoint","urlTemplate":"https:\/\/voltride.com\/fi\/?s={search_term_string}"},"query-input":{"@type":"PropertyValueSpecification","valueRequired":true,"valueName":"search_term_string"}}],"inLanguage":"fi"},{"@type":["Organization","Place"],"@id":"https:\/\/voltride.com\/fi\/#organization","name":"Voltride","alternateName":"VR","url":"https:\/\/voltride.com\/fi\/","logo":{"@id":"https:\/\/voltride.com\/fi\/leatt-kyynarpaasuoja-contour-l-xl\/#local-main-organization-logo"},"image":{"@id":"https:\/\/voltride.com\/fi\/leatt-kyynarpaasuoja-contour-l-xl\/#local-main-organization-logo"},"sameAs":["https:\/\/www.facebook.com\/voltridecom\/"],"legalName":"Voltride O\u00dc","numberOfEmployees":{"@type":"QuantitativeValue","minValue":"1","maxValue":"10"},"ownershipFundingInfo":"https:\/\/voltride.com\/about-us\/","hasMerchantReturnPolicy":{"@type":"MerchantReturnPolicy","merchantReturnLink":"https:\/\/voltride.com\/shipping-and-returns\/"},"address":{"@id":"https:\/\/voltride.com\/fi\/leatt-kyynarpaasuoja-contour-l-xl\/#local-main-place-address"},"geo":{"@type":"GeoCoordinates","latitude":"59.439554","longitude":"24.726644"},"telephone":["+372 600 40 99"],"contactPoint":{"@type":"ContactPoint","telephone":"+372 600 40 99","email":"info@voltride.com"},"openingHoursSpecification":[{"@type":"OpeningHoursSpecification","dayOfWeek":["Monday","Tuesday","Wednesday","Thursday","Friday"],"opens":"10:00","closes":"18:00"},{"@type":"OpeningHoursSpecification","dayOfWeek":["Saturday","Sunday"],"opens":"00:00","closes":"00:00"}],"email":"info@voltride.com","taxID":"14871968"},{"@type":"PostalAddress","@id":"https:\/\/voltride.com\/fi\/leatt-kyynarpaasuoja-contour-l-xl\/#local-main-place-address","streetAddress":"Voltride Telliskivi 57D","addressLocality":"Tallinn","postalCode":"10412","addressRegion":"Tallinn","addressCountry":"EE"},{"@type":"ImageObject","inLanguage":"fi","@id":"https:\/\/voltride.com\/fi\/leatt-kyynarpaasuoja-contour-l-xl\/#local-main-organization-logo","url":"https:\/\/voltride.com\/wp-content\/uploads\/voltride-logo.png","contentUrl":"https:\/\/voltride.com\/wp-content\/uploads\/voltride-logo.png","width":2481,"height":620,"caption":"Voltride"}]},"product_price_amount":"65.99","product_price_currency":"EUR","og_availability":"out of stock","product_availability":"out of stock","product_retailer_item_id":"LTSG003","product_condition":"new","geo.placename":"Tallinn","geo.position":{"lat":"59.439554","long":"24.726644"},"geo.region":"Viro"},"_links":{"self":[{"href":"https:\/\/voltride.com\/fi\/wp-json\/wp\/v2\/product\/20265","targetHints":{"allow":["GET"]}}],"collection":[{"href":"https:\/\/voltride.com\/fi\/wp-json\/wp\/v2\/product"}],"about":[{"href":"https:\/\/voltride.com\/fi\/wp-json\/wp\/v2\/types\/product"}],"replies":[{"embeddable":true,"href":"https:\/\/voltride.com\/fi\/wp-json\/wp\/v2\/comments?post=20265"}],"wp:featuredmedia":[{"embeddable":true,"href":"https:\/\/voltride.com\/fi\/wp-json\/wp\/v2\/media\/20660"}],"wp:attachment":[{"href":"https:\/\/voltride.com\/fi\/wp-json\/wp\/v2\/media?parent=20265"}],"wp:term":[{"taxonomy":"product_brand","embeddable":true,"href":"https:\/\/voltride.com\/fi\/wp-json\/wp\/v2\/product_brand?post=20265"},{"taxonomy":"product_cat","embeddable":true,"href":"https:\/\/voltride.com\/fi\/wp-json\/wp\/v2\/product_cat?post=20265"},{"taxonomy":"product_tag","embeddable":true,"href":"https:\/\/voltride.com\/fi\/wp-json\/wp\/v2\/product_tag?post=20265"}],"curies":[{"name":"wp","href":"https:\/\/api.w.org\/{rel}","templated":true}]}}