{"id":20291,"date":"2026-03-26T02:09:01","date_gmt":"2026-03-26T00:09:01","guid":{"rendered":"https:\/\/voltride.com\/kasineet-kali-mission-l\/"},"modified":"2026-03-31T23:24:09","modified_gmt":"2026-03-31T21:24:09","slug":"kasineet-kali-mission-l","status":"publish","type":"product","link":"https:\/\/voltride.com\/fi\/kasineet-kali-mission-l\/","title":{"rendered":"K\u00e4sineet Kali Mission L"},"content":{"rendered":"<h2 data-end=\"2795\" data-start=\"2475\" style=\"caret-color: rgb(0, 0, 0); color: rgb(0, 0, 0);\"><strong data-end=\"2522\" data-start=\"2489\">Kali Mission -py\u00f6r\u00e4ilyhanskat<\/strong><\/h2>\n<p data-end=\"2795\" data-start=\"2475\" style=\"caret-color: rgb(0, 0, 0); color: rgb(0, 0, 0);\">Kali Mission -hanskat ovat eritt\u00e4in kevyet py\u00f6r\u00e4ilyhanskat, jotka tarjoavat mukavuutta, kest\u00e4vyytt\u00e4 ja erinomaisen ohjaustangon hallinnan. Mikrokuituinen k\u00e4mmen ja hengitt\u00e4v\u00e4 nelisuuntainen spandex k\u00e4den takaosassa takaavat luonnollisen ja tarkan tuntuman ajon aikana.<\/p>\n<p data-end=\"3183\" data-start=\"2797\" style=\"caret-color: rgb(0, 0, 0); color: rgb(0, 0, 0);\">Vahvistetut saumat lis\u00e4\u00e4v\u00e4t k\u00e4ytt\u00f6ik\u00e4\u00e4 ja perforoitu k\u00e4mmen tuo ilmanvaihtoa, pit\u00e4en k\u00e4det viilein\u00e4 pitkill\u00e4kin matkoilla. Joustava kumikiinnitys varmistaa napakan istuvuuden, ja imukykyinen mikrokuituinen peukalo lis\u00e4\u00e4 k\u00e4yt\u00e4nn\u00f6llisyytt\u00e4. Moderneille kuskeille hanskat ovat my\u00f6s kosketusn\u00e4ytt\u00f6yhteensopivat \u2014 silikoniprintti etusormessa ja keskisormessa tuo lis\u00e4\u00e4 pitoa ja tarkkuutta.<\/p>\n<h4 data-end=\"3215\" data-start=\"3185\" style=\"caret-color: rgb(0, 0, 0); color: rgb(0, 0, 0);\"><strong data-end=\"3213\" data-start=\"3185\">T\u00e4rkeimm\u00e4t ominaisuudet:<\/strong><\/h4>\n<ul data-end=\"3571\" data-start=\"3216\" style=\"caret-color: rgb(0, 0, 0); color: rgb(0, 0, 0);\">\n<li data-end=\"3238\" data-start=\"3216\">\n<h4 data-end=\"3238\" data-start=\"3218\">K\u00e4mmen: mikrokuitu<\/h4>\n<\/li>\n<li data-end=\"3278\" data-start=\"3239\">\n<p data-end=\"3278\" data-start=\"3241\">K\u00e4mmenselk\u00e4: nelisuuntainen spandex<\/p>\n<\/li>\n<li data-end=\"3304\" data-start=\"3279\">\n<p data-end=\"3304\" data-start=\"3281\">Kevyet ja hengitt\u00e4v\u00e4t<\/p>\n<\/li>\n<li data-end=\"3352\" data-start=\"3305\">\n<p data-end=\"3352\" data-start=\"3307\">Vahvistetut saumat kest\u00e4vyyden takaamiseksi<\/p>\n<\/li>\n<li data-end=\"3387\" data-start=\"3353\">\n<p data-end=\"3387\" data-start=\"3355\">Perforoitu k\u00e4mmen tuuletukseen<\/p>\n<\/li>\n<li data-end=\"3421\" data-start=\"3388\">\n<p data-end=\"3421\" data-start=\"3390\">Imukykyinen mikrokuitupeukalo<\/p>\n<\/li>\n<li data-end=\"3453\" data-start=\"3422\">\n<p data-end=\"3453\" data-start=\"3424\">Kosketusn\u00e4ytt\u00f6yhteensopivat<\/p>\n<\/li>\n<li data-end=\"3523\" data-start=\"3454\">\n<p data-end=\"3523\" data-start=\"3456\">Silikoniprintti etu- ja keskisormessa paremman pidon takaamiseksi<\/p>\n<\/li>\n<li data-end=\"3550\" data-start=\"3524\">\n<p data-end=\"3550\" data-start=\"3526\">Joustava kumikiinnitys<\/p>\n<\/li>\n<li data-end=\"3571\" data-start=\"3551\">\n<p data-end=\"3571\" data-start=\"3553\">Hoito: k\u00e4sinpesu<\/p>\n<\/li>\n<\/ul>\n<p data-end=\"3682\" data-start=\"3573\" style=\"caret-color: rgb(0, 0, 0); color: rgb(0, 0, 0);\">K\u00e4yt\u00e4nn\u00f6lliset ja mukavat hanskat kuskeille, jotka arvostavat keveytt\u00e4, pitoa ja koko p\u00e4iv\u00e4n suorituskyky\u00e4.<\/p>\n","protected":false},"excerpt":{"rendered":"<p>Kali Mission -py\u00f6r\u00e4ilyhanskat Kali Mission -hanskat ovat eritt\u00e4in kevyet py\u00f6r\u00e4ilyhanskat, jotka tarjoavat mukavuutta, kest\u00e4vyytt\u00e4 ja erinomaisen ohjaustangon hallinnan. Mikrokuituinen k\u00e4mmen<\/p>\n","protected":false},"featured_media":20686,"comment_status":"open","ping_status":"closed","template":"","meta":[],"product_brand":[],"product_cat":[755],"product_tag":[],"class_list":{"0":"post-20291","1":"product","2":"type-product","3":"status-publish","4":"has-post-thumbnail","6":"product_cat-suojavarusteet","8":"first","9":"outofstock","10":"taxable","11":"shipping-taxable","12":"purchasable","13":"product-type-simple"},"yoast_head":"<!-- This site is optimized with the Yoast SEO Premium plugin v27.3 (Yoast SEO v27.5) - https:\/\/yoast.com\/product\/yoast-seo-premium-wordpress\/ -->\n<title>K\u00e4sineet Kali Mission L | Voltride<\/title>\n<meta name=\"robots\" content=\"index, follow, max-snippet:-1, max-image-preview:large, max-video-preview:-1\" \/>\n<link rel=\"canonical\" href=\"https:\/\/voltride.com\/fi\/kasineet-kali-mission-l\/\" \/>\n<meta property=\"og:locale\" content=\"fi_FI\" \/>\n<meta property=\"og:type\" content=\"article\" \/>\n<meta property=\"og:title\" content=\"K\u00e4sineet Kali Mission L | Voltride\" \/>\n<meta property=\"og:description\" content=\"Kali Mission -py\u00f6r\u00e4ilyhanskat Kali Mission -hanskat ovat eritt\u00e4in kevyet py\u00f6r\u00e4ilyhanskat, jotka tarjoavat mukavuutta, kest\u00e4vyytt\u00e4 ja erinomaisen ohjaustangon hallinnan. Mikrokuituinen k\u00e4mmen\" \/>\n<meta property=\"og:url\" content=\"https:\/\/voltride.com\/fi\/kasineet-kali-mission-l\/\" \/>\n<meta property=\"og:site_name\" content=\"Voltride\" \/>\n<meta property=\"article:publisher\" content=\"https:\/\/www.facebook.com\/voltridecom\/\" \/>\n<meta property=\"article:modified_time\" content=\"2026-03-31T21:24:09+00:00\" \/>\n<meta property=\"og:image\" content=\"https:\/\/voltride.com\/wp-content\/uploads\/2026\/03\/3518-68ad69e93d3d0219764852-screenshot-2025-08-26-at-110125-1.png\" \/>\n\t<meta property=\"og:image:width\" content=\"1376\" \/>\n\t<meta property=\"og:image:height\" content=\"1244\" \/>\n\t<meta property=\"og:image:type\" content=\"image\/png\" \/>\n<meta name=\"twitter:card\" content=\"summary_large_image\" \/>\n<script type=\"application\/ld+json\" class=\"yoast-schema-graph\">{\"@context\":\"https:\\\/\\\/schema.org\",\"@graph\":[{\"@type\":\"WebPage\",\"@id\":\"https:\\\/\\\/voltride.com\\\/fi\\\/kasineet-kali-mission-l\\\/\",\"url\":\"https:\\\/\\\/voltride.com\\\/fi\\\/kasineet-kali-mission-l\\\/\",\"name\":\"K\u00e4sineet Kali Mission L | Voltride\",\"isPartOf\":{\"@id\":\"https:\\\/\\\/voltride.com\\\/fi\\\/#website\"},\"primaryImageOfPage\":{\"@id\":\"https:\\\/\\\/voltride.com\\\/fi\\\/kasineet-kali-mission-l\\\/#primaryimage\"},\"image\":{\"@id\":\"https:\\\/\\\/voltride.com\\\/fi\\\/kasineet-kali-mission-l\\\/#primaryimage\"},\"thumbnailUrl\":\"https:\\\/\\\/voltride.com\\\/wp-content\\\/uploads\\\/2026\\\/03\\\/3518-68ad69e93d3d0219764852-screenshot-2025-08-26-at-110125-1.png\",\"datePublished\":\"2026-03-26T00:09:01+00:00\",\"dateModified\":\"2026-03-31T21:24:09+00:00\",\"breadcrumb\":{\"@id\":\"https:\\\/\\\/voltride.com\\\/fi\\\/kasineet-kali-mission-l\\\/#breadcrumb\"},\"inLanguage\":\"fi\",\"potentialAction\":[{\"@type\":\"ReadAction\",\"target\":[\"https:\\\/\\\/voltride.com\\\/fi\\\/kasineet-kali-mission-l\\\/\"]}]},{\"@type\":\"ImageObject\",\"inLanguage\":\"fi\",\"@id\":\"https:\\\/\\\/voltride.com\\\/fi\\\/kasineet-kali-mission-l\\\/#primaryimage\",\"url\":\"https:\\\/\\\/voltride.com\\\/wp-content\\\/uploads\\\/2026\\\/03\\\/3518-68ad69e93d3d0219764852-screenshot-2025-08-26-at-110125-1.png\",\"contentUrl\":\"https:\\\/\\\/voltride.com\\\/wp-content\\\/uploads\\\/2026\\\/03\\\/3518-68ad69e93d3d0219764852-screenshot-2025-08-26-at-110125-1.png\",\"width\":1376,\"height\":1244},{\"@type\":\"BreadcrumbList\",\"@id\":\"https:\\\/\\\/voltride.com\\\/fi\\\/kasineet-kali-mission-l\\\/#breadcrumb\",\"itemListElement\":[{\"@type\":\"ListItem\",\"position\":1,\"name\":\"Etusivu\",\"item\":\"https:\\\/\\\/voltride.com\\\/fi\\\/\"},{\"@type\":\"ListItem\",\"position\":2,\"name\":\"Kauppa\",\"item\":\"https:\\\/\\\/voltride.com\\\/shop\\\/\"},{\"@type\":\"ListItem\",\"position\":3,\"name\":\"Lis\u00e4tarvikkeet\",\"item\":\"https:\\\/\\\/voltride.com\\\/fi\\\/lisatarvikkeet\\\/\"},{\"@type\":\"ListItem\",\"position\":4,\"name\":\"Ihmisten suojavarusteet\",\"item\":\"https:\\\/\\\/voltride.com\\\/fi\\\/suojavarusteet\\\/\"},{\"@type\":\"ListItem\",\"position\":5,\"name\":\"K\u00e4sineet Kali Mission L\"}]},{\"@type\":\"WebSite\",\"@id\":\"https:\\\/\\\/voltride.com\\\/fi\\\/#website\",\"url\":\"https:\\\/\\\/voltride.com\\\/fi\\\/\",\"name\":\"Voltride\",\"description\":\"Parim elektrirataste elektrit\u00f5ukside ja \u00fcksrataste pood ja remont\",\"publisher\":{\"@id\":\"https:\\\/\\\/voltride.com\\\/fi\\\/#organization\"},\"alternateName\":\"Vr\",\"potentialAction\":[{\"@type\":\"SearchAction\",\"target\":{\"@type\":\"EntryPoint\",\"urlTemplate\":\"https:\\\/\\\/voltride.com\\\/fi\\\/?s={search_term_string}\"},\"query-input\":{\"@type\":\"PropertyValueSpecification\",\"valueRequired\":true,\"valueName\":\"search_term_string\"}}],\"inLanguage\":\"fi\"},{\"@type\":[\"Organization\",\"Place\"],\"@id\":\"https:\\\/\\\/voltride.com\\\/fi\\\/#organization\",\"name\":\"Voltride\",\"alternateName\":\"VR\",\"url\":\"https:\\\/\\\/voltride.com\\\/fi\\\/\",\"logo\":{\"@id\":\"https:\\\/\\\/voltride.com\\\/fi\\\/kasineet-kali-mission-l\\\/#local-main-organization-logo\"},\"image\":{\"@id\":\"https:\\\/\\\/voltride.com\\\/fi\\\/kasineet-kali-mission-l\\\/#local-main-organization-logo\"},\"sameAs\":[\"https:\\\/\\\/www.facebook.com\\\/voltridecom\\\/\"],\"legalName\":\"Voltride O\u00dc\",\"numberOfEmployees\":{\"@type\":\"QuantitativeValue\",\"minValue\":\"1\",\"maxValue\":\"10\"},\"ownershipFundingInfo\":\"https:\\\/\\\/voltride.com\\\/about-us\\\/\",\"hasMerchantReturnPolicy\":{\"@type\":\"MerchantReturnPolicy\",\"merchantReturnLink\":\"https:\\\/\\\/voltride.com\\\/shipping-and-returns\\\/\"},\"address\":{\"@id\":\"https:\\\/\\\/voltride.com\\\/fi\\\/kasineet-kali-mission-l\\\/#local-main-place-address\"},\"geo\":{\"@type\":\"GeoCoordinates\",\"latitude\":\"59.439554\",\"longitude\":\"24.726644\"},\"telephone\":[\"+372 600 40 99\"],\"contactPoint\":{\"@type\":\"ContactPoint\",\"telephone\":\"+372 600 40 99\",\"email\":\"info@voltride.com\"},\"openingHoursSpecification\":[{\"@type\":\"OpeningHoursSpecification\",\"dayOfWeek\":[\"Monday\",\"Tuesday\",\"Wednesday\",\"Thursday\",\"Friday\"],\"opens\":\"10:00\",\"closes\":\"18:00\"},{\"@type\":\"OpeningHoursSpecification\",\"dayOfWeek\":[\"Saturday\",\"Sunday\"],\"opens\":\"00:00\",\"closes\":\"00:00\"}],\"email\":\"info@voltride.com\",\"taxID\":\"14871968\"},{\"@type\":\"PostalAddress\",\"@id\":\"https:\\\/\\\/voltride.com\\\/fi\\\/kasineet-kali-mission-l\\\/#local-main-place-address\",\"streetAddress\":\"Voltride Telliskivi 57D\",\"addressLocality\":\"Tallinn\",\"postalCode\":\"10412\",\"addressRegion\":\"Tallinn\",\"addressCountry\":\"EE\"},{\"@type\":\"ImageObject\",\"inLanguage\":\"fi\",\"@id\":\"https:\\\/\\\/voltride.com\\\/fi\\\/kasineet-kali-mission-l\\\/#local-main-organization-logo\",\"url\":\"https:\\\/\\\/voltride.com\\\/wp-content\\\/uploads\\\/voltride-logo.png\",\"contentUrl\":\"https:\\\/\\\/voltride.com\\\/wp-content\\\/uploads\\\/voltride-logo.png\",\"width\":2481,\"height\":620,\"caption\":\"Voltride\"}]}<\/script>\n<meta property=\"product:price:amount\" content=\"25.00\" \/>\n<meta property=\"product:price:currency\" content=\"EUR\" \/>\n<meta property=\"og:availability\" content=\"out of stock\" \/>\n<meta property=\"product:availability\" content=\"out of stock\" \/>\n<meta property=\"product:retailer_item_id\" content=\"KLSG003\" \/>\n<meta property=\"product:condition\" content=\"new\" \/>\n<meta name=\"geo.placename\" content=\"Tallinn\" \/>\n<meta name=\"geo.position\" content=\"59.439554;24.726644\" \/>\n<meta name=\"geo.region\" content=\"Viro\" \/>\n<!-- \/ Yoast SEO Premium plugin. -->","yoast_head_json":{"title":"K\u00e4sineet Kali Mission L | Voltride","robots":{"index":"index","follow":"follow","max-snippet":"max-snippet:-1","max-image-preview":"max-image-preview:large","max-video-preview":"max-video-preview:-1"},"canonical":"https:\/\/voltride.com\/fi\/kasineet-kali-mission-l\/","og_locale":"fi_FI","og_type":"article","og_title":"K\u00e4sineet Kali Mission L | Voltride","og_description":"Kali Mission -py\u00f6r\u00e4ilyhanskat Kali Mission -hanskat ovat eritt\u00e4in kevyet py\u00f6r\u00e4ilyhanskat, jotka tarjoavat mukavuutta, kest\u00e4vyytt\u00e4 ja erinomaisen ohjaustangon hallinnan. Mikrokuituinen k\u00e4mmen","og_url":"https:\/\/voltride.com\/fi\/kasineet-kali-mission-l\/","og_site_name":"Voltride","article_publisher":"https:\/\/www.facebook.com\/voltridecom\/","article_modified_time":"2026-03-31T21:24:09+00:00","og_image":[{"width":1376,"height":1244,"url":"https:\/\/voltride.com\/wp-content\/uploads\/2026\/03\/3518-68ad69e93d3d0219764852-screenshot-2025-08-26-at-110125-1.png","type":"image\/png"}],"twitter_card":"summary_large_image","schema":{"@context":"https:\/\/schema.org","@graph":[{"@type":"WebPage","@id":"https:\/\/voltride.com\/fi\/kasineet-kali-mission-l\/","url":"https:\/\/voltride.com\/fi\/kasineet-kali-mission-l\/","name":"K\u00e4sineet Kali Mission L | Voltride","isPartOf":{"@id":"https:\/\/voltride.com\/fi\/#website"},"primaryImageOfPage":{"@id":"https:\/\/voltride.com\/fi\/kasineet-kali-mission-l\/#primaryimage"},"image":{"@id":"https:\/\/voltride.com\/fi\/kasineet-kali-mission-l\/#primaryimage"},"thumbnailUrl":"https:\/\/voltride.com\/wp-content\/uploads\/2026\/03\/3518-68ad69e93d3d0219764852-screenshot-2025-08-26-at-110125-1.png","datePublished":"2026-03-26T00:09:01+00:00","dateModified":"2026-03-31T21:24:09+00:00","breadcrumb":{"@id":"https:\/\/voltride.com\/fi\/kasineet-kali-mission-l\/#breadcrumb"},"inLanguage":"fi","potentialAction":[{"@type":"ReadAction","target":["https:\/\/voltride.com\/fi\/kasineet-kali-mission-l\/"]}]},{"@type":"ImageObject","inLanguage":"fi","@id":"https:\/\/voltride.com\/fi\/kasineet-kali-mission-l\/#primaryimage","url":"https:\/\/voltride.com\/wp-content\/uploads\/2026\/03\/3518-68ad69e93d3d0219764852-screenshot-2025-08-26-at-110125-1.png","contentUrl":"https:\/\/voltride.com\/wp-content\/uploads\/2026\/03\/3518-68ad69e93d3d0219764852-screenshot-2025-08-26-at-110125-1.png","width":1376,"height":1244},{"@type":"BreadcrumbList","@id":"https:\/\/voltride.com\/fi\/kasineet-kali-mission-l\/#breadcrumb","itemListElement":[{"@type":"ListItem","position":1,"name":"Etusivu","item":"https:\/\/voltride.com\/fi\/"},{"@type":"ListItem","position":2,"name":"Kauppa","item":"https:\/\/voltride.com\/shop\/"},{"@type":"ListItem","position":3,"name":"Lis\u00e4tarvikkeet","item":"https:\/\/voltride.com\/fi\/lisatarvikkeet\/"},{"@type":"ListItem","position":4,"name":"Ihmisten suojavarusteet","item":"https:\/\/voltride.com\/fi\/suojavarusteet\/"},{"@type":"ListItem","position":5,"name":"K\u00e4sineet Kali Mission L"}]},{"@type":"WebSite","@id":"https:\/\/voltride.com\/fi\/#website","url":"https:\/\/voltride.com\/fi\/","name":"Voltride","description":"Parim elektrirataste elektrit\u00f5ukside ja \u00fcksrataste pood ja remont","publisher":{"@id":"https:\/\/voltride.com\/fi\/#organization"},"alternateName":"Vr","potentialAction":[{"@type":"SearchAction","target":{"@type":"EntryPoint","urlTemplate":"https:\/\/voltride.com\/fi\/?s={search_term_string}"},"query-input":{"@type":"PropertyValueSpecification","valueRequired":true,"valueName":"search_term_string"}}],"inLanguage":"fi"},{"@type":["Organization","Place"],"@id":"https:\/\/voltride.com\/fi\/#organization","name":"Voltride","alternateName":"VR","url":"https:\/\/voltride.com\/fi\/","logo":{"@id":"https:\/\/voltride.com\/fi\/kasineet-kali-mission-l\/#local-main-organization-logo"},"image":{"@id":"https:\/\/voltride.com\/fi\/kasineet-kali-mission-l\/#local-main-organization-logo"},"sameAs":["https:\/\/www.facebook.com\/voltridecom\/"],"legalName":"Voltride O\u00dc","numberOfEmployees":{"@type":"QuantitativeValue","minValue":"1","maxValue":"10"},"ownershipFundingInfo":"https:\/\/voltride.com\/about-us\/","hasMerchantReturnPolicy":{"@type":"MerchantReturnPolicy","merchantReturnLink":"https:\/\/voltride.com\/shipping-and-returns\/"},"address":{"@id":"https:\/\/voltride.com\/fi\/kasineet-kali-mission-l\/#local-main-place-address"},"geo":{"@type":"GeoCoordinates","latitude":"59.439554","longitude":"24.726644"},"telephone":["+372 600 40 99"],"contactPoint":{"@type":"ContactPoint","telephone":"+372 600 40 99","email":"info@voltride.com"},"openingHoursSpecification":[{"@type":"OpeningHoursSpecification","dayOfWeek":["Monday","Tuesday","Wednesday","Thursday","Friday"],"opens":"10:00","closes":"18:00"},{"@type":"OpeningHoursSpecification","dayOfWeek":["Saturday","Sunday"],"opens":"00:00","closes":"00:00"}],"email":"info@voltride.com","taxID":"14871968"},{"@type":"PostalAddress","@id":"https:\/\/voltride.com\/fi\/kasineet-kali-mission-l\/#local-main-place-address","streetAddress":"Voltride Telliskivi 57D","addressLocality":"Tallinn","postalCode":"10412","addressRegion":"Tallinn","addressCountry":"EE"},{"@type":"ImageObject","inLanguage":"fi","@id":"https:\/\/voltride.com\/fi\/kasineet-kali-mission-l\/#local-main-organization-logo","url":"https:\/\/voltride.com\/wp-content\/uploads\/voltride-logo.png","contentUrl":"https:\/\/voltride.com\/wp-content\/uploads\/voltride-logo.png","width":2481,"height":620,"caption":"Voltride"}]},"product_price_amount":"25.00","product_price_currency":"EUR","og_availability":"out of stock","product_availability":"out of stock","product_retailer_item_id":"KLSG003","product_condition":"new","geo.placename":"Tallinn","geo.position":{"lat":"59.439554","long":"24.726644"},"geo.region":"Viro"},"_links":{"self":[{"href":"https:\/\/voltride.com\/fi\/wp-json\/wp\/v2\/product\/20291","targetHints":{"allow":["GET"]}}],"collection":[{"href":"https:\/\/voltride.com\/fi\/wp-json\/wp\/v2\/product"}],"about":[{"href":"https:\/\/voltride.com\/fi\/wp-json\/wp\/v2\/types\/product"}],"replies":[{"embeddable":true,"href":"https:\/\/voltride.com\/fi\/wp-json\/wp\/v2\/comments?post=20291"}],"wp:featuredmedia":[{"embeddable":true,"href":"https:\/\/voltride.com\/fi\/wp-json\/wp\/v2\/media\/20686"}],"wp:attachment":[{"href":"https:\/\/voltride.com\/fi\/wp-json\/wp\/v2\/media?parent=20291"}],"wp:term":[{"taxonomy":"product_brand","embeddable":true,"href":"https:\/\/voltride.com\/fi\/wp-json\/wp\/v2\/product_brand?post=20291"},{"taxonomy":"product_cat","embeddable":true,"href":"https:\/\/voltride.com\/fi\/wp-json\/wp\/v2\/product_cat?post=20291"},{"taxonomy":"product_tag","embeddable":true,"href":"https:\/\/voltride.com\/fi\/wp-json\/wp\/v2\/product_tag?post=20291"}],"curies":[{"name":"wp","href":"https:\/\/api.w.org\/{rel}","templated":true}]}}