{"id":20295,"date":"2026-03-26T02:09:13","date_gmt":"2026-03-26T00:09:13","guid":{"rendered":"https:\/\/voltride.com\/lasten-polkupyoran-perakarry-bellelli-trailblazer-rattaret-sininen\/"},"modified":"2026-03-31T23:24:09","modified_gmt":"2026-03-31T21:24:09","slug":"lasten-polkupyoran-perakarry-bellelli-trailblazer-rattaret-sininen","status":"publish","type":"product","link":"https:\/\/voltride.com\/fi\/lasten-polkupyoran-perakarry-bellelli-trailblazer-rattaret-sininen\/","title":{"rendered":"Lasten polkupy\u00f6r\u00e4n per\u00e4k\u00e4rry Bellelli Trailblazer + RATTARET sininen"},"content":{"rendered":"<p data-end=\"3342\" data-start=\"3083\" style=\"caret-color: rgb(0, 0, 0); color: rgb(0, 0, 0);\">Tee py\u00f6r\u00e4retkist\u00e4 mukavampia Bellelli Trailblazerilla. T\u00e4m\u00e4 ei ole vain luotettava lasten py\u00f6r\u00e4k\u00e4rry, vaan se muuttuu hetkess\u00e4 my\u00f6s k\u00e4tev\u00e4ksi rattaaksi. Euroopan tiukkojen standardien mukainen Trailblazer tarjoaa turvallisen ja miellytt\u00e4v\u00e4n kyydin lapsille.<\/p>\n<p data-end=\"3374\" data-start=\"3344\" style=\"caret-color: rgb(0, 0, 0); color: rgb(0, 0, 0);\"><strong data-end=\"3372\" data-start=\"3344\">T\u00e4rkeimm\u00e4t ominaisuudet:<\/strong><\/p>\n<ul data-end=\"4264\" data-start=\"3375\" style=\"caret-color: rgb(0, 0, 0); color: rgb(0, 0, 0);\">\n<li data-end=\"3448\" data-start=\"3375\">\n<p data-end=\"3448\" data-start=\"3377\"><strong data-end=\"3397\" data-start=\"3377\">2-in-1 toiminto:<\/strong>&nbsp;helppo vaihtaa py\u00f6r\u00e4k\u00e4rryn ja rattaiden v\u00e4lill\u00e4.<\/p>\n<\/li>\n<li data-end=\"3538\" data-start=\"3449\">\n<p data-end=\"3538\" data-start=\"3451\"><strong data-end=\"3473\" data-start=\"3451\">Sertifioitu laatu:<\/strong>&nbsp;t\u00e4ytt\u00e4\u00e4 lasten per\u00e4k\u00e4rryille tarkoitetun EN 15918 -standardin.<\/p>\n<\/li>\n<li data-end=\"3635\" data-start=\"3539\">\n<p data-end=\"3635\" data-start=\"3541\"><strong data-end=\"3558\" data-start=\"3541\">Turvallisuus:<\/strong>&nbsp;5-pisteen turvavy\u00f6t molemmille lapsille ja helppok\u00e4ytt\u00f6inen seisontajarru.<\/p>\n<\/li>\n<li data-end=\"3701\" data-start=\"3636\">\n<p data-end=\"3701\" data-start=\"3638\"><strong data-end=\"3651\" data-start=\"3638\">Mukavuus:<\/strong>&nbsp;s\u00e4\u00e4dett\u00e4v\u00e4 jousitus, pehmusteet ja istuintyyny.<\/p>\n<\/li>\n<li data-end=\"3792\" data-start=\"3702\">\n<p data-end=\"3792\" data-start=\"3704\"><strong data-end=\"3714\" data-start=\"3704\">Suoja:<\/strong>&nbsp;hyttysverkko, vedenpit\u00e4v\u00e4 600D polyesterikatto ja l\u00e4pin\u00e4kyv\u00e4 PVC-sadesuoja.<\/p>\n<\/li>\n<li data-end=\"3856\" data-start=\"3793\">\n<p data-end=\"3856\" data-start=\"3795\"><strong data-end=\"3821\" data-start=\"3795\">Monikerroksinen verho:<\/strong>&nbsp;aurinkosuoja ja suojaava verkko.<\/p>\n<\/li>\n<li data-end=\"3934\" data-start=\"3857\">\n<p data-end=\"3934\" data-start=\"3859\"><strong data-end=\"3878\" data-start=\"3859\">Helppo k\u00e4ytt\u00e4\u00e4:<\/strong>&nbsp;20\u2033 py\u00f6r\u00e4t pikakiinnityksell\u00e4, nopea kasaus ja purku.<\/p>\n<\/li>\n<li data-end=\"4005\" data-start=\"3935\">\n<p data-end=\"4005\" data-start=\"3937\"><strong data-end=\"3962\" data-start=\"3937\">Paljon s\u00e4ilytystilaa:<\/strong>&nbsp;iso takalokero ja k\u00e4tev\u00e4 s\u00e4ilytyslaukku.<\/p>\n<\/li>\n<li data-end=\"4116\" data-start=\"4006\">\n<p data-end=\"4116\" data-start=\"4008\"><strong data-end=\"4022\" data-start=\"4008\">Kantavuus:<\/strong>&nbsp;max 32 kg per lapsi, kokonaiskuorma 41 kg. Sopii lapsille, joiden pituus on enint\u00e4\u00e4n 72 cm.<\/p>\n<\/li>\n<li data-end=\"4173\" data-start=\"4117\">\n<p data-end=\"4173\" data-start=\"4119\"><strong data-end=\"4135\" data-start=\"4119\">S\u00e4\u00e4nkest\u00e4v\u00e4:<\/strong>&nbsp;suojaa lapsesi eri s\u00e4\u00e4olosuhteissa.<\/p>\n<\/li>\n<li data-end=\"4264\" data-start=\"4174\">\n<p data-end=\"4264\" data-start=\"4176\"><strong data-end=\"4194\" data-start=\"4176\">Hyv\u00e4 n\u00e4kyvyys:<\/strong>&nbsp;heijastavat raidat sivuilla, oranssi turvalippu ja lis\u00e4heijastimet.<\/p>\n<\/li>\n<\/ul>\n<p data-end=\"4439\" data-start=\"4266\" style=\"caret-color: rgb(0, 0, 0); color: rgb(0, 0, 0);\">Bellelli Trailblazer tekee kauppareissusta, puistok\u00e4ynnist\u00e4 tai pitkist\u00e4 py\u00f6r\u00e4retkist\u00e4 helpompia ja mukavampia. K\u00e4rry matkalla, rattaat perill\u00e4 \u2013 kaikki yhdess\u00e4 paketissa!<\/p>\n","protected":false},"excerpt":{"rendered":"<p>Tee py\u00f6r\u00e4retkist\u00e4 mukavampia Bellelli Trailblazerilla. T\u00e4m\u00e4 ei ole vain luotettava lasten py\u00f6r\u00e4k\u00e4rry, vaan se muuttuu hetkess\u00e4 my\u00f6s k\u00e4tev\u00e4ksi rattaaksi. Euroopan<\/p>\n","protected":false},"featured_media":20690,"comment_status":"open","ping_status":"closed","template":"","meta":[],"product_brand":[],"product_cat":[703],"product_tag":[],"class_list":{"0":"post-20295","1":"product","2":"type-product","3":"status-publish","4":"has-post-thumbnail","6":"product_cat-lastenistuimet-ja-pyorakarryt","8":"first","9":"outofstock","10":"taxable","11":"shipping-taxable","12":"purchasable","13":"product-type-simple"},"yoast_head":"<!-- This site is optimized with the Yoast SEO Premium plugin v27.3 (Yoast SEO v27.5) - https:\/\/yoast.com\/product\/yoast-seo-premium-wordpress\/ -->\n<title>Lasten polkupy\u00f6r\u00e4n per\u00e4k\u00e4rry Bellelli Trailblazer + RATTARET sininen | Voltride<\/title>\n<meta name=\"robots\" content=\"index, follow, max-snippet:-1, max-image-preview:large, max-video-preview:-1\" \/>\n<link rel=\"canonical\" href=\"https:\/\/voltride.com\/fi\/lasten-polkupyoran-perakarry-bellelli-trailblazer-rattaret-sininen\/\" \/>\n<meta property=\"og:locale\" content=\"fi_FI\" \/>\n<meta property=\"og:type\" content=\"article\" \/>\n<meta property=\"og:title\" content=\"Lasten polkupy\u00f6r\u00e4n per\u00e4k\u00e4rry Bellelli Trailblazer + RATTARET sininen | Voltride\" \/>\n<meta property=\"og:description\" content=\"Tee py\u00f6r\u00e4retkist\u00e4 mukavampia Bellelli Trailblazerilla. T\u00e4m\u00e4 ei ole vain luotettava lasten py\u00f6r\u00e4k\u00e4rry, vaan se muuttuu hetkess\u00e4 my\u00f6s k\u00e4tev\u00e4ksi rattaaksi. Euroopan\" \/>\n<meta property=\"og:url\" content=\"https:\/\/voltride.com\/fi\/lasten-polkupyoran-perakarry-bellelli-trailblazer-rattaret-sininen\/\" \/>\n<meta property=\"og:site_name\" content=\"Voltride\" \/>\n<meta property=\"article:publisher\" content=\"https:\/\/www.facebook.com\/voltridecom\/\" \/>\n<meta property=\"article:modified_time\" content=\"2026-03-31T21:24:09+00:00\" \/>\n<meta property=\"og:image\" content=\"https:\/\/voltride.com\/wp-content\/uploads\/2026\/03\/lastekaru-bellelli-trailblazer-2-1.jpg\" \/>\n\t<meta property=\"og:image:width\" content=\"1000\" \/>\n\t<meta property=\"og:image:height\" content=\"600\" \/>\n\t<meta property=\"og:image:type\" content=\"image\/jpeg\" \/>\n<meta name=\"twitter:card\" content=\"summary_large_image\" \/>\n<script type=\"application\/ld+json\" class=\"yoast-schema-graph\">{\"@context\":\"https:\\\/\\\/schema.org\",\"@graph\":[{\"@type\":\"WebPage\",\"@id\":\"https:\\\/\\\/voltride.com\\\/fi\\\/lasten-polkupyoran-perakarry-bellelli-trailblazer-rattaret-sininen\\\/\",\"url\":\"https:\\\/\\\/voltride.com\\\/fi\\\/lasten-polkupyoran-perakarry-bellelli-trailblazer-rattaret-sininen\\\/\",\"name\":\"Lasten polkupy\u00f6r\u00e4n per\u00e4k\u00e4rry Bellelli Trailblazer + RATTARET sininen | Voltride\",\"isPartOf\":{\"@id\":\"https:\\\/\\\/voltride.com\\\/fi\\\/#website\"},\"primaryImageOfPage\":{\"@id\":\"https:\\\/\\\/voltride.com\\\/fi\\\/lasten-polkupyoran-perakarry-bellelli-trailblazer-rattaret-sininen\\\/#primaryimage\"},\"image\":{\"@id\":\"https:\\\/\\\/voltride.com\\\/fi\\\/lasten-polkupyoran-perakarry-bellelli-trailblazer-rattaret-sininen\\\/#primaryimage\"},\"thumbnailUrl\":\"https:\\\/\\\/voltride.com\\\/wp-content\\\/uploads\\\/2026\\\/03\\\/lastekaru-bellelli-trailblazer-2-1.jpg\",\"datePublished\":\"2026-03-26T00:09:13+00:00\",\"dateModified\":\"2026-03-31T21:24:09+00:00\",\"breadcrumb\":{\"@id\":\"https:\\\/\\\/voltride.com\\\/fi\\\/lasten-polkupyoran-perakarry-bellelli-trailblazer-rattaret-sininen\\\/#breadcrumb\"},\"inLanguage\":\"fi\",\"potentialAction\":[{\"@type\":\"ReadAction\",\"target\":[\"https:\\\/\\\/voltride.com\\\/fi\\\/lasten-polkupyoran-perakarry-bellelli-trailblazer-rattaret-sininen\\\/\"]}]},{\"@type\":\"ImageObject\",\"inLanguage\":\"fi\",\"@id\":\"https:\\\/\\\/voltride.com\\\/fi\\\/lasten-polkupyoran-perakarry-bellelli-trailblazer-rattaret-sininen\\\/#primaryimage\",\"url\":\"https:\\\/\\\/voltride.com\\\/wp-content\\\/uploads\\\/2026\\\/03\\\/lastekaru-bellelli-trailblazer-2-1.jpg\",\"contentUrl\":\"https:\\\/\\\/voltride.com\\\/wp-content\\\/uploads\\\/2026\\\/03\\\/lastekaru-bellelli-trailblazer-2-1.jpg\",\"width\":1000,\"height\":600},{\"@type\":\"BreadcrumbList\",\"@id\":\"https:\\\/\\\/voltride.com\\\/fi\\\/lasten-polkupyoran-perakarry-bellelli-trailblazer-rattaret-sininen\\\/#breadcrumb\",\"itemListElement\":[{\"@type\":\"ListItem\",\"position\":1,\"name\":\"Etusivu\",\"item\":\"https:\\\/\\\/voltride.com\\\/fi\\\/\"},{\"@type\":\"ListItem\",\"position\":2,\"name\":\"Kauppa\",\"item\":\"https:\\\/\\\/voltride.com\\\/shop\\\/\"},{\"@type\":\"ListItem\",\"position\":3,\"name\":\"Lis\u00e4tarvikkeet\",\"item\":\"https:\\\/\\\/voltride.com\\\/fi\\\/lisatarvikkeet\\\/\"},{\"@type\":\"ListItem\",\"position\":4,\"name\":\"Lastenistuimet ja py\u00f6r\u00e4k\u00e4rryt\",\"item\":\"https:\\\/\\\/voltride.com\\\/fi\\\/lastenistuimet-ja-pyorakarryt\\\/\"},{\"@type\":\"ListItem\",\"position\":5,\"name\":\"Lasten polkupy\u00f6r\u00e4n per\u00e4k\u00e4rry Bellelli Trailblazer + RATTARET sininen\"}]},{\"@type\":\"WebSite\",\"@id\":\"https:\\\/\\\/voltride.com\\\/fi\\\/#website\",\"url\":\"https:\\\/\\\/voltride.com\\\/fi\\\/\",\"name\":\"Voltride\",\"description\":\"Parim elektrirataste elektrit\u00f5ukside ja \u00fcksrataste pood ja remont\",\"publisher\":{\"@id\":\"https:\\\/\\\/voltride.com\\\/fi\\\/#organization\"},\"alternateName\":\"Vr\",\"potentialAction\":[{\"@type\":\"SearchAction\",\"target\":{\"@type\":\"EntryPoint\",\"urlTemplate\":\"https:\\\/\\\/voltride.com\\\/fi\\\/?s={search_term_string}\"},\"query-input\":{\"@type\":\"PropertyValueSpecification\",\"valueRequired\":true,\"valueName\":\"search_term_string\"}}],\"inLanguage\":\"fi\"},{\"@type\":[\"Organization\",\"Place\"],\"@id\":\"https:\\\/\\\/voltride.com\\\/fi\\\/#organization\",\"name\":\"Voltride\",\"alternateName\":\"VR\",\"url\":\"https:\\\/\\\/voltride.com\\\/fi\\\/\",\"logo\":{\"@id\":\"https:\\\/\\\/voltride.com\\\/fi\\\/lasten-polkupyoran-perakarry-bellelli-trailblazer-rattaret-sininen\\\/#local-main-organization-logo\"},\"image\":{\"@id\":\"https:\\\/\\\/voltride.com\\\/fi\\\/lasten-polkupyoran-perakarry-bellelli-trailblazer-rattaret-sininen\\\/#local-main-organization-logo\"},\"sameAs\":[\"https:\\\/\\\/www.facebook.com\\\/voltridecom\\\/\"],\"legalName\":\"Voltride O\u00dc\",\"numberOfEmployees\":{\"@type\":\"QuantitativeValue\",\"minValue\":\"1\",\"maxValue\":\"10\"},\"ownershipFundingInfo\":\"https:\\\/\\\/voltride.com\\\/about-us\\\/\",\"hasMerchantReturnPolicy\":{\"@type\":\"MerchantReturnPolicy\",\"merchantReturnLink\":\"https:\\\/\\\/voltride.com\\\/shipping-and-returns\\\/\"},\"address\":{\"@id\":\"https:\\\/\\\/voltride.com\\\/fi\\\/lasten-polkupyoran-perakarry-bellelli-trailblazer-rattaret-sininen\\\/#local-main-place-address\"},\"geo\":{\"@type\":\"GeoCoordinates\",\"latitude\":\"59.439554\",\"longitude\":\"24.726644\"},\"telephone\":[\"+372 600 40 99\"],\"contactPoint\":{\"@type\":\"ContactPoint\",\"telephone\":\"+372 600 40 99\",\"email\":\"info@voltride.com\"},\"openingHoursSpecification\":[{\"@type\":\"OpeningHoursSpecification\",\"dayOfWeek\":[\"Monday\",\"Tuesday\",\"Wednesday\",\"Thursday\",\"Friday\"],\"opens\":\"10:00\",\"closes\":\"18:00\"},{\"@type\":\"OpeningHoursSpecification\",\"dayOfWeek\":[\"Saturday\",\"Sunday\"],\"opens\":\"00:00\",\"closes\":\"00:00\"}],\"email\":\"info@voltride.com\",\"taxID\":\"14871968\"},{\"@type\":\"PostalAddress\",\"@id\":\"https:\\\/\\\/voltride.com\\\/fi\\\/lasten-polkupyoran-perakarry-bellelli-trailblazer-rattaret-sininen\\\/#local-main-place-address\",\"streetAddress\":\"Voltride Telliskivi 57D\",\"addressLocality\":\"Tallinn\",\"postalCode\":\"10412\",\"addressRegion\":\"Tallinn\",\"addressCountry\":\"EE\"},{\"@type\":\"ImageObject\",\"inLanguage\":\"fi\",\"@id\":\"https:\\\/\\\/voltride.com\\\/fi\\\/lasten-polkupyoran-perakarry-bellelli-trailblazer-rattaret-sininen\\\/#local-main-organization-logo\",\"url\":\"https:\\\/\\\/voltride.com\\\/wp-content\\\/uploads\\\/voltride-logo.png\",\"contentUrl\":\"https:\\\/\\\/voltride.com\\\/wp-content\\\/uploads\\\/voltride-logo.png\",\"width\":2481,\"height\":620,\"caption\":\"Voltride\"}]}<\/script>\n<meta property=\"product:price:amount\" content=\"499.99\" \/>\n<meta property=\"product:price:currency\" content=\"EUR\" \/>\n<meta property=\"og:availability\" content=\"out of stock\" \/>\n<meta property=\"product:availability\" content=\"out of stock\" \/>\n<meta property=\"product:retailer_item_id\" content=\"BLCT001\" \/>\n<meta property=\"product:condition\" content=\"new\" \/>\n<meta name=\"geo.placename\" content=\"Tallinn\" \/>\n<meta name=\"geo.position\" content=\"59.439554;24.726644\" \/>\n<meta name=\"geo.region\" content=\"Viro\" \/>\n<!-- \/ Yoast SEO Premium plugin. -->","yoast_head_json":{"title":"Lasten polkupy\u00f6r\u00e4n per\u00e4k\u00e4rry Bellelli Trailblazer + RATTARET sininen | Voltride","robots":{"index":"index","follow":"follow","max-snippet":"max-snippet:-1","max-image-preview":"max-image-preview:large","max-video-preview":"max-video-preview:-1"},"canonical":"https:\/\/voltride.com\/fi\/lasten-polkupyoran-perakarry-bellelli-trailblazer-rattaret-sininen\/","og_locale":"fi_FI","og_type":"article","og_title":"Lasten polkupy\u00f6r\u00e4n per\u00e4k\u00e4rry Bellelli Trailblazer + RATTARET sininen | Voltride","og_description":"Tee py\u00f6r\u00e4retkist\u00e4 mukavampia Bellelli Trailblazerilla. T\u00e4m\u00e4 ei ole vain luotettava lasten py\u00f6r\u00e4k\u00e4rry, vaan se muuttuu hetkess\u00e4 my\u00f6s k\u00e4tev\u00e4ksi rattaaksi. Euroopan","og_url":"https:\/\/voltride.com\/fi\/lasten-polkupyoran-perakarry-bellelli-trailblazer-rattaret-sininen\/","og_site_name":"Voltride","article_publisher":"https:\/\/www.facebook.com\/voltridecom\/","article_modified_time":"2026-03-31T21:24:09+00:00","og_image":[{"width":1000,"height":600,"url":"https:\/\/voltride.com\/wp-content\/uploads\/2026\/03\/lastekaru-bellelli-trailblazer-2-1.jpg","type":"image\/jpeg"}],"twitter_card":"summary_large_image","schema":{"@context":"https:\/\/schema.org","@graph":[{"@type":"WebPage","@id":"https:\/\/voltride.com\/fi\/lasten-polkupyoran-perakarry-bellelli-trailblazer-rattaret-sininen\/","url":"https:\/\/voltride.com\/fi\/lasten-polkupyoran-perakarry-bellelli-trailblazer-rattaret-sininen\/","name":"Lasten polkupy\u00f6r\u00e4n per\u00e4k\u00e4rry Bellelli Trailblazer + RATTARET sininen | Voltride","isPartOf":{"@id":"https:\/\/voltride.com\/fi\/#website"},"primaryImageOfPage":{"@id":"https:\/\/voltride.com\/fi\/lasten-polkupyoran-perakarry-bellelli-trailblazer-rattaret-sininen\/#primaryimage"},"image":{"@id":"https:\/\/voltride.com\/fi\/lasten-polkupyoran-perakarry-bellelli-trailblazer-rattaret-sininen\/#primaryimage"},"thumbnailUrl":"https:\/\/voltride.com\/wp-content\/uploads\/2026\/03\/lastekaru-bellelli-trailblazer-2-1.jpg","datePublished":"2026-03-26T00:09:13+00:00","dateModified":"2026-03-31T21:24:09+00:00","breadcrumb":{"@id":"https:\/\/voltride.com\/fi\/lasten-polkupyoran-perakarry-bellelli-trailblazer-rattaret-sininen\/#breadcrumb"},"inLanguage":"fi","potentialAction":[{"@type":"ReadAction","target":["https:\/\/voltride.com\/fi\/lasten-polkupyoran-perakarry-bellelli-trailblazer-rattaret-sininen\/"]}]},{"@type":"ImageObject","inLanguage":"fi","@id":"https:\/\/voltride.com\/fi\/lasten-polkupyoran-perakarry-bellelli-trailblazer-rattaret-sininen\/#primaryimage","url":"https:\/\/voltride.com\/wp-content\/uploads\/2026\/03\/lastekaru-bellelli-trailblazer-2-1.jpg","contentUrl":"https:\/\/voltride.com\/wp-content\/uploads\/2026\/03\/lastekaru-bellelli-trailblazer-2-1.jpg","width":1000,"height":600},{"@type":"BreadcrumbList","@id":"https:\/\/voltride.com\/fi\/lasten-polkupyoran-perakarry-bellelli-trailblazer-rattaret-sininen\/#breadcrumb","itemListElement":[{"@type":"ListItem","position":1,"name":"Etusivu","item":"https:\/\/voltride.com\/fi\/"},{"@type":"ListItem","position":2,"name":"Kauppa","item":"https:\/\/voltride.com\/shop\/"},{"@type":"ListItem","position":3,"name":"Lis\u00e4tarvikkeet","item":"https:\/\/voltride.com\/fi\/lisatarvikkeet\/"},{"@type":"ListItem","position":4,"name":"Lastenistuimet ja py\u00f6r\u00e4k\u00e4rryt","item":"https:\/\/voltride.com\/fi\/lastenistuimet-ja-pyorakarryt\/"},{"@type":"ListItem","position":5,"name":"Lasten polkupy\u00f6r\u00e4n per\u00e4k\u00e4rry Bellelli Trailblazer + RATTARET sininen"}]},{"@type":"WebSite","@id":"https:\/\/voltride.com\/fi\/#website","url":"https:\/\/voltride.com\/fi\/","name":"Voltride","description":"Parim elektrirataste elektrit\u00f5ukside ja \u00fcksrataste pood ja remont","publisher":{"@id":"https:\/\/voltride.com\/fi\/#organization"},"alternateName":"Vr","potentialAction":[{"@type":"SearchAction","target":{"@type":"EntryPoint","urlTemplate":"https:\/\/voltride.com\/fi\/?s={search_term_string}"},"query-input":{"@type":"PropertyValueSpecification","valueRequired":true,"valueName":"search_term_string"}}],"inLanguage":"fi"},{"@type":["Organization","Place"],"@id":"https:\/\/voltride.com\/fi\/#organization","name":"Voltride","alternateName":"VR","url":"https:\/\/voltride.com\/fi\/","logo":{"@id":"https:\/\/voltride.com\/fi\/lasten-polkupyoran-perakarry-bellelli-trailblazer-rattaret-sininen\/#local-main-organization-logo"},"image":{"@id":"https:\/\/voltride.com\/fi\/lasten-polkupyoran-perakarry-bellelli-trailblazer-rattaret-sininen\/#local-main-organization-logo"},"sameAs":["https:\/\/www.facebook.com\/voltridecom\/"],"legalName":"Voltride O\u00dc","numberOfEmployees":{"@type":"QuantitativeValue","minValue":"1","maxValue":"10"},"ownershipFundingInfo":"https:\/\/voltride.com\/about-us\/","hasMerchantReturnPolicy":{"@type":"MerchantReturnPolicy","merchantReturnLink":"https:\/\/voltride.com\/shipping-and-returns\/"},"address":{"@id":"https:\/\/voltride.com\/fi\/lasten-polkupyoran-perakarry-bellelli-trailblazer-rattaret-sininen\/#local-main-place-address"},"geo":{"@type":"GeoCoordinates","latitude":"59.439554","longitude":"24.726644"},"telephone":["+372 600 40 99"],"contactPoint":{"@type":"ContactPoint","telephone":"+372 600 40 99","email":"info@voltride.com"},"openingHoursSpecification":[{"@type":"OpeningHoursSpecification","dayOfWeek":["Monday","Tuesday","Wednesday","Thursday","Friday"],"opens":"10:00","closes":"18:00"},{"@type":"OpeningHoursSpecification","dayOfWeek":["Saturday","Sunday"],"opens":"00:00","closes":"00:00"}],"email":"info@voltride.com","taxID":"14871968"},{"@type":"PostalAddress","@id":"https:\/\/voltride.com\/fi\/lasten-polkupyoran-perakarry-bellelli-trailblazer-rattaret-sininen\/#local-main-place-address","streetAddress":"Voltride Telliskivi 57D","addressLocality":"Tallinn","postalCode":"10412","addressRegion":"Tallinn","addressCountry":"EE"},{"@type":"ImageObject","inLanguage":"fi","@id":"https:\/\/voltride.com\/fi\/lasten-polkupyoran-perakarry-bellelli-trailblazer-rattaret-sininen\/#local-main-organization-logo","url":"https:\/\/voltride.com\/wp-content\/uploads\/voltride-logo.png","contentUrl":"https:\/\/voltride.com\/wp-content\/uploads\/voltride-logo.png","width":2481,"height":620,"caption":"Voltride"}]},"product_price_amount":"499.99","product_price_currency":"EUR","og_availability":"out of stock","product_availability":"out of stock","product_retailer_item_id":"BLCT001","product_condition":"new","geo.placename":"Tallinn","geo.position":{"lat":"59.439554","long":"24.726644"},"geo.region":"Viro"},"_links":{"self":[{"href":"https:\/\/voltride.com\/fi\/wp-json\/wp\/v2\/product\/20295","targetHints":{"allow":["GET"]}}],"collection":[{"href":"https:\/\/voltride.com\/fi\/wp-json\/wp\/v2\/product"}],"about":[{"href":"https:\/\/voltride.com\/fi\/wp-json\/wp\/v2\/types\/product"}],"replies":[{"embeddable":true,"href":"https:\/\/voltride.com\/fi\/wp-json\/wp\/v2\/comments?post=20295"}],"wp:featuredmedia":[{"embeddable":true,"href":"https:\/\/voltride.com\/fi\/wp-json\/wp\/v2\/media\/20690"}],"wp:attachment":[{"href":"https:\/\/voltride.com\/fi\/wp-json\/wp\/v2\/media?parent=20295"}],"wp:term":[{"taxonomy":"product_brand","embeddable":true,"href":"https:\/\/voltride.com\/fi\/wp-json\/wp\/v2\/product_brand?post=20295"},{"taxonomy":"product_cat","embeddable":true,"href":"https:\/\/voltride.com\/fi\/wp-json\/wp\/v2\/product_cat?post=20295"},{"taxonomy":"product_tag","embeddable":true,"href":"https:\/\/voltride.com\/fi\/wp-json\/wp\/v2\/product_tag?post=20295"}],"curies":[{"name":"wp","href":"https:\/\/api.w.org\/{rel}","templated":true}]}}