{"id":20299,"date":"2026-03-26T02:09:27","date_gmt":"2026-03-26T00:09:27","guid":{"rendered":"https:\/\/voltride.com\/kantolaukku-leijulaudalle-10-musta\/"},"modified":"2026-03-31T23:24:11","modified_gmt":"2026-03-31T21:24:11","slug":"kantolaukku-leijulaudalle-10-musta","status":"publish","type":"product","link":"https:\/\/voltride.com\/fi\/kantolaukku-leijulaudalle-10-musta\/","title":{"rendered":"Kantolaukku leijulaudalle 10&#8243; musta"},"content":{"rendered":"<p style=\"margin: 0px; font-style: normal; font-variant-caps: normal; font-width: normal; line-height: normal; font-family: &quot;Helvetica Neue&quot;; font-size-adjust: none; font-kerning: auto; font-variant-alternates: normal; font-variant-ligatures: normal; font-variant-numeric: normal; font-variant-east-asian: normal; font-variant-position: normal; font-variant-emoji: normal; font-feature-settings: normal; font-optical-sizing: auto; font-variation-settings: normal;\">10-tuumaisen hoverboardin kantolaukku on k\u00e4yt\u00e4nn\u00f6llinen ratkaisu laitteen s\u00e4ilytt\u00e4miseen ja kuljettamiseen turvallisesti ja mukavasti. Kest\u00e4v\u00e4st\u00e4 materiaalista valmistettu laukku suojaa hoverboardia p\u00f6lylt\u00e4, naarmuilta ja pienilt\u00e4 iskuilta matkalla tai varastoinnin aikana.<br \/> &nbsp;<\/p>\n<p style=\"margin: 0px; font-style: normal; font-variant-caps: normal; font-width: normal; line-height: normal; font-family: &quot;Helvetica Neue&quot;; font-size-adjust: none; font-kerning: auto; font-variant-alternates: normal; font-variant-ligatures: normal; font-variant-numeric: normal; font-variant-east-asian: normal; font-variant-position: normal; font-variant-emoji: normal; font-feature-settings: normal; font-optical-sizing: auto; font-variation-settings: normal;\">Tukevat kantokahvat ja luotettava vetoketjusuljin tekev\u00e4t kuljettamisesta helppoa \u2013 olitpa menossa harjoituksiin, liikkeell\u00e4 kaupungissa tai vain s\u00e4ilyt\u00e4t laitetta kotona. Kevyt ja taitettava muotoilu tekee laukusta k\u00e4tev\u00e4n s\u00e4ilytt\u00e4\u00e4, kun se ei ole k\u00e4yt\u00f6ss\u00e4.<br \/> &nbsp;<\/p>\n<p style=\"margin: 0px; font-style: normal; font-variant-caps: normal; font-width: normal; line-height: normal; font-family: &quot;Helvetica Neue&quot;; font-size-adjust: none; font-kerning: auto; font-variant-alternates: normal; font-variant-ligatures: normal; font-variant-numeric: normal; font-variant-east-asian: normal; font-variant-position: normal; font-variant-emoji: normal; font-feature-settings: normal; font-optical-sizing: auto; font-variation-settings: normal;\">Luotettava ja toimiva lis\u00e4varuste, joka pit\u00e4\u00e4 hoverboardisi suojattuna ja helposti mukana kuljetettavana.<\/p>\n","protected":false},"excerpt":{"rendered":"<p>10-tuumaisen hoverboardin kantolaukku on k\u00e4yt\u00e4nn\u00f6llinen ratkaisu laitteen s\u00e4ilytt\u00e4miseen ja kuljettamiseen turvallisesti ja mukavasti. Kest\u00e4v\u00e4st\u00e4 materiaalista valmistettu laukku suojaa hoverboardia p\u00f6lylt\u00e4,<\/p>\n","protected":false},"featured_media":20694,"comment_status":"open","ping_status":"closed","template":"","meta":[],"product_brand":[],"product_cat":[697],"product_tag":[],"class_list":{"0":"post-20299","1":"product","2":"type-product","3":"status-publish","4":"has-post-thumbnail","6":"product_cat-korit-ja-tavaratelineet","8":"first","9":"outofstock","10":"taxable","11":"shipping-taxable","12":"purchasable","13":"product-type-simple"},"yoast_head":"<!-- This site is optimized with the Yoast SEO Premium plugin v27.3 (Yoast SEO v27.4) - https:\/\/yoast.com\/product\/yoast-seo-premium-wordpress\/ -->\n<title>Kantolaukku leijulaudalle 10&quot; musta | Voltride<\/title>\n<meta name=\"robots\" content=\"index, follow, max-snippet:-1, max-image-preview:large, max-video-preview:-1\" \/>\n<link rel=\"canonical\" href=\"https:\/\/voltride.com\/fi\/kantolaukku-leijulaudalle-10-musta\/\" \/>\n<meta property=\"og:locale\" content=\"fi_FI\" \/>\n<meta property=\"og:type\" content=\"article\" \/>\n<meta property=\"og:title\" content=\"Kantolaukku leijulaudalle 10&quot; musta | Voltride\" \/>\n<meta property=\"og:description\" content=\"10-tuumaisen hoverboardin kantolaukku on k\u00e4yt\u00e4nn\u00f6llinen ratkaisu laitteen s\u00e4ilytt\u00e4miseen ja kuljettamiseen turvallisesti ja mukavasti. Kest\u00e4v\u00e4st\u00e4 materiaalista valmistettu laukku suojaa hoverboardia p\u00f6lylt\u00e4,\" \/>\n<meta property=\"og:url\" content=\"https:\/\/voltride.com\/fi\/kantolaukku-leijulaudalle-10-musta\/\" \/>\n<meta property=\"og:site_name\" content=\"Voltride\" \/>\n<meta property=\"article:publisher\" content=\"https:\/\/www.facebook.com\/voltridecom\/\" \/>\n<meta property=\"article:modified_time\" content=\"2026-03-31T21:24:11+00:00\" \/>\n<meta property=\"og:image\" content=\"https:\/\/voltride.com\/wp-content\/uploads\/2026\/03\/596-5daeed1623638339899178-tasakaaluliikuri-kandekott-10222c-must-1.jpg\" \/>\n\t<meta property=\"og:image:width\" content=\"1000\" \/>\n\t<meta property=\"og:image:height\" content=\"1000\" \/>\n\t<meta property=\"og:image:type\" content=\"image\/jpeg\" \/>\n<meta name=\"twitter:card\" content=\"summary_large_image\" \/>\n<script type=\"application\/ld+json\" class=\"yoast-schema-graph\">{\"@context\":\"https:\\\/\\\/schema.org\",\"@graph\":[{\"@type\":\"WebPage\",\"@id\":\"https:\\\/\\\/voltride.com\\\/fi\\\/kantolaukku-leijulaudalle-10-musta\\\/\",\"url\":\"https:\\\/\\\/voltride.com\\\/fi\\\/kantolaukku-leijulaudalle-10-musta\\\/\",\"name\":\"Kantolaukku leijulaudalle 10\\\" musta | Voltride\",\"isPartOf\":{\"@id\":\"https:\\\/\\\/voltride.com\\\/fi\\\/#website\"},\"primaryImageOfPage\":{\"@id\":\"https:\\\/\\\/voltride.com\\\/fi\\\/kantolaukku-leijulaudalle-10-musta\\\/#primaryimage\"},\"image\":{\"@id\":\"https:\\\/\\\/voltride.com\\\/fi\\\/kantolaukku-leijulaudalle-10-musta\\\/#primaryimage\"},\"thumbnailUrl\":\"https:\\\/\\\/voltride.com\\\/wp-content\\\/uploads\\\/2026\\\/03\\\/596-5daeed1623638339899178-tasakaaluliikuri-kandekott-10222c-must-1.jpg\",\"datePublished\":\"2026-03-26T00:09:27+00:00\",\"dateModified\":\"2026-03-31T21:24:11+00:00\",\"breadcrumb\":{\"@id\":\"https:\\\/\\\/voltride.com\\\/fi\\\/kantolaukku-leijulaudalle-10-musta\\\/#breadcrumb\"},\"inLanguage\":\"fi\",\"potentialAction\":[{\"@type\":\"ReadAction\",\"target\":[\"https:\\\/\\\/voltride.com\\\/fi\\\/kantolaukku-leijulaudalle-10-musta\\\/\"]}]},{\"@type\":\"ImageObject\",\"inLanguage\":\"fi\",\"@id\":\"https:\\\/\\\/voltride.com\\\/fi\\\/kantolaukku-leijulaudalle-10-musta\\\/#primaryimage\",\"url\":\"https:\\\/\\\/voltride.com\\\/wp-content\\\/uploads\\\/2026\\\/03\\\/596-5daeed1623638339899178-tasakaaluliikuri-kandekott-10222c-must-1.jpg\",\"contentUrl\":\"https:\\\/\\\/voltride.com\\\/wp-content\\\/uploads\\\/2026\\\/03\\\/596-5daeed1623638339899178-tasakaaluliikuri-kandekott-10222c-must-1.jpg\",\"width\":1000,\"height\":1000},{\"@type\":\"BreadcrumbList\",\"@id\":\"https:\\\/\\\/voltride.com\\\/fi\\\/kantolaukku-leijulaudalle-10-musta\\\/#breadcrumb\",\"itemListElement\":[{\"@type\":\"ListItem\",\"position\":1,\"name\":\"Etusivu\",\"item\":\"https:\\\/\\\/voltride.com\\\/fi\\\/\"},{\"@type\":\"ListItem\",\"position\":2,\"name\":\"Kauppa\",\"item\":\"https:\\\/\\\/voltride.com\\\/shop\\\/\"},{\"@type\":\"ListItem\",\"position\":3,\"name\":\"Lis\u00e4tarvikkeet\",\"item\":\"https:\\\/\\\/voltride.com\\\/fi\\\/lisatarvikkeet\\\/\"},{\"@type\":\"ListItem\",\"position\":4,\"name\":\"Korit ja Tavaratelineet\",\"item\":\"https:\\\/\\\/voltride.com\\\/fi\\\/korit-ja-tavaratelineet\\\/\"},{\"@type\":\"ListItem\",\"position\":5,\"name\":\"Kantolaukku leijulaudalle 10&#8243; musta\"}]},{\"@type\":\"WebSite\",\"@id\":\"https:\\\/\\\/voltride.com\\\/fi\\\/#website\",\"url\":\"https:\\\/\\\/voltride.com\\\/fi\\\/\",\"name\":\"Voltride\",\"description\":\"Parim elektrirataste elektrit\u00f5ukside ja \u00fcksrataste pood ja remont\",\"publisher\":{\"@id\":\"https:\\\/\\\/voltride.com\\\/fi\\\/#organization\"},\"alternateName\":\"Vr\",\"potentialAction\":[{\"@type\":\"SearchAction\",\"target\":{\"@type\":\"EntryPoint\",\"urlTemplate\":\"https:\\\/\\\/voltride.com\\\/fi\\\/?s={search_term_string}\"},\"query-input\":{\"@type\":\"PropertyValueSpecification\",\"valueRequired\":true,\"valueName\":\"search_term_string\"}}],\"inLanguage\":\"fi\"},{\"@type\":[\"Organization\",\"Place\"],\"@id\":\"https:\\\/\\\/voltride.com\\\/fi\\\/#organization\",\"name\":\"Voltride\",\"alternateName\":\"VR\",\"url\":\"https:\\\/\\\/voltride.com\\\/fi\\\/\",\"logo\":{\"@id\":\"https:\\\/\\\/voltride.com\\\/fi\\\/kantolaukku-leijulaudalle-10-musta\\\/#local-main-organization-logo\"},\"image\":{\"@id\":\"https:\\\/\\\/voltride.com\\\/fi\\\/kantolaukku-leijulaudalle-10-musta\\\/#local-main-organization-logo\"},\"sameAs\":[\"https:\\\/\\\/www.facebook.com\\\/voltridecom\\\/\"],\"legalName\":\"Voltride O\u00dc\",\"numberOfEmployees\":{\"@type\":\"QuantitativeValue\",\"minValue\":\"1\",\"maxValue\":\"10\"},\"ownershipFundingInfo\":\"https:\\\/\\\/voltride.com\\\/about-us\\\/\",\"hasMerchantReturnPolicy\":{\"@type\":\"MerchantReturnPolicy\",\"merchantReturnLink\":\"https:\\\/\\\/voltride.com\\\/shipping-and-returns\\\/\"},\"address\":{\"@id\":\"https:\\\/\\\/voltride.com\\\/fi\\\/kantolaukku-leijulaudalle-10-musta\\\/#local-main-place-address\"},\"geo\":{\"@type\":\"GeoCoordinates\",\"latitude\":\"59.439554\",\"longitude\":\"24.726644\"},\"telephone\":[\"+372 600 40 99\"],\"contactPoint\":{\"@type\":\"ContactPoint\",\"telephone\":\"+372 600 40 99\",\"email\":\"info@voltride.com\"},\"openingHoursSpecification\":[{\"@type\":\"OpeningHoursSpecification\",\"dayOfWeek\":[\"Monday\",\"Tuesday\",\"Wednesday\",\"Thursday\",\"Friday\"],\"opens\":\"10:00\",\"closes\":\"18:00\"},{\"@type\":\"OpeningHoursSpecification\",\"dayOfWeek\":[\"Saturday\",\"Sunday\"],\"opens\":\"00:00\",\"closes\":\"00:00\"}],\"email\":\"info@voltride.com\",\"taxID\":\"14871968\"},{\"@type\":\"PostalAddress\",\"@id\":\"https:\\\/\\\/voltride.com\\\/fi\\\/kantolaukku-leijulaudalle-10-musta\\\/#local-main-place-address\",\"streetAddress\":\"Voltride Telliskivi 57D\",\"addressLocality\":\"Tallinn\",\"postalCode\":\"10412\",\"addressRegion\":\"Tallinn\",\"addressCountry\":\"EE\"},{\"@type\":\"ImageObject\",\"inLanguage\":\"fi\",\"@id\":\"https:\\\/\\\/voltride.com\\\/fi\\\/kantolaukku-leijulaudalle-10-musta\\\/#local-main-organization-logo\",\"url\":\"https:\\\/\\\/voltride.com\\\/wp-content\\\/uploads\\\/voltride-logo.png\",\"contentUrl\":\"https:\\\/\\\/voltride.com\\\/wp-content\\\/uploads\\\/voltride-logo.png\",\"width\":2481,\"height\":620,\"caption\":\"Voltride\"}]}<\/script>\n<meta property=\"product:price:amount\" content=\"15.99\" \/>\n<meta property=\"product:price:currency\" content=\"EUR\" \/>\n<meta property=\"og:availability\" content=\"out of stock\" \/>\n<meta property=\"product:availability\" content=\"out of stock\" \/>\n<meta property=\"product:retailer_item_id\" content=\"GPBG005\" \/>\n<meta property=\"product:condition\" content=\"new\" \/>\n<meta name=\"geo.placename\" content=\"Tallinn\" \/>\n<meta name=\"geo.position\" content=\"59.439554;24.726644\" \/>\n<meta name=\"geo.region\" content=\"Viro\" \/>\n<!-- \/ Yoast SEO Premium plugin. -->","yoast_head_json":{"title":"Kantolaukku leijulaudalle 10\" musta | Voltride","robots":{"index":"index","follow":"follow","max-snippet":"max-snippet:-1","max-image-preview":"max-image-preview:large","max-video-preview":"max-video-preview:-1"},"canonical":"https:\/\/voltride.com\/fi\/kantolaukku-leijulaudalle-10-musta\/","og_locale":"fi_FI","og_type":"article","og_title":"Kantolaukku leijulaudalle 10\" musta | Voltride","og_description":"10-tuumaisen hoverboardin kantolaukku on k\u00e4yt\u00e4nn\u00f6llinen ratkaisu laitteen s\u00e4ilytt\u00e4miseen ja kuljettamiseen turvallisesti ja mukavasti. Kest\u00e4v\u00e4st\u00e4 materiaalista valmistettu laukku suojaa hoverboardia p\u00f6lylt\u00e4,","og_url":"https:\/\/voltride.com\/fi\/kantolaukku-leijulaudalle-10-musta\/","og_site_name":"Voltride","article_publisher":"https:\/\/www.facebook.com\/voltridecom\/","article_modified_time":"2026-03-31T21:24:11+00:00","og_image":[{"width":1000,"height":1000,"url":"https:\/\/voltride.com\/wp-content\/uploads\/2026\/03\/596-5daeed1623638339899178-tasakaaluliikuri-kandekott-10222c-must-1.jpg","type":"image\/jpeg"}],"twitter_card":"summary_large_image","schema":{"@context":"https:\/\/schema.org","@graph":[{"@type":"WebPage","@id":"https:\/\/voltride.com\/fi\/kantolaukku-leijulaudalle-10-musta\/","url":"https:\/\/voltride.com\/fi\/kantolaukku-leijulaudalle-10-musta\/","name":"Kantolaukku leijulaudalle 10\" musta | Voltride","isPartOf":{"@id":"https:\/\/voltride.com\/fi\/#website"},"primaryImageOfPage":{"@id":"https:\/\/voltride.com\/fi\/kantolaukku-leijulaudalle-10-musta\/#primaryimage"},"image":{"@id":"https:\/\/voltride.com\/fi\/kantolaukku-leijulaudalle-10-musta\/#primaryimage"},"thumbnailUrl":"https:\/\/voltride.com\/wp-content\/uploads\/2026\/03\/596-5daeed1623638339899178-tasakaaluliikuri-kandekott-10222c-must-1.jpg","datePublished":"2026-03-26T00:09:27+00:00","dateModified":"2026-03-31T21:24:11+00:00","breadcrumb":{"@id":"https:\/\/voltride.com\/fi\/kantolaukku-leijulaudalle-10-musta\/#breadcrumb"},"inLanguage":"fi","potentialAction":[{"@type":"ReadAction","target":["https:\/\/voltride.com\/fi\/kantolaukku-leijulaudalle-10-musta\/"]}]},{"@type":"ImageObject","inLanguage":"fi","@id":"https:\/\/voltride.com\/fi\/kantolaukku-leijulaudalle-10-musta\/#primaryimage","url":"https:\/\/voltride.com\/wp-content\/uploads\/2026\/03\/596-5daeed1623638339899178-tasakaaluliikuri-kandekott-10222c-must-1.jpg","contentUrl":"https:\/\/voltride.com\/wp-content\/uploads\/2026\/03\/596-5daeed1623638339899178-tasakaaluliikuri-kandekott-10222c-must-1.jpg","width":1000,"height":1000},{"@type":"BreadcrumbList","@id":"https:\/\/voltride.com\/fi\/kantolaukku-leijulaudalle-10-musta\/#breadcrumb","itemListElement":[{"@type":"ListItem","position":1,"name":"Etusivu","item":"https:\/\/voltride.com\/fi\/"},{"@type":"ListItem","position":2,"name":"Kauppa","item":"https:\/\/voltride.com\/shop\/"},{"@type":"ListItem","position":3,"name":"Lis\u00e4tarvikkeet","item":"https:\/\/voltride.com\/fi\/lisatarvikkeet\/"},{"@type":"ListItem","position":4,"name":"Korit ja Tavaratelineet","item":"https:\/\/voltride.com\/fi\/korit-ja-tavaratelineet\/"},{"@type":"ListItem","position":5,"name":"Kantolaukku leijulaudalle 10&#8243; musta"}]},{"@type":"WebSite","@id":"https:\/\/voltride.com\/fi\/#website","url":"https:\/\/voltride.com\/fi\/","name":"Voltride","description":"Parim elektrirataste elektrit\u00f5ukside ja \u00fcksrataste pood ja remont","publisher":{"@id":"https:\/\/voltride.com\/fi\/#organization"},"alternateName":"Vr","potentialAction":[{"@type":"SearchAction","target":{"@type":"EntryPoint","urlTemplate":"https:\/\/voltride.com\/fi\/?s={search_term_string}"},"query-input":{"@type":"PropertyValueSpecification","valueRequired":true,"valueName":"search_term_string"}}],"inLanguage":"fi"},{"@type":["Organization","Place"],"@id":"https:\/\/voltride.com\/fi\/#organization","name":"Voltride","alternateName":"VR","url":"https:\/\/voltride.com\/fi\/","logo":{"@id":"https:\/\/voltride.com\/fi\/kantolaukku-leijulaudalle-10-musta\/#local-main-organization-logo"},"image":{"@id":"https:\/\/voltride.com\/fi\/kantolaukku-leijulaudalle-10-musta\/#local-main-organization-logo"},"sameAs":["https:\/\/www.facebook.com\/voltridecom\/"],"legalName":"Voltride O\u00dc","numberOfEmployees":{"@type":"QuantitativeValue","minValue":"1","maxValue":"10"},"ownershipFundingInfo":"https:\/\/voltride.com\/about-us\/","hasMerchantReturnPolicy":{"@type":"MerchantReturnPolicy","merchantReturnLink":"https:\/\/voltride.com\/shipping-and-returns\/"},"address":{"@id":"https:\/\/voltride.com\/fi\/kantolaukku-leijulaudalle-10-musta\/#local-main-place-address"},"geo":{"@type":"GeoCoordinates","latitude":"59.439554","longitude":"24.726644"},"telephone":["+372 600 40 99"],"contactPoint":{"@type":"ContactPoint","telephone":"+372 600 40 99","email":"info@voltride.com"},"openingHoursSpecification":[{"@type":"OpeningHoursSpecification","dayOfWeek":["Monday","Tuesday","Wednesday","Thursday","Friday"],"opens":"10:00","closes":"18:00"},{"@type":"OpeningHoursSpecification","dayOfWeek":["Saturday","Sunday"],"opens":"00:00","closes":"00:00"}],"email":"info@voltride.com","taxID":"14871968"},{"@type":"PostalAddress","@id":"https:\/\/voltride.com\/fi\/kantolaukku-leijulaudalle-10-musta\/#local-main-place-address","streetAddress":"Voltride Telliskivi 57D","addressLocality":"Tallinn","postalCode":"10412","addressRegion":"Tallinn","addressCountry":"EE"},{"@type":"ImageObject","inLanguage":"fi","@id":"https:\/\/voltride.com\/fi\/kantolaukku-leijulaudalle-10-musta\/#local-main-organization-logo","url":"https:\/\/voltride.com\/wp-content\/uploads\/voltride-logo.png","contentUrl":"https:\/\/voltride.com\/wp-content\/uploads\/voltride-logo.png","width":2481,"height":620,"caption":"Voltride"}]},"product_price_amount":"15.99","product_price_currency":"EUR","og_availability":"out of stock","product_availability":"out of stock","product_retailer_item_id":"GPBG005","product_condition":"new","geo.placename":"Tallinn","geo.position":{"lat":"59.439554","long":"24.726644"},"geo.region":"Viro"},"_links":{"self":[{"href":"https:\/\/voltride.com\/fi\/wp-json\/wp\/v2\/product\/20299","targetHints":{"allow":["GET"]}}],"collection":[{"href":"https:\/\/voltride.com\/fi\/wp-json\/wp\/v2\/product"}],"about":[{"href":"https:\/\/voltride.com\/fi\/wp-json\/wp\/v2\/types\/product"}],"replies":[{"embeddable":true,"href":"https:\/\/voltride.com\/fi\/wp-json\/wp\/v2\/comments?post=20299"}],"wp:featuredmedia":[{"embeddable":true,"href":"https:\/\/voltride.com\/fi\/wp-json\/wp\/v2\/media\/20694"}],"wp:attachment":[{"href":"https:\/\/voltride.com\/fi\/wp-json\/wp\/v2\/media?parent=20299"}],"wp:term":[{"taxonomy":"product_brand","embeddable":true,"href":"https:\/\/voltride.com\/fi\/wp-json\/wp\/v2\/product_brand?post=20299"},{"taxonomy":"product_cat","embeddable":true,"href":"https:\/\/voltride.com\/fi\/wp-json\/wp\/v2\/product_cat?post=20299"},{"taxonomy":"product_tag","embeddable":true,"href":"https:\/\/voltride.com\/fi\/wp-json\/wp\/v2\/product_tag?post=20299"}],"curies":[{"name":"wp","href":"https:\/\/api.w.org\/{rel}","templated":true}]}}