{"id":20328,"date":"2026-03-26T02:13:26","date_gmt":"2026-03-26T00:13:26","guid":{"rendered":"https:\/\/voltride.com\/lammitetty-liivi-kemimoto\/"},"modified":"2026-03-31T23:24:16","modified_gmt":"2026-03-31T21:24:16","slug":"lammitetty-liivi-kemimoto","status":"publish","type":"product","link":"https:\/\/voltride.com\/fi\/lammitetty-liivi-kemimoto\/","title":{"rendered":"L\u00e4mmitetty liivi Kemimoto"},"content":{"rendered":"<h2 data-end=\"2904\" data-start=\"2857\" style=\"caret-color: rgb(0, 0, 0); color: rgb(0, 0, 0);\"><strong data-end=\"2902\" data-start=\"2871\">Kemimoto-l\u00e4mmitett\u00e4v\u00e4 liivi<\/strong><\/h2>\n<p data-end=\"3046\" data-start=\"2906\" style=\"caret-color: rgb(0, 0, 0); color: rgb(0, 0, 0);\">Pysy l\u00e4mpim\u00e4n\u00e4 Kemimoto-l\u00e4mmitett\u00e4v\u00e4n liivin avulla! T\u00e4ydellinen valinta s\u00e4hk\u00f6potkulaudan ja yksipy\u00f6r\u00e4isen kuljettajille kylmiss\u00e4 oloissa.<\/p>\n<h4 data-end=\"3072\" data-start=\"3048\" style=\"caret-color: rgb(0, 0, 0); color: rgb(0, 0, 0);\"><strong data-end=\"3070\" data-start=\"3048\">T\u00e4rkeimm\u00e4t tiedot:<\/strong><\/h4>\n<ul data-end=\"3488\" data-start=\"3073\" style=\"caret-color: rgb(0, 0, 0); color: rgb(0, 0, 0);\">\n<li data-end=\"3100\" data-start=\"3073\">\n<h4 data-end=\"3100\" data-start=\"3075\">5V\/2A USB-latauskaapeli<\/h4>\n<\/li>\n<li data-end=\"3131\" data-start=\"3101\">\n<p data-end=\"3131\" data-start=\"3103\">3 l\u00e4mmitystasoa (40\u201365 \u00b0C)<\/p>\n<\/li>\n<li data-end=\"3154\" data-start=\"3132\">\n<p data-end=\"3154\" data-start=\"3134\">2 ohjauspainiketta<\/p>\n<\/li>\n<li data-end=\"3181\" data-start=\"3155\">\n<p data-end=\"3181\" data-start=\"3157\">Pehme\u00e4 ja l\u00e4mmin vuori<\/p>\n<\/li>\n<li data-end=\"3253\" data-start=\"3182\">\n<p data-end=\"3253\" data-start=\"3184\">Kolmikerroksinen rakenne: l\u00e4mmin, l\u00e4mmitt\u00e4v\u00e4 ja tuulenpit\u00e4v\u00e4 kerros<\/p>\n<\/li>\n<li data-end=\"3319\" data-start=\"3254\">\n<p data-end=\"3319\" data-start=\"3256\">Konepest\u00e4v\u00e4 (akun poistamisen ja taskujen sulkemisen j\u00e4lkeen)<\/p>\n<\/li>\n<li data-end=\"3374\" data-start=\"3320\">\n<p data-end=\"3374\" data-start=\"3322\">Akku ei sis\u00e4lly, yhteensopiva virtapankkien kanssa<\/p>\n<\/li>\n<li data-end=\"3413\" data-start=\"3375\">\n<p data-end=\"3413\" data-start=\"3377\">Koko M (rinta 50 cm, pituus 64 cm)<\/p>\n<\/li>\n<li data-end=\"3453\" data-start=\"3414\">\n<p data-end=\"3453\" data-start=\"3416\">Koko XL (rinta 56 cm, pituus 70 cm)<\/p>\n<\/li>\n<li data-end=\"3488\" data-start=\"3454\">\n<p data-end=\"3488\" data-start=\"3456\">8 l\u00e4mmitysaluetta koko keholle<\/p>\n<\/li>\n<\/ul>\n<p data-end=\"3654\" data-start=\"3490\" style=\"caret-color: rgb(0, 0, 0); color: rgb(0, 0, 0);\"><strong data-end=\"3511\" data-start=\"3490\">8 l\u00e4mmitysaluetta<\/strong><br data-end=\"3514\" data-start=\"3511\" \/> L\u00e4mmityselementit sijaitsevat vatsassa, rinnassa, vy\u00f6t\u00e4r\u00f6ll\u00e4 ja sel\u00e4ss\u00e4 \u2014 pit\u00e4v\u00e4t kehon optimaalisessa l\u00e4mp\u00f6tilassa kaikissa olosuhteissa.<\/p>\n<p data-end=\"3777\" data-start=\"3656\" style=\"caret-color: rgb(0, 0, 0); color: rgb(0, 0, 0);\"><strong data-end=\"3679\" data-start=\"3656\">Pehme\u00e4 samettivuori<\/strong><br data-end=\"3682\" data-start=\"3679\" \/> Samettinen vuori ja hiilikuitul\u00e4mmityspaneelit tarjoavat jopa 12 tuntia l\u00e4mp\u00f6\u00e4 ja mukavuutta.<\/p>\n<p data-end=\"3898\" data-start=\"3779\" style=\"caret-color: rgb(0, 0, 0); color: rgb(0, 0, 0);\"><strong data-end=\"3816\" data-start=\"3779\">Yksi liivi monen kerroksen sijaan<\/strong><br data-end=\"3819\" data-start=\"3816\" \/> Et tarvitse en\u00e4\u00e4 useita villapaitoja \u2013 yksi liivi riitt\u00e4\u00e4 pit\u00e4m\u00e4\u00e4n l\u00e4mpim\u00e4n\u00e4.<\/p>\n<p data-end=\"4061\" data-start=\"3900\" style=\"caret-color: rgb(0, 0, 0); color: rgb(0, 0, 0);\"><strong data-end=\"3922\" data-start=\"3900\">Mukava ja tyylik\u00e4s<\/strong><br data-end=\"3925\" data-start=\"3922\" \/> Tyylik\u00e4s leikkaus tekee liivist\u00e4 sek\u00e4 k\u00e4yt\u00e4nn\u00f6llisen ett\u00e4 muodikkaan. Sopii takin alle talvella tai neuleen alle syksyll\u00e4 ja kev\u00e4\u00e4ll\u00e4.<\/p>\n<p data-end=\"4238\" data-start=\"4063\" style=\"caret-color: rgb(0, 0, 0); color: rgb(0, 0, 0);\"><strong data-end=\"4089\" data-start=\"4063\">\u00c4lykk\u00e4\u00e4t l\u00e4mmitystilat<\/strong><br data-end=\"4092\" data-start=\"4089\" \/> 2 ohjauspainikkeella voit valita 3 l\u00e4mmitystasoa ja s\u00e4\u00e4t\u00e4\u00e4, mitk\u00e4 alueet l\u00e4mmitet\u00e4\u00e4n. Ilman virtapankkia liivi\u00e4 voi k\u00e4ytt\u00e4\u00e4 tavallisena liivin\u00e4.<\/p>\n","protected":false},"excerpt":{"rendered":"<p>Kemimoto-l\u00e4mmitett\u00e4v\u00e4 liivi Pysy l\u00e4mpim\u00e4n\u00e4 Kemimoto-l\u00e4mmitett\u00e4v\u00e4n liivin avulla! T\u00e4ydellinen valinta s\u00e4hk\u00f6potkulaudan ja yksipy\u00f6r\u00e4isen kuljettajille kylmiss\u00e4 oloissa. T\u00e4rkeimm\u00e4t tiedot: 5V\/2A USB-latauskaapeli 3<\/p>\n","protected":false},"featured_media":20721,"comment_status":"open","ping_status":"closed","template":"","meta":[],"product_brand":[],"product_cat":[755],"product_tag":[],"class_list":{"0":"post-20328","1":"product","2":"type-product","3":"status-publish","4":"has-post-thumbnail","6":"product_cat-suojavarusteet","8":"first","9":"outofstock","10":"taxable","11":"shipping-taxable","12":"product-type-variable"},"yoast_head":"<!-- This site is optimized with the Yoast SEO Premium plugin v27.3 (Yoast SEO v27.4) - https:\/\/yoast.com\/product\/yoast-seo-premium-wordpress\/ -->\n<title>L\u00e4mmitetty liivi Kemimoto | Voltride<\/title>\n<meta name=\"robots\" content=\"index, follow, max-snippet:-1, max-image-preview:large, max-video-preview:-1\" \/>\n<link rel=\"canonical\" href=\"https:\/\/voltride.com\/fi\/lammitetty-liivi-kemimoto\/\" \/>\n<meta property=\"og:locale\" content=\"fi_FI\" \/>\n<meta property=\"og:type\" content=\"article\" \/>\n<meta property=\"og:title\" content=\"L\u00e4mmitetty liivi Kemimoto | Voltride\" \/>\n<meta property=\"og:description\" content=\"Kemimoto-l\u00e4mmitett\u00e4v\u00e4 liivi Pysy l\u00e4mpim\u00e4n\u00e4 Kemimoto-l\u00e4mmitett\u00e4v\u00e4n liivin avulla! T\u00e4ydellinen valinta s\u00e4hk\u00f6potkulaudan ja yksipy\u00f6r\u00e4isen kuljettajille kylmiss\u00e4 oloissa. T\u00e4rkeimm\u00e4t tiedot: 5V\/2A USB-latauskaapeli 3\" \/>\n<meta property=\"og:url\" content=\"https:\/\/voltride.com\/fi\/lammitetty-liivi-kemimoto\/\" \/>\n<meta property=\"og:site_name\" content=\"Voltride\" \/>\n<meta property=\"article:publisher\" content=\"https:\/\/www.facebook.com\/voltridecom\/\" \/>\n<meta property=\"article:modified_time\" content=\"2026-03-31T21:24:16+00:00\" \/>\n<meta property=\"og:image\" content=\"https:\/\/voltride.com\/wp-content\/uploads\/2026\/03\/5479-68ad7dd33691e024680383-screenshot-2025-08-26-at-122617-1-1020x1024.png\" \/>\n\t<meta property=\"og:image:width\" content=\"1020\" \/>\n\t<meta property=\"og:image:height\" content=\"1024\" \/>\n\t<meta property=\"og:image:type\" content=\"image\/png\" \/>\n<meta name=\"twitter:card\" content=\"summary_large_image\" \/>\n<script type=\"application\/ld+json\" class=\"yoast-schema-graph\">{\"@context\":\"https:\\\/\\\/schema.org\",\"@graph\":[{\"@type\":\"WebPage\",\"@id\":\"https:\\\/\\\/voltride.com\\\/fi\\\/lammitetty-liivi-kemimoto\\\/\",\"url\":\"https:\\\/\\\/voltride.com\\\/fi\\\/lammitetty-liivi-kemimoto\\\/\",\"name\":\"L\u00e4mmitetty liivi Kemimoto | Voltride\",\"isPartOf\":{\"@id\":\"https:\\\/\\\/voltride.com\\\/fi\\\/#website\"},\"primaryImageOfPage\":{\"@id\":\"https:\\\/\\\/voltride.com\\\/fi\\\/lammitetty-liivi-kemimoto\\\/#primaryimage\"},\"image\":{\"@id\":\"https:\\\/\\\/voltride.com\\\/fi\\\/lammitetty-liivi-kemimoto\\\/#primaryimage\"},\"thumbnailUrl\":\"https:\\\/\\\/voltride.com\\\/wp-content\\\/uploads\\\/2026\\\/03\\\/5479-68ad7dd33691e024680383-screenshot-2025-08-26-at-122617-1.png\",\"datePublished\":\"2026-03-26T00:13:26+00:00\",\"dateModified\":\"2026-03-31T21:24:16+00:00\",\"breadcrumb\":{\"@id\":\"https:\\\/\\\/voltride.com\\\/fi\\\/lammitetty-liivi-kemimoto\\\/#breadcrumb\"},\"inLanguage\":\"fi\",\"potentialAction\":[{\"@type\":\"ReadAction\",\"target\":[\"https:\\\/\\\/voltride.com\\\/fi\\\/lammitetty-liivi-kemimoto\\\/\"]}]},{\"@type\":\"ImageObject\",\"inLanguage\":\"fi\",\"@id\":\"https:\\\/\\\/voltride.com\\\/fi\\\/lammitetty-liivi-kemimoto\\\/#primaryimage\",\"url\":\"https:\\\/\\\/voltride.com\\\/wp-content\\\/uploads\\\/2026\\\/03\\\/5479-68ad7dd33691e024680383-screenshot-2025-08-26-at-122617-1.png\",\"contentUrl\":\"https:\\\/\\\/voltride.com\\\/wp-content\\\/uploads\\\/2026\\\/03\\\/5479-68ad7dd33691e024680383-screenshot-2025-08-26-at-122617-1.png\",\"width\":1410,\"height\":1416},{\"@type\":\"BreadcrumbList\",\"@id\":\"https:\\\/\\\/voltride.com\\\/fi\\\/lammitetty-liivi-kemimoto\\\/#breadcrumb\",\"itemListElement\":[{\"@type\":\"ListItem\",\"position\":1,\"name\":\"Etusivu\",\"item\":\"https:\\\/\\\/voltride.com\\\/fi\\\/\"},{\"@type\":\"ListItem\",\"position\":2,\"name\":\"Kauppa\",\"item\":\"https:\\\/\\\/voltride.com\\\/shop\\\/\"},{\"@type\":\"ListItem\",\"position\":3,\"name\":\"Lis\u00e4tarvikkeet\",\"item\":\"https:\\\/\\\/voltride.com\\\/fi\\\/lisatarvikkeet\\\/\"},{\"@type\":\"ListItem\",\"position\":4,\"name\":\"Ihmisten suojavarusteet\",\"item\":\"https:\\\/\\\/voltride.com\\\/fi\\\/suojavarusteet\\\/\"},{\"@type\":\"ListItem\",\"position\":5,\"name\":\"L\u00e4mmitetty liivi Kemimoto\"}]},{\"@type\":\"WebSite\",\"@id\":\"https:\\\/\\\/voltride.com\\\/fi\\\/#website\",\"url\":\"https:\\\/\\\/voltride.com\\\/fi\\\/\",\"name\":\"Voltride\",\"description\":\"Parim elektrirataste elektrit\u00f5ukside ja \u00fcksrataste pood ja remont\",\"publisher\":{\"@id\":\"https:\\\/\\\/voltride.com\\\/fi\\\/#organization\"},\"alternateName\":\"Vr\",\"potentialAction\":[{\"@type\":\"SearchAction\",\"target\":{\"@type\":\"EntryPoint\",\"urlTemplate\":\"https:\\\/\\\/voltride.com\\\/fi\\\/?s={search_term_string}\"},\"query-input\":{\"@type\":\"PropertyValueSpecification\",\"valueRequired\":true,\"valueName\":\"search_term_string\"}}],\"inLanguage\":\"fi\"},{\"@type\":[\"Organization\",\"Place\"],\"@id\":\"https:\\\/\\\/voltride.com\\\/fi\\\/#organization\",\"name\":\"Voltride\",\"alternateName\":\"VR\",\"url\":\"https:\\\/\\\/voltride.com\\\/fi\\\/\",\"logo\":{\"@id\":\"https:\\\/\\\/voltride.com\\\/fi\\\/lammitetty-liivi-kemimoto\\\/#local-main-organization-logo\"},\"image\":{\"@id\":\"https:\\\/\\\/voltride.com\\\/fi\\\/lammitetty-liivi-kemimoto\\\/#local-main-organization-logo\"},\"sameAs\":[\"https:\\\/\\\/www.facebook.com\\\/voltridecom\\\/\"],\"legalName\":\"Voltride O\u00dc\",\"numberOfEmployees\":{\"@type\":\"QuantitativeValue\",\"minValue\":\"1\",\"maxValue\":\"10\"},\"ownershipFundingInfo\":\"https:\\\/\\\/voltride.com\\\/about-us\\\/\",\"hasMerchantReturnPolicy\":{\"@type\":\"MerchantReturnPolicy\",\"merchantReturnLink\":\"https:\\\/\\\/voltride.com\\\/shipping-and-returns\\\/\"},\"address\":{\"@id\":\"https:\\\/\\\/voltride.com\\\/fi\\\/lammitetty-liivi-kemimoto\\\/#local-main-place-address\"},\"geo\":{\"@type\":\"GeoCoordinates\",\"latitude\":\"59.439554\",\"longitude\":\"24.726644\"},\"telephone\":[\"+372 600 40 99\"],\"contactPoint\":{\"@type\":\"ContactPoint\",\"telephone\":\"+372 600 40 99\",\"email\":\"info@voltride.com\"},\"openingHoursSpecification\":[{\"@type\":\"OpeningHoursSpecification\",\"dayOfWeek\":[\"Monday\",\"Tuesday\",\"Wednesday\",\"Thursday\",\"Friday\"],\"opens\":\"10:00\",\"closes\":\"18:00\"},{\"@type\":\"OpeningHoursSpecification\",\"dayOfWeek\":[\"Saturday\",\"Sunday\"],\"opens\":\"00:00\",\"closes\":\"00:00\"}],\"email\":\"info@voltride.com\",\"taxID\":\"14871968\"},{\"@type\":\"PostalAddress\",\"@id\":\"https:\\\/\\\/voltride.com\\\/fi\\\/lammitetty-liivi-kemimoto\\\/#local-main-place-address\",\"streetAddress\":\"Voltride Telliskivi 57D\",\"addressLocality\":\"Tallinn\",\"postalCode\":\"10412\",\"addressRegion\":\"Tallinn\",\"addressCountry\":\"EE\"},{\"@type\":\"ImageObject\",\"inLanguage\":\"fi\",\"@id\":\"https:\\\/\\\/voltride.com\\\/fi\\\/lammitetty-liivi-kemimoto\\\/#local-main-organization-logo\",\"url\":\"https:\\\/\\\/voltride.com\\\/wp-content\\\/uploads\\\/voltride-logo.png\",\"contentUrl\":\"https:\\\/\\\/voltride.com\\\/wp-content\\\/uploads\\\/voltride-logo.png\",\"width\":2481,\"height\":620,\"caption\":\"Voltride\"}]}<\/script>\n<meta property=\"og:availability\" content=\"out of stock\" \/>\n<meta property=\"product:availability\" content=\"out of stock\" \/>\n<meta property=\"product:retailer_item_id\" content=\"KMSG002\" \/>\n<meta property=\"product:condition\" content=\"new\" \/>\n<meta name=\"geo.placename\" content=\"Tallinn\" \/>\n<meta name=\"geo.position\" content=\"59.439554;24.726644\" \/>\n<meta name=\"geo.region\" content=\"Viro\" \/>\n<!-- \/ Yoast SEO Premium plugin. -->","yoast_head_json":{"title":"L\u00e4mmitetty liivi Kemimoto | Voltride","robots":{"index":"index","follow":"follow","max-snippet":"max-snippet:-1","max-image-preview":"max-image-preview:large","max-video-preview":"max-video-preview:-1"},"canonical":"https:\/\/voltride.com\/fi\/lammitetty-liivi-kemimoto\/","og_locale":"fi_FI","og_type":"article","og_title":"L\u00e4mmitetty liivi Kemimoto | Voltride","og_description":"Kemimoto-l\u00e4mmitett\u00e4v\u00e4 liivi Pysy l\u00e4mpim\u00e4n\u00e4 Kemimoto-l\u00e4mmitett\u00e4v\u00e4n liivin avulla! T\u00e4ydellinen valinta s\u00e4hk\u00f6potkulaudan ja yksipy\u00f6r\u00e4isen kuljettajille kylmiss\u00e4 oloissa. T\u00e4rkeimm\u00e4t tiedot: 5V\/2A USB-latauskaapeli 3","og_url":"https:\/\/voltride.com\/fi\/lammitetty-liivi-kemimoto\/","og_site_name":"Voltride","article_publisher":"https:\/\/www.facebook.com\/voltridecom\/","article_modified_time":"2026-03-31T21:24:16+00:00","og_image":[{"width":1020,"height":1024,"url":"https:\/\/voltride.com\/wp-content\/uploads\/2026\/03\/5479-68ad7dd33691e024680383-screenshot-2025-08-26-at-122617-1-1020x1024.png","type":"image\/png"}],"twitter_card":"summary_large_image","schema":{"@context":"https:\/\/schema.org","@graph":[{"@type":"WebPage","@id":"https:\/\/voltride.com\/fi\/lammitetty-liivi-kemimoto\/","url":"https:\/\/voltride.com\/fi\/lammitetty-liivi-kemimoto\/","name":"L\u00e4mmitetty liivi Kemimoto | Voltride","isPartOf":{"@id":"https:\/\/voltride.com\/fi\/#website"},"primaryImageOfPage":{"@id":"https:\/\/voltride.com\/fi\/lammitetty-liivi-kemimoto\/#primaryimage"},"image":{"@id":"https:\/\/voltride.com\/fi\/lammitetty-liivi-kemimoto\/#primaryimage"},"thumbnailUrl":"https:\/\/voltride.com\/wp-content\/uploads\/2026\/03\/5479-68ad7dd33691e024680383-screenshot-2025-08-26-at-122617-1.png","datePublished":"2026-03-26T00:13:26+00:00","dateModified":"2026-03-31T21:24:16+00:00","breadcrumb":{"@id":"https:\/\/voltride.com\/fi\/lammitetty-liivi-kemimoto\/#breadcrumb"},"inLanguage":"fi","potentialAction":[{"@type":"ReadAction","target":["https:\/\/voltride.com\/fi\/lammitetty-liivi-kemimoto\/"]}]},{"@type":"ImageObject","inLanguage":"fi","@id":"https:\/\/voltride.com\/fi\/lammitetty-liivi-kemimoto\/#primaryimage","url":"https:\/\/voltride.com\/wp-content\/uploads\/2026\/03\/5479-68ad7dd33691e024680383-screenshot-2025-08-26-at-122617-1.png","contentUrl":"https:\/\/voltride.com\/wp-content\/uploads\/2026\/03\/5479-68ad7dd33691e024680383-screenshot-2025-08-26-at-122617-1.png","width":1410,"height":1416},{"@type":"BreadcrumbList","@id":"https:\/\/voltride.com\/fi\/lammitetty-liivi-kemimoto\/#breadcrumb","itemListElement":[{"@type":"ListItem","position":1,"name":"Etusivu","item":"https:\/\/voltride.com\/fi\/"},{"@type":"ListItem","position":2,"name":"Kauppa","item":"https:\/\/voltride.com\/shop\/"},{"@type":"ListItem","position":3,"name":"Lis\u00e4tarvikkeet","item":"https:\/\/voltride.com\/fi\/lisatarvikkeet\/"},{"@type":"ListItem","position":4,"name":"Ihmisten suojavarusteet","item":"https:\/\/voltride.com\/fi\/suojavarusteet\/"},{"@type":"ListItem","position":5,"name":"L\u00e4mmitetty liivi Kemimoto"}]},{"@type":"WebSite","@id":"https:\/\/voltride.com\/fi\/#website","url":"https:\/\/voltride.com\/fi\/","name":"Voltride","description":"Parim elektrirataste elektrit\u00f5ukside ja \u00fcksrataste pood ja remont","publisher":{"@id":"https:\/\/voltride.com\/fi\/#organization"},"alternateName":"Vr","potentialAction":[{"@type":"SearchAction","target":{"@type":"EntryPoint","urlTemplate":"https:\/\/voltride.com\/fi\/?s={search_term_string}"},"query-input":{"@type":"PropertyValueSpecification","valueRequired":true,"valueName":"search_term_string"}}],"inLanguage":"fi"},{"@type":["Organization","Place"],"@id":"https:\/\/voltride.com\/fi\/#organization","name":"Voltride","alternateName":"VR","url":"https:\/\/voltride.com\/fi\/","logo":{"@id":"https:\/\/voltride.com\/fi\/lammitetty-liivi-kemimoto\/#local-main-organization-logo"},"image":{"@id":"https:\/\/voltride.com\/fi\/lammitetty-liivi-kemimoto\/#local-main-organization-logo"},"sameAs":["https:\/\/www.facebook.com\/voltridecom\/"],"legalName":"Voltride O\u00dc","numberOfEmployees":{"@type":"QuantitativeValue","minValue":"1","maxValue":"10"},"ownershipFundingInfo":"https:\/\/voltride.com\/about-us\/","hasMerchantReturnPolicy":{"@type":"MerchantReturnPolicy","merchantReturnLink":"https:\/\/voltride.com\/shipping-and-returns\/"},"address":{"@id":"https:\/\/voltride.com\/fi\/lammitetty-liivi-kemimoto\/#local-main-place-address"},"geo":{"@type":"GeoCoordinates","latitude":"59.439554","longitude":"24.726644"},"telephone":["+372 600 40 99"],"contactPoint":{"@type":"ContactPoint","telephone":"+372 600 40 99","email":"info@voltride.com"},"openingHoursSpecification":[{"@type":"OpeningHoursSpecification","dayOfWeek":["Monday","Tuesday","Wednesday","Thursday","Friday"],"opens":"10:00","closes":"18:00"},{"@type":"OpeningHoursSpecification","dayOfWeek":["Saturday","Sunday"],"opens":"00:00","closes":"00:00"}],"email":"info@voltride.com","taxID":"14871968"},{"@type":"PostalAddress","@id":"https:\/\/voltride.com\/fi\/lammitetty-liivi-kemimoto\/#local-main-place-address","streetAddress":"Voltride Telliskivi 57D","addressLocality":"Tallinn","postalCode":"10412","addressRegion":"Tallinn","addressCountry":"EE"},{"@type":"ImageObject","inLanguage":"fi","@id":"https:\/\/voltride.com\/fi\/lammitetty-liivi-kemimoto\/#local-main-organization-logo","url":"https:\/\/voltride.com\/wp-content\/uploads\/voltride-logo.png","contentUrl":"https:\/\/voltride.com\/wp-content\/uploads\/voltride-logo.png","width":2481,"height":620,"caption":"Voltride"}]},"og_availability":"out of stock","product_availability":"out of stock","product_retailer_item_id":"KMSG002","product_condition":"new","geo.placename":"Tallinn","geo.position":{"lat":"59.439554","long":"24.726644"},"geo.region":"Viro"},"_links":{"self":[{"href":"https:\/\/voltride.com\/fi\/wp-json\/wp\/v2\/product\/20328","targetHints":{"allow":["GET"]}}],"collection":[{"href":"https:\/\/voltride.com\/fi\/wp-json\/wp\/v2\/product"}],"about":[{"href":"https:\/\/voltride.com\/fi\/wp-json\/wp\/v2\/types\/product"}],"replies":[{"embeddable":true,"href":"https:\/\/voltride.com\/fi\/wp-json\/wp\/v2\/comments?post=20328"}],"wp:featuredmedia":[{"embeddable":true,"href":"https:\/\/voltride.com\/fi\/wp-json\/wp\/v2\/media\/20721"}],"wp:attachment":[{"href":"https:\/\/voltride.com\/fi\/wp-json\/wp\/v2\/media?parent=20328"}],"wp:term":[{"taxonomy":"product_brand","embeddable":true,"href":"https:\/\/voltride.com\/fi\/wp-json\/wp\/v2\/product_brand?post=20328"},{"taxonomy":"product_cat","embeddable":true,"href":"https:\/\/voltride.com\/fi\/wp-json\/wp\/v2\/product_cat?post=20328"},{"taxonomy":"product_tag","embeddable":true,"href":"https:\/\/voltride.com\/fi\/wp-json\/wp\/v2\/product_tag?post=20328"}],"curies":[{"name":"wp","href":"https:\/\/api.w.org\/{rel}","templated":true}]}}