{"id":20337,"date":"2026-03-26T02:14:40","date_gmt":"2026-03-26T00:14:40","guid":{"rendered":"https:\/\/voltride.com\/tsg-loam-aurinkolasit\/"},"modified":"2026-03-31T23:24:18","modified_gmt":"2026-03-31T21:24:18","slug":"tsg-loam-aurinkolasit","status":"publish","type":"product","link":"https:\/\/voltride.com\/fi\/tsg-loam-aurinkolasit\/","title":{"rendered":"TSG Loam Aurinkolasit"},"content":{"rendered":"<h2 data-end=\"1573\" data-start=\"1531\" style=\"caret-color: rgb(0, 0, 0); color: rgb(0, 0, 0);\"><strong data-end=\"1571\" data-start=\"1546\">TSG Loam aurinkolasit<\/strong><\/h2>\n<p data-end=\"1865\" data-start=\"1575\" style=\"caret-color: rgb(0, 0, 0); color: rgb(0, 0, 0);\">TSG Loam -aurinkolasit ovat suorituskykyiset sporttilasit, jotka on suunniteltu erityisesti maastopy\u00f6r\u00e4ilyyn, mutta ne sopivat hyvin my\u00f6s muihin urheilulajeihin ja ulkoiluun. Ne ovat kevyet ja kest\u00e4v\u00e4t, yhdist\u00e4en suojan, mukavuuden ja tyylin kirkkaaseen n\u00e4kyvyyteen kaikissa olosuhteissa.<\/p>\n<p data-end=\"2247\" data-start=\"1867\" style=\"caret-color: rgb(0, 0, 0); color: rgb(0, 0, 0);\">Linssit on valmistettu iskunkest\u00e4v\u00e4st\u00e4 polykarbonaatista, ja ne tarjoavat 100 % UV400-suojan. Lis\u00e4ksi niiss\u00e4 on naarmuuntumista est\u00e4v\u00e4, huurtumisen est\u00e4v\u00e4 ja hydrofobinen pinnoite, joka hylkii vett\u00e4, likaa ja \u00f6ljy\u00e4. Sulkakevyt TR90-runko istuu tukevasti, ja s\u00e4\u00e4dett\u00e4v\u00e4t Ultra-Grip -kuminokkapalat sek\u00e4 sangat takaavat henkil\u00f6kohtaisen mukavuuden ja vakauden kovassakin k\u00e4yt\u00f6ss\u00e4.<\/p>\n<p data-end=\"2433\" data-start=\"2249\" style=\"caret-color: rgb(0, 0, 0); color: rgb(0, 0, 0);\">Mukana toimitetaan kirkas vaihtolinssi h\u00e4m\u00e4r\u00e4\u00e4n, suojaava kotelo ja mikrokuitupussi puhdistukseen. Paino on vain 31 g, joten Loam tarjoaa huippusuorituksen ilman ylim\u00e4\u00e4r\u00e4ist\u00e4 painoa.<\/p>\n<h4 data-end=\"2465\" data-start=\"2435\" style=\"caret-color: rgb(0, 0, 0); color: rgb(0, 0, 0);\"><strong data-end=\"2463\" data-start=\"2435\">T\u00e4rkeimm\u00e4t ominaisuudet:<\/strong><\/h4>\n<ul data-end=\"2747\" data-start=\"2466\" style=\"caret-color: rgb(0, 0, 0); color: rgb(0, 0, 0);\">\n<li data-end=\"2531\" data-start=\"2466\">\n<h4 data-end=\"2531\" data-start=\"2468\">Urheiluaurinkolasit py\u00f6r\u00e4ilyyn, skeittaukseen ja vapaa-aikaan<\/h4>\n<\/li>\n<li data-end=\"2553\" data-start=\"2532\">\n<p data-end=\"2553\" data-start=\"2534\">100 % UV400-suoja<\/p>\n<\/li>\n<li data-end=\"2646\" data-start=\"2554\">\n<p data-end=\"2646\" data-start=\"2556\">Iskunkest\u00e4v\u00e4t polykarbonaattilinssit naarmu-, huurtumis- ja hydrofobisella pinnoitteella<\/p>\n<\/li>\n<li data-end=\"2679\" data-start=\"2647\">\n<p data-end=\"2679\" data-start=\"2649\">Kevyt TR90-runko (noin 31 g)<\/p>\n<\/li>\n<li data-end=\"2747\" data-start=\"2680\">\n<p data-end=\"2747\" data-start=\"2682\">Mukana: kirkas vaihtolinssi, suojaava kotelo ja mikrokuitupussi<\/p>\n<\/li>\n<\/ul>\n<p data-end=\"2934\" data-start=\"2749\" style=\"caret-color: rgb(0, 0, 0); color: rgb(0, 0, 0);\">TSG Loam -aurinkolasit tarjoavat maksimaalisen suojan, s\u00e4\u00e4dett\u00e4vyyden ja selkeyden \u2013 t\u00e4ydellinen valinta kuskeille, jotka vaativat suorituskyky\u00e4 niin polulla kuin sen ulkopuolellakin.<\/p>\n","protected":false},"excerpt":{"rendered":"<p>TSG Loam aurinkolasit TSG Loam -aurinkolasit ovat suorituskykyiset sporttilasit, jotka on suunniteltu erityisesti maastopy\u00f6r\u00e4ilyyn, mutta ne sopivat hyvin my\u00f6s muihin<\/p>\n","protected":false},"featured_media":23490,"comment_status":"open","ping_status":"closed","template":"","meta":[],"product_brand":[],"product_cat":[717],"product_tag":[],"class_list":{"0":"post-20337","1":"product","2":"type-product","3":"status-publish","4":"has-post-thumbnail","6":"product_cat-ajolasit","8":"first","9":"instock","10":"taxable","11":"shipping-taxable","12":"purchasable","13":"product-type-simple"},"yoast_head":"<!-- This site is optimized with the Yoast SEO Premium plugin v27.3 (Yoast SEO v27.4) - https:\/\/yoast.com\/product\/yoast-seo-premium-wordpress\/ -->\n<title>TSG Loam Aurinkolasit | Voltride<\/title>\n<meta name=\"robots\" content=\"index, follow, max-snippet:-1, max-image-preview:large, max-video-preview:-1\" \/>\n<link rel=\"canonical\" href=\"https:\/\/voltride.com\/fi\/tsg-loam-aurinkolasit\/\" \/>\n<meta property=\"og:locale\" content=\"fi_FI\" \/>\n<meta property=\"og:type\" content=\"article\" \/>\n<meta property=\"og:title\" content=\"TSG Loam Aurinkolasit | Voltride\" \/>\n<meta property=\"og:description\" content=\"TSG Loam aurinkolasit TSG Loam -aurinkolasit ovat suorituskykyiset sporttilasit, jotka on suunniteltu erityisesti maastopy\u00f6r\u00e4ilyyn, mutta ne sopivat hyvin my\u00f6s muihin\" \/>\n<meta property=\"og:url\" content=\"https:\/\/voltride.com\/fi\/tsg-loam-aurinkolasit\/\" \/>\n<meta property=\"og:site_name\" content=\"Voltride\" \/>\n<meta property=\"article:publisher\" content=\"https:\/\/www.facebook.com\/voltridecom\/\" \/>\n<meta property=\"article:modified_time\" content=\"2026-03-31T21:24:18+00:00\" \/>\n<meta property=\"og:image\" content=\"https:\/\/voltride.com\/wp-content\/uploads\/2026\/03\/6972-689b37b5b0e61830109177-tsg-loam-sunglasses-cycling-glasses-1.jpg\" \/>\n\t<meta property=\"og:image:width\" content=\"1000\" \/>\n\t<meta property=\"og:image:height\" content=\"1000\" \/>\n\t<meta property=\"og:image:type\" content=\"image\/jpeg\" \/>\n<meta name=\"twitter:card\" content=\"summary_large_image\" \/>\n<script type=\"application\/ld+json\" class=\"yoast-schema-graph\">{\"@context\":\"https:\\\/\\\/schema.org\",\"@graph\":[{\"@type\":\"WebPage\",\"@id\":\"https:\\\/\\\/voltride.com\\\/fi\\\/tsg-loam-aurinkolasit\\\/\",\"url\":\"https:\\\/\\\/voltride.com\\\/fi\\\/tsg-loam-aurinkolasit\\\/\",\"name\":\"TSG Loam Aurinkolasit | Voltride\",\"isPartOf\":{\"@id\":\"https:\\\/\\\/voltride.com\\\/fi\\\/#website\"},\"primaryImageOfPage\":{\"@id\":\"https:\\\/\\\/voltride.com\\\/fi\\\/tsg-loam-aurinkolasit\\\/#primaryimage\"},\"image\":{\"@id\":\"https:\\\/\\\/voltride.com\\\/fi\\\/tsg-loam-aurinkolasit\\\/#primaryimage\"},\"thumbnailUrl\":\"https:\\\/\\\/voltride.com\\\/wp-content\\\/uploads\\\/2026\\\/03\\\/6972-689b37b5b0e61830109177-tsg-loam-sunglasses-cycling-glasses-1.jpg\",\"datePublished\":\"2026-03-26T00:14:40+00:00\",\"dateModified\":\"2026-03-31T21:24:18+00:00\",\"breadcrumb\":{\"@id\":\"https:\\\/\\\/voltride.com\\\/fi\\\/tsg-loam-aurinkolasit\\\/#breadcrumb\"},\"inLanguage\":\"fi\",\"potentialAction\":[{\"@type\":\"ReadAction\",\"target\":[\"https:\\\/\\\/voltride.com\\\/fi\\\/tsg-loam-aurinkolasit\\\/\"]}]},{\"@type\":\"ImageObject\",\"inLanguage\":\"fi\",\"@id\":\"https:\\\/\\\/voltride.com\\\/fi\\\/tsg-loam-aurinkolasit\\\/#primaryimage\",\"url\":\"https:\\\/\\\/voltride.com\\\/wp-content\\\/uploads\\\/2026\\\/03\\\/6972-689b37b5b0e61830109177-tsg-loam-sunglasses-cycling-glasses-1.jpg\",\"contentUrl\":\"https:\\\/\\\/voltride.com\\\/wp-content\\\/uploads\\\/2026\\\/03\\\/6972-689b37b5b0e61830109177-tsg-loam-sunglasses-cycling-glasses-1.jpg\",\"width\":1000,\"height\":1000},{\"@type\":\"BreadcrumbList\",\"@id\":\"https:\\\/\\\/voltride.com\\\/fi\\\/tsg-loam-aurinkolasit\\\/#breadcrumb\",\"itemListElement\":[{\"@type\":\"ListItem\",\"position\":1,\"name\":\"Etusivu\",\"item\":\"https:\\\/\\\/voltride.com\\\/fi\\\/\"},{\"@type\":\"ListItem\",\"position\":2,\"name\":\"Kauppa\",\"item\":\"https:\\\/\\\/voltride.com\\\/shop\\\/\"},{\"@type\":\"ListItem\",\"position\":3,\"name\":\"Lis\u00e4tarvikkeet\",\"item\":\"https:\\\/\\\/voltride.com\\\/fi\\\/lisatarvikkeet\\\/\"},{\"@type\":\"ListItem\",\"position\":4,\"name\":\"Ajolasit\",\"item\":\"https:\\\/\\\/voltride.com\\\/fi\\\/ajolasit\\\/\"},{\"@type\":\"ListItem\",\"position\":5,\"name\":\"TSG Loam Aurinkolasit\"}]},{\"@type\":\"WebSite\",\"@id\":\"https:\\\/\\\/voltride.com\\\/fi\\\/#website\",\"url\":\"https:\\\/\\\/voltride.com\\\/fi\\\/\",\"name\":\"Voltride\",\"description\":\"Parim elektrirataste elektrit\u00f5ukside ja \u00fcksrataste pood ja remont\",\"publisher\":{\"@id\":\"https:\\\/\\\/voltride.com\\\/fi\\\/#organization\"},\"alternateName\":\"Vr\",\"potentialAction\":[{\"@type\":\"SearchAction\",\"target\":{\"@type\":\"EntryPoint\",\"urlTemplate\":\"https:\\\/\\\/voltride.com\\\/fi\\\/?s={search_term_string}\"},\"query-input\":{\"@type\":\"PropertyValueSpecification\",\"valueRequired\":true,\"valueName\":\"search_term_string\"}}],\"inLanguage\":\"fi\"},{\"@type\":[\"Organization\",\"Place\"],\"@id\":\"https:\\\/\\\/voltride.com\\\/fi\\\/#organization\",\"name\":\"Voltride\",\"alternateName\":\"VR\",\"url\":\"https:\\\/\\\/voltride.com\\\/fi\\\/\",\"logo\":{\"@id\":\"https:\\\/\\\/voltride.com\\\/fi\\\/tsg-loam-aurinkolasit\\\/#local-main-organization-logo\"},\"image\":{\"@id\":\"https:\\\/\\\/voltride.com\\\/fi\\\/tsg-loam-aurinkolasit\\\/#local-main-organization-logo\"},\"sameAs\":[\"https:\\\/\\\/www.facebook.com\\\/voltridecom\\\/\"],\"legalName\":\"Voltride O\u00dc\",\"numberOfEmployees\":{\"@type\":\"QuantitativeValue\",\"minValue\":\"1\",\"maxValue\":\"10\"},\"ownershipFundingInfo\":\"https:\\\/\\\/voltride.com\\\/about-us\\\/\",\"hasMerchantReturnPolicy\":{\"@type\":\"MerchantReturnPolicy\",\"merchantReturnLink\":\"https:\\\/\\\/voltride.com\\\/shipping-and-returns\\\/\"},\"address\":{\"@id\":\"https:\\\/\\\/voltride.com\\\/fi\\\/tsg-loam-aurinkolasit\\\/#local-main-place-address\"},\"geo\":{\"@type\":\"GeoCoordinates\",\"latitude\":\"59.439554\",\"longitude\":\"24.726644\"},\"telephone\":[\"+372 600 40 99\"],\"contactPoint\":{\"@type\":\"ContactPoint\",\"telephone\":\"+372 600 40 99\",\"email\":\"info@voltride.com\"},\"openingHoursSpecification\":[{\"@type\":\"OpeningHoursSpecification\",\"dayOfWeek\":[\"Monday\",\"Tuesday\",\"Wednesday\",\"Thursday\",\"Friday\"],\"opens\":\"10:00\",\"closes\":\"18:00\"},{\"@type\":\"OpeningHoursSpecification\",\"dayOfWeek\":[\"Saturday\",\"Sunday\"],\"opens\":\"00:00\",\"closes\":\"00:00\"}],\"email\":\"info@voltride.com\",\"taxID\":\"14871968\"},{\"@type\":\"PostalAddress\",\"@id\":\"https:\\\/\\\/voltride.com\\\/fi\\\/tsg-loam-aurinkolasit\\\/#local-main-place-address\",\"streetAddress\":\"Voltride Telliskivi 57D\",\"addressLocality\":\"Tallinn\",\"postalCode\":\"10412\",\"addressRegion\":\"Tallinn\",\"addressCountry\":\"EE\"},{\"@type\":\"ImageObject\",\"inLanguage\":\"fi\",\"@id\":\"https:\\\/\\\/voltride.com\\\/fi\\\/tsg-loam-aurinkolasit\\\/#local-main-organization-logo\",\"url\":\"https:\\\/\\\/voltride.com\\\/wp-content\\\/uploads\\\/voltride-logo.png\",\"contentUrl\":\"https:\\\/\\\/voltride.com\\\/wp-content\\\/uploads\\\/voltride-logo.png\",\"width\":2481,\"height\":620,\"caption\":\"Voltride\"}]}<\/script>\n<meta property=\"product:price:amount\" content=\"89.99\" \/>\n<meta property=\"product:price:currency\" content=\"EUR\" \/>\n<meta property=\"og:availability\" content=\"instock\" \/>\n<meta property=\"product:availability\" content=\"instock\" \/>\n<meta property=\"product:retailer_item_id\" content=\"TGGL001\" \/>\n<meta property=\"product:condition\" content=\"new\" \/>\n<meta name=\"geo.placename\" content=\"Tallinn\" \/>\n<meta name=\"geo.position\" content=\"59.439554;24.726644\" \/>\n<meta name=\"geo.region\" content=\"Viro\" \/>\n<!-- \/ Yoast SEO Premium plugin. -->","yoast_head_json":{"title":"TSG Loam Aurinkolasit | Voltride","robots":{"index":"index","follow":"follow","max-snippet":"max-snippet:-1","max-image-preview":"max-image-preview:large","max-video-preview":"max-video-preview:-1"},"canonical":"https:\/\/voltride.com\/fi\/tsg-loam-aurinkolasit\/","og_locale":"fi_FI","og_type":"article","og_title":"TSG Loam Aurinkolasit | Voltride","og_description":"TSG Loam aurinkolasit TSG Loam -aurinkolasit ovat suorituskykyiset sporttilasit, jotka on suunniteltu erityisesti maastopy\u00f6r\u00e4ilyyn, mutta ne sopivat hyvin my\u00f6s muihin","og_url":"https:\/\/voltride.com\/fi\/tsg-loam-aurinkolasit\/","og_site_name":"Voltride","article_publisher":"https:\/\/www.facebook.com\/voltridecom\/","article_modified_time":"2026-03-31T21:24:18+00:00","og_image":[{"width":1000,"height":1000,"url":"https:\/\/voltride.com\/wp-content\/uploads\/2026\/03\/6972-689b37b5b0e61830109177-tsg-loam-sunglasses-cycling-glasses-1.jpg","type":"image\/jpeg"}],"twitter_card":"summary_large_image","schema":{"@context":"https:\/\/schema.org","@graph":[{"@type":"WebPage","@id":"https:\/\/voltride.com\/fi\/tsg-loam-aurinkolasit\/","url":"https:\/\/voltride.com\/fi\/tsg-loam-aurinkolasit\/","name":"TSG Loam Aurinkolasit | Voltride","isPartOf":{"@id":"https:\/\/voltride.com\/fi\/#website"},"primaryImageOfPage":{"@id":"https:\/\/voltride.com\/fi\/tsg-loam-aurinkolasit\/#primaryimage"},"image":{"@id":"https:\/\/voltride.com\/fi\/tsg-loam-aurinkolasit\/#primaryimage"},"thumbnailUrl":"https:\/\/voltride.com\/wp-content\/uploads\/2026\/03\/6972-689b37b5b0e61830109177-tsg-loam-sunglasses-cycling-glasses-1.jpg","datePublished":"2026-03-26T00:14:40+00:00","dateModified":"2026-03-31T21:24:18+00:00","breadcrumb":{"@id":"https:\/\/voltride.com\/fi\/tsg-loam-aurinkolasit\/#breadcrumb"},"inLanguage":"fi","potentialAction":[{"@type":"ReadAction","target":["https:\/\/voltride.com\/fi\/tsg-loam-aurinkolasit\/"]}]},{"@type":"ImageObject","inLanguage":"fi","@id":"https:\/\/voltride.com\/fi\/tsg-loam-aurinkolasit\/#primaryimage","url":"https:\/\/voltride.com\/wp-content\/uploads\/2026\/03\/6972-689b37b5b0e61830109177-tsg-loam-sunglasses-cycling-glasses-1.jpg","contentUrl":"https:\/\/voltride.com\/wp-content\/uploads\/2026\/03\/6972-689b37b5b0e61830109177-tsg-loam-sunglasses-cycling-glasses-1.jpg","width":1000,"height":1000},{"@type":"BreadcrumbList","@id":"https:\/\/voltride.com\/fi\/tsg-loam-aurinkolasit\/#breadcrumb","itemListElement":[{"@type":"ListItem","position":1,"name":"Etusivu","item":"https:\/\/voltride.com\/fi\/"},{"@type":"ListItem","position":2,"name":"Kauppa","item":"https:\/\/voltride.com\/shop\/"},{"@type":"ListItem","position":3,"name":"Lis\u00e4tarvikkeet","item":"https:\/\/voltride.com\/fi\/lisatarvikkeet\/"},{"@type":"ListItem","position":4,"name":"Ajolasit","item":"https:\/\/voltride.com\/fi\/ajolasit\/"},{"@type":"ListItem","position":5,"name":"TSG Loam Aurinkolasit"}]},{"@type":"WebSite","@id":"https:\/\/voltride.com\/fi\/#website","url":"https:\/\/voltride.com\/fi\/","name":"Voltride","description":"Parim elektrirataste elektrit\u00f5ukside ja \u00fcksrataste pood ja remont","publisher":{"@id":"https:\/\/voltride.com\/fi\/#organization"},"alternateName":"Vr","potentialAction":[{"@type":"SearchAction","target":{"@type":"EntryPoint","urlTemplate":"https:\/\/voltride.com\/fi\/?s={search_term_string}"},"query-input":{"@type":"PropertyValueSpecification","valueRequired":true,"valueName":"search_term_string"}}],"inLanguage":"fi"},{"@type":["Organization","Place"],"@id":"https:\/\/voltride.com\/fi\/#organization","name":"Voltride","alternateName":"VR","url":"https:\/\/voltride.com\/fi\/","logo":{"@id":"https:\/\/voltride.com\/fi\/tsg-loam-aurinkolasit\/#local-main-organization-logo"},"image":{"@id":"https:\/\/voltride.com\/fi\/tsg-loam-aurinkolasit\/#local-main-organization-logo"},"sameAs":["https:\/\/www.facebook.com\/voltridecom\/"],"legalName":"Voltride O\u00dc","numberOfEmployees":{"@type":"QuantitativeValue","minValue":"1","maxValue":"10"},"ownershipFundingInfo":"https:\/\/voltride.com\/about-us\/","hasMerchantReturnPolicy":{"@type":"MerchantReturnPolicy","merchantReturnLink":"https:\/\/voltride.com\/shipping-and-returns\/"},"address":{"@id":"https:\/\/voltride.com\/fi\/tsg-loam-aurinkolasit\/#local-main-place-address"},"geo":{"@type":"GeoCoordinates","latitude":"59.439554","longitude":"24.726644"},"telephone":["+372 600 40 99"],"contactPoint":{"@type":"ContactPoint","telephone":"+372 600 40 99","email":"info@voltride.com"},"openingHoursSpecification":[{"@type":"OpeningHoursSpecification","dayOfWeek":["Monday","Tuesday","Wednesday","Thursday","Friday"],"opens":"10:00","closes":"18:00"},{"@type":"OpeningHoursSpecification","dayOfWeek":["Saturday","Sunday"],"opens":"00:00","closes":"00:00"}],"email":"info@voltride.com","taxID":"14871968"},{"@type":"PostalAddress","@id":"https:\/\/voltride.com\/fi\/tsg-loam-aurinkolasit\/#local-main-place-address","streetAddress":"Voltride Telliskivi 57D","addressLocality":"Tallinn","postalCode":"10412","addressRegion":"Tallinn","addressCountry":"EE"},{"@type":"ImageObject","inLanguage":"fi","@id":"https:\/\/voltride.com\/fi\/tsg-loam-aurinkolasit\/#local-main-organization-logo","url":"https:\/\/voltride.com\/wp-content\/uploads\/voltride-logo.png","contentUrl":"https:\/\/voltride.com\/wp-content\/uploads\/voltride-logo.png","width":2481,"height":620,"caption":"Voltride"}]},"product_price_amount":"89.99","product_price_currency":"EUR","og_availability":"instock","product_availability":"instock","product_retailer_item_id":"TGGL001","product_condition":"new","geo.placename":"Tallinn","geo.position":{"lat":"59.439554","long":"24.726644"},"geo.region":"Viro"},"_links":{"self":[{"href":"https:\/\/voltride.com\/fi\/wp-json\/wp\/v2\/product\/20337","targetHints":{"allow":["GET"]}}],"collection":[{"href":"https:\/\/voltride.com\/fi\/wp-json\/wp\/v2\/product"}],"about":[{"href":"https:\/\/voltride.com\/fi\/wp-json\/wp\/v2\/types\/product"}],"replies":[{"embeddable":true,"href":"https:\/\/voltride.com\/fi\/wp-json\/wp\/v2\/comments?post=20337"}],"wp:featuredmedia":[{"embeddable":true,"href":"https:\/\/voltride.com\/fi\/wp-json\/wp\/v2\/media\/23490"}],"wp:attachment":[{"href":"https:\/\/voltride.com\/fi\/wp-json\/wp\/v2\/media?parent=20337"}],"wp:term":[{"taxonomy":"product_brand","embeddable":true,"href":"https:\/\/voltride.com\/fi\/wp-json\/wp\/v2\/product_brand?post=20337"},{"taxonomy":"product_cat","embeddable":true,"href":"https:\/\/voltride.com\/fi\/wp-json\/wp\/v2\/product_cat?post=20337"},{"taxonomy":"product_tag","embeddable":true,"href":"https:\/\/voltride.com\/fi\/wp-json\/wp\/v2\/product_tag?post=20337"}],"curies":[{"name":"wp","href":"https:\/\/api.w.org\/{rel}","templated":true}]}}